{"id":359810,"date":"2026-03-30T21:50:44","date_gmt":"2026-03-30T18:50:44","guid":{"rendered":"https:\/\/puhdasplus.ee\/?post_type=product&#038;p=359810"},"modified":"2026-04-06T12:32:49","modified_gmt":"2026-04-06T09:32:49","slug":"kollageen-ja-piimhappebakter-120-kapslit","status":"publish","type":"product","link":"https:\/\/puhdasplus.ee\/lt\/tooted\/oda-plaukai-nagai\/kolagenas\/kollageen-ja-piimhappebakter-120-kapslit\/","title":{"rendered":"Kollageen ja piimhappebakter 120 kapslit"},"content":{"rendered":"<h3 data-section-id=\"cfcj15\" data-start=\"70\" data-end=\"107\"><span role=\"text\"><strong data-start=\"74\" data-end=\"107\">S\u00e4rav jume ja hea enesetunne!<\/strong><\/span><\/h3>\n<p data-start=\"109\" data-end=\"190\">Puhdas+ Kollageen &amp; Piimhappebakterid toetab loomulikku ilu ja heaolu seestpoolt.<\/p>\n<p data-start=\"192\" data-end=\"432\">T\u00f5hus kooslus sisaldab uuritud h\u00fcdrol\u00fc\u00fcsitud I t\u00fc\u00fcpi kollageeni ning 2 miljardit piimhappebakterit laialt kasutatud ja uuritud bakterit\u00fcvest. Lisaks sisaldab toode niatsiini ehk B3-vitamiini, mis aitab hoida naha ja limaskestad normaalsena.<\/p>\n<h3 data-section-id=\"o3t0ao\" data-start=\"439\" data-end=\"465\"><span role=\"text\"><strong data-start=\"443\" data-end=\"465\">Sile ja s\u00e4rav nahk<\/strong><\/span><\/h3>\n<p data-start=\"467\" data-end=\"657\">Uuringute kohaselt aitab kollageen v\u00e4hendada peeneid jooni ja kortse, parandab naha elastsust ja tugevust ning muudab naha pringimaks. Kollageeni abil saavutad nooruslikuma ja s\u00e4ravama naha.<\/p>\n<p data-start=\"659\" data-end=\"734\">Niatsiin aitab kaasa naha ja limaskestade normaalse seisundi s\u00e4ilitamisele.<\/p>\n<h2>Kasutamisjuhend<\/h2>\n<p>2 kapslit p\u00e4evas.<br data-start=\"117\" data-end=\"120\" \/>Soovituslikku p\u00e4evast annust ei tohi \u00fcletada.<br data-start=\"165\" data-end=\"168\" \/>Toidulisand ei asenda mitmekesist ja tasakaalustatud toitumist ega tervislikku eluviisi.<br data-start=\"256\" data-end=\"259\" \/>Hoida lastele k\u00e4ttesaamatus kohas.<\/p>\n<h2>Koostisosad<\/h2>\n<p>H\u00fcdrol\u00fc\u00fcsitud Peptan\u00ae veisekollageen, kapsel (stabilisaatorid: h\u00fcdroks\u00fcprop\u00fc\u00fclmet\u00fc\u00fcltselluloos, gellaankummi), t\u00e4iteaine (mikrokristalliline tselluloos), inaktiveeritud piimhappebakteripulber (<em data-start=\"513\" data-end=\"538\">Lactobacillus plantarum<\/em>), nikotiinamiid (vitamiin B3). Toidulisand.<\/p>\n<h2>Toitev\u00e4\u00e4rtus<\/h2>\n<p data-start=\"618\" data-end=\"643\"><strong data-start=\"618\" data-end=\"643\">2 kapslit sisaldavad:<\/strong><\/p>\n<ul data-start=\"644\" data-end=\"770\">\n<li data-section-id=\"ck0add\" data-start=\"644\" data-end=\"669\"><strong data-start=\"646\" data-end=\"660\">Kollageen:<\/strong> 500 mg<\/li>\n<li data-section-id=\"k678a0\" data-start=\"670\" data-end=\"723\"><strong data-start=\"672\" data-end=\"700\">Lactobacillus plantarum:<\/strong> 2 miljardit bakterit<\/li>\n<li data-section-id=\"tdf7zd\" data-start=\"724\" data-end=\"770\"><strong data-start=\"726\" data-end=\"753\">Vitamiin B3 (niatsiin):<\/strong> 4,8 mg (<em data-start=\"762\" data-end=\"767\">30%<\/em>)<\/li>\n<\/ul>\n<p data-start=\"772\" data-end=\"802\">* % p\u00e4evasest v\u00f5rdluskogusest<\/p>\n<h2><strong>Hoiatused<\/strong><\/h2>\n<ul>\n<li>Toidulisand ei asenda mitmekesist ja tasakaalustatud toitumist ega tervislikku eluviisi.<\/li>\n<li>Hoida laste k\u00e4eulatusest eemal.<\/li>\n<li>Soovitatud p\u00e4evast annust ei tohi \u00fcletada.<\/li>\n<\/ul>\n<p><strong>Tootja:<\/strong> New Organics Oy, Soome<br \/>\n<strong>Maaletooja:<\/strong> NordenBio O\u00dc, Narva mnt 7, 10117 Tallinn, Eesti<\/p>\n","protected":false},"excerpt":{"rendered":"<p><b>Puhdas+ Kollageen &amp; Piimhappebakter 120 kapslit<\/b> \u00fchendab h\u00fcdrol\u00fc\u00fcsitud 1. t\u00fc\u00fcpi kollageeni ja 2 miljardit piimhappebakterit. Ilu seestpoolt v\u00e4lja.<\/p>\n","protected":false},"featured_media":359891,"comment_status":"open","ping_status":"closed","template":"","meta":{"_acf_changed":false,"googlesitekit_rrm_CAow3eq7DA:productID":""},"product_brand":[],"product_cat":[447,461,491],"product_tag":[8159,477,8167,847,8166,541],"class_list":{"0":"post-359810","1":"product","2":"type-product","3":"status-publish","4":"has-post-thumbnail","6":"product_cat-kollageen","7":"product_cat-nahk-juuksed-kuuned","8":"product_cat-seedimine-ja-ainevahetus","9":"product_tag-gluteenivaba","10":"product_tag-kollageen","11":"product_tag-looduslik","12":"product_tag-naha-tervis","13":"product_tag-soome-kvaliteet","14":"product_tag-toidulisand","16":"first","17":"onbackorder","18":"taxable","19":"shipping-taxable","20":"purchasable","21":"product-type-simple"},"acf":[],"yoast_head":"<!-- This site is optimized with the Yoast SEO plugin v27.3 - https:\/\/yoast.com\/product\/yoast-seo-wordpress\/ -->\n<title>Kollageen &amp; Piimhappebakter 120 kapslit | Puhdas+<\/title>\n<meta name=\"description\" content=\"Puhdas+ Kollageen &amp; Piimhappebakter \u2013 kollageen naha elastsuse jaoks, probiootikumid seedimise toetuseks ja B3-vitamiin naha heaks. 120 kapslit.\" \/>\n<meta name=\"robots\" content=\"index, follow, max-snippet:-1, max-image-preview:large, max-video-preview:-1\" \/>\n<link rel=\"canonical\" href=\"https:\/\/puhdasplus.ee\/lt\/tooted\/oda-plaukai-nagai\/kolagenas\/kollageen-ja-piimhappebakter-120-kapslit\/\" \/>\n<meta property=\"og:locale\" content=\"lt_LT\" \/>\n<meta property=\"og:type\" content=\"article\" \/>\n<meta property=\"og:title\" content=\"Kollageen &amp; Piimhappebakter 120 kapslit | Puhdas+\" \/>\n<meta property=\"og:description\" content=\"Puhdas+ Kollageen &amp; Piimhappebakter \u2013 kollageen naha elastsuse jaoks, probiootikumid seedimise toetuseks ja B3-vitamiin naha heaks. 120 kapslit.\" \/>\n<meta property=\"og:url\" content=\"https:\/\/puhdasplus.ee\/lt\/tooted\/oda-plaukai-nagai\/kolagenas\/kollageen-ja-piimhappebakter-120-kapslit\/\" \/>\n<meta property=\"og:site_name\" content=\"Puhdas+\" \/>\n<meta property=\"article:publisher\" content=\"https:\/\/www.facebook.com\/puhdasplus\" \/>\n<meta property=\"article:modified_time\" content=\"2026-04-06T09:32:49+00:00\" \/>\n<meta property=\"og:image\" content=\"https:\/\/puhdasplus.ee\/wp-content\/uploads\/2026\/03\/359810_359805.png\" \/>\n\t<meta property=\"og:image:width\" content=\"582\" \/>\n\t<meta property=\"og:image:height\" content=\"800\" \/>\n\t<meta property=\"og:image:type\" content=\"image\/png\" \/>\n<meta name=\"twitter:card\" content=\"summary_large_image\" \/>\n<meta name=\"twitter:label1\" content=\"Est. reading time\" \/>\n\t<meta name=\"twitter:data1\" content=\"2 minut\u0117\" \/>\n<script type=\"application\/ld+json\" class=\"yoast-schema-graph\">{\"@context\":\"https:\\\/\\\/schema.org\",\"@graph\":[{\"@type\":\"WebPage\",\"@id\":\"https:\\\/\\\/puhdasplus.ee\\\/lt\\\/tooted\\\/oda-plaukai-nagai\\\/kolagenas\\\/kollageen-ja-piimhappebakter-120-kapslit\\\/\",\"url\":\"https:\\\/\\\/puhdasplus.ee\\\/lt\\\/tooted\\\/oda-plaukai-nagai\\\/kolagenas\\\/kollageen-ja-piimhappebakter-120-kapslit\\\/\",\"name\":\"Kollageen & Piimhappebakter 120 kapslit | Puhdas+\",\"isPartOf\":{\"@id\":\"https:\\\/\\\/puhdasplus.ee\\\/lt\\\/#website\"},\"primaryImageOfPage\":{\"@id\":\"https:\\\/\\\/puhdasplus.ee\\\/lt\\\/tooted\\\/oda-plaukai-nagai\\\/kolagenas\\\/kollageen-ja-piimhappebakter-120-kapslit\\\/#primaryimage\"},\"image\":{\"@id\":\"https:\\\/\\\/puhdasplus.ee\\\/lt\\\/tooted\\\/oda-plaukai-nagai\\\/kolagenas\\\/kollageen-ja-piimhappebakter-120-kapslit\\\/#primaryimage\"},\"thumbnailUrl\":\"https:\\\/\\\/puhdasplus.ee\\\/wp-content\\\/uploads\\\/2026\\\/03\\\/359810_359805.png\",\"datePublished\":\"2026-03-30T18:50:44+00:00\",\"dateModified\":\"2026-04-06T09:32:49+00:00\",\"description\":\"Puhdas+ Kollageen & Piimhappebakter \u2013 kollageen naha elastsuse jaoks, probiootikumid seedimise toetuseks ja B3-vitamiin naha heaks. 120 kapslit.\",\"breadcrumb\":{\"@id\":\"https:\\\/\\\/puhdasplus.ee\\\/lt\\\/tooted\\\/oda-plaukai-nagai\\\/kolagenas\\\/kollageen-ja-piimhappebakter-120-kapslit\\\/#breadcrumb\"},\"inLanguage\":\"lt-LT\",\"potentialAction\":[{\"@type\":\"ReadAction\",\"target\":[\"https:\\\/\\\/puhdasplus.ee\\\/lt\\\/tooted\\\/oda-plaukai-nagai\\\/kolagenas\\\/kollageen-ja-piimhappebakter-120-kapslit\\\/\"]}]},{\"@type\":\"ImageObject\",\"inLanguage\":\"lt-LT\",\"@id\":\"https:\\\/\\\/puhdasplus.ee\\\/lt\\\/tooted\\\/oda-plaukai-nagai\\\/kolagenas\\\/kollageen-ja-piimhappebakter-120-kapslit\\\/#primaryimage\",\"url\":\"https:\\\/\\\/puhdasplus.ee\\\/wp-content\\\/uploads\\\/2026\\\/03\\\/359810_359805.png\",\"contentUrl\":\"https:\\\/\\\/puhdasplus.ee\\\/wp-content\\\/uploads\\\/2026\\\/03\\\/359810_359805.png\",\"width\":582,\"height\":800,\"caption\":\"Kollageen ja piimhappebakter 120 kapslit | Puhdas+\"},{\"@type\":\"BreadcrumbList\",\"@id\":\"https:\\\/\\\/puhdasplus.ee\\\/lt\\\/tooted\\\/oda-plaukai-nagai\\\/kolagenas\\\/kollageen-ja-piimhappebakter-120-kapslit\\\/#breadcrumb\",\"itemListElement\":[{\"@type\":\"ListItem\",\"position\":1,\"name\":\"Prad\u017eia\",\"item\":\"https:\\\/\\\/puhdasplus.ee\\\/lt\\\/\"},{\"@type\":\"ListItem\",\"position\":2,\"name\":\"Produktai\",\"item\":\"https:\\\/\\\/puhdasplus.ee\\\/lt\\\/parduotuve\\\/\"},{\"@type\":\"ListItem\",\"position\":3,\"name\":\"Kollageen ja piimhappebakter 120 kapslit\"}]},{\"@type\":\"WebSite\",\"@id\":\"https:\\\/\\\/puhdasplus.ee\\\/lt\\\/#website\",\"url\":\"https:\\\/\\\/puhdasplus.ee\\\/lt\\\/\",\"name\":\"Puhdas+\",\"description\":\"Vitaminai, maisto papildai, nat\u016brali kosmetika, sveikata, sportas\",\"publisher\":{\"@id\":\"https:\\\/\\\/puhdasplus.ee\\\/lt\\\/#organization\"},\"potentialAction\":[{\"@type\":\"SearchAction\",\"target\":{\"@type\":\"EntryPoint\",\"urlTemplate\":\"https:\\\/\\\/puhdasplus.ee\\\/lt\\\/?s={search_term_string}\"},\"query-input\":{\"@type\":\"PropertyValueSpecification\",\"valueRequired\":true,\"valueName\":\"search_term_string\"}}],\"inLanguage\":\"lt-LT\"},{\"@type\":\"Organization\",\"@id\":\"https:\\\/\\\/puhdasplus.ee\\\/lt\\\/#organization\",\"name\":\"Puhdas+\",\"alternateName\":\"Puhdasplus\",\"url\":\"https:\\\/\\\/puhdasplus.ee\\\/lt\\\/\",\"logo\":{\"@type\":\"ImageObject\",\"inLanguage\":\"lt-LT\",\"@id\":\"https:\\\/\\\/puhdasplus.ee\\\/lt\\\/#\\\/schema\\\/logo\\\/image\\\/\",\"url\":\"https:\\\/\\\/puhdasplus.ee\\\/wp-content\\\/uploads\\\/2019\\\/10\\\/puhdas_logo-arvele.png\",\"contentUrl\":\"https:\\\/\\\/puhdasplus.ee\\\/wp-content\\\/uploads\\\/2019\\\/10\\\/puhdas_logo-arvele.png\",\"width\":114,\"height\":94,\"caption\":\"Puhdas+\"},\"image\":{\"@id\":\"https:\\\/\\\/puhdasplus.ee\\\/lt\\\/#\\\/schema\\\/logo\\\/image\\\/\"},\"sameAs\":[\"https:\\\/\\\/www.facebook.com\\\/puhdasplus\",\"https:\\\/\\\/www.instagram.com\\\/puhdasplus_ee\\\/\"]}]}<\/script>\n<!-- \/ Yoast SEO plugin. -->","yoast_head_json":{"title":"Kollageen & Piimhappebakter 120 kapslit | Puhdas+","description":"Puhdas+ Kollageen & Piimhappebakter \u2013 kollageen naha elastsuse jaoks, probiootikumid seedimise toetuseks ja B3-vitamiin naha heaks. 120 kapslit.","robots":{"index":"index","follow":"follow","max-snippet":"max-snippet:-1","max-image-preview":"max-image-preview:large","max-video-preview":"max-video-preview:-1"},"canonical":"https:\/\/puhdasplus.ee\/lt\/tooted\/oda-plaukai-nagai\/kolagenas\/kollageen-ja-piimhappebakter-120-kapslit\/","og_locale":"lt_LT","og_type":"article","og_title":"Kollageen & Piimhappebakter 120 kapslit | Puhdas+","og_description":"Puhdas+ Kollageen & Piimhappebakter \u2013 kollageen naha elastsuse jaoks, probiootikumid seedimise toetuseks ja B3-vitamiin naha heaks. 120 kapslit.","og_url":"https:\/\/puhdasplus.ee\/lt\/tooted\/oda-plaukai-nagai\/kolagenas\/kollageen-ja-piimhappebakter-120-kapslit\/","og_site_name":"Puhdas+","article_publisher":"https:\/\/www.facebook.com\/puhdasplus","article_modified_time":"2026-04-06T09:32:49+00:00","og_image":[{"width":582,"height":800,"url":"https:\/\/puhdasplus.ee\/wp-content\/uploads\/2026\/03\/359810_359805.png","type":"image\/png"}],"twitter_card":"summary_large_image","twitter_misc":{"Est. reading time":"2 minut\u0117"},"schema":{"@context":"https:\/\/schema.org","@graph":[{"@type":"WebPage","@id":"https:\/\/puhdasplus.ee\/lt\/tooted\/oda-plaukai-nagai\/kolagenas\/kollageen-ja-piimhappebakter-120-kapslit\/","url":"https:\/\/puhdasplus.ee\/lt\/tooted\/oda-plaukai-nagai\/kolagenas\/kollageen-ja-piimhappebakter-120-kapslit\/","name":"Kollageen & Piimhappebakter 120 kapslit | Puhdas+","isPartOf":{"@id":"https:\/\/puhdasplus.ee\/lt\/#website"},"primaryImageOfPage":{"@id":"https:\/\/puhdasplus.ee\/lt\/tooted\/oda-plaukai-nagai\/kolagenas\/kollageen-ja-piimhappebakter-120-kapslit\/#primaryimage"},"image":{"@id":"https:\/\/puhdasplus.ee\/lt\/tooted\/oda-plaukai-nagai\/kolagenas\/kollageen-ja-piimhappebakter-120-kapslit\/#primaryimage"},"thumbnailUrl":"https:\/\/puhdasplus.ee\/wp-content\/uploads\/2026\/03\/359810_359805.png","datePublished":"2026-03-30T18:50:44+00:00","dateModified":"2026-04-06T09:32:49+00:00","description":"Puhdas+ Kollageen & Piimhappebakter \u2013 kollageen naha elastsuse jaoks, probiootikumid seedimise toetuseks ja B3-vitamiin naha heaks. 120 kapslit.","breadcrumb":{"@id":"https:\/\/puhdasplus.ee\/lt\/tooted\/oda-plaukai-nagai\/kolagenas\/kollageen-ja-piimhappebakter-120-kapslit\/#breadcrumb"},"inLanguage":"lt-LT","potentialAction":[{"@type":"ReadAction","target":["https:\/\/puhdasplus.ee\/lt\/tooted\/oda-plaukai-nagai\/kolagenas\/kollageen-ja-piimhappebakter-120-kapslit\/"]}]},{"@type":"ImageObject","inLanguage":"lt-LT","@id":"https:\/\/puhdasplus.ee\/lt\/tooted\/oda-plaukai-nagai\/kolagenas\/kollageen-ja-piimhappebakter-120-kapslit\/#primaryimage","url":"https:\/\/puhdasplus.ee\/wp-content\/uploads\/2026\/03\/359810_359805.png","contentUrl":"https:\/\/puhdasplus.ee\/wp-content\/uploads\/2026\/03\/359810_359805.png","width":582,"height":800,"caption":"Kollageen ja piimhappebakter 120 kapslit | Puhdas+"},{"@type":"BreadcrumbList","@id":"https:\/\/puhdasplus.ee\/lt\/tooted\/oda-plaukai-nagai\/kolagenas\/kollageen-ja-piimhappebakter-120-kapslit\/#breadcrumb","itemListElement":[{"@type":"ListItem","position":1,"name":"Prad\u017eia","item":"https:\/\/puhdasplus.ee\/lt\/"},{"@type":"ListItem","position":2,"name":"Produktai","item":"https:\/\/puhdasplus.ee\/lt\/parduotuve\/"},{"@type":"ListItem","position":3,"name":"Kollageen ja piimhappebakter 120 kapslit"}]},{"@type":"WebSite","@id":"https:\/\/puhdasplus.ee\/lt\/#website","url":"https:\/\/puhdasplus.ee\/lt\/","name":"Puhdas+","description":"Vitaminai, maisto papildai, nat\u016brali kosmetika, sveikata, sportas","publisher":{"@id":"https:\/\/puhdasplus.ee\/lt\/#organization"},"potentialAction":[{"@type":"SearchAction","target":{"@type":"EntryPoint","urlTemplate":"https:\/\/puhdasplus.ee\/lt\/?s={search_term_string}"},"query-input":{"@type":"PropertyValueSpecification","valueRequired":true,"valueName":"search_term_string"}}],"inLanguage":"lt-LT"},{"@type":"Organization","@id":"https:\/\/puhdasplus.ee\/lt\/#organization","name":"Puhdas+","alternateName":"Puhdasplus","url":"https:\/\/puhdasplus.ee\/lt\/","logo":{"@type":"ImageObject","inLanguage":"lt-LT","@id":"https:\/\/puhdasplus.ee\/lt\/#\/schema\/logo\/image\/","url":"https:\/\/puhdasplus.ee\/wp-content\/uploads\/2019\/10\/puhdas_logo-arvele.png","contentUrl":"https:\/\/puhdasplus.ee\/wp-content\/uploads\/2019\/10\/puhdas_logo-arvele.png","width":114,"height":94,"caption":"Puhdas+"},"image":{"@id":"https:\/\/puhdasplus.ee\/lt\/#\/schema\/logo\/image\/"},"sameAs":["https:\/\/www.facebook.com\/puhdasplus","https:\/\/www.instagram.com\/puhdasplus_ee\/"]}]}},"_yoast_wpseo_title":"Kollageen & Piimhappebakter 120 kapslit | Puhdas+","_yoast_wpseo_metadesc":"Puhdas+ Kollageen & Piimhappebakter \u2013 kollageen naha elastsuse jaoks, probiootikumid seedimise toetuseks ja B3-vitamiin naha heaks. 120 kapslit.","_yoast_wpseo_focuskw":"kollageen piimhappebakter","_links":{"self":[{"href":"https:\/\/puhdasplus.ee\/lt\/wp-json\/wp\/v2\/product\/359810","targetHints":{"allow":["GET"]}}],"collection":[{"href":"https:\/\/puhdasplus.ee\/lt\/wp-json\/wp\/v2\/product"}],"about":[{"href":"https:\/\/puhdasplus.ee\/lt\/wp-json\/wp\/v2\/types\/product"}],"replies":[{"embeddable":true,"href":"https:\/\/puhdasplus.ee\/lt\/wp-json\/wp\/v2\/comments?post=359810"}],"wp:featuredmedia":[{"embeddable":true,"href":"https:\/\/puhdasplus.ee\/lt\/wp-json\/wp\/v2\/media\/359891"}],"wp:attachment":[{"href":"https:\/\/puhdasplus.ee\/lt\/wp-json\/wp\/v2\/media?parent=359810"}],"wp:term":[{"taxonomy":"product_brand","embeddable":true,"href":"https:\/\/puhdasplus.ee\/lt\/wp-json\/wp\/v2\/product_brand?post=359810"},{"taxonomy":"product_cat","embeddable":true,"href":"https:\/\/puhdasplus.ee\/lt\/wp-json\/wp\/v2\/product_cat?post=359810"},{"taxonomy":"product_tag","embeddable":true,"href":"https:\/\/puhdasplus.ee\/lt\/wp-json\/wp\/v2\/product_tag?post=359810"}],"curies":[{"name":"wp","href":"https:\/\/api.w.org\/{rel}","templated":true}]}}