{"id":359788,"date":"2026-03-30T21:49:34","date_gmt":"2026-03-30T18:49:34","guid":{"rendered":"https:\/\/puhdasplus.ee\/?post_type=product&#038;p=359788"},"modified":"2026-04-06T12:03:01","modified_gmt":"2026-04-06T09:03:01","slug":"safran-30-mg-60-kapslit","status":"publish","type":"product","link":"https:\/\/puhdasplus.ee\/lt\/tooted\/stresas-ir-miegas\/safran-30-mg-60-kapslit\/","title":{"rendered":"Safran 30 mg 60 kapslit"},"content":{"rendered":"<p><strong>Puhdas+ Tugev Safran \u2013 kvaliteetne kontsentreeritud safraniekstrakt<\/strong><\/p>\n<p>Puhdas+ Tugev Safran sisaldab k\u00f5rgekvaliteedilist safraniekstrakti kontsentreeritud kujul \u2013 \u00fcks kapsel sisaldab 30 mg safraniekstrakti, milles toimeained safranaal ja krosiin on looduslikult esindatud.<\/p>\n<p>Safran on \u00fcks maailma hinnatumaid v\u00fcrtse, mida on kasutatud sajandite jooksul selle ainulaadse kvaliteedi t\u00f5ttu. Selles tootes on safrani peamised \u00fchendid hoolikalt standardiseeritud kujul kontsentreeritud:<\/p>\n<ul>\n<li>600 \u00b5g safranaali<\/li>\n<li>900 \u00b5g krosiini<\/li>\n<\/ul>\n<p>Puhdas+ Tugev Safran on valmistatud ilma lisaaineteta. Gluteeni- ja laktoosivaba. Valmistatud Soomes.<\/p>\n<h2>Kasutamisjuhend<\/h2>\n<p>1\u20132 kapslit \u00f6\u00f6p\u00e4evas koos toiduga.<\/p>\n<h2>Koostisosad<\/h2>\n<p>T\u00e4iteaine (mikrokristalliline tselluloos), kapsel (stabilisaator: h\u00fcdroks\u00fcprop\u00fc\u00fclmet\u00fc\u00fcltselluloos), safraniekstrakt.<\/p>\n<h2>Toitev\u00e4\u00e4rtus<\/h2>\n<table>\n<thead>\n<tr>\n<th>Toitev\u00e4\u00e4rtus<\/th>\n<th>1\u20132 kapslit<\/th>\n<\/tr>\n<\/thead>\n<tbody>\n<tr>\n<td>Safraniekstrakt<\/td>\n<td>30\u201360 mg<\/td>\n<\/tr>\n<tr>\n<td>\u2013 sellest safranaali<\/td>\n<td>600\u20131200 \u00b5g<\/td>\n<\/tr>\n<tr>\n<td>\u2013 ja krosiini<\/td>\n<td>900\u20131800 \u00b5g<\/td>\n<\/tr>\n<\/tbody>\n<\/table>\n<h2>Hoiatused<\/h2>\n<p>Hoida lastele k\u00e4ttesaamatus kohas. Toidulisand ei asenda mitmekesist ja tasakaalustatud toitumist ega tervislikku eluviisi. \u00c4rge \u00fcletage soovituslikku p\u00e4evaannust.<\/p>\n","protected":false},"excerpt":{"rendered":"<p><b>Puhdas+ Safran 30 mg 60 kapslit<\/b> \u2013 kontsentreeritud safraniekstrakt meeleolu toetamiseks. Sisaldab safranaali ja krosiini. Gluteeni- ja laktoosivaba.<\/p>\n","protected":false},"featured_media":360014,"comment_status":"open","ping_status":"closed","template":"","meta":{"_acf_changed":false,"googlesitekit_rrm_CAow3eq7DA:productID":""},"product_brand":[],"product_cat":[456],"product_tag":[8159,858,8431,8166,8430,541,524],"class_list":{"0":"post-359788","1":"product","2":"type-product","3":"status-publish","4":"has-post-thumbnail","6":"product_cat-stress-uni","7":"product_tag-gluteenivaba","8":"product_tag-meeleolu","9":"product_tag-safran","10":"product_tag-soome-kvaliteet","11":"product_tag-stress","12":"product_tag-toidulisand","13":"product_tag-vegan","15":"first","16":"onbackorder","17":"taxable","18":"shipping-taxable","19":"purchasable","20":"product-type-simple"},"acf":[],"yoast_head":"<!-- This site is optimized with the Yoast SEO plugin v27.3 - https:\/\/yoast.com\/product\/yoast-seo-wordpress\/ -->\n<title>Safran 30 mg 60 kapslit | Puhdas+<\/title>\n<meta name=\"description\" content=\"Puhdas+ Safran 30 mg \u2013 standardiseeritud safraniekstrakt kapslites (600 \u00b5g safranaali). Kvaliteetne toidulisand igap\u00e4evaseks kasutamiseks. 60 kapslit.\" \/>\n<meta name=\"robots\" content=\"index, follow, max-snippet:-1, max-image-preview:large, max-video-preview:-1\" \/>\n<link rel=\"canonical\" href=\"https:\/\/puhdasplus.ee\/lt\/tooted\/stresas-ir-miegas\/safran-30-mg-60-kapslit\/\" \/>\n<meta property=\"og:locale\" content=\"lt_LT\" \/>\n<meta property=\"og:type\" content=\"article\" \/>\n<meta property=\"og:title\" content=\"Safran 30 mg 60 kapslit | Puhdas+\" \/>\n<meta property=\"og:description\" content=\"Puhdas+ Safran 30 mg \u2013 standardiseeritud safraniekstrakt kapslites (600 \u00b5g safranaali). Kvaliteetne toidulisand igap\u00e4evaseks kasutamiseks. 60 kapslit.\" \/>\n<meta property=\"og:url\" content=\"https:\/\/puhdasplus.ee\/lt\/tooted\/stresas-ir-miegas\/safran-30-mg-60-kapslit\/\" \/>\n<meta property=\"og:site_name\" content=\"Puhdas+\" \/>\n<meta property=\"article:publisher\" content=\"https:\/\/www.facebook.com\/puhdasplus\" \/>\n<meta property=\"article:modified_time\" content=\"2026-04-06T09:03:01+00:00\" \/>\n<meta property=\"og:image\" content=\"https:\/\/puhdasplus.ee\/wp-content\/uploads\/2026\/03\/tooted-ilma-taustata-3-copy-6.jpg\" \/>\n\t<meta property=\"og:image:width\" content=\"1280\" \/>\n\t<meta property=\"og:image:height\" content=\"1760\" \/>\n\t<meta property=\"og:image:type\" content=\"image\/jpeg\" \/>\n<meta name=\"twitter:card\" content=\"summary_large_image\" \/>\n<meta name=\"twitter:label1\" content=\"Est. reading time\" \/>\n\t<meta name=\"twitter:data1\" content=\"1 minut\u0117\" \/>\n<script type=\"application\/ld+json\" class=\"yoast-schema-graph\">{\"@context\":\"https:\\\/\\\/schema.org\",\"@graph\":[{\"@type\":\"WebPage\",\"@id\":\"https:\\\/\\\/puhdasplus.ee\\\/lt\\\/tooted\\\/stresas-ir-miegas\\\/safran-30-mg-60-kapslit\\\/\",\"url\":\"https:\\\/\\\/puhdasplus.ee\\\/lt\\\/tooted\\\/stresas-ir-miegas\\\/safran-30-mg-60-kapslit\\\/\",\"name\":\"Safran 30 mg 60 kapslit | Puhdas+\",\"isPartOf\":{\"@id\":\"https:\\\/\\\/puhdasplus.ee\\\/lt\\\/#website\"},\"primaryImageOfPage\":{\"@id\":\"https:\\\/\\\/puhdasplus.ee\\\/lt\\\/tooted\\\/stresas-ir-miegas\\\/safran-30-mg-60-kapslit\\\/#primaryimage\"},\"image\":{\"@id\":\"https:\\\/\\\/puhdasplus.ee\\\/lt\\\/tooted\\\/stresas-ir-miegas\\\/safran-30-mg-60-kapslit\\\/#primaryimage\"},\"thumbnailUrl\":\"https:\\\/\\\/puhdasplus.ee\\\/wp-content\\\/uploads\\\/2026\\\/03\\\/tooted-ilma-taustata-3-copy-6.jpg\",\"datePublished\":\"2026-03-30T18:49:34+00:00\",\"dateModified\":\"2026-04-06T09:03:01+00:00\",\"description\":\"Puhdas+ Safran 30 mg \u2013 standardiseeritud safraniekstrakt kapslites (600 \u00b5g safranaali). Kvaliteetne toidulisand igap\u00e4evaseks kasutamiseks. 60 kapslit.\",\"breadcrumb\":{\"@id\":\"https:\\\/\\\/puhdasplus.ee\\\/lt\\\/tooted\\\/stresas-ir-miegas\\\/safran-30-mg-60-kapslit\\\/#breadcrumb\"},\"inLanguage\":\"lt-LT\",\"potentialAction\":[{\"@type\":\"ReadAction\",\"target\":[\"https:\\\/\\\/puhdasplus.ee\\\/lt\\\/tooted\\\/stresas-ir-miegas\\\/safran-30-mg-60-kapslit\\\/\"]}]},{\"@type\":\"ImageObject\",\"inLanguage\":\"lt-LT\",\"@id\":\"https:\\\/\\\/puhdasplus.ee\\\/lt\\\/tooted\\\/stresas-ir-miegas\\\/safran-30-mg-60-kapslit\\\/#primaryimage\",\"url\":\"https:\\\/\\\/puhdasplus.ee\\\/wp-content\\\/uploads\\\/2026\\\/03\\\/tooted-ilma-taustata-3-copy-6.jpg\",\"contentUrl\":\"https:\\\/\\\/puhdasplus.ee\\\/wp-content\\\/uploads\\\/2026\\\/03\\\/tooted-ilma-taustata-3-copy-6.jpg\",\"width\":1280,\"height\":1760,\"caption\":\"Safran 30 mg 60 kapslit\"},{\"@type\":\"BreadcrumbList\",\"@id\":\"https:\\\/\\\/puhdasplus.ee\\\/lt\\\/tooted\\\/stresas-ir-miegas\\\/safran-30-mg-60-kapslit\\\/#breadcrumb\",\"itemListElement\":[{\"@type\":\"ListItem\",\"position\":1,\"name\":\"Prad\u017eia\",\"item\":\"https:\\\/\\\/puhdasplus.ee\\\/lt\\\/\"},{\"@type\":\"ListItem\",\"position\":2,\"name\":\"Produktai\",\"item\":\"https:\\\/\\\/puhdasplus.ee\\\/lt\\\/parduotuve\\\/\"},{\"@type\":\"ListItem\",\"position\":3,\"name\":\"Safran 30 mg 60 kapslit\"}]},{\"@type\":\"WebSite\",\"@id\":\"https:\\\/\\\/puhdasplus.ee\\\/lt\\\/#website\",\"url\":\"https:\\\/\\\/puhdasplus.ee\\\/lt\\\/\",\"name\":\"Puhdas+\",\"description\":\"Vitaminai, maisto papildai, nat\u016brali kosmetika, sveikata, sportas\",\"publisher\":{\"@id\":\"https:\\\/\\\/puhdasplus.ee\\\/lt\\\/#organization\"},\"potentialAction\":[{\"@type\":\"SearchAction\",\"target\":{\"@type\":\"EntryPoint\",\"urlTemplate\":\"https:\\\/\\\/puhdasplus.ee\\\/lt\\\/?s={search_term_string}\"},\"query-input\":{\"@type\":\"PropertyValueSpecification\",\"valueRequired\":true,\"valueName\":\"search_term_string\"}}],\"inLanguage\":\"lt-LT\"},{\"@type\":\"Organization\",\"@id\":\"https:\\\/\\\/puhdasplus.ee\\\/lt\\\/#organization\",\"name\":\"Puhdas+\",\"alternateName\":\"Puhdasplus\",\"url\":\"https:\\\/\\\/puhdasplus.ee\\\/lt\\\/\",\"logo\":{\"@type\":\"ImageObject\",\"inLanguage\":\"lt-LT\",\"@id\":\"https:\\\/\\\/puhdasplus.ee\\\/lt\\\/#\\\/schema\\\/logo\\\/image\\\/\",\"url\":\"https:\\\/\\\/puhdasplus.ee\\\/wp-content\\\/uploads\\\/2019\\\/10\\\/puhdas_logo-arvele.png\",\"contentUrl\":\"https:\\\/\\\/puhdasplus.ee\\\/wp-content\\\/uploads\\\/2019\\\/10\\\/puhdas_logo-arvele.png\",\"width\":114,\"height\":94,\"caption\":\"Puhdas+\"},\"image\":{\"@id\":\"https:\\\/\\\/puhdasplus.ee\\\/lt\\\/#\\\/schema\\\/logo\\\/image\\\/\"},\"sameAs\":[\"https:\\\/\\\/www.facebook.com\\\/puhdasplus\",\"https:\\\/\\\/www.instagram.com\\\/puhdasplus_ee\\\/\"]}]}<\/script>\n<!-- \/ Yoast SEO plugin. -->","yoast_head_json":{"title":"Safran 30 mg 60 kapslit | Puhdas+","description":"Puhdas+ Safran 30 mg \u2013 standardiseeritud safraniekstrakt kapslites (600 \u00b5g safranaali). Kvaliteetne toidulisand igap\u00e4evaseks kasutamiseks. 60 kapslit.","robots":{"index":"index","follow":"follow","max-snippet":"max-snippet:-1","max-image-preview":"max-image-preview:large","max-video-preview":"max-video-preview:-1"},"canonical":"https:\/\/puhdasplus.ee\/lt\/tooted\/stresas-ir-miegas\/safran-30-mg-60-kapslit\/","og_locale":"lt_LT","og_type":"article","og_title":"Safran 30 mg 60 kapslit | Puhdas+","og_description":"Puhdas+ Safran 30 mg \u2013 standardiseeritud safraniekstrakt kapslites (600 \u00b5g safranaali). Kvaliteetne toidulisand igap\u00e4evaseks kasutamiseks. 60 kapslit.","og_url":"https:\/\/puhdasplus.ee\/lt\/tooted\/stresas-ir-miegas\/safran-30-mg-60-kapslit\/","og_site_name":"Puhdas+","article_publisher":"https:\/\/www.facebook.com\/puhdasplus","article_modified_time":"2026-04-06T09:03:01+00:00","og_image":[{"width":1280,"height":1760,"url":"https:\/\/puhdasplus.ee\/wp-content\/uploads\/2026\/03\/tooted-ilma-taustata-3-copy-6.jpg","type":"image\/jpeg"}],"twitter_card":"summary_large_image","twitter_misc":{"Est. reading time":"1 minut\u0117"},"schema":{"@context":"https:\/\/schema.org","@graph":[{"@type":"WebPage","@id":"https:\/\/puhdasplus.ee\/lt\/tooted\/stresas-ir-miegas\/safran-30-mg-60-kapslit\/","url":"https:\/\/puhdasplus.ee\/lt\/tooted\/stresas-ir-miegas\/safran-30-mg-60-kapslit\/","name":"Safran 30 mg 60 kapslit | Puhdas+","isPartOf":{"@id":"https:\/\/puhdasplus.ee\/lt\/#website"},"primaryImageOfPage":{"@id":"https:\/\/puhdasplus.ee\/lt\/tooted\/stresas-ir-miegas\/safran-30-mg-60-kapslit\/#primaryimage"},"image":{"@id":"https:\/\/puhdasplus.ee\/lt\/tooted\/stresas-ir-miegas\/safran-30-mg-60-kapslit\/#primaryimage"},"thumbnailUrl":"https:\/\/puhdasplus.ee\/wp-content\/uploads\/2026\/03\/tooted-ilma-taustata-3-copy-6.jpg","datePublished":"2026-03-30T18:49:34+00:00","dateModified":"2026-04-06T09:03:01+00:00","description":"Puhdas+ Safran 30 mg \u2013 standardiseeritud safraniekstrakt kapslites (600 \u00b5g safranaali). Kvaliteetne toidulisand igap\u00e4evaseks kasutamiseks. 60 kapslit.","breadcrumb":{"@id":"https:\/\/puhdasplus.ee\/lt\/tooted\/stresas-ir-miegas\/safran-30-mg-60-kapslit\/#breadcrumb"},"inLanguage":"lt-LT","potentialAction":[{"@type":"ReadAction","target":["https:\/\/puhdasplus.ee\/lt\/tooted\/stresas-ir-miegas\/safran-30-mg-60-kapslit\/"]}]},{"@type":"ImageObject","inLanguage":"lt-LT","@id":"https:\/\/puhdasplus.ee\/lt\/tooted\/stresas-ir-miegas\/safran-30-mg-60-kapslit\/#primaryimage","url":"https:\/\/puhdasplus.ee\/wp-content\/uploads\/2026\/03\/tooted-ilma-taustata-3-copy-6.jpg","contentUrl":"https:\/\/puhdasplus.ee\/wp-content\/uploads\/2026\/03\/tooted-ilma-taustata-3-copy-6.jpg","width":1280,"height":1760,"caption":"Safran 30 mg 60 kapslit"},{"@type":"BreadcrumbList","@id":"https:\/\/puhdasplus.ee\/lt\/tooted\/stresas-ir-miegas\/safran-30-mg-60-kapslit\/#breadcrumb","itemListElement":[{"@type":"ListItem","position":1,"name":"Prad\u017eia","item":"https:\/\/puhdasplus.ee\/lt\/"},{"@type":"ListItem","position":2,"name":"Produktai","item":"https:\/\/puhdasplus.ee\/lt\/parduotuve\/"},{"@type":"ListItem","position":3,"name":"Safran 30 mg 60 kapslit"}]},{"@type":"WebSite","@id":"https:\/\/puhdasplus.ee\/lt\/#website","url":"https:\/\/puhdasplus.ee\/lt\/","name":"Puhdas+","description":"Vitaminai, maisto papildai, nat\u016brali kosmetika, sveikata, sportas","publisher":{"@id":"https:\/\/puhdasplus.ee\/lt\/#organization"},"potentialAction":[{"@type":"SearchAction","target":{"@type":"EntryPoint","urlTemplate":"https:\/\/puhdasplus.ee\/lt\/?s={search_term_string}"},"query-input":{"@type":"PropertyValueSpecification","valueRequired":true,"valueName":"search_term_string"}}],"inLanguage":"lt-LT"},{"@type":"Organization","@id":"https:\/\/puhdasplus.ee\/lt\/#organization","name":"Puhdas+","alternateName":"Puhdasplus","url":"https:\/\/puhdasplus.ee\/lt\/","logo":{"@type":"ImageObject","inLanguage":"lt-LT","@id":"https:\/\/puhdasplus.ee\/lt\/#\/schema\/logo\/image\/","url":"https:\/\/puhdasplus.ee\/wp-content\/uploads\/2019\/10\/puhdas_logo-arvele.png","contentUrl":"https:\/\/puhdasplus.ee\/wp-content\/uploads\/2019\/10\/puhdas_logo-arvele.png","width":114,"height":94,"caption":"Puhdas+"},"image":{"@id":"https:\/\/puhdasplus.ee\/lt\/#\/schema\/logo\/image\/"},"sameAs":["https:\/\/www.facebook.com\/puhdasplus","https:\/\/www.instagram.com\/puhdasplus_ee\/"]}]}},"_yoast_wpseo_title":"Safran 30 mg 60 kapslit | Puhdas+","_yoast_wpseo_metadesc":"Puhdas+ Safran 30 mg \u2013 standardiseeritud safraniekstrakt kapslites (600 \u00b5g safranaali). Kvaliteetne toidulisand igap\u00e4evaseks kasutamiseks. 60 kapslit.","_yoast_wpseo_focuskw":"safran toidulisand","_links":{"self":[{"href":"https:\/\/puhdasplus.ee\/lt\/wp-json\/wp\/v2\/product\/359788","targetHints":{"allow":["GET"]}}],"collection":[{"href":"https:\/\/puhdasplus.ee\/lt\/wp-json\/wp\/v2\/product"}],"about":[{"href":"https:\/\/puhdasplus.ee\/lt\/wp-json\/wp\/v2\/types\/product"}],"replies":[{"embeddable":true,"href":"https:\/\/puhdasplus.ee\/lt\/wp-json\/wp\/v2\/comments?post=359788"}],"wp:featuredmedia":[{"embeddable":true,"href":"https:\/\/puhdasplus.ee\/lt\/wp-json\/wp\/v2\/media\/360014"}],"wp:attachment":[{"href":"https:\/\/puhdasplus.ee\/lt\/wp-json\/wp\/v2\/media?parent=359788"}],"wp:term":[{"taxonomy":"product_brand","embeddable":true,"href":"https:\/\/puhdasplus.ee\/lt\/wp-json\/wp\/v2\/product_brand?post=359788"},{"taxonomy":"product_cat","embeddable":true,"href":"https:\/\/puhdasplus.ee\/lt\/wp-json\/wp\/v2\/product_cat?post=359788"},{"taxonomy":"product_tag","embeddable":true,"href":"https:\/\/puhdasplus.ee\/lt\/wp-json\/wp\/v2\/product_tag?post=359788"}],"curies":[{"name":"wp","href":"https:\/\/api.w.org\/{rel}","templated":true}]}}