{"id":357217,"date":"2026-02-26T11:38:26","date_gmt":"2026-02-26T09:38:26","guid":{"rendered":"https:\/\/puhdasplus.ee\/tooted\/be-kategorijos\/foliatas-500-%c2%b5g-60-kapsliu\/"},"modified":"2026-04-07T09:30:55","modified_gmt":"2026-04-07T06:30:55","slug":"foliatas-500-%c2%b5g-60-kapsliu","status":"publish","type":"product","link":"https:\/\/puhdasplus.ee\/lt\/produktai\/vitaminai\/vitaminas-b\/foliatas-500-%c2%b5g-60-kapsliu\/","title":{"rendered":"Folatas 500 \u00b5g, 60 kapsuli\u0173"},"content":{"rendered":"<h2><strong>Kod\u0117l folatas yra svarbus?<\/strong><\/h2>\n<p>Folatas (vitaminas B9) yra organizmui b\u016btinas vandenyje tirpus vitaminas, kuris dalyvauja daugelyje gyvybi\u0161kai svarbi\u0173 proces\u0173. Kadangi \u017emogaus organizmas nepagamina folato pats, j\u012f reikia gauti i\u0161 maisto arba prireikus i\u0161 maisto papild\u0173.<\/p>\n<p>Puhdas+ Folatas turi bioaktyv\u0173 5-metiltetrahidrofolat\u0105 (Quatrefolic\u00ae), kuris yra organizmui paruo\u0161tos formos folatas.<\/p>\n<p>&nbsp;<\/p>\n<h2><strong>Folatas padeda<\/strong><\/h2>\n<ul>\n<li>normaliam kraujo susidarymui<\/li>\n<li>l\u0105steli\u0173 dalijimosi procesui<\/li>\n<li>normaliam homocisteino metabolizmui<\/li>\n<li>normaliai psichologinei funkcijai<\/li>\n<li>normaliai imunin\u0117s sistemos funkcijai<\/li>\n<li>ma\u017einti pavargim\u0105 ir nuovarg\u012f<\/li>\n<\/ul>\n<p>Taip pat folatas padeda <strong>audini\u0173 augimui n\u0117\u0161tumo metu<\/strong>, tod\u0117l pakankamas folato gavimas yra svarbus moterims, kurios planuoja n\u0117\u0161tum\u0105 arba yra n\u0117\u0161\u010dios.<\/p>\n<p>&nbsp;<\/p>\n<h2><strong>Kam tinka<\/strong><\/h2>\n<ul>\n<li>Moterims n\u0117\u0161tumo planavimo ir n\u0117\u0161tumo metu<\/li>\n<li>\u017dmon\u0117ms, kurie nori palaikyti normal\u0173 kraujo susidarym\u0105<\/li>\n<li>Tiems, kurie jau\u010dia pavargim\u0105 ir nori palaikyti energijos apykait\u0105<\/li>\n<li>Veganams ir vegetarams<\/li>\n<\/ul>\n<p>&nbsp;<\/p>\n<h2><strong>Sud\u0117tis<\/strong><\/h2>\n<p>Pildymo med\u017eiaga (mikrokristalinis celiulioz\u0117), kapsul\u0117s apvalkalas (hidroksipropilmetilceliulioz\u0117), 5-metiltetrahidrofolatas (Quatrefolic\u00ae).<\/p>\n<p>Neturi pieno, laktoz\u0117s, mieli\u0173, gliuteno, cukraus, krakmolo, kukur\u016bz\u0173, soj\u0173 ar saldinimo med\u017eiag\u0173. Tinka veganams.<\/p>\n<p>&nbsp;<\/p>\n<h2><strong>Maistini\u0173 med\u017eiag\u0173 kiekis paros doz\u0117je<\/strong><\/h2>\n<table>\n<thead>\n<tr>\n<th>\n<p class=\"p1\"><b>Maistin\u0117 med\u017eiaga<\/b><\/p>\n<\/th>\n<th>\n<p class=\"p1\"><b>1 kapsul\u0117<\/b><\/p>\n<\/th>\n<th>\n<p class=\"p1\"><b>2 kapsul\u0117s<\/b><\/p>\n<\/th>\n<th>\n<p class=\"p1\"><b>% NRV*<\/b><\/p>\n<\/th>\n<\/tr>\n<\/thead>\n<tbody>\n<tr>\n<td>\n<p class=\"p1\">Folatas<\/p>\n<\/td>\n<td>\n<p class=\"p1\">500 \u00b5g<\/p>\n<\/td>\n<td>\n<p class=\"p1\">1000 \u00b5g<\/p>\n<\/td>\n<td>\n<p class=\"p1\">250\u2013500%<\/p>\n<\/td>\n<\/tr>\n<\/tbody>\n<\/table>\n<p>* Paros norma suaugusiam \u017emogui (NRV).<\/p>\n<p>&nbsp;<\/p>\n<h2><strong>Vartojimas<\/strong><\/h2>\n<p>Rekomenduojama doz\u0117 suaugusiesiems yra 1-2 kapsul\u0117s per dien\u0105 su vandeniu.<\/p>\n<p>&nbsp;<\/p>\n<h2><strong>Persp\u0117jimai<\/strong><\/h2>\n<p>Nevir\u0161yti rekomenduojamos paros doz\u0117s.<br \/>\nMailto papildas nepakei\u010dia \u012fvairaus ir subalansuoto maitinimosi bei sveiko gyvenimo b\u016bdo. Svarbu maitintis \u012fvairiai ir subalansuotai bei laikytis sveiko gyvenimo b\u016bdo. Laikyti vaikams nepasiekiamoje vietoje.<\/p>\n<p>&nbsp;<\/p>\n<h2><strong>Laikymas<\/strong><\/h2>\n<p>Laikyti sausoje ir v\u0117sioje vietoje, apsaugotoje nuo tiesiogini\u0173 saul\u0117s spinduli\u0173.<\/p>\n<p>&nbsp;<\/p>\n<h2><strong>Grynasis kiekis<\/strong><\/h2>\n<p class=\"p1\">17 g (60 kapsuli\u0173)<\/p>\n<p>&nbsp;<\/p>\n<h2><strong>Produkto privalumai<\/strong><\/h2>\n<ul>\n<li>Turi bioaktyv\u0173 folato form\u0105 (Quatrefolic\u00ae)<\/li>\n<li>500 \u00b5g folato kapsul\u0117je (250% paros normos)<\/li>\n<li>Be laktoz\u0117s ir gliuteno<\/li>\n<li>Patogi kapsuli\u0173 forma<\/li>\n<\/ul>\n<p>&nbsp;<\/p>\n<h2><strong>Da\u017eniausiai u\u017eduodami klausimai<\/strong><\/h2>\n<ul>\n<li><b>Kuo skiriasi \u012fprasta folio r\u016bg\u0161tis ir \u0161is produktas?  <\/b>\u0160is produktas turi bioaktyv\u0173 folato form\u0105 (Quatrefolic\u00ae), kuri organizmui i\u0161 karto naudojama ir nereikia atskiro perkeitimo.<\/li>\n<li><b>Ar \u0161\u012f folat\u0105 galima vartoti kasdien? <\/b>Taip, produktas tinka kasdieniam vartojimui. Rekomenduojama doz\u0117 yra 1\u20132 kapsul\u0117s per dien\u0105 pagal poreik\u012f.<\/li>\n<li><b><b>Kam \u0161is produktas ypa\u010d tinka? <\/b><\/b>Gerai tinka moterims n\u0117\u0161tumo planavimo ir n\u0117\u0161tumo metu bei visiems, kurie nori palaikyti normal\u0173 kraujo susidarym\u0105 ir ma\u017einti pavargim\u0105.<\/li>\n<\/ul>\n<p><strong>Taip pat \u017ei\u016br\u0117kite:<\/strong> <a href=\"https:\/\/puhdasplus.ee\/toote-kategooria\/b-vitamiin\/\">B vitaminai<\/a> | <a href=\"https:\/\/puhdasplus.ee\/toote-kategooria\/vitamiinid\/\">Vitaminai<\/a> | <a href=\"https:\/\/puhdasplus.ee\/toote-kategooria\/immuunsusteem\/\">Imunin\u0117 sistema<\/a><\/p>\n","protected":false},"excerpt":{"rendered":"<p class=\"p1\">Maisto papildas su bioaktyviu folatu (Quatrefolic\u00ae), kuris padeda <span class=\"s1\"><b>kraujo susidarymui<\/b><\/span>, palaiko <span class=\"s1\"><b>l\u0105steli\u0173 dalijimosi proces\u0105<\/b><\/span> ir padeda ma\u017einti <span class=\"s1\"><b>pavargim\u0105 ir nuovarg\u012f<\/b><\/span>.<\/p>\n<p class=\"p1\">Aktyvusis folatas organizmui i\u0161 karto naudojamas ir gerai tinka kasdieniam palaikymui, ypa\u010d padid\u0117jusio poreikio atveju.<\/p>\n<p class=\"p3\">\n","protected":false},"featured_media":357218,"comment_status":"open","ping_status":"closed","template":"","meta":{"_acf_changed":false,"googlesitekit_rrm_CAow3eq7DA:productID":""},"product_brand":[],"product_cat":[3174,3175],"product_tag":[5882,8350,3023,3131,8374,2967,8370],"class_list":{"0":"post-357217","1":"product","2":"type-product","3":"status-publish","4":"has-post-thumbnail","6":"product_cat-vitaminai","7":"product_cat-vitaminas-b","8":"product_tag-b-grupes-vitaminai","9":"product_tag-be-laktozs-lt","10":"product_tag-imunitetas","11":"product_tag-maisto-papildas","12":"product_tag-suomijos-kokyb-lt","13":"product_tag-veganas","14":"product_tag-vitaminai-lt","16":"first","17":"onbackorder","18":"taxable","19":"shipping-taxable","20":"purchasable","21":"product-type-simple"},"acf":[],"yoast_head":"<!-- This site is optimized with the Yoast SEO plugin v27.3 - https:\/\/yoast.com\/product\/yoast-seo-wordpress\/ -->\n<title>Folatas 500 \u00b5g Quatrefolic\u00ae \u2014 60 kapsuli\u0173 | Puhdas+<\/title>\n<meta name=\"description\" content=\"Bioaktyvus folatas 500 \u00b5g Quatrefolic\u00ae forma \u2014 organizmas gali i\u0161 karto naudoti. Svarbus l\u0105steli\u0173 dalijimosi procesui ir kraujo susidarymui. Tinka veganams.\" \/>\n<meta name=\"robots\" content=\"index, follow, max-snippet:-1, max-image-preview:large, max-video-preview:-1\" \/>\n<link rel=\"canonical\" href=\"https:\/\/puhdasplus.ee\/lt\/produktai\/vitaminai\/vitaminas-b\/foliatas-500-%c2%b5g-60-kapsliu\/\" \/>\n<meta property=\"og:locale\" content=\"lt_LT\" \/>\n<meta property=\"og:type\" content=\"article\" \/>\n<meta property=\"og:title\" content=\"Folatas 500 \u00b5g Quatrefolic\u00ae \u2014 60 kapsuli\u0173 | Puhdas+\" \/>\n<meta property=\"og:description\" content=\"Bioaktyvus folatas 500 \u00b5g Quatrefolic\u00ae forma \u2014 organizmas gali i\u0161 karto naudoti. Svarbus l\u0105steli\u0173 dalijimosi procesui ir kraujo susidarymui. Tinka veganams.\" \/>\n<meta property=\"og:url\" content=\"https:\/\/puhdasplus.ee\/lt\/produktai\/vitaminai\/vitaminas-b\/foliatas-500-%c2%b5g-60-kapsliu\/\" \/>\n<meta property=\"og:site_name\" content=\"Puhdas+\" \/>\n<meta property=\"article:publisher\" content=\"https:\/\/www.facebook.com\/puhdasplus\" \/>\n<meta property=\"article:modified_time\" content=\"2026-04-07T06:30:55+00:00\" \/>\n<meta property=\"og:image\" content=\"https:\/\/puhdasplus.ee\/wp-content\/uploads\/2026\/02\/Puhdas-Folaat-500-\u00b5g-60-kapslit-\u2013-toidulisand-scaled.jpg\" \/>\n\t<meta property=\"og:image:width\" content=\"1862\" \/>\n\t<meta property=\"og:image:height\" content=\"2560\" \/>\n\t<meta property=\"og:image:type\" content=\"image\/jpeg\" \/>\n<meta name=\"twitter:card\" content=\"summary_large_image\" \/>\n<meta name=\"twitter:label1\" content=\"Est. reading time\" \/>\n\t<meta name=\"twitter:data1\" content=\"2 minut\u0117\" \/>\n<script type=\"application\/ld+json\" class=\"yoast-schema-graph\">{\"@context\":\"https:\\\/\\\/schema.org\",\"@graph\":[{\"@type\":\"WebPage\",\"@id\":\"https:\\\/\\\/puhdasplus.ee\\\/lt\\\/produktai\\\/vitaminai\\\/vitaminas-b\\\/foliatas-500-%c2%b5g-60-kapsliu\\\/\",\"url\":\"https:\\\/\\\/puhdasplus.ee\\\/lt\\\/produktai\\\/vitaminai\\\/vitaminas-b\\\/foliatas-500-%c2%b5g-60-kapsliu\\\/\",\"name\":\"Folatas 500 \u00b5g Quatrefolic\u00ae \u2014 60 kapsuli\u0173 | Puhdas+\",\"isPartOf\":{\"@id\":\"https:\\\/\\\/puhdasplus.ee\\\/lt\\\/#website\"},\"primaryImageOfPage\":{\"@id\":\"https:\\\/\\\/puhdasplus.ee\\\/lt\\\/produktai\\\/vitaminai\\\/vitaminas-b\\\/foliatas-500-%c2%b5g-60-kapsliu\\\/#primaryimage\"},\"image\":{\"@id\":\"https:\\\/\\\/puhdasplus.ee\\\/lt\\\/produktai\\\/vitaminai\\\/vitaminas-b\\\/foliatas-500-%c2%b5g-60-kapsliu\\\/#primaryimage\"},\"thumbnailUrl\":\"https:\\\/\\\/puhdasplus.ee\\\/wp-content\\\/uploads\\\/2026\\\/02\\\/Puhdas-Folaat-500-\u00b5g-60-kapslit-\u2013-toidulisand-scaled.jpg\",\"datePublished\":\"2026-02-26T09:38:26+00:00\",\"dateModified\":\"2026-04-07T06:30:55+00:00\",\"description\":\"Bioaktyvus folatas 500 \u00b5g Quatrefolic\u00ae forma \u2014 organizmas gali i\u0161 karto naudoti. Svarbus l\u0105steli\u0173 dalijimosi procesui ir kraujo susidarymui. Tinka veganams.\",\"breadcrumb\":{\"@id\":\"https:\\\/\\\/puhdasplus.ee\\\/lt\\\/produktai\\\/vitaminai\\\/vitaminas-b\\\/foliatas-500-%c2%b5g-60-kapsliu\\\/#breadcrumb\"},\"inLanguage\":\"lt-LT\",\"potentialAction\":[{\"@type\":\"ReadAction\",\"target\":[\"https:\\\/\\\/puhdasplus.ee\\\/lt\\\/produktai\\\/vitaminai\\\/vitaminas-b\\\/foliatas-500-%c2%b5g-60-kapsliu\\\/\"]}]},{\"@type\":\"ImageObject\",\"inLanguage\":\"lt-LT\",\"@id\":\"https:\\\/\\\/puhdasplus.ee\\\/lt\\\/produktai\\\/vitaminai\\\/vitaminas-b\\\/foliatas-500-%c2%b5g-60-kapsliu\\\/#primaryimage\",\"url\":\"https:\\\/\\\/puhdasplus.ee\\\/wp-content\\\/uploads\\\/2026\\\/02\\\/Puhdas-Folaat-500-\u00b5g-60-kapslit-\u2013-toidulisand-scaled.jpg\",\"contentUrl\":\"https:\\\/\\\/puhdasplus.ee\\\/wp-content\\\/uploads\\\/2026\\\/02\\\/Puhdas-Folaat-500-\u00b5g-60-kapslit-\u2013-toidulisand-scaled.jpg\",\"width\":1862,\"height\":2560,\"caption\":\"\u201ePuhdas+ Folaat\u201c 500 \u00b5g, 60 kapsli\u0173 \u2013 maisto papildas\"},{\"@type\":\"BreadcrumbList\",\"@id\":\"https:\\\/\\\/puhdasplus.ee\\\/lt\\\/produktai\\\/vitaminai\\\/vitaminas-b\\\/foliatas-500-%c2%b5g-60-kapsliu\\\/#breadcrumb\",\"itemListElement\":[{\"@type\":\"ListItem\",\"position\":1,\"name\":\"Prad\u017eia\",\"item\":\"https:\\\/\\\/puhdasplus.ee\\\/lt\\\/\"},{\"@type\":\"ListItem\",\"position\":2,\"name\":\"Produktai\",\"item\":\"https:\\\/\\\/puhdasplus.ee\\\/lt\\\/parduotuve\\\/\"},{\"@type\":\"ListItem\",\"position\":3,\"name\":\"Folatas 500 \u00b5g, 60 kapsuli\u0173\"}]},{\"@type\":\"WebSite\",\"@id\":\"https:\\\/\\\/puhdasplus.ee\\\/lt\\\/#website\",\"url\":\"https:\\\/\\\/puhdasplus.ee\\\/lt\\\/\",\"name\":\"Puhdas+\",\"description\":\"Vitaminai, maisto papildai, nat\u016brali kosmetika, sveikata, sportas\",\"publisher\":{\"@id\":\"https:\\\/\\\/puhdasplus.ee\\\/lt\\\/#organization\"},\"potentialAction\":[{\"@type\":\"SearchAction\",\"target\":{\"@type\":\"EntryPoint\",\"urlTemplate\":\"https:\\\/\\\/puhdasplus.ee\\\/lt\\\/?s={search_term_string}\"},\"query-input\":{\"@type\":\"PropertyValueSpecification\",\"valueRequired\":true,\"valueName\":\"search_term_string\"}}],\"inLanguage\":\"lt-LT\"},{\"@type\":\"Organization\",\"@id\":\"https:\\\/\\\/puhdasplus.ee\\\/lt\\\/#organization\",\"name\":\"Puhdas+\",\"alternateName\":\"Puhdasplus\",\"url\":\"https:\\\/\\\/puhdasplus.ee\\\/lt\\\/\",\"logo\":{\"@type\":\"ImageObject\",\"inLanguage\":\"lt-LT\",\"@id\":\"https:\\\/\\\/puhdasplus.ee\\\/lt\\\/#\\\/schema\\\/logo\\\/image\\\/\",\"url\":\"https:\\\/\\\/puhdasplus.ee\\\/wp-content\\\/uploads\\\/2019\\\/10\\\/puhdas_logo-arvele.png\",\"contentUrl\":\"https:\\\/\\\/puhdasplus.ee\\\/wp-content\\\/uploads\\\/2019\\\/10\\\/puhdas_logo-arvele.png\",\"width\":114,\"height\":94,\"caption\":\"Puhdas+\"},\"image\":{\"@id\":\"https:\\\/\\\/puhdasplus.ee\\\/lt\\\/#\\\/schema\\\/logo\\\/image\\\/\"},\"sameAs\":[\"https:\\\/\\\/www.facebook.com\\\/puhdasplus\",\"https:\\\/\\\/www.instagram.com\\\/puhdasplus_ee\\\/\"]}]}<\/script>\n<!-- \/ Yoast SEO plugin. -->","yoast_head_json":{"title":"Folatas 500 \u00b5g Quatrefolic\u00ae \u2014 60 kapsuli\u0173 | Puhdas+","description":"Bioaktyvus folatas 500 \u00b5g Quatrefolic\u00ae forma \u2014 organizmas gali i\u0161 karto naudoti. Svarbus l\u0105steli\u0173 dalijimosi procesui ir kraujo susidarymui. Tinka veganams.","robots":{"index":"index","follow":"follow","max-snippet":"max-snippet:-1","max-image-preview":"max-image-preview:large","max-video-preview":"max-video-preview:-1"},"canonical":"https:\/\/puhdasplus.ee\/lt\/produktai\/vitaminai\/vitaminas-b\/foliatas-500-%c2%b5g-60-kapsliu\/","og_locale":"lt_LT","og_type":"article","og_title":"Folatas 500 \u00b5g Quatrefolic\u00ae \u2014 60 kapsuli\u0173 | Puhdas+","og_description":"Bioaktyvus folatas 500 \u00b5g Quatrefolic\u00ae forma \u2014 organizmas gali i\u0161 karto naudoti. Svarbus l\u0105steli\u0173 dalijimosi procesui ir kraujo susidarymui. Tinka veganams.","og_url":"https:\/\/puhdasplus.ee\/lt\/produktai\/vitaminai\/vitaminas-b\/foliatas-500-%c2%b5g-60-kapsliu\/","og_site_name":"Puhdas+","article_publisher":"https:\/\/www.facebook.com\/puhdasplus","article_modified_time":"2026-04-07T06:30:55+00:00","og_image":[{"width":1862,"height":2560,"url":"https:\/\/puhdasplus.ee\/wp-content\/uploads\/2026\/02\/Puhdas-Folaat-500-\u00b5g-60-kapslit-\u2013-toidulisand-scaled.jpg","type":"image\/jpeg"}],"twitter_card":"summary_large_image","twitter_misc":{"Est. reading time":"2 minut\u0117"},"schema":{"@context":"https:\/\/schema.org","@graph":[{"@type":"WebPage","@id":"https:\/\/puhdasplus.ee\/lt\/produktai\/vitaminai\/vitaminas-b\/foliatas-500-%c2%b5g-60-kapsliu\/","url":"https:\/\/puhdasplus.ee\/lt\/produktai\/vitaminai\/vitaminas-b\/foliatas-500-%c2%b5g-60-kapsliu\/","name":"Folatas 500 \u00b5g Quatrefolic\u00ae \u2014 60 kapsuli\u0173 | Puhdas+","isPartOf":{"@id":"https:\/\/puhdasplus.ee\/lt\/#website"},"primaryImageOfPage":{"@id":"https:\/\/puhdasplus.ee\/lt\/produktai\/vitaminai\/vitaminas-b\/foliatas-500-%c2%b5g-60-kapsliu\/#primaryimage"},"image":{"@id":"https:\/\/puhdasplus.ee\/lt\/produktai\/vitaminai\/vitaminas-b\/foliatas-500-%c2%b5g-60-kapsliu\/#primaryimage"},"thumbnailUrl":"https:\/\/puhdasplus.ee\/wp-content\/uploads\/2026\/02\/Puhdas-Folaat-500-\u00b5g-60-kapslit-\u2013-toidulisand-scaled.jpg","datePublished":"2026-02-26T09:38:26+00:00","dateModified":"2026-04-07T06:30:55+00:00","description":"Bioaktyvus folatas 500 \u00b5g Quatrefolic\u00ae forma \u2014 organizmas gali i\u0161 karto naudoti. Svarbus l\u0105steli\u0173 dalijimosi procesui ir kraujo susidarymui. Tinka veganams.","breadcrumb":{"@id":"https:\/\/puhdasplus.ee\/lt\/produktai\/vitaminai\/vitaminas-b\/foliatas-500-%c2%b5g-60-kapsliu\/#breadcrumb"},"inLanguage":"lt-LT","potentialAction":[{"@type":"ReadAction","target":["https:\/\/puhdasplus.ee\/lt\/produktai\/vitaminai\/vitaminas-b\/foliatas-500-%c2%b5g-60-kapsliu\/"]}]},{"@type":"ImageObject","inLanguage":"lt-LT","@id":"https:\/\/puhdasplus.ee\/lt\/produktai\/vitaminai\/vitaminas-b\/foliatas-500-%c2%b5g-60-kapsliu\/#primaryimage","url":"https:\/\/puhdasplus.ee\/wp-content\/uploads\/2026\/02\/Puhdas-Folaat-500-\u00b5g-60-kapslit-\u2013-toidulisand-scaled.jpg","contentUrl":"https:\/\/puhdasplus.ee\/wp-content\/uploads\/2026\/02\/Puhdas-Folaat-500-\u00b5g-60-kapslit-\u2013-toidulisand-scaled.jpg","width":1862,"height":2560,"caption":"\u201ePuhdas+ Folaat\u201c 500 \u00b5g, 60 kapsli\u0173 \u2013 maisto papildas"},{"@type":"BreadcrumbList","@id":"https:\/\/puhdasplus.ee\/lt\/produktai\/vitaminai\/vitaminas-b\/foliatas-500-%c2%b5g-60-kapsliu\/#breadcrumb","itemListElement":[{"@type":"ListItem","position":1,"name":"Prad\u017eia","item":"https:\/\/puhdasplus.ee\/lt\/"},{"@type":"ListItem","position":2,"name":"Produktai","item":"https:\/\/puhdasplus.ee\/lt\/parduotuve\/"},{"@type":"ListItem","position":3,"name":"Folatas 500 \u00b5g, 60 kapsuli\u0173"}]},{"@type":"WebSite","@id":"https:\/\/puhdasplus.ee\/lt\/#website","url":"https:\/\/puhdasplus.ee\/lt\/","name":"Puhdas+","description":"Vitaminai, maisto papildai, nat\u016brali kosmetika, sveikata, sportas","publisher":{"@id":"https:\/\/puhdasplus.ee\/lt\/#organization"},"potentialAction":[{"@type":"SearchAction","target":{"@type":"EntryPoint","urlTemplate":"https:\/\/puhdasplus.ee\/lt\/?s={search_term_string}"},"query-input":{"@type":"PropertyValueSpecification","valueRequired":true,"valueName":"search_term_string"}}],"inLanguage":"lt-LT"},{"@type":"Organization","@id":"https:\/\/puhdasplus.ee\/lt\/#organization","name":"Puhdas+","alternateName":"Puhdasplus","url":"https:\/\/puhdasplus.ee\/lt\/","logo":{"@type":"ImageObject","inLanguage":"lt-LT","@id":"https:\/\/puhdasplus.ee\/lt\/#\/schema\/logo\/image\/","url":"https:\/\/puhdasplus.ee\/wp-content\/uploads\/2019\/10\/puhdas_logo-arvele.png","contentUrl":"https:\/\/puhdasplus.ee\/wp-content\/uploads\/2019\/10\/puhdas_logo-arvele.png","width":114,"height":94,"caption":"Puhdas+"},"image":{"@id":"https:\/\/puhdasplus.ee\/lt\/#\/schema\/logo\/image\/"},"sameAs":["https:\/\/www.facebook.com\/puhdasplus","https:\/\/www.instagram.com\/puhdasplus_ee\/"]}]}},"_yoast_wpseo_title":"Folatas 500 \u00b5g Quatrefolic\u00ae \u2014 60 kapsuli\u0173 | Puhdas+","_yoast_wpseo_metadesc":"Bioaktyvus folatas 500 \u00b5g Quatrefolic\u00ae forma \u2014 organizmas gali i\u0161 karto naudoti. Svarbus l\u0105steli\u0173 dalijimosi procesui ir kraujo susidarymui. Tinka veganams.","_yoast_wpseo_focuskw":"folatas maisto papildas Quatrefolic","_links":{"self":[{"href":"https:\/\/puhdasplus.ee\/lt\/wp-json\/wp\/v2\/product\/357217","targetHints":{"allow":["GET"]}}],"collection":[{"href":"https:\/\/puhdasplus.ee\/lt\/wp-json\/wp\/v2\/product"}],"about":[{"href":"https:\/\/puhdasplus.ee\/lt\/wp-json\/wp\/v2\/types\/product"}],"replies":[{"embeddable":true,"href":"https:\/\/puhdasplus.ee\/lt\/wp-json\/wp\/v2\/comments?post=357217"}],"wp:featuredmedia":[{"embeddable":true,"href":"https:\/\/puhdasplus.ee\/lt\/wp-json\/wp\/v2\/media\/357218"}],"wp:attachment":[{"href":"https:\/\/puhdasplus.ee\/lt\/wp-json\/wp\/v2\/media?parent=357217"}],"wp:term":[{"taxonomy":"product_brand","embeddable":true,"href":"https:\/\/puhdasplus.ee\/lt\/wp-json\/wp\/v2\/product_brand?post=357217"},{"taxonomy":"product_cat","embeddable":true,"href":"https:\/\/puhdasplus.ee\/lt\/wp-json\/wp\/v2\/product_cat?post=357217"},{"taxonomy":"product_tag","embeddable":true,"href":"https:\/\/puhdasplus.ee\/lt\/wp-json\/wp\/v2\/product_tag?post=357217"}],"curies":[{"name":"wp","href":"https:\/\/api.w.org\/{rel}","templated":true}]}}