{"id":354529,"date":"2025-10-05T09:55:56","date_gmt":"2025-10-05T06:55:56","guid":{"rendered":"https:\/\/puhdasplus.ee\/tooted\/be-kategorijos\/druskos-purskiklis-plaukams-250-ml\/"},"modified":"2026-04-07T16:11:01","modified_gmt":"2026-04-07T13:11:01","slug":"druskos-purskiklis-plaukams-250-ml","status":"publish","type":"product","link":"https:\/\/puhdasplus.ee\/lt\/produktai\/kosmetika-lt\/druskos-purskiklis-plaukams-250-ml\/","title":{"rendered":"Druskos pur\u0161kiklis plaukams 250 ml"},"content":{"rendered":"<h2>Nat\u016brali tekst\u016bra ir apimtis kiekvien\u0105 dien\u0105<\/h2>\n<p><strong>Puhdas+ Druskos pur\u0161kiklis<\/strong> suteikia plaukams lengv\u0105 laikym\u0105, p\u016bkuotum\u0105 ir nat\u016brali\u0105 tekst\u016br\u0105 \u2013 tarsi b\u016btum\u0117te praleid\u0119 dien\u0105 j\u016bros v\u0117jyje. Druskos pur\u0161kiklis padeda pasiekti populiar\u0173 &#8222;papl\u016bdimio efekt\u0105&#8221; bei suteikia plaukams gyvybingumo ir judesio nepada\u017eydama j\u0173 sunkesni\u0173.<\/p>\n<p>Tinka kasdieniam naudojimui visiems plauk\u0173 tipams, tiek moterims, tiek vyrams. Pagaminta Suomijoje, laikantis Puhdas+ \u0161varumo ir paprastumo princip\u0173.<\/p>\n<h2>Poveikis ir privalumai<\/h2>\n<ul>\n<li>\n<p>Suteikia <strong>apimties ir p\u016bkuotumo<\/strong> plaukams<\/p>\n<\/li>\n<li>\n<p>Suteikia <strong>nat\u016brali\u0105, lengvai matin\u0119 tekst\u016br\u0105<\/strong><\/p>\n<\/li>\n<li>\n<p>Padeda sukurti &#8222;<strong>beach look<\/strong>&#8221; arba papl\u016bdimio \u0161ukuosenos efekt\u0105<\/p>\n<\/li>\n<li>\n<p>Tinka naudoti <strong>tiek sausiem, tiek lengvai dr\u0117gniems plaukams<\/strong><\/p>\n<\/li>\n<li>\n<p>Nepalieka plauk\u0173 lipni\u0173 ar sunki\u0173<\/p>\n<\/li>\n<li>\n<p><strong>Pantenolis<\/strong> ir <strong>alavijo ekstraktas<\/strong> dr\u0117kina bei pri\u017ei\u016bri galvos od\u0105<\/p>\n<\/li>\n<\/ul>\n<h2>Kaip naudoti<\/h2>\n<ol>\n<li>\n<p>Prie\u0161 naudojant pakratykite butel\u012f.<\/p>\n<\/li>\n<li>\n<p>Tolygiai pur\u0161kite ant plauk\u0173 (dr\u0117gn\u0173 ar saus\u0173).<\/p>\n<\/li>\n<li>\n<p>Formuokite pir\u0161tais ar plauk\u0173 d\u017eiovintuvu, kad pasiektum\u0117te norim\u0105 tekst\u016br\u0105 ir p\u016bkuot\u0105 \u0161ukuosen\u0105.<\/p>\n<\/li>\n<li>\n<p>Jei reikia, prid\u0117kite dar \u0161iek tiek produkto ant plauk\u0173 gal\u0173 ar \u0161akn\u0173 papildomai apim\u010diai.<\/p>\n<\/li>\n<\/ol>\n<h2>Sud\u0117tis<\/h2>\n<p>Aqua, Alcohol Denat., VP\/VA Copolymer, Sodium Chloride, Magneesium Sulfate, Propanediol, Glycerin, PEG-40 Hydrogenated Castor Oil, Sodium Benzoate, Panthenol, Mentha Arvensis Leaf Oil, Potassium Sorbate, Citric Acid, Aloe Barbadensis Leaf Extract, Menthol.<\/p>\n<p><strong>Vegani\u0161ka \u2022 Be gliuteno \u2022 Neturi prid\u0117t\u0173 kvapi\u0173j\u0173 ar da\u017eom\u0173j\u0173 med\u017eiag\u0173<\/strong><\/p>\n<p>Pagaminta Suomijoje. Puhdas+ produktai \u017einomi d\u0117l savo <strong>\u0161vari\u0173 ir efektyvi\u0173 sud\u0117\u010di\u0173<\/strong> \u2013 juose n\u0117ra nereikaling\u0173 pried\u0173, tinka jautriai galvos odai ir palaiko nat\u016brali\u0105 plauk\u0173 strukt\u016br\u0105.<\/p>\n<p><strong>\u017di\u016br\u0117kite taip pat:<\/strong> <a href=\"https:\/\/puhdasplus.ee\/toote-kategooria\/looduskosmeetika\/\">Nat\u016brali kosmetika<\/a> | <a href=\"https:\/\/puhdasplus.ee\/toote-kategooria\/nahk-juuksed-kuuned\/\">Oda, plaukai, nagai<\/a> | <a href=\"https:\/\/puhdasplus.ee\/toote-kategooria\/kollageen\/\">Kolagenas<\/a><\/p>\n","protected":false},"excerpt":{"rendered":"<p>Puhdas+ Druskos pur\u0161kiklis yra nat\u016bralus plauk\u0173 pur\u0161kiklis, kuris suteikia plaukams p\u016bkuot\u0105 ir tekst\u016brin\u012f u\u017ebaigtum\u0105, tarsi b\u016btum\u0117te praleid\u0119 dien\u0105 j\u016bros v\u0117jyje. Jis padeda sukurti populiar\u0173 &#8222;papl\u016bdimio efekt\u0105&#8221; arba beach look stili\u0173, kartu suteikdamas plaukams apimties, judesio ir lengvo laikymo. Pur\u0161kiklis nepadaro plauk\u0173 lipni\u0173 ar sunki\u0173 bei puikiai tinka kasdieniam naudojimui visiems plauk\u0173 tipams.<\/p>\n<p>Pur\u0161kiklis turi nat\u016brali\u0173 mineral\u0173 ir pri\u017ei\u016brin\u010di\u0173 sudedam\u0173j\u0173 dali\u0173, toki\u0173 kaip pantenolis ir alavijo ekstraktas, kurie padeda dr\u0117kinti plaukus ir galvos od\u0105, i\u0161saugodami j\u0173 nat\u016bral\u0173 elastingum\u0105. Be alkoholio ir vegani\u0161ka sud\u0117tis u\u017etikrina, kad produktas ned\u017eiovina plauk\u0173 bei gerai tinka jautriai galvos odai.<\/p>\n<p>Puhdas+ Druskos pur\u0161kiklis idealiai tinka tiek trump\u0173, tiek ilg\u0173 plauk\u0173 stilizavimui. Galima naudoti tiek ant saus\u0173, tiek lengvai dr\u0117gn\u0173 plauk\u0173 \u2014 tiesiog pur\u0161kite ant plauk\u0173, formuokite pir\u0161tais ir palikite d\u017ei\u016bti nat\u016braliai arba naudojant plauk\u0173 d\u017eiovintuv\u0105. Rezultatas \u2013 p\u016bkuota, lengva ir matin\u0117s tekst\u016bros \u0161ukuosena, kuri gerai i\u0161lieka vis\u0105 dien\u0105.<\/p>\n","protected":false},"featured_media":354530,"comment_status":"open","ping_status":"closed","template":"","meta":{"_acf_changed":false,"googlesitekit_rrm_CAow3eq7DA:productID":""},"product_brand":[],"product_cat":[2582,3282],"product_tag":[7537,8346,7869,8378,2562,8374,2967],"class_list":{"0":"post-354529","1":"product","2":"type-product","3":"status-publish","4":"has-post-thumbnail","6":"product_cat-kosmetika-lt","7":"product_cat-oda-plaukai-nagai","8":"product_tag-alavijas","9":"product_tag-be-gliuteno-lt","10":"product_tag-naturali-kosmetika","11":"product_tag-natralus-lt","12":"product_tag-plauku-prieziura","13":"product_tag-suomijos-kokyb-lt","14":"product_tag-veganas","16":"first","17":"instock","18":"taxable","19":"shipping-taxable","20":"purchasable","21":"product-type-simple"},"acf":[],"yoast_head":"<!-- This site is optimized with the Yoast SEO plugin v27.3 - https:\/\/yoast.com\/product\/yoast-seo-wordpress\/ -->\n<title>Druskos pur\u0161kiklis plaukams 250 ml | Puhdas+<\/title>\n<meta name=\"description\" content=\"Nat\u016bralus druskos pur\u0161kiklis plaukams \u2014 suteikia plaukams papl\u016bdimio tekst\u016br\u0105 ir apimt\u012f. J\u016bros druskos pagrindu. Tinka visiems plauk\u0173 tipams. 250 ml.\" \/>\n<meta name=\"robots\" content=\"index, follow, max-snippet:-1, max-image-preview:large, max-video-preview:-1\" \/>\n<link rel=\"canonical\" href=\"https:\/\/puhdasplus.ee\/lt\/produktai\/kosmetika-lt\/druskos-purskiklis-plaukams-250-ml\/\" \/>\n<meta property=\"og:locale\" content=\"lt_LT\" \/>\n<meta property=\"og:type\" content=\"article\" \/>\n<meta property=\"og:title\" content=\"Druskos pur\u0161kiklis plaukams 250 ml | Puhdas+\" \/>\n<meta property=\"og:description\" content=\"Nat\u016bralus druskos pur\u0161kiklis plaukams \u2014 suteikia plaukams papl\u016bdimio tekst\u016br\u0105 ir apimt\u012f. J\u016bros druskos pagrindu. Tinka visiems plauk\u0173 tipams. 250 ml.\" \/>\n<meta property=\"og:url\" content=\"https:\/\/puhdasplus.ee\/lt\/produktai\/kosmetika-lt\/druskos-purskiklis-plaukams-250-ml\/\" \/>\n<meta property=\"og:site_name\" content=\"Puhdas+\" \/>\n<meta property=\"article:publisher\" content=\"https:\/\/www.facebook.com\/puhdasplus\" \/>\n<meta property=\"article:modified_time\" content=\"2026-04-07T13:11:01+00:00\" \/>\n<meta property=\"og:image\" content=\"https:\/\/puhdasplus.ee\/wp-content\/uploads\/2025\/10\/tooted-ilma-taustata-copy-2-scaled.jpg\" \/>\n\t<meta property=\"og:image:width\" content=\"1862\" \/>\n\t<meta property=\"og:image:height\" content=\"2560\" \/>\n\t<meta property=\"og:image:type\" content=\"image\/jpeg\" \/>\n<meta name=\"twitter:card\" content=\"summary_large_image\" \/>\n<meta name=\"twitter:label1\" content=\"Est. reading time\" \/>\n\t<meta name=\"twitter:data1\" content=\"1 minut\u0117\" \/>\n<script type=\"application\/ld+json\" class=\"yoast-schema-graph\">{\"@context\":\"https:\\\/\\\/schema.org\",\"@graph\":[{\"@type\":\"WebPage\",\"@id\":\"https:\\\/\\\/puhdasplus.ee\\\/lt\\\/produktai\\\/kosmetika-lt\\\/druskos-purskiklis-plaukams-250-ml\\\/\",\"url\":\"https:\\\/\\\/puhdasplus.ee\\\/lt\\\/produktai\\\/kosmetika-lt\\\/druskos-purskiklis-plaukams-250-ml\\\/\",\"name\":\"Druskos pur\u0161kiklis plaukams 250 ml | Puhdas+\",\"isPartOf\":{\"@id\":\"https:\\\/\\\/puhdasplus.ee\\\/lt\\\/#website\"},\"primaryImageOfPage\":{\"@id\":\"https:\\\/\\\/puhdasplus.ee\\\/lt\\\/produktai\\\/kosmetika-lt\\\/druskos-purskiklis-plaukams-250-ml\\\/#primaryimage\"},\"image\":{\"@id\":\"https:\\\/\\\/puhdasplus.ee\\\/lt\\\/produktai\\\/kosmetika-lt\\\/druskos-purskiklis-plaukams-250-ml\\\/#primaryimage\"},\"thumbnailUrl\":\"https:\\\/\\\/puhdasplus.ee\\\/wp-content\\\/uploads\\\/2025\\\/10\\\/tooted-ilma-taustata-copy-2-scaled.jpg\",\"datePublished\":\"2025-10-05T06:55:56+00:00\",\"dateModified\":\"2026-04-07T13:11:01+00:00\",\"description\":\"Nat\u016bralus druskos pur\u0161kiklis plaukams \u2014 suteikia plaukams papl\u016bdimio tekst\u016br\u0105 ir apimt\u012f. J\u016bros druskos pagrindu. Tinka visiems plauk\u0173 tipams. 250 ml.\",\"breadcrumb\":{\"@id\":\"https:\\\/\\\/puhdasplus.ee\\\/lt\\\/produktai\\\/kosmetika-lt\\\/druskos-purskiklis-plaukams-250-ml\\\/#breadcrumb\"},\"inLanguage\":\"lt-LT\",\"potentialAction\":[{\"@type\":\"ReadAction\",\"target\":[\"https:\\\/\\\/puhdasplus.ee\\\/lt\\\/produktai\\\/kosmetika-lt\\\/druskos-purskiklis-plaukams-250-ml\\\/\"]}]},{\"@type\":\"ImageObject\",\"inLanguage\":\"lt-LT\",\"@id\":\"https:\\\/\\\/puhdasplus.ee\\\/lt\\\/produktai\\\/kosmetika-lt\\\/druskos-purskiklis-plaukams-250-ml\\\/#primaryimage\",\"url\":\"https:\\\/\\\/puhdasplus.ee\\\/wp-content\\\/uploads\\\/2025\\\/10\\\/tooted-ilma-taustata-copy-2-scaled.jpg\",\"contentUrl\":\"https:\\\/\\\/puhdasplus.ee\\\/wp-content\\\/uploads\\\/2025\\\/10\\\/tooted-ilma-taustata-copy-2-scaled.jpg\",\"width\":1862,\"height\":2560,\"caption\":\"druskos pur\u0161kiklis plaukams\"},{\"@type\":\"BreadcrumbList\",\"@id\":\"https:\\\/\\\/puhdasplus.ee\\\/lt\\\/produktai\\\/kosmetika-lt\\\/druskos-purskiklis-plaukams-250-ml\\\/#breadcrumb\",\"itemListElement\":[{\"@type\":\"ListItem\",\"position\":1,\"name\":\"Prad\u017eia\",\"item\":\"https:\\\/\\\/puhdasplus.ee\\\/lt\\\/\"},{\"@type\":\"ListItem\",\"position\":2,\"name\":\"Produktai\",\"item\":\"https:\\\/\\\/puhdasplus.ee\\\/lt\\\/parduotuve\\\/\"},{\"@type\":\"ListItem\",\"position\":3,\"name\":\"Druskos pur\u0161kiklis plaukams 250 ml\"}]},{\"@type\":\"WebSite\",\"@id\":\"https:\\\/\\\/puhdasplus.ee\\\/lt\\\/#website\",\"url\":\"https:\\\/\\\/puhdasplus.ee\\\/lt\\\/\",\"name\":\"Puhdas+\",\"description\":\"Vitaminai, maisto papildai, nat\u016brali kosmetika, sveikata, sportas\",\"publisher\":{\"@id\":\"https:\\\/\\\/puhdasplus.ee\\\/lt\\\/#organization\"},\"potentialAction\":[{\"@type\":\"SearchAction\",\"target\":{\"@type\":\"EntryPoint\",\"urlTemplate\":\"https:\\\/\\\/puhdasplus.ee\\\/lt\\\/?s={search_term_string}\"},\"query-input\":{\"@type\":\"PropertyValueSpecification\",\"valueRequired\":true,\"valueName\":\"search_term_string\"}}],\"inLanguage\":\"lt-LT\"},{\"@type\":\"Organization\",\"@id\":\"https:\\\/\\\/puhdasplus.ee\\\/lt\\\/#organization\",\"name\":\"Puhdas+\",\"alternateName\":\"Puhdasplus\",\"url\":\"https:\\\/\\\/puhdasplus.ee\\\/lt\\\/\",\"logo\":{\"@type\":\"ImageObject\",\"inLanguage\":\"lt-LT\",\"@id\":\"https:\\\/\\\/puhdasplus.ee\\\/lt\\\/#\\\/schema\\\/logo\\\/image\\\/\",\"url\":\"https:\\\/\\\/puhdasplus.ee\\\/wp-content\\\/uploads\\\/2019\\\/10\\\/puhdas_logo-arvele.png\",\"contentUrl\":\"https:\\\/\\\/puhdasplus.ee\\\/wp-content\\\/uploads\\\/2019\\\/10\\\/puhdas_logo-arvele.png\",\"width\":114,\"height\":94,\"caption\":\"Puhdas+\"},\"image\":{\"@id\":\"https:\\\/\\\/puhdasplus.ee\\\/lt\\\/#\\\/schema\\\/logo\\\/image\\\/\"},\"sameAs\":[\"https:\\\/\\\/www.facebook.com\\\/puhdasplus\",\"https:\\\/\\\/www.instagram.com\\\/puhdasplus_ee\\\/\"]}]}<\/script>\n<!-- \/ Yoast SEO plugin. -->","yoast_head_json":{"title":"Druskos pur\u0161kiklis plaukams 250 ml | Puhdas+","description":"Nat\u016bralus druskos pur\u0161kiklis plaukams \u2014 suteikia plaukams papl\u016bdimio tekst\u016br\u0105 ir apimt\u012f. J\u016bros druskos pagrindu. Tinka visiems plauk\u0173 tipams. 250 ml.","robots":{"index":"index","follow":"follow","max-snippet":"max-snippet:-1","max-image-preview":"max-image-preview:large","max-video-preview":"max-video-preview:-1"},"canonical":"https:\/\/puhdasplus.ee\/lt\/produktai\/kosmetika-lt\/druskos-purskiklis-plaukams-250-ml\/","og_locale":"lt_LT","og_type":"article","og_title":"Druskos pur\u0161kiklis plaukams 250 ml | Puhdas+","og_description":"Nat\u016bralus druskos pur\u0161kiklis plaukams \u2014 suteikia plaukams papl\u016bdimio tekst\u016br\u0105 ir apimt\u012f. J\u016bros druskos pagrindu. Tinka visiems plauk\u0173 tipams. 250 ml.","og_url":"https:\/\/puhdasplus.ee\/lt\/produktai\/kosmetika-lt\/druskos-purskiklis-plaukams-250-ml\/","og_site_name":"Puhdas+","article_publisher":"https:\/\/www.facebook.com\/puhdasplus","article_modified_time":"2026-04-07T13:11:01+00:00","og_image":[{"width":1862,"height":2560,"url":"https:\/\/puhdasplus.ee\/wp-content\/uploads\/2025\/10\/tooted-ilma-taustata-copy-2-scaled.jpg","type":"image\/jpeg"}],"twitter_card":"summary_large_image","twitter_misc":{"Est. reading time":"1 minut\u0117"},"schema":{"@context":"https:\/\/schema.org","@graph":[{"@type":"WebPage","@id":"https:\/\/puhdasplus.ee\/lt\/produktai\/kosmetika-lt\/druskos-purskiklis-plaukams-250-ml\/","url":"https:\/\/puhdasplus.ee\/lt\/produktai\/kosmetika-lt\/druskos-purskiklis-plaukams-250-ml\/","name":"Druskos pur\u0161kiklis plaukams 250 ml | Puhdas+","isPartOf":{"@id":"https:\/\/puhdasplus.ee\/lt\/#website"},"primaryImageOfPage":{"@id":"https:\/\/puhdasplus.ee\/lt\/produktai\/kosmetika-lt\/druskos-purskiklis-plaukams-250-ml\/#primaryimage"},"image":{"@id":"https:\/\/puhdasplus.ee\/lt\/produktai\/kosmetika-lt\/druskos-purskiklis-plaukams-250-ml\/#primaryimage"},"thumbnailUrl":"https:\/\/puhdasplus.ee\/wp-content\/uploads\/2025\/10\/tooted-ilma-taustata-copy-2-scaled.jpg","datePublished":"2025-10-05T06:55:56+00:00","dateModified":"2026-04-07T13:11:01+00:00","description":"Nat\u016bralus druskos pur\u0161kiklis plaukams \u2014 suteikia plaukams papl\u016bdimio tekst\u016br\u0105 ir apimt\u012f. J\u016bros druskos pagrindu. Tinka visiems plauk\u0173 tipams. 250 ml.","breadcrumb":{"@id":"https:\/\/puhdasplus.ee\/lt\/produktai\/kosmetika-lt\/druskos-purskiklis-plaukams-250-ml\/#breadcrumb"},"inLanguage":"lt-LT","potentialAction":[{"@type":"ReadAction","target":["https:\/\/puhdasplus.ee\/lt\/produktai\/kosmetika-lt\/druskos-purskiklis-plaukams-250-ml\/"]}]},{"@type":"ImageObject","inLanguage":"lt-LT","@id":"https:\/\/puhdasplus.ee\/lt\/produktai\/kosmetika-lt\/druskos-purskiklis-plaukams-250-ml\/#primaryimage","url":"https:\/\/puhdasplus.ee\/wp-content\/uploads\/2025\/10\/tooted-ilma-taustata-copy-2-scaled.jpg","contentUrl":"https:\/\/puhdasplus.ee\/wp-content\/uploads\/2025\/10\/tooted-ilma-taustata-copy-2-scaled.jpg","width":1862,"height":2560,"caption":"druskos pur\u0161kiklis plaukams"},{"@type":"BreadcrumbList","@id":"https:\/\/puhdasplus.ee\/lt\/produktai\/kosmetika-lt\/druskos-purskiklis-plaukams-250-ml\/#breadcrumb","itemListElement":[{"@type":"ListItem","position":1,"name":"Prad\u017eia","item":"https:\/\/puhdasplus.ee\/lt\/"},{"@type":"ListItem","position":2,"name":"Produktai","item":"https:\/\/puhdasplus.ee\/lt\/parduotuve\/"},{"@type":"ListItem","position":3,"name":"Druskos pur\u0161kiklis plaukams 250 ml"}]},{"@type":"WebSite","@id":"https:\/\/puhdasplus.ee\/lt\/#website","url":"https:\/\/puhdasplus.ee\/lt\/","name":"Puhdas+","description":"Vitaminai, maisto papildai, nat\u016brali kosmetika, sveikata, sportas","publisher":{"@id":"https:\/\/puhdasplus.ee\/lt\/#organization"},"potentialAction":[{"@type":"SearchAction","target":{"@type":"EntryPoint","urlTemplate":"https:\/\/puhdasplus.ee\/lt\/?s={search_term_string}"},"query-input":{"@type":"PropertyValueSpecification","valueRequired":true,"valueName":"search_term_string"}}],"inLanguage":"lt-LT"},{"@type":"Organization","@id":"https:\/\/puhdasplus.ee\/lt\/#organization","name":"Puhdas+","alternateName":"Puhdasplus","url":"https:\/\/puhdasplus.ee\/lt\/","logo":{"@type":"ImageObject","inLanguage":"lt-LT","@id":"https:\/\/puhdasplus.ee\/lt\/#\/schema\/logo\/image\/","url":"https:\/\/puhdasplus.ee\/wp-content\/uploads\/2019\/10\/puhdas_logo-arvele.png","contentUrl":"https:\/\/puhdasplus.ee\/wp-content\/uploads\/2019\/10\/puhdas_logo-arvele.png","width":114,"height":94,"caption":"Puhdas+"},"image":{"@id":"https:\/\/puhdasplus.ee\/lt\/#\/schema\/logo\/image\/"},"sameAs":["https:\/\/www.facebook.com\/puhdasplus","https:\/\/www.instagram.com\/puhdasplus_ee\/"]}]}},"_yoast_wpseo_title":"Druskos pur\u0161kiklis plaukams 250 ml | Puhdas+","_yoast_wpseo_metadesc":"Nat\u016bralus druskos pur\u0161kiklis plaukams \u2014 suteikia plaukams papl\u016bdimio tekst\u016br\u0105 ir apimt\u012f. J\u016bros druskos pagrindu. Tinka visiems plauk\u0173 tipams. 250 ml.","_yoast_wpseo_focuskw":"druskos pur\u0161kiklis plaukams","_links":{"self":[{"href":"https:\/\/puhdasplus.ee\/lt\/wp-json\/wp\/v2\/product\/354529","targetHints":{"allow":["GET"]}}],"collection":[{"href":"https:\/\/puhdasplus.ee\/lt\/wp-json\/wp\/v2\/product"}],"about":[{"href":"https:\/\/puhdasplus.ee\/lt\/wp-json\/wp\/v2\/types\/product"}],"replies":[{"embeddable":true,"href":"https:\/\/puhdasplus.ee\/lt\/wp-json\/wp\/v2\/comments?post=354529"}],"wp:featuredmedia":[{"embeddable":true,"href":"https:\/\/puhdasplus.ee\/lt\/wp-json\/wp\/v2\/media\/354530"}],"wp:attachment":[{"href":"https:\/\/puhdasplus.ee\/lt\/wp-json\/wp\/v2\/media?parent=354529"}],"wp:term":[{"taxonomy":"product_brand","embeddable":true,"href":"https:\/\/puhdasplus.ee\/lt\/wp-json\/wp\/v2\/product_brand?post=354529"},{"taxonomy":"product_cat","embeddable":true,"href":"https:\/\/puhdasplus.ee\/lt\/wp-json\/wp\/v2\/product_cat?post=354529"},{"taxonomy":"product_tag","embeddable":true,"href":"https:\/\/puhdasplus.ee\/lt\/wp-json\/wp\/v2\/product_tag?post=354529"}],"curies":[{"name":"wp","href":"https:\/\/api.w.org\/{rel}","templated":true}]}}