{"id":354483,"date":"2025-10-05T10:31:09","date_gmt":"2025-10-05T07:31:09","guid":{"rendered":"https:\/\/puhdasplus.ee\/tooted\/be-kategorijos\/kofeino-sampunas-250-ml\/"},"modified":"2026-03-28T19:40:47","modified_gmt":"2026-03-28T17:40:47","slug":"kofeino-sampunas-250-ml","status":"publish","type":"product","link":"https:\/\/puhdasplus.ee\/lt\/produktai\/kosmetika-lt\/kofeino-sampunas-250-ml\/","title":{"rendered":"Kofeino \u0161amp\u016bnas 250 ml"},"content":{"rendered":"<p>Puhdas+ Kofeino \u0161amp\u016bnas kruop\u0161\u010diai suformuluotas plaukams plauti ir galvos odai stimuliuoti. \u0160io lengvo, bet efektyvaus \u0161amp\u016bno formul\u0117je yra keletas puosel\u0117jan\u010di\u0173 sudedam\u0173j\u0173 dali\u0173, palaikan\u010di\u0173 plauk\u0173 stiprum\u0105, gyvybingum\u0105 ir gerov\u0119 nesunkinant plauk\u0173.<\/p>\n<h2>Pagrindin\u0117s veikliosios med\u017eiagos ir poveikis<\/h2>\n<ul>\n<li>\n<p><strong>Kofeinas<\/strong> \u2014 padeda stimuliuoti l\u0105steli\u0173 med\u017eiag\u0173 apykait\u0105 galvos odoje ir stiprinti \u0161akn\u0173 lygmeniu.<\/p>\n<\/li>\n<li>\n<p><strong>Niacinamidas (vitaminas B3)<\/strong> \u2014 palaiko galvos odos pusiausvyr\u0105 ir padeda i\u0161laikyti plauk\u0173 elastingum\u0105.<\/p>\n<\/li>\n<li>\n<p><strong>Pantenolis (provitaminas B5)<\/strong> \u2014 dr\u0117kina ir padeda i\u0161laikyti plauk\u0173 mink\u0161tum\u0105.<\/p>\n<\/li>\n<li>\n<p><strong>\u017daliosios arbatos lap\u0173 ekstraktas<\/strong> \u2014 antioksidacinis poveikis, saugo plaukus ir galvos od\u0105.<\/p>\n<\/li>\n<li>\n<p><strong>Mentolis<\/strong> \u2014 suteikia v\u0117sinant\u012f efekt\u0105 ir gaivumo poj\u016bt\u012f naudojant.<\/p>\n<\/li>\n<\/ul>\n<h2>Naudojimas<\/h2>\n<ul>\n<li>\n<p>Sudr\u0117kinkite plaukus ir \u0161velniai \u012fmasa\u017euokite \u0161amp\u016bn\u0105 \u012f galvos od\u0105, palikdami veikti ma\u017edaug 2 minutes.<\/p>\n<\/li>\n<li>\n<p>Kruop\u0161\u010diai nuplaukite vandeniu.<\/p>\n<\/li>\n<li>\n<p>Jei reikia, pakartokite naudojim\u0105.<\/p>\n<\/li>\n<li>\n<p>Geriausiam rezultatui tinka naudoti kartu su tos pa\u010dios serijos prie\u017ei\u016bros skys\u010diu ar aliejumi.<\/p>\n<\/li>\n<\/ul>\n<p><strong>Rezultatas<\/strong><br \/>\u0160velnus ir reguliarus naudojimas gali palikti plaukus \u0161varius, lengvesnius ir gyvybingesnius. Galvos oda gauna gaivos, o plaukai jau\u010diasi stipresni ir subalansuoti kasdieniame naudojime.<\/p>\n<p><strong>Tinkamumas<\/strong><br \/>Tinka \u012fvairiems plauk\u0173 tipams, ypa\u010d tiems, kurie ie\u0161ko plauk\u0173 plovimo priemon\u0117s, teikian\u010dios papildom\u0105 param\u0105 galvos odai ir plauk\u0173 \u0161aknims. Taip pat tinka rudens sezonui, kai plaukai ir galvos oda gali reikalauti papildomo gaivinimo.<\/p>\n<p><strong>Sud\u0117tis:<\/strong><br \/>Aqua (Water), Sodium Laureth Sulfate, Glycerin, Pentylene Glycol, Cocamidopropyl Betaine, Xanthan Gum, Decyl Glucoside, Coco-Glucoside, Glyceryl Oleate, Niacinamide (Vitamin B3), Panthenol (Provitamin B5), Caffeine, Saccharide Isomerate, Lactic Acid, Serenoa Serrulata Fruit Extract, Camellia Sinensis Leaf Extract, Mentha Arvensis Leaf Oil, Arginine, Citric Acid, Potassium Sorbate, Sorbic Acid, Sodium Benzoate, Hydrogenated Vegetable Glycerides Citrate, Menthol.<\/p>\n<h2>Laikymas<\/h2>\n<ul>\n<li>\n<p>Laikyti sausoje, kambario temperat\u016broje ir nuo \u0161viesos apsaugotoje vietoje.<\/p>\n<\/li>\n<li>\n<p>Po naudojimo tvirtai u\u017edarykite dangtel\u012f.<\/p>\n<\/li>\n<li>\n<p>Vengti tiesiogini\u0173 saul\u0117s spinduli\u0173 ir auk\u0161tesn\u0117s temperat\u016bros.<\/p>\n<\/li>\n<\/ul>\n<p><strong>\u017di\u016br\u0117ti taip pat:<\/strong> <a href=\"\/toode\/looduskosmeetika\/\">Nat\u016brali kosmetika<\/a> | <a href=\"\/toode\/nahk-juuksed-kuuned\/\">Oda, plaukai, nagai<\/a> | <a href=\"\/toode\/kollageen\/\">Kolagenas<\/a><\/p>\n","protected":false},"excerpt":{"rendered":"<p>Puhdas+ Kofeino \u0161amp\u016bnas \u0161velniai plauna ir stimuliuoja galvos od\u0105. Turi kofeino, niacinamido, pantenolio ir \u017ealiosios arbatos ekstrakto, kurie palaiko plauk\u0173 stiprum\u0105, gyvybingum\u0105 ir galvos odos pusiausvyr\u0105.<\/p>\n","protected":false},"featured_media":354487,"comment_status":"open","ping_status":"closed","template":"","meta":{"_acf_changed":false,"googlesitekit_rrm_CAow3eq7DA:productID":""},"product_brand":[],"product_cat":[2582,3282,3049],"product_tag":[7295,8327,7869,2562,2967],"class_list":{"0":"post-354483","1":"product","2":"type-product","3":"status-publish","4":"has-post-thumbnail","6":"product_cat-kosmetika-lt","7":"product_cat-oda-plaukai-nagai","8":"product_cat-specialus-pasiulymai","9":"product_tag-kofeinas","10":"product_tag-kofeino-ampnas-lt","11":"product_tag-naturali-kosmetika","12":"product_tag-plauku-prieziura","13":"product_tag-veganas","15":"first","16":"instock","17":"sale","18":"taxable","19":"shipping-taxable","20":"purchasable","21":"product-type-simple"},"acf":[],"yoast_head":"<!-- This site is optimized with the Yoast SEO plugin v27.4 - https:\/\/yoast.com\/product\/yoast-seo-wordpress\/ -->\n<title>Kofeino \u0161amp\u016bnas 250 ml | Puhdas+<\/title>\n<meta name=\"description\" content=\"\u201ePuhdas+ Caffeine\u201c \u0161amp\u016bnas gaivina galvos od\u0105 ir stiprina plaukus. Sud\u0117tyje yra kofeino, niacinamido ir \u017ealiosios arbatos ekstrakto, kurie palaiko plauk\u0173 gyvybingum\u0105.\" \/>\n<meta name=\"robots\" content=\"index, follow, max-snippet:-1, max-image-preview:large, max-video-preview:-1\" \/>\n<link rel=\"canonical\" href=\"https:\/\/puhdasplus.ee\/lt\/produktai\/kosmetika-lt\/kofeino-sampunas-250-ml\/\" \/>\n<meta property=\"og:locale\" content=\"lt_LT\" \/>\n<meta property=\"og:type\" content=\"article\" \/>\n<meta property=\"og:title\" content=\"Kofeino \u0161amp\u016bnas 250 ml | Puhdas+\" \/>\n<meta property=\"og:description\" content=\"\u201ePuhdas+ Caffeine\u201c \u0161amp\u016bnas gaivina galvos od\u0105 ir stiprina plaukus. Sud\u0117tyje yra kofeino, niacinamido ir \u017ealiosios arbatos ekstrakto, kurie palaiko plauk\u0173 gyvybingum\u0105.\" \/>\n<meta property=\"og:url\" content=\"https:\/\/puhdasplus.ee\/lt\/produktai\/kosmetika-lt\/kofeino-sampunas-250-ml\/\" \/>\n<meta property=\"og:site_name\" content=\"Puhdas+\" \/>\n<meta property=\"article:publisher\" content=\"https:\/\/www.facebook.com\/puhdasplus\" \/>\n<meta property=\"article:modified_time\" content=\"2026-03-28T17:40:47+00:00\" \/>\n<meta property=\"og:image\" content=\"https:\/\/puhdasplus.ee\/wp-content\/uploads\/2025\/10\/tooted-ilma-taustata-copy-5-scaled.jpg\" \/>\n\t<meta property=\"og:image:width\" content=\"1862\" \/>\n\t<meta property=\"og:image:height\" content=\"2560\" \/>\n\t<meta property=\"og:image:type\" content=\"image\/jpeg\" \/>\n<meta name=\"twitter:card\" content=\"summary_large_image\" \/>\n<meta name=\"twitter:label1\" content=\"Est. reading time\" \/>\n\t<meta name=\"twitter:data1\" content=\"2 minut\u0117\" \/>\n<script type=\"application\/ld+json\" class=\"yoast-schema-graph\">{\"@context\":\"https:\\\/\\\/schema.org\",\"@graph\":[{\"@type\":\"WebPage\",\"@id\":\"https:\\\/\\\/puhdasplus.ee\\\/lt\\\/produktai\\\/kosmetika-lt\\\/kofeino-sampunas-250-ml\\\/\",\"url\":\"https:\\\/\\\/puhdasplus.ee\\\/lt\\\/produktai\\\/kosmetika-lt\\\/kofeino-sampunas-250-ml\\\/\",\"name\":\"Kofeino \u0161amp\u016bnas 250 ml | Puhdas+\",\"isPartOf\":{\"@id\":\"https:\\\/\\\/puhdasplus.ee\\\/lt\\\/#website\"},\"primaryImageOfPage\":{\"@id\":\"https:\\\/\\\/puhdasplus.ee\\\/lt\\\/produktai\\\/kosmetika-lt\\\/kofeino-sampunas-250-ml\\\/#primaryimage\"},\"image\":{\"@id\":\"https:\\\/\\\/puhdasplus.ee\\\/lt\\\/produktai\\\/kosmetika-lt\\\/kofeino-sampunas-250-ml\\\/#primaryimage\"},\"thumbnailUrl\":\"https:\\\/\\\/puhdasplus.ee\\\/wp-content\\\/uploads\\\/2025\\\/10\\\/tooted-ilma-taustata-copy-5-scaled.jpg\",\"datePublished\":\"2025-10-05T07:31:09+00:00\",\"dateModified\":\"2026-03-28T17:40:47+00:00\",\"description\":\"\u201ePuhdas+ Caffeine\u201c \u0161amp\u016bnas gaivina galvos od\u0105 ir stiprina plaukus. Sud\u0117tyje yra kofeino, niacinamido ir \u017ealiosios arbatos ekstrakto, kurie palaiko plauk\u0173 gyvybingum\u0105.\",\"breadcrumb\":{\"@id\":\"https:\\\/\\\/puhdasplus.ee\\\/lt\\\/produktai\\\/kosmetika-lt\\\/kofeino-sampunas-250-ml\\\/#breadcrumb\"},\"inLanguage\":\"lt-LT\",\"potentialAction\":[{\"@type\":\"ReadAction\",\"target\":[\"https:\\\/\\\/puhdasplus.ee\\\/lt\\\/produktai\\\/kosmetika-lt\\\/kofeino-sampunas-250-ml\\\/\"]}]},{\"@type\":\"ImageObject\",\"inLanguage\":\"lt-LT\",\"@id\":\"https:\\\/\\\/puhdasplus.ee\\\/lt\\\/produktai\\\/kosmetika-lt\\\/kofeino-sampunas-250-ml\\\/#primaryimage\",\"url\":\"https:\\\/\\\/puhdasplus.ee\\\/wp-content\\\/uploads\\\/2025\\\/10\\\/tooted-ilma-taustata-copy-5-scaled.jpg\",\"contentUrl\":\"https:\\\/\\\/puhdasplus.ee\\\/wp-content\\\/uploads\\\/2025\\\/10\\\/tooted-ilma-taustata-copy-5-scaled.jpg\",\"width\":1862,\"height\":2560,\"caption\":\"Kofeino \u0161amp\u016bnas 250 ml\"},{\"@type\":\"BreadcrumbList\",\"@id\":\"https:\\\/\\\/puhdasplus.ee\\\/lt\\\/produktai\\\/kosmetika-lt\\\/kofeino-sampunas-250-ml\\\/#breadcrumb\",\"itemListElement\":[{\"@type\":\"ListItem\",\"position\":1,\"name\":\"Prad\u017eia\",\"item\":\"https:\\\/\\\/puhdasplus.ee\\\/lt\\\/\"},{\"@type\":\"ListItem\",\"position\":2,\"name\":\"Produktai\",\"item\":\"https:\\\/\\\/puhdasplus.ee\\\/lt\\\/parduotuve\\\/\"},{\"@type\":\"ListItem\",\"position\":3,\"name\":\"Kofeino \u0161amp\u016bnas 250 ml\"}]},{\"@type\":\"WebSite\",\"@id\":\"https:\\\/\\\/puhdasplus.ee\\\/lt\\\/#website\",\"url\":\"https:\\\/\\\/puhdasplus.ee\\\/lt\\\/\",\"name\":\"Puhdas+\",\"description\":\"Vitaminai, maisto papildai, nat\u016brali kosmetika, sveikata, sportas\",\"publisher\":{\"@id\":\"https:\\\/\\\/puhdasplus.ee\\\/lt\\\/#organization\"},\"potentialAction\":[{\"@type\":\"SearchAction\",\"target\":{\"@type\":\"EntryPoint\",\"urlTemplate\":\"https:\\\/\\\/puhdasplus.ee\\\/lt\\\/?s={search_term_string}\"},\"query-input\":{\"@type\":\"PropertyValueSpecification\",\"valueRequired\":true,\"valueName\":\"search_term_string\"}}],\"inLanguage\":\"lt-LT\"},{\"@type\":\"Organization\",\"@id\":\"https:\\\/\\\/puhdasplus.ee\\\/lt\\\/#organization\",\"name\":\"Puhdas+\",\"alternateName\":\"Puhdasplus\",\"url\":\"https:\\\/\\\/puhdasplus.ee\\\/lt\\\/\",\"logo\":{\"@type\":\"ImageObject\",\"inLanguage\":\"lt-LT\",\"@id\":\"https:\\\/\\\/puhdasplus.ee\\\/lt\\\/#\\\/schema\\\/logo\\\/image\\\/\",\"url\":\"https:\\\/\\\/puhdasplus.ee\\\/wp-content\\\/uploads\\\/2019\\\/10\\\/puhdas_logo-arvele.png\",\"contentUrl\":\"https:\\\/\\\/puhdasplus.ee\\\/wp-content\\\/uploads\\\/2019\\\/10\\\/puhdas_logo-arvele.png\",\"width\":114,\"height\":94,\"caption\":\"Puhdas+\"},\"image\":{\"@id\":\"https:\\\/\\\/puhdasplus.ee\\\/lt\\\/#\\\/schema\\\/logo\\\/image\\\/\"},\"sameAs\":[\"https:\\\/\\\/www.facebook.com\\\/puhdasplus\",\"https:\\\/\\\/www.instagram.com\\\/puhdasplus_ee\\\/\"]}]}<\/script>\n<!-- \/ Yoast SEO plugin. -->","yoast_head_json":{"title":"Kofeino \u0161amp\u016bnas 250 ml | Puhdas+","description":"\u201ePuhdas+ Caffeine\u201c \u0161amp\u016bnas gaivina galvos od\u0105 ir stiprina plaukus. Sud\u0117tyje yra kofeino, niacinamido ir \u017ealiosios arbatos ekstrakto, kurie palaiko plauk\u0173 gyvybingum\u0105.","robots":{"index":"index","follow":"follow","max-snippet":"max-snippet:-1","max-image-preview":"max-image-preview:large","max-video-preview":"max-video-preview:-1"},"canonical":"https:\/\/puhdasplus.ee\/lt\/produktai\/kosmetika-lt\/kofeino-sampunas-250-ml\/","og_locale":"lt_LT","og_type":"article","og_title":"Kofeino \u0161amp\u016bnas 250 ml | Puhdas+","og_description":"\u201ePuhdas+ Caffeine\u201c \u0161amp\u016bnas gaivina galvos od\u0105 ir stiprina plaukus. Sud\u0117tyje yra kofeino, niacinamido ir \u017ealiosios arbatos ekstrakto, kurie palaiko plauk\u0173 gyvybingum\u0105.","og_url":"https:\/\/puhdasplus.ee\/lt\/produktai\/kosmetika-lt\/kofeino-sampunas-250-ml\/","og_site_name":"Puhdas+","article_publisher":"https:\/\/www.facebook.com\/puhdasplus","article_modified_time":"2026-03-28T17:40:47+00:00","og_image":[{"width":1862,"height":2560,"url":"https:\/\/puhdasplus.ee\/wp-content\/uploads\/2025\/10\/tooted-ilma-taustata-copy-5-scaled.jpg","type":"image\/jpeg"}],"twitter_card":"summary_large_image","twitter_misc":{"Est. reading time":"2 minut\u0117"},"schema":{"@context":"https:\/\/schema.org","@graph":[{"@type":"WebPage","@id":"https:\/\/puhdasplus.ee\/lt\/produktai\/kosmetika-lt\/kofeino-sampunas-250-ml\/","url":"https:\/\/puhdasplus.ee\/lt\/produktai\/kosmetika-lt\/kofeino-sampunas-250-ml\/","name":"Kofeino \u0161amp\u016bnas 250 ml | Puhdas+","isPartOf":{"@id":"https:\/\/puhdasplus.ee\/lt\/#website"},"primaryImageOfPage":{"@id":"https:\/\/puhdasplus.ee\/lt\/produktai\/kosmetika-lt\/kofeino-sampunas-250-ml\/#primaryimage"},"image":{"@id":"https:\/\/puhdasplus.ee\/lt\/produktai\/kosmetika-lt\/kofeino-sampunas-250-ml\/#primaryimage"},"thumbnailUrl":"https:\/\/puhdasplus.ee\/wp-content\/uploads\/2025\/10\/tooted-ilma-taustata-copy-5-scaled.jpg","datePublished":"2025-10-05T07:31:09+00:00","dateModified":"2026-03-28T17:40:47+00:00","description":"\u201ePuhdas+ Caffeine\u201c \u0161amp\u016bnas gaivina galvos od\u0105 ir stiprina plaukus. Sud\u0117tyje yra kofeino, niacinamido ir \u017ealiosios arbatos ekstrakto, kurie palaiko plauk\u0173 gyvybingum\u0105.","breadcrumb":{"@id":"https:\/\/puhdasplus.ee\/lt\/produktai\/kosmetika-lt\/kofeino-sampunas-250-ml\/#breadcrumb"},"inLanguage":"lt-LT","potentialAction":[{"@type":"ReadAction","target":["https:\/\/puhdasplus.ee\/lt\/produktai\/kosmetika-lt\/kofeino-sampunas-250-ml\/"]}]},{"@type":"ImageObject","inLanguage":"lt-LT","@id":"https:\/\/puhdasplus.ee\/lt\/produktai\/kosmetika-lt\/kofeino-sampunas-250-ml\/#primaryimage","url":"https:\/\/puhdasplus.ee\/wp-content\/uploads\/2025\/10\/tooted-ilma-taustata-copy-5-scaled.jpg","contentUrl":"https:\/\/puhdasplus.ee\/wp-content\/uploads\/2025\/10\/tooted-ilma-taustata-copy-5-scaled.jpg","width":1862,"height":2560,"caption":"Kofeino \u0161amp\u016bnas 250 ml"},{"@type":"BreadcrumbList","@id":"https:\/\/puhdasplus.ee\/lt\/produktai\/kosmetika-lt\/kofeino-sampunas-250-ml\/#breadcrumb","itemListElement":[{"@type":"ListItem","position":1,"name":"Prad\u017eia","item":"https:\/\/puhdasplus.ee\/lt\/"},{"@type":"ListItem","position":2,"name":"Produktai","item":"https:\/\/puhdasplus.ee\/lt\/parduotuve\/"},{"@type":"ListItem","position":3,"name":"Kofeino \u0161amp\u016bnas 250 ml"}]},{"@type":"WebSite","@id":"https:\/\/puhdasplus.ee\/lt\/#website","url":"https:\/\/puhdasplus.ee\/lt\/","name":"Puhdas+","description":"Vitaminai, maisto papildai, nat\u016brali kosmetika, sveikata, sportas","publisher":{"@id":"https:\/\/puhdasplus.ee\/lt\/#organization"},"potentialAction":[{"@type":"SearchAction","target":{"@type":"EntryPoint","urlTemplate":"https:\/\/puhdasplus.ee\/lt\/?s={search_term_string}"},"query-input":{"@type":"PropertyValueSpecification","valueRequired":true,"valueName":"search_term_string"}}],"inLanguage":"lt-LT"},{"@type":"Organization","@id":"https:\/\/puhdasplus.ee\/lt\/#organization","name":"Puhdas+","alternateName":"Puhdasplus","url":"https:\/\/puhdasplus.ee\/lt\/","logo":{"@type":"ImageObject","inLanguage":"lt-LT","@id":"https:\/\/puhdasplus.ee\/lt\/#\/schema\/logo\/image\/","url":"https:\/\/puhdasplus.ee\/wp-content\/uploads\/2019\/10\/puhdas_logo-arvele.png","contentUrl":"https:\/\/puhdasplus.ee\/wp-content\/uploads\/2019\/10\/puhdas_logo-arvele.png","width":114,"height":94,"caption":"Puhdas+"},"image":{"@id":"https:\/\/puhdasplus.ee\/lt\/#\/schema\/logo\/image\/"},"sameAs":["https:\/\/www.facebook.com\/puhdasplus","https:\/\/www.instagram.com\/puhdasplus_ee\/"]}]}},"_yoast_wpseo_title":"Kofeino \u0161amp\u016bnas 250 ml | Puhdas+","_yoast_wpseo_metadesc":"\u201ePuhdas+ Caffeine\u201c \u0161amp\u016bnas gaivina galvos od\u0105 ir stiprina plaukus. Sud\u0117tyje yra kofeino, niacinamido ir \u017ealiosios arbatos ekstrakto, kurie palaiko plauk\u0173 gyvybingum\u0105.","_yoast_wpseo_focuskw":"","_links":{"self":[{"href":"https:\/\/puhdasplus.ee\/lt\/wp-json\/wp\/v2\/product\/354483","targetHints":{"allow":["GET"]}}],"collection":[{"href":"https:\/\/puhdasplus.ee\/lt\/wp-json\/wp\/v2\/product"}],"about":[{"href":"https:\/\/puhdasplus.ee\/lt\/wp-json\/wp\/v2\/types\/product"}],"replies":[{"embeddable":true,"href":"https:\/\/puhdasplus.ee\/lt\/wp-json\/wp\/v2\/comments?post=354483"}],"wp:featuredmedia":[{"embeddable":true,"href":"https:\/\/puhdasplus.ee\/lt\/wp-json\/wp\/v2\/media\/354487"}],"wp:attachment":[{"href":"https:\/\/puhdasplus.ee\/lt\/wp-json\/wp\/v2\/media?parent=354483"}],"wp:term":[{"taxonomy":"product_brand","embeddable":true,"href":"https:\/\/puhdasplus.ee\/lt\/wp-json\/wp\/v2\/product_brand?post=354483"},{"taxonomy":"product_cat","embeddable":true,"href":"https:\/\/puhdasplus.ee\/lt\/wp-json\/wp\/v2\/product_cat?post=354483"},{"taxonomy":"product_tag","embeddable":true,"href":"https:\/\/puhdasplus.ee\/lt\/wp-json\/wp\/v2\/product_tag?post=354483"}],"curies":[{"name":"wp","href":"https:\/\/api.w.org\/{rel}","templated":true}]}}