{"id":354102,"date":"2025-09-10T10:58:47","date_gmt":"2025-09-10T07:58:47","guid":{"rendered":"https:\/\/puhdasplus.ee\/tooted\/be-kategorijos\/valerijono-300-mg-60-kapsuliu\/"},"modified":"2026-04-07T19:59:27","modified_gmt":"2026-04-07T16:59:27","slug":"valerijono-300-mg-60-kapsuliu","status":"publish","type":"product","link":"https:\/\/puhdasplus.ee\/lt\/produktai\/stresas-ir-miegas\/valerijono-300-mg-60-kapsuliu\/","title":{"rendered":"Valerijonas 300 mg 60 kapsuli\u0173"},"content":{"rendered":"<h2>Kod\u0117l valerijonas?<\/h2>\n<h3>Tradicinis raminantis augalas<\/h3>\n<p>Valerijonas (Valeriana officinalis) yra vienas seniausi\u0173 ir \u017einomiausi\u0173 augalini\u0173 maisto papild\u0173, <strong>tradici\u0161kai naudojamas \u0161imtme\u010dius<\/strong> atsipalaidavimui ir miegui palaikyti. Puhdas+ Valerijonas turi 300 mg koncentruoto \u0161aknies ekstrakto.<\/p>\n<h3>K\u0105 valerijonas turi?<\/h3>\n<ul>\n<li><strong>Valerijono \u0161aknies ekstraktas<\/strong> \u2014 koncentruotos aktyvios med\u017eiagos<\/li>\n<li><strong>Tradicinis augalas<\/strong> miego ir atsipalaidavimo palaikymui<\/li>\n<li><strong>Gryna sud\u0117tis<\/strong> be pried\u0173<\/li>\n<\/ul>\n<h2>Kam tinka ir kaip vartoti?<\/h2>\n<h3>Kam tinka?<\/h3>\n<ul>\n<li>Jei ie\u0161kote <strong>nat\u016bralaus miego ir atsipalaidavimo palaikymo<\/strong><\/li>\n<li>Jei teikiate pirmenyb\u0119 <strong>tradiciniam augaliniam po\u017ei\u016briui<\/strong><\/li>\n<li>Jei norite palaikyti <strong>ram\u0173 jausm\u0105<\/strong> vakare<\/li>\n<\/ul>\n<p>Tinka veganams. Pagaminta Suomijoje. Taip pat \u017ei\u016br\u0117kite <a href=\"\/toode\/ashwagandha-bioperine\/\">a\u0161vagand\u0105<\/a> ir <a href=\"\/toode\/oine-magneesium-120-kapslit\/\">naktin\u012f magn\u012f<\/a> vakarin\u0117s rutinos palaikymui.<\/p>\n<h3>Sud\u0117tis ir maistin\u0117 vert\u0117<\/h3>\n<h2>Sud\u0117tis<\/h2>\n<h4>Maistin\u0117 vert\u0117 vienoje kapsul\u0117je<\/h4>\n<table>\n<thead>\n<tr>\n<th>Maistin\u0117 med\u017eiaga<\/th>\n<th>Kiekis<\/th>\n<\/tr>\n<\/thead>\n<tbody>\n<tr>\n<td>Valerijono \u0161aknies ekstraktas<\/td>\n<td>300 mg<\/td>\n<\/tr>\n<\/tbody>\n<\/table>\n<h3>Kaip vartoti?<\/h3>\n<p>Vartoti 1 kapsul\u0119 vakare, 30\u201360 minu\u010di\u0173 prie\u0161 mieg\u0105. 60 kapsuli\u0173.<\/p>\n<h2>Da\u017eniausiai u\u017eduodami klausimai<\/h2>\n<h3>Kada vartoti valerijon\u0105?<\/h3>\n<p>Pageidautina 30\u201360 minu\u010di\u0173 prie\u0161 mieg\u0105.<\/p>\n<h3>Ar valerijonas sukelia priklausomyb\u0119?<\/h3>\n<p>Valerijonas yra augalinis maisto papildas ir n\u0117ra \u017einomas kaip sukeliantis priklausomyb\u0119.<\/p>\n<h3>Ar galima vartoti kartu su magniu?<\/h3>\n<p>Taip. <a href=\"\/toode\/oine-magneesium-120-kapslit\/\">Naktinis magnis<\/a> ir valerijonas yra populiarus vakarinis derinys.<\/p>\n<p><strong>\u017di\u016br\u0117ti taip pat:<\/strong> <a href=\"https:\/\/puhdasplus.ee\/toote-kategooria\/stress-uni\/\">Stress ja Uni<\/a> | <a href=\"https:\/\/puhdasplus.ee\/toote-kategooria\/magneesium\/\">Magnis<\/a><\/p>\n","protected":false},"excerpt":{"rendered":"<p>Valerijono \u0161aknies ekstraktas (Valeriana officinalis) 300 mg \u2014 tradicinis augalas, naudojamas \u0161imtme\u010dius atsipalaidavimui ir miegui palaikyti. Gryna sud\u0117tis, tinka veganams. 60 kapsuli\u0173.<\/p>\n","protected":false},"featured_media":353828,"comment_status":"open","ping_status":"closed","template":"","meta":{"_acf_changed":false,"googlesitekit_rrm_CAow3eq7DA:productID":""},"product_brand":[],"product_cat":[3013],"product_tag":[8350,3131,7898,8378,8374,2967],"class_list":{"0":"post-354102","1":"product","2":"type-product","3":"status-publish","4":"has-post-thumbnail","6":"product_cat-stresas-ir-miegas","7":"product_tag-be-laktozs-lt","8":"product_tag-maisto-papildas","9":"product_tag-miegas-ir-atsipalaidavimas","10":"product_tag-natralus-lt","11":"product_tag-suomijos-kokyb-lt","12":"product_tag-veganas","14":"first","15":"instock","16":"taxable","17":"shipping-taxable","18":"purchasable","19":"product-type-simple"},"acf":[],"yoast_head":"<!-- This site is optimized with the Yoast SEO plugin v27.3 - https:\/\/yoast.com\/product\/yoast-seo-wordpress\/ -->\n<title>Valerijonas 300 mg 60 kapsuli\u0173 | Puhdas+<\/title>\n<meta name=\"description\" content=\"\u201ePuhdas+ Valerian\u201c 60 kapsuli\u0173 \u2013 stiprus 300 mg valerijon\u0173 ekstraktas. Nat\u016brali pagalba mal\u0161inant stres\u0105, atsipalaidavimui ir geresniam miegui.\" \/>\n<meta name=\"robots\" content=\"index, follow, max-snippet:-1, max-image-preview:large, max-video-preview:-1\" \/>\n<link rel=\"canonical\" href=\"https:\/\/puhdasplus.ee\/lt\/produktai\/stresas-ir-miegas\/valerijono-300-mg-60-kapsuliu\/\" \/>\n<meta property=\"og:locale\" content=\"lt_LT\" \/>\n<meta property=\"og:type\" content=\"article\" \/>\n<meta property=\"og:title\" content=\"Valerijonas 300 mg 60 kapsuli\u0173 | Puhdas+\" \/>\n<meta property=\"og:description\" content=\"\u201ePuhdas+ Valerian\u201c 60 kapsuli\u0173 \u2013 stiprus 300 mg valerijon\u0173 ekstraktas. Nat\u016brali pagalba mal\u0161inant stres\u0105, atsipalaidavimui ir geresniam miegui.\" \/>\n<meta property=\"og:url\" content=\"https:\/\/puhdasplus.ee\/lt\/produktai\/stresas-ir-miegas\/valerijono-300-mg-60-kapsuliu\/\" \/>\n<meta property=\"og:site_name\" content=\"Puhdas+\" \/>\n<meta property=\"article:publisher\" content=\"https:\/\/www.facebook.com\/puhdasplus\" \/>\n<meta property=\"article:modified_time\" content=\"2026-04-07T16:59:27+00:00\" \/>\n<meta property=\"og:image\" content=\"https:\/\/puhdasplus.ee\/wp-content\/uploads\/2025\/09\/tooted-ilma-taustata-copy-4-scaled.jpg\" \/>\n\t<meta property=\"og:image:width\" content=\"1862\" \/>\n\t<meta property=\"og:image:height\" content=\"2560\" \/>\n\t<meta property=\"og:image:type\" content=\"image\/jpeg\" \/>\n<meta name=\"twitter:card\" content=\"summary_large_image\" \/>\n<meta name=\"twitter:label1\" content=\"Est. reading time\" \/>\n\t<meta name=\"twitter:data1\" content=\"1 minut\u0117\" \/>\n<script type=\"application\/ld+json\" class=\"yoast-schema-graph\">{\"@context\":\"https:\\\/\\\/schema.org\",\"@graph\":[{\"@type\":\"WebPage\",\"@id\":\"https:\\\/\\\/puhdasplus.ee\\\/lt\\\/produktai\\\/stresas-ir-miegas\\\/valerijono-300-mg-60-kapsuliu\\\/\",\"url\":\"https:\\\/\\\/puhdasplus.ee\\\/lt\\\/produktai\\\/stresas-ir-miegas\\\/valerijono-300-mg-60-kapsuliu\\\/\",\"name\":\"Valerijonas 300 mg 60 kapsuli\u0173 | Puhdas+\",\"isPartOf\":{\"@id\":\"https:\\\/\\\/puhdasplus.ee\\\/lt\\\/#website\"},\"primaryImageOfPage\":{\"@id\":\"https:\\\/\\\/puhdasplus.ee\\\/lt\\\/produktai\\\/stresas-ir-miegas\\\/valerijono-300-mg-60-kapsuliu\\\/#primaryimage\"},\"image\":{\"@id\":\"https:\\\/\\\/puhdasplus.ee\\\/lt\\\/produktai\\\/stresas-ir-miegas\\\/valerijono-300-mg-60-kapsuliu\\\/#primaryimage\"},\"thumbnailUrl\":\"https:\\\/\\\/puhdasplus.ee\\\/wp-content\\\/uploads\\\/2025\\\/09\\\/tooted-ilma-taustata-copy-4-scaled.jpg\",\"datePublished\":\"2025-09-10T07:58:47+00:00\",\"dateModified\":\"2026-04-07T16:59:27+00:00\",\"description\":\"\u201ePuhdas+ Valerian\u201c 60 kapsuli\u0173 \u2013 stiprus 300 mg valerijon\u0173 ekstraktas. Nat\u016brali pagalba mal\u0161inant stres\u0105, atsipalaidavimui ir geresniam miegui.\",\"breadcrumb\":{\"@id\":\"https:\\\/\\\/puhdasplus.ee\\\/lt\\\/produktai\\\/stresas-ir-miegas\\\/valerijono-300-mg-60-kapsuliu\\\/#breadcrumb\"},\"inLanguage\":\"lt-LT\",\"potentialAction\":[{\"@type\":\"ReadAction\",\"target\":[\"https:\\\/\\\/puhdasplus.ee\\\/lt\\\/produktai\\\/stresas-ir-miegas\\\/valerijono-300-mg-60-kapsuliu\\\/\"]}]},{\"@type\":\"ImageObject\",\"inLanguage\":\"lt-LT\",\"@id\":\"https:\\\/\\\/puhdasplus.ee\\\/lt\\\/produktai\\\/stresas-ir-miegas\\\/valerijono-300-mg-60-kapsuliu\\\/#primaryimage\",\"url\":\"https:\\\/\\\/puhdasplus.ee\\\/wp-content\\\/uploads\\\/2025\\\/09\\\/tooted-ilma-taustata-copy-4-scaled.jpg\",\"contentUrl\":\"https:\\\/\\\/puhdasplus.ee\\\/wp-content\\\/uploads\\\/2025\\\/09\\\/tooted-ilma-taustata-copy-4-scaled.jpg\",\"width\":1862,\"height\":2560,\"caption\":\"\u201ePuhdas+\u201c valerijon\u0173 60 kapsuli\u0173\"},{\"@type\":\"BreadcrumbList\",\"@id\":\"https:\\\/\\\/puhdasplus.ee\\\/lt\\\/produktai\\\/stresas-ir-miegas\\\/valerijono-300-mg-60-kapsuliu\\\/#breadcrumb\",\"itemListElement\":[{\"@type\":\"ListItem\",\"position\":1,\"name\":\"Prad\u017eia\",\"item\":\"https:\\\/\\\/puhdasplus.ee\\\/lt\\\/\"},{\"@type\":\"ListItem\",\"position\":2,\"name\":\"Produktai\",\"item\":\"https:\\\/\\\/puhdasplus.ee\\\/lt\\\/parduotuve\\\/\"},{\"@type\":\"ListItem\",\"position\":3,\"name\":\"Valerijonas 300 mg 60 kapsuli\u0173\"}]},{\"@type\":\"WebSite\",\"@id\":\"https:\\\/\\\/puhdasplus.ee\\\/lt\\\/#website\",\"url\":\"https:\\\/\\\/puhdasplus.ee\\\/lt\\\/\",\"name\":\"Puhdas+\",\"description\":\"Vitaminai, maisto papildai, nat\u016brali kosmetika, sveikata, sportas\",\"publisher\":{\"@id\":\"https:\\\/\\\/puhdasplus.ee\\\/lt\\\/#organization\"},\"potentialAction\":[{\"@type\":\"SearchAction\",\"target\":{\"@type\":\"EntryPoint\",\"urlTemplate\":\"https:\\\/\\\/puhdasplus.ee\\\/lt\\\/?s={search_term_string}\"},\"query-input\":{\"@type\":\"PropertyValueSpecification\",\"valueRequired\":true,\"valueName\":\"search_term_string\"}}],\"inLanguage\":\"lt-LT\"},{\"@type\":\"Organization\",\"@id\":\"https:\\\/\\\/puhdasplus.ee\\\/lt\\\/#organization\",\"name\":\"Puhdas+\",\"alternateName\":\"Puhdasplus\",\"url\":\"https:\\\/\\\/puhdasplus.ee\\\/lt\\\/\",\"logo\":{\"@type\":\"ImageObject\",\"inLanguage\":\"lt-LT\",\"@id\":\"https:\\\/\\\/puhdasplus.ee\\\/lt\\\/#\\\/schema\\\/logo\\\/image\\\/\",\"url\":\"https:\\\/\\\/puhdasplus.ee\\\/wp-content\\\/uploads\\\/2019\\\/10\\\/puhdas_logo-arvele.png\",\"contentUrl\":\"https:\\\/\\\/puhdasplus.ee\\\/wp-content\\\/uploads\\\/2019\\\/10\\\/puhdas_logo-arvele.png\",\"width\":114,\"height\":94,\"caption\":\"Puhdas+\"},\"image\":{\"@id\":\"https:\\\/\\\/puhdasplus.ee\\\/lt\\\/#\\\/schema\\\/logo\\\/image\\\/\"},\"sameAs\":[\"https:\\\/\\\/www.facebook.com\\\/puhdasplus\",\"https:\\\/\\\/www.instagram.com\\\/puhdasplus_ee\\\/\"]}]}<\/script>\n<!-- \/ Yoast SEO plugin. -->","yoast_head_json":{"title":"Valerijonas 300 mg 60 kapsuli\u0173 | Puhdas+","description":"\u201ePuhdas+ Valerian\u201c 60 kapsuli\u0173 \u2013 stiprus 300 mg valerijon\u0173 ekstraktas. Nat\u016brali pagalba mal\u0161inant stres\u0105, atsipalaidavimui ir geresniam miegui.","robots":{"index":"index","follow":"follow","max-snippet":"max-snippet:-1","max-image-preview":"max-image-preview:large","max-video-preview":"max-video-preview:-1"},"canonical":"https:\/\/puhdasplus.ee\/lt\/produktai\/stresas-ir-miegas\/valerijono-300-mg-60-kapsuliu\/","og_locale":"lt_LT","og_type":"article","og_title":"Valerijonas 300 mg 60 kapsuli\u0173 | Puhdas+","og_description":"\u201ePuhdas+ Valerian\u201c 60 kapsuli\u0173 \u2013 stiprus 300 mg valerijon\u0173 ekstraktas. Nat\u016brali pagalba mal\u0161inant stres\u0105, atsipalaidavimui ir geresniam miegui.","og_url":"https:\/\/puhdasplus.ee\/lt\/produktai\/stresas-ir-miegas\/valerijono-300-mg-60-kapsuliu\/","og_site_name":"Puhdas+","article_publisher":"https:\/\/www.facebook.com\/puhdasplus","article_modified_time":"2026-04-07T16:59:27+00:00","og_image":[{"width":1862,"height":2560,"url":"https:\/\/puhdasplus.ee\/wp-content\/uploads\/2025\/09\/tooted-ilma-taustata-copy-4-scaled.jpg","type":"image\/jpeg"}],"twitter_card":"summary_large_image","twitter_misc":{"Est. reading time":"1 minut\u0117"},"schema":{"@context":"https:\/\/schema.org","@graph":[{"@type":"WebPage","@id":"https:\/\/puhdasplus.ee\/lt\/produktai\/stresas-ir-miegas\/valerijono-300-mg-60-kapsuliu\/","url":"https:\/\/puhdasplus.ee\/lt\/produktai\/stresas-ir-miegas\/valerijono-300-mg-60-kapsuliu\/","name":"Valerijonas 300 mg 60 kapsuli\u0173 | Puhdas+","isPartOf":{"@id":"https:\/\/puhdasplus.ee\/lt\/#website"},"primaryImageOfPage":{"@id":"https:\/\/puhdasplus.ee\/lt\/produktai\/stresas-ir-miegas\/valerijono-300-mg-60-kapsuliu\/#primaryimage"},"image":{"@id":"https:\/\/puhdasplus.ee\/lt\/produktai\/stresas-ir-miegas\/valerijono-300-mg-60-kapsuliu\/#primaryimage"},"thumbnailUrl":"https:\/\/puhdasplus.ee\/wp-content\/uploads\/2025\/09\/tooted-ilma-taustata-copy-4-scaled.jpg","datePublished":"2025-09-10T07:58:47+00:00","dateModified":"2026-04-07T16:59:27+00:00","description":"\u201ePuhdas+ Valerian\u201c 60 kapsuli\u0173 \u2013 stiprus 300 mg valerijon\u0173 ekstraktas. Nat\u016brali pagalba mal\u0161inant stres\u0105, atsipalaidavimui ir geresniam miegui.","breadcrumb":{"@id":"https:\/\/puhdasplus.ee\/lt\/produktai\/stresas-ir-miegas\/valerijono-300-mg-60-kapsuliu\/#breadcrumb"},"inLanguage":"lt-LT","potentialAction":[{"@type":"ReadAction","target":["https:\/\/puhdasplus.ee\/lt\/produktai\/stresas-ir-miegas\/valerijono-300-mg-60-kapsuliu\/"]}]},{"@type":"ImageObject","inLanguage":"lt-LT","@id":"https:\/\/puhdasplus.ee\/lt\/produktai\/stresas-ir-miegas\/valerijono-300-mg-60-kapsuliu\/#primaryimage","url":"https:\/\/puhdasplus.ee\/wp-content\/uploads\/2025\/09\/tooted-ilma-taustata-copy-4-scaled.jpg","contentUrl":"https:\/\/puhdasplus.ee\/wp-content\/uploads\/2025\/09\/tooted-ilma-taustata-copy-4-scaled.jpg","width":1862,"height":2560,"caption":"\u201ePuhdas+\u201c valerijon\u0173 60 kapsuli\u0173"},{"@type":"BreadcrumbList","@id":"https:\/\/puhdasplus.ee\/lt\/produktai\/stresas-ir-miegas\/valerijono-300-mg-60-kapsuliu\/#breadcrumb","itemListElement":[{"@type":"ListItem","position":1,"name":"Prad\u017eia","item":"https:\/\/puhdasplus.ee\/lt\/"},{"@type":"ListItem","position":2,"name":"Produktai","item":"https:\/\/puhdasplus.ee\/lt\/parduotuve\/"},{"@type":"ListItem","position":3,"name":"Valerijonas 300 mg 60 kapsuli\u0173"}]},{"@type":"WebSite","@id":"https:\/\/puhdasplus.ee\/lt\/#website","url":"https:\/\/puhdasplus.ee\/lt\/","name":"Puhdas+","description":"Vitaminai, maisto papildai, nat\u016brali kosmetika, sveikata, sportas","publisher":{"@id":"https:\/\/puhdasplus.ee\/lt\/#organization"},"potentialAction":[{"@type":"SearchAction","target":{"@type":"EntryPoint","urlTemplate":"https:\/\/puhdasplus.ee\/lt\/?s={search_term_string}"},"query-input":{"@type":"PropertyValueSpecification","valueRequired":true,"valueName":"search_term_string"}}],"inLanguage":"lt-LT"},{"@type":"Organization","@id":"https:\/\/puhdasplus.ee\/lt\/#organization","name":"Puhdas+","alternateName":"Puhdasplus","url":"https:\/\/puhdasplus.ee\/lt\/","logo":{"@type":"ImageObject","inLanguage":"lt-LT","@id":"https:\/\/puhdasplus.ee\/lt\/#\/schema\/logo\/image\/","url":"https:\/\/puhdasplus.ee\/wp-content\/uploads\/2019\/10\/puhdas_logo-arvele.png","contentUrl":"https:\/\/puhdasplus.ee\/wp-content\/uploads\/2019\/10\/puhdas_logo-arvele.png","width":114,"height":94,"caption":"Puhdas+"},"image":{"@id":"https:\/\/puhdasplus.ee\/lt\/#\/schema\/logo\/image\/"},"sameAs":["https:\/\/www.facebook.com\/puhdasplus","https:\/\/www.instagram.com\/puhdasplus_ee\/"]}]}},"_yoast_wpseo_title":"Valerijonas 300 mg 60 kapsuli\u0173 | Puhdas+","_yoast_wpseo_metadesc":"\u201ePuhdas+ Valerian\u201c 60 kapsuli\u0173 \u2013 stiprus 300 mg valerijon\u0173 ekstraktas. Nat\u016brali pagalba mal\u0161inant stres\u0105, atsipalaidavimui ir geresniam miegui.","_yoast_wpseo_focuskw":"","_links":{"self":[{"href":"https:\/\/puhdasplus.ee\/lt\/wp-json\/wp\/v2\/product\/354102","targetHints":{"allow":["GET"]}}],"collection":[{"href":"https:\/\/puhdasplus.ee\/lt\/wp-json\/wp\/v2\/product"}],"about":[{"href":"https:\/\/puhdasplus.ee\/lt\/wp-json\/wp\/v2\/types\/product"}],"replies":[{"embeddable":true,"href":"https:\/\/puhdasplus.ee\/lt\/wp-json\/wp\/v2\/comments?post=354102"}],"wp:featuredmedia":[{"embeddable":true,"href":"https:\/\/puhdasplus.ee\/lt\/wp-json\/wp\/v2\/media\/353828"}],"wp:attachment":[{"href":"https:\/\/puhdasplus.ee\/lt\/wp-json\/wp\/v2\/media?parent=354102"}],"wp:term":[{"taxonomy":"product_brand","embeddable":true,"href":"https:\/\/puhdasplus.ee\/lt\/wp-json\/wp\/v2\/product_brand?post=354102"},{"taxonomy":"product_cat","embeddable":true,"href":"https:\/\/puhdasplus.ee\/lt\/wp-json\/wp\/v2\/product_cat?post=354102"},{"taxonomy":"product_tag","embeddable":true,"href":"https:\/\/puhdasplus.ee\/lt\/wp-json\/wp\/v2\/product_tag?post=354102"}],"curies":[{"name":"wp","href":"https:\/\/api.w.org\/{rel}","templated":true}]}}