{"id":353950,"date":"2025-09-10T10:20:34","date_gmt":"2025-09-10T07:20:34","guid":{"rendered":"https:\/\/puhdasplus.ee\/tooted\/be-kategorijos\/stiprios-diatomitines-zemes-200-g\/"},"modified":"2026-04-07T20:04:02","modified_gmt":"2026-04-07T17:04:02","slug":"stiprios-diatomitines-zemes-200-g","status":"publish","type":"product","link":"https:\/\/puhdasplus.ee\/lt\/produktai\/mineralai\/stiprios-diatomitines-zemes-200-g\/","title":{"rendered":"Stiprus Diatomin\u0117 \u017eem\u0117 200 g"},"content":{"rendered":"<h2>Kas yra diatomin\u0117 \u017eem\u0117?<\/h2>\n<h3>Nat\u016bralus silicio \u0161altinis<\/h3>\n<p>Diatomin\u0117 \u017eem\u0117 yra <strong>nat\u016bral\u016bs silicio dioksido milteliai<\/strong>, gauti i\u0161 suakmen\u0117jusi\u0173 diatom\u0117j\u0173 kiauteli\u0173. Silicis yra mineralas, randamas kauluose, kremzl\u0117se, odoje, plaukuose ir naguose. Puhdas+ diatomin\u0117 \u017eem\u0117 yra 100% gryni milteliai be pried\u0173.<\/p>\n<h3>K\u0105 diatomin\u0117 \u017eem\u0117 turi?<\/h3>\n<ul>\n<li><strong>Silicio dioksid\u0105<\/strong> \u2014 nat\u016bral\u0173 mineral\u0105<\/li>\n<li>Tradicin\u012f papild\u0105 <strong>s\u0105nari\u0173, kaul\u0173 ir jungiamojo audinio<\/strong> palaikymui<\/li>\n<li><strong>Gryn\u0105 ir minimali\u0105<\/strong> sud\u0117t\u012f<\/li>\n<\/ul>\n<h2>Kam tinka ir kaip vartoti?<\/h2>\n<h3>Kam skirtas \u0161is produktas?<\/h3>\n<ul>\n<li>Jei norite palaikyti <strong>s\u0105nari\u0173, kaul\u0173 ir jungiamojo audinio<\/strong> sveikat\u0105<\/li>\n<li>Jei norite palaikyti <strong>odos, plauk\u0173 ir nag\u0173<\/strong> sveikat\u0105<\/li>\n<li>Jei ie\u0161kote <strong>nat\u016bralaus silicio \u0161altinio<\/strong><\/li>\n<\/ul>\n<p>Tinka veganams. Pagaminta Suomijoje. Taip pat \u017ei\u016br\u0117kite <a href=\"\/toode\/glukoosamiin\/\">gliukozamin\u0105<\/a> ir <a href=\"\/toode\/kollageeni-pulber-250-g\/\">kolageno miltelius<\/a> s\u0105nari\u0173 palaikymui.<\/p>\n<h3>Sud\u0117tis<\/h3>\n<p><strong>Sud\u0117tis:<\/strong> diatomin\u0117 \u017eem\u0117 (silicio dioksidas).<\/p>\n<h4>Maistin\u0117 vert\u0117 vienoje porcijoje<\/h4>\n<table>\n<thead>\n<tr>\n<th>Maistin\u0117 med\u017eiaga<\/th>\n<th>1 \u0161auk\u0161t. (2 g)<\/th>\n<th>2 \u0161auk\u0161t. (4 g)<\/th>\n<\/tr>\n<\/thead>\n<tbody>\n<tr>\n<td>Silicio dioksidas<\/td>\n<td>0,94 g<\/td>\n<td>1,87 g<\/td>\n<\/tr>\n<\/tbody>\n<\/table>\n<h3>Kaip vartoti?<\/h3>\n<p>Sumai\u0161ykite 1 matavimo \u0161auk\u0161t\u0105 milteli\u0173 \u012f g\u0117rim\u0105. Rekomenduojamos doz\u0117s vir\u0161yti negalima. 200 g pakuot\u0117.<\/p>\n<h2>Da\u017eniausiai u\u017eduodami klausimai<\/h2>\n<h3>Ar diatomin\u0117 \u017eem\u0117 tirpsta vandenyje?<\/h3>\n<p>Diatomin\u0117 \u017eem\u0117 visi\u0161kai netirpsta \u2014 ji suspenduojasi vandenyje. Gerai i\u0161mai\u0161ykite prie\u0161 geriant.<\/p>\n<h3>Ar tinka veganams?<\/h3>\n<p>Taip. Nat\u016bral\u016bs mineraliniai milteliai.<\/p>\n<h3>Ar galima vartoti kartu su kitais papildais?<\/h3>\n<p>Taip. Gerai derinasi su <a href=\"\/toode\/kollageeni-pulber-250-g\/\">kolageno milteliais<\/a> ir <a href=\"\/toode\/tugev-c-vitamiin-500-mg-60-kapslit\/\">vitaminu C<\/a>.<\/p>\n<p><strong>\u017di\u016br\u0117ti taip pat:<\/strong> <a href=\"https:\/\/puhdasplus.ee\/toote-kategooria\/liigesed-lihased-ja-luud\/\">S\u0105nariai, raumenys ir kaulai<\/a> | <a href=\"https:\/\/puhdasplus.ee\/toote-kategooria\/mineraalained\/\">Mineraalained<\/a> | <a href=\"https:\/\/puhdasplus.ee\/toote-kategooria\/magneesium\/\">Magnis<\/a><\/p>\n","protected":false},"excerpt":{"rendered":"<p><strong>Puhdas+ Stiprus Diatomitas 200 g<\/strong> yra 100% grynas ir beskoniai silicio dioksido milteliai, pagaminti be joki\u0173 pried\u0173 ar u\u017epild\u0173. D\u0117ka neutralaus skonio juos lengva sumai\u0161yti su vandeniu, sultimis, kokteiliu ar maistu. Produktas neturi gliuteno, laktoz\u0117s, pieno produkt\u0173, mieli\u0173, sojos ar saldikli\u0173, tod\u0117l tinka veganams ir vegetarams. Pagaminta Suomijoje pagal auk\u0161tus kokyb\u0117s standartus, u\u017etikrinan\u010dius grynum\u0105 ir saugum\u0105.<\/p>\n","protected":false},"featured_media":353794,"comment_status":"open","ping_status":"closed","template":"","meta":{"_acf_changed":false,"googlesitekit_rrm_CAow3eq7DA:productID":""},"product_brand":[],"product_cat":[3120,3461],"product_tag":[8346,3131,7890,8374,2967],"class_list":{"0":"post-353950","1":"product","2":"type-product","3":"status-publish","4":"has-post-thumbnail","6":"product_cat-mineralai","7":"product_cat-sanariai-raumenys-ir-kaulai","8":"product_tag-be-gliuteno-lt","9":"product_tag-maisto-papildas","10":"product_tag-milteliai","11":"product_tag-suomijos-kokyb-lt","12":"product_tag-veganas","14":"first","15":"onbackorder","16":"taxable","17":"shipping-taxable","18":"purchasable","19":"product-type-simple"},"acf":[],"yoast_head":"<!-- This site is optimized with the Yoast SEO plugin v27.3 - https:\/\/yoast.com\/product\/yoast-seo-wordpress\/ -->\n<title>Stiprus Diatomin\u0117 \u017eem\u0117 200 g | Puhdas+<\/title>\n<meta name=\"description\" content=\"\u201ePuhdas+ Strong\u201c silicio dioksido milteliai 200 g \u2013 100 % gryni ir be pried\u0173 silicio dioksido milteliai. Bekvapiai ir lengvai \u012fmai\u0161omi \u012f g\u0117rimus ar maist\u0105. Tinka veganams.\" \/>\n<meta name=\"robots\" content=\"index, follow, max-snippet:-1, max-image-preview:large, max-video-preview:-1\" \/>\n<link rel=\"canonical\" href=\"https:\/\/puhdasplus.ee\/lt\/produktai\/mineralai\/stiprios-diatomitines-zemes-200-g\/\" \/>\n<meta property=\"og:locale\" content=\"lt_LT\" \/>\n<meta property=\"og:type\" content=\"article\" \/>\n<meta property=\"og:title\" content=\"Stiprus Diatomin\u0117 \u017eem\u0117 200 g | Puhdas+\" \/>\n<meta property=\"og:description\" content=\"\u201ePuhdas+ Strong\u201c silicio dioksido milteliai 200 g \u2013 100 % gryni ir be pried\u0173 silicio dioksido milteliai. Bekvapiai ir lengvai \u012fmai\u0161omi \u012f g\u0117rimus ar maist\u0105. Tinka veganams.\" \/>\n<meta property=\"og:url\" content=\"https:\/\/puhdasplus.ee\/lt\/produktai\/mineralai\/stiprios-diatomitines-zemes-200-g\/\" \/>\n<meta property=\"og:site_name\" content=\"Puhdas+\" \/>\n<meta property=\"article:publisher\" content=\"https:\/\/www.facebook.com\/puhdasplus\" \/>\n<meta property=\"article:modified_time\" content=\"2026-04-07T17:04:02+00:00\" \/>\n<meta property=\"og:image\" content=\"https:\/\/puhdasplus.ee\/wp-content\/uploads\/2025\/09\/tooted-ilma-taustata-1-scaled.jpg\" \/>\n\t<meta property=\"og:image:width\" content=\"1862\" \/>\n\t<meta property=\"og:image:height\" content=\"2560\" \/>\n\t<meta property=\"og:image:type\" content=\"image\/jpeg\" \/>\n<meta name=\"twitter:card\" content=\"summary_large_image\" \/>\n<meta name=\"twitter:label1\" content=\"Est. reading time\" \/>\n\t<meta name=\"twitter:data1\" content=\"1 minut\u0117\" \/>\n<script type=\"application\/ld+json\" class=\"yoast-schema-graph\">{\"@context\":\"https:\\\/\\\/schema.org\",\"@graph\":[{\"@type\":\"WebPage\",\"@id\":\"https:\\\/\\\/puhdasplus.ee\\\/lt\\\/produktai\\\/mineralai\\\/stiprios-diatomitines-zemes-200-g\\\/\",\"url\":\"https:\\\/\\\/puhdasplus.ee\\\/lt\\\/produktai\\\/mineralai\\\/stiprios-diatomitines-zemes-200-g\\\/\",\"name\":\"Stiprus Diatomin\u0117 \u017eem\u0117 200 g | Puhdas+\",\"isPartOf\":{\"@id\":\"https:\\\/\\\/puhdasplus.ee\\\/lt\\\/#website\"},\"primaryImageOfPage\":{\"@id\":\"https:\\\/\\\/puhdasplus.ee\\\/lt\\\/produktai\\\/mineralai\\\/stiprios-diatomitines-zemes-200-g\\\/#primaryimage\"},\"image\":{\"@id\":\"https:\\\/\\\/puhdasplus.ee\\\/lt\\\/produktai\\\/mineralai\\\/stiprios-diatomitines-zemes-200-g\\\/#primaryimage\"},\"thumbnailUrl\":\"https:\\\/\\\/puhdasplus.ee\\\/wp-content\\\/uploads\\\/2025\\\/09\\\/tooted-ilma-taustata-1-scaled.jpg\",\"datePublished\":\"2025-09-10T07:20:34+00:00\",\"dateModified\":\"2026-04-07T17:04:02+00:00\",\"description\":\"\u201ePuhdas+ Strong\u201c silicio dioksido milteliai 200 g \u2013 100 % gryni ir be pried\u0173 silicio dioksido milteliai. Bekvapiai ir lengvai \u012fmai\u0161omi \u012f g\u0117rimus ar maist\u0105. Tinka veganams.\",\"breadcrumb\":{\"@id\":\"https:\\\/\\\/puhdasplus.ee\\\/lt\\\/produktai\\\/mineralai\\\/stiprios-diatomitines-zemes-200-g\\\/#breadcrumb\"},\"inLanguage\":\"lt-LT\",\"potentialAction\":[{\"@type\":\"ReadAction\",\"target\":[\"https:\\\/\\\/puhdasplus.ee\\\/lt\\\/produktai\\\/mineralai\\\/stiprios-diatomitines-zemes-200-g\\\/\"]}]},{\"@type\":\"ImageObject\",\"inLanguage\":\"lt-LT\",\"@id\":\"https:\\\/\\\/puhdasplus.ee\\\/lt\\\/produktai\\\/mineralai\\\/stiprios-diatomitines-zemes-200-g\\\/#primaryimage\",\"url\":\"https:\\\/\\\/puhdasplus.ee\\\/wp-content\\\/uploads\\\/2025\\\/09\\\/tooted-ilma-taustata-1-scaled.jpg\",\"contentUrl\":\"https:\\\/\\\/puhdasplus.ee\\\/wp-content\\\/uploads\\\/2025\\\/09\\\/tooted-ilma-taustata-1-scaled.jpg\",\"width\":1862,\"height\":2560,\"caption\":\"\u201ePuhdas+\u201c stipr\u016bs silicio dioksido milteliai 200 g\"},{\"@type\":\"BreadcrumbList\",\"@id\":\"https:\\\/\\\/puhdasplus.ee\\\/lt\\\/produktai\\\/mineralai\\\/stiprios-diatomitines-zemes-200-g\\\/#breadcrumb\",\"itemListElement\":[{\"@type\":\"ListItem\",\"position\":1,\"name\":\"Prad\u017eia\",\"item\":\"https:\\\/\\\/puhdasplus.ee\\\/lt\\\/\"},{\"@type\":\"ListItem\",\"position\":2,\"name\":\"Produktai\",\"item\":\"https:\\\/\\\/puhdasplus.ee\\\/lt\\\/parduotuve\\\/\"},{\"@type\":\"ListItem\",\"position\":3,\"name\":\"Stiprus Diatomin\u0117 \u017eem\u0117 200 g\"}]},{\"@type\":\"WebSite\",\"@id\":\"https:\\\/\\\/puhdasplus.ee\\\/lt\\\/#website\",\"url\":\"https:\\\/\\\/puhdasplus.ee\\\/lt\\\/\",\"name\":\"Puhdas+\",\"description\":\"Vitaminai, maisto papildai, nat\u016brali kosmetika, sveikata, sportas\",\"publisher\":{\"@id\":\"https:\\\/\\\/puhdasplus.ee\\\/lt\\\/#organization\"},\"potentialAction\":[{\"@type\":\"SearchAction\",\"target\":{\"@type\":\"EntryPoint\",\"urlTemplate\":\"https:\\\/\\\/puhdasplus.ee\\\/lt\\\/?s={search_term_string}\"},\"query-input\":{\"@type\":\"PropertyValueSpecification\",\"valueRequired\":true,\"valueName\":\"search_term_string\"}}],\"inLanguage\":\"lt-LT\"},{\"@type\":\"Organization\",\"@id\":\"https:\\\/\\\/puhdasplus.ee\\\/lt\\\/#organization\",\"name\":\"Puhdas+\",\"alternateName\":\"Puhdasplus\",\"url\":\"https:\\\/\\\/puhdasplus.ee\\\/lt\\\/\",\"logo\":{\"@type\":\"ImageObject\",\"inLanguage\":\"lt-LT\",\"@id\":\"https:\\\/\\\/puhdasplus.ee\\\/lt\\\/#\\\/schema\\\/logo\\\/image\\\/\",\"url\":\"https:\\\/\\\/puhdasplus.ee\\\/wp-content\\\/uploads\\\/2019\\\/10\\\/puhdas_logo-arvele.png\",\"contentUrl\":\"https:\\\/\\\/puhdasplus.ee\\\/wp-content\\\/uploads\\\/2019\\\/10\\\/puhdas_logo-arvele.png\",\"width\":114,\"height\":94,\"caption\":\"Puhdas+\"},\"image\":{\"@id\":\"https:\\\/\\\/puhdasplus.ee\\\/lt\\\/#\\\/schema\\\/logo\\\/image\\\/\"},\"sameAs\":[\"https:\\\/\\\/www.facebook.com\\\/puhdasplus\",\"https:\\\/\\\/www.instagram.com\\\/puhdasplus_ee\\\/\"]}]}<\/script>\n<!-- \/ Yoast SEO plugin. -->","yoast_head_json":{"title":"Stiprus Diatomin\u0117 \u017eem\u0117 200 g | Puhdas+","description":"\u201ePuhdas+ Strong\u201c silicio dioksido milteliai 200 g \u2013 100 % gryni ir be pried\u0173 silicio dioksido milteliai. Bekvapiai ir lengvai \u012fmai\u0161omi \u012f g\u0117rimus ar maist\u0105. Tinka veganams.","robots":{"index":"index","follow":"follow","max-snippet":"max-snippet:-1","max-image-preview":"max-image-preview:large","max-video-preview":"max-video-preview:-1"},"canonical":"https:\/\/puhdasplus.ee\/lt\/produktai\/mineralai\/stiprios-diatomitines-zemes-200-g\/","og_locale":"lt_LT","og_type":"article","og_title":"Stiprus Diatomin\u0117 \u017eem\u0117 200 g | Puhdas+","og_description":"\u201ePuhdas+ Strong\u201c silicio dioksido milteliai 200 g \u2013 100 % gryni ir be pried\u0173 silicio dioksido milteliai. Bekvapiai ir lengvai \u012fmai\u0161omi \u012f g\u0117rimus ar maist\u0105. Tinka veganams.","og_url":"https:\/\/puhdasplus.ee\/lt\/produktai\/mineralai\/stiprios-diatomitines-zemes-200-g\/","og_site_name":"Puhdas+","article_publisher":"https:\/\/www.facebook.com\/puhdasplus","article_modified_time":"2026-04-07T17:04:02+00:00","og_image":[{"width":1862,"height":2560,"url":"https:\/\/puhdasplus.ee\/wp-content\/uploads\/2025\/09\/tooted-ilma-taustata-1-scaled.jpg","type":"image\/jpeg"}],"twitter_card":"summary_large_image","twitter_misc":{"Est. reading time":"1 minut\u0117"},"schema":{"@context":"https:\/\/schema.org","@graph":[{"@type":"WebPage","@id":"https:\/\/puhdasplus.ee\/lt\/produktai\/mineralai\/stiprios-diatomitines-zemes-200-g\/","url":"https:\/\/puhdasplus.ee\/lt\/produktai\/mineralai\/stiprios-diatomitines-zemes-200-g\/","name":"Stiprus Diatomin\u0117 \u017eem\u0117 200 g | Puhdas+","isPartOf":{"@id":"https:\/\/puhdasplus.ee\/lt\/#website"},"primaryImageOfPage":{"@id":"https:\/\/puhdasplus.ee\/lt\/produktai\/mineralai\/stiprios-diatomitines-zemes-200-g\/#primaryimage"},"image":{"@id":"https:\/\/puhdasplus.ee\/lt\/produktai\/mineralai\/stiprios-diatomitines-zemes-200-g\/#primaryimage"},"thumbnailUrl":"https:\/\/puhdasplus.ee\/wp-content\/uploads\/2025\/09\/tooted-ilma-taustata-1-scaled.jpg","datePublished":"2025-09-10T07:20:34+00:00","dateModified":"2026-04-07T17:04:02+00:00","description":"\u201ePuhdas+ Strong\u201c silicio dioksido milteliai 200 g \u2013 100 % gryni ir be pried\u0173 silicio dioksido milteliai. Bekvapiai ir lengvai \u012fmai\u0161omi \u012f g\u0117rimus ar maist\u0105. Tinka veganams.","breadcrumb":{"@id":"https:\/\/puhdasplus.ee\/lt\/produktai\/mineralai\/stiprios-diatomitines-zemes-200-g\/#breadcrumb"},"inLanguage":"lt-LT","potentialAction":[{"@type":"ReadAction","target":["https:\/\/puhdasplus.ee\/lt\/produktai\/mineralai\/stiprios-diatomitines-zemes-200-g\/"]}]},{"@type":"ImageObject","inLanguage":"lt-LT","@id":"https:\/\/puhdasplus.ee\/lt\/produktai\/mineralai\/stiprios-diatomitines-zemes-200-g\/#primaryimage","url":"https:\/\/puhdasplus.ee\/wp-content\/uploads\/2025\/09\/tooted-ilma-taustata-1-scaled.jpg","contentUrl":"https:\/\/puhdasplus.ee\/wp-content\/uploads\/2025\/09\/tooted-ilma-taustata-1-scaled.jpg","width":1862,"height":2560,"caption":"\u201ePuhdas+\u201c stipr\u016bs silicio dioksido milteliai 200 g"},{"@type":"BreadcrumbList","@id":"https:\/\/puhdasplus.ee\/lt\/produktai\/mineralai\/stiprios-diatomitines-zemes-200-g\/#breadcrumb","itemListElement":[{"@type":"ListItem","position":1,"name":"Prad\u017eia","item":"https:\/\/puhdasplus.ee\/lt\/"},{"@type":"ListItem","position":2,"name":"Produktai","item":"https:\/\/puhdasplus.ee\/lt\/parduotuve\/"},{"@type":"ListItem","position":3,"name":"Stiprus Diatomin\u0117 \u017eem\u0117 200 g"}]},{"@type":"WebSite","@id":"https:\/\/puhdasplus.ee\/lt\/#website","url":"https:\/\/puhdasplus.ee\/lt\/","name":"Puhdas+","description":"Vitaminai, maisto papildai, nat\u016brali kosmetika, sveikata, sportas","publisher":{"@id":"https:\/\/puhdasplus.ee\/lt\/#organization"},"potentialAction":[{"@type":"SearchAction","target":{"@type":"EntryPoint","urlTemplate":"https:\/\/puhdasplus.ee\/lt\/?s={search_term_string}"},"query-input":{"@type":"PropertyValueSpecification","valueRequired":true,"valueName":"search_term_string"}}],"inLanguage":"lt-LT"},{"@type":"Organization","@id":"https:\/\/puhdasplus.ee\/lt\/#organization","name":"Puhdas+","alternateName":"Puhdasplus","url":"https:\/\/puhdasplus.ee\/lt\/","logo":{"@type":"ImageObject","inLanguage":"lt-LT","@id":"https:\/\/puhdasplus.ee\/lt\/#\/schema\/logo\/image\/","url":"https:\/\/puhdasplus.ee\/wp-content\/uploads\/2019\/10\/puhdas_logo-arvele.png","contentUrl":"https:\/\/puhdasplus.ee\/wp-content\/uploads\/2019\/10\/puhdas_logo-arvele.png","width":114,"height":94,"caption":"Puhdas+"},"image":{"@id":"https:\/\/puhdasplus.ee\/lt\/#\/schema\/logo\/image\/"},"sameAs":["https:\/\/www.facebook.com\/puhdasplus","https:\/\/www.instagram.com\/puhdasplus_ee\/"]}]}},"_yoast_wpseo_title":"Stiprus Diatomin\u0117 \u017eem\u0117 200 g | Puhdas+","_yoast_wpseo_metadesc":"\u201ePuhdas+ Strong\u201c silicio dioksido milteliai 200 g \u2013 100 % gryni ir be pried\u0173 silicio dioksido milteliai. Bekvapiai ir lengvai \u012fmai\u0161omi \u012f g\u0117rimus ar maist\u0105. Tinka veganams.","_yoast_wpseo_focuskw":"","_links":{"self":[{"href":"https:\/\/puhdasplus.ee\/lt\/wp-json\/wp\/v2\/product\/353950","targetHints":{"allow":["GET"]}}],"collection":[{"href":"https:\/\/puhdasplus.ee\/lt\/wp-json\/wp\/v2\/product"}],"about":[{"href":"https:\/\/puhdasplus.ee\/lt\/wp-json\/wp\/v2\/types\/product"}],"replies":[{"embeddable":true,"href":"https:\/\/puhdasplus.ee\/lt\/wp-json\/wp\/v2\/comments?post=353950"}],"wp:featuredmedia":[{"embeddable":true,"href":"https:\/\/puhdasplus.ee\/lt\/wp-json\/wp\/v2\/media\/353794"}],"wp:attachment":[{"href":"https:\/\/puhdasplus.ee\/lt\/wp-json\/wp\/v2\/media?parent=353950"}],"wp:term":[{"taxonomy":"product_brand","embeddable":true,"href":"https:\/\/puhdasplus.ee\/lt\/wp-json\/wp\/v2\/product_brand?post=353950"},{"taxonomy":"product_cat","embeddable":true,"href":"https:\/\/puhdasplus.ee\/lt\/wp-json\/wp\/v2\/product_cat?post=353950"},{"taxonomy":"product_tag","embeddable":true,"href":"https:\/\/puhdasplus.ee\/lt\/wp-json\/wp\/v2\/product_tag?post=353950"}],"curies":[{"name":"wp","href":"https:\/\/api.w.org\/{rel}","templated":true}]}}