{"id":353611,"date":"2019-11-23T21:21:18","date_gmt":"2019-11-23T19:21:18","guid":{"rendered":"https:\/\/puhdasplus.ee\/tooted\/be-kategorijos\/kolageno-milteliai-250-g\/"},"modified":"2026-04-28T21:59:33","modified_gmt":"2026-04-28T18:59:33","slug":"kolageno-milteliai-250-g","status":"publish","type":"product","link":"https:\/\/puhdasplus.ee\/lt\/produktai\/oda-plaukai-nagai\/kolagenas\/kolageno-milteliai-250-g\/","title":{"rendered":"Kolageno milteliai 250 g"},"content":{"rendered":"<h2><strong>\u201eCollagen Natural\u201c<\/strong> yra gryni hidrolizuoti \u017euv\u0173 kolageno milteliai, kurie palaiko odos, plauk\u0173, nag\u0173 ir s\u0105nari\u0173 sveikat\u0105.<\/h2>\n<p>Bekvapiai ir be pried\u0173 milteliai lengvai susimai\u0161o su \u012fvairiais g\u0117rimais ir maisto produktais, tokiais kaip vanduo, sultys, jogurtas ar kokteiliai. Kolagenas yra b\u016btinas baltymas, sudarantis apie 30 % \u017emogaus organizmo baltym\u0173 ir atliekantis pagrindin\u012f vaidmen\u012f u\u017etikrinant odos elastingum\u0105 ir s\u0105nari\u0173 funkcij\u0105. Po 25 met\u0173 am\u017eiaus organizmo kolageno gamyba pradeda ma\u017e\u0117ti, tod\u0117l papild\u0173 vartojimas gali b\u016bti naudingas.   <\/p>\n<h4><strong>Pagrindin\u0117s kolageno savyb\u0117s:<\/strong><\/h4>\n<ul>\n<li><strong>Grynas hidrolizuotas \u017euv\u0173 kolagenas:<\/strong> palaiko odos elastingum\u0105, plauk\u0173 stiprum\u0105 ir s\u0105nari\u0173 judrum\u0105.<\/li>\n<li><strong>Bekvapis ir be pried\u0173:<\/strong> Be konservant\u0173, da\u017eikli\u0173 ar kit\u0173 pried\u0173; lengva \u012fmai\u0161yti \u012f \u012fvairius g\u0117rimus ir maisto produktus.<\/li>\n<li><strong>Lengvai \u012fsisavinama:<\/strong> hidrolizuota forma u\u017etikrina geresn\u012f \u012fsisavinim\u0105 organizme.<\/li>\n<\/ul>\n<p><strong>Vartojimas:<\/strong> Rekomenduojama paros doz\u0117 yra 1 valgomasis \u0161auk\u0161tas (apie 8 g). Miltelius sumai\u0161ykite su stikline vandens, sul\u010di\u0173, jogurto ar kokteilio ir nedelsdami suvartokite.  Nevir\u0161ykite rekomenduojamos paros doz\u0117s. Maisto papildas nepakei\u010dia \u012fvairios ir subalansuotos mitybos ar sveiko gyvenimo b\u016bdo. Laikyti vaikams nepasiekiamoje vietoje.<\/p>\n<p><strong>Sudedamosios dalys:<\/strong> hidrolizuotas \u017euv\u0173 kolagenas. Be laktoz\u0117s, mieli\u0173, glitimo, cukraus, druskos, krakmolo, kukur\u016bz\u0173 ar soj\u0173. <\/p>\n<h2>Maistin\u0117 informacija (1 valgomasis \u0161auk\u0161tas \/ 8 g)<\/h2>\n<ul>\n<li><strong>\u017duv\u0173 kolagenas:<\/strong> 8 g<\/li>\n<\/ul>\n<p><strong>\u017di\u016br\u0117ti taip pat:<\/strong> <a href=\"https:\/\/puhdasplus.ee\/toote-kategooria\/kollageen\/\">Kolagenas<\/a> | <a href=\"https:\/\/puhdasplus.ee\/toote-kategooria\/nahk-juuksed-kuuned\/\">Oda, plaukai, nagai<\/a> | <a href=\"https:\/\/puhdasplus.ee\/toote-kategooria\/liigesed-lihased-ja-luud\/\">S\u0105nariai, raumenys ir kaulai<\/a><\/p>\n","protected":false},"excerpt":{"rendered":"<p><strong>\u201eCollagen Natural\u201c<\/strong> \u2013 tai gryni ir beskoniai hidrolizuoti \u017euv\u0173 kolageno milteliai, kurie palaiko sveik\u0105 od\u0105, plaukus, nagus ir s\u0105narius. Lengvai mai\u0161omi su \u012fvairiais g\u0117rimais ir maistu.<\/p>\n","protected":false},"featured_media":353616,"comment_status":"closed","ping_status":"closed","template":"","meta":{"_acf_changed":false,"googlesitekit_rrm_CAow3eq7DA:productID":""},"product_brand":[],"product_cat":[4066,3282],"product_tag":[8350,3284,8996,9000,3463,8303,3131,7890,8378,2886,3125],"class_list":{"0":"post-353611","1":"product","2":"type-product","3":"status-publish","4":"has-post-thumbnail","6":"product_cat-kolagenas","7":"product_cat-oda-plaukai-nagai","8":"product_tag-be-laktozes","9":"product_tag-biotinas","10":"product_tag-hidrolizuotas-kolagenas-lt","11":"product_tag-jurinis-kolagenas-lt","12":"product_tag-kolagenas","13":"product_tag-kolageno-milteliai","14":"product_tag-maisto-papildas","15":"product_tag-milteliai","16":"product_tag-naturalus","17":"product_tag-odos-prieziura","18":"product_tag-vitaminas-c","20":"first","21":"instock","22":"taxable","23":"shipping-taxable","24":"purchasable","25":"product-type-simple"},"acf":[],"yoast_head":"<!-- This site is optimized with the Yoast SEO plugin v27.5 - https:\/\/yoast.com\/product\/yoast-seo-wordpress\/ -->\n<title>Kolageno milteliai 250 g | Puhdas+<\/title>\n<meta name=\"description\" content=\"Nat\u016bralus kolagenas 250 g \u2013 gryni hidrolizuoti \u017euv\u0173 kolageno milteliai, skirti palaikyti odos, plauk\u0173 ir s\u0105nari\u0173 sveikat\u0105. Lengva \u012fmai\u0161yti \u012f g\u0117rimus ir maist\u0105.\" \/>\n<meta name=\"robots\" content=\"index, follow, max-snippet:-1, max-image-preview:large, max-video-preview:-1\" \/>\n<link rel=\"canonical\" href=\"https:\/\/puhdasplus.ee\/lt\/produktai\/oda-plaukai-nagai\/kolagenas\/kolageno-milteliai-250-g\/\" \/>\n<meta property=\"og:locale\" content=\"lt_LT\" \/>\n<meta property=\"og:type\" content=\"article\" \/>\n<meta property=\"og:title\" content=\"Kolageno milteliai 250 g | Puhdas+\" \/>\n<meta property=\"og:description\" content=\"Nat\u016bralus kolagenas 250 g \u2013 gryni hidrolizuoti \u017euv\u0173 kolageno milteliai, skirti palaikyti odos, plauk\u0173 ir s\u0105nari\u0173 sveikat\u0105. Lengva \u012fmai\u0161yti \u012f g\u0117rimus ir maist\u0105.\" \/>\n<meta property=\"og:url\" content=\"https:\/\/puhdasplus.ee\/lt\/produktai\/oda-plaukai-nagai\/kolagenas\/kolageno-milteliai-250-g\/\" \/>\n<meta property=\"og:site_name\" content=\"Puhdas+\" \/>\n<meta property=\"article:publisher\" content=\"https:\/\/www.facebook.com\/puhdasplus\" \/>\n<meta property=\"article:modified_time\" content=\"2026-04-28T18:59:33+00:00\" \/>\n<meta property=\"og:image\" content=\"https:\/\/puhdasplus.ee\/wp-content\/uploads\/2025\/03\/38.jpg\" \/>\n\t<meta property=\"og:image:width\" content=\"1862\" \/>\n\t<meta property=\"og:image:height\" content=\"2560\" \/>\n\t<meta property=\"og:image:type\" content=\"image\/jpeg\" \/>\n<meta name=\"twitter:card\" content=\"summary_large_image\" \/>\n<meta name=\"twitter:label1\" content=\"Est. reading time\" \/>\n\t<meta name=\"twitter:data1\" content=\"1 minut\u0117\" \/>\n<script type=\"application\/ld+json\" class=\"yoast-schema-graph\">{\"@context\":\"https:\\\/\\\/schema.org\",\"@graph\":[{\"@type\":\"WebPage\",\"@id\":\"https:\\\/\\\/puhdasplus.ee\\\/lt\\\/produktai\\\/oda-plaukai-nagai\\\/kolagenas\\\/kolageno-milteliai-250-g\\\/\",\"url\":\"https:\\\/\\\/puhdasplus.ee\\\/lt\\\/produktai\\\/oda-plaukai-nagai\\\/kolagenas\\\/kolageno-milteliai-250-g\\\/\",\"name\":\"Kolageno milteliai 250 g | Puhdas+\",\"isPartOf\":{\"@id\":\"https:\\\/\\\/puhdasplus.ee\\\/lt\\\/#website\"},\"primaryImageOfPage\":{\"@id\":\"https:\\\/\\\/puhdasplus.ee\\\/lt\\\/produktai\\\/oda-plaukai-nagai\\\/kolagenas\\\/kolageno-milteliai-250-g\\\/#primaryimage\"},\"image\":{\"@id\":\"https:\\\/\\\/puhdasplus.ee\\\/lt\\\/produktai\\\/oda-plaukai-nagai\\\/kolagenas\\\/kolageno-milteliai-250-g\\\/#primaryimage\"},\"thumbnailUrl\":\"https:\\\/\\\/puhdasplus.ee\\\/wp-content\\\/uploads\\\/2025\\\/03\\\/38.jpg\",\"datePublished\":\"2019-11-23T19:21:18+00:00\",\"dateModified\":\"2026-04-28T18:59:33+00:00\",\"description\":\"Nat\u016bralus kolagenas 250 g \u2013 gryni hidrolizuoti \u017euv\u0173 kolageno milteliai, skirti palaikyti odos, plauk\u0173 ir s\u0105nari\u0173 sveikat\u0105. Lengva \u012fmai\u0161yti \u012f g\u0117rimus ir maist\u0105.\",\"breadcrumb\":{\"@id\":\"https:\\\/\\\/puhdasplus.ee\\\/lt\\\/produktai\\\/oda-plaukai-nagai\\\/kolagenas\\\/kolageno-milteliai-250-g\\\/#breadcrumb\"},\"inLanguage\":\"lt-LT\",\"potentialAction\":[{\"@type\":\"ReadAction\",\"target\":[\"https:\\\/\\\/puhdasplus.ee\\\/lt\\\/produktai\\\/oda-plaukai-nagai\\\/kolagenas\\\/kolageno-milteliai-250-g\\\/\"]}]},{\"@type\":\"ImageObject\",\"inLanguage\":\"lt-LT\",\"@id\":\"https:\\\/\\\/puhdasplus.ee\\\/lt\\\/produktai\\\/oda-plaukai-nagai\\\/kolagenas\\\/kolageno-milteliai-250-g\\\/#primaryimage\",\"url\":\"https:\\\/\\\/puhdasplus.ee\\\/wp-content\\\/uploads\\\/2025\\\/03\\\/38.jpg\",\"contentUrl\":\"https:\\\/\\\/puhdasplus.ee\\\/wp-content\\\/uploads\\\/2025\\\/03\\\/38.jpg\",\"width\":1862,\"height\":2560,\"caption\":\"Kolageno milteliai 250 g\"},{\"@type\":\"BreadcrumbList\",\"@id\":\"https:\\\/\\\/puhdasplus.ee\\\/lt\\\/produktai\\\/oda-plaukai-nagai\\\/kolagenas\\\/kolageno-milteliai-250-g\\\/#breadcrumb\",\"itemListElement\":[{\"@type\":\"ListItem\",\"position\":1,\"name\":\"Prad\u017eia\",\"item\":\"https:\\\/\\\/puhdasplus.ee\\\/lt\\\/\"},{\"@type\":\"ListItem\",\"position\":2,\"name\":\"Produktai\",\"item\":\"https:\\\/\\\/puhdasplus.ee\\\/lt\\\/parduotuve\\\/\"},{\"@type\":\"ListItem\",\"position\":3,\"name\":\"Kolageno milteliai 250 g\"}]},{\"@type\":\"WebSite\",\"@id\":\"https:\\\/\\\/puhdasplus.ee\\\/lt\\\/#website\",\"url\":\"https:\\\/\\\/puhdasplus.ee\\\/lt\\\/\",\"name\":\"Puhdas+\",\"description\":\"Vitaminai, maisto papildai, nat\u016brali kosmetika, sveikata, sportas\",\"publisher\":{\"@id\":\"https:\\\/\\\/puhdasplus.ee\\\/lt\\\/#organization\"},\"potentialAction\":[{\"@type\":\"SearchAction\",\"target\":{\"@type\":\"EntryPoint\",\"urlTemplate\":\"https:\\\/\\\/puhdasplus.ee\\\/lt\\\/?s={search_term_string}\"},\"query-input\":{\"@type\":\"PropertyValueSpecification\",\"valueRequired\":true,\"valueName\":\"search_term_string\"}}],\"inLanguage\":\"lt-LT\"},{\"@type\":\"Organization\",\"@id\":\"https:\\\/\\\/puhdasplus.ee\\\/lt\\\/#organization\",\"name\":\"Puhdas+\",\"alternateName\":\"Puhdasplus\",\"url\":\"https:\\\/\\\/puhdasplus.ee\\\/lt\\\/\",\"logo\":{\"@type\":\"ImageObject\",\"inLanguage\":\"lt-LT\",\"@id\":\"https:\\\/\\\/puhdasplus.ee\\\/lt\\\/#\\\/schema\\\/logo\\\/image\\\/\",\"url\":\"https:\\\/\\\/puhdasplus.ee\\\/wp-content\\\/uploads\\\/2019\\\/10\\\/puhdas_logo-arvele.png\",\"contentUrl\":\"https:\\\/\\\/puhdasplus.ee\\\/wp-content\\\/uploads\\\/2019\\\/10\\\/puhdas_logo-arvele.png\",\"width\":114,\"height\":94,\"caption\":\"Puhdas+\"},\"image\":{\"@id\":\"https:\\\/\\\/puhdasplus.ee\\\/lt\\\/#\\\/schema\\\/logo\\\/image\\\/\"},\"sameAs\":[\"https:\\\/\\\/www.facebook.com\\\/puhdasplus\",\"https:\\\/\\\/www.instagram.com\\\/puhdasplus_ee\\\/\"]}]}<\/script>\n<!-- \/ Yoast SEO plugin. -->","yoast_head_json":{"title":"Kolageno milteliai 250 g | Puhdas+","description":"Nat\u016bralus kolagenas 250 g \u2013 gryni hidrolizuoti \u017euv\u0173 kolageno milteliai, skirti palaikyti odos, plauk\u0173 ir s\u0105nari\u0173 sveikat\u0105. Lengva \u012fmai\u0161yti \u012f g\u0117rimus ir maist\u0105.","robots":{"index":"index","follow":"follow","max-snippet":"max-snippet:-1","max-image-preview":"max-image-preview:large","max-video-preview":"max-video-preview:-1"},"canonical":"https:\/\/puhdasplus.ee\/lt\/produktai\/oda-plaukai-nagai\/kolagenas\/kolageno-milteliai-250-g\/","og_locale":"lt_LT","og_type":"article","og_title":"Kolageno milteliai 250 g | Puhdas+","og_description":"Nat\u016bralus kolagenas 250 g \u2013 gryni hidrolizuoti \u017euv\u0173 kolageno milteliai, skirti palaikyti odos, plauk\u0173 ir s\u0105nari\u0173 sveikat\u0105. Lengva \u012fmai\u0161yti \u012f g\u0117rimus ir maist\u0105.","og_url":"https:\/\/puhdasplus.ee\/lt\/produktai\/oda-plaukai-nagai\/kolagenas\/kolageno-milteliai-250-g\/","og_site_name":"Puhdas+","article_publisher":"https:\/\/www.facebook.com\/puhdasplus","article_modified_time":"2026-04-28T18:59:33+00:00","og_image":[{"width":1862,"height":2560,"url":"https:\/\/puhdasplus.ee\/wp-content\/uploads\/2025\/03\/38.jpg","type":"image\/jpeg"}],"twitter_card":"summary_large_image","twitter_misc":{"Est. reading time":"1 minut\u0117"},"schema":{"@context":"https:\/\/schema.org","@graph":[{"@type":"WebPage","@id":"https:\/\/puhdasplus.ee\/lt\/produktai\/oda-plaukai-nagai\/kolagenas\/kolageno-milteliai-250-g\/","url":"https:\/\/puhdasplus.ee\/lt\/produktai\/oda-plaukai-nagai\/kolagenas\/kolageno-milteliai-250-g\/","name":"Kolageno milteliai 250 g | Puhdas+","isPartOf":{"@id":"https:\/\/puhdasplus.ee\/lt\/#website"},"primaryImageOfPage":{"@id":"https:\/\/puhdasplus.ee\/lt\/produktai\/oda-plaukai-nagai\/kolagenas\/kolageno-milteliai-250-g\/#primaryimage"},"image":{"@id":"https:\/\/puhdasplus.ee\/lt\/produktai\/oda-plaukai-nagai\/kolagenas\/kolageno-milteliai-250-g\/#primaryimage"},"thumbnailUrl":"https:\/\/puhdasplus.ee\/wp-content\/uploads\/2025\/03\/38.jpg","datePublished":"2019-11-23T19:21:18+00:00","dateModified":"2026-04-28T18:59:33+00:00","description":"Nat\u016bralus kolagenas 250 g \u2013 gryni hidrolizuoti \u017euv\u0173 kolageno milteliai, skirti palaikyti odos, plauk\u0173 ir s\u0105nari\u0173 sveikat\u0105. Lengva \u012fmai\u0161yti \u012f g\u0117rimus ir maist\u0105.","breadcrumb":{"@id":"https:\/\/puhdasplus.ee\/lt\/produktai\/oda-plaukai-nagai\/kolagenas\/kolageno-milteliai-250-g\/#breadcrumb"},"inLanguage":"lt-LT","potentialAction":[{"@type":"ReadAction","target":["https:\/\/puhdasplus.ee\/lt\/produktai\/oda-plaukai-nagai\/kolagenas\/kolageno-milteliai-250-g\/"]}]},{"@type":"ImageObject","inLanguage":"lt-LT","@id":"https:\/\/puhdasplus.ee\/lt\/produktai\/oda-plaukai-nagai\/kolagenas\/kolageno-milteliai-250-g\/#primaryimage","url":"https:\/\/puhdasplus.ee\/wp-content\/uploads\/2025\/03\/38.jpg","contentUrl":"https:\/\/puhdasplus.ee\/wp-content\/uploads\/2025\/03\/38.jpg","width":1862,"height":2560,"caption":"Kolageno milteliai 250 g"},{"@type":"BreadcrumbList","@id":"https:\/\/puhdasplus.ee\/lt\/produktai\/oda-plaukai-nagai\/kolagenas\/kolageno-milteliai-250-g\/#breadcrumb","itemListElement":[{"@type":"ListItem","position":1,"name":"Prad\u017eia","item":"https:\/\/puhdasplus.ee\/lt\/"},{"@type":"ListItem","position":2,"name":"Produktai","item":"https:\/\/puhdasplus.ee\/lt\/parduotuve\/"},{"@type":"ListItem","position":3,"name":"Kolageno milteliai 250 g"}]},{"@type":"WebSite","@id":"https:\/\/puhdasplus.ee\/lt\/#website","url":"https:\/\/puhdasplus.ee\/lt\/","name":"Puhdas+","description":"Vitaminai, maisto papildai, nat\u016brali kosmetika, sveikata, sportas","publisher":{"@id":"https:\/\/puhdasplus.ee\/lt\/#organization"},"potentialAction":[{"@type":"SearchAction","target":{"@type":"EntryPoint","urlTemplate":"https:\/\/puhdasplus.ee\/lt\/?s={search_term_string}"},"query-input":{"@type":"PropertyValueSpecification","valueRequired":true,"valueName":"search_term_string"}}],"inLanguage":"lt-LT"},{"@type":"Organization","@id":"https:\/\/puhdasplus.ee\/lt\/#organization","name":"Puhdas+","alternateName":"Puhdasplus","url":"https:\/\/puhdasplus.ee\/lt\/","logo":{"@type":"ImageObject","inLanguage":"lt-LT","@id":"https:\/\/puhdasplus.ee\/lt\/#\/schema\/logo\/image\/","url":"https:\/\/puhdasplus.ee\/wp-content\/uploads\/2019\/10\/puhdas_logo-arvele.png","contentUrl":"https:\/\/puhdasplus.ee\/wp-content\/uploads\/2019\/10\/puhdas_logo-arvele.png","width":114,"height":94,"caption":"Puhdas+"},"image":{"@id":"https:\/\/puhdasplus.ee\/lt\/#\/schema\/logo\/image\/"},"sameAs":["https:\/\/www.facebook.com\/puhdasplus","https:\/\/www.instagram.com\/puhdasplus_ee\/"]}]}},"_yoast_wpseo_title":"Kolageno milteliai 250 g | Puhdas+","_yoast_wpseo_metadesc":"Nat\u016bralus kolagenas 250 g \u2013 gryni hidrolizuoti \u017euv\u0173 kolageno milteliai, skirti palaikyti odos, plauk\u0173 ir s\u0105nari\u0173 sveikat\u0105. Lengva \u012fmai\u0161yti \u012f g\u0117rimus ir maist\u0105.","_yoast_wpseo_focuskw":"","_links":{"self":[{"href":"https:\/\/puhdasplus.ee\/lt\/wp-json\/wp\/v2\/product\/353611","targetHints":{"allow":["GET"]}}],"collection":[{"href":"https:\/\/puhdasplus.ee\/lt\/wp-json\/wp\/v2\/product"}],"about":[{"href":"https:\/\/puhdasplus.ee\/lt\/wp-json\/wp\/v2\/types\/product"}],"replies":[{"embeddable":true,"href":"https:\/\/puhdasplus.ee\/lt\/wp-json\/wp\/v2\/comments?post=353611"}],"wp:featuredmedia":[{"embeddable":true,"href":"https:\/\/puhdasplus.ee\/lt\/wp-json\/wp\/v2\/media\/353616"}],"wp:attachment":[{"href":"https:\/\/puhdasplus.ee\/lt\/wp-json\/wp\/v2\/media?parent=353611"}],"wp:term":[{"taxonomy":"product_brand","embeddable":true,"href":"https:\/\/puhdasplus.ee\/lt\/wp-json\/wp\/v2\/product_brand?post=353611"},{"taxonomy":"product_cat","embeddable":true,"href":"https:\/\/puhdasplus.ee\/lt\/wp-json\/wp\/v2\/product_cat?post=353611"},{"taxonomy":"product_tag","embeddable":true,"href":"https:\/\/puhdasplus.ee\/lt\/wp-json\/wp\/v2\/product_tag?post=353611"}],"curies":[{"name":"wp","href":"https:\/\/api.w.org\/{rel}","templated":true}]}}