{"id":353560,"date":"2019-11-23T20:29:43","date_gmt":"2019-11-23T18:29:43","guid":{"rendered":"https:\/\/puhdasplus.ee\/tooted\/be-kategorijos\/d-ribozes-milteliai-200-g\/"},"modified":"2026-04-07T20:09:30","modified_gmt":"2026-04-07T17:09:30","slug":"d-ribozes-milteliai-200-g","status":"publish","type":"product","link":"https:\/\/puhdasplus.ee\/lt\/produktai\/stresas-ir-miegas\/d-ribozes-milteliai-200-g\/","title":{"rendered":"D-riboz\u0117s milteliai 200 g"},"content":{"rendered":"<h2>Kas yra \u201ePuhdas+\u201c D-riboz\u0117?<\/h2>\n<p>D-riboz\u0117 yra 100 % grynas ir auk\u0161tos kokyb\u0117s maisto papildas, kurio sud\u0117tyje yra tik D-riboz\u0117s \u2013 nat\u016bralaus angliavandeni\u0173, dalyvaujan\u010di\u0173 organizmo energijos gamybos procesuose. Produktas pagamintas Suomijoje, laikantis auk\u0161t\u0173 kokyb\u0117s standart\u0173, jame n\u0117ra konservant\u0173, da\u017eikli\u0173 ar kit\u0173 pried\u0173.<\/p>\n<h2>Kod\u0117l tai naudinga?<\/h2>\n<p>D-riboz\u0117s milteliai yra 100 % gryni ir be pried\u0173, juose yra tik D-riboz\u0117s \u2013 nat\u016bralaus angliavandenio, kuris atlieka svarb\u0173 vaidmen\u012f l\u0105steli\u0173 energijos apykaitoje. D-riboz\u0117 dalyvauja pagrindinio organizmo energijos \u0161altinio \u2013 ATP (adenozino trifosfato) \u2013 formavime. <\/p>\n<p>D-riboz\u0117, vartojama kaip maisto papildas, gali palaikyti energijos gamybos procesus, ypa\u010d po fizinio kr\u016bvio. Ji tinka tiems, kurie ie\u0161ko papildo, kuris prisid\u0117t\u0173 prie normalios energijos apykaitos ir pad\u0117t\u0173 atsigauti. D-riboz\u0117 neturi stimuliuojan\u010dio poveikio kaip kofeinas \u2013 ji dirbtinai negamina energijos, o yra nat\u016bralus organizmo metabolizmo komponentas.  <\/p>\n<p>Vartojant D-riboz\u0119 kaip papild\u0105, l\u0105stel\u0117se atkuriamas ATP kiekis, kuris gali b\u016bti sutrikdytas po intensyvaus fizinio kr\u016bvio, ligos, streso ar su sen\u0117jimu susijusio med\u017eiag\u0173 apykaitos sul\u0117t\u0117jimo. Tai ypa\u010d svarbu \u0161irdies raumeniui, smegenims ir raumenims, kuriems reikalingas nuolatinis ir didelis energijos srautas. <\/p>\n<p>\u017dmon\u0117ms, kuriems tr\u016bksta energijos, yra l\u0117tinis nuovargis arba kurie atsigauna po sunkaus fizinio kr\u016bvio ar ligos, D-riboz\u0117s vartojimas gali pad\u0117ti <strong>atkurti gyvybingum\u0105 ir fizin\u0119 i\u0161tverm\u0119<\/strong> . Tai n\u0117ra stimuliatorius kaip kofeinas \u2013 riboz\u0117 \u201edirbtinai\u201c negamina energijos, o palaiko nat\u016brali\u0105 ir rami\u0105 organizmo energijos gamyb\u0105. <\/p>\n<h3>Energijos atgavimo parama<\/h3>\n<p>D-riboz\u0117 yra nat\u016brali organizmo energijos gamybos proces\u0173 dalis, kurios svarba gali padid\u0117ti intensyvi\u0173 pratim\u0173, streso ar su am\u017eiumi susijusi\u0173 med\u017eiag\u0173 apykaitos poky\u010di\u0173 metu. Tai gali b\u016bti tinkamas papildas \u017emon\u0117ms, norintiems papildyti savo energijos lyg\u012f arba atsigauti mityba. <\/p>\n<p>D-riboz\u0117 yra esminis <b>adenozino trifosfato<\/b> (ATP) ir <b>nukleor\u016bg\u0161\u010di\u0173<\/b> (DNR ir RNR) sintez\u0117s komponentas. <b>ATP yra pagrindinis organizmo energijos \u0161altinis, ypa\u010d raumenims ir \u0161ird\u017eiai<\/b> . D-riboz\u0117s papildai gali pad\u0117ti: <\/p>\n<ul>\n<li>\n<p><b>palaikyti energijos gamyb\u0105 l\u0105stel\u0117se<\/b><\/p>\n<\/li>\n<li>\n<p><b>padeda atsigauti po fizinio kr\u016bvio<\/b><\/p>\n<\/li>\n<li>\n<p><b>palaikyti normali\u0105 \u0161irdies ir raumen\u0173 funkcij\u0105<\/b><\/p>\n<\/li>\n<li>\n<p><b>palaikyti energijos lyg\u012f nuovargio laikotarpiais<\/b><\/p>\n<\/li>\n<\/ul>\n<h2>Kam tai tinka?<\/h2>\n<p>\u201ePuhdas+ D-ribose\u201c tinka:<\/p>\n<ul>\n<li>\n<p>Tiems, kurie nori palaikyti savo energijos lyg\u012f<\/p>\n<\/li>\n<li>\n<p>Sportininkams ir \u017emon\u0117ms, vedantiems aktyv\u0173 gyvenimo b\u016bd\u0105<\/p>\n<\/li>\n<li>\n<p>Tiems, kurie nori palaikyti \u0161irdies sveikat\u0105<\/p>\n<\/li>\n<li>\n<p>Tiems, kurie ie\u0161ko maisto papildo be pried\u0173 ir gerai \u012fsisavinamo<\/p>\n<\/li>\n<\/ul>\n<h2>Naudojimas<\/h2>\n<p><strong>Rekomenduojama doz\u0117<\/strong> : 1\u20132 arbatiniai \u0161auk\u0161teliai (apie 5\u201310 g) per dien\u0105. Milteliai sumai\u0161omi su vandeniu, sultimis arba jogurtu.<\/p>\n<p>Nevir\u0161ykite rekomenduojamos paros doz\u0117s. Maisto papildas n\u0117ra \u012fvairios ir subalansuotos mitybos ar sveiko gyvenimo b\u016bdo pakaitalas. Laikyti vaikams nepasiekiamoje vietoje.  \u200b<\/p>\n<h2>Ingredientai<\/h2>\n<ul>\n<li>\n<p>D-riboz\u0117<\/p>\n<\/li>\n<\/ul>\n<p><strong>Sud\u0117tyje n\u0117ra<\/strong> : laktoz\u0117s, glitimo, mieli\u0173, cukraus, druskos, krakmolo, kukur\u016bz\u0173 ar sojos. Tinka veganams ir vegetarams.<\/p>\n<h2>Maistin\u0117 vert\u0117<\/h2>\n<p><strong>1\u20132 arbatiniuose \u0161auk\u0161teliuose (5\u201310 g) yra<\/strong> :<\/p>\n<ul>\n<li>\n<p>D-riboz\u0117: 5\u201310 g<\/p>\n<\/li>\n<\/ul>\n<p><strong>\u017di\u016br\u0117ti taip pat:<\/strong> <a href=\"https:\/\/puhdasplus.ee\/toote-kategooria\/aminohapped\/\">Aminor\u016bg\u0161tys<\/a> | <a href=\"https:\/\/puhdasplus.ee\/toote-kategooria\/liigesed-lihased-ja-luud\/\">S\u0105nariai, raumenys ir kaulai<\/a> | <a href=\"https:\/\/puhdasplus.ee\/lt\/sport\/\">Sportas<\/a><\/p>\n","protected":false},"excerpt":{"rendered":"<p>\u201ePuhdas+ D-Ribose Powder\u201c yra nat\u016bralus ir grynas maisto papildas, palaikantis organizmo l\u0105steli\u0173 energij\u0105 i\u0161 vidaus. D-Riboz\u0117 yra nat\u016bralus cukrus, kurio organizmui reikia adenozino trifosfatui (ATP) \u2013 pagrindiniam organizmo energijos \u0161altiniui \u2013 gaminti. Kaip maisto papildas, jis padeda pagreitinti atsistatym\u0105 po fizinio kr\u016bvio, ma\u017eina nuovarg\u012f ir palaiko \u0161irdies bei raumen\u0173 veikl\u0105.  <\/p>\n<p>Ypatinga tai, kad D-riboz\u0117 dirbtinai nestimuliuoja organizmo, o nat\u016braliu ir tvariu b\u016bdu padeda apr\u016bpinti l\u0105steles reikiama energija. Milteliai yra neutralaus skonio, lengvai mai\u0161omi ir tinkami kasdieniam naudojimui tiems, kurie ie\u0161ko papildomos paramos, kad pagerint\u0173 gyvybingum\u0105, atsistatym\u0105 ar energijos lyg\u012f. <\/p>\n<p>Produktas yra 100 % grynas, tinka veganams, be dirbtini\u0173 pried\u0173, glitimo ar laktoz\u0117s \u2013 idealus pasirinkimas \u017emon\u0117ms, turintiems jautri\u0105 vir\u0161kinimo sistem\u0105, arba tiems, kuriems r\u016bpi sveika mityba.<\/p>\n","protected":false},"featured_media":354352,"comment_status":"closed","ping_status":"closed","template":"","meta":{"_acf_changed":false,"googlesitekit_rrm_CAow3eq7DA:productID":""},"product_brand":[],"product_cat":[3490,3461,3013],"product_tag":[3025,3131,7890,8378,7894,8374,2967],"class_list":{"0":"post-353560","1":"product","2":"type-product","3":"status-publish","4":"has-post-thumbnail","6":"product_cat-aminorugstys","7":"product_cat-sanariai-raumenys-ir-kaulai","8":"product_cat-stresas-ir-miegas","9":"product_tag-energija","10":"product_tag-maisto-papildas","11":"product_tag-milteliai","12":"product_tag-natralus-lt","13":"product_tag-sportine-mityba","14":"product_tag-suomijos-kokyb-lt","15":"product_tag-veganas","17":"first","18":"instock","19":"taxable","20":"shipping-taxable","21":"purchasable","22":"product-type-simple"},"acf":[],"yoast_head":"<!-- This site is optimized with the Yoast SEO plugin v27.3 - https:\/\/yoast.com\/product\/yoast-seo-wordpress\/ -->\n<title>D-riboz\u0117s milteliai 200 g | Puhdas+<\/title>\n<meta name=\"description\" content=\"Gryni D-riboz\u0117s milteliai l\u0105steli\u0173 energijai ir atsistatymui. Palaiko ATP gamyb\u0105, \u0161irdies ir raumen\u0173 veikl\u0105. Tinka veganams ir be pried\u0173.\" \/>\n<meta name=\"robots\" content=\"index, follow, max-snippet:-1, max-image-preview:large, max-video-preview:-1\" \/>\n<link rel=\"canonical\" href=\"https:\/\/puhdasplus.ee\/lt\/produktai\/stresas-ir-miegas\/d-ribozes-milteliai-200-g\/\" \/>\n<meta property=\"og:locale\" content=\"lt_LT\" \/>\n<meta property=\"og:type\" content=\"article\" \/>\n<meta property=\"og:title\" content=\"D-riboz\u0117s milteliai 200 g | Puhdas+\" \/>\n<meta property=\"og:description\" content=\"Gryni D-riboz\u0117s milteliai l\u0105steli\u0173 energijai ir atsistatymui. Palaiko ATP gamyb\u0105, \u0161irdies ir raumen\u0173 veikl\u0105. Tinka veganams ir be pried\u0173.\" \/>\n<meta property=\"og:url\" content=\"https:\/\/puhdasplus.ee\/lt\/produktai\/stresas-ir-miegas\/d-ribozes-milteliai-200-g\/\" \/>\n<meta property=\"og:site_name\" content=\"Puhdas+\" \/>\n<meta property=\"article:publisher\" content=\"https:\/\/www.facebook.com\/puhdasplus\" \/>\n<meta property=\"article:modified_time\" content=\"2026-04-07T17:09:30+00:00\" \/>\n<meta property=\"og:image\" content=\"https:\/\/puhdasplus.ee\/wp-content\/uploads\/2019\/11\/tooted-ilma-taustata-copy-scaled.jpg\" \/>\n\t<meta property=\"og:image:width\" content=\"1862\" \/>\n\t<meta property=\"og:image:height\" content=\"2560\" \/>\n\t<meta property=\"og:image:type\" content=\"image\/jpeg\" \/>\n<meta name=\"twitter:card\" content=\"summary_large_image\" \/>\n<meta name=\"twitter:label1\" content=\"Est. reading time\" \/>\n\t<meta name=\"twitter:data1\" content=\"2 minut\u0117\" \/>\n<script type=\"application\/ld+json\" class=\"yoast-schema-graph\">{\"@context\":\"https:\\\/\\\/schema.org\",\"@graph\":[{\"@type\":\"WebPage\",\"@id\":\"https:\\\/\\\/puhdasplus.ee\\\/lt\\\/produktai\\\/stresas-ir-miegas\\\/d-ribozes-milteliai-200-g\\\/\",\"url\":\"https:\\\/\\\/puhdasplus.ee\\\/lt\\\/produktai\\\/stresas-ir-miegas\\\/d-ribozes-milteliai-200-g\\\/\",\"name\":\"D-riboz\u0117s milteliai 200 g | Puhdas+\",\"isPartOf\":{\"@id\":\"https:\\\/\\\/puhdasplus.ee\\\/lt\\\/#website\"},\"primaryImageOfPage\":{\"@id\":\"https:\\\/\\\/puhdasplus.ee\\\/lt\\\/produktai\\\/stresas-ir-miegas\\\/d-ribozes-milteliai-200-g\\\/#primaryimage\"},\"image\":{\"@id\":\"https:\\\/\\\/puhdasplus.ee\\\/lt\\\/produktai\\\/stresas-ir-miegas\\\/d-ribozes-milteliai-200-g\\\/#primaryimage\"},\"thumbnailUrl\":\"https:\\\/\\\/puhdasplus.ee\\\/wp-content\\\/uploads\\\/2019\\\/11\\\/tooted-ilma-taustata-copy-scaled.jpg\",\"datePublished\":\"2019-11-23T18:29:43+00:00\",\"dateModified\":\"2026-04-07T17:09:30+00:00\",\"description\":\"Gryni D-riboz\u0117s milteliai l\u0105steli\u0173 energijai ir atsistatymui. Palaiko ATP gamyb\u0105, \u0161irdies ir raumen\u0173 veikl\u0105. Tinka veganams ir be pried\u0173.\",\"breadcrumb\":{\"@id\":\"https:\\\/\\\/puhdasplus.ee\\\/lt\\\/produktai\\\/stresas-ir-miegas\\\/d-ribozes-milteliai-200-g\\\/#breadcrumb\"},\"inLanguage\":\"lt-LT\",\"potentialAction\":[{\"@type\":\"ReadAction\",\"target\":[\"https:\\\/\\\/puhdasplus.ee\\\/lt\\\/produktai\\\/stresas-ir-miegas\\\/d-ribozes-milteliai-200-g\\\/\"]}]},{\"@type\":\"ImageObject\",\"inLanguage\":\"lt-LT\",\"@id\":\"https:\\\/\\\/puhdasplus.ee\\\/lt\\\/produktai\\\/stresas-ir-miegas\\\/d-ribozes-milteliai-200-g\\\/#primaryimage\",\"url\":\"https:\\\/\\\/puhdasplus.ee\\\/wp-content\\\/uploads\\\/2019\\\/11\\\/tooted-ilma-taustata-copy-scaled.jpg\",\"contentUrl\":\"https:\\\/\\\/puhdasplus.ee\\\/wp-content\\\/uploads\\\/2019\\\/11\\\/tooted-ilma-taustata-copy-scaled.jpg\",\"width\":1862,\"height\":2560,\"caption\":\"D-riboz\u0117\"},{\"@type\":\"BreadcrumbList\",\"@id\":\"https:\\\/\\\/puhdasplus.ee\\\/lt\\\/produktai\\\/stresas-ir-miegas\\\/d-ribozes-milteliai-200-g\\\/#breadcrumb\",\"itemListElement\":[{\"@type\":\"ListItem\",\"position\":1,\"name\":\"Prad\u017eia\",\"item\":\"https:\\\/\\\/puhdasplus.ee\\\/lt\\\/\"},{\"@type\":\"ListItem\",\"position\":2,\"name\":\"Produktai\",\"item\":\"https:\\\/\\\/puhdasplus.ee\\\/lt\\\/parduotuve\\\/\"},{\"@type\":\"ListItem\",\"position\":3,\"name\":\"D-riboz\u0117s milteliai 200 g\"}]},{\"@type\":\"WebSite\",\"@id\":\"https:\\\/\\\/puhdasplus.ee\\\/lt\\\/#website\",\"url\":\"https:\\\/\\\/puhdasplus.ee\\\/lt\\\/\",\"name\":\"Puhdas+\",\"description\":\"Vitaminai, maisto papildai, nat\u016brali kosmetika, sveikata, sportas\",\"publisher\":{\"@id\":\"https:\\\/\\\/puhdasplus.ee\\\/lt\\\/#organization\"},\"potentialAction\":[{\"@type\":\"SearchAction\",\"target\":{\"@type\":\"EntryPoint\",\"urlTemplate\":\"https:\\\/\\\/puhdasplus.ee\\\/lt\\\/?s={search_term_string}\"},\"query-input\":{\"@type\":\"PropertyValueSpecification\",\"valueRequired\":true,\"valueName\":\"search_term_string\"}}],\"inLanguage\":\"lt-LT\"},{\"@type\":\"Organization\",\"@id\":\"https:\\\/\\\/puhdasplus.ee\\\/lt\\\/#organization\",\"name\":\"Puhdas+\",\"alternateName\":\"Puhdasplus\",\"url\":\"https:\\\/\\\/puhdasplus.ee\\\/lt\\\/\",\"logo\":{\"@type\":\"ImageObject\",\"inLanguage\":\"lt-LT\",\"@id\":\"https:\\\/\\\/puhdasplus.ee\\\/lt\\\/#\\\/schema\\\/logo\\\/image\\\/\",\"url\":\"https:\\\/\\\/puhdasplus.ee\\\/wp-content\\\/uploads\\\/2019\\\/10\\\/puhdas_logo-arvele.png\",\"contentUrl\":\"https:\\\/\\\/puhdasplus.ee\\\/wp-content\\\/uploads\\\/2019\\\/10\\\/puhdas_logo-arvele.png\",\"width\":114,\"height\":94,\"caption\":\"Puhdas+\"},\"image\":{\"@id\":\"https:\\\/\\\/puhdasplus.ee\\\/lt\\\/#\\\/schema\\\/logo\\\/image\\\/\"},\"sameAs\":[\"https:\\\/\\\/www.facebook.com\\\/puhdasplus\",\"https:\\\/\\\/www.instagram.com\\\/puhdasplus_ee\\\/\"]}]}<\/script>\n<!-- \/ Yoast SEO plugin. -->","yoast_head_json":{"title":"D-riboz\u0117s milteliai 200 g | Puhdas+","description":"Gryni D-riboz\u0117s milteliai l\u0105steli\u0173 energijai ir atsistatymui. Palaiko ATP gamyb\u0105, \u0161irdies ir raumen\u0173 veikl\u0105. Tinka veganams ir be pried\u0173.","robots":{"index":"index","follow":"follow","max-snippet":"max-snippet:-1","max-image-preview":"max-image-preview:large","max-video-preview":"max-video-preview:-1"},"canonical":"https:\/\/puhdasplus.ee\/lt\/produktai\/stresas-ir-miegas\/d-ribozes-milteliai-200-g\/","og_locale":"lt_LT","og_type":"article","og_title":"D-riboz\u0117s milteliai 200 g | Puhdas+","og_description":"Gryni D-riboz\u0117s milteliai l\u0105steli\u0173 energijai ir atsistatymui. Palaiko ATP gamyb\u0105, \u0161irdies ir raumen\u0173 veikl\u0105. Tinka veganams ir be pried\u0173.","og_url":"https:\/\/puhdasplus.ee\/lt\/produktai\/stresas-ir-miegas\/d-ribozes-milteliai-200-g\/","og_site_name":"Puhdas+","article_publisher":"https:\/\/www.facebook.com\/puhdasplus","article_modified_time":"2026-04-07T17:09:30+00:00","og_image":[{"width":1862,"height":2560,"url":"https:\/\/puhdasplus.ee\/wp-content\/uploads\/2019\/11\/tooted-ilma-taustata-copy-scaled.jpg","type":"image\/jpeg"}],"twitter_card":"summary_large_image","twitter_misc":{"Est. reading time":"2 minut\u0117"},"schema":{"@context":"https:\/\/schema.org","@graph":[{"@type":"WebPage","@id":"https:\/\/puhdasplus.ee\/lt\/produktai\/stresas-ir-miegas\/d-ribozes-milteliai-200-g\/","url":"https:\/\/puhdasplus.ee\/lt\/produktai\/stresas-ir-miegas\/d-ribozes-milteliai-200-g\/","name":"D-riboz\u0117s milteliai 200 g | Puhdas+","isPartOf":{"@id":"https:\/\/puhdasplus.ee\/lt\/#website"},"primaryImageOfPage":{"@id":"https:\/\/puhdasplus.ee\/lt\/produktai\/stresas-ir-miegas\/d-ribozes-milteliai-200-g\/#primaryimage"},"image":{"@id":"https:\/\/puhdasplus.ee\/lt\/produktai\/stresas-ir-miegas\/d-ribozes-milteliai-200-g\/#primaryimage"},"thumbnailUrl":"https:\/\/puhdasplus.ee\/wp-content\/uploads\/2019\/11\/tooted-ilma-taustata-copy-scaled.jpg","datePublished":"2019-11-23T18:29:43+00:00","dateModified":"2026-04-07T17:09:30+00:00","description":"Gryni D-riboz\u0117s milteliai l\u0105steli\u0173 energijai ir atsistatymui. Palaiko ATP gamyb\u0105, \u0161irdies ir raumen\u0173 veikl\u0105. Tinka veganams ir be pried\u0173.","breadcrumb":{"@id":"https:\/\/puhdasplus.ee\/lt\/produktai\/stresas-ir-miegas\/d-ribozes-milteliai-200-g\/#breadcrumb"},"inLanguage":"lt-LT","potentialAction":[{"@type":"ReadAction","target":["https:\/\/puhdasplus.ee\/lt\/produktai\/stresas-ir-miegas\/d-ribozes-milteliai-200-g\/"]}]},{"@type":"ImageObject","inLanguage":"lt-LT","@id":"https:\/\/puhdasplus.ee\/lt\/produktai\/stresas-ir-miegas\/d-ribozes-milteliai-200-g\/#primaryimage","url":"https:\/\/puhdasplus.ee\/wp-content\/uploads\/2019\/11\/tooted-ilma-taustata-copy-scaled.jpg","contentUrl":"https:\/\/puhdasplus.ee\/wp-content\/uploads\/2019\/11\/tooted-ilma-taustata-copy-scaled.jpg","width":1862,"height":2560,"caption":"D-riboz\u0117"},{"@type":"BreadcrumbList","@id":"https:\/\/puhdasplus.ee\/lt\/produktai\/stresas-ir-miegas\/d-ribozes-milteliai-200-g\/#breadcrumb","itemListElement":[{"@type":"ListItem","position":1,"name":"Prad\u017eia","item":"https:\/\/puhdasplus.ee\/lt\/"},{"@type":"ListItem","position":2,"name":"Produktai","item":"https:\/\/puhdasplus.ee\/lt\/parduotuve\/"},{"@type":"ListItem","position":3,"name":"D-riboz\u0117s milteliai 200 g"}]},{"@type":"WebSite","@id":"https:\/\/puhdasplus.ee\/lt\/#website","url":"https:\/\/puhdasplus.ee\/lt\/","name":"Puhdas+","description":"Vitaminai, maisto papildai, nat\u016brali kosmetika, sveikata, sportas","publisher":{"@id":"https:\/\/puhdasplus.ee\/lt\/#organization"},"potentialAction":[{"@type":"SearchAction","target":{"@type":"EntryPoint","urlTemplate":"https:\/\/puhdasplus.ee\/lt\/?s={search_term_string}"},"query-input":{"@type":"PropertyValueSpecification","valueRequired":true,"valueName":"search_term_string"}}],"inLanguage":"lt-LT"},{"@type":"Organization","@id":"https:\/\/puhdasplus.ee\/lt\/#organization","name":"Puhdas+","alternateName":"Puhdasplus","url":"https:\/\/puhdasplus.ee\/lt\/","logo":{"@type":"ImageObject","inLanguage":"lt-LT","@id":"https:\/\/puhdasplus.ee\/lt\/#\/schema\/logo\/image\/","url":"https:\/\/puhdasplus.ee\/wp-content\/uploads\/2019\/10\/puhdas_logo-arvele.png","contentUrl":"https:\/\/puhdasplus.ee\/wp-content\/uploads\/2019\/10\/puhdas_logo-arvele.png","width":114,"height":94,"caption":"Puhdas+"},"image":{"@id":"https:\/\/puhdasplus.ee\/lt\/#\/schema\/logo\/image\/"},"sameAs":["https:\/\/www.facebook.com\/puhdasplus","https:\/\/www.instagram.com\/puhdasplus_ee\/"]}]}},"_yoast_wpseo_title":"D-riboz\u0117s milteliai 200 g | Puhdas+","_yoast_wpseo_metadesc":"Gryni D-riboz\u0117s milteliai l\u0105steli\u0173 energijai ir atsistatymui. Palaiko ATP gamyb\u0105, \u0161irdies ir raumen\u0173 veikl\u0105. Tinka veganams ir be pried\u0173.","_yoast_wpseo_focuskw":"","_links":{"self":[{"href":"https:\/\/puhdasplus.ee\/lt\/wp-json\/wp\/v2\/product\/353560","targetHints":{"allow":["GET"]}}],"collection":[{"href":"https:\/\/puhdasplus.ee\/lt\/wp-json\/wp\/v2\/product"}],"about":[{"href":"https:\/\/puhdasplus.ee\/lt\/wp-json\/wp\/v2\/types\/product"}],"replies":[{"embeddable":true,"href":"https:\/\/puhdasplus.ee\/lt\/wp-json\/wp\/v2\/comments?post=353560"}],"wp:featuredmedia":[{"embeddable":true,"href":"https:\/\/puhdasplus.ee\/lt\/wp-json\/wp\/v2\/media\/354352"}],"wp:attachment":[{"href":"https:\/\/puhdasplus.ee\/lt\/wp-json\/wp\/v2\/media?parent=353560"}],"wp:term":[{"taxonomy":"product_brand","embeddable":true,"href":"https:\/\/puhdasplus.ee\/lt\/wp-json\/wp\/v2\/product_brand?post=353560"},{"taxonomy":"product_cat","embeddable":true,"href":"https:\/\/puhdasplus.ee\/lt\/wp-json\/wp\/v2\/product_cat?post=353560"},{"taxonomy":"product_tag","embeddable":true,"href":"https:\/\/puhdasplus.ee\/lt\/wp-json\/wp\/v2\/product_tag?post=353560"}],"curies":[{"name":"wp","href":"https:\/\/api.w.org\/{rel}","templated":true}]}}