{"id":353543,"date":"2019-11-23T19:09:51","date_gmt":"2019-11-23T17:09:51","guid":{"rendered":"https:\/\/puhdasplus.ee\/tooted\/be-kategorijos\/vitaminas-k2-100-%c2%b5g-60-kapsuliu\/"},"modified":"2026-04-07T20:04:00","modified_gmt":"2026-04-07T17:04:00","slug":"vitaminas-k2-100-%c2%b5g-60-kapsuliu","status":"publish","type":"product","link":"https:\/\/puhdasplus.ee\/lt\/produktai\/vitaminai\/vitaminas-k2\/vitaminas-k2-100-%c2%b5g-60-kapsuliu\/","title":{"rendered":"Vitaminas K2 100 \u00b5g 60 kapsuli\u0173"},"content":{"rendered":"<div class=\"article-body__item article-body__item--htmlElement\"><\/div>\n<h2>Kas yra vitaminas K2 ir kod\u0117l jis svarbus?<\/h2>\n<p>Vitaminas K2, dar \u017einomas kaip menachinonas, yra riebaluose tirpus vitaminas, atliekantis svarb\u0173 vaidmen\u012f kalcio metabolizme organizme. Jis padeda nukreipti kalc\u012f \u012f kaulus ir dantis, palaikydamas j\u0173 stiprum\u0105 ir strukt\u016br\u0105. Vitaminas K2 taip pat dalyvauja normaliame kraujo kre\u0161\u0117jimo procese, pad\u0117damas palaikyti kraujagysli\u0173 elastingum\u0105 ir sveikat\u0105.<\/p>\n<p>\u201ePuhdas+ Vitamin K2 100 \u00b5g\u201c kapsul\u0117s yra auk\u0161tos kokyb\u0117s maisto papildas, kurio sud\u0117tyje yra nat\u016bralios ir bioaktyvios formos vitamino K2 \u2013 menachinono-7 (MK-7). \u0160is vitaminas yra ypa\u010d svarbus kalcio metabolizmui: K2 padeda organizmui nukreipti kalc\u012f ten, kur jam ir vieta \u2013 \u012f kaulus ir dantis, o ne \u012f mink\u0161tuosius audinius, kur jis gali kauptis nepageidaujamose vietose. <\/p>\n<p>Vitaminas K2 palaiko:<\/p>\n<ul>\n<li>\n<p><strong>normali kaul\u0173 b\u016bkl\u0117<\/strong> , prisidedanti prie kalcio prisijungimo prie kaulinio audinio,<\/p>\n<\/li>\n<li>\n<p><strong>normali\u0105 kraujo kre\u0161\u0117jimo funkcij\u0105<\/strong> , kuri svarbi kasdienei organizmo pusiausvyrai palaikyti,<\/p>\n<\/li>\n<li>\n<p><strong>tinkam\u0105 kalcio jud\u0117jim\u0105 organizme<\/strong> , bendradarbiaujant su vitaminu D.<\/p>\n<\/li>\n<\/ul>\n<p>Nors vitamino K2 yra kai kuriuose fermentuotuose maisto produktuose (pvz., natto \u2013 japoni\u0161kose soj\u0173 pupel\u0117se), \u012fprastoje mityboje jo da\u017enai nepakanka, ypa\u010d vakarieti\u0161koje mityboje. Tod\u0117l papildas yra patogus ir veiksmingas b\u016bdas u\u017etikrinti pakankam\u0105 K2 paros norm\u0105, ypa\u010d vyresniame am\u017eiuje arba jei mityboje gausu kalcio ar vitamino D. <\/p>\n<p>\u201ePuhdas+ Vitamin K2\u201c sud\u0117tyje yra 100 \u00b5g vitamino K2 menachinono-7 pavidalu, kuris <strong>l\u0117tai i\u0161siskiria ir gerai absorbuojamas<\/strong> organizmo. Kapsul\u0117s tinkamos vartoti kasdien ir pagamintos be dirbtini\u0173 pried\u0173 \u2013 jose n\u0117ra glitimo, laktoz\u0117s, saldikli\u0173 ar alergen\u0173. <\/p>\n<h2>Kam tinka \u201ePuhdas+\u201c vitaminas K2 100 \u00b5g?<\/h2>\n<p>\u0160is papildas tinka suaugusiesiems, norintiems palaikyti kaul\u0173 sveikat\u0105 ir kraujo kre\u0161\u0117jim\u0105. Jis gali b\u016bti ypa\u010d naudingas tiems, kuriems reikia daugiau vitamino K2, pavyzd\u017eiui, vyresnio am\u017eiaus \u017emon\u0117ms arba tiems, kurie vartoja ma\u017eai vitamino K2 turin\u010di\u0173 maisto produkt\u0173.<\/p>\n<h2>Kaip ir kada j\u012f naudoti?<\/h2>\n<p><strong>Vartojimo instrukcijos:<\/strong> Rekomenduojama doz\u0117 suaugusiesiems yra 1 kapsul\u0117 per dien\u0105. Kapsul\u0119 nurykite u\u017egerdami vandeniu. Rekomenduojamos paros doz\u0117s vir\u0161yti negalima. Maisto papildas nepakei\u010dia \u012fvairios ir subalansuotos mitybos ar sveiko gyvenimo b\u016bdo. Laikyti vaikams nepasiekiamoje vietoje. Jei vartojate krauj\u0105 skystinan\u010dius vaistus, prie\u0161 vartodami produkt\u0105 pasitarkite su gydytoju.<\/p>\n<h2>Kokie yra ingredientai ir maistin\u0117 vert\u0117?<\/h2>\n<p><strong>Sudedamosios dalys:<\/strong> u\u017epildas (hidroksipropilmetilceliulioz\u0117), kapsul\u0117s apvalkalas (hidroksipropilmetilceliulioz\u0117, gelano derva), menachinono (vitamino K2) preparatas. Produkte n\u0117ra laktoz\u0117s, mieli\u0173 ar glitimo. Be cukraus, druskos, krakmolo, kukur\u016bz\u0173 ar saldikli\u0173. Tinka veganams.<\/p>\n<h2>Maistin\u0117 vert\u0117 (1 kapsul\u0117)<\/h2>\n<ul>\n<li>\n<p>Vitaminas K 100 \u00b5g (133 % RMV*)<br \/>\n *RMV \u2013 referencin\u0117 paros norma suaugusiam \u017emogui<\/p>\n<\/li>\n<\/ul>\n<p>&nbsp;<\/p>\n<p><strong>\u017di\u016br\u0117ti taip pat:<\/strong> <a href=\"https:\/\/puhdasplus.ee\/toote-kategooria\/k2-vitamiin\/\">K2 vitamiin<\/a> | <a href=\"https:\/\/puhdasplus.ee\/toote-kategooria\/liigesed-lihased-ja-luud\/\">S\u0105nariai, raumenys ir kaulai<\/a> | <a href=\"https:\/\/puhdasplus.ee\/toote-kategooria\/d-vitamiin\/\">D-vitamiin<\/a><\/p>\n","protected":false},"excerpt":{"rendered":"<p>\u201ePuhdas+ Vitamin K2 100 \u00b5g\u201c yra maisto papildas, kuris palaiko kaul\u0173 stiprum\u0105 ir nat\u016brali\u0105 kalcio pusiausvyr\u0105 organizme. Vitaminas K2 padeda kalciui patekti \u012f reikiam\u0105 viet\u0105 \u2013 \u012f kaulus ir dantis \u2013 ir neleid\u017eia jam nus\u0117sti mink\u0161tuosiuose audiniuose, kur jis netur\u0117t\u0173 kauptis. Vitaminas K2 taip pat atlieka svarb\u0173 vaidmen\u012f kraujo kre\u0161\u0117jimo procese, palaikydamas normali\u0105 kraujotakos sistemos veikl\u0105.  <\/p>\n<p>Produkto sud\u0117tyje yra menachinono-7 (MK-7) \u2013 bioaktyvios vitamino K2 formos, kuri\u0105 organizmas gerai absorbuoja ir kuri organizme i\u0161lieka ilgiau nei \u012fprastas vitaminas K1. D\u0117l to produktas yra veiksmingas ir tinkamas vartoti kasdien, ypa\u010d kartu su vitaminu D, nes \u0161ie vitaminai kartu veikia kalcio metabolizm\u0105. <\/p>\n<p>Kapsul\u0117s yra grynos, be dirbtini\u0173 pried\u0173, saldikli\u0173, laktoz\u0117s ar glitimo, tinka veganams ir \u017emon\u0117ms su jautria vir\u0161kinimo sistema. Viena kapsul\u0117 per dien\u0105 padeda palaikyti kaul\u0173 sveikat\u0105 ir kraujotakos pusiausvyr\u0105 nat\u016braliu ir organizmui nekenksmingu b\u016bdu. Pakuot\u0117je yra 60 kapsuli\u0173 \u2013 dviej\u0173 m\u0117nesi\u0173 paros norma.  <\/p>\n","protected":false},"featured_media":355890,"comment_status":"closed","ping_status":"closed","template":"","meta":{"_acf_changed":false,"googlesitekit_rrm_CAow3eq7DA:productID":""},"product_brand":[],"product_cat":[3461,3174,6810],"product_tag":[8346,8350,3131,2967,8370],"class_list":{"0":"post-353543","1":"product","2":"type-product","3":"status-publish","4":"has-post-thumbnail","6":"product_cat-sanariai-raumenys-ir-kaulai","7":"product_cat-vitaminai","8":"product_cat-vitaminas-k2","9":"product_tag-be-gliuteno-lt","10":"product_tag-be-laktozs-lt","11":"product_tag-maisto-papildas","12":"product_tag-veganas","13":"product_tag-vitaminai-lt","15":"first","16":"instock","17":"taxable","18":"shipping-taxable","19":"purchasable","20":"product-type-simple"},"acf":[],"yoast_head":"<!-- This site is optimized with the Yoast SEO plugin v27.3 - https:\/\/yoast.com\/product\/yoast-seo-wordpress\/ -->\n<title>Vitaminas K2 100 \u00b5g 60 kapsuli\u0173 | Puhdas+<\/title>\n<meta name=\"description\" content=\"Vitaminas K2 \u2013 stiprus ir lengvai \u012fsisavinamas MenaQ7 menachinonas! Palaiko kaul\u0173 sveikat\u0105 ir normal\u0173 kraujo kre\u0161\u0117jim\u0105. 100 % vegani\u0161kas, gryna sud\u0117tis. U\u017esisakykite dabar!\" \/>\n<meta name=\"robots\" content=\"index, follow, max-snippet:-1, max-image-preview:large, max-video-preview:-1\" \/>\n<link rel=\"canonical\" href=\"https:\/\/puhdasplus.ee\/lt\/produktai\/vitaminai\/vitaminas-k2\/vitaminas-k2-100-%c2%b5g-60-kapsuliu\/\" \/>\n<meta property=\"og:locale\" content=\"lt_LT\" \/>\n<meta property=\"og:type\" content=\"article\" \/>\n<meta property=\"og:title\" content=\"Vitaminas K2 100 \u00b5g 60 kapsuli\u0173 | Puhdas+\" \/>\n<meta property=\"og:description\" content=\"Vitaminas K2 \u2013 stiprus ir lengvai \u012fsisavinamas MenaQ7 menachinonas! Palaiko kaul\u0173 sveikat\u0105 ir normal\u0173 kraujo kre\u0161\u0117jim\u0105. 100 % vegani\u0161kas, gryna sud\u0117tis. U\u017esisakykite dabar!\" \/>\n<meta property=\"og:url\" content=\"https:\/\/puhdasplus.ee\/lt\/produktai\/vitaminai\/vitaminas-k2\/vitaminas-k2-100-%c2%b5g-60-kapsuliu\/\" \/>\n<meta property=\"og:site_name\" content=\"Puhdas+\" \/>\n<meta property=\"article:publisher\" content=\"https:\/\/www.facebook.com\/puhdasplus\" \/>\n<meta property=\"article:modified_time\" content=\"2026-04-07T17:04:00+00:00\" \/>\n<meta property=\"og:image\" content=\"https:\/\/puhdasplus.ee\/wp-content\/uploads\/2019\/11\/k2-puhdasplus-scaled.jpg\" \/>\n\t<meta property=\"og:image:width\" content=\"1862\" \/>\n\t<meta property=\"og:image:height\" content=\"2560\" \/>\n\t<meta property=\"og:image:type\" content=\"image\/jpeg\" \/>\n<meta name=\"twitter:card\" content=\"summary_large_image\" \/>\n<meta name=\"twitter:label1\" content=\"Est. reading time\" \/>\n\t<meta name=\"twitter:data1\" content=\"2 minut\u0117\" \/>\n<script type=\"application\/ld+json\" class=\"yoast-schema-graph\">{\"@context\":\"https:\\\/\\\/schema.org\",\"@graph\":[{\"@type\":\"WebPage\",\"@id\":\"https:\\\/\\\/puhdasplus.ee\\\/lt\\\/produktai\\\/vitaminai\\\/vitaminas-k2\\\/vitaminas-k2-100-%c2%b5g-60-kapsuliu\\\/\",\"url\":\"https:\\\/\\\/puhdasplus.ee\\\/lt\\\/produktai\\\/vitaminai\\\/vitaminas-k2\\\/vitaminas-k2-100-%c2%b5g-60-kapsuliu\\\/\",\"name\":\"Vitaminas K2 100 \u00b5g 60 kapsuli\u0173 | Puhdas+\",\"isPartOf\":{\"@id\":\"https:\\\/\\\/puhdasplus.ee\\\/lt\\\/#website\"},\"primaryImageOfPage\":{\"@id\":\"https:\\\/\\\/puhdasplus.ee\\\/lt\\\/produktai\\\/vitaminai\\\/vitaminas-k2\\\/vitaminas-k2-100-%c2%b5g-60-kapsuliu\\\/#primaryimage\"},\"image\":{\"@id\":\"https:\\\/\\\/puhdasplus.ee\\\/lt\\\/produktai\\\/vitaminai\\\/vitaminas-k2\\\/vitaminas-k2-100-%c2%b5g-60-kapsuliu\\\/#primaryimage\"},\"thumbnailUrl\":\"https:\\\/\\\/puhdasplus.ee\\\/wp-content\\\/uploads\\\/2019\\\/11\\\/k2-puhdasplus-scaled.jpg\",\"datePublished\":\"2019-11-23T17:09:51+00:00\",\"dateModified\":\"2026-04-07T17:04:00+00:00\",\"description\":\"Vitaminas K2 \u2013 stiprus ir lengvai \u012fsisavinamas MenaQ7 menachinonas! Palaiko kaul\u0173 sveikat\u0105 ir normal\u0173 kraujo kre\u0161\u0117jim\u0105. 100 % vegani\u0161kas, gryna sud\u0117tis. U\u017esisakykite dabar!\",\"breadcrumb\":{\"@id\":\"https:\\\/\\\/puhdasplus.ee\\\/lt\\\/produktai\\\/vitaminai\\\/vitaminas-k2\\\/vitaminas-k2-100-%c2%b5g-60-kapsuliu\\\/#breadcrumb\"},\"inLanguage\":\"lt-LT\",\"potentialAction\":[{\"@type\":\"ReadAction\",\"target\":[\"https:\\\/\\\/puhdasplus.ee\\\/lt\\\/produktai\\\/vitaminai\\\/vitaminas-k2\\\/vitaminas-k2-100-%c2%b5g-60-kapsuliu\\\/\"]}]},{\"@type\":\"ImageObject\",\"inLanguage\":\"lt-LT\",\"@id\":\"https:\\\/\\\/puhdasplus.ee\\\/lt\\\/produktai\\\/vitaminai\\\/vitaminas-k2\\\/vitaminas-k2-100-%c2%b5g-60-kapsuliu\\\/#primaryimage\",\"url\":\"https:\\\/\\\/puhdasplus.ee\\\/wp-content\\\/uploads\\\/2019\\\/11\\\/k2-puhdasplus-scaled.jpg\",\"contentUrl\":\"https:\\\/\\\/puhdasplus.ee\\\/wp-content\\\/uploads\\\/2019\\\/11\\\/k2-puhdasplus-scaled.jpg\",\"width\":1862,\"height\":2560,\"caption\":\"k2 puhdasplus\"},{\"@type\":\"BreadcrumbList\",\"@id\":\"https:\\\/\\\/puhdasplus.ee\\\/lt\\\/produktai\\\/vitaminai\\\/vitaminas-k2\\\/vitaminas-k2-100-%c2%b5g-60-kapsuliu\\\/#breadcrumb\",\"itemListElement\":[{\"@type\":\"ListItem\",\"position\":1,\"name\":\"Prad\u017eia\",\"item\":\"https:\\\/\\\/puhdasplus.ee\\\/lt\\\/\"},{\"@type\":\"ListItem\",\"position\":2,\"name\":\"Produktai\",\"item\":\"https:\\\/\\\/puhdasplus.ee\\\/lt\\\/parduotuve\\\/\"},{\"@type\":\"ListItem\",\"position\":3,\"name\":\"Vitaminas K2 100 \u00b5g 60 kapsuli\u0173\"}]},{\"@type\":\"WebSite\",\"@id\":\"https:\\\/\\\/puhdasplus.ee\\\/lt\\\/#website\",\"url\":\"https:\\\/\\\/puhdasplus.ee\\\/lt\\\/\",\"name\":\"Puhdas+\",\"description\":\"Vitaminai, maisto papildai, nat\u016brali kosmetika, sveikata, sportas\",\"publisher\":{\"@id\":\"https:\\\/\\\/puhdasplus.ee\\\/lt\\\/#organization\"},\"potentialAction\":[{\"@type\":\"SearchAction\",\"target\":{\"@type\":\"EntryPoint\",\"urlTemplate\":\"https:\\\/\\\/puhdasplus.ee\\\/lt\\\/?s={search_term_string}\"},\"query-input\":{\"@type\":\"PropertyValueSpecification\",\"valueRequired\":true,\"valueName\":\"search_term_string\"}}],\"inLanguage\":\"lt-LT\"},{\"@type\":\"Organization\",\"@id\":\"https:\\\/\\\/puhdasplus.ee\\\/lt\\\/#organization\",\"name\":\"Puhdas+\",\"alternateName\":\"Puhdasplus\",\"url\":\"https:\\\/\\\/puhdasplus.ee\\\/lt\\\/\",\"logo\":{\"@type\":\"ImageObject\",\"inLanguage\":\"lt-LT\",\"@id\":\"https:\\\/\\\/puhdasplus.ee\\\/lt\\\/#\\\/schema\\\/logo\\\/image\\\/\",\"url\":\"https:\\\/\\\/puhdasplus.ee\\\/wp-content\\\/uploads\\\/2019\\\/10\\\/puhdas_logo-arvele.png\",\"contentUrl\":\"https:\\\/\\\/puhdasplus.ee\\\/wp-content\\\/uploads\\\/2019\\\/10\\\/puhdas_logo-arvele.png\",\"width\":114,\"height\":94,\"caption\":\"Puhdas+\"},\"image\":{\"@id\":\"https:\\\/\\\/puhdasplus.ee\\\/lt\\\/#\\\/schema\\\/logo\\\/image\\\/\"},\"sameAs\":[\"https:\\\/\\\/www.facebook.com\\\/puhdasplus\",\"https:\\\/\\\/www.instagram.com\\\/puhdasplus_ee\\\/\"]}]}<\/script>\n<!-- \/ Yoast SEO plugin. -->","yoast_head_json":{"title":"Vitaminas K2 100 \u00b5g 60 kapsuli\u0173 | Puhdas+","description":"Vitaminas K2 \u2013 stiprus ir lengvai \u012fsisavinamas MenaQ7 menachinonas! Palaiko kaul\u0173 sveikat\u0105 ir normal\u0173 kraujo kre\u0161\u0117jim\u0105. 100 % vegani\u0161kas, gryna sud\u0117tis. U\u017esisakykite dabar!","robots":{"index":"index","follow":"follow","max-snippet":"max-snippet:-1","max-image-preview":"max-image-preview:large","max-video-preview":"max-video-preview:-1"},"canonical":"https:\/\/puhdasplus.ee\/lt\/produktai\/vitaminai\/vitaminas-k2\/vitaminas-k2-100-%c2%b5g-60-kapsuliu\/","og_locale":"lt_LT","og_type":"article","og_title":"Vitaminas K2 100 \u00b5g 60 kapsuli\u0173 | Puhdas+","og_description":"Vitaminas K2 \u2013 stiprus ir lengvai \u012fsisavinamas MenaQ7 menachinonas! Palaiko kaul\u0173 sveikat\u0105 ir normal\u0173 kraujo kre\u0161\u0117jim\u0105. 100 % vegani\u0161kas, gryna sud\u0117tis. U\u017esisakykite dabar!","og_url":"https:\/\/puhdasplus.ee\/lt\/produktai\/vitaminai\/vitaminas-k2\/vitaminas-k2-100-%c2%b5g-60-kapsuliu\/","og_site_name":"Puhdas+","article_publisher":"https:\/\/www.facebook.com\/puhdasplus","article_modified_time":"2026-04-07T17:04:00+00:00","og_image":[{"width":1862,"height":2560,"url":"https:\/\/puhdasplus.ee\/wp-content\/uploads\/2019\/11\/k2-puhdasplus-scaled.jpg","type":"image\/jpeg"}],"twitter_card":"summary_large_image","twitter_misc":{"Est. reading time":"2 minut\u0117"},"schema":{"@context":"https:\/\/schema.org","@graph":[{"@type":"WebPage","@id":"https:\/\/puhdasplus.ee\/lt\/produktai\/vitaminai\/vitaminas-k2\/vitaminas-k2-100-%c2%b5g-60-kapsuliu\/","url":"https:\/\/puhdasplus.ee\/lt\/produktai\/vitaminai\/vitaminas-k2\/vitaminas-k2-100-%c2%b5g-60-kapsuliu\/","name":"Vitaminas K2 100 \u00b5g 60 kapsuli\u0173 | Puhdas+","isPartOf":{"@id":"https:\/\/puhdasplus.ee\/lt\/#website"},"primaryImageOfPage":{"@id":"https:\/\/puhdasplus.ee\/lt\/produktai\/vitaminai\/vitaminas-k2\/vitaminas-k2-100-%c2%b5g-60-kapsuliu\/#primaryimage"},"image":{"@id":"https:\/\/puhdasplus.ee\/lt\/produktai\/vitaminai\/vitaminas-k2\/vitaminas-k2-100-%c2%b5g-60-kapsuliu\/#primaryimage"},"thumbnailUrl":"https:\/\/puhdasplus.ee\/wp-content\/uploads\/2019\/11\/k2-puhdasplus-scaled.jpg","datePublished":"2019-11-23T17:09:51+00:00","dateModified":"2026-04-07T17:04:00+00:00","description":"Vitaminas K2 \u2013 stiprus ir lengvai \u012fsisavinamas MenaQ7 menachinonas! Palaiko kaul\u0173 sveikat\u0105 ir normal\u0173 kraujo kre\u0161\u0117jim\u0105. 100 % vegani\u0161kas, gryna sud\u0117tis. U\u017esisakykite dabar!","breadcrumb":{"@id":"https:\/\/puhdasplus.ee\/lt\/produktai\/vitaminai\/vitaminas-k2\/vitaminas-k2-100-%c2%b5g-60-kapsuliu\/#breadcrumb"},"inLanguage":"lt-LT","potentialAction":[{"@type":"ReadAction","target":["https:\/\/puhdasplus.ee\/lt\/produktai\/vitaminai\/vitaminas-k2\/vitaminas-k2-100-%c2%b5g-60-kapsuliu\/"]}]},{"@type":"ImageObject","inLanguage":"lt-LT","@id":"https:\/\/puhdasplus.ee\/lt\/produktai\/vitaminai\/vitaminas-k2\/vitaminas-k2-100-%c2%b5g-60-kapsuliu\/#primaryimage","url":"https:\/\/puhdasplus.ee\/wp-content\/uploads\/2019\/11\/k2-puhdasplus-scaled.jpg","contentUrl":"https:\/\/puhdasplus.ee\/wp-content\/uploads\/2019\/11\/k2-puhdasplus-scaled.jpg","width":1862,"height":2560,"caption":"k2 puhdasplus"},{"@type":"BreadcrumbList","@id":"https:\/\/puhdasplus.ee\/lt\/produktai\/vitaminai\/vitaminas-k2\/vitaminas-k2-100-%c2%b5g-60-kapsuliu\/#breadcrumb","itemListElement":[{"@type":"ListItem","position":1,"name":"Prad\u017eia","item":"https:\/\/puhdasplus.ee\/lt\/"},{"@type":"ListItem","position":2,"name":"Produktai","item":"https:\/\/puhdasplus.ee\/lt\/parduotuve\/"},{"@type":"ListItem","position":3,"name":"Vitaminas K2 100 \u00b5g 60 kapsuli\u0173"}]},{"@type":"WebSite","@id":"https:\/\/puhdasplus.ee\/lt\/#website","url":"https:\/\/puhdasplus.ee\/lt\/","name":"Puhdas+","description":"Vitaminai, maisto papildai, nat\u016brali kosmetika, sveikata, sportas","publisher":{"@id":"https:\/\/puhdasplus.ee\/lt\/#organization"},"potentialAction":[{"@type":"SearchAction","target":{"@type":"EntryPoint","urlTemplate":"https:\/\/puhdasplus.ee\/lt\/?s={search_term_string}"},"query-input":{"@type":"PropertyValueSpecification","valueRequired":true,"valueName":"search_term_string"}}],"inLanguage":"lt-LT"},{"@type":"Organization","@id":"https:\/\/puhdasplus.ee\/lt\/#organization","name":"Puhdas+","alternateName":"Puhdasplus","url":"https:\/\/puhdasplus.ee\/lt\/","logo":{"@type":"ImageObject","inLanguage":"lt-LT","@id":"https:\/\/puhdasplus.ee\/lt\/#\/schema\/logo\/image\/","url":"https:\/\/puhdasplus.ee\/wp-content\/uploads\/2019\/10\/puhdas_logo-arvele.png","contentUrl":"https:\/\/puhdasplus.ee\/wp-content\/uploads\/2019\/10\/puhdas_logo-arvele.png","width":114,"height":94,"caption":"Puhdas+"},"image":{"@id":"https:\/\/puhdasplus.ee\/lt\/#\/schema\/logo\/image\/"},"sameAs":["https:\/\/www.facebook.com\/puhdasplus","https:\/\/www.instagram.com\/puhdasplus_ee\/"]}]}},"_yoast_wpseo_title":"Vitaminas K2 100 \u00b5g 60 kapsuli\u0173 | Puhdas+","_yoast_wpseo_metadesc":"Vitaminas K2 \u2013 stiprus ir lengvai \u012fsisavinamas MenaQ7 menachinonas! Palaiko kaul\u0173 sveikat\u0105 ir normal\u0173 kraujo kre\u0161\u0117jim\u0105. 100 % vegani\u0161kas, gryna sud\u0117tis. U\u017esisakykite dabar!","_yoast_wpseo_focuskw":"","_links":{"self":[{"href":"https:\/\/puhdasplus.ee\/lt\/wp-json\/wp\/v2\/product\/353543","targetHints":{"allow":["GET"]}}],"collection":[{"href":"https:\/\/puhdasplus.ee\/lt\/wp-json\/wp\/v2\/product"}],"about":[{"href":"https:\/\/puhdasplus.ee\/lt\/wp-json\/wp\/v2\/types\/product"}],"replies":[{"embeddable":true,"href":"https:\/\/puhdasplus.ee\/lt\/wp-json\/wp\/v2\/comments?post=353543"}],"wp:featuredmedia":[{"embeddable":true,"href":"https:\/\/puhdasplus.ee\/lt\/wp-json\/wp\/v2\/media\/355890"}],"wp:attachment":[{"href":"https:\/\/puhdasplus.ee\/lt\/wp-json\/wp\/v2\/media?parent=353543"}],"wp:term":[{"taxonomy":"product_brand","embeddable":true,"href":"https:\/\/puhdasplus.ee\/lt\/wp-json\/wp\/v2\/product_brand?post=353543"},{"taxonomy":"product_cat","embeddable":true,"href":"https:\/\/puhdasplus.ee\/lt\/wp-json\/wp\/v2\/product_cat?post=353543"},{"taxonomy":"product_tag","embeddable":true,"href":"https:\/\/puhdasplus.ee\/lt\/wp-json\/wp\/v2\/product_tag?post=353543"}],"curies":[{"name":"wp","href":"https:\/\/api.w.org\/{rel}","templated":true}]}}