{"id":353430,"date":"2025-08-25T14:14:33","date_gmt":"2025-08-25T11:14:33","guid":{"rendered":"https:\/\/puhdasplus.ee\/tooted\/be-kategorijos\/beta-karotenas-15-mg-60-kapsuliu\/"},"modified":"2026-03-28T19:07:10","modified_gmt":"2026-03-28T17:07:10","slug":"beta-karotenas-15-mg-60-kapsuliu","status":"publish","type":"product","link":"https:\/\/puhdasplus.ee\/lt\/produktai\/imunine-sistema\/beta-karotenas-15-mg-60-kapsuliu\/","title":{"rendered":"Beta karotinas 15 mg 60 kapsuli\u0173"},"content":{"rendered":"<h2>Kod\u0117l beta karotinas?<\/h2>\n<h3>Nat\u016bralus vitamino A \u0161altinis<\/h3>\n<p>Beta karotinas yra <strong>vitamino A pirmtakas<\/strong>, kur\u012f organizmas paver\u010dia vitaminu A pagal poreik\u012f \u2014 tod\u0117l n\u0117ra perdozavimo rizikos. Tai nat\u016bralus ir saugus b\u016bdas patenkinti vitamino A poreik\u012f. Puhdas+ Beta karotinas turi 15 mg nat\u016bralaus beta karotino.<\/p>\n<h3>K\u0105 vitaminas A veikia organizme?<\/h3>\n<ul>\n<li>Padeda palaikyti <strong>normali\u0105 odos ir gleivini\u0173 b\u016bkl\u0119<\/strong><\/li>\n<li>Padeda palaikyti <strong>normal\u0173 reg\u0117jim\u0105<\/strong><\/li>\n<li>Prisideda prie <strong>normalios imunin\u0117s sistemos veiklos<\/strong><\/li>\n<li>Prisideda prie <strong>l\u0105steli\u0173 dalijimosi proceso<\/strong><\/li>\n<\/ul>\n<h2>Kam tinka ir kaip vartoti?<\/h2>\n<h3>Kam skirtas \u0161is produktas?<\/h3>\n<ul>\n<li>Jei norite palaikyti <strong>odos sveikat\u0105<\/strong> i\u0161 vidaus<\/li>\n<li>Jei norite nat\u016bralaus <strong>vitamino A \u0161altinio<\/strong><\/li>\n<li>Jei norite palaikyti <strong>reg\u0117jim\u0105 ir imunin\u0119 sistem\u0105<\/strong><\/li>\n<\/ul>\n<p>Gryna sud\u0117tis, tinka veganams. Pagaminta Suomijoje. Odos sveikatos palaikymui i\u0161 vidaus \u017ei\u016br\u0117kite taip pat <a href=\"\/toode\/kollageeni-pulber-250-g\/\">kolageno miltelius<\/a> ir <a href=\"\/toode\/tsink-25-mg\/\">cink\u0105<\/a>.<\/p>\n<h3>Sud\u0117tis ir maistin\u0117 vert\u0117<\/h3>\n<p><strong>Sud\u0117tis:<\/strong> beta karotinas, u\u017epildas (mikrokristalin\u0117 celiulioz\u0117), kapsul\u0117s apvalkalas (hidroksipropilmetilceliulioz\u0117).<\/p>\n<h4>Maistin\u0117 vert\u0117 vienoje kapsul\u0117je<\/h4>\n<table>\n<thead>\n<tr>\n<th>Maistin\u0117 med\u017eiaga<\/th>\n<th>Kiekis<\/th>\n<\/tr>\n<\/thead>\n<tbody>\n<tr>\n<td>Beta karotinas<\/td>\n<td>15 mg<\/td>\n<\/tr>\n<tr>\n<td>Vitaminas A (RE)<\/td>\n<td>2500 \u00b5g (313% NRV)<\/td>\n<\/tr>\n<\/tbody>\n<\/table>\n<h3>Kaip vartoti?<\/h3>\n<p>Vartoti 1 kapsul\u0119 per dien\u0105. Rekomenduojamos doz\u0117s vir\u0161yti negalima. Maisto papildas nepakei\u010dia \u012fvairios ir subalansuotos mitybos. 60 kapsuli\u0173.<\/p>\n<h2>Da\u017eniausiai u\u017eduodami klausimai<\/h2>\n<h3>Kuo skiriasi beta karotinas nuo vitamino A?<\/h3>\n<p>Beta karotinas yra vitamino A pirmtakas \u2014 organizmas j\u012f paver\u010dia vitaminu A pagal poreik\u012f. Paruo\u0161tas vitaminas A (retinolis) didel\u0117mis doz\u0117mis gali kauptis, beta karotinas ne.<\/p>\n<h3>Ar tinka veganams?<\/h3>\n<p>Taip. Augalin\u0117 celiulioz\u0117s kapsul\u0117, visas produktas 100% vegani\u0161kas.<\/p>\n<h3>Ar galima vartoti kartu su kitais vitaminais?<\/h3>\n<p>Taip. Gerai derinasi su <a href=\"\/toode\/tugev-c-vitamiin-500-mg-60-kapslit\/\">vitaminu C<\/a>, <a href=\"\/toode\/seleen-60-kapslit\/\">selenu<\/a> ir <a href=\"\/toode\/tsink-25-mg\/\">cinku<\/a>.<\/p>\n<p><strong>\u017di\u016br\u0117ti taip pat:<\/strong> <a href=\"https:\/\/puhdasplus.ee\/toote-kategooria\/immuunsusteem\/\">Immuuns\u00fcsteem<\/a> | <a href=\"https:\/\/puhdasplus.ee\/toote-kategooria\/silmadele\/\">Silmadele<\/a> | <a href=\"https:\/\/puhdasplus.ee\/toote-kategooria\/d-vitamiin\/\">D-vitamiin<\/a><\/p>\n","protected":false},"excerpt":{"rendered":"<p><b>Puhdas+ Stiprus Beta-karotinas 15 mg<\/b> yra nat\u016bralus ir veiksmingas maisto papildas, palaikantis odos gro\u017e\u012f ir gerov\u0119, padedantis i\u0161laikyti ai\u0161k\u0173 reg\u0117jim\u0105 ir palaikantis normali\u0105 imunin\u0117s sistemos veikl\u0105. Kadangi beta-karotinas veikia kaip vitamino A pirmtakas, organizmas gali panaudoti tiksliai tiek, kiek reikia.<\/p>\n<p><b>Beta-karotinas laikomas geru pasirinkimu ypa\u010d prie\u0161 ir po buvimo saul\u0117je bei ruo\u0161iantis vasaros sezonui, ta\u010diau jo naudinga veikla apima ir met\u0173 laik\u0173 odos palaikym\u0105.<\/b><\/p>\n<p>\u0160i gryna, veganams tinkama ir patogi kapsuli\u0173 forma daro kasdien\u012f vartojim\u0105 lengvu \u012fpro\u010diu, palaikan\u010diu k\u016bn\u0105 ir prot\u0105 stipr\u0173 kiekvienu met\u0173 laiku.<\/p>\n","protected":false},"featured_media":352685,"comment_status":"open","ping_status":"closed","template":"","meta":{"_acf_changed":false,"googlesitekit_rrm_CAow3eq7DA:productID":""},"product_brand":[],"product_cat":[4573,3048],"product_tag":[4764,8346,3023,3131,8378,3285,8374,2967],"class_list":{"0":"post-353430","1":"product","2":"type-product","3":"status-publish","4":"has-post-thumbnail","6":"product_cat-akims","7":"product_cat-imunine-sistema","8":"product_tag-antioksidantas-lt","9":"product_tag-be-gliuteno-lt","10":"product_tag-imunitetas","11":"product_tag-maisto-papildas","12":"product_tag-natralus-lt","13":"product_tag-odos-sveikata","14":"product_tag-suomijos-kokyb-lt","15":"product_tag-veganas","17":"first","18":"onbackorder","19":"taxable","20":"shipping-taxable","21":"purchasable","22":"product-type-simple"},"acf":[],"yoast_head":"<!-- This site is optimized with the Yoast SEO plugin v27.3 - https:\/\/yoast.com\/product\/yoast-seo-wordpress\/ -->\n<title>Beta karotinas 15 mg 60 kapsuli\u0173 | Puhdas+<\/title>\n<meta name=\"description\" content=\"\u201ePuhdas+ Strong\u201c beta karotenas (15 mg) palaiko odos, imunin\u0117s sistemos ir reg\u0117jimo sveikat\u0105 bei padeda apsaugoti l\u0105steles nuo oksidacinio streso. Vegani\u0161kas.\" \/>\n<meta name=\"robots\" content=\"index, follow, max-snippet:-1, max-image-preview:large, max-video-preview:-1\" \/>\n<link rel=\"canonical\" href=\"https:\/\/puhdasplus.ee\/lt\/produktai\/imunine-sistema\/beta-karotenas-15-mg-60-kapsuliu\/\" \/>\n<meta property=\"og:locale\" content=\"lt_LT\" \/>\n<meta property=\"og:type\" content=\"article\" \/>\n<meta property=\"og:title\" content=\"Beta karotinas 15 mg 60 kapsuli\u0173 | Puhdas+\" \/>\n<meta property=\"og:description\" content=\"\u201ePuhdas+ Strong\u201c beta karotenas (15 mg) palaiko odos, imunin\u0117s sistemos ir reg\u0117jimo sveikat\u0105 bei padeda apsaugoti l\u0105steles nuo oksidacinio streso. Vegani\u0161kas.\" \/>\n<meta property=\"og:url\" content=\"https:\/\/puhdasplus.ee\/lt\/produktai\/imunine-sistema\/beta-karotenas-15-mg-60-kapsuliu\/\" \/>\n<meta property=\"og:site_name\" content=\"Puhdas+\" \/>\n<meta property=\"article:publisher\" content=\"https:\/\/www.facebook.com\/puhdasplus\" \/>\n<meta property=\"article:modified_time\" content=\"2026-03-28T17:07:10+00:00\" \/>\n<meta property=\"og:image\" content=\"https:\/\/puhdasplus.ee\/wp-content\/uploads\/2025\/08\/tooted-ilma-taustata-copy-6-scaled.jpg\" \/>\n\t<meta property=\"og:image:width\" content=\"1862\" \/>\n\t<meta property=\"og:image:height\" content=\"2560\" \/>\n\t<meta property=\"og:image:type\" content=\"image\/jpeg\" \/>\n<meta name=\"twitter:card\" content=\"summary_large_image\" \/>\n<meta name=\"twitter:label1\" content=\"Est. reading time\" \/>\n\t<meta name=\"twitter:data1\" content=\"1 minut\u0117\" \/>\n<script type=\"application\/ld+json\" class=\"yoast-schema-graph\">{\"@context\":\"https:\\\/\\\/schema.org\",\"@graph\":[{\"@type\":\"WebPage\",\"@id\":\"https:\\\/\\\/puhdasplus.ee\\\/lt\\\/produktai\\\/imunine-sistema\\\/beta-karotenas-15-mg-60-kapsuliu\\\/\",\"url\":\"https:\\\/\\\/puhdasplus.ee\\\/lt\\\/produktai\\\/imunine-sistema\\\/beta-karotenas-15-mg-60-kapsuliu\\\/\",\"name\":\"Beta karotinas 15 mg 60 kapsuli\u0173 | Puhdas+\",\"isPartOf\":{\"@id\":\"https:\\\/\\\/puhdasplus.ee\\\/lt\\\/#website\"},\"primaryImageOfPage\":{\"@id\":\"https:\\\/\\\/puhdasplus.ee\\\/lt\\\/produktai\\\/imunine-sistema\\\/beta-karotenas-15-mg-60-kapsuliu\\\/#primaryimage\"},\"image\":{\"@id\":\"https:\\\/\\\/puhdasplus.ee\\\/lt\\\/produktai\\\/imunine-sistema\\\/beta-karotenas-15-mg-60-kapsuliu\\\/#primaryimage\"},\"thumbnailUrl\":\"https:\\\/\\\/puhdasplus.ee\\\/wp-content\\\/uploads\\\/2025\\\/08\\\/tooted-ilma-taustata-copy-6-scaled.jpg\",\"datePublished\":\"2025-08-25T11:14:33+00:00\",\"dateModified\":\"2026-03-28T17:07:10+00:00\",\"description\":\"\u201ePuhdas+ Strong\u201c beta karotenas (15 mg) palaiko odos, imunin\u0117s sistemos ir reg\u0117jimo sveikat\u0105 bei padeda apsaugoti l\u0105steles nuo oksidacinio streso. Vegani\u0161kas.\",\"breadcrumb\":{\"@id\":\"https:\\\/\\\/puhdasplus.ee\\\/lt\\\/produktai\\\/imunine-sistema\\\/beta-karotenas-15-mg-60-kapsuliu\\\/#breadcrumb\"},\"inLanguage\":\"lt-LT\",\"potentialAction\":[{\"@type\":\"ReadAction\",\"target\":[\"https:\\\/\\\/puhdasplus.ee\\\/lt\\\/produktai\\\/imunine-sistema\\\/beta-karotenas-15-mg-60-kapsuliu\\\/\"]}]},{\"@type\":\"ImageObject\",\"inLanguage\":\"lt-LT\",\"@id\":\"https:\\\/\\\/puhdasplus.ee\\\/lt\\\/produktai\\\/imunine-sistema\\\/beta-karotenas-15-mg-60-kapsuliu\\\/#primaryimage\",\"url\":\"https:\\\/\\\/puhdasplus.ee\\\/wp-content\\\/uploads\\\/2025\\\/08\\\/tooted-ilma-taustata-copy-6-scaled.jpg\",\"contentUrl\":\"https:\\\/\\\/puhdasplus.ee\\\/wp-content\\\/uploads\\\/2025\\\/08\\\/tooted-ilma-taustata-copy-6-scaled.jpg\",\"width\":1862,\"height\":2560,\"caption\":\"Beta karotenas 15 mg, 60 kapsuli\u0173\"},{\"@type\":\"BreadcrumbList\",\"@id\":\"https:\\\/\\\/puhdasplus.ee\\\/lt\\\/produktai\\\/imunine-sistema\\\/beta-karotenas-15-mg-60-kapsuliu\\\/#breadcrumb\",\"itemListElement\":[{\"@type\":\"ListItem\",\"position\":1,\"name\":\"Prad\u017eia\",\"item\":\"https:\\\/\\\/puhdasplus.ee\\\/lt\\\/\"},{\"@type\":\"ListItem\",\"position\":2,\"name\":\"Produktai\",\"item\":\"https:\\\/\\\/puhdasplus.ee\\\/lt\\\/parduotuve\\\/\"},{\"@type\":\"ListItem\",\"position\":3,\"name\":\"Beta karotinas 15 mg 60 kapsuli\u0173\"}]},{\"@type\":\"WebSite\",\"@id\":\"https:\\\/\\\/puhdasplus.ee\\\/lt\\\/#website\",\"url\":\"https:\\\/\\\/puhdasplus.ee\\\/lt\\\/\",\"name\":\"Puhdas+\",\"description\":\"Vitaminai, maisto papildai, nat\u016brali kosmetika, sveikata, sportas\",\"publisher\":{\"@id\":\"https:\\\/\\\/puhdasplus.ee\\\/lt\\\/#organization\"},\"potentialAction\":[{\"@type\":\"SearchAction\",\"target\":{\"@type\":\"EntryPoint\",\"urlTemplate\":\"https:\\\/\\\/puhdasplus.ee\\\/lt\\\/?s={search_term_string}\"},\"query-input\":{\"@type\":\"PropertyValueSpecification\",\"valueRequired\":true,\"valueName\":\"search_term_string\"}}],\"inLanguage\":\"lt-LT\"},{\"@type\":\"Organization\",\"@id\":\"https:\\\/\\\/puhdasplus.ee\\\/lt\\\/#organization\",\"name\":\"Puhdas+\",\"alternateName\":\"Puhdasplus\",\"url\":\"https:\\\/\\\/puhdasplus.ee\\\/lt\\\/\",\"logo\":{\"@type\":\"ImageObject\",\"inLanguage\":\"lt-LT\",\"@id\":\"https:\\\/\\\/puhdasplus.ee\\\/lt\\\/#\\\/schema\\\/logo\\\/image\\\/\",\"url\":\"https:\\\/\\\/puhdasplus.ee\\\/wp-content\\\/uploads\\\/2019\\\/10\\\/puhdas_logo-arvele.png\",\"contentUrl\":\"https:\\\/\\\/puhdasplus.ee\\\/wp-content\\\/uploads\\\/2019\\\/10\\\/puhdas_logo-arvele.png\",\"width\":114,\"height\":94,\"caption\":\"Puhdas+\"},\"image\":{\"@id\":\"https:\\\/\\\/puhdasplus.ee\\\/lt\\\/#\\\/schema\\\/logo\\\/image\\\/\"},\"sameAs\":[\"https:\\\/\\\/www.facebook.com\\\/puhdasplus\",\"https:\\\/\\\/www.instagram.com\\\/puhdasplus_ee\\\/\"]}]}<\/script>\n<!-- \/ Yoast SEO plugin. -->","yoast_head_json":{"title":"Beta karotinas 15 mg 60 kapsuli\u0173 | Puhdas+","description":"\u201ePuhdas+ Strong\u201c beta karotenas (15 mg) palaiko odos, imunin\u0117s sistemos ir reg\u0117jimo sveikat\u0105 bei padeda apsaugoti l\u0105steles nuo oksidacinio streso. Vegani\u0161kas.","robots":{"index":"index","follow":"follow","max-snippet":"max-snippet:-1","max-image-preview":"max-image-preview:large","max-video-preview":"max-video-preview:-1"},"canonical":"https:\/\/puhdasplus.ee\/lt\/produktai\/imunine-sistema\/beta-karotenas-15-mg-60-kapsuliu\/","og_locale":"lt_LT","og_type":"article","og_title":"Beta karotinas 15 mg 60 kapsuli\u0173 | Puhdas+","og_description":"\u201ePuhdas+ Strong\u201c beta karotenas (15 mg) palaiko odos, imunin\u0117s sistemos ir reg\u0117jimo sveikat\u0105 bei padeda apsaugoti l\u0105steles nuo oksidacinio streso. Vegani\u0161kas.","og_url":"https:\/\/puhdasplus.ee\/lt\/produktai\/imunine-sistema\/beta-karotenas-15-mg-60-kapsuliu\/","og_site_name":"Puhdas+","article_publisher":"https:\/\/www.facebook.com\/puhdasplus","article_modified_time":"2026-03-28T17:07:10+00:00","og_image":[{"width":1862,"height":2560,"url":"https:\/\/puhdasplus.ee\/wp-content\/uploads\/2025\/08\/tooted-ilma-taustata-copy-6-scaled.jpg","type":"image\/jpeg"}],"twitter_card":"summary_large_image","twitter_misc":{"Est. reading time":"1 minut\u0117"},"schema":{"@context":"https:\/\/schema.org","@graph":[{"@type":"WebPage","@id":"https:\/\/puhdasplus.ee\/lt\/produktai\/imunine-sistema\/beta-karotenas-15-mg-60-kapsuliu\/","url":"https:\/\/puhdasplus.ee\/lt\/produktai\/imunine-sistema\/beta-karotenas-15-mg-60-kapsuliu\/","name":"Beta karotinas 15 mg 60 kapsuli\u0173 | Puhdas+","isPartOf":{"@id":"https:\/\/puhdasplus.ee\/lt\/#website"},"primaryImageOfPage":{"@id":"https:\/\/puhdasplus.ee\/lt\/produktai\/imunine-sistema\/beta-karotenas-15-mg-60-kapsuliu\/#primaryimage"},"image":{"@id":"https:\/\/puhdasplus.ee\/lt\/produktai\/imunine-sistema\/beta-karotenas-15-mg-60-kapsuliu\/#primaryimage"},"thumbnailUrl":"https:\/\/puhdasplus.ee\/wp-content\/uploads\/2025\/08\/tooted-ilma-taustata-copy-6-scaled.jpg","datePublished":"2025-08-25T11:14:33+00:00","dateModified":"2026-03-28T17:07:10+00:00","description":"\u201ePuhdas+ Strong\u201c beta karotenas (15 mg) palaiko odos, imunin\u0117s sistemos ir reg\u0117jimo sveikat\u0105 bei padeda apsaugoti l\u0105steles nuo oksidacinio streso. Vegani\u0161kas.","breadcrumb":{"@id":"https:\/\/puhdasplus.ee\/lt\/produktai\/imunine-sistema\/beta-karotenas-15-mg-60-kapsuliu\/#breadcrumb"},"inLanguage":"lt-LT","potentialAction":[{"@type":"ReadAction","target":["https:\/\/puhdasplus.ee\/lt\/produktai\/imunine-sistema\/beta-karotenas-15-mg-60-kapsuliu\/"]}]},{"@type":"ImageObject","inLanguage":"lt-LT","@id":"https:\/\/puhdasplus.ee\/lt\/produktai\/imunine-sistema\/beta-karotenas-15-mg-60-kapsuliu\/#primaryimage","url":"https:\/\/puhdasplus.ee\/wp-content\/uploads\/2025\/08\/tooted-ilma-taustata-copy-6-scaled.jpg","contentUrl":"https:\/\/puhdasplus.ee\/wp-content\/uploads\/2025\/08\/tooted-ilma-taustata-copy-6-scaled.jpg","width":1862,"height":2560,"caption":"Beta karotenas 15 mg, 60 kapsuli\u0173"},{"@type":"BreadcrumbList","@id":"https:\/\/puhdasplus.ee\/lt\/produktai\/imunine-sistema\/beta-karotenas-15-mg-60-kapsuliu\/#breadcrumb","itemListElement":[{"@type":"ListItem","position":1,"name":"Prad\u017eia","item":"https:\/\/puhdasplus.ee\/lt\/"},{"@type":"ListItem","position":2,"name":"Produktai","item":"https:\/\/puhdasplus.ee\/lt\/parduotuve\/"},{"@type":"ListItem","position":3,"name":"Beta karotinas 15 mg 60 kapsuli\u0173"}]},{"@type":"WebSite","@id":"https:\/\/puhdasplus.ee\/lt\/#website","url":"https:\/\/puhdasplus.ee\/lt\/","name":"Puhdas+","description":"Vitaminai, maisto papildai, nat\u016brali kosmetika, sveikata, sportas","publisher":{"@id":"https:\/\/puhdasplus.ee\/lt\/#organization"},"potentialAction":[{"@type":"SearchAction","target":{"@type":"EntryPoint","urlTemplate":"https:\/\/puhdasplus.ee\/lt\/?s={search_term_string}"},"query-input":{"@type":"PropertyValueSpecification","valueRequired":true,"valueName":"search_term_string"}}],"inLanguage":"lt-LT"},{"@type":"Organization","@id":"https:\/\/puhdasplus.ee\/lt\/#organization","name":"Puhdas+","alternateName":"Puhdasplus","url":"https:\/\/puhdasplus.ee\/lt\/","logo":{"@type":"ImageObject","inLanguage":"lt-LT","@id":"https:\/\/puhdasplus.ee\/lt\/#\/schema\/logo\/image\/","url":"https:\/\/puhdasplus.ee\/wp-content\/uploads\/2019\/10\/puhdas_logo-arvele.png","contentUrl":"https:\/\/puhdasplus.ee\/wp-content\/uploads\/2019\/10\/puhdas_logo-arvele.png","width":114,"height":94,"caption":"Puhdas+"},"image":{"@id":"https:\/\/puhdasplus.ee\/lt\/#\/schema\/logo\/image\/"},"sameAs":["https:\/\/www.facebook.com\/puhdasplus","https:\/\/www.instagram.com\/puhdasplus_ee\/"]}]}},"_yoast_wpseo_title":"Beta karotinas 15 mg 60 kapsuli\u0173 | Puhdas+","_yoast_wpseo_metadesc":"\u201ePuhdas+ Strong\u201c beta karotenas (15 mg) palaiko odos, imunin\u0117s sistemos ir reg\u0117jimo sveikat\u0105 bei padeda apsaugoti l\u0105steles nuo oksidacinio streso. Vegani\u0161kas.","_yoast_wpseo_focuskw":"","_links":{"self":[{"href":"https:\/\/puhdasplus.ee\/lt\/wp-json\/wp\/v2\/product\/353430","targetHints":{"allow":["GET"]}}],"collection":[{"href":"https:\/\/puhdasplus.ee\/lt\/wp-json\/wp\/v2\/product"}],"about":[{"href":"https:\/\/puhdasplus.ee\/lt\/wp-json\/wp\/v2\/types\/product"}],"replies":[{"embeddable":true,"href":"https:\/\/puhdasplus.ee\/lt\/wp-json\/wp\/v2\/comments?post=353430"}],"wp:featuredmedia":[{"embeddable":true,"href":"https:\/\/puhdasplus.ee\/lt\/wp-json\/wp\/v2\/media\/352685"}],"wp:attachment":[{"href":"https:\/\/puhdasplus.ee\/lt\/wp-json\/wp\/v2\/media?parent=353430"}],"wp:term":[{"taxonomy":"product_brand","embeddable":true,"href":"https:\/\/puhdasplus.ee\/lt\/wp-json\/wp\/v2\/product_brand?post=353430"},{"taxonomy":"product_cat","embeddable":true,"href":"https:\/\/puhdasplus.ee\/lt\/wp-json\/wp\/v2\/product_cat?post=353430"},{"taxonomy":"product_tag","embeddable":true,"href":"https:\/\/puhdasplus.ee\/lt\/wp-json\/wp\/v2\/product_tag?post=353430"}],"curies":[{"name":"wp","href":"https:\/\/api.w.org\/{rel}","templated":true}]}}