{"id":353402,"date":"2025-08-25T14:03:42","date_gmt":"2025-08-25T11:03:42","guid":{"rendered":"https:\/\/puhdasplus.ee\/tooted\/be-kategorijos\/vitaminas-e-268-mg-60-kapsuliu\/"},"modified":"2026-04-07T19:57:19","modified_gmt":"2026-04-07T16:57:19","slug":"vitaminas-e-268-mg-60-kapsuliu","status":"publish","type":"product","link":"https:\/\/puhdasplus.ee\/lt\/produktai\/vitaminai\/vitaminas-e-268-mg-60-kapsuliu\/","title":{"rendered":"Stiprus vitaminas E 268 mg 60 kapsuli\u0173"},"content":{"rendered":"<h2>Kod\u0117l vitaminas E?<\/h2>\n<h3>L\u0105steli\u0173 apsauga nuo oksidacinio streso<\/h3>\n<p>Vitaminas E yra riebaluose tirpstantis vitaminas ir organizmo <strong>pagrindinis riebaluose tirpstantis antioksidantas<\/strong>. Jis padeda apsaugoti l\u0105steles nuo oksidacinio streso. Puhdas+ Vitaminas E turi <strong>nat\u016bralius tokoferolius<\/strong> alyvuogi\u0173 aliejuje, kas u\u017etikrina ger\u0105 \u012fsisavinim\u0105.<\/p>\n<h3>K\u0105 vitaminas E veikia organizme?<\/h3>\n<ul>\n<li>Padeda <strong>apsaugoti l\u0105steles nuo oksidacinio streso<\/strong><\/li>\n<li>Organizmo pagrindinis <strong>riebaluose tirpstantis antioksidantas<\/strong><\/li>\n<\/ul>\n<h2>Kam tinka ir kaip vartoti?<\/h2>\n<h3>Kam skirtas \u0161is produktas?<\/h3>\n<ul>\n<li>Jei norite palaikyti organizmo <strong>antioksidacin\u0119 apsaug\u0105<\/strong><\/li>\n<li>Jei ie\u0161kote <strong>nat\u016bralaus vitamino E<\/strong> kaip tokoferoli\u0173<\/li>\n<li>Jei norite <strong>stipri\u0105 doz\u0119<\/strong> (268 mg)<\/li>\n<\/ul>\n<p>Pagaminta Suomijoje. Gerai derinasi su <a href=\"\/toode\/tugev-c-vitamiin-500-mg-60-kapslit\/\">vitaminu C<\/a> (vandenyje tirpstantis antioksidantas) ir <a href=\"\/toode\/seleen-60-kapslit\/\">selenu<\/a>.<\/p>\n<h3>Sud\u0117tis ir maistin\u0117 vert\u0117<\/h3>\n<p><strong>Sud\u0117tis:<\/strong> \u0161altai spaustas ypa\u010d tyras alyvuogi\u0173 aliejus, mi\u0161r\u016bs tokoferoliai (vitaminas E), kapsul\u0117s apvalkalas (\u017eelatina, glicerolis).<\/p>\n<h4>Maistin\u0117 vert\u0117 vienoje kapsul\u0117je<\/h4>\n<table>\n<thead>\n<tr>\n<th>Maistin\u0117 med\u017eiaga<\/th>\n<th>Kiekis<\/th>\n<th>% NRV<\/th>\n<\/tr>\n<\/thead>\n<tbody>\n<tr>\n<td>Vitaminas E (tokoferoliai)<\/td>\n<td>268 mg (400 IU)<\/td>\n<td>2233%<\/td>\n<\/tr>\n<\/tbody>\n<\/table>\n<h3>Kaip vartoti?<\/h3>\n<p>Vartoti 1 kapsul\u0119 per dien\u0105 su maistu. Rekomenduojamos doz\u0117s vir\u0161yti negalima. 60 kapsuli\u0173.<\/p>\n<h2>Da\u017eniausiai u\u017eduodami klausimai<\/h2>\n<h3>Kod\u0117l nat\u016bral\u016bs tokoferoliai?<\/h3>\n<p>Nat\u016bral\u016bs tokoferoliai (d-alfa-tokoferolis) \u012fsisavinami geriau nei sintetiniai (dl-alfa-tokoferolis). \u0160iame produkte yra nat\u016brali forma.<\/p>\n<h3>Ar gerai vartoti vitamin\u0105 E kartu su vitaminu C?<\/h3>\n<p>Taip \u2014 vitaminas E tirpsta riebaluose, o <a href=\"\/toode\/tugev-c-vitamiin-500-mg-60-kapslit\/\">vitaminas C<\/a> yra vandenyje tirpstantis antioksidantas. Kartu jie padengia skirtingas aplinkas.<\/p>\n<h3>Ar tinka veganams?<\/h3>\n<p>Ne \u2014 kapsul\u0117s apvalkale yra \u017eelatinos.<\/p>\n<p><strong>\u017di\u016br\u0117ti taip pat:<\/strong> <a href=\"https:\/\/puhdasplus.ee\/toote-kategooria\/vitamiinid\/\">Vitaminai<\/a> | <a href=\"https:\/\/puhdasplus.ee\/toote-kategooria\/d-vitamiin\/\">D-vitamiin<\/a><\/p>\n","protected":false},"excerpt":{"rendered":"<p><strong>Stiprus vitaminas E 268 mg<\/strong> yra efektyvus antioksidantas, padedantis apsaugoti l\u0105steles nuo oksidacinio streso ir palaikantis kasdien\u0119 gerov\u0119. Patogi kapsuli\u0173 forma u\u017etikrina paprast\u0105 ir patikim\u0105 b\u016bd\u0105 kasdien r\u016bpintis savo k\u016bno apsauginiais mechanizmais.<\/p>\n","protected":false},"featured_media":352679,"comment_status":"open","ping_status":"closed","template":"","meta":{"_acf_changed":false,"googlesitekit_rrm_CAow3eq7DA:productID":""},"product_brand":[],"product_cat":[3174],"product_tag":[4764,8350,3131,8374,8370],"class_list":{"0":"post-353402","1":"product","2":"type-product","3":"status-publish","4":"has-post-thumbnail","6":"product_cat-vitaminai","7":"product_tag-antioksidantas-lt","8":"product_tag-be-laktozs-lt","9":"product_tag-maisto-papildas","10":"product_tag-suomijos-kokyb-lt","11":"product_tag-vitaminai-lt","13":"first","14":"onbackorder","15":"taxable","16":"shipping-taxable","17":"purchasable","18":"product-type-simple"},"acf":[],"yoast_head":"<!-- This site is optimized with the Yoast SEO plugin v27.3 - https:\/\/yoast.com\/product\/yoast-seo-wordpress\/ -->\n<title>Stiprus vitaminas E 268 mg 60 kapsuli\u0173 | Puhdas+<\/title>\n<meta name=\"description\" content=\"\u201ePuhdas+ Strong\u201c vitaminas E (268 mg) padeda apsaugoti l\u0105steles nuo oksidacinio streso ir palaiko kasdien\u0119 savijaut\u0105. Patogi ir veiksminga kapsuli\u0173 forma.\" \/>\n<meta name=\"robots\" content=\"index, follow, max-snippet:-1, max-image-preview:large, max-video-preview:-1\" \/>\n<link rel=\"canonical\" href=\"https:\/\/puhdasplus.ee\/lt\/produktai\/vitaminai\/vitaminas-e-268-mg-60-kapsuliu\/\" \/>\n<meta property=\"og:locale\" content=\"lt_LT\" \/>\n<meta property=\"og:type\" content=\"article\" \/>\n<meta property=\"og:title\" content=\"Stiprus vitaminas E 268 mg 60 kapsuli\u0173 | Puhdas+\" \/>\n<meta property=\"og:description\" content=\"\u201ePuhdas+ Strong\u201c vitaminas E (268 mg) padeda apsaugoti l\u0105steles nuo oksidacinio streso ir palaiko kasdien\u0119 savijaut\u0105. Patogi ir veiksminga kapsuli\u0173 forma.\" \/>\n<meta property=\"og:url\" content=\"https:\/\/puhdasplus.ee\/lt\/produktai\/vitaminai\/vitaminas-e-268-mg-60-kapsuliu\/\" \/>\n<meta property=\"og:site_name\" content=\"Puhdas+\" \/>\n<meta property=\"article:publisher\" content=\"https:\/\/www.facebook.com\/puhdasplus\" \/>\n<meta property=\"article:modified_time\" content=\"2026-04-07T16:57:19+00:00\" \/>\n<meta property=\"og:image\" content=\"https:\/\/puhdasplus.ee\/wp-content\/uploads\/2025\/08\/tooted-ilma-taustata-copy-5-scaled.jpg\" \/>\n\t<meta property=\"og:image:width\" content=\"1862\" \/>\n\t<meta property=\"og:image:height\" content=\"2560\" \/>\n\t<meta property=\"og:image:type\" content=\"image\/jpeg\" \/>\n<meta name=\"twitter:card\" content=\"summary_large_image\" \/>\n<meta name=\"twitter:label1\" content=\"Est. reading time\" \/>\n\t<meta name=\"twitter:data1\" content=\"1 minut\u0117\" \/>\n<script type=\"application\/ld+json\" class=\"yoast-schema-graph\">{\"@context\":\"https:\\\/\\\/schema.org\",\"@graph\":[{\"@type\":\"WebPage\",\"@id\":\"https:\\\/\\\/puhdasplus.ee\\\/lt\\\/produktai\\\/vitaminai\\\/vitaminas-e-268-mg-60-kapsuliu\\\/\",\"url\":\"https:\\\/\\\/puhdasplus.ee\\\/lt\\\/produktai\\\/vitaminai\\\/vitaminas-e-268-mg-60-kapsuliu\\\/\",\"name\":\"Stiprus vitaminas E 268 mg 60 kapsuli\u0173 | Puhdas+\",\"isPartOf\":{\"@id\":\"https:\\\/\\\/puhdasplus.ee\\\/lt\\\/#website\"},\"primaryImageOfPage\":{\"@id\":\"https:\\\/\\\/puhdasplus.ee\\\/lt\\\/produktai\\\/vitaminai\\\/vitaminas-e-268-mg-60-kapsuliu\\\/#primaryimage\"},\"image\":{\"@id\":\"https:\\\/\\\/puhdasplus.ee\\\/lt\\\/produktai\\\/vitaminai\\\/vitaminas-e-268-mg-60-kapsuliu\\\/#primaryimage\"},\"thumbnailUrl\":\"https:\\\/\\\/puhdasplus.ee\\\/wp-content\\\/uploads\\\/2025\\\/08\\\/tooted-ilma-taustata-copy-5-scaled.jpg\",\"datePublished\":\"2025-08-25T11:03:42+00:00\",\"dateModified\":\"2026-04-07T16:57:19+00:00\",\"description\":\"\u201ePuhdas+ Strong\u201c vitaminas E (268 mg) padeda apsaugoti l\u0105steles nuo oksidacinio streso ir palaiko kasdien\u0119 savijaut\u0105. Patogi ir veiksminga kapsuli\u0173 forma.\",\"breadcrumb\":{\"@id\":\"https:\\\/\\\/puhdasplus.ee\\\/lt\\\/produktai\\\/vitaminai\\\/vitaminas-e-268-mg-60-kapsuliu\\\/#breadcrumb\"},\"inLanguage\":\"lt-LT\",\"potentialAction\":[{\"@type\":\"ReadAction\",\"target\":[\"https:\\\/\\\/puhdasplus.ee\\\/lt\\\/produktai\\\/vitaminai\\\/vitaminas-e-268-mg-60-kapsuliu\\\/\"]}]},{\"@type\":\"ImageObject\",\"inLanguage\":\"lt-LT\",\"@id\":\"https:\\\/\\\/puhdasplus.ee\\\/lt\\\/produktai\\\/vitaminai\\\/vitaminas-e-268-mg-60-kapsuliu\\\/#primaryimage\",\"url\":\"https:\\\/\\\/puhdasplus.ee\\\/wp-content\\\/uploads\\\/2025\\\/08\\\/tooted-ilma-taustata-copy-5-scaled.jpg\",\"contentUrl\":\"https:\\\/\\\/puhdasplus.ee\\\/wp-content\\\/uploads\\\/2025\\\/08\\\/tooted-ilma-taustata-copy-5-scaled.jpg\",\"width\":1862,\"height\":2560,\"caption\":\"Stiprus vitaminas E 268 mg\"},{\"@type\":\"BreadcrumbList\",\"@id\":\"https:\\\/\\\/puhdasplus.ee\\\/lt\\\/produktai\\\/vitaminai\\\/vitaminas-e-268-mg-60-kapsuliu\\\/#breadcrumb\",\"itemListElement\":[{\"@type\":\"ListItem\",\"position\":1,\"name\":\"Prad\u017eia\",\"item\":\"https:\\\/\\\/puhdasplus.ee\\\/lt\\\/\"},{\"@type\":\"ListItem\",\"position\":2,\"name\":\"Produktai\",\"item\":\"https:\\\/\\\/puhdasplus.ee\\\/lt\\\/parduotuve\\\/\"},{\"@type\":\"ListItem\",\"position\":3,\"name\":\"Stiprus vitaminas E 268 mg 60 kapsuli\u0173\"}]},{\"@type\":\"WebSite\",\"@id\":\"https:\\\/\\\/puhdasplus.ee\\\/lt\\\/#website\",\"url\":\"https:\\\/\\\/puhdasplus.ee\\\/lt\\\/\",\"name\":\"Puhdas+\",\"description\":\"Vitaminai, maisto papildai, nat\u016brali kosmetika, sveikata, sportas\",\"publisher\":{\"@id\":\"https:\\\/\\\/puhdasplus.ee\\\/lt\\\/#organization\"},\"potentialAction\":[{\"@type\":\"SearchAction\",\"target\":{\"@type\":\"EntryPoint\",\"urlTemplate\":\"https:\\\/\\\/puhdasplus.ee\\\/lt\\\/?s={search_term_string}\"},\"query-input\":{\"@type\":\"PropertyValueSpecification\",\"valueRequired\":true,\"valueName\":\"search_term_string\"}}],\"inLanguage\":\"lt-LT\"},{\"@type\":\"Organization\",\"@id\":\"https:\\\/\\\/puhdasplus.ee\\\/lt\\\/#organization\",\"name\":\"Puhdas+\",\"alternateName\":\"Puhdasplus\",\"url\":\"https:\\\/\\\/puhdasplus.ee\\\/lt\\\/\",\"logo\":{\"@type\":\"ImageObject\",\"inLanguage\":\"lt-LT\",\"@id\":\"https:\\\/\\\/puhdasplus.ee\\\/lt\\\/#\\\/schema\\\/logo\\\/image\\\/\",\"url\":\"https:\\\/\\\/puhdasplus.ee\\\/wp-content\\\/uploads\\\/2019\\\/10\\\/puhdas_logo-arvele.png\",\"contentUrl\":\"https:\\\/\\\/puhdasplus.ee\\\/wp-content\\\/uploads\\\/2019\\\/10\\\/puhdas_logo-arvele.png\",\"width\":114,\"height\":94,\"caption\":\"Puhdas+\"},\"image\":{\"@id\":\"https:\\\/\\\/puhdasplus.ee\\\/lt\\\/#\\\/schema\\\/logo\\\/image\\\/\"},\"sameAs\":[\"https:\\\/\\\/www.facebook.com\\\/puhdasplus\",\"https:\\\/\\\/www.instagram.com\\\/puhdasplus_ee\\\/\"]}]}<\/script>\n<!-- \/ Yoast SEO plugin. -->","yoast_head_json":{"title":"Stiprus vitaminas E 268 mg 60 kapsuli\u0173 | Puhdas+","description":"\u201ePuhdas+ Strong\u201c vitaminas E (268 mg) padeda apsaugoti l\u0105steles nuo oksidacinio streso ir palaiko kasdien\u0119 savijaut\u0105. Patogi ir veiksminga kapsuli\u0173 forma.","robots":{"index":"index","follow":"follow","max-snippet":"max-snippet:-1","max-image-preview":"max-image-preview:large","max-video-preview":"max-video-preview:-1"},"canonical":"https:\/\/puhdasplus.ee\/lt\/produktai\/vitaminai\/vitaminas-e-268-mg-60-kapsuliu\/","og_locale":"lt_LT","og_type":"article","og_title":"Stiprus vitaminas E 268 mg 60 kapsuli\u0173 | Puhdas+","og_description":"\u201ePuhdas+ Strong\u201c vitaminas E (268 mg) padeda apsaugoti l\u0105steles nuo oksidacinio streso ir palaiko kasdien\u0119 savijaut\u0105. Patogi ir veiksminga kapsuli\u0173 forma.","og_url":"https:\/\/puhdasplus.ee\/lt\/produktai\/vitaminai\/vitaminas-e-268-mg-60-kapsuliu\/","og_site_name":"Puhdas+","article_publisher":"https:\/\/www.facebook.com\/puhdasplus","article_modified_time":"2026-04-07T16:57:19+00:00","og_image":[{"width":1862,"height":2560,"url":"https:\/\/puhdasplus.ee\/wp-content\/uploads\/2025\/08\/tooted-ilma-taustata-copy-5-scaled.jpg","type":"image\/jpeg"}],"twitter_card":"summary_large_image","twitter_misc":{"Est. reading time":"1 minut\u0117"},"schema":{"@context":"https:\/\/schema.org","@graph":[{"@type":"WebPage","@id":"https:\/\/puhdasplus.ee\/lt\/produktai\/vitaminai\/vitaminas-e-268-mg-60-kapsuliu\/","url":"https:\/\/puhdasplus.ee\/lt\/produktai\/vitaminai\/vitaminas-e-268-mg-60-kapsuliu\/","name":"Stiprus vitaminas E 268 mg 60 kapsuli\u0173 | Puhdas+","isPartOf":{"@id":"https:\/\/puhdasplus.ee\/lt\/#website"},"primaryImageOfPage":{"@id":"https:\/\/puhdasplus.ee\/lt\/produktai\/vitaminai\/vitaminas-e-268-mg-60-kapsuliu\/#primaryimage"},"image":{"@id":"https:\/\/puhdasplus.ee\/lt\/produktai\/vitaminai\/vitaminas-e-268-mg-60-kapsuliu\/#primaryimage"},"thumbnailUrl":"https:\/\/puhdasplus.ee\/wp-content\/uploads\/2025\/08\/tooted-ilma-taustata-copy-5-scaled.jpg","datePublished":"2025-08-25T11:03:42+00:00","dateModified":"2026-04-07T16:57:19+00:00","description":"\u201ePuhdas+ Strong\u201c vitaminas E (268 mg) padeda apsaugoti l\u0105steles nuo oksidacinio streso ir palaiko kasdien\u0119 savijaut\u0105. Patogi ir veiksminga kapsuli\u0173 forma.","breadcrumb":{"@id":"https:\/\/puhdasplus.ee\/lt\/produktai\/vitaminai\/vitaminas-e-268-mg-60-kapsuliu\/#breadcrumb"},"inLanguage":"lt-LT","potentialAction":[{"@type":"ReadAction","target":["https:\/\/puhdasplus.ee\/lt\/produktai\/vitaminai\/vitaminas-e-268-mg-60-kapsuliu\/"]}]},{"@type":"ImageObject","inLanguage":"lt-LT","@id":"https:\/\/puhdasplus.ee\/lt\/produktai\/vitaminai\/vitaminas-e-268-mg-60-kapsuliu\/#primaryimage","url":"https:\/\/puhdasplus.ee\/wp-content\/uploads\/2025\/08\/tooted-ilma-taustata-copy-5-scaled.jpg","contentUrl":"https:\/\/puhdasplus.ee\/wp-content\/uploads\/2025\/08\/tooted-ilma-taustata-copy-5-scaled.jpg","width":1862,"height":2560,"caption":"Stiprus vitaminas E 268 mg"},{"@type":"BreadcrumbList","@id":"https:\/\/puhdasplus.ee\/lt\/produktai\/vitaminai\/vitaminas-e-268-mg-60-kapsuliu\/#breadcrumb","itemListElement":[{"@type":"ListItem","position":1,"name":"Prad\u017eia","item":"https:\/\/puhdasplus.ee\/lt\/"},{"@type":"ListItem","position":2,"name":"Produktai","item":"https:\/\/puhdasplus.ee\/lt\/parduotuve\/"},{"@type":"ListItem","position":3,"name":"Stiprus vitaminas E 268 mg 60 kapsuli\u0173"}]},{"@type":"WebSite","@id":"https:\/\/puhdasplus.ee\/lt\/#website","url":"https:\/\/puhdasplus.ee\/lt\/","name":"Puhdas+","description":"Vitaminai, maisto papildai, nat\u016brali kosmetika, sveikata, sportas","publisher":{"@id":"https:\/\/puhdasplus.ee\/lt\/#organization"},"potentialAction":[{"@type":"SearchAction","target":{"@type":"EntryPoint","urlTemplate":"https:\/\/puhdasplus.ee\/lt\/?s={search_term_string}"},"query-input":{"@type":"PropertyValueSpecification","valueRequired":true,"valueName":"search_term_string"}}],"inLanguage":"lt-LT"},{"@type":"Organization","@id":"https:\/\/puhdasplus.ee\/lt\/#organization","name":"Puhdas+","alternateName":"Puhdasplus","url":"https:\/\/puhdasplus.ee\/lt\/","logo":{"@type":"ImageObject","inLanguage":"lt-LT","@id":"https:\/\/puhdasplus.ee\/lt\/#\/schema\/logo\/image\/","url":"https:\/\/puhdasplus.ee\/wp-content\/uploads\/2019\/10\/puhdas_logo-arvele.png","contentUrl":"https:\/\/puhdasplus.ee\/wp-content\/uploads\/2019\/10\/puhdas_logo-arvele.png","width":114,"height":94,"caption":"Puhdas+"},"image":{"@id":"https:\/\/puhdasplus.ee\/lt\/#\/schema\/logo\/image\/"},"sameAs":["https:\/\/www.facebook.com\/puhdasplus","https:\/\/www.instagram.com\/puhdasplus_ee\/"]}]}},"_yoast_wpseo_title":"Stiprus vitaminas E 268 mg 60 kapsuli\u0173 | Puhdas+","_yoast_wpseo_metadesc":"\u201ePuhdas+ Strong\u201c vitaminas E (268 mg) padeda apsaugoti l\u0105steles nuo oksidacinio streso ir palaiko kasdien\u0119 savijaut\u0105. Patogi ir veiksminga kapsuli\u0173 forma.","_yoast_wpseo_focuskw":"","_links":{"self":[{"href":"https:\/\/puhdasplus.ee\/lt\/wp-json\/wp\/v2\/product\/353402","targetHints":{"allow":["GET"]}}],"collection":[{"href":"https:\/\/puhdasplus.ee\/lt\/wp-json\/wp\/v2\/product"}],"about":[{"href":"https:\/\/puhdasplus.ee\/lt\/wp-json\/wp\/v2\/types\/product"}],"replies":[{"embeddable":true,"href":"https:\/\/puhdasplus.ee\/lt\/wp-json\/wp\/v2\/comments?post=353402"}],"wp:featuredmedia":[{"embeddable":true,"href":"https:\/\/puhdasplus.ee\/lt\/wp-json\/wp\/v2\/media\/352679"}],"wp:attachment":[{"href":"https:\/\/puhdasplus.ee\/lt\/wp-json\/wp\/v2\/media?parent=353402"}],"wp:term":[{"taxonomy":"product_brand","embeddable":true,"href":"https:\/\/puhdasplus.ee\/lt\/wp-json\/wp\/v2\/product_brand?post=353402"},{"taxonomy":"product_cat","embeddable":true,"href":"https:\/\/puhdasplus.ee\/lt\/wp-json\/wp\/v2\/product_cat?post=353402"},{"taxonomy":"product_tag","embeddable":true,"href":"https:\/\/puhdasplus.ee\/lt\/wp-json\/wp\/v2\/product_tag?post=353402"}],"curies":[{"name":"wp","href":"https:\/\/api.w.org\/{rel}","templated":true}]}}