{"id":353343,"date":"2020-04-25T22:28:18","date_gmt":"2020-04-25T19:28:18","guid":{"rendered":"https:\/\/puhdasplus.ee\/tooted\/be-kategorijos\/arbatmedzio-prausiklis-kunui-250-ml\/"},"modified":"2026-04-07T20:12:51","modified_gmt":"2026-04-07T17:12:51","slug":"arbatmedzio-prausiklis-kunui-250-ml","status":"publish","type":"product","link":"https:\/\/puhdasplus.ee\/lt\/produktai\/kosmetika-lt\/arbatmedzio-prausiklis-kunui-250-ml\/","title":{"rendered":"Arbatmed\u017eio prausiklis k\u016bnui 250 ml"},"content":{"rendered":"<p>Arbatmed\u017eio k\u016bno prausiklis yra nat\u016bralus antibakterinis ir balansuojantis valiklis, padedantis pa\u0161alinti riebal\u0173 pertekli\u0173, ne\u0161varumus ir priemai\u0161as, paliekant od\u0105 gaivi\u0105 ir \u0161vari\u0105. <strong>Arbatmed\u017eio aliejus<\/strong> yra \u017einomas d\u0117l savo <strong>prie\u0161u\u017edegimini\u0173 ir antibakterini\u0173 savybi\u0173<\/strong> , padedan\u010di\u0173 kovoti su spuogais, spuogais ir odos sudirgimu. \u0160velni, bet veiksminga formul\u0117 nesausina odos ir tinka kasdieniam naudojimui tiek veidui, tiek k\u016bnui. <\/p>\n<p>Arbatmed\u017eio aliejaus prausiklis k\u016bnui sukurtas \u0161velniai ir veiksmingai valyti, paliekant od\u0105 gaivi\u0105 ir \u0161vari\u0105. Arbatmed\u017eio aliejaus antibakterin\u0117s savyb\u0117s padeda i\u0161valyti od\u0105, o apelsin\u0173 \u017eieveli\u0173 ekstraktas suteikia gaiv\u0173 kvap\u0105 ir maitina od\u0105. Glicerinas palaiko odos dr\u0117kinim\u0105, tod\u0117l ji tampa mink\u0161ta ir elastinga. Tinka kasdieniam k\u016bno valymui visiems odos tipams. Idealiai tinka riebiai, mi\u0161riai ir probleminei odai.    <\/p>\n<h2>Naudojimas<\/h2>\n<ul>\n<li>Tolygiai purk\u0161kite ant \u0161varios odos.<\/li>\n<li>\u0160velniai masa\u017euokite od\u0105, kad pa\u0161alintum\u0117te ne\u0161varumus ir riebal\u0173 pertekli\u0173.<\/li>\n<li>Kruop\u0161\u010diai nuplaukite \u0161iltu vandeniu.<\/li>\n<li>Tinka kasdieniam k\u016bno valymui ir atgaivinimui.<\/li>\n<\/ul>\n<p><strong>Sudedamosios dalys ir j\u0173 nauda:<\/strong><\/p>\n<ul>\n<li><strong>Arbatmed\u017eio (Melaleuca Alternifolia) lap\u0173 aliejus:<\/strong> \u017einomas d\u0117l savo antibakterini\u0173 ir raminam\u0173j\u0173 savybi\u0173, padeda i\u0161valyti ir atgaivinti od\u0105.<\/li>\n<li><strong>Citrus Aurantium Dulcis (apelsin\u0173 \u017eieveli\u0173 ekstraktas):<\/strong> palaiko odos elastingum\u0105, suteikia gaiv\u0173 citrusini\u0173 vaisi\u0173 kvap\u0105 ir apsaugo od\u0105 nuo oksidacinio streso.<\/li>\n<li><strong>Natrio kokoilglutamatas:<\/strong> \u0161velnus, nat\u016bralus valiklis, kuris nesausina odos.<\/li>\n<li><strong>Kokamidopropilo betainas:<\/strong> \u0161velniai putojanti formul\u0117, kuri \u0161velniai pa\u0161alina ne\u0161varumus ir riebalus.<\/li>\n<li><strong>Glicerinas:<\/strong> dr\u0117kina ir palaiko od\u0105 mink\u0161t\u0105 bei elasting\u0105.<\/li>\n<li><strong>Citrin\u0173 r\u016bg\u0161tis:<\/strong> padeda subalansuoti odos pH lyg\u012f ir mink\u0161tina od\u0105.<\/li>\n<\/ul>\n<p><strong>Ne\u012fskai\u010diuota:<\/strong><\/p>\n<p>\u274c Parabenai<br \/> \u274c Sulfatai<br \/> \u274c Mineraliniai aliejai<br \/> \u274c Dirbtiniai kvapikliai<br \/> \u274c Be gyv\u016bnin\u0117s kilm\u0117s ingredient\u0173 (100 % vegani\u0161kas)<\/p>\n<p>Atsargiai: Tik i\u0161oriniam naudojimui. Venkite patekimo \u012f akis. Nenaudokite viduje.   Laikyti vaikams nepasiekiamoje vietoje.<\/p>\n<p>Laikymas: laikyti kambario temperat\u016broje, sausoje vietoje ir toliau nuo tiesiogini\u0173 saul\u0117s spinduli\u0173.<\/p>\n<p><strong>\u017di\u016br\u0117ti taip pat:<\/strong> <a href=\"https:\/\/puhdasplus.ee\/toote-kategooria\/looduskosmeetika\/\">Looduskosmeetika<\/a> | <a href=\"https:\/\/puhdasplus.ee\/toote-kategooria\/nahk-juuksed-kuuned\/\">Oda, plaukai, nagai<\/a> | <a href=\"https:\/\/puhdasplus.ee\/toote-kategooria\/kollageen\/\">Kolagenas<\/a><\/p>\n","protected":false},"excerpt":{"rendered":"<p><strong>ARBATMEd\u017eio DUONOS PRAUSIMO GELIS 250 ML \u2013 NAT\u016aRALI K\u016aNO PRIE\u017dI\u016aRA IR VALYMAS!<\/strong><br \/>Nuvalykite ir atgaivinkite savo od\u0105 nat\u016braliu arbatmed\u017eio aliejumi ir apelsin\u0173 ekstraktu. \u0160velnus ir veiksmingas k\u016bno valiklis, kuris nesausins \u200b\u200bj\u016bs\u0173 odos.<\/p>\n","protected":false},"featured_media":357425,"comment_status":"closed","ping_status":"closed","template":"","meta":{"_acf_changed":false,"googlesitekit_rrm_CAow3eq7DA:productID":""},"product_brand":[],"product_cat":[2582,3282],"product_tag":[6173,7869,8378,2886,2936,2967],"class_list":{"0":"post-353343","1":"product","2":"type-product","3":"status-publish","4":"has-post-thumbnail","6":"product_cat-kosmetika-lt","7":"product_cat-oda-plaukai-nagai","8":"product_tag-arbatmedzio-aliejus","9":"product_tag-naturali-kosmetika","10":"product_tag-natralus-lt","11":"product_tag-odos-prieziura","12":"product_tag-priesuzdegiminis","13":"product_tag-veganas","15":"first","16":"onbackorder","17":"taxable","18":"shipping-taxable","19":"purchasable","20":"product-type-simple"},"acf":[],"yoast_head":"<!-- This site is optimized with the Yoast SEO plugin v27.3 - https:\/\/yoast.com\/product\/yoast-seo-wordpress\/ -->\n<title>Arbatmed\u017eio prausiklis k\u016bnui 250 ml | Puhdas+<\/title>\n<meta name=\"description\" content=\"Teepuu k\u016bno prausiklis 250 ml giliai valo od\u0105, subalansuoja riebal\u0173 i\u0161siskyrim\u0105 ir padeda suma\u017einti spuogus bei sudirginim\u0105. Idealiai tinka kasdieniam naudojimui!\" \/>\n<meta name=\"robots\" content=\"index, follow, max-snippet:-1, max-image-preview:large, max-video-preview:-1\" \/>\n<link rel=\"canonical\" href=\"https:\/\/puhdasplus.ee\/lt\/produktai\/kosmetika-lt\/arbatmedzio-prausiklis-kunui-250-ml\/\" \/>\n<meta property=\"og:locale\" content=\"lt_LT\" \/>\n<meta property=\"og:type\" content=\"article\" \/>\n<meta property=\"og:title\" content=\"Arbatmed\u017eio prausiklis k\u016bnui 250 ml | Puhdas+\" \/>\n<meta property=\"og:description\" content=\"Teepuu k\u016bno prausiklis 250 ml giliai valo od\u0105, subalansuoja riebal\u0173 i\u0161siskyrim\u0105 ir padeda suma\u017einti spuogus bei sudirginim\u0105. Idealiai tinka kasdieniam naudojimui!\" \/>\n<meta property=\"og:url\" content=\"https:\/\/puhdasplus.ee\/lt\/produktai\/kosmetika-lt\/arbatmedzio-prausiklis-kunui-250-ml\/\" \/>\n<meta property=\"og:site_name\" content=\"Puhdas+\" \/>\n<meta property=\"article:publisher\" content=\"https:\/\/www.facebook.com\/puhdasplus\" \/>\n<meta property=\"article:modified_time\" content=\"2026-04-07T17:12:51+00:00\" \/>\n<meta property=\"og:image\" content=\"https:\/\/puhdasplus.ee\/wp-content\/uploads\/2020\/04\/Teepuu-kehapesugeel-250-m.jpg\" \/>\n\t<meta property=\"og:image:width\" content=\"1024\" \/>\n\t<meta property=\"og:image:height\" content=\"1408\" \/>\n\t<meta property=\"og:image:type\" content=\"image\/jpeg\" \/>\n<meta name=\"twitter:card\" content=\"summary_large_image\" \/>\n<meta name=\"twitter:label1\" content=\"Est. reading time\" \/>\n\t<meta name=\"twitter:data1\" content=\"2 minut\u0117\" \/>\n<script type=\"application\/ld+json\" class=\"yoast-schema-graph\">{\"@context\":\"https:\\\/\\\/schema.org\",\"@graph\":[{\"@type\":\"WebPage\",\"@id\":\"https:\\\/\\\/puhdasplus.ee\\\/lt\\\/produktai\\\/kosmetika-lt\\\/arbatmedzio-prausiklis-kunui-250-ml\\\/\",\"url\":\"https:\\\/\\\/puhdasplus.ee\\\/lt\\\/produktai\\\/kosmetika-lt\\\/arbatmedzio-prausiklis-kunui-250-ml\\\/\",\"name\":\"Arbatmed\u017eio prausiklis k\u016bnui 250 ml | Puhdas+\",\"isPartOf\":{\"@id\":\"https:\\\/\\\/puhdasplus.ee\\\/lt\\\/#website\"},\"primaryImageOfPage\":{\"@id\":\"https:\\\/\\\/puhdasplus.ee\\\/lt\\\/produktai\\\/kosmetika-lt\\\/arbatmedzio-prausiklis-kunui-250-ml\\\/#primaryimage\"},\"image\":{\"@id\":\"https:\\\/\\\/puhdasplus.ee\\\/lt\\\/produktai\\\/kosmetika-lt\\\/arbatmedzio-prausiklis-kunui-250-ml\\\/#primaryimage\"},\"thumbnailUrl\":\"https:\\\/\\\/puhdasplus.ee\\\/wp-content\\\/uploads\\\/2020\\\/04\\\/Teepuu-kehapesugeel-250-m.jpg\",\"datePublished\":\"2020-04-25T19:28:18+00:00\",\"dateModified\":\"2026-04-07T17:12:51+00:00\",\"description\":\"Teepuu k\u016bno prausiklis 250 ml giliai valo od\u0105, subalansuoja riebal\u0173 i\u0161siskyrim\u0105 ir padeda suma\u017einti spuogus bei sudirginim\u0105. Idealiai tinka kasdieniam naudojimui!\",\"breadcrumb\":{\"@id\":\"https:\\\/\\\/puhdasplus.ee\\\/lt\\\/produktai\\\/kosmetika-lt\\\/arbatmedzio-prausiklis-kunui-250-ml\\\/#breadcrumb\"},\"inLanguage\":\"lt-LT\",\"potentialAction\":[{\"@type\":\"ReadAction\",\"target\":[\"https:\\\/\\\/puhdasplus.ee\\\/lt\\\/produktai\\\/kosmetika-lt\\\/arbatmedzio-prausiklis-kunui-250-ml\\\/\"]}]},{\"@type\":\"ImageObject\",\"inLanguage\":\"lt-LT\",\"@id\":\"https:\\\/\\\/puhdasplus.ee\\\/lt\\\/produktai\\\/kosmetika-lt\\\/arbatmedzio-prausiklis-kunui-250-ml\\\/#primaryimage\",\"url\":\"https:\\\/\\\/puhdasplus.ee\\\/wp-content\\\/uploads\\\/2020\\\/04\\\/Teepuu-kehapesugeel-250-m.jpg\",\"contentUrl\":\"https:\\\/\\\/puhdasplus.ee\\\/wp-content\\\/uploads\\\/2020\\\/04\\\/Teepuu-kehapesugeel-250-m.jpg\",\"width\":1024,\"height\":1408,\"caption\":\"Arbatmed\u017ei\u0173 k\u016bno prausimosi gelis, 250 ml\"},{\"@type\":\"BreadcrumbList\",\"@id\":\"https:\\\/\\\/puhdasplus.ee\\\/lt\\\/produktai\\\/kosmetika-lt\\\/arbatmedzio-prausiklis-kunui-250-ml\\\/#breadcrumb\",\"itemListElement\":[{\"@type\":\"ListItem\",\"position\":1,\"name\":\"Prad\u017eia\",\"item\":\"https:\\\/\\\/puhdasplus.ee\\\/lt\\\/\"},{\"@type\":\"ListItem\",\"position\":2,\"name\":\"Produktai\",\"item\":\"https:\\\/\\\/puhdasplus.ee\\\/lt\\\/parduotuve\\\/\"},{\"@type\":\"ListItem\",\"position\":3,\"name\":\"Arbatmed\u017eio prausiklis k\u016bnui 250 ml\"}]},{\"@type\":\"WebSite\",\"@id\":\"https:\\\/\\\/puhdasplus.ee\\\/lt\\\/#website\",\"url\":\"https:\\\/\\\/puhdasplus.ee\\\/lt\\\/\",\"name\":\"Puhdas+\",\"description\":\"Vitaminai, maisto papildai, nat\u016brali kosmetika, sveikata, sportas\",\"publisher\":{\"@id\":\"https:\\\/\\\/puhdasplus.ee\\\/lt\\\/#organization\"},\"potentialAction\":[{\"@type\":\"SearchAction\",\"target\":{\"@type\":\"EntryPoint\",\"urlTemplate\":\"https:\\\/\\\/puhdasplus.ee\\\/lt\\\/?s={search_term_string}\"},\"query-input\":{\"@type\":\"PropertyValueSpecification\",\"valueRequired\":true,\"valueName\":\"search_term_string\"}}],\"inLanguage\":\"lt-LT\"},{\"@type\":\"Organization\",\"@id\":\"https:\\\/\\\/puhdasplus.ee\\\/lt\\\/#organization\",\"name\":\"Puhdas+\",\"alternateName\":\"Puhdasplus\",\"url\":\"https:\\\/\\\/puhdasplus.ee\\\/lt\\\/\",\"logo\":{\"@type\":\"ImageObject\",\"inLanguage\":\"lt-LT\",\"@id\":\"https:\\\/\\\/puhdasplus.ee\\\/lt\\\/#\\\/schema\\\/logo\\\/image\\\/\",\"url\":\"https:\\\/\\\/puhdasplus.ee\\\/wp-content\\\/uploads\\\/2019\\\/10\\\/puhdas_logo-arvele.png\",\"contentUrl\":\"https:\\\/\\\/puhdasplus.ee\\\/wp-content\\\/uploads\\\/2019\\\/10\\\/puhdas_logo-arvele.png\",\"width\":114,\"height\":94,\"caption\":\"Puhdas+\"},\"image\":{\"@id\":\"https:\\\/\\\/puhdasplus.ee\\\/lt\\\/#\\\/schema\\\/logo\\\/image\\\/\"},\"sameAs\":[\"https:\\\/\\\/www.facebook.com\\\/puhdasplus\",\"https:\\\/\\\/www.instagram.com\\\/puhdasplus_ee\\\/\"]}]}<\/script>\n<!-- \/ Yoast SEO plugin. -->","yoast_head_json":{"title":"Arbatmed\u017eio prausiklis k\u016bnui 250 ml | Puhdas+","description":"Teepuu k\u016bno prausiklis 250 ml giliai valo od\u0105, subalansuoja riebal\u0173 i\u0161siskyrim\u0105 ir padeda suma\u017einti spuogus bei sudirginim\u0105. Idealiai tinka kasdieniam naudojimui!","robots":{"index":"index","follow":"follow","max-snippet":"max-snippet:-1","max-image-preview":"max-image-preview:large","max-video-preview":"max-video-preview:-1"},"canonical":"https:\/\/puhdasplus.ee\/lt\/produktai\/kosmetika-lt\/arbatmedzio-prausiklis-kunui-250-ml\/","og_locale":"lt_LT","og_type":"article","og_title":"Arbatmed\u017eio prausiklis k\u016bnui 250 ml | Puhdas+","og_description":"Teepuu k\u016bno prausiklis 250 ml giliai valo od\u0105, subalansuoja riebal\u0173 i\u0161siskyrim\u0105 ir padeda suma\u017einti spuogus bei sudirginim\u0105. Idealiai tinka kasdieniam naudojimui!","og_url":"https:\/\/puhdasplus.ee\/lt\/produktai\/kosmetika-lt\/arbatmedzio-prausiklis-kunui-250-ml\/","og_site_name":"Puhdas+","article_publisher":"https:\/\/www.facebook.com\/puhdasplus","article_modified_time":"2026-04-07T17:12:51+00:00","og_image":[{"width":1024,"height":1408,"url":"https:\/\/puhdasplus.ee\/wp-content\/uploads\/2020\/04\/Teepuu-kehapesugeel-250-m.jpg","type":"image\/jpeg"}],"twitter_card":"summary_large_image","twitter_misc":{"Est. reading time":"2 minut\u0117"},"schema":{"@context":"https:\/\/schema.org","@graph":[{"@type":"WebPage","@id":"https:\/\/puhdasplus.ee\/lt\/produktai\/kosmetika-lt\/arbatmedzio-prausiklis-kunui-250-ml\/","url":"https:\/\/puhdasplus.ee\/lt\/produktai\/kosmetika-lt\/arbatmedzio-prausiklis-kunui-250-ml\/","name":"Arbatmed\u017eio prausiklis k\u016bnui 250 ml | Puhdas+","isPartOf":{"@id":"https:\/\/puhdasplus.ee\/lt\/#website"},"primaryImageOfPage":{"@id":"https:\/\/puhdasplus.ee\/lt\/produktai\/kosmetika-lt\/arbatmedzio-prausiklis-kunui-250-ml\/#primaryimage"},"image":{"@id":"https:\/\/puhdasplus.ee\/lt\/produktai\/kosmetika-lt\/arbatmedzio-prausiklis-kunui-250-ml\/#primaryimage"},"thumbnailUrl":"https:\/\/puhdasplus.ee\/wp-content\/uploads\/2020\/04\/Teepuu-kehapesugeel-250-m.jpg","datePublished":"2020-04-25T19:28:18+00:00","dateModified":"2026-04-07T17:12:51+00:00","description":"Teepuu k\u016bno prausiklis 250 ml giliai valo od\u0105, subalansuoja riebal\u0173 i\u0161siskyrim\u0105 ir padeda suma\u017einti spuogus bei sudirginim\u0105. Idealiai tinka kasdieniam naudojimui!","breadcrumb":{"@id":"https:\/\/puhdasplus.ee\/lt\/produktai\/kosmetika-lt\/arbatmedzio-prausiklis-kunui-250-ml\/#breadcrumb"},"inLanguage":"lt-LT","potentialAction":[{"@type":"ReadAction","target":["https:\/\/puhdasplus.ee\/lt\/produktai\/kosmetika-lt\/arbatmedzio-prausiklis-kunui-250-ml\/"]}]},{"@type":"ImageObject","inLanguage":"lt-LT","@id":"https:\/\/puhdasplus.ee\/lt\/produktai\/kosmetika-lt\/arbatmedzio-prausiklis-kunui-250-ml\/#primaryimage","url":"https:\/\/puhdasplus.ee\/wp-content\/uploads\/2020\/04\/Teepuu-kehapesugeel-250-m.jpg","contentUrl":"https:\/\/puhdasplus.ee\/wp-content\/uploads\/2020\/04\/Teepuu-kehapesugeel-250-m.jpg","width":1024,"height":1408,"caption":"Arbatmed\u017ei\u0173 k\u016bno prausimosi gelis, 250 ml"},{"@type":"BreadcrumbList","@id":"https:\/\/puhdasplus.ee\/lt\/produktai\/kosmetika-lt\/arbatmedzio-prausiklis-kunui-250-ml\/#breadcrumb","itemListElement":[{"@type":"ListItem","position":1,"name":"Prad\u017eia","item":"https:\/\/puhdasplus.ee\/lt\/"},{"@type":"ListItem","position":2,"name":"Produktai","item":"https:\/\/puhdasplus.ee\/lt\/parduotuve\/"},{"@type":"ListItem","position":3,"name":"Arbatmed\u017eio prausiklis k\u016bnui 250 ml"}]},{"@type":"WebSite","@id":"https:\/\/puhdasplus.ee\/lt\/#website","url":"https:\/\/puhdasplus.ee\/lt\/","name":"Puhdas+","description":"Vitaminai, maisto papildai, nat\u016brali kosmetika, sveikata, sportas","publisher":{"@id":"https:\/\/puhdasplus.ee\/lt\/#organization"},"potentialAction":[{"@type":"SearchAction","target":{"@type":"EntryPoint","urlTemplate":"https:\/\/puhdasplus.ee\/lt\/?s={search_term_string}"},"query-input":{"@type":"PropertyValueSpecification","valueRequired":true,"valueName":"search_term_string"}}],"inLanguage":"lt-LT"},{"@type":"Organization","@id":"https:\/\/puhdasplus.ee\/lt\/#organization","name":"Puhdas+","alternateName":"Puhdasplus","url":"https:\/\/puhdasplus.ee\/lt\/","logo":{"@type":"ImageObject","inLanguage":"lt-LT","@id":"https:\/\/puhdasplus.ee\/lt\/#\/schema\/logo\/image\/","url":"https:\/\/puhdasplus.ee\/wp-content\/uploads\/2019\/10\/puhdas_logo-arvele.png","contentUrl":"https:\/\/puhdasplus.ee\/wp-content\/uploads\/2019\/10\/puhdas_logo-arvele.png","width":114,"height":94,"caption":"Puhdas+"},"image":{"@id":"https:\/\/puhdasplus.ee\/lt\/#\/schema\/logo\/image\/"},"sameAs":["https:\/\/www.facebook.com\/puhdasplus","https:\/\/www.instagram.com\/puhdasplus_ee\/"]}]}},"_yoast_wpseo_title":"Arbatmed\u017eio prausiklis k\u016bnui 250 ml | Puhdas+","_yoast_wpseo_metadesc":"Teepuu k\u016bno prausiklis 250 ml giliai valo od\u0105, subalansuoja riebal\u0173 i\u0161siskyrim\u0105 ir padeda suma\u017einti spuogus bei sudirginim\u0105. Idealiai tinka kasdieniam naudojimui!","_yoast_wpseo_focuskw":"","_links":{"self":[{"href":"https:\/\/puhdasplus.ee\/lt\/wp-json\/wp\/v2\/product\/353343","targetHints":{"allow":["GET"]}}],"collection":[{"href":"https:\/\/puhdasplus.ee\/lt\/wp-json\/wp\/v2\/product"}],"about":[{"href":"https:\/\/puhdasplus.ee\/lt\/wp-json\/wp\/v2\/types\/product"}],"replies":[{"embeddable":true,"href":"https:\/\/puhdasplus.ee\/lt\/wp-json\/wp\/v2\/comments?post=353343"}],"wp:featuredmedia":[{"embeddable":true,"href":"https:\/\/puhdasplus.ee\/lt\/wp-json\/wp\/v2\/media\/357425"}],"wp:attachment":[{"href":"https:\/\/puhdasplus.ee\/lt\/wp-json\/wp\/v2\/media?parent=353343"}],"wp:term":[{"taxonomy":"product_brand","embeddable":true,"href":"https:\/\/puhdasplus.ee\/lt\/wp-json\/wp\/v2\/product_brand?post=353343"},{"taxonomy":"product_cat","embeddable":true,"href":"https:\/\/puhdasplus.ee\/lt\/wp-json\/wp\/v2\/product_cat?post=353343"},{"taxonomy":"product_tag","embeddable":true,"href":"https:\/\/puhdasplus.ee\/lt\/wp-json\/wp\/v2\/product_tag?post=353343"}],"curies":[{"name":"wp","href":"https:\/\/api.w.org\/{rel}","templated":true}]}}