{"id":353321,"date":"2019-12-14T19:06:19","date_gmt":"2019-12-14T17:06:19","guid":{"rendered":"https:\/\/puhdasplus.ee\/tooted\/be-kategorijos\/grozio-kolagenas-ir-biotinas-120-kapsuliu\/"},"modified":"2026-04-28T21:59:01","modified_gmt":"2026-04-28T18:59:01","slug":"grozio-kolagenas-ir-biotinas-120-kapsuliu","status":"publish","type":"product","link":"https:\/\/puhdasplus.ee\/lt\/produktai\/oda-plaukai-nagai\/kolagenas\/grozio-kolagenas-ir-biotinas-120-kapsuliu\/","title":{"rendered":"Gro\u017eio kolagenas ir biotinas, 120 kapsuli\u0173"},"content":{"rendered":"<h2>Kas yra kolagenas ir biotinas?<\/h2>\n<p>Kolagenas yra gausiausias baltymas organizme, suteikiantis odai, kaulams, s\u0105nariams ir sausgysl\u0117ms tvirtumo ir elastingumo. Senstant organizmo kolageno gamyba ma\u017e\u0117ja, tod\u0117l oda gali suglebti, atsirasti rauk\u0161li\u0173 ir s\u0105nari\u0173 sustingimas. Kolageno papildai gali pad\u0117ti <strong>i\u0161laikyti odos elastingum\u0105, dr\u0117kinim\u0105 ir jaunatvi\u0161kum\u0105<\/strong> .  <\/p>\n<p><strong>Biotinas<\/strong> arba vitaminas B7 yra vandenyje tirpus vitaminas, kuris padeda palaikyti <strong>sveikus plaukus, od\u0105 ir nagus<\/strong> , palaiko nerv\u0173 sistemos veikl\u0105 ir dalyvauja med\u017eiag\u0173 apykaitos procesuose. Biotino tr\u016bkumas gali pasireik\u0161ti trapiais nagais, sausais plaukais arba odos sudirgimu. <\/p>\n<p> <strong>\u201ePuhdas+ Collagen &amp; Biotin\u201c<\/strong> yra 100 % grynas ir auk\u0161tos kokyb\u0117s maisto papildas, kurio sud\u0117tyje yra lengvai \u012fsisavinamo hidrolizuoto \u017euv\u0173 kolageno, biotino, cinko ir vitamino C. \u0160i unikali sud\u0117tis palaiko odos elastingum\u0105, plauk\u0173 ir nag\u0173 stiprum\u0105 bei padeda i\u0161laikyti jaunatvi\u0161k\u0105 i\u0161vaizd\u0105. Produktas pagamintas Suomijoje, laikantis auk\u0161t\u0173 kokyb\u0117s standart\u0173, jame n\u0117ra konservant\u0173, da\u017eikli\u0173 ar kit\u0173 pried\u0173.<\/p>\n<h2>Kod\u0117l \u201ePuhdas+\u201c kolagenas ir biotinas yra naudingi?<\/h2>\n<h3>Palaiko odos elastingum\u0105 ir spindes\u012f<\/h3>\n<p>Hidrolizuotas \u017euv\u0173 kolagenas palaiko odos elastingum\u0105 ir spindes\u012f.<\/p>\n<h3>Stiprina plaukus ir nagus<\/h3>\n<p>Biotinas ir cinkas padeda palaikyti normali\u0105 plauk\u0173 ir nag\u0173 b\u016bkl\u0119, skatina j\u0173 augim\u0105 ir stiprum\u0105.<\/p>\n<h3>Efektyvi antioksidacin\u0117 apsauga<\/h3>\n<p>Vitaminas C padeda apsaugoti l\u0105steles nuo oksidacinio streso ir palaiko paties organizmo kolageno gamyb\u0105.<\/p>\n<h2>Kam tinka \u201ePuhdas+ Collagen &amp; Biotin\u201c?<\/h2>\n<ul>\n<li>\n<p>Tiems, kurie nori <strong>i\u0161laikyti arba atkurti jaunatvi\u0161k\u0105 od\u0105<\/strong><\/p>\n<\/li>\n<li>\n<p>Tiems, kurie nori <strong>sustiprinti plaukus ir nagus<\/strong><\/p>\n<\/li>\n<li>\n<p>Tiems, kurie turi <strong>saus\u0105 arba negyv\u0105 od\u0105<\/strong><\/p>\n<\/li>\n<li>\n<p>Veganams, kurie nevengia \u017euvies ir vertina \u0161varius ingredientus<\/p>\n<\/li>\n<li>\n<p>Visiems, kurie trok\u0161ta <strong>nat\u016bralaus gro\u017eio ir gerov\u0117s i\u0161 vidaus<\/strong><\/p>\n<\/li>\n<\/ul>\n<h2>Naudojimas<\/h2>\n<p><strong>Rekomenduojama paros doz\u0117:<\/strong> 1\u20134 kapsul\u0117s per dien\u0105, u\u017egeriant vandeniu.<br \/> Galima naudoti nuolat arba kaip kurs\u0105 (pvz., 2\u20133 m\u0117nesius).<\/p>\n<p>Paros doz\u0117s vir\u0161yti negalima. Maisto papildas nepakei\u010dia \u012fvairios mitybos ar sveiko gyvenimo b\u016bdo. Laikyti vaikams nepasiekiamoje vietoje.  <\/p>\n<h2>Sudedamosios dalys ir maistin\u0117 vert\u0117<\/h2>\n<p><strong>Sudedamosios dalys:<\/strong><\/p>\n<ul>\n<li>\n<p>Hidrolizuotas \u017euv\u0173 kolagenas<\/p>\n<\/li>\n<li>\n<p>D-biotinas<\/p>\n<\/li>\n<li>\n<p>Cinko citratas<\/p>\n<\/li>\n<li>\n<p>Vitaminas C (askorbo r\u016bg\u0161tis)<\/p>\n<\/li>\n<li>\n<p>Dar\u017eovi\u0173 kapsul\u0117 (hidroksipropilmetilceliulioz\u0117, gelano derva)<\/p>\n<\/li>\n<\/ul>\n<h2>Maistin\u0117 vert\u0117 (1\u20134 kapsul\u0117s)<\/h2>\n<ul>\n<li>\n<p>\u017duv\u0173 kolagenas: 250\u20131000 mg<\/p>\n<\/li>\n<li>\n<p>Biotinas: 100\u2013400 \u00b5g (200\u2013800 % RMV*)<\/p>\n<\/li>\n<li>\n<p>Cinkas: 3,75\u201315 mg (38\u2013150 % RMV*)<\/p>\n<\/li>\n<li>\n<p>Vitaminas C: 50\u2013200 mg (63\u2013250 % RMV*) <br \/> (*RMV = referencin\u0117 paros norma)<\/p>\n<\/li>\n<\/ul>\n<p><strong>\u017di\u016br\u0117ti taip pat:<\/strong> <a href=\"https:\/\/puhdasplus.ee\/toote-kategooria\/biotiin\/\">Biotiin<\/a> | <a href=\"https:\/\/puhdasplus.ee\/toote-kategooria\/kollageen\/\">Kolagenas<\/a> | <a href=\"https:\/\/puhdasplus.ee\/toote-kategooria\/looduskosmeetika\/\">Looduskosmeetika<\/a><\/p>\n","protected":false},"excerpt":{"rendered":"<p>\u201ePuhdas+ Collagen &amp; Biotin\u201c yra grynas gro\u017eio ir gerov\u0117s papildas, kuriame derinamas hidrolizuotas \u017euv\u0173 kolagenas, biotinas, cinkas ir vitaminas C. \u0160ie aktyv\u016bs ingredientai padeda palaikyti odos elastingum\u0105 ir dr\u0117kinim\u0105, stiprina plaukus ir nagus bei palaiko paties organizmo kolageno gamyb\u0105. Biotinas ir cinkas skatina plauk\u0173 augim\u0105 ir normali\u0105 odos b\u016bkl\u0119, o vitaminas C suteikia stipri\u0105 antioksidacin\u0119 apsaug\u0105. Idealus pasirinkimas tiems, kurie nori palaikyti i\u0161orin\u012f gro\u017e\u012f kartu su vidine gerove. Taip pat tinka vartotojams, turintiems jautri\u0105 vir\u0161kinim\u0105, ir be dirbtini\u0173 pried\u0173.    <\/p>\n","protected":false},"featured_media":33783,"comment_status":"closed","ping_status":"closed","template":"","meta":{"_acf_changed":false,"googlesitekit_rrm_CAow3eq7DA:productID":""},"product_brand":[],"product_cat":[3283,4066,3282],"product_tag":[3284,4048,8996,9000,3463,8307,3131,8354,2886,3285,8374,2967,8370,3125],"class_list":{"0":"post-353321","1":"product","2":"type-product","3":"status-publish","4":"has-post-thumbnail","6":"product_cat-biotinas","7":"product_cat-kolagenas","8":"product_cat-oda-plaukai-nagai","9":"product_tag-biotinas","10":"product_tag-cinkas","11":"product_tag-hidrolizuotas-kolagenas-lt","12":"product_tag-jurinis-kolagenas-lt","13":"product_tag-kolagenas","14":"product_tag-kolageno-kapsules","15":"product_tag-maisto-papildas","16":"product_tag-moterims","17":"product_tag-odos-prieziura","18":"product_tag-odos-sveikata","19":"product_tag-suomijos-kokyb-lt","20":"product_tag-veganiskas","21":"product_tag-vitaminai","22":"product_tag-vitaminas-c","24":"first","25":"instock","26":"featured","27":"taxable","28":"shipping-taxable","29":"purchasable","30":"product-type-simple"},"acf":[],"yoast_head":"<!-- This site is optimized with the Yoast SEO plugin v27.5 - https:\/\/yoast.com\/product\/yoast-seo-wordpress\/ -->\n<title>Gro\u017eio kolagenas ir biotinas, 120 kapsuli\u0173 | Puhdas+<\/title>\n<meta name=\"description\" content=\"Gro\u017eio kolageno ir biotino papildas palaiko odos elastingum\u0105, stiprina plaukus ir nagus bei palaiko s\u0105nari\u0173 sveikat\u0105. Veiksminga gro\u017eio ir gerov\u0117s palaikymas!\" \/>\n<meta name=\"robots\" content=\"index, follow, max-snippet:-1, max-image-preview:large, max-video-preview:-1\" \/>\n<link rel=\"canonical\" href=\"https:\/\/puhdasplus.ee\/lt\/produktai\/oda-plaukai-nagai\/kolagenas\/grozio-kolagenas-ir-biotinas-120-kapsuliu\/\" \/>\n<meta property=\"og:locale\" content=\"lt_LT\" \/>\n<meta property=\"og:type\" content=\"article\" \/>\n<meta property=\"og:title\" content=\"Gro\u017eio kolagenas ir biotinas, 120 kapsuli\u0173 | Puhdas+\" \/>\n<meta property=\"og:description\" content=\"Gro\u017eio kolageno ir biotino papildas palaiko odos elastingum\u0105, stiprina plaukus ir nagus bei palaiko s\u0105nari\u0173 sveikat\u0105. Veiksminga gro\u017eio ir gerov\u0117s palaikymas!\" \/>\n<meta property=\"og:url\" content=\"https:\/\/puhdasplus.ee\/lt\/produktai\/oda-plaukai-nagai\/kolagenas\/grozio-kolagenas-ir-biotinas-120-kapsuliu\/\" \/>\n<meta property=\"og:site_name\" content=\"Puhdas+\" \/>\n<meta property=\"article:publisher\" content=\"https:\/\/www.facebook.com\/puhdasplus\" \/>\n<meta property=\"article:modified_time\" content=\"2026-04-28T18:59:01+00:00\" \/>\n<meta property=\"og:image\" content=\"https:\/\/puhdasplus.ee\/wp-content\/uploads\/2025\/03\/16.jpg\" \/>\n\t<meta property=\"og:image:width\" content=\"1862\" \/>\n\t<meta property=\"og:image:height\" content=\"2560\" \/>\n\t<meta property=\"og:image:type\" content=\"image\/jpeg\" \/>\n<meta name=\"twitter:card\" content=\"summary_large_image\" \/>\n<meta name=\"twitter:label1\" content=\"Est. reading time\" \/>\n\t<meta name=\"twitter:data1\" content=\"2 minut\u0117\" \/>\n<script type=\"application\/ld+json\" class=\"yoast-schema-graph\">{\"@context\":\"https:\\\/\\\/schema.org\",\"@graph\":[{\"@type\":\"WebPage\",\"@id\":\"https:\\\/\\\/puhdasplus.ee\\\/lt\\\/produktai\\\/oda-plaukai-nagai\\\/kolagenas\\\/grozio-kolagenas-ir-biotinas-120-kapsuliu\\\/\",\"url\":\"https:\\\/\\\/puhdasplus.ee\\\/lt\\\/produktai\\\/oda-plaukai-nagai\\\/kolagenas\\\/grozio-kolagenas-ir-biotinas-120-kapsuliu\\\/\",\"name\":\"Gro\u017eio kolagenas ir biotinas, 120 kapsuli\u0173 | Puhdas+\",\"isPartOf\":{\"@id\":\"https:\\\/\\\/puhdasplus.ee\\\/lt\\\/#website\"},\"primaryImageOfPage\":{\"@id\":\"https:\\\/\\\/puhdasplus.ee\\\/lt\\\/produktai\\\/oda-plaukai-nagai\\\/kolagenas\\\/grozio-kolagenas-ir-biotinas-120-kapsuliu\\\/#primaryimage\"},\"image\":{\"@id\":\"https:\\\/\\\/puhdasplus.ee\\\/lt\\\/produktai\\\/oda-plaukai-nagai\\\/kolagenas\\\/grozio-kolagenas-ir-biotinas-120-kapsuliu\\\/#primaryimage\"},\"thumbnailUrl\":\"https:\\\/\\\/puhdasplus.ee\\\/wp-content\\\/uploads\\\/2025\\\/03\\\/16.jpg\",\"datePublished\":\"2019-12-14T17:06:19+00:00\",\"dateModified\":\"2026-04-28T18:59:01+00:00\",\"description\":\"Gro\u017eio kolageno ir biotino papildas palaiko odos elastingum\u0105, stiprina plaukus ir nagus bei palaiko s\u0105nari\u0173 sveikat\u0105. Veiksminga gro\u017eio ir gerov\u0117s palaikymas!\",\"breadcrumb\":{\"@id\":\"https:\\\/\\\/puhdasplus.ee\\\/lt\\\/produktai\\\/oda-plaukai-nagai\\\/kolagenas\\\/grozio-kolagenas-ir-biotinas-120-kapsuliu\\\/#breadcrumb\"},\"inLanguage\":\"lt-LT\",\"potentialAction\":[{\"@type\":\"ReadAction\",\"target\":[\"https:\\\/\\\/puhdasplus.ee\\\/lt\\\/produktai\\\/oda-plaukai-nagai\\\/kolagenas\\\/grozio-kolagenas-ir-biotinas-120-kapsuliu\\\/\"]}]},{\"@type\":\"ImageObject\",\"inLanguage\":\"lt-LT\",\"@id\":\"https:\\\/\\\/puhdasplus.ee\\\/lt\\\/produktai\\\/oda-plaukai-nagai\\\/kolagenas\\\/grozio-kolagenas-ir-biotinas-120-kapsuliu\\\/#primaryimage\",\"url\":\"https:\\\/\\\/puhdasplus.ee\\\/wp-content\\\/uploads\\\/2025\\\/03\\\/16.jpg\",\"contentUrl\":\"https:\\\/\\\/puhdasplus.ee\\\/wp-content\\\/uploads\\\/2025\\\/03\\\/16.jpg\",\"width\":1862,\"height\":2560,\"caption\":\"Kolagenas ir biotinas\"},{\"@type\":\"BreadcrumbList\",\"@id\":\"https:\\\/\\\/puhdasplus.ee\\\/lt\\\/produktai\\\/oda-plaukai-nagai\\\/kolagenas\\\/grozio-kolagenas-ir-biotinas-120-kapsuliu\\\/#breadcrumb\",\"itemListElement\":[{\"@type\":\"ListItem\",\"position\":1,\"name\":\"Prad\u017eia\",\"item\":\"https:\\\/\\\/puhdasplus.ee\\\/lt\\\/\"},{\"@type\":\"ListItem\",\"position\":2,\"name\":\"Produktai\",\"item\":\"https:\\\/\\\/puhdasplus.ee\\\/lt\\\/parduotuve\\\/\"},{\"@type\":\"ListItem\",\"position\":3,\"name\":\"Gro\u017eio kolagenas ir biotinas, 120 kapsuli\u0173\"}]},{\"@type\":\"WebSite\",\"@id\":\"https:\\\/\\\/puhdasplus.ee\\\/lt\\\/#website\",\"url\":\"https:\\\/\\\/puhdasplus.ee\\\/lt\\\/\",\"name\":\"Puhdas+\",\"description\":\"Vitaminai, maisto papildai, nat\u016brali kosmetika, sveikata, sportas\",\"publisher\":{\"@id\":\"https:\\\/\\\/puhdasplus.ee\\\/lt\\\/#organization\"},\"potentialAction\":[{\"@type\":\"SearchAction\",\"target\":{\"@type\":\"EntryPoint\",\"urlTemplate\":\"https:\\\/\\\/puhdasplus.ee\\\/lt\\\/?s={search_term_string}\"},\"query-input\":{\"@type\":\"PropertyValueSpecification\",\"valueRequired\":true,\"valueName\":\"search_term_string\"}}],\"inLanguage\":\"lt-LT\"},{\"@type\":\"Organization\",\"@id\":\"https:\\\/\\\/puhdasplus.ee\\\/lt\\\/#organization\",\"name\":\"Puhdas+\",\"alternateName\":\"Puhdasplus\",\"url\":\"https:\\\/\\\/puhdasplus.ee\\\/lt\\\/\",\"logo\":{\"@type\":\"ImageObject\",\"inLanguage\":\"lt-LT\",\"@id\":\"https:\\\/\\\/puhdasplus.ee\\\/lt\\\/#\\\/schema\\\/logo\\\/image\\\/\",\"url\":\"https:\\\/\\\/puhdasplus.ee\\\/wp-content\\\/uploads\\\/2019\\\/10\\\/puhdas_logo-arvele.png\",\"contentUrl\":\"https:\\\/\\\/puhdasplus.ee\\\/wp-content\\\/uploads\\\/2019\\\/10\\\/puhdas_logo-arvele.png\",\"width\":114,\"height\":94,\"caption\":\"Puhdas+\"},\"image\":{\"@id\":\"https:\\\/\\\/puhdasplus.ee\\\/lt\\\/#\\\/schema\\\/logo\\\/image\\\/\"},\"sameAs\":[\"https:\\\/\\\/www.facebook.com\\\/puhdasplus\",\"https:\\\/\\\/www.instagram.com\\\/puhdasplus_ee\\\/\"]}]}<\/script>\n<!-- \/ Yoast SEO plugin. -->","yoast_head_json":{"title":"Gro\u017eio kolagenas ir biotinas, 120 kapsuli\u0173 | Puhdas+","description":"Gro\u017eio kolageno ir biotino papildas palaiko odos elastingum\u0105, stiprina plaukus ir nagus bei palaiko s\u0105nari\u0173 sveikat\u0105. Veiksminga gro\u017eio ir gerov\u0117s palaikymas!","robots":{"index":"index","follow":"follow","max-snippet":"max-snippet:-1","max-image-preview":"max-image-preview:large","max-video-preview":"max-video-preview:-1"},"canonical":"https:\/\/puhdasplus.ee\/lt\/produktai\/oda-plaukai-nagai\/kolagenas\/grozio-kolagenas-ir-biotinas-120-kapsuliu\/","og_locale":"lt_LT","og_type":"article","og_title":"Gro\u017eio kolagenas ir biotinas, 120 kapsuli\u0173 | Puhdas+","og_description":"Gro\u017eio kolageno ir biotino papildas palaiko odos elastingum\u0105, stiprina plaukus ir nagus bei palaiko s\u0105nari\u0173 sveikat\u0105. Veiksminga gro\u017eio ir gerov\u0117s palaikymas!","og_url":"https:\/\/puhdasplus.ee\/lt\/produktai\/oda-plaukai-nagai\/kolagenas\/grozio-kolagenas-ir-biotinas-120-kapsuliu\/","og_site_name":"Puhdas+","article_publisher":"https:\/\/www.facebook.com\/puhdasplus","article_modified_time":"2026-04-28T18:59:01+00:00","og_image":[{"width":1862,"height":2560,"url":"https:\/\/puhdasplus.ee\/wp-content\/uploads\/2025\/03\/16.jpg","type":"image\/jpeg"}],"twitter_card":"summary_large_image","twitter_misc":{"Est. reading time":"2 minut\u0117"},"schema":{"@context":"https:\/\/schema.org","@graph":[{"@type":"WebPage","@id":"https:\/\/puhdasplus.ee\/lt\/produktai\/oda-plaukai-nagai\/kolagenas\/grozio-kolagenas-ir-biotinas-120-kapsuliu\/","url":"https:\/\/puhdasplus.ee\/lt\/produktai\/oda-plaukai-nagai\/kolagenas\/grozio-kolagenas-ir-biotinas-120-kapsuliu\/","name":"Gro\u017eio kolagenas ir biotinas, 120 kapsuli\u0173 | Puhdas+","isPartOf":{"@id":"https:\/\/puhdasplus.ee\/lt\/#website"},"primaryImageOfPage":{"@id":"https:\/\/puhdasplus.ee\/lt\/produktai\/oda-plaukai-nagai\/kolagenas\/grozio-kolagenas-ir-biotinas-120-kapsuliu\/#primaryimage"},"image":{"@id":"https:\/\/puhdasplus.ee\/lt\/produktai\/oda-plaukai-nagai\/kolagenas\/grozio-kolagenas-ir-biotinas-120-kapsuliu\/#primaryimage"},"thumbnailUrl":"https:\/\/puhdasplus.ee\/wp-content\/uploads\/2025\/03\/16.jpg","datePublished":"2019-12-14T17:06:19+00:00","dateModified":"2026-04-28T18:59:01+00:00","description":"Gro\u017eio kolageno ir biotino papildas palaiko odos elastingum\u0105, stiprina plaukus ir nagus bei palaiko s\u0105nari\u0173 sveikat\u0105. Veiksminga gro\u017eio ir gerov\u0117s palaikymas!","breadcrumb":{"@id":"https:\/\/puhdasplus.ee\/lt\/produktai\/oda-plaukai-nagai\/kolagenas\/grozio-kolagenas-ir-biotinas-120-kapsuliu\/#breadcrumb"},"inLanguage":"lt-LT","potentialAction":[{"@type":"ReadAction","target":["https:\/\/puhdasplus.ee\/lt\/produktai\/oda-plaukai-nagai\/kolagenas\/grozio-kolagenas-ir-biotinas-120-kapsuliu\/"]}]},{"@type":"ImageObject","inLanguage":"lt-LT","@id":"https:\/\/puhdasplus.ee\/lt\/produktai\/oda-plaukai-nagai\/kolagenas\/grozio-kolagenas-ir-biotinas-120-kapsuliu\/#primaryimage","url":"https:\/\/puhdasplus.ee\/wp-content\/uploads\/2025\/03\/16.jpg","contentUrl":"https:\/\/puhdasplus.ee\/wp-content\/uploads\/2025\/03\/16.jpg","width":1862,"height":2560,"caption":"Kolagenas ir biotinas"},{"@type":"BreadcrumbList","@id":"https:\/\/puhdasplus.ee\/lt\/produktai\/oda-plaukai-nagai\/kolagenas\/grozio-kolagenas-ir-biotinas-120-kapsuliu\/#breadcrumb","itemListElement":[{"@type":"ListItem","position":1,"name":"Prad\u017eia","item":"https:\/\/puhdasplus.ee\/lt\/"},{"@type":"ListItem","position":2,"name":"Produktai","item":"https:\/\/puhdasplus.ee\/lt\/parduotuve\/"},{"@type":"ListItem","position":3,"name":"Gro\u017eio kolagenas ir biotinas, 120 kapsuli\u0173"}]},{"@type":"WebSite","@id":"https:\/\/puhdasplus.ee\/lt\/#website","url":"https:\/\/puhdasplus.ee\/lt\/","name":"Puhdas+","description":"Vitaminai, maisto papildai, nat\u016brali kosmetika, sveikata, sportas","publisher":{"@id":"https:\/\/puhdasplus.ee\/lt\/#organization"},"potentialAction":[{"@type":"SearchAction","target":{"@type":"EntryPoint","urlTemplate":"https:\/\/puhdasplus.ee\/lt\/?s={search_term_string}"},"query-input":{"@type":"PropertyValueSpecification","valueRequired":true,"valueName":"search_term_string"}}],"inLanguage":"lt-LT"},{"@type":"Organization","@id":"https:\/\/puhdasplus.ee\/lt\/#organization","name":"Puhdas+","alternateName":"Puhdasplus","url":"https:\/\/puhdasplus.ee\/lt\/","logo":{"@type":"ImageObject","inLanguage":"lt-LT","@id":"https:\/\/puhdasplus.ee\/lt\/#\/schema\/logo\/image\/","url":"https:\/\/puhdasplus.ee\/wp-content\/uploads\/2019\/10\/puhdas_logo-arvele.png","contentUrl":"https:\/\/puhdasplus.ee\/wp-content\/uploads\/2019\/10\/puhdas_logo-arvele.png","width":114,"height":94,"caption":"Puhdas+"},"image":{"@id":"https:\/\/puhdasplus.ee\/lt\/#\/schema\/logo\/image\/"},"sameAs":["https:\/\/www.facebook.com\/puhdasplus","https:\/\/www.instagram.com\/puhdasplus_ee\/"]}]}},"_yoast_wpseo_title":"Gro\u017eio kolagenas ir biotinas, 120 kapsuli\u0173 | Puhdas+","_yoast_wpseo_metadesc":"Gro\u017eio kolageno ir biotino papildas palaiko odos elastingum\u0105, stiprina plaukus ir nagus bei palaiko s\u0105nari\u0173 sveikat\u0105. Veiksminga gro\u017eio ir gerov\u0117s palaikymas!","_yoast_wpseo_focuskw":"","_links":{"self":[{"href":"https:\/\/puhdasplus.ee\/lt\/wp-json\/wp\/v2\/product\/353321","targetHints":{"allow":["GET"]}}],"collection":[{"href":"https:\/\/puhdasplus.ee\/lt\/wp-json\/wp\/v2\/product"}],"about":[{"href":"https:\/\/puhdasplus.ee\/lt\/wp-json\/wp\/v2\/types\/product"}],"replies":[{"embeddable":true,"href":"https:\/\/puhdasplus.ee\/lt\/wp-json\/wp\/v2\/comments?post=353321"}],"wp:featuredmedia":[{"embeddable":true,"href":"https:\/\/puhdasplus.ee\/lt\/wp-json\/wp\/v2\/media\/33783"}],"wp:attachment":[{"href":"https:\/\/puhdasplus.ee\/lt\/wp-json\/wp\/v2\/media?parent=353321"}],"wp:term":[{"taxonomy":"product_brand","embeddable":true,"href":"https:\/\/puhdasplus.ee\/lt\/wp-json\/wp\/v2\/product_brand?post=353321"},{"taxonomy":"product_cat","embeddable":true,"href":"https:\/\/puhdasplus.ee\/lt\/wp-json\/wp\/v2\/product_cat?post=353321"},{"taxonomy":"product_tag","embeddable":true,"href":"https:\/\/puhdasplus.ee\/lt\/wp-json\/wp\/v2\/product_tag?post=353321"}],"curies":[{"name":"wp","href":"https:\/\/api.w.org\/{rel}","templated":true}]}}