{"id":353241,"date":"2020-07-24T22:55:31","date_gmt":"2020-07-24T19:55:31","guid":{"rendered":"https:\/\/puhdasplus.ee\/tooted\/be-kategorijos\/taukmedzio-sviestas-50-ml\/"},"modified":"2026-04-07T20:12:46","modified_gmt":"2026-04-07T17:12:46","slug":"taukmedzio-sviestas-50-ml","status":"publish","type":"product","link":"https:\/\/puhdasplus.ee\/lt\/produktai\/kosmetika-lt\/taukmedzio-sviestas-50-ml\/","title":{"rendered":"Taukmed\u017eio sviestas 50 ml"},"content":{"rendered":"<h2>Naudojimas<\/h2>\n<p>Taukmed\u017eio sviestas yra 100 % <strong>nat\u016brali ir nerafinuota<\/strong> odos prie\u017ei\u016bros priemon\u0117, kuri intensyviai dr\u0117kina ir apsaugo saus\u0105, jautri\u0105 ir pa\u017eeist\u0105 od\u0105. <strong>Taukmed\u017eio svieste<\/strong> gausu <strong>vitamino E, nepakei\u010diam\u0173j\u0173 riebal\u0173 r\u016bg\u0161\u010di\u0173 ir antioksidant\u0173<\/strong> , kurie padeda <strong>maitinti, atkurti ir raminti od\u0105<\/strong> . D\u0117l nat\u016brali\u0173 dr\u0117kinam\u0173j\u0173 savybi\u0173 jis idealiai tinka veido, k\u016bno, l\u016bp\u0173 ir plauk\u0173 prie\u017ei\u016brai. Taukmed\u017eio sviestas padeda <strong>suma\u017einti sausum\u0105, egzem\u0105, \u012ftr\u016bkimus ir odos sudirginim\u0105,<\/strong> stiprindamas nat\u016bral\u0173 odos apsaugin\u012f barjer\u0105.  <\/p>\n<h4><strong>Naudojimo instrukcijos:<\/strong><\/h4>\n<ol>\n<li><strong>Odai:<\/strong> i\u0161tirpinkite nedidel\u012f kiek\u012f taukmed\u017eio sviesto tarp pir\u0161t\u0173 ir u\u017etepkite ant saus\u0173 ar sudirgusi\u0173 viet\u0173.<\/li>\n<li><strong>L\u016bp\u0173 prie\u017ei\u016bra:<\/strong> u\u017etepkite plon\u0105 sluoksn\u012f ant l\u016bp\u0173, kad i\u0161vengtum\u0117te sausumo ir skilin\u0117jimo.<\/li>\n<li><strong>Plaukams:<\/strong> \u012etrinkite nedidel\u012f kiek\u012f \u012f plauk\u0173 galiukus, kad sudr\u0117kintum\u0117te ir suma\u017eintum\u0117te l\u016b\u017ein\u0117jim\u0105.<\/li>\n<li><strong>Rank\u0173 ir p\u0117d\u0173 prie\u017ei\u016bra:<\/strong> tepkite ant saus\u0173 ir suskilin\u0117jusi\u0173 viet\u0173, pavyzd\u017eiui, alk\u016bni\u0173 ir kuln\u0173, kad atkurtum\u0117te odos \u0161velnum\u0105.<\/li>\n<\/ol>\n<h4><strong>Sudedamosios dalys ir j\u0173 nauda:<\/strong><\/h4>\n<ul>\n<li><strong>100 % gryno taukmed\u017eio sviesto (Butyrospermum Parkii)<\/strong> \u2013 nat\u016bralus dr\u0117kiklis, atkuriantis odos elastingum\u0105 ir apsaugantis j\u0105 nuo i\u0161saus\u0117jimo.<\/li>\n<li><strong>Vitaminas E<\/strong> \u2013 galingas antioksidantas, apsaugantis od\u0105 nuo laisv\u0173j\u0173 radikal\u0173 ir aplinkos poveikio.<\/li>\n<li><strong>Riebal\u0173 r\u016bg\u0161tys (Omega-3 ir Omega-6)<\/strong> \u2013 padeda atkurti odos dr\u0117gm\u0117s balans\u0105 ir stiprina jos apsaugin\u012f barjer\u0105.<\/li>\n<\/ul>\n<p><strong>\u017di\u016br\u0117ti taip pat:<\/strong> <a href=\"https:\/\/puhdasplus.ee\/toote-kategooria\/looduskosmeetika\/\">Looduskosmeetika<\/a> | <a href=\"https:\/\/puhdasplus.ee\/toote-kategooria\/nahk-juuksed-kuuned\/\">Oda, plaukai, nagai<\/a> | <a href=\"https:\/\/puhdasplus.ee\/toote-kategooria\/kollageen\/\">Kolagenas<\/a><\/p>\n","protected":false},"excerpt":{"rendered":"<p>100 % nat\u016bralus ir giliai dr\u0117kinantis taukmed\u017eio sviestas, kuris maitina ir atkuria saus\u0105 ir jautri\u0105 od\u0105, suteikdamas ilgalaik\u0119 apsaug\u0105 ir \u0161velnum\u0105.<\/p>\n","protected":false},"featured_media":353256,"comment_status":"closed","ping_status":"closed","template":"","meta":{"_acf_changed":false,"googlesitekit_rrm_CAow3eq7DA:productID":""},"product_brand":[],"product_cat":[2582,3282],"product_tag":[5268,7869,8378,2886],"class_list":{"0":"post-353241","1":"product","2":"type-product","3":"status-publish","4":"has-post-thumbnail","6":"product_cat-kosmetika-lt","7":"product_cat-oda-plaukai-nagai","8":"product_tag-kuno-aliejus","9":"product_tag-naturali-kosmetika","10":"product_tag-natralus-lt","11":"product_tag-odos-prieziura","13":"first","14":"instock","15":"taxable","16":"shipping-taxable","17":"purchasable","18":"product-type-simple"},"acf":[],"yoast_head":"<!-- This site is optimized with the Yoast SEO plugin v27.3 - https:\/\/yoast.com\/product\/yoast-seo-wordpress\/ -->\n<title>Taukmed\u017eio sviestas 50 ml | Puhdas+<\/title>\n<meta name=\"description\" content=\"Taukmed\u017eio sviestas 50 ml yra 100 % nat\u016brali ir giliai dr\u0117kinanti priemon\u0117 sausai ir jautriai odai. Taip pat tinka plaukams, l\u016bpoms ir sudirgusiai odai!\" \/>\n<meta name=\"robots\" content=\"index, follow, max-snippet:-1, max-image-preview:large, max-video-preview:-1\" \/>\n<link rel=\"canonical\" href=\"https:\/\/puhdasplus.ee\/lt\/produktai\/kosmetika-lt\/taukmedzio-sviestas-50-ml\/\" \/>\n<meta property=\"og:locale\" content=\"lt_LT\" \/>\n<meta property=\"og:type\" content=\"article\" \/>\n<meta property=\"og:title\" content=\"Taukmed\u017eio sviestas 50 ml | Puhdas+\" \/>\n<meta property=\"og:description\" content=\"Taukmed\u017eio sviestas 50 ml yra 100 % nat\u016brali ir giliai dr\u0117kinanti priemon\u0117 sausai ir jautriai odai. Taip pat tinka plaukams, l\u016bpoms ir sudirgusiai odai!\" \/>\n<meta property=\"og:url\" content=\"https:\/\/puhdasplus.ee\/lt\/produktai\/kosmetika-lt\/taukmedzio-sviestas-50-ml\/\" \/>\n<meta property=\"og:site_name\" content=\"Puhdas+\" \/>\n<meta property=\"article:publisher\" content=\"https:\/\/www.facebook.com\/puhdasplus\" \/>\n<meta property=\"article:modified_time\" content=\"2026-04-07T17:12:46+00:00\" \/>\n<meta property=\"og:image\" content=\"https:\/\/puhdasplus.ee\/wp-content\/uploads\/2025\/03\/60.jpg\" \/>\n\t<meta property=\"og:image:width\" content=\"1862\" \/>\n\t<meta property=\"og:image:height\" content=\"2560\" \/>\n\t<meta property=\"og:image:type\" content=\"image\/jpeg\" \/>\n<meta name=\"twitter:card\" content=\"summary_large_image\" \/>\n<meta name=\"twitter:label1\" content=\"Est. reading time\" \/>\n\t<meta name=\"twitter:data1\" content=\"1 minut\u0117\" \/>\n<script type=\"application\/ld+json\" class=\"yoast-schema-graph\">{\"@context\":\"https:\\\/\\\/schema.org\",\"@graph\":[{\"@type\":\"WebPage\",\"@id\":\"https:\\\/\\\/puhdasplus.ee\\\/lt\\\/produktai\\\/kosmetika-lt\\\/taukmedzio-sviestas-50-ml\\\/\",\"url\":\"https:\\\/\\\/puhdasplus.ee\\\/lt\\\/produktai\\\/kosmetika-lt\\\/taukmedzio-sviestas-50-ml\\\/\",\"name\":\"Taukmed\u017eio sviestas 50 ml | Puhdas+\",\"isPartOf\":{\"@id\":\"https:\\\/\\\/puhdasplus.ee\\\/lt\\\/#website\"},\"primaryImageOfPage\":{\"@id\":\"https:\\\/\\\/puhdasplus.ee\\\/lt\\\/produktai\\\/kosmetika-lt\\\/taukmedzio-sviestas-50-ml\\\/#primaryimage\"},\"image\":{\"@id\":\"https:\\\/\\\/puhdasplus.ee\\\/lt\\\/produktai\\\/kosmetika-lt\\\/taukmedzio-sviestas-50-ml\\\/#primaryimage\"},\"thumbnailUrl\":\"https:\\\/\\\/puhdasplus.ee\\\/wp-content\\\/uploads\\\/2025\\\/03\\\/60.jpg\",\"datePublished\":\"2020-07-24T19:55:31+00:00\",\"dateModified\":\"2026-04-07T17:12:46+00:00\",\"description\":\"Taukmed\u017eio sviestas 50 ml yra 100 % nat\u016brali ir giliai dr\u0117kinanti priemon\u0117 sausai ir jautriai odai. Taip pat tinka plaukams, l\u016bpoms ir sudirgusiai odai!\",\"breadcrumb\":{\"@id\":\"https:\\\/\\\/puhdasplus.ee\\\/lt\\\/produktai\\\/kosmetika-lt\\\/taukmedzio-sviestas-50-ml\\\/#breadcrumb\"},\"inLanguage\":\"lt-LT\",\"potentialAction\":[{\"@type\":\"ReadAction\",\"target\":[\"https:\\\/\\\/puhdasplus.ee\\\/lt\\\/produktai\\\/kosmetika-lt\\\/taukmedzio-sviestas-50-ml\\\/\"]}]},{\"@type\":\"ImageObject\",\"inLanguage\":\"lt-LT\",\"@id\":\"https:\\\/\\\/puhdasplus.ee\\\/lt\\\/produktai\\\/kosmetika-lt\\\/taukmedzio-sviestas-50-ml\\\/#primaryimage\",\"url\":\"https:\\\/\\\/puhdasplus.ee\\\/wp-content\\\/uploads\\\/2025\\\/03\\\/60.jpg\",\"contentUrl\":\"https:\\\/\\\/puhdasplus.ee\\\/wp-content\\\/uploads\\\/2025\\\/03\\\/60.jpg\",\"width\":1862,\"height\":2560,\"caption\":\"Taukmed\u017eio sviestas 50 ml\"},{\"@type\":\"BreadcrumbList\",\"@id\":\"https:\\\/\\\/puhdasplus.ee\\\/lt\\\/produktai\\\/kosmetika-lt\\\/taukmedzio-sviestas-50-ml\\\/#breadcrumb\",\"itemListElement\":[{\"@type\":\"ListItem\",\"position\":1,\"name\":\"Prad\u017eia\",\"item\":\"https:\\\/\\\/puhdasplus.ee\\\/lt\\\/\"},{\"@type\":\"ListItem\",\"position\":2,\"name\":\"Produktai\",\"item\":\"https:\\\/\\\/puhdasplus.ee\\\/lt\\\/parduotuve\\\/\"},{\"@type\":\"ListItem\",\"position\":3,\"name\":\"Taukmed\u017eio sviestas 50 ml\"}]},{\"@type\":\"WebSite\",\"@id\":\"https:\\\/\\\/puhdasplus.ee\\\/lt\\\/#website\",\"url\":\"https:\\\/\\\/puhdasplus.ee\\\/lt\\\/\",\"name\":\"Puhdas+\",\"description\":\"Vitaminai, maisto papildai, nat\u016brali kosmetika, sveikata, sportas\",\"publisher\":{\"@id\":\"https:\\\/\\\/puhdasplus.ee\\\/lt\\\/#organization\"},\"potentialAction\":[{\"@type\":\"SearchAction\",\"target\":{\"@type\":\"EntryPoint\",\"urlTemplate\":\"https:\\\/\\\/puhdasplus.ee\\\/lt\\\/?s={search_term_string}\"},\"query-input\":{\"@type\":\"PropertyValueSpecification\",\"valueRequired\":true,\"valueName\":\"search_term_string\"}}],\"inLanguage\":\"lt-LT\"},{\"@type\":\"Organization\",\"@id\":\"https:\\\/\\\/puhdasplus.ee\\\/lt\\\/#organization\",\"name\":\"Puhdas+\",\"alternateName\":\"Puhdasplus\",\"url\":\"https:\\\/\\\/puhdasplus.ee\\\/lt\\\/\",\"logo\":{\"@type\":\"ImageObject\",\"inLanguage\":\"lt-LT\",\"@id\":\"https:\\\/\\\/puhdasplus.ee\\\/lt\\\/#\\\/schema\\\/logo\\\/image\\\/\",\"url\":\"https:\\\/\\\/puhdasplus.ee\\\/wp-content\\\/uploads\\\/2019\\\/10\\\/puhdas_logo-arvele.png\",\"contentUrl\":\"https:\\\/\\\/puhdasplus.ee\\\/wp-content\\\/uploads\\\/2019\\\/10\\\/puhdas_logo-arvele.png\",\"width\":114,\"height\":94,\"caption\":\"Puhdas+\"},\"image\":{\"@id\":\"https:\\\/\\\/puhdasplus.ee\\\/lt\\\/#\\\/schema\\\/logo\\\/image\\\/\"},\"sameAs\":[\"https:\\\/\\\/www.facebook.com\\\/puhdasplus\",\"https:\\\/\\\/www.instagram.com\\\/puhdasplus_ee\\\/\"]}]}<\/script>\n<!-- \/ Yoast SEO plugin. -->","yoast_head_json":{"title":"Taukmed\u017eio sviestas 50 ml | Puhdas+","description":"Taukmed\u017eio sviestas 50 ml yra 100 % nat\u016brali ir giliai dr\u0117kinanti priemon\u0117 sausai ir jautriai odai. Taip pat tinka plaukams, l\u016bpoms ir sudirgusiai odai!","robots":{"index":"index","follow":"follow","max-snippet":"max-snippet:-1","max-image-preview":"max-image-preview:large","max-video-preview":"max-video-preview:-1"},"canonical":"https:\/\/puhdasplus.ee\/lt\/produktai\/kosmetika-lt\/taukmedzio-sviestas-50-ml\/","og_locale":"lt_LT","og_type":"article","og_title":"Taukmed\u017eio sviestas 50 ml | Puhdas+","og_description":"Taukmed\u017eio sviestas 50 ml yra 100 % nat\u016brali ir giliai dr\u0117kinanti priemon\u0117 sausai ir jautriai odai. Taip pat tinka plaukams, l\u016bpoms ir sudirgusiai odai!","og_url":"https:\/\/puhdasplus.ee\/lt\/produktai\/kosmetika-lt\/taukmedzio-sviestas-50-ml\/","og_site_name":"Puhdas+","article_publisher":"https:\/\/www.facebook.com\/puhdasplus","article_modified_time":"2026-04-07T17:12:46+00:00","og_image":[{"width":1862,"height":2560,"url":"https:\/\/puhdasplus.ee\/wp-content\/uploads\/2025\/03\/60.jpg","type":"image\/jpeg"}],"twitter_card":"summary_large_image","twitter_misc":{"Est. reading time":"1 minut\u0117"},"schema":{"@context":"https:\/\/schema.org","@graph":[{"@type":"WebPage","@id":"https:\/\/puhdasplus.ee\/lt\/produktai\/kosmetika-lt\/taukmedzio-sviestas-50-ml\/","url":"https:\/\/puhdasplus.ee\/lt\/produktai\/kosmetika-lt\/taukmedzio-sviestas-50-ml\/","name":"Taukmed\u017eio sviestas 50 ml | Puhdas+","isPartOf":{"@id":"https:\/\/puhdasplus.ee\/lt\/#website"},"primaryImageOfPage":{"@id":"https:\/\/puhdasplus.ee\/lt\/produktai\/kosmetika-lt\/taukmedzio-sviestas-50-ml\/#primaryimage"},"image":{"@id":"https:\/\/puhdasplus.ee\/lt\/produktai\/kosmetika-lt\/taukmedzio-sviestas-50-ml\/#primaryimage"},"thumbnailUrl":"https:\/\/puhdasplus.ee\/wp-content\/uploads\/2025\/03\/60.jpg","datePublished":"2020-07-24T19:55:31+00:00","dateModified":"2026-04-07T17:12:46+00:00","description":"Taukmed\u017eio sviestas 50 ml yra 100 % nat\u016brali ir giliai dr\u0117kinanti priemon\u0117 sausai ir jautriai odai. Taip pat tinka plaukams, l\u016bpoms ir sudirgusiai odai!","breadcrumb":{"@id":"https:\/\/puhdasplus.ee\/lt\/produktai\/kosmetika-lt\/taukmedzio-sviestas-50-ml\/#breadcrumb"},"inLanguage":"lt-LT","potentialAction":[{"@type":"ReadAction","target":["https:\/\/puhdasplus.ee\/lt\/produktai\/kosmetika-lt\/taukmedzio-sviestas-50-ml\/"]}]},{"@type":"ImageObject","inLanguage":"lt-LT","@id":"https:\/\/puhdasplus.ee\/lt\/produktai\/kosmetika-lt\/taukmedzio-sviestas-50-ml\/#primaryimage","url":"https:\/\/puhdasplus.ee\/wp-content\/uploads\/2025\/03\/60.jpg","contentUrl":"https:\/\/puhdasplus.ee\/wp-content\/uploads\/2025\/03\/60.jpg","width":1862,"height":2560,"caption":"Taukmed\u017eio sviestas 50 ml"},{"@type":"BreadcrumbList","@id":"https:\/\/puhdasplus.ee\/lt\/produktai\/kosmetika-lt\/taukmedzio-sviestas-50-ml\/#breadcrumb","itemListElement":[{"@type":"ListItem","position":1,"name":"Prad\u017eia","item":"https:\/\/puhdasplus.ee\/lt\/"},{"@type":"ListItem","position":2,"name":"Produktai","item":"https:\/\/puhdasplus.ee\/lt\/parduotuve\/"},{"@type":"ListItem","position":3,"name":"Taukmed\u017eio sviestas 50 ml"}]},{"@type":"WebSite","@id":"https:\/\/puhdasplus.ee\/lt\/#website","url":"https:\/\/puhdasplus.ee\/lt\/","name":"Puhdas+","description":"Vitaminai, maisto papildai, nat\u016brali kosmetika, sveikata, sportas","publisher":{"@id":"https:\/\/puhdasplus.ee\/lt\/#organization"},"potentialAction":[{"@type":"SearchAction","target":{"@type":"EntryPoint","urlTemplate":"https:\/\/puhdasplus.ee\/lt\/?s={search_term_string}"},"query-input":{"@type":"PropertyValueSpecification","valueRequired":true,"valueName":"search_term_string"}}],"inLanguage":"lt-LT"},{"@type":"Organization","@id":"https:\/\/puhdasplus.ee\/lt\/#organization","name":"Puhdas+","alternateName":"Puhdasplus","url":"https:\/\/puhdasplus.ee\/lt\/","logo":{"@type":"ImageObject","inLanguage":"lt-LT","@id":"https:\/\/puhdasplus.ee\/lt\/#\/schema\/logo\/image\/","url":"https:\/\/puhdasplus.ee\/wp-content\/uploads\/2019\/10\/puhdas_logo-arvele.png","contentUrl":"https:\/\/puhdasplus.ee\/wp-content\/uploads\/2019\/10\/puhdas_logo-arvele.png","width":114,"height":94,"caption":"Puhdas+"},"image":{"@id":"https:\/\/puhdasplus.ee\/lt\/#\/schema\/logo\/image\/"},"sameAs":["https:\/\/www.facebook.com\/puhdasplus","https:\/\/www.instagram.com\/puhdasplus_ee\/"]}]}},"_yoast_wpseo_title":"Taukmed\u017eio sviestas 50 ml | Puhdas+","_yoast_wpseo_metadesc":"Taukmed\u017eio sviestas 50 ml yra 100 % nat\u016brali ir giliai dr\u0117kinanti priemon\u0117 sausai ir jautriai odai. Taip pat tinka plaukams, l\u016bpoms ir sudirgusiai odai!","_yoast_wpseo_focuskw":"","_links":{"self":[{"href":"https:\/\/puhdasplus.ee\/lt\/wp-json\/wp\/v2\/product\/353241","targetHints":{"allow":["GET"]}}],"collection":[{"href":"https:\/\/puhdasplus.ee\/lt\/wp-json\/wp\/v2\/product"}],"about":[{"href":"https:\/\/puhdasplus.ee\/lt\/wp-json\/wp\/v2\/types\/product"}],"replies":[{"embeddable":true,"href":"https:\/\/puhdasplus.ee\/lt\/wp-json\/wp\/v2\/comments?post=353241"}],"wp:featuredmedia":[{"embeddable":true,"href":"https:\/\/puhdasplus.ee\/lt\/wp-json\/wp\/v2\/media\/353256"}],"wp:attachment":[{"href":"https:\/\/puhdasplus.ee\/lt\/wp-json\/wp\/v2\/media?parent=353241"}],"wp:term":[{"taxonomy":"product_brand","embeddable":true,"href":"https:\/\/puhdasplus.ee\/lt\/wp-json\/wp\/v2\/product_brand?post=353241"},{"taxonomy":"product_cat","embeddable":true,"href":"https:\/\/puhdasplus.ee\/lt\/wp-json\/wp\/v2\/product_cat?post=353241"},{"taxonomy":"product_tag","embeddable":true,"href":"https:\/\/puhdasplus.ee\/lt\/wp-json\/wp\/v2\/product_tag?post=353241"}],"curies":[{"name":"wp","href":"https:\/\/api.w.org\/{rel}","templated":true}]}}