{"id":353161,"date":"2020-04-28T14:54:54","date_gmt":"2020-04-28T11:54:54","guid":{"rendered":"https:\/\/puhdasplus.ee\/tooted\/be-kategorijos\/selenas-100-%c2%b5g-60-kapsuliu\/"},"modified":"2026-04-07T19:59:11","modified_gmt":"2026-04-07T16:59:11","slug":"selenas-100-%c2%b5g-60-kapsuliu","status":"publish","type":"product","link":"https:\/\/puhdasplus.ee\/lt\/produktai\/imunine-sistema\/selenas-100-%c2%b5g-60-kapsuliu\/","title":{"rendered":"Selenas 100 \u00b5g 60 kapsuli\u0173"},"content":{"rendered":"<h2>Kas yra \u201ePuhdas+ Selenium\u201c?<\/h2>\n<p>\u201ePuhdas+ Selenium\u201c yra auk\u0161tos kokyb\u0117s maisto papildas, kurio sud\u0117tyje yra sertifikuoto juod\u0173j\u0173 garsty\u010di\u0173 (Brassica nigra) s\u0117kl\u0173 ekstrakto \u2013 nat\u016bralaus seleno \u0161altinio. Selenas yra b\u016btinas mineralas, palaikantis normali\u0105 imunin\u0117s sistemos funkcij\u0105 ir padedantis palaikyti sveikus plaukus bei nagus. Produktas pagamintas Suomijoje ir tinka veganams bei vegetarams.  <\/p>\n<h2>Kod\u0117l tai naudinga?<\/h2>\n<p>Selenas yra vienas svarbiausi\u0173 mikroelement\u0173, reikaling\u0173 normaliam kasdieniam organizmo funkcionavimui. Nors jo reikia labai ma\u017eais kiekiais, selenas atlieka daugiapakop\u012f ir labai svarb\u0173 vaidmen\u012f organizme. \u201ePuhdas+ Selenium\u201c 100 \u00b5g kapsul\u0117se yra nat\u016bralus seleno \u0161altinis \u2013 juod\u0173j\u0173 garsty\u010di\u0173 (Brassica nigra) s\u0117kl\u0173 ekstraktas, kuris yra augalin\u0117s kilm\u0117s ir tinka ir veganams.  <\/p>\n<p>Geriausiai \u017einomi seleno privalumai yra susij\u0119 su normalia imunin\u0117s sistemos funkcija ir sveik\u0173 plauk\u0173 bei nag\u0173 palaikymu. Selenas taip pat padeda apsaugoti l\u0105steles nuo oksidacinio streso ir palaiko normali\u0105 skydliauk\u0117s funkcij\u0105, nes selenas dalyvauja skydliauk\u0117s hormon\u0173 metabolizme. <\/p>\n<p>Organizmas seleno pats nekaupia \u2013 jo reikia gauti su maistu arba, jei reikia, vartojant papildus. Seleno papildai gali b\u016bti ypa\u010d naudingi tiems, kuri\u0173 mityba reguliariai neapima seleno turting\u0173 maisto produkt\u0173 (pvz., Brazilijos rie\u0161ut\u0173, j\u016bros g\u0117rybi\u0173, neskaldyt\u0173 gr\u016bd\u0173). <\/p>\n<p>\u201ePuhdas+ Selenium\u201c kapsul\u0117s yra:<\/p>\n<ul>\n<li>\n<ul>\n<li>\n<p><b>gryna sud\u0117tis<\/b> \u2013 be dirbtini\u0173 pried\u0173, glitimo, laktoz\u0117s ar saldikli\u0173<\/p>\n<\/li>\n<li>\n<p><b>i\u0161 nat\u016bralaus \u0161altinio<\/b><\/p>\n<\/li>\n<li>\n<p><b>lengva vartoti<\/b> \u2013 tik 1 kapsul\u0117 per dien\u0105<\/p>\n<\/li>\n<li>\n<p><b>pagaminta Suomijoje, laikantis auk\u0161t\u0173 kokyb\u0117s standart\u0173<\/b><\/p>\n<\/li>\n<\/ul>\n<p>\u0160is produktas yra puikus pasirinkimas visiems, norintiems palaikyti normali\u0105 imunin\u0117s sistemos, plauk\u0173, nag\u0173 ir skydliauk\u0117s veikl\u0105.<\/p>\n<\/li>\n<\/ul>\n<h2>Kam tai tinka?<\/h2>\n<p>\u201ePuhdas+ Selenium\u201c tinka:<\/p>\n<ul>\n<li>\n<ul>\n<li>\n<p>\u017emon\u0117ms, norintiems palaikyti imunin\u0119 sistem\u0105<\/p>\n<\/li>\n<li>\n<p>tiems, kurie r\u016bpinasi savo plauk\u0173 ir nag\u0173 sveikata<\/p>\n<\/li>\n<li>\n<p>vegetarams ir veganams<\/p>\n<\/li>\n<li>\n<p>ie\u0161kantiems seleno papildo be pried\u0173<\/p>\n<\/li>\n<\/ul>\n<\/li>\n<\/ul>\n<h2>Naudojimas<\/h2>\n<p><strong>Rekomenduojama doz\u0117<\/strong> : 1 kapsul\u0117 per dien\u0105, u\u017egeriant vandeniu.<\/p>\n<p>Nevir\u0161ykite rekomenduojamos paros doz\u0117s. Maisto papildas n\u0117ra \u012fvairios ir subalansuotos mitybos ar sveiko gyvenimo b\u016bdo pakaitalas. Laikyti vaikams nepasiekiamoje vietoje.  \u200b<\/p>\n<h2>Ingredientai<\/h2>\n<ul>\n<li>\n<p>U\u017epildas: mikrokristalin\u0117 celiulioz\u0117<\/p>\n<\/li>\n<li>\n<p>Kapsul\u0117s apvalkalas: hidroksipropilmetilceliulioz\u0117, gelano derva<\/p>\n<\/li>\n<li>\n<p>Juod\u0173j\u0173 garsty\u010di\u0173 s\u0117kl\u0173 ekstraktas (Brassica nigra)<\/p>\n<\/li>\n<\/ul>\n<p><strong>Sud\u0117tyje n\u0117ra<\/strong> : laktoz\u0117s, glitimo, mieli\u0173, cukraus, druskos, krakmolo, kukur\u016bz\u0173, sojos ar saldikli\u0173.<\/p>\n<h2>Maistin\u0117 vert\u0117<\/h2>\n<p><strong>1 kapsul\u0117je yra<\/strong> :<\/p>\n<ul>\n<li>\n<p>Selenas: 100 \u00b5g (182 % rekomenduojamos paros normos)<\/p>\n<\/li>\n<\/ul>\n<p><strong>\u017di\u016br\u0117ti taip pat:<\/strong> <a href=\"https:\/\/puhdasplus.ee\/toote-kategooria\/immuunsusteem\/\">Immuuns\u00fcsteem<\/a> | <a href=\"https:\/\/puhdasplus.ee\/toote-kategooria\/mineraalained\/\">Mineraalained<\/a> | <a href=\"https:\/\/puhdasplus.ee\/toote-kategooria\/magneesium\/\">Magnis<\/a><\/p>\n","protected":false},"excerpt":{"rendered":"<p><strong>\u201ePuhdas+ Selenium 100 \u00b5g\u201c<\/strong> yra nat\u016bralus seleno papildas, kuris prisideda prie normalios imunin\u0117s sistemos funkcijos, palaiko normali\u0105 plauk\u0173 ir nag\u0173 b\u016bkl\u0119 bei padeda apsaugoti l\u0105steles nuo oksidacinio streso. Produkto sud\u0117tyje yra augalinis seleno \u0161altinis \u2013 juod\u0173j\u0173 garsty\u010di\u0173 s\u0117kl\u0173 ekstraktas, kuris taip pat tinka veganams. <\/p>\n<p>Selenas yra b\u016btinas mikroelementas, atliekantis svarb\u0173 vaidmen\u012f normaliai skydliauk\u0117s veiklai ir apsaugantis organizmo l\u0105steles nuo oksidacinio streso. Reguliarus vartojimas padeda u\u017etikrinti, kad organizmas kasdien gaut\u0173 pakankam\u0105 \u0161io mineralo kiek\u012f. <\/p>\n<p>\u201ePuhdas+ Selenium\u201c kapsul\u0117s yra grynos sud\u0117ties, jose n\u0117ra dirbtini\u0173 pried\u0173, glitimo, laktoz\u0117s ar saldikli\u0173. Paprasta vartoti kasdien \u2013 tik 1 kapsul\u0117 per dien\u0105. Pagaminta Suomijoje, laikantis auk\u0161t\u0173 kokyb\u0117s standart\u0173.  <\/p>\n","protected":false},"featured_media":357420,"comment_status":"closed","ping_status":"closed","template":"","meta":{"_acf_changed":false,"googlesitekit_rrm_CAow3eq7DA:productID":""},"product_brand":[],"product_cat":[3048,3120,3282],"product_tag":[4764,3023,3131,8366,8378,8374,2967],"class_list":{"0":"post-353161","1":"product","2":"type-product","3":"status-publish","4":"has-post-thumbnail","6":"product_cat-imunine-sistema","7":"product_cat-mineralai","8":"product_cat-oda-plaukai-nagai","9":"product_tag-antioksidantas-lt","10":"product_tag-imunitetas","11":"product_tag-maisto-papildas","12":"product_tag-mineralai-lt","13":"product_tag-natralus-lt","14":"product_tag-suomijos-kokyb-lt","15":"product_tag-veganas","17":"first","18":"instock","19":"taxable","20":"shipping-taxable","21":"purchasable","22":"product-type-simple"},"acf":[],"yoast_head":"<!-- This site is optimized with the Yoast SEO plugin v27.3 - https:\/\/yoast.com\/product\/yoast-seo-wordpress\/ -->\n<title>Selenas 100 \u00b5g 60 kapsuli\u0173 | Puhdas+<\/title>\n<meta name=\"description\" content=\"Selenas 100 \u00b5g \u2013 nat\u016brali plauk\u0173, nag\u0173 ir imuniteto palaikymo priemon\u0117! Galingas antioksidantas, palaikantis skydliauk\u0117s funkcij\u0105 ir l\u0105steli\u0173 apsaug\u0105. Vegani\u0161kas, be glitimo.\" \/>\n<meta name=\"robots\" content=\"index, follow, max-snippet:-1, max-image-preview:large, max-video-preview:-1\" \/>\n<link rel=\"canonical\" href=\"https:\/\/puhdasplus.ee\/lt\/produktai\/imunine-sistema\/selenas-100-%c2%b5g-60-kapsuliu\/\" \/>\n<meta property=\"og:locale\" content=\"lt_LT\" \/>\n<meta property=\"og:type\" content=\"article\" \/>\n<meta property=\"og:title\" content=\"Selenas 100 \u00b5g 60 kapsuli\u0173 | Puhdas+\" \/>\n<meta property=\"og:description\" content=\"Selenas 100 \u00b5g \u2013 nat\u016brali plauk\u0173, nag\u0173 ir imuniteto palaikymo priemon\u0117! Galingas antioksidantas, palaikantis skydliauk\u0117s funkcij\u0105 ir l\u0105steli\u0173 apsaug\u0105. Vegani\u0161kas, be glitimo.\" \/>\n<meta property=\"og:url\" content=\"https:\/\/puhdasplus.ee\/lt\/produktai\/imunine-sistema\/selenas-100-%c2%b5g-60-kapsuliu\/\" \/>\n<meta property=\"og:site_name\" content=\"Puhdas+\" \/>\n<meta property=\"article:publisher\" content=\"https:\/\/www.facebook.com\/puhdasplus\" \/>\n<meta property=\"article:modified_time\" content=\"2026-04-07T16:59:11+00:00\" \/>\n<meta property=\"og:image\" content=\"https:\/\/puhdasplus.ee\/wp-content\/uploads\/2020\/04\/seleen-PuhdasPlus.jpg\" \/>\n\t<meta property=\"og:image:width\" content=\"1024\" \/>\n\t<meta property=\"og:image:height\" content=\"1408\" \/>\n\t<meta property=\"og:image:type\" content=\"image\/jpeg\" \/>\n<meta name=\"twitter:card\" content=\"summary_large_image\" \/>\n<meta name=\"twitter:label1\" content=\"Est. reading time\" \/>\n\t<meta name=\"twitter:data1\" content=\"2 minut\u0117\" \/>\n<script type=\"application\/ld+json\" class=\"yoast-schema-graph\">{\"@context\":\"https:\\\/\\\/schema.org\",\"@graph\":[{\"@type\":\"WebPage\",\"@id\":\"https:\\\/\\\/puhdasplus.ee\\\/lt\\\/produktai\\\/imunine-sistema\\\/selenas-100-%c2%b5g-60-kapsuliu\\\/\",\"url\":\"https:\\\/\\\/puhdasplus.ee\\\/lt\\\/produktai\\\/imunine-sistema\\\/selenas-100-%c2%b5g-60-kapsuliu\\\/\",\"name\":\"Selenas 100 \u00b5g 60 kapsuli\u0173 | Puhdas+\",\"isPartOf\":{\"@id\":\"https:\\\/\\\/puhdasplus.ee\\\/lt\\\/#website\"},\"primaryImageOfPage\":{\"@id\":\"https:\\\/\\\/puhdasplus.ee\\\/lt\\\/produktai\\\/imunine-sistema\\\/selenas-100-%c2%b5g-60-kapsuliu\\\/#primaryimage\"},\"image\":{\"@id\":\"https:\\\/\\\/puhdasplus.ee\\\/lt\\\/produktai\\\/imunine-sistema\\\/selenas-100-%c2%b5g-60-kapsuliu\\\/#primaryimage\"},\"thumbnailUrl\":\"https:\\\/\\\/puhdasplus.ee\\\/wp-content\\\/uploads\\\/2020\\\/04\\\/seleen-PuhdasPlus.jpg\",\"datePublished\":\"2020-04-28T11:54:54+00:00\",\"dateModified\":\"2026-04-07T16:59:11+00:00\",\"description\":\"Selenas 100 \u00b5g \u2013 nat\u016brali plauk\u0173, nag\u0173 ir imuniteto palaikymo priemon\u0117! Galingas antioksidantas, palaikantis skydliauk\u0117s funkcij\u0105 ir l\u0105steli\u0173 apsaug\u0105. Vegani\u0161kas, be glitimo.\",\"breadcrumb\":{\"@id\":\"https:\\\/\\\/puhdasplus.ee\\\/lt\\\/produktai\\\/imunine-sistema\\\/selenas-100-%c2%b5g-60-kapsuliu\\\/#breadcrumb\"},\"inLanguage\":\"lt-LT\",\"potentialAction\":[{\"@type\":\"ReadAction\",\"target\":[\"https:\\\/\\\/puhdasplus.ee\\\/lt\\\/produktai\\\/imunine-sistema\\\/selenas-100-%c2%b5g-60-kapsuliu\\\/\"]}]},{\"@type\":\"ImageObject\",\"inLanguage\":\"lt-LT\",\"@id\":\"https:\\\/\\\/puhdasplus.ee\\\/lt\\\/produktai\\\/imunine-sistema\\\/selenas-100-%c2%b5g-60-kapsuliu\\\/#primaryimage\",\"url\":\"https:\\\/\\\/puhdasplus.ee\\\/wp-content\\\/uploads\\\/2020\\\/04\\\/seleen-PuhdasPlus.jpg\",\"contentUrl\":\"https:\\\/\\\/puhdasplus.ee\\\/wp-content\\\/uploads\\\/2020\\\/04\\\/seleen-PuhdasPlus.jpg\",\"width\":1024,\"height\":1408,\"caption\":\"selenas PuhdasPlus\"},{\"@type\":\"BreadcrumbList\",\"@id\":\"https:\\\/\\\/puhdasplus.ee\\\/lt\\\/produktai\\\/imunine-sistema\\\/selenas-100-%c2%b5g-60-kapsuliu\\\/#breadcrumb\",\"itemListElement\":[{\"@type\":\"ListItem\",\"position\":1,\"name\":\"Prad\u017eia\",\"item\":\"https:\\\/\\\/puhdasplus.ee\\\/lt\\\/\"},{\"@type\":\"ListItem\",\"position\":2,\"name\":\"Produktai\",\"item\":\"https:\\\/\\\/puhdasplus.ee\\\/lt\\\/parduotuve\\\/\"},{\"@type\":\"ListItem\",\"position\":3,\"name\":\"Selenas 100 \u00b5g 60 kapsuli\u0173\"}]},{\"@type\":\"WebSite\",\"@id\":\"https:\\\/\\\/puhdasplus.ee\\\/lt\\\/#website\",\"url\":\"https:\\\/\\\/puhdasplus.ee\\\/lt\\\/\",\"name\":\"Puhdas+\",\"description\":\"Vitaminai, maisto papildai, nat\u016brali kosmetika, sveikata, sportas\",\"publisher\":{\"@id\":\"https:\\\/\\\/puhdasplus.ee\\\/lt\\\/#organization\"},\"potentialAction\":[{\"@type\":\"SearchAction\",\"target\":{\"@type\":\"EntryPoint\",\"urlTemplate\":\"https:\\\/\\\/puhdasplus.ee\\\/lt\\\/?s={search_term_string}\"},\"query-input\":{\"@type\":\"PropertyValueSpecification\",\"valueRequired\":true,\"valueName\":\"search_term_string\"}}],\"inLanguage\":\"lt-LT\"},{\"@type\":\"Organization\",\"@id\":\"https:\\\/\\\/puhdasplus.ee\\\/lt\\\/#organization\",\"name\":\"Puhdas+\",\"alternateName\":\"Puhdasplus\",\"url\":\"https:\\\/\\\/puhdasplus.ee\\\/lt\\\/\",\"logo\":{\"@type\":\"ImageObject\",\"inLanguage\":\"lt-LT\",\"@id\":\"https:\\\/\\\/puhdasplus.ee\\\/lt\\\/#\\\/schema\\\/logo\\\/image\\\/\",\"url\":\"https:\\\/\\\/puhdasplus.ee\\\/wp-content\\\/uploads\\\/2019\\\/10\\\/puhdas_logo-arvele.png\",\"contentUrl\":\"https:\\\/\\\/puhdasplus.ee\\\/wp-content\\\/uploads\\\/2019\\\/10\\\/puhdas_logo-arvele.png\",\"width\":114,\"height\":94,\"caption\":\"Puhdas+\"},\"image\":{\"@id\":\"https:\\\/\\\/puhdasplus.ee\\\/lt\\\/#\\\/schema\\\/logo\\\/image\\\/\"},\"sameAs\":[\"https:\\\/\\\/www.facebook.com\\\/puhdasplus\",\"https:\\\/\\\/www.instagram.com\\\/puhdasplus_ee\\\/\"]}]}<\/script>\n<!-- \/ Yoast SEO plugin. -->","yoast_head_json":{"title":"Selenas 100 \u00b5g 60 kapsuli\u0173 | Puhdas+","description":"Selenas 100 \u00b5g \u2013 nat\u016brali plauk\u0173, nag\u0173 ir imuniteto palaikymo priemon\u0117! Galingas antioksidantas, palaikantis skydliauk\u0117s funkcij\u0105 ir l\u0105steli\u0173 apsaug\u0105. Vegani\u0161kas, be glitimo.","robots":{"index":"index","follow":"follow","max-snippet":"max-snippet:-1","max-image-preview":"max-image-preview:large","max-video-preview":"max-video-preview:-1"},"canonical":"https:\/\/puhdasplus.ee\/lt\/produktai\/imunine-sistema\/selenas-100-%c2%b5g-60-kapsuliu\/","og_locale":"lt_LT","og_type":"article","og_title":"Selenas 100 \u00b5g 60 kapsuli\u0173 | Puhdas+","og_description":"Selenas 100 \u00b5g \u2013 nat\u016brali plauk\u0173, nag\u0173 ir imuniteto palaikymo priemon\u0117! Galingas antioksidantas, palaikantis skydliauk\u0117s funkcij\u0105 ir l\u0105steli\u0173 apsaug\u0105. Vegani\u0161kas, be glitimo.","og_url":"https:\/\/puhdasplus.ee\/lt\/produktai\/imunine-sistema\/selenas-100-%c2%b5g-60-kapsuliu\/","og_site_name":"Puhdas+","article_publisher":"https:\/\/www.facebook.com\/puhdasplus","article_modified_time":"2026-04-07T16:59:11+00:00","og_image":[{"width":1024,"height":1408,"url":"https:\/\/puhdasplus.ee\/wp-content\/uploads\/2020\/04\/seleen-PuhdasPlus.jpg","type":"image\/jpeg"}],"twitter_card":"summary_large_image","twitter_misc":{"Est. reading time":"2 minut\u0117"},"schema":{"@context":"https:\/\/schema.org","@graph":[{"@type":"WebPage","@id":"https:\/\/puhdasplus.ee\/lt\/produktai\/imunine-sistema\/selenas-100-%c2%b5g-60-kapsuliu\/","url":"https:\/\/puhdasplus.ee\/lt\/produktai\/imunine-sistema\/selenas-100-%c2%b5g-60-kapsuliu\/","name":"Selenas 100 \u00b5g 60 kapsuli\u0173 | Puhdas+","isPartOf":{"@id":"https:\/\/puhdasplus.ee\/lt\/#website"},"primaryImageOfPage":{"@id":"https:\/\/puhdasplus.ee\/lt\/produktai\/imunine-sistema\/selenas-100-%c2%b5g-60-kapsuliu\/#primaryimage"},"image":{"@id":"https:\/\/puhdasplus.ee\/lt\/produktai\/imunine-sistema\/selenas-100-%c2%b5g-60-kapsuliu\/#primaryimage"},"thumbnailUrl":"https:\/\/puhdasplus.ee\/wp-content\/uploads\/2020\/04\/seleen-PuhdasPlus.jpg","datePublished":"2020-04-28T11:54:54+00:00","dateModified":"2026-04-07T16:59:11+00:00","description":"Selenas 100 \u00b5g \u2013 nat\u016brali plauk\u0173, nag\u0173 ir imuniteto palaikymo priemon\u0117! Galingas antioksidantas, palaikantis skydliauk\u0117s funkcij\u0105 ir l\u0105steli\u0173 apsaug\u0105. Vegani\u0161kas, be glitimo.","breadcrumb":{"@id":"https:\/\/puhdasplus.ee\/lt\/produktai\/imunine-sistema\/selenas-100-%c2%b5g-60-kapsuliu\/#breadcrumb"},"inLanguage":"lt-LT","potentialAction":[{"@type":"ReadAction","target":["https:\/\/puhdasplus.ee\/lt\/produktai\/imunine-sistema\/selenas-100-%c2%b5g-60-kapsuliu\/"]}]},{"@type":"ImageObject","inLanguage":"lt-LT","@id":"https:\/\/puhdasplus.ee\/lt\/produktai\/imunine-sistema\/selenas-100-%c2%b5g-60-kapsuliu\/#primaryimage","url":"https:\/\/puhdasplus.ee\/wp-content\/uploads\/2020\/04\/seleen-PuhdasPlus.jpg","contentUrl":"https:\/\/puhdasplus.ee\/wp-content\/uploads\/2020\/04\/seleen-PuhdasPlus.jpg","width":1024,"height":1408,"caption":"selenas PuhdasPlus"},{"@type":"BreadcrumbList","@id":"https:\/\/puhdasplus.ee\/lt\/produktai\/imunine-sistema\/selenas-100-%c2%b5g-60-kapsuliu\/#breadcrumb","itemListElement":[{"@type":"ListItem","position":1,"name":"Prad\u017eia","item":"https:\/\/puhdasplus.ee\/lt\/"},{"@type":"ListItem","position":2,"name":"Produktai","item":"https:\/\/puhdasplus.ee\/lt\/parduotuve\/"},{"@type":"ListItem","position":3,"name":"Selenas 100 \u00b5g 60 kapsuli\u0173"}]},{"@type":"WebSite","@id":"https:\/\/puhdasplus.ee\/lt\/#website","url":"https:\/\/puhdasplus.ee\/lt\/","name":"Puhdas+","description":"Vitaminai, maisto papildai, nat\u016brali kosmetika, sveikata, sportas","publisher":{"@id":"https:\/\/puhdasplus.ee\/lt\/#organization"},"potentialAction":[{"@type":"SearchAction","target":{"@type":"EntryPoint","urlTemplate":"https:\/\/puhdasplus.ee\/lt\/?s={search_term_string}"},"query-input":{"@type":"PropertyValueSpecification","valueRequired":true,"valueName":"search_term_string"}}],"inLanguage":"lt-LT"},{"@type":"Organization","@id":"https:\/\/puhdasplus.ee\/lt\/#organization","name":"Puhdas+","alternateName":"Puhdasplus","url":"https:\/\/puhdasplus.ee\/lt\/","logo":{"@type":"ImageObject","inLanguage":"lt-LT","@id":"https:\/\/puhdasplus.ee\/lt\/#\/schema\/logo\/image\/","url":"https:\/\/puhdasplus.ee\/wp-content\/uploads\/2019\/10\/puhdas_logo-arvele.png","contentUrl":"https:\/\/puhdasplus.ee\/wp-content\/uploads\/2019\/10\/puhdas_logo-arvele.png","width":114,"height":94,"caption":"Puhdas+"},"image":{"@id":"https:\/\/puhdasplus.ee\/lt\/#\/schema\/logo\/image\/"},"sameAs":["https:\/\/www.facebook.com\/puhdasplus","https:\/\/www.instagram.com\/puhdasplus_ee\/"]}]}},"_yoast_wpseo_title":"Selenas 100 \u00b5g 60 kapsuli\u0173 | Puhdas+","_yoast_wpseo_metadesc":"Selenas 100 \u00b5g \u2013 nat\u016brali plauk\u0173, nag\u0173 ir imuniteto palaikymo priemon\u0117! Galingas antioksidantas, palaikantis skydliauk\u0117s funkcij\u0105 ir l\u0105steli\u0173 apsaug\u0105. Vegani\u0161kas, be glitimo.","_yoast_wpseo_focuskw":"","_links":{"self":[{"href":"https:\/\/puhdasplus.ee\/lt\/wp-json\/wp\/v2\/product\/353161","targetHints":{"allow":["GET"]}}],"collection":[{"href":"https:\/\/puhdasplus.ee\/lt\/wp-json\/wp\/v2\/product"}],"about":[{"href":"https:\/\/puhdasplus.ee\/lt\/wp-json\/wp\/v2\/types\/product"}],"replies":[{"embeddable":true,"href":"https:\/\/puhdasplus.ee\/lt\/wp-json\/wp\/v2\/comments?post=353161"}],"wp:featuredmedia":[{"embeddable":true,"href":"https:\/\/puhdasplus.ee\/lt\/wp-json\/wp\/v2\/media\/357420"}],"wp:attachment":[{"href":"https:\/\/puhdasplus.ee\/lt\/wp-json\/wp\/v2\/media?parent=353161"}],"wp:term":[{"taxonomy":"product_brand","embeddable":true,"href":"https:\/\/puhdasplus.ee\/lt\/wp-json\/wp\/v2\/product_brand?post=353161"},{"taxonomy":"product_cat","embeddable":true,"href":"https:\/\/puhdasplus.ee\/lt\/wp-json\/wp\/v2\/product_cat?post=353161"},{"taxonomy":"product_tag","embeddable":true,"href":"https:\/\/puhdasplus.ee\/lt\/wp-json\/wp\/v2\/product_tag?post=353161"}],"curies":[{"name":"wp","href":"https:\/\/api.w.org\/{rel}","templated":true}]}}