{"id":353132,"date":"2020-09-23T10:53:35","date_gmt":"2020-09-23T07:53:35","guid":{"rendered":"https:\/\/puhdasplus.ee\/tooted\/be-kategorijos\/pieno-rugsties-bakteriju-5-milijardai-75-kapsules\/"},"modified":"2026-04-07T20:05:26","modified_gmt":"2026-04-07T17:05:26","slug":"pieno-rugsties-bakteriju-5-milijardai-75-kapsules","status":"publish","type":"product","link":"https:\/\/puhdasplus.ee\/lt\/produktai\/virskinimas-ir-medziagu-apykaita\/pieno-rugsties-bakteriju-5-milijardai-75-kapsules\/","title":{"rendered":"Pieno r\u016bg\u0161ties bakterij\u0173 5 milijardai, 75 kapsul\u0117s"},"content":{"rendered":"<h2>Kas yra \u201ePuhdas+\u201c 5 milijard\u0173 pieno r\u016bg\u0161ties bakterij\u0173?<\/h2>\n<p><strong>\u201ePuhdas+\u201c pieno r\u016bg\u0161ties bakterij\u0173 5 milijardai<\/strong> \u2013 tai auk\u0161tos kokyb\u0117s maisto papildas, pagamintas Suomijoje, kurio sud\u0117tyje yra keturios moksli\u0161kai i\u0161tirtos pieno r\u016bg\u0161ties bakterij\u0173 paderm\u0117s ir cinkas. Kiekvienoje kapsul\u0117je i\u0161 viso yra 5 milijardai gyv\u0173 bakterij\u0173. Produktas yra be laktoz\u0117s, glitimo ir sojos, tinka veganams.  <\/p>\n<h2>Kod\u0117l \u201ePuhdas+\u201c pieno r\u016bg\u0161ties bakterij\u0173 5 milijardai yra naudingi?<\/h2>\n<p>M\u016bs\u0173 \u017earnyno mikrobiom\u0105 sudaro milijardai bakterij\u0173, i\u0161 kuri\u0173 daugelis yra naudingos ir atlieka esmines funkcijas palaikydamos vir\u0161kinim\u0105, imunitet\u0105 ir bendr\u0105 savijaut\u0105. Pieno r\u016bg\u0161ties bakterijos yra \u0161ios nat\u016bralios mikrofloros dalis ir gali b\u016bti naudojamos kaip maisto papildas tais atvejais, kai mikrobiomo pusiausvyra gali b\u016bti sutrikdyta, pavyzd\u017eiui, d\u0117l antibiotik\u0173 kurso, streso, ligos ar mitybos poky\u010di\u0173. <\/p>\n<p><strong>\u201ePuhdas+ Lactic Acid Bacteria 5 Billion\u201c<\/strong> yra specialiai sukurtas palaikyti mikrobiomo \u012fvairov\u0119 ir pusiausvyr\u0105. \u0160iame produkte yra keturios moksli\u0161kai i\u0161tirtos bakterij\u0173 paderm\u0117s: <\/p>\n<ul>\n<li>\n<p><em>Lactobacillus rhamnosus<\/em><\/p>\n<\/li>\n<li>\n<p><em>Bifidobacterium lactis<\/em><\/p>\n<\/li>\n<li>\n<p><em>Lactobacillus reuteri<\/em><\/p>\n<\/li>\n<li>\n<p><em>Lactobacillus casei<\/em><\/p>\n<\/li>\n<\/ul>\n<p>Kiekvienoje kapsul\u0117je yra i\u0161 viso 5 milijardai gyv\u0173 bakterij\u0173 \u2013 tai tinkamas kiekis kasdieniam vartojimui net ir jautriam vir\u0161kinimui. Skirtingos paderm\u0117s veikia skirtingose \u200b\u200b\u017earnyno vietose ir yra atrinktos d\u0117l universalumo ir veiksmingumo. Bakterijos n\u0117ra pridedamos atsitiktinai \u2013 kiekviena paderm\u0117 turi specifini\u0173 savybi\u0173, kurios buvo i\u0161tirtos ir atrinktos \u012ftraukti \u012f produktus.  <\/p>\n<h3>Cinkas \u2013 imunin\u0117s sistemos palaikymas<\/h3>\n<p>Be pieno r\u016bg\u0161ties bakterij\u0173, produkte yra <strong>10 mg cinko<\/strong> , kuris atitinka 100 % rekomenduojamos paros normos. Cinkas padeda palaikyti normali\u0105 imunin\u0117s sistemos funkcij\u0105 ir yra susij\u0119s su l\u0105steli\u0173 apsauga nuo oksidacinio streso. Cinko ir mikrobiomo s\u0105veika yra vis labiau tiriama, nes nustatyta, kad pakankamas cinko kiekis taip pat gali palaikyti \u017earnyno gynybos mechanizmus.<\/p>\n<h2>Tinka kasdieniam naudojimui<\/h2>\n<p><strong>\u201ePuhdas+\u201c pieno r\u016bg\u0161ties bakterij\u0173 5 milijardai<\/strong> tinka \u017emon\u0117ms, kurie nori:<\/p>\n<ul>\n<li>\n<p>Pasir\u016bpinkite savo vir\u0161kinimu ir mikrobiomo pusiausvyra<\/p>\n<\/li>\n<li>\n<p>Stiprinkite imunin\u0119 sistem\u0105 nat\u016braliai<\/p>\n<\/li>\n<li>\n<p>Ie\u0161kote lengvai toleruojamo produkto, kuriame neb\u016bt\u0173 alergen\u0173 ar dirbtini\u0173 pried\u0173?<\/p>\n<\/li>\n<li>\n<p>Reikia pagalbos po antibiotik\u0173 kurso ar vir\u0161kinimo problem\u0173<\/p>\n<\/li>\n<\/ul>\n<p>D\u0117l grynos sud\u0117ties (be laktoz\u0117s, glitimo, sojos, mieli\u0173 ar dirbtini\u0173 med\u017eiag\u0173) jis taip pat tinka jautri\u0105 vir\u0161kinim\u0105 turintiems \u017emon\u0117ms ir veganams.<\/p>\n<h2>Ingredientai<\/h2>\n<ul>\n<li>\n<p>Pieno r\u016bg\u0161ties bakterij\u0173 mi\u0161inys ( <em>Lactobacillus rhamnosus<\/em> , <em>Bifidobacterium lactis<\/em> , <em>Lactobacillus reuteri<\/em> , <em>Lactobacillus casei<\/em> )<\/p>\n<\/li>\n<li>\n<p>U\u017epildas: mikrokristalin\u0117 celiulioz\u0117<\/p>\n<\/li>\n<li>\n<p>Kapsul\u0117s apvalkalas: hidroksipropilmetilceliulioz\u0117, gelano derva<\/p>\n<\/li>\n<li>\n<p>Cinko citratas<\/p>\n<\/li>\n<\/ul>\n<p>Produkte n\u0117ra laktoz\u0117s, glitimo, mieli\u0173, cukraus, druskos, sojos ar saldikli\u0173. Tinka veganams. <\/p>\n<h2>Maistin\u0117 vert\u0117 (1 kapsul\u0117je)<\/h2>\n<ul>\n<li>\n<p><em>Lactobacillus rhamnosus<\/em> : 2,5 milijardo KFV<\/p>\n<\/li>\n<li>\n<p><em>Bifidobacterium lactis<\/em> : 1 milijardas KFV<\/p>\n<\/li>\n<li>\n<p><em>Lactobacillus reuteri<\/em> : 0,5 milijardo KFV<\/p>\n<\/li>\n<li>\n<p><em>Lactobacillus casei<\/em> : 1 milijardas KFV<\/p>\n<\/li>\n<li>\n<p>Cinkas: 10 mg (100 % rekomenduojamos paros normos)<\/p>\n<\/li>\n<\/ul>\n<h2>Naudojimas<\/h2>\n<p>Rekomenduojama doz\u0117: 1 kapsul\u0117 per dien\u0105. Rekomenduojamos paros doz\u0117s vir\u0161yti negalima. <\/p>\n<p>Maisto papildas nepakei\u010dia \u012fvairios ir subalansuotos mitybos ar sveiko gyvenimo b\u016bdo. Laikyti vaikams nepasiekiamoje vietoje.<\/p>\n<p><strong>\u017di\u016br\u0117ti taip pat:<\/strong> <a href=\"https:\/\/puhdasplus.ee\/toote-kategooria\/seedimine-ja-ainevahetus\/\">Vir\u0161kinimas ir med\u017eiag\u0173 apykaita<\/a> | <a href=\"https:\/\/puhdasplus.ee\/toote-kategooria\/superfood\/\">Superfood<\/a><\/p>\n","protected":false},"excerpt":{"rendered":"<p><strong>\u201ePuhdas+\u201c pieno r\u016bg\u0161ties bakterij\u0173 5 milijardai<\/strong> \u2013 tai maisto papildas, skirtas kasdieniam vartojimui, padedantis palaikyti vir\u0161kinimo mikrobiomo pusiausvyr\u0105 ir normali\u0105 imunin\u0117s sistemos veikl\u0105. Produkte yra keturios moksli\u0161kai i\u0161tirtos pieno r\u016bg\u0161ties bakterij\u0173 paderm\u0117s, kurios yra nat\u016bralios \u017emogaus \u017earnyno floros dalis. Kiekvienoje kapsul\u0117je i\u0161 viso yra 5 milijardai gyv\u0173 bakterij\u0173, o tai yra tinkamas kiekis jautresniam vir\u0161kinimui arba jo palaikymui.  <\/p>\n<p>Be to, produkte yra 10 mg cinko, kuris padeda palaikyti normali\u0105 imunin\u0117s sistemos funkcij\u0105 ir apsaugoti l\u0105steles nuo oksidacinio streso. \u0160is derinys daro produkt\u0105 universalia priemone tiek vir\u0161kinimui, tiek bendrai gerovei palaikyti. <\/p>\n<p>\u201ePuhdas+\u201c pieno r\u016bg\u0161ties bakterij\u0173 5 milijardai yra pagaminti be dirbtini\u0173 pried\u0173 ir sud\u0117tyje n\u0117ra laktoz\u0117s, glitimo, mieli\u0173, sojos ar saldikli\u0173. Tinka veganams ir yra idealus pasirinkimas tiems, kurie ie\u0161ko \u0161varaus ir veiksmingo sprendimo kasdienei vir\u0161kinimo ir imunin\u0117s sistemos palaikymui. <\/p>\n","protected":false},"featured_media":353138,"comment_status":"closed","ping_status":"closed","template":"","meta":{"_acf_changed":false,"googlesitekit_rrm_CAow3eq7DA:productID":""},"product_brand":[],"product_cat":[3318],"product_tag":[8350,4048,3023,3131,8366,8323,4883,8415,8374,2967,3858],"class_list":{"0":"post-353132","1":"product","2":"type-product","3":"status-publish","4":"has-post-thumbnail","6":"product_cat-virskinimas-ir-medziagu-apykaita","7":"product_tag-be-laktozs-lt","8":"product_tag-cinkas","9":"product_tag-imunitetas","10":"product_tag-maisto-papildas","11":"product_tag-mineralai-lt","12":"product_tag-pieno-rgties-bakterijos-lt","13":"product_tag-probiotikai","14":"product_tag-probiotikai-alt","15":"product_tag-suomijos-kokyb-lt","16":"product_tag-veganas","17":"product_tag-virskinimas","19":"first","20":"instock","21":"taxable","22":"shipping-taxable","23":"purchasable","24":"product-type-simple"},"acf":[],"yoast_head":"<!-- This site is optimized with the Yoast SEO plugin v27.3 - https:\/\/yoast.com\/product\/yoast-seo-wordpress\/ -->\n<title>Pieno r\u016bg\u0161ties bakterij\u0173 5 milijardai, 75 kapsul\u0117s | Puhdas+<\/title>\n<meta name=\"description\" content=\"Veiksmingas maisto papildas su pieno r\u016bg\u0161ties bakterijomis ir cinku vir\u0161kinimui ir imunitetui palaikyti. 5 milijardai bakterij\u0173 vienoje kapsul\u0117je. Be glitimo, vegani\u0161kas.\" \/>\n<meta name=\"robots\" content=\"index, follow, max-snippet:-1, max-image-preview:large, max-video-preview:-1\" \/>\n<link rel=\"canonical\" href=\"https:\/\/puhdasplus.ee\/lt\/produktai\/virskinimas-ir-medziagu-apykaita\/pieno-rugsties-bakteriju-5-milijardai-75-kapsules\/\" \/>\n<meta property=\"og:locale\" content=\"lt_LT\" \/>\n<meta property=\"og:type\" content=\"article\" \/>\n<meta property=\"og:title\" content=\"Pieno r\u016bg\u0161ties bakterij\u0173 5 milijardai, 75 kapsul\u0117s | Puhdas+\" \/>\n<meta property=\"og:description\" content=\"Veiksmingas maisto papildas su pieno r\u016bg\u0161ties bakterijomis ir cinku vir\u0161kinimui ir imunitetui palaikyti. 5 milijardai bakterij\u0173 vienoje kapsul\u0117je. Be glitimo, vegani\u0161kas.\" \/>\n<meta property=\"og:url\" content=\"https:\/\/puhdasplus.ee\/lt\/produktai\/virskinimas-ir-medziagu-apykaita\/pieno-rugsties-bakteriju-5-milijardai-75-kapsules\/\" \/>\n<meta property=\"og:site_name\" content=\"Puhdas+\" \/>\n<meta property=\"article:publisher\" content=\"https:\/\/www.facebook.com\/puhdasplus\" \/>\n<meta property=\"article:modified_time\" content=\"2026-04-07T17:05:26+00:00\" \/>\n<meta property=\"og:image\" content=\"https:\/\/puhdasplus.ee\/wp-content\/uploads\/2025\/03\/26.jpg\" \/>\n\t<meta property=\"og:image:width\" content=\"1862\" \/>\n\t<meta property=\"og:image:height\" content=\"2560\" \/>\n\t<meta property=\"og:image:type\" content=\"image\/jpeg\" \/>\n<meta name=\"twitter:card\" content=\"summary_large_image\" \/>\n<meta name=\"twitter:label1\" content=\"Est. reading time\" \/>\n\t<meta name=\"twitter:data1\" content=\"2 minut\u0117\" \/>\n<script type=\"application\/ld+json\" class=\"yoast-schema-graph\">{\"@context\":\"https:\\\/\\\/schema.org\",\"@graph\":[{\"@type\":\"WebPage\",\"@id\":\"https:\\\/\\\/puhdasplus.ee\\\/lt\\\/produktai\\\/virskinimas-ir-medziagu-apykaita\\\/pieno-rugsties-bakteriju-5-milijardai-75-kapsules\\\/\",\"url\":\"https:\\\/\\\/puhdasplus.ee\\\/lt\\\/produktai\\\/virskinimas-ir-medziagu-apykaita\\\/pieno-rugsties-bakteriju-5-milijardai-75-kapsules\\\/\",\"name\":\"Pieno r\u016bg\u0161ties bakterij\u0173 5 milijardai, 75 kapsul\u0117s | Puhdas+\",\"isPartOf\":{\"@id\":\"https:\\\/\\\/puhdasplus.ee\\\/lt\\\/#website\"},\"primaryImageOfPage\":{\"@id\":\"https:\\\/\\\/puhdasplus.ee\\\/lt\\\/produktai\\\/virskinimas-ir-medziagu-apykaita\\\/pieno-rugsties-bakteriju-5-milijardai-75-kapsules\\\/#primaryimage\"},\"image\":{\"@id\":\"https:\\\/\\\/puhdasplus.ee\\\/lt\\\/produktai\\\/virskinimas-ir-medziagu-apykaita\\\/pieno-rugsties-bakteriju-5-milijardai-75-kapsules\\\/#primaryimage\"},\"thumbnailUrl\":\"https:\\\/\\\/puhdasplus.ee\\\/wp-content\\\/uploads\\\/2025\\\/03\\\/26.jpg\",\"datePublished\":\"2020-09-23T07:53:35+00:00\",\"dateModified\":\"2026-04-07T17:05:26+00:00\",\"description\":\"Veiksmingas maisto papildas su pieno r\u016bg\u0161ties bakterijomis ir cinku vir\u0161kinimui ir imunitetui palaikyti. 5 milijardai bakterij\u0173 vienoje kapsul\u0117je. Be glitimo, vegani\u0161kas.\",\"breadcrumb\":{\"@id\":\"https:\\\/\\\/puhdasplus.ee\\\/lt\\\/produktai\\\/virskinimas-ir-medziagu-apykaita\\\/pieno-rugsties-bakteriju-5-milijardai-75-kapsules\\\/#breadcrumb\"},\"inLanguage\":\"lt-LT\",\"potentialAction\":[{\"@type\":\"ReadAction\",\"target\":[\"https:\\\/\\\/puhdasplus.ee\\\/lt\\\/produktai\\\/virskinimas-ir-medziagu-apykaita\\\/pieno-rugsties-bakteriju-5-milijardai-75-kapsules\\\/\"]}]},{\"@type\":\"ImageObject\",\"inLanguage\":\"lt-LT\",\"@id\":\"https:\\\/\\\/puhdasplus.ee\\\/lt\\\/produktai\\\/virskinimas-ir-medziagu-apykaita\\\/pieno-rugsties-bakteriju-5-milijardai-75-kapsules\\\/#primaryimage\",\"url\":\"https:\\\/\\\/puhdasplus.ee\\\/wp-content\\\/uploads\\\/2025\\\/03\\\/26.jpg\",\"contentUrl\":\"https:\\\/\\\/puhdasplus.ee\\\/wp-content\\\/uploads\\\/2025\\\/03\\\/26.jpg\",\"width\":1862,\"height\":2560,\"caption\":\"Pieno r\u016bg\u0161ties bakterij\u0173 10 milijard\u0173, 75 kapsul\u0117s\"},{\"@type\":\"BreadcrumbList\",\"@id\":\"https:\\\/\\\/puhdasplus.ee\\\/lt\\\/produktai\\\/virskinimas-ir-medziagu-apykaita\\\/pieno-rugsties-bakteriju-5-milijardai-75-kapsules\\\/#breadcrumb\",\"itemListElement\":[{\"@type\":\"ListItem\",\"position\":1,\"name\":\"Prad\u017eia\",\"item\":\"https:\\\/\\\/puhdasplus.ee\\\/lt\\\/\"},{\"@type\":\"ListItem\",\"position\":2,\"name\":\"Produktai\",\"item\":\"https:\\\/\\\/puhdasplus.ee\\\/lt\\\/parduotuve\\\/\"},{\"@type\":\"ListItem\",\"position\":3,\"name\":\"Pieno r\u016bg\u0161ties bakterij\u0173 5 milijardai, 75 kapsul\u0117s\"}]},{\"@type\":\"WebSite\",\"@id\":\"https:\\\/\\\/puhdasplus.ee\\\/lt\\\/#website\",\"url\":\"https:\\\/\\\/puhdasplus.ee\\\/lt\\\/\",\"name\":\"Puhdas+\",\"description\":\"Vitaminai, maisto papildai, nat\u016brali kosmetika, sveikata, sportas\",\"publisher\":{\"@id\":\"https:\\\/\\\/puhdasplus.ee\\\/lt\\\/#organization\"},\"potentialAction\":[{\"@type\":\"SearchAction\",\"target\":{\"@type\":\"EntryPoint\",\"urlTemplate\":\"https:\\\/\\\/puhdasplus.ee\\\/lt\\\/?s={search_term_string}\"},\"query-input\":{\"@type\":\"PropertyValueSpecification\",\"valueRequired\":true,\"valueName\":\"search_term_string\"}}],\"inLanguage\":\"lt-LT\"},{\"@type\":\"Organization\",\"@id\":\"https:\\\/\\\/puhdasplus.ee\\\/lt\\\/#organization\",\"name\":\"Puhdas+\",\"alternateName\":\"Puhdasplus\",\"url\":\"https:\\\/\\\/puhdasplus.ee\\\/lt\\\/\",\"logo\":{\"@type\":\"ImageObject\",\"inLanguage\":\"lt-LT\",\"@id\":\"https:\\\/\\\/puhdasplus.ee\\\/lt\\\/#\\\/schema\\\/logo\\\/image\\\/\",\"url\":\"https:\\\/\\\/puhdasplus.ee\\\/wp-content\\\/uploads\\\/2019\\\/10\\\/puhdas_logo-arvele.png\",\"contentUrl\":\"https:\\\/\\\/puhdasplus.ee\\\/wp-content\\\/uploads\\\/2019\\\/10\\\/puhdas_logo-arvele.png\",\"width\":114,\"height\":94,\"caption\":\"Puhdas+\"},\"image\":{\"@id\":\"https:\\\/\\\/puhdasplus.ee\\\/lt\\\/#\\\/schema\\\/logo\\\/image\\\/\"},\"sameAs\":[\"https:\\\/\\\/www.facebook.com\\\/puhdasplus\",\"https:\\\/\\\/www.instagram.com\\\/puhdasplus_ee\\\/\"]}]}<\/script>\n<!-- \/ Yoast SEO plugin. -->","yoast_head_json":{"title":"Pieno r\u016bg\u0161ties bakterij\u0173 5 milijardai, 75 kapsul\u0117s | Puhdas+","description":"Veiksmingas maisto papildas su pieno r\u016bg\u0161ties bakterijomis ir cinku vir\u0161kinimui ir imunitetui palaikyti. 5 milijardai bakterij\u0173 vienoje kapsul\u0117je. Be glitimo, vegani\u0161kas.","robots":{"index":"index","follow":"follow","max-snippet":"max-snippet:-1","max-image-preview":"max-image-preview:large","max-video-preview":"max-video-preview:-1"},"canonical":"https:\/\/puhdasplus.ee\/lt\/produktai\/virskinimas-ir-medziagu-apykaita\/pieno-rugsties-bakteriju-5-milijardai-75-kapsules\/","og_locale":"lt_LT","og_type":"article","og_title":"Pieno r\u016bg\u0161ties bakterij\u0173 5 milijardai, 75 kapsul\u0117s | Puhdas+","og_description":"Veiksmingas maisto papildas su pieno r\u016bg\u0161ties bakterijomis ir cinku vir\u0161kinimui ir imunitetui palaikyti. 5 milijardai bakterij\u0173 vienoje kapsul\u0117je. Be glitimo, vegani\u0161kas.","og_url":"https:\/\/puhdasplus.ee\/lt\/produktai\/virskinimas-ir-medziagu-apykaita\/pieno-rugsties-bakteriju-5-milijardai-75-kapsules\/","og_site_name":"Puhdas+","article_publisher":"https:\/\/www.facebook.com\/puhdasplus","article_modified_time":"2026-04-07T17:05:26+00:00","og_image":[{"width":1862,"height":2560,"url":"https:\/\/puhdasplus.ee\/wp-content\/uploads\/2025\/03\/26.jpg","type":"image\/jpeg"}],"twitter_card":"summary_large_image","twitter_misc":{"Est. reading time":"2 minut\u0117"},"schema":{"@context":"https:\/\/schema.org","@graph":[{"@type":"WebPage","@id":"https:\/\/puhdasplus.ee\/lt\/produktai\/virskinimas-ir-medziagu-apykaita\/pieno-rugsties-bakteriju-5-milijardai-75-kapsules\/","url":"https:\/\/puhdasplus.ee\/lt\/produktai\/virskinimas-ir-medziagu-apykaita\/pieno-rugsties-bakteriju-5-milijardai-75-kapsules\/","name":"Pieno r\u016bg\u0161ties bakterij\u0173 5 milijardai, 75 kapsul\u0117s | Puhdas+","isPartOf":{"@id":"https:\/\/puhdasplus.ee\/lt\/#website"},"primaryImageOfPage":{"@id":"https:\/\/puhdasplus.ee\/lt\/produktai\/virskinimas-ir-medziagu-apykaita\/pieno-rugsties-bakteriju-5-milijardai-75-kapsules\/#primaryimage"},"image":{"@id":"https:\/\/puhdasplus.ee\/lt\/produktai\/virskinimas-ir-medziagu-apykaita\/pieno-rugsties-bakteriju-5-milijardai-75-kapsules\/#primaryimage"},"thumbnailUrl":"https:\/\/puhdasplus.ee\/wp-content\/uploads\/2025\/03\/26.jpg","datePublished":"2020-09-23T07:53:35+00:00","dateModified":"2026-04-07T17:05:26+00:00","description":"Veiksmingas maisto papildas su pieno r\u016bg\u0161ties bakterijomis ir cinku vir\u0161kinimui ir imunitetui palaikyti. 5 milijardai bakterij\u0173 vienoje kapsul\u0117je. Be glitimo, vegani\u0161kas.","breadcrumb":{"@id":"https:\/\/puhdasplus.ee\/lt\/produktai\/virskinimas-ir-medziagu-apykaita\/pieno-rugsties-bakteriju-5-milijardai-75-kapsules\/#breadcrumb"},"inLanguage":"lt-LT","potentialAction":[{"@type":"ReadAction","target":["https:\/\/puhdasplus.ee\/lt\/produktai\/virskinimas-ir-medziagu-apykaita\/pieno-rugsties-bakteriju-5-milijardai-75-kapsules\/"]}]},{"@type":"ImageObject","inLanguage":"lt-LT","@id":"https:\/\/puhdasplus.ee\/lt\/produktai\/virskinimas-ir-medziagu-apykaita\/pieno-rugsties-bakteriju-5-milijardai-75-kapsules\/#primaryimage","url":"https:\/\/puhdasplus.ee\/wp-content\/uploads\/2025\/03\/26.jpg","contentUrl":"https:\/\/puhdasplus.ee\/wp-content\/uploads\/2025\/03\/26.jpg","width":1862,"height":2560,"caption":"Pieno r\u016bg\u0161ties bakterij\u0173 10 milijard\u0173, 75 kapsul\u0117s"},{"@type":"BreadcrumbList","@id":"https:\/\/puhdasplus.ee\/lt\/produktai\/virskinimas-ir-medziagu-apykaita\/pieno-rugsties-bakteriju-5-milijardai-75-kapsules\/#breadcrumb","itemListElement":[{"@type":"ListItem","position":1,"name":"Prad\u017eia","item":"https:\/\/puhdasplus.ee\/lt\/"},{"@type":"ListItem","position":2,"name":"Produktai","item":"https:\/\/puhdasplus.ee\/lt\/parduotuve\/"},{"@type":"ListItem","position":3,"name":"Pieno r\u016bg\u0161ties bakterij\u0173 5 milijardai, 75 kapsul\u0117s"}]},{"@type":"WebSite","@id":"https:\/\/puhdasplus.ee\/lt\/#website","url":"https:\/\/puhdasplus.ee\/lt\/","name":"Puhdas+","description":"Vitaminai, maisto papildai, nat\u016brali kosmetika, sveikata, sportas","publisher":{"@id":"https:\/\/puhdasplus.ee\/lt\/#organization"},"potentialAction":[{"@type":"SearchAction","target":{"@type":"EntryPoint","urlTemplate":"https:\/\/puhdasplus.ee\/lt\/?s={search_term_string}"},"query-input":{"@type":"PropertyValueSpecification","valueRequired":true,"valueName":"search_term_string"}}],"inLanguage":"lt-LT"},{"@type":"Organization","@id":"https:\/\/puhdasplus.ee\/lt\/#organization","name":"Puhdas+","alternateName":"Puhdasplus","url":"https:\/\/puhdasplus.ee\/lt\/","logo":{"@type":"ImageObject","inLanguage":"lt-LT","@id":"https:\/\/puhdasplus.ee\/lt\/#\/schema\/logo\/image\/","url":"https:\/\/puhdasplus.ee\/wp-content\/uploads\/2019\/10\/puhdas_logo-arvele.png","contentUrl":"https:\/\/puhdasplus.ee\/wp-content\/uploads\/2019\/10\/puhdas_logo-arvele.png","width":114,"height":94,"caption":"Puhdas+"},"image":{"@id":"https:\/\/puhdasplus.ee\/lt\/#\/schema\/logo\/image\/"},"sameAs":["https:\/\/www.facebook.com\/puhdasplus","https:\/\/www.instagram.com\/puhdasplus_ee\/"]}]}},"_yoast_wpseo_title":"Pieno r\u016bg\u0161ties bakterij\u0173 5 milijardai, 75 kapsul\u0117s | Puhdas+","_yoast_wpseo_metadesc":"Veiksmingas maisto papildas su pieno r\u016bg\u0161ties bakterijomis ir cinku vir\u0161kinimui ir imunitetui palaikyti. 5 milijardai bakterij\u0173 vienoje kapsul\u0117je. Be glitimo, vegani\u0161kas.","_yoast_wpseo_focuskw":"","_links":{"self":[{"href":"https:\/\/puhdasplus.ee\/lt\/wp-json\/wp\/v2\/product\/353132","targetHints":{"allow":["GET"]}}],"collection":[{"href":"https:\/\/puhdasplus.ee\/lt\/wp-json\/wp\/v2\/product"}],"about":[{"href":"https:\/\/puhdasplus.ee\/lt\/wp-json\/wp\/v2\/types\/product"}],"replies":[{"embeddable":true,"href":"https:\/\/puhdasplus.ee\/lt\/wp-json\/wp\/v2\/comments?post=353132"}],"wp:featuredmedia":[{"embeddable":true,"href":"https:\/\/puhdasplus.ee\/lt\/wp-json\/wp\/v2\/media\/353138"}],"wp:attachment":[{"href":"https:\/\/puhdasplus.ee\/lt\/wp-json\/wp\/v2\/media?parent=353132"}],"wp:term":[{"taxonomy":"product_brand","embeddable":true,"href":"https:\/\/puhdasplus.ee\/lt\/wp-json\/wp\/v2\/product_brand?post=353132"},{"taxonomy":"product_cat","embeddable":true,"href":"https:\/\/puhdasplus.ee\/lt\/wp-json\/wp\/v2\/product_cat?post=353132"},{"taxonomy":"product_tag","embeddable":true,"href":"https:\/\/puhdasplus.ee\/lt\/wp-json\/wp\/v2\/product_tag?post=353132"}],"curies":[{"name":"wp","href":"https:\/\/api.w.org\/{rel}","templated":true}]}}