{"id":353111,"date":"2020-11-05T06:49:02","date_gmt":"2020-11-05T04:49:02","guid":{"rendered":"https:\/\/puhdasplus.ee\/tooted\/be-kategorijos\/kalis-300-mg-60-kapsuliu\/"},"modified":"2026-04-07T20:03:59","modified_gmt":"2026-04-07T17:03:59","slug":"kalis-300-mg-60-kapsuliu","status":"publish","type":"product","link":"https:\/\/puhdasplus.ee\/lt\/produktai\/mineralai\/kalis-300-mg-60-kapsuliu\/","title":{"rendered":"Kalis 300 mg 60 kapsuli\u0173"},"content":{"rendered":"<h2><strong>Palaiko kraujosp\u016bd\u012f, nerv\u0173 sistemos ir raumen\u0173 funkcij\u0105<\/strong><\/h2>\n<p><strong>Kalis 300 mg<\/strong> yra auk\u0161tos kokyb\u0117s maisto papildas, padedantis palaikyti <strong>normal\u0173 kraujosp\u016bd\u012f<\/strong> , stiprina <strong>\u0161irdies sveikat\u0105<\/strong> , <strong>nerv\u0173 sistemos ir raumen\u0173 funkcij\u0105<\/strong> . Kalis yra vienas svarbiausi\u0173 mineral\u0173 organizme, padedantis palaikyti <strong>skys\u010di\u0173 ir elektrolit\u0173 pusiausvyr\u0105<\/strong> bei dalyvaujantis <strong>nervini\u0173 impuls\u0173 perdavime ir raumen\u0173 susitraukimuose<\/strong> . <\/p>\n<h2><b>Kod\u0117l kalis yra naudingas kaip kasdienis papildas?<\/b><\/h2>\n<ul>\n<li><strong>Padeda palaikyti normal\u0173 kraujosp\u016bd\u012f ir \u0161irdies ritm\u0105<\/strong><\/li>\n<li><strong>Palaiko normali\u0105 nerv\u0173 sistemos ir raumen\u0173 veikl\u0105<\/strong><\/li>\n<li><strong>Padeda palaikyti elektrolit\u0173 pusiausvyr\u0105 organizme<\/strong><\/li>\n<li><strong>Vegani\u0161kas, be glitimo ir laktoz\u0117s \u2013 i\u0161 gryn\u0173 ingredient\u0173<\/strong><\/li>\n<li><strong>Pagaminta Suomijoje, laikantis auk\u0161\u010diausi\u0173 kokyb\u0117s standart\u0173<\/strong><\/li>\n<\/ul>\n<p><strong>Naudojimas:<\/strong><br \/> Suaugusiesiems gerti po 2 kapsules per dien\u0105, u\u017egeriant stikline vandens. <strong>Nevir\u0161yti rekomenduojamos paros doz\u0117s.<\/strong><\/p>\n<p><strong>Sudedamosios dalys:<\/strong><br \/> Kalio citratas, augalin\u0117 kapsul\u0117 (stabilizatorius: hidroksipropilmetilceliulioz\u0117), u\u017epildas (mikrokristalin\u0117 celiulioz\u0117).<\/p>\n<p><strong>Sud\u0117tyje n\u0117ra:<\/strong> laktoz\u0117s, mieli\u0173, glitimo, cukraus, druskos, kukur\u016bz\u0173, sojos ar saldikli\u0173. Tinka veganams ir vegetarams. <\/p>\n<p><strong>Maistin\u0117 informacija (2 kapsul\u0117s):<\/strong> Kalis: 300 mg (15 % rekomenduojamos paros normos)<\/p>\n<p><strong>\u017di\u016br\u0117ti taip pat:<\/strong> <a href=\"https:\/\/puhdasplus.ee\/toote-kategooria\/liigesed-lihased-ja-luud\/\">S\u0105nariai, raumenys ir kaulai<\/a> | <a href=\"https:\/\/puhdasplus.ee\/toote-kategooria\/mineraalained\/\">Mineraalained<\/a> | <a href=\"https:\/\/puhdasplus.ee\/toote-kategooria\/superfood\/\">Superfood<\/a><\/p>\n","protected":false},"excerpt":{"rendered":"<p>Kalis prisideda <b>prie normalios raumen\u0173 funkcijos<\/b> , per kuri\u0105 jis taip pat palaiko <b>raumen\u0173 atsipalaidavim\u0105 ir susitraukim\u0105<\/b> . Pakankamas kalio kiekis yra svarbus <b>raumen\u0173 funkcijai palaikyti ir nervini\u0173 impuls\u0173 perdavimui.<\/b> Subalansuotas kalio kiekis organizme padeda palaikyti <b>normali\u0105 raumen\u0173 ir nerv\u0173 sistemos funkcij\u0105<\/b> .<\/p>\n","protected":false},"featured_media":357380,"comment_status":"closed","ping_status":"closed","template":"","meta":{"_acf_changed":false,"googlesitekit_rrm_CAow3eq7DA:productID":""},"product_brand":[],"product_cat":[3120,3461,3318],"product_tag":[8350,3131,8366,3144,3706,8374,2967],"class_list":{"0":"post-353111","1":"product","2":"type-product","3":"status-publish","4":"has-post-thumbnail","6":"product_cat-mineralai","7":"product_cat-sanariai-raumenys-ir-kaulai","8":"product_cat-virskinimas-ir-medziagu-apykaita","9":"product_tag-be-laktozs-lt","10":"product_tag-maisto-papildas","11":"product_tag-mineralai-lt","12":"product_tag-raumenys-ir-sanariai","13":"product_tag-sirdies-sveikata","14":"product_tag-suomijos-kokyb-lt","15":"product_tag-veganas","17":"first","18":"instock","19":"taxable","20":"shipping-taxable","21":"purchasable","22":"product-type-simple"},"acf":[],"yoast_head":"<!-- This site is optimized with the Yoast SEO plugin v27.3 - https:\/\/yoast.com\/product\/yoast-seo-wordpress\/ -->\n<title>Kalis 300 mg 60 kapsuli\u0173 | Puhdas+<\/title>\n<meta name=\"description\" content=\"\u012esigykite \u201ePuhdas+ Potassium 300 mg\u201c \u2013 maisto papild\u0105, kuris palaiko normal\u0173 kraujosp\u016bd\u012f, nerv\u0173 sistemos ir raumen\u0173 funkcij\u0105. Gryna sud\u0117tis, tinka veganams.\" \/>\n<meta name=\"robots\" content=\"index, follow, max-snippet:-1, max-image-preview:large, max-video-preview:-1\" \/>\n<link rel=\"canonical\" href=\"https:\/\/puhdasplus.ee\/lt\/produktai\/mineralai\/kalis-300-mg-60-kapsuliu\/\" \/>\n<meta property=\"og:locale\" content=\"lt_LT\" \/>\n<meta property=\"og:type\" content=\"article\" \/>\n<meta property=\"og:title\" content=\"Kalis 300 mg 60 kapsuli\u0173 | Puhdas+\" \/>\n<meta property=\"og:description\" content=\"\u012esigykite \u201ePuhdas+ Potassium 300 mg\u201c \u2013 maisto papild\u0105, kuris palaiko normal\u0173 kraujosp\u016bd\u012f, nerv\u0173 sistemos ir raumen\u0173 funkcij\u0105. Gryna sud\u0117tis, tinka veganams.\" \/>\n<meta property=\"og:url\" content=\"https:\/\/puhdasplus.ee\/lt\/produktai\/mineralai\/kalis-300-mg-60-kapsuliu\/\" \/>\n<meta property=\"og:site_name\" content=\"Puhdas+\" \/>\n<meta property=\"article:publisher\" content=\"https:\/\/www.facebook.com\/puhdasplus\" \/>\n<meta property=\"article:modified_time\" content=\"2026-04-07T17:03:59+00:00\" \/>\n<meta property=\"og:image\" content=\"https:\/\/puhdasplus.ee\/wp-content\/uploads\/2020\/11\/Kaalium-PuhdasPlus-scaled.jpg\" \/>\n\t<meta property=\"og:image:width\" content=\"1862\" \/>\n\t<meta property=\"og:image:height\" content=\"2560\" \/>\n\t<meta property=\"og:image:type\" content=\"image\/jpeg\" \/>\n<meta name=\"twitter:card\" content=\"summary_large_image\" \/>\n<meta name=\"twitter:label1\" content=\"Est. reading time\" \/>\n\t<meta name=\"twitter:data1\" content=\"1 minut\u0117\" \/>\n<script type=\"application\/ld+json\" class=\"yoast-schema-graph\">{\"@context\":\"https:\\\/\\\/schema.org\",\"@graph\":[{\"@type\":\"WebPage\",\"@id\":\"https:\\\/\\\/puhdasplus.ee\\\/lt\\\/produktai\\\/mineralai\\\/kalis-300-mg-60-kapsuliu\\\/\",\"url\":\"https:\\\/\\\/puhdasplus.ee\\\/lt\\\/produktai\\\/mineralai\\\/kalis-300-mg-60-kapsuliu\\\/\",\"name\":\"Kalis 300 mg 60 kapsuli\u0173 | Puhdas+\",\"isPartOf\":{\"@id\":\"https:\\\/\\\/puhdasplus.ee\\\/lt\\\/#website\"},\"primaryImageOfPage\":{\"@id\":\"https:\\\/\\\/puhdasplus.ee\\\/lt\\\/produktai\\\/mineralai\\\/kalis-300-mg-60-kapsuliu\\\/#primaryimage\"},\"image\":{\"@id\":\"https:\\\/\\\/puhdasplus.ee\\\/lt\\\/produktai\\\/mineralai\\\/kalis-300-mg-60-kapsuliu\\\/#primaryimage\"},\"thumbnailUrl\":\"https:\\\/\\\/puhdasplus.ee\\\/wp-content\\\/uploads\\\/2020\\\/11\\\/Kaalium-PuhdasPlus-scaled.jpg\",\"datePublished\":\"2020-11-05T04:49:02+00:00\",\"dateModified\":\"2026-04-07T17:03:59+00:00\",\"description\":\"\u012esigykite \u201ePuhdas+ Potassium 300 mg\u201c \u2013 maisto papild\u0105, kuris palaiko normal\u0173 kraujosp\u016bd\u012f, nerv\u0173 sistemos ir raumen\u0173 funkcij\u0105. Gryna sud\u0117tis, tinka veganams.\",\"breadcrumb\":{\"@id\":\"https:\\\/\\\/puhdasplus.ee\\\/lt\\\/produktai\\\/mineralai\\\/kalis-300-mg-60-kapsuliu\\\/#breadcrumb\"},\"inLanguage\":\"lt-LT\",\"potentialAction\":[{\"@type\":\"ReadAction\",\"target\":[\"https:\\\/\\\/puhdasplus.ee\\\/lt\\\/produktai\\\/mineralai\\\/kalis-300-mg-60-kapsuliu\\\/\"]}]},{\"@type\":\"ImageObject\",\"inLanguage\":\"lt-LT\",\"@id\":\"https:\\\/\\\/puhdasplus.ee\\\/lt\\\/produktai\\\/mineralai\\\/kalis-300-mg-60-kapsuliu\\\/#primaryimage\",\"url\":\"https:\\\/\\\/puhdasplus.ee\\\/wp-content\\\/uploads\\\/2020\\\/11\\\/Kaalium-PuhdasPlus-scaled.jpg\",\"contentUrl\":\"https:\\\/\\\/puhdasplus.ee\\\/wp-content\\\/uploads\\\/2020\\\/11\\\/Kaalium-PuhdasPlus-scaled.jpg\",\"width\":1862,\"height\":2560,\"caption\":\"Kalis PuhdasPlus\"},{\"@type\":\"BreadcrumbList\",\"@id\":\"https:\\\/\\\/puhdasplus.ee\\\/lt\\\/produktai\\\/mineralai\\\/kalis-300-mg-60-kapsuliu\\\/#breadcrumb\",\"itemListElement\":[{\"@type\":\"ListItem\",\"position\":1,\"name\":\"Prad\u017eia\",\"item\":\"https:\\\/\\\/puhdasplus.ee\\\/lt\\\/\"},{\"@type\":\"ListItem\",\"position\":2,\"name\":\"Produktai\",\"item\":\"https:\\\/\\\/puhdasplus.ee\\\/lt\\\/parduotuve\\\/\"},{\"@type\":\"ListItem\",\"position\":3,\"name\":\"Kalis 300 mg 60 kapsuli\u0173\"}]},{\"@type\":\"WebSite\",\"@id\":\"https:\\\/\\\/puhdasplus.ee\\\/lt\\\/#website\",\"url\":\"https:\\\/\\\/puhdasplus.ee\\\/lt\\\/\",\"name\":\"Puhdas+\",\"description\":\"Vitaminai, maisto papildai, nat\u016brali kosmetika, sveikata, sportas\",\"publisher\":{\"@id\":\"https:\\\/\\\/puhdasplus.ee\\\/lt\\\/#organization\"},\"potentialAction\":[{\"@type\":\"SearchAction\",\"target\":{\"@type\":\"EntryPoint\",\"urlTemplate\":\"https:\\\/\\\/puhdasplus.ee\\\/lt\\\/?s={search_term_string}\"},\"query-input\":{\"@type\":\"PropertyValueSpecification\",\"valueRequired\":true,\"valueName\":\"search_term_string\"}}],\"inLanguage\":\"lt-LT\"},{\"@type\":\"Organization\",\"@id\":\"https:\\\/\\\/puhdasplus.ee\\\/lt\\\/#organization\",\"name\":\"Puhdas+\",\"alternateName\":\"Puhdasplus\",\"url\":\"https:\\\/\\\/puhdasplus.ee\\\/lt\\\/\",\"logo\":{\"@type\":\"ImageObject\",\"inLanguage\":\"lt-LT\",\"@id\":\"https:\\\/\\\/puhdasplus.ee\\\/lt\\\/#\\\/schema\\\/logo\\\/image\\\/\",\"url\":\"https:\\\/\\\/puhdasplus.ee\\\/wp-content\\\/uploads\\\/2019\\\/10\\\/puhdas_logo-arvele.png\",\"contentUrl\":\"https:\\\/\\\/puhdasplus.ee\\\/wp-content\\\/uploads\\\/2019\\\/10\\\/puhdas_logo-arvele.png\",\"width\":114,\"height\":94,\"caption\":\"Puhdas+\"},\"image\":{\"@id\":\"https:\\\/\\\/puhdasplus.ee\\\/lt\\\/#\\\/schema\\\/logo\\\/image\\\/\"},\"sameAs\":[\"https:\\\/\\\/www.facebook.com\\\/puhdasplus\",\"https:\\\/\\\/www.instagram.com\\\/puhdasplus_ee\\\/\"]}]}<\/script>\n<!-- \/ Yoast SEO plugin. -->","yoast_head_json":{"title":"Kalis 300 mg 60 kapsuli\u0173 | Puhdas+","description":"\u012esigykite \u201ePuhdas+ Potassium 300 mg\u201c \u2013 maisto papild\u0105, kuris palaiko normal\u0173 kraujosp\u016bd\u012f, nerv\u0173 sistemos ir raumen\u0173 funkcij\u0105. Gryna sud\u0117tis, tinka veganams.","robots":{"index":"index","follow":"follow","max-snippet":"max-snippet:-1","max-image-preview":"max-image-preview:large","max-video-preview":"max-video-preview:-1"},"canonical":"https:\/\/puhdasplus.ee\/lt\/produktai\/mineralai\/kalis-300-mg-60-kapsuliu\/","og_locale":"lt_LT","og_type":"article","og_title":"Kalis 300 mg 60 kapsuli\u0173 | Puhdas+","og_description":"\u012esigykite \u201ePuhdas+ Potassium 300 mg\u201c \u2013 maisto papild\u0105, kuris palaiko normal\u0173 kraujosp\u016bd\u012f, nerv\u0173 sistemos ir raumen\u0173 funkcij\u0105. Gryna sud\u0117tis, tinka veganams.","og_url":"https:\/\/puhdasplus.ee\/lt\/produktai\/mineralai\/kalis-300-mg-60-kapsuliu\/","og_site_name":"Puhdas+","article_publisher":"https:\/\/www.facebook.com\/puhdasplus","article_modified_time":"2026-04-07T17:03:59+00:00","og_image":[{"width":1862,"height":2560,"url":"https:\/\/puhdasplus.ee\/wp-content\/uploads\/2020\/11\/Kaalium-PuhdasPlus-scaled.jpg","type":"image\/jpeg"}],"twitter_card":"summary_large_image","twitter_misc":{"Est. reading time":"1 minut\u0117"},"schema":{"@context":"https:\/\/schema.org","@graph":[{"@type":"WebPage","@id":"https:\/\/puhdasplus.ee\/lt\/produktai\/mineralai\/kalis-300-mg-60-kapsuliu\/","url":"https:\/\/puhdasplus.ee\/lt\/produktai\/mineralai\/kalis-300-mg-60-kapsuliu\/","name":"Kalis 300 mg 60 kapsuli\u0173 | Puhdas+","isPartOf":{"@id":"https:\/\/puhdasplus.ee\/lt\/#website"},"primaryImageOfPage":{"@id":"https:\/\/puhdasplus.ee\/lt\/produktai\/mineralai\/kalis-300-mg-60-kapsuliu\/#primaryimage"},"image":{"@id":"https:\/\/puhdasplus.ee\/lt\/produktai\/mineralai\/kalis-300-mg-60-kapsuliu\/#primaryimage"},"thumbnailUrl":"https:\/\/puhdasplus.ee\/wp-content\/uploads\/2020\/11\/Kaalium-PuhdasPlus-scaled.jpg","datePublished":"2020-11-05T04:49:02+00:00","dateModified":"2026-04-07T17:03:59+00:00","description":"\u012esigykite \u201ePuhdas+ Potassium 300 mg\u201c \u2013 maisto papild\u0105, kuris palaiko normal\u0173 kraujosp\u016bd\u012f, nerv\u0173 sistemos ir raumen\u0173 funkcij\u0105. Gryna sud\u0117tis, tinka veganams.","breadcrumb":{"@id":"https:\/\/puhdasplus.ee\/lt\/produktai\/mineralai\/kalis-300-mg-60-kapsuliu\/#breadcrumb"},"inLanguage":"lt-LT","potentialAction":[{"@type":"ReadAction","target":["https:\/\/puhdasplus.ee\/lt\/produktai\/mineralai\/kalis-300-mg-60-kapsuliu\/"]}]},{"@type":"ImageObject","inLanguage":"lt-LT","@id":"https:\/\/puhdasplus.ee\/lt\/produktai\/mineralai\/kalis-300-mg-60-kapsuliu\/#primaryimage","url":"https:\/\/puhdasplus.ee\/wp-content\/uploads\/2020\/11\/Kaalium-PuhdasPlus-scaled.jpg","contentUrl":"https:\/\/puhdasplus.ee\/wp-content\/uploads\/2020\/11\/Kaalium-PuhdasPlus-scaled.jpg","width":1862,"height":2560,"caption":"Kalis PuhdasPlus"},{"@type":"BreadcrumbList","@id":"https:\/\/puhdasplus.ee\/lt\/produktai\/mineralai\/kalis-300-mg-60-kapsuliu\/#breadcrumb","itemListElement":[{"@type":"ListItem","position":1,"name":"Prad\u017eia","item":"https:\/\/puhdasplus.ee\/lt\/"},{"@type":"ListItem","position":2,"name":"Produktai","item":"https:\/\/puhdasplus.ee\/lt\/parduotuve\/"},{"@type":"ListItem","position":3,"name":"Kalis 300 mg 60 kapsuli\u0173"}]},{"@type":"WebSite","@id":"https:\/\/puhdasplus.ee\/lt\/#website","url":"https:\/\/puhdasplus.ee\/lt\/","name":"Puhdas+","description":"Vitaminai, maisto papildai, nat\u016brali kosmetika, sveikata, sportas","publisher":{"@id":"https:\/\/puhdasplus.ee\/lt\/#organization"},"potentialAction":[{"@type":"SearchAction","target":{"@type":"EntryPoint","urlTemplate":"https:\/\/puhdasplus.ee\/lt\/?s={search_term_string}"},"query-input":{"@type":"PropertyValueSpecification","valueRequired":true,"valueName":"search_term_string"}}],"inLanguage":"lt-LT"},{"@type":"Organization","@id":"https:\/\/puhdasplus.ee\/lt\/#organization","name":"Puhdas+","alternateName":"Puhdasplus","url":"https:\/\/puhdasplus.ee\/lt\/","logo":{"@type":"ImageObject","inLanguage":"lt-LT","@id":"https:\/\/puhdasplus.ee\/lt\/#\/schema\/logo\/image\/","url":"https:\/\/puhdasplus.ee\/wp-content\/uploads\/2019\/10\/puhdas_logo-arvele.png","contentUrl":"https:\/\/puhdasplus.ee\/wp-content\/uploads\/2019\/10\/puhdas_logo-arvele.png","width":114,"height":94,"caption":"Puhdas+"},"image":{"@id":"https:\/\/puhdasplus.ee\/lt\/#\/schema\/logo\/image\/"},"sameAs":["https:\/\/www.facebook.com\/puhdasplus","https:\/\/www.instagram.com\/puhdasplus_ee\/"]}]}},"_yoast_wpseo_title":"Kalis 300 mg 60 kapsuli\u0173 | Puhdas+","_yoast_wpseo_metadesc":"\u012esigykite \u201ePuhdas+ Potassium 300 mg\u201c \u2013 maisto papild\u0105, kuris palaiko normal\u0173 kraujosp\u016bd\u012f, nerv\u0173 sistemos ir raumen\u0173 funkcij\u0105. Gryna sud\u0117tis, tinka veganams.","_yoast_wpseo_focuskw":"","_links":{"self":[{"href":"https:\/\/puhdasplus.ee\/lt\/wp-json\/wp\/v2\/product\/353111","targetHints":{"allow":["GET"]}}],"collection":[{"href":"https:\/\/puhdasplus.ee\/lt\/wp-json\/wp\/v2\/product"}],"about":[{"href":"https:\/\/puhdasplus.ee\/lt\/wp-json\/wp\/v2\/types\/product"}],"replies":[{"embeddable":true,"href":"https:\/\/puhdasplus.ee\/lt\/wp-json\/wp\/v2\/comments?post=353111"}],"wp:featuredmedia":[{"embeddable":true,"href":"https:\/\/puhdasplus.ee\/lt\/wp-json\/wp\/v2\/media\/357380"}],"wp:attachment":[{"href":"https:\/\/puhdasplus.ee\/lt\/wp-json\/wp\/v2\/media?parent=353111"}],"wp:term":[{"taxonomy":"product_brand","embeddable":true,"href":"https:\/\/puhdasplus.ee\/lt\/wp-json\/wp\/v2\/product_brand?post=353111"},{"taxonomy":"product_cat","embeddable":true,"href":"https:\/\/puhdasplus.ee\/lt\/wp-json\/wp\/v2\/product_cat?post=353111"},{"taxonomy":"product_tag","embeddable":true,"href":"https:\/\/puhdasplus.ee\/lt\/wp-json\/wp\/v2\/product_tag?post=353111"}],"curies":[{"name":"wp","href":"https:\/\/api.w.org\/{rel}","templated":true}]}}