{"id":35236,"date":"2020-12-05T13:51:07","date_gmt":"2020-12-05T11:51:07","guid":{"rendered":"https:\/\/puhdasplus.ee\/tooted\/be-kategorijos\/plauku-stipriklis-120-kapsuliu-maisto-papildas\/"},"modified":"2026-04-07T20:12:37","modified_gmt":"2026-04-07T17:12:37","slug":"plauku-stipriklis-120-kapsuliu-maisto-papildas","status":"publish","type":"product","link":"https:\/\/puhdasplus.ee\/lt\/produktai\/oda-plaukai-nagai\/plauku-stipriklis-120-kapsuliu-maisto-papildas\/","title":{"rendered":"Plauk\u0173 stipriklis 120 kapsuli\u0173 &#8211; maisto papildas"},"content":{"rendered":"<h2><strong>Kas yra \u201ePuhdas+ Hair Booster\u201c <\/strong><\/h2>\n<p><strong>\u201ePuhdas+ Hair Booster\u201c<\/strong> yra maisto papildas su kruop\u0161\u010diai parinkt\u0173 veikli\u0173j\u0173 med\u017eiag\u0173 deriniu, skirtas palaikyti normali\u0105 plauk\u0173 ir nag\u0173 b\u016bkl\u0119. Produkto sud\u0117tyje yra septynios aktyviosios med\u017eiagos, \u012fskaitant biotin\u0105, cink\u0105 ir selen\u0105, kurie padeda palaikyti normali\u0105 plauk\u0173 b\u016bkl\u0119. Be to, varis padeda palaikyti normali\u0105 plauk\u0173 pigmentacij\u0105, o cinkas ir varis padeda apsaugoti l\u0105steles nuo oksidacin\u0117s pa\u017eaidos.  <\/p>\n<p>\u201eHair Booster\u201c vienoje subalansuotoje sud\u0117tyje sujungia aminor\u016bg\u0161tis, kolagen\u0105 ir svarbius mikroelementus. Produktas tinka kasdieniam vartojimui tiems, kurie nori palaikyti normali\u0105 plauk\u0173 bei nag\u0173 b\u016bkl\u0119 ir papildyti savo mityb\u0105 svarbiomis maistin\u0117mis med\u017eiagomis. <\/p>\n<p>\u201ePuhdas+ Hair Booster\u201c yra sukurtas ir pagamintas Suomijoje. Gaminant produkt\u0105 nenaudojami nereikalingi priedai, tokie kaip konservantai, da\u017eikliai ar kvapiosios med\u017eiagos. <\/p>\n<p><strong>Kod\u0117l verta vartoti \u201eHair Booster\u201c?<\/strong><\/p>\n<p>\u201eHair Booster\u201c vienoje kapsul\u0117je sujungia vitaminus, mineralus ir aminor\u016bg\u0161tis, svarbius normaliai plauk\u0173 b\u016bklei.<\/p>\n<p>\u2022 <strong>Biotinas, cinkas ir selenas<\/strong> padeda palaikyti normali\u0105 plauk\u0173 b\u016bkl\u0119<br \/>\u2022 <strong>Varis<\/strong> padeda palaikyti normali\u0105 plauk\u0173 pigmentacij\u0105<br \/>\u2022 <strong>Cinkas ir varis<\/strong> padeda apsaugoti l\u0105steles nuo oksidacin\u0117s pa\u017eaidos<br \/>\u2022 sud\u0117tyje papildomai yra aminor\u016bg\u0161\u010di\u0173 ir kolageno<\/p>\n<p><strong>Kam tinka \u201eHair Booster\u201c?<\/strong><\/p>\n<p>\u201eHair Booster\u201c tinka \u017emon\u0117ms, norintiems palaikyti normali\u0105 plauk\u0173 bei nag\u0173 b\u016bkl\u0119 ir papildyti mityb\u0105 plaukams svarbiomis maistin\u0117mis med\u017eiagomis. Produktas tinka kasdieniam naudojimui.<\/p>\n<p><strong>Sudedamosios dalys:<\/strong><br \/>Hidrolizuotas galvij\u0173 kolagenas (Peptan\u00ae), augalinis kapsul\u0117s apvalkalas (tir\u0161tiklis: hidroksipropilmetilceliulioz\u0117, gelifikatorius: gelano derva), u\u017epildas (lipnum\u0105 reguliuojanti med\u017eiaga: mikrokristalin\u0117 celiulioz\u0117), L-metioninas, cinko citratas, L-selenometioninas, vario gliukonatas, L-cisteinas, D-biotinas.<\/p>\n<h2>Maistin\u0117 vert\u0117 (1\u20132 kapsul\u0117s)<\/h2>\n<p>Peptan\u00ae kolagenas: 200\u2013400 mg,<br \/>L-metioninas: 40\u201380 mg,<br \/>Cinkas: 10\u201320 mg (100\u2013200 % RMV),<br \/>Selenas: 55\u2013110 \u00b5g (100\u2013200 % RMV),<br \/>Varis: 1\u20132 mg (100\u2013200 % RMV),<br \/>L-cisteinas: 3\u20136 mg,<br \/>Biotinas: 500\u20131000 \u00b5g (1000\u20132000 % RMV)<\/p>\n<p><em>RMV \u2013 referencin\u0117 paros norma suaugusiam \u017emogui.<\/em><\/p>\n<p><strong>Naudojimo instrukcijos:<\/strong><br \/> Gerti po 1\u20132 kapsules per dien\u0105, u\u017egeriant vandeniu. Nevir\u0161yti paros doz\u0117s. <\/p>\n<p><strong>Grynasis kiekis:<\/strong> 120 kapsuli\u0173<\/p>\n<p><strong>\u012esp\u0117jimai:<\/strong><br \/>Maisto papildas netur\u0117t\u0173 b\u016bti vartojamas kaip maisto pakaitalas. Svarbu \u012fvairi ir subalansuota mityba bei sveikas gyvenimo b\u016bdas. Laikyti vaikams nepasiekiamoje vietoje. Jei esate n\u0117\u0161\u010dia, \u017eindote k\u016bdik\u012f ar vartojate vaistus, pasitarkite su gydytoju.<\/p>\n<p><strong>Laikymas:<\/strong><br \/>Laikyti sausoje ir v\u0117sioje vietoje, apsaugotoje nuo tiesiogini\u0173 saul\u0117s spinduli\u0173.<\/p>\n<p><strong>Gamintojas:<\/strong> New Organics Oy, Suomija<\/p>\n<p><strong>Importuotojas<\/strong><strong>:<\/strong> NordenBio O\u00dc, Narva mnt 7, 10117 Talinas, Estija<\/p>\n<p><strong>\u017di\u016br\u0117ti taip pat:<\/strong> <a href=\"https:\/\/puhdasplus.ee\/toote-kategooria\/biotiin\/\">Biotiin<\/a> | <a href=\"https:\/\/puhdasplus.ee\/toote-kategooria\/nahk-juuksed-kuuned\/\">Oda, plaukai, nagai<\/a> | <a href=\"https:\/\/puhdasplus.ee\/toote-kategooria\/looduskosmeetika\/\">Looduskosmeetika<\/a><\/p>\n","protected":false},"excerpt":{"rendered":"<p><strong>\u201ePuhdas+ Hair Booster\u201c<\/strong> yra maisto papildas su kruop\u0161\u010diai parinktomis veikliosiomis med\u017eiagomis, skirtas <strong>palaikyti normali\u0105 plauk\u0173 ir nag\u0173 b\u016bkl\u0119.<\/strong> Produkto sud\u0117tyje yra biotino, cinko, seleno ir vario bei aminor\u016bg\u0161\u010di\u0173, kurios yra svarbios <strong>i\u0161saugant nat\u016brali\u0105 plauk\u0173 strukt\u016br\u0105 ir ger\u0105 b\u016bkl\u0119.<\/strong><\/p>\n","protected":false},"featured_media":35240,"comment_status":"closed","ping_status":"closed","template":"","meta":{"_acf_changed":false,"googlesitekit_rrm_CAow3eq7DA:productID":""},"product_brand":[],"product_cat":[3283,3282],"product_tag":[8350,3284,4048,3131,8366,2562,8331,8374,8370],"class_list":{"0":"post-35236","1":"product","2":"type-product","3":"status-publish","4":"has-post-thumbnail","6":"product_cat-biotinas","7":"product_cat-oda-plaukai-nagai","8":"product_tag-be-laktozs-lt","9":"product_tag-biotinas","10":"product_tag-cinkas","11":"product_tag-maisto-papildas","12":"product_tag-mineralai-lt","13":"product_tag-plauku-prieziura","14":"product_tag-plauk-slinkimas-lt","15":"product_tag-suomijos-kokyb-lt","16":"product_tag-vitaminai-lt","18":"first","19":"instock","20":"taxable","21":"shipping-taxable","22":"purchasable","23":"product-type-simple"},"acf":[],"yoast_head":"<!-- This site is optimized with the Yoast SEO plugin v27.3 - https:\/\/yoast.com\/product\/yoast-seo-wordpress\/ -->\n<title>Plauk\u0173 stipriklis 120 kapsuli\u0173 - maisto papildas | Puhdas+<\/title>\n<meta name=\"description\" content=\"\u201eHair Booster\u201c 120 kapsuli\u0173 \u2013 veiksmingas maisto papildas plauk\u0173 augimui ir sveikatai palaikyti. Sud\u0117tyje yra cinko, biotino, seleno, vario, kolageno ir aminor\u016bg\u0161\u010di\u0173.\" \/>\n<meta name=\"robots\" content=\"index, follow, max-snippet:-1, max-image-preview:large, max-video-preview:-1\" \/>\n<link rel=\"canonical\" href=\"https:\/\/puhdasplus.ee\/lt\/produktai\/oda-plaukai-nagai\/plauku-stipriklis-120-kapsuliu-maisto-papildas\/\" \/>\n<meta property=\"og:locale\" content=\"lt_LT\" \/>\n<meta property=\"og:type\" content=\"article\" \/>\n<meta property=\"og:title\" content=\"Plauk\u0173 stipriklis 120 kapsuli\u0173 - maisto papildas | Puhdas+\" \/>\n<meta property=\"og:description\" content=\"\u201eHair Booster\u201c 120 kapsuli\u0173 \u2013 veiksmingas maisto papildas plauk\u0173 augimui ir sveikatai palaikyti. Sud\u0117tyje yra cinko, biotino, seleno, vario, kolageno ir aminor\u016bg\u0161\u010di\u0173.\" \/>\n<meta property=\"og:url\" content=\"https:\/\/puhdasplus.ee\/lt\/produktai\/oda-plaukai-nagai\/plauku-stipriklis-120-kapsuliu-maisto-papildas\/\" \/>\n<meta property=\"og:site_name\" content=\"Puhdas+\" \/>\n<meta property=\"article:publisher\" content=\"https:\/\/www.facebook.com\/puhdasplus\" \/>\n<meta property=\"article:modified_time\" content=\"2026-04-07T17:12:37+00:00\" \/>\n<meta property=\"og:image\" content=\"https:\/\/puhdasplus.ee\/wp-content\/uploads\/2025\/03\/40.jpg\" \/>\n\t<meta property=\"og:image:width\" content=\"1862\" \/>\n\t<meta property=\"og:image:height\" content=\"2560\" \/>\n\t<meta property=\"og:image:type\" content=\"image\/jpeg\" \/>\n<meta name=\"twitter:card\" content=\"summary_large_image\" \/>\n<meta name=\"twitter:label1\" content=\"Est. reading time\" \/>\n\t<meta name=\"twitter:data1\" content=\"2 minut\u0117\" \/>\n<script type=\"application\/ld+json\" class=\"yoast-schema-graph\">{\"@context\":\"https:\\\/\\\/schema.org\",\"@graph\":[{\"@type\":\"WebPage\",\"@id\":\"https:\\\/\\\/puhdasplus.ee\\\/lt\\\/produktai\\\/oda-plaukai-nagai\\\/plauku-stipriklis-120-kapsuliu-maisto-papildas\\\/\",\"url\":\"https:\\\/\\\/puhdasplus.ee\\\/lt\\\/produktai\\\/oda-plaukai-nagai\\\/plauku-stipriklis-120-kapsuliu-maisto-papildas\\\/\",\"name\":\"Plauk\u0173 stipriklis 120 kapsuli\u0173 - maisto papildas | Puhdas+\",\"isPartOf\":{\"@id\":\"https:\\\/\\\/puhdasplus.ee\\\/lt\\\/#website\"},\"primaryImageOfPage\":{\"@id\":\"https:\\\/\\\/puhdasplus.ee\\\/lt\\\/produktai\\\/oda-plaukai-nagai\\\/plauku-stipriklis-120-kapsuliu-maisto-papildas\\\/#primaryimage\"},\"image\":{\"@id\":\"https:\\\/\\\/puhdasplus.ee\\\/lt\\\/produktai\\\/oda-plaukai-nagai\\\/plauku-stipriklis-120-kapsuliu-maisto-papildas\\\/#primaryimage\"},\"thumbnailUrl\":\"https:\\\/\\\/puhdasplus.ee\\\/wp-content\\\/uploads\\\/2025\\\/03\\\/40.jpg\",\"datePublished\":\"2020-12-05T11:51:07+00:00\",\"dateModified\":\"2026-04-07T17:12:37+00:00\",\"description\":\"\u201eHair Booster\u201c 120 kapsuli\u0173 \u2013 veiksmingas maisto papildas plauk\u0173 augimui ir sveikatai palaikyti. Sud\u0117tyje yra cinko, biotino, seleno, vario, kolageno ir aminor\u016bg\u0161\u010di\u0173.\",\"breadcrumb\":{\"@id\":\"https:\\\/\\\/puhdasplus.ee\\\/lt\\\/produktai\\\/oda-plaukai-nagai\\\/plauku-stipriklis-120-kapsuliu-maisto-papildas\\\/#breadcrumb\"},\"inLanguage\":\"lt-LT\",\"potentialAction\":[{\"@type\":\"ReadAction\",\"target\":[\"https:\\\/\\\/puhdasplus.ee\\\/lt\\\/produktai\\\/oda-plaukai-nagai\\\/plauku-stipriklis-120-kapsuliu-maisto-papildas\\\/\"]}]},{\"@type\":\"ImageObject\",\"inLanguage\":\"lt-LT\",\"@id\":\"https:\\\/\\\/puhdasplus.ee\\\/lt\\\/produktai\\\/oda-plaukai-nagai\\\/plauku-stipriklis-120-kapsuliu-maisto-papildas\\\/#primaryimage\",\"url\":\"https:\\\/\\\/puhdasplus.ee\\\/wp-content\\\/uploads\\\/2025\\\/03\\\/40.jpg\",\"contentUrl\":\"https:\\\/\\\/puhdasplus.ee\\\/wp-content\\\/uploads\\\/2025\\\/03\\\/40.jpg\",\"width\":1862,\"height\":2560,\"caption\":\"Plauk\u0173 stipriklis 120 kapsuli\u0173\"},{\"@type\":\"BreadcrumbList\",\"@id\":\"https:\\\/\\\/puhdasplus.ee\\\/lt\\\/produktai\\\/oda-plaukai-nagai\\\/plauku-stipriklis-120-kapsuliu-maisto-papildas\\\/#breadcrumb\",\"itemListElement\":[{\"@type\":\"ListItem\",\"position\":1,\"name\":\"Prad\u017eia\",\"item\":\"https:\\\/\\\/puhdasplus.ee\\\/lt\\\/\"},{\"@type\":\"ListItem\",\"position\":2,\"name\":\"Produktai\",\"item\":\"https:\\\/\\\/puhdasplus.ee\\\/lt\\\/parduotuve\\\/\"},{\"@type\":\"ListItem\",\"position\":3,\"name\":\"Plauk\u0173 stipriklis 120 kapsuli\u0173 &#8211; maisto papildas\"}]},{\"@type\":\"WebSite\",\"@id\":\"https:\\\/\\\/puhdasplus.ee\\\/lt\\\/#website\",\"url\":\"https:\\\/\\\/puhdasplus.ee\\\/lt\\\/\",\"name\":\"Puhdas+\",\"description\":\"Vitaminai, maisto papildai, nat\u016brali kosmetika, sveikata, sportas\",\"publisher\":{\"@id\":\"https:\\\/\\\/puhdasplus.ee\\\/lt\\\/#organization\"},\"potentialAction\":[{\"@type\":\"SearchAction\",\"target\":{\"@type\":\"EntryPoint\",\"urlTemplate\":\"https:\\\/\\\/puhdasplus.ee\\\/lt\\\/?s={search_term_string}\"},\"query-input\":{\"@type\":\"PropertyValueSpecification\",\"valueRequired\":true,\"valueName\":\"search_term_string\"}}],\"inLanguage\":\"lt-LT\"},{\"@type\":\"Organization\",\"@id\":\"https:\\\/\\\/puhdasplus.ee\\\/lt\\\/#organization\",\"name\":\"Puhdas+\",\"alternateName\":\"Puhdasplus\",\"url\":\"https:\\\/\\\/puhdasplus.ee\\\/lt\\\/\",\"logo\":{\"@type\":\"ImageObject\",\"inLanguage\":\"lt-LT\",\"@id\":\"https:\\\/\\\/puhdasplus.ee\\\/lt\\\/#\\\/schema\\\/logo\\\/image\\\/\",\"url\":\"https:\\\/\\\/puhdasplus.ee\\\/wp-content\\\/uploads\\\/2019\\\/10\\\/puhdas_logo-arvele.png\",\"contentUrl\":\"https:\\\/\\\/puhdasplus.ee\\\/wp-content\\\/uploads\\\/2019\\\/10\\\/puhdas_logo-arvele.png\",\"width\":114,\"height\":94,\"caption\":\"Puhdas+\"},\"image\":{\"@id\":\"https:\\\/\\\/puhdasplus.ee\\\/lt\\\/#\\\/schema\\\/logo\\\/image\\\/\"},\"sameAs\":[\"https:\\\/\\\/www.facebook.com\\\/puhdasplus\",\"https:\\\/\\\/www.instagram.com\\\/puhdasplus_ee\\\/\"]}]}<\/script>\n<!-- \/ Yoast SEO plugin. -->","yoast_head_json":{"title":"Plauk\u0173 stipriklis 120 kapsuli\u0173 - maisto papildas | Puhdas+","description":"\u201eHair Booster\u201c 120 kapsuli\u0173 \u2013 veiksmingas maisto papildas plauk\u0173 augimui ir sveikatai palaikyti. Sud\u0117tyje yra cinko, biotino, seleno, vario, kolageno ir aminor\u016bg\u0161\u010di\u0173.","robots":{"index":"index","follow":"follow","max-snippet":"max-snippet:-1","max-image-preview":"max-image-preview:large","max-video-preview":"max-video-preview:-1"},"canonical":"https:\/\/puhdasplus.ee\/lt\/produktai\/oda-plaukai-nagai\/plauku-stipriklis-120-kapsuliu-maisto-papildas\/","og_locale":"lt_LT","og_type":"article","og_title":"Plauk\u0173 stipriklis 120 kapsuli\u0173 - maisto papildas | Puhdas+","og_description":"\u201eHair Booster\u201c 120 kapsuli\u0173 \u2013 veiksmingas maisto papildas plauk\u0173 augimui ir sveikatai palaikyti. Sud\u0117tyje yra cinko, biotino, seleno, vario, kolageno ir aminor\u016bg\u0161\u010di\u0173.","og_url":"https:\/\/puhdasplus.ee\/lt\/produktai\/oda-plaukai-nagai\/plauku-stipriklis-120-kapsuliu-maisto-papildas\/","og_site_name":"Puhdas+","article_publisher":"https:\/\/www.facebook.com\/puhdasplus","article_modified_time":"2026-04-07T17:12:37+00:00","og_image":[{"width":1862,"height":2560,"url":"https:\/\/puhdasplus.ee\/wp-content\/uploads\/2025\/03\/40.jpg","type":"image\/jpeg"}],"twitter_card":"summary_large_image","twitter_misc":{"Est. reading time":"2 minut\u0117"},"schema":{"@context":"https:\/\/schema.org","@graph":[{"@type":"WebPage","@id":"https:\/\/puhdasplus.ee\/lt\/produktai\/oda-plaukai-nagai\/plauku-stipriklis-120-kapsuliu-maisto-papildas\/","url":"https:\/\/puhdasplus.ee\/lt\/produktai\/oda-plaukai-nagai\/plauku-stipriklis-120-kapsuliu-maisto-papildas\/","name":"Plauk\u0173 stipriklis 120 kapsuli\u0173 - maisto papildas | Puhdas+","isPartOf":{"@id":"https:\/\/puhdasplus.ee\/lt\/#website"},"primaryImageOfPage":{"@id":"https:\/\/puhdasplus.ee\/lt\/produktai\/oda-plaukai-nagai\/plauku-stipriklis-120-kapsuliu-maisto-papildas\/#primaryimage"},"image":{"@id":"https:\/\/puhdasplus.ee\/lt\/produktai\/oda-plaukai-nagai\/plauku-stipriklis-120-kapsuliu-maisto-papildas\/#primaryimage"},"thumbnailUrl":"https:\/\/puhdasplus.ee\/wp-content\/uploads\/2025\/03\/40.jpg","datePublished":"2020-12-05T11:51:07+00:00","dateModified":"2026-04-07T17:12:37+00:00","description":"\u201eHair Booster\u201c 120 kapsuli\u0173 \u2013 veiksmingas maisto papildas plauk\u0173 augimui ir sveikatai palaikyti. Sud\u0117tyje yra cinko, biotino, seleno, vario, kolageno ir aminor\u016bg\u0161\u010di\u0173.","breadcrumb":{"@id":"https:\/\/puhdasplus.ee\/lt\/produktai\/oda-plaukai-nagai\/plauku-stipriklis-120-kapsuliu-maisto-papildas\/#breadcrumb"},"inLanguage":"lt-LT","potentialAction":[{"@type":"ReadAction","target":["https:\/\/puhdasplus.ee\/lt\/produktai\/oda-plaukai-nagai\/plauku-stipriklis-120-kapsuliu-maisto-papildas\/"]}]},{"@type":"ImageObject","inLanguage":"lt-LT","@id":"https:\/\/puhdasplus.ee\/lt\/produktai\/oda-plaukai-nagai\/plauku-stipriklis-120-kapsuliu-maisto-papildas\/#primaryimage","url":"https:\/\/puhdasplus.ee\/wp-content\/uploads\/2025\/03\/40.jpg","contentUrl":"https:\/\/puhdasplus.ee\/wp-content\/uploads\/2025\/03\/40.jpg","width":1862,"height":2560,"caption":"Plauk\u0173 stipriklis 120 kapsuli\u0173"},{"@type":"BreadcrumbList","@id":"https:\/\/puhdasplus.ee\/lt\/produktai\/oda-plaukai-nagai\/plauku-stipriklis-120-kapsuliu-maisto-papildas\/#breadcrumb","itemListElement":[{"@type":"ListItem","position":1,"name":"Prad\u017eia","item":"https:\/\/puhdasplus.ee\/lt\/"},{"@type":"ListItem","position":2,"name":"Produktai","item":"https:\/\/puhdasplus.ee\/lt\/parduotuve\/"},{"@type":"ListItem","position":3,"name":"Plauk\u0173 stipriklis 120 kapsuli\u0173 &#8211; maisto papildas"}]},{"@type":"WebSite","@id":"https:\/\/puhdasplus.ee\/lt\/#website","url":"https:\/\/puhdasplus.ee\/lt\/","name":"Puhdas+","description":"Vitaminai, maisto papildai, nat\u016brali kosmetika, sveikata, sportas","publisher":{"@id":"https:\/\/puhdasplus.ee\/lt\/#organization"},"potentialAction":[{"@type":"SearchAction","target":{"@type":"EntryPoint","urlTemplate":"https:\/\/puhdasplus.ee\/lt\/?s={search_term_string}"},"query-input":{"@type":"PropertyValueSpecification","valueRequired":true,"valueName":"search_term_string"}}],"inLanguage":"lt-LT"},{"@type":"Organization","@id":"https:\/\/puhdasplus.ee\/lt\/#organization","name":"Puhdas+","alternateName":"Puhdasplus","url":"https:\/\/puhdasplus.ee\/lt\/","logo":{"@type":"ImageObject","inLanguage":"lt-LT","@id":"https:\/\/puhdasplus.ee\/lt\/#\/schema\/logo\/image\/","url":"https:\/\/puhdasplus.ee\/wp-content\/uploads\/2019\/10\/puhdas_logo-arvele.png","contentUrl":"https:\/\/puhdasplus.ee\/wp-content\/uploads\/2019\/10\/puhdas_logo-arvele.png","width":114,"height":94,"caption":"Puhdas+"},"image":{"@id":"https:\/\/puhdasplus.ee\/lt\/#\/schema\/logo\/image\/"},"sameAs":["https:\/\/www.facebook.com\/puhdasplus","https:\/\/www.instagram.com\/puhdasplus_ee\/"]}]}},"_yoast_wpseo_title":"Plauk\u0173 stipriklis 120 kapsuli\u0173 - maisto papildas | Puhdas+","_yoast_wpseo_metadesc":"\u201eHair Booster\u201c 120 kapsuli\u0173 \u2013 veiksmingas maisto papildas plauk\u0173 augimui ir sveikatai palaikyti. Sud\u0117tyje yra cinko, biotino, seleno, vario, kolageno ir aminor\u016bg\u0161\u010di\u0173.","_yoast_wpseo_focuskw":"","_links":{"self":[{"href":"https:\/\/puhdasplus.ee\/lt\/wp-json\/wp\/v2\/product\/35236","targetHints":{"allow":["GET"]}}],"collection":[{"href":"https:\/\/puhdasplus.ee\/lt\/wp-json\/wp\/v2\/product"}],"about":[{"href":"https:\/\/puhdasplus.ee\/lt\/wp-json\/wp\/v2\/types\/product"}],"replies":[{"embeddable":true,"href":"https:\/\/puhdasplus.ee\/lt\/wp-json\/wp\/v2\/comments?post=35236"}],"wp:featuredmedia":[{"embeddable":true,"href":"https:\/\/puhdasplus.ee\/lt\/wp-json\/wp\/v2\/media\/35240"}],"wp:attachment":[{"href":"https:\/\/puhdasplus.ee\/lt\/wp-json\/wp\/v2\/media?parent=35236"}],"wp:term":[{"taxonomy":"product_brand","embeddable":true,"href":"https:\/\/puhdasplus.ee\/lt\/wp-json\/wp\/v2\/product_brand?post=35236"},{"taxonomy":"product_cat","embeddable":true,"href":"https:\/\/puhdasplus.ee\/lt\/wp-json\/wp\/v2\/product_cat?post=35236"},{"taxonomy":"product_tag","embeddable":true,"href":"https:\/\/puhdasplus.ee\/lt\/wp-json\/wp\/v2\/product_tag?post=35236"}],"curies":[{"name":"wp","href":"https:\/\/api.w.org\/{rel}","templated":true}]}}