{"id":35228,"date":"2020-07-28T10:20:01","date_gmt":"2020-07-28T07:20:01","guid":{"rendered":"https:\/\/puhdasplus.ee\/tooted\/be-kategorijos\/difuzorius-drekintuvas-oro-aromatizatorius-spalva-balta-mediena-400-ml\/"},"modified":"2026-03-25T18:18:43","modified_gmt":"2026-03-25T16:18:43","slug":"difuzorius-drekintuvas-oro-aromatizatorius-spalva-balta-mediena-400-ml","status":"publish","type":"product","link":"https:\/\/puhdasplus.ee\/lt\/produktai\/difuzoriai\/difuzorius-drekintuvas-oro-aromatizatorius-spalva-balta-mediena-400-ml\/","title":{"rendered":"Difuzorius-dr\u0117kintuvas-oro aromatizatorius (Spalva: balta mediena &#8211; 400 ml)"},"content":{"rendered":"<h2>Naudojimas<\/h2>\n<p>Naudojimas: Atidarykite difuzoriaus korpus\u0105 ir pripildykite j\u012f vandens (daugiausia 400 ml) \u2013 \u012fla\u0161inkite 1\u20132 la\u0161us eterinio aliejaus. Prijunkite gamin\u012f prie elektros tinklo ir paspauskite ON mygtuk\u0105. Gaminys paruo\u0161tas naudoti.  <\/p>\n<h2>Aromaterapijos nauda<\/h2>\n<p>Aromaterapija yra \u0161velnus, bet veiksmingas b\u016bdas gydyti ir maitinti siel\u0105, k\u016bn\u0105 ir prot\u0105. Difuzorius yra vienas efektyviausi\u0173 ir saugiausi\u0173 b\u016bd\u0173 paskirstyti eterini\u0173 aliej\u0173 molekules namuose, SPA centre ar vie\u0161ose erdv\u0117se. <\/p>\n<p>Produkto privalumas yra tas, kad eteriniai aliejai neu\u017everda ir nepridega. Produkt\u0105 lengva ir patogu naudoti. I\u0161 produkto sklindantis v\u0117sus r\u016bkas sukuria maloni\u0105 atmosfer\u0105.  <\/p>\n<p>Difuzoriuje tinka naudoti auk\u0161tos kokyb\u0117s nat\u016bral\u016bs eteriniai aliejai, kurie turi sveik\u0105 poveik\u012f. Galite pasirinkti jums tinkamus eterinius aliejus pagal savo poreikius. <\/p>\n<ul>\n<li>Ultragarsinis \u2013 garina vanden\u012f ir eterinius aliejus j\u0173 nesudegindami. \u2022 7 skirting\u0173 spalv\u0173 LED lemput\u0117s. <\/li>\n<li>Automatinis i\u0161sijungimas, kai baigiasi vanduo<\/li>\n<li>Laikmatis 1, 3 arba 6 valandos<\/li>\n<li>Smulkus pur\u0161kimas<\/li>\n<li>Spalva: balta<\/li>\n<\/ul>\n<p><strong>\u017di\u016br\u0117ti taip pat:<\/strong> <a href=\"https:\/\/puhdasplus.ee\/toote-kategooria\/difuuserid\/\">Difuuserid<\/a> | <a href=\"https:\/\/puhdasplus.ee\/toote-kategooria\/eeterlikud-olid\/\">Eeterlikud \u00f5lid<\/a><\/p>\n","protected":false},"excerpt":{"rendered":"<h4>Difuzorius \u2013 dr\u0117kintuvas \u2013 oro aromatizatorius (400 ml) BALTA<\/h4>\n<p>Paprasto ir eleganti\u0161ko dizaino dr\u0117kintuvas. Dvi pagrindin\u0117s funkcijos: dr\u0117kinimas ir kvap\u0173 \u0161alinimas. Skirtingos \u0161viesos ir oro dr\u0117kinimo programos. Dr\u0117kindami galite rinktis i\u0161 nuolatinio garo, garo su pertr\u016bkiais arba i\u0161jungti gar\u0105. Galite rinktis i\u0161 keli\u0173 skirting\u0173 ap\u0161vietimo spalv\u0173. \u0160viesos ir oro dr\u0117kinimo programas galima derinti \u012fvairiais b\u016bdais. Dr\u0117kindami taip pat galite \u012fpilti gryn\u0173 eterini\u0173 aliej\u0173 pagal savo pageidavimus.     <\/p>\n","protected":false},"featured_media":35230,"comment_status":"closed","ping_status":"closed","template":"","meta":{"_acf_changed":false,"googlesitekit_rrm_CAow3eq7DA:productID":""},"product_brand":[],"product_cat":[2799],"product_tag":[7874,7878,7898],"class_list":{"0":"post-35228","1":"product","2":"type-product","3":"status-publish","4":"has-post-thumbnail","6":"product_cat-difuzoriai","7":"product_tag-aromatinis-difuzorius","8":"product_tag-eterinis-aliejus","9":"product_tag-miegas-ir-atsipalaidavimas","11":"first","12":"onbackorder","13":"taxable","14":"shipping-taxable","15":"purchasable","16":"product-type-simple"},"acf":[],"yoast_head":"<!-- This site is optimized with the Yoast SEO plugin v27.3 - https:\/\/yoast.com\/product\/yoast-seo-wordpress\/ -->\n<title>Difuzorius-dr\u0117kintuvas-oro aromatizatorius (Spalva: balta mediena - 400 ml) | Puhdas+<\/title>\n<meta name=\"description\" content=\"Eterini\u0173 aliej\u0173 difuzorius, dr\u0117kintuvas ir oro aromatizatorius 400 ml \u2014 baltos medienos apdaila. Ultragarsin\u0117 aromaterapijos priemon\u0117.\" \/>\n<meta name=\"robots\" content=\"index, follow, max-snippet:-1, max-image-preview:large, max-video-preview:-1\" \/>\n<link rel=\"canonical\" href=\"https:\/\/puhdasplus.ee\/lt\/produktai\/difuzoriai\/difuzorius-drekintuvas-oro-aromatizatorius-spalva-balta-mediena-400-ml\/\" \/>\n<meta property=\"og:locale\" content=\"lt_LT\" \/>\n<meta property=\"og:type\" content=\"article\" \/>\n<meta property=\"og:title\" content=\"Difuzorius-dr\u0117kintuvas-oro aromatizatorius (Spalva: balta mediena - 400 ml) | Puhdas+\" \/>\n<meta property=\"og:description\" content=\"Eterini\u0173 aliej\u0173 difuzorius, dr\u0117kintuvas ir oro aromatizatorius 400 ml \u2014 baltos medienos apdaila. Ultragarsin\u0117 aromaterapijos priemon\u0117.\" \/>\n<meta property=\"og:url\" content=\"https:\/\/puhdasplus.ee\/lt\/produktai\/difuzoriai\/difuzorius-drekintuvas-oro-aromatizatorius-spalva-balta-mediena-400-ml\/\" \/>\n<meta property=\"og:site_name\" content=\"Puhdas+\" \/>\n<meta property=\"article:publisher\" content=\"https:\/\/www.facebook.com\/puhdasplus\" \/>\n<meta property=\"article:modified_time\" content=\"2026-03-25T16:18:43+00:00\" \/>\n<meta property=\"og:image\" content=\"https:\/\/puhdasplus.ee\/wp-content\/uploads\/2020\/07\/Ultrasonic_Aroma_Diffuuseri_400ml_AD12.webp\" \/>\n\t<meta property=\"og:image:width\" content=\"1600\" \/>\n\t<meta property=\"og:image:height\" content=\"2200\" \/>\n\t<meta property=\"og:image:type\" content=\"image\/webp\" \/>\n<meta name=\"twitter:card\" content=\"summary_large_image\" \/>\n<meta name=\"twitter:label1\" content=\"Est. reading time\" \/>\n\t<meta name=\"twitter:data1\" content=\"1 minut\u0117\" \/>\n<script type=\"application\/ld+json\" class=\"yoast-schema-graph\">{\"@context\":\"https:\\\/\\\/schema.org\",\"@graph\":[{\"@type\":\"WebPage\",\"@id\":\"https:\\\/\\\/puhdasplus.ee\\\/lt\\\/produktai\\\/difuzoriai\\\/difuzorius-drekintuvas-oro-aromatizatorius-spalva-balta-mediena-400-ml\\\/\",\"url\":\"https:\\\/\\\/puhdasplus.ee\\\/lt\\\/produktai\\\/difuzoriai\\\/difuzorius-drekintuvas-oro-aromatizatorius-spalva-balta-mediena-400-ml\\\/\",\"name\":\"Difuzorius-dr\u0117kintuvas-oro aromatizatorius (Spalva: balta mediena - 400 ml) | Puhdas+\",\"isPartOf\":{\"@id\":\"https:\\\/\\\/puhdasplus.ee\\\/lt\\\/#website\"},\"primaryImageOfPage\":{\"@id\":\"https:\\\/\\\/puhdasplus.ee\\\/lt\\\/produktai\\\/difuzoriai\\\/difuzorius-drekintuvas-oro-aromatizatorius-spalva-balta-mediena-400-ml\\\/#primaryimage\"},\"image\":{\"@id\":\"https:\\\/\\\/puhdasplus.ee\\\/lt\\\/produktai\\\/difuzoriai\\\/difuzorius-drekintuvas-oro-aromatizatorius-spalva-balta-mediena-400-ml\\\/#primaryimage\"},\"thumbnailUrl\":\"https:\\\/\\\/puhdasplus.ee\\\/wp-content\\\/uploads\\\/2020\\\/07\\\/Ultrasonic_Aroma_Diffuuseri_400ml_AD12.webp\",\"datePublished\":\"2020-07-28T07:20:01+00:00\",\"dateModified\":\"2026-03-25T16:18:43+00:00\",\"description\":\"Eterini\u0173 aliej\u0173 difuzorius, dr\u0117kintuvas ir oro aromatizatorius 400 ml \u2014 baltos medienos apdaila. Ultragarsin\u0117 aromaterapijos priemon\u0117.\",\"breadcrumb\":{\"@id\":\"https:\\\/\\\/puhdasplus.ee\\\/lt\\\/produktai\\\/difuzoriai\\\/difuzorius-drekintuvas-oro-aromatizatorius-spalva-balta-mediena-400-ml\\\/#breadcrumb\"},\"inLanguage\":\"lt-LT\",\"potentialAction\":[{\"@type\":\"ReadAction\",\"target\":[\"https:\\\/\\\/puhdasplus.ee\\\/lt\\\/produktai\\\/difuzoriai\\\/difuzorius-drekintuvas-oro-aromatizatorius-spalva-balta-mediena-400-ml\\\/\"]}]},{\"@type\":\"ImageObject\",\"inLanguage\":\"lt-LT\",\"@id\":\"https:\\\/\\\/puhdasplus.ee\\\/lt\\\/produktai\\\/difuzoriai\\\/difuzorius-drekintuvas-oro-aromatizatorius-spalva-balta-mediena-400-ml\\\/#primaryimage\",\"url\":\"https:\\\/\\\/puhdasplus.ee\\\/wp-content\\\/uploads\\\/2020\\\/07\\\/Ultrasonic_Aroma_Diffuuseri_400ml_AD12.webp\",\"contentUrl\":\"https:\\\/\\\/puhdasplus.ee\\\/wp-content\\\/uploads\\\/2020\\\/07\\\/Ultrasonic_Aroma_Diffuuseri_400ml_AD12.webp\",\"width\":1600,\"height\":2200,\"caption\":\"Puhdas+ Difuzorius-dr\u0117kintuvas-oro aromatizatorius (Spalva: balta mediena - 400 ml)\"},{\"@type\":\"BreadcrumbList\",\"@id\":\"https:\\\/\\\/puhdasplus.ee\\\/lt\\\/produktai\\\/difuzoriai\\\/difuzorius-drekintuvas-oro-aromatizatorius-spalva-balta-mediena-400-ml\\\/#breadcrumb\",\"itemListElement\":[{\"@type\":\"ListItem\",\"position\":1,\"name\":\"Prad\u017eia\",\"item\":\"https:\\\/\\\/puhdasplus.ee\\\/lt\\\/\"},{\"@type\":\"ListItem\",\"position\":2,\"name\":\"Produktai\",\"item\":\"https:\\\/\\\/puhdasplus.ee\\\/lt\\\/parduotuve\\\/\"},{\"@type\":\"ListItem\",\"position\":3,\"name\":\"Difuzorius-dr\u0117kintuvas-oro aromatizatorius (Spalva: balta mediena &#8211; 400 ml)\"}]},{\"@type\":\"WebSite\",\"@id\":\"https:\\\/\\\/puhdasplus.ee\\\/lt\\\/#website\",\"url\":\"https:\\\/\\\/puhdasplus.ee\\\/lt\\\/\",\"name\":\"Puhdas+\",\"description\":\"Vitaminai, maisto papildai, nat\u016brali kosmetika, sveikata, sportas\",\"publisher\":{\"@id\":\"https:\\\/\\\/puhdasplus.ee\\\/lt\\\/#organization\"},\"potentialAction\":[{\"@type\":\"SearchAction\",\"target\":{\"@type\":\"EntryPoint\",\"urlTemplate\":\"https:\\\/\\\/puhdasplus.ee\\\/lt\\\/?s={search_term_string}\"},\"query-input\":{\"@type\":\"PropertyValueSpecification\",\"valueRequired\":true,\"valueName\":\"search_term_string\"}}],\"inLanguage\":\"lt-LT\"},{\"@type\":\"Organization\",\"@id\":\"https:\\\/\\\/puhdasplus.ee\\\/lt\\\/#organization\",\"name\":\"Puhdas+\",\"alternateName\":\"Puhdasplus\",\"url\":\"https:\\\/\\\/puhdasplus.ee\\\/lt\\\/\",\"logo\":{\"@type\":\"ImageObject\",\"inLanguage\":\"lt-LT\",\"@id\":\"https:\\\/\\\/puhdasplus.ee\\\/lt\\\/#\\\/schema\\\/logo\\\/image\\\/\",\"url\":\"https:\\\/\\\/puhdasplus.ee\\\/wp-content\\\/uploads\\\/2019\\\/10\\\/puhdas_logo-arvele.png\",\"contentUrl\":\"https:\\\/\\\/puhdasplus.ee\\\/wp-content\\\/uploads\\\/2019\\\/10\\\/puhdas_logo-arvele.png\",\"width\":114,\"height\":94,\"caption\":\"Puhdas+\"},\"image\":{\"@id\":\"https:\\\/\\\/puhdasplus.ee\\\/lt\\\/#\\\/schema\\\/logo\\\/image\\\/\"},\"sameAs\":[\"https:\\\/\\\/www.facebook.com\\\/puhdasplus\",\"https:\\\/\\\/www.instagram.com\\\/puhdasplus_ee\\\/\"]}]}<\/script>\n<!-- \/ Yoast SEO plugin. -->","yoast_head_json":{"title":"Difuzorius-dr\u0117kintuvas-oro aromatizatorius (Spalva: balta mediena - 400 ml) | Puhdas+","description":"Eterini\u0173 aliej\u0173 difuzorius, dr\u0117kintuvas ir oro aromatizatorius 400 ml \u2014 baltos medienos apdaila. Ultragarsin\u0117 aromaterapijos priemon\u0117.","robots":{"index":"index","follow":"follow","max-snippet":"max-snippet:-1","max-image-preview":"max-image-preview:large","max-video-preview":"max-video-preview:-1"},"canonical":"https:\/\/puhdasplus.ee\/lt\/produktai\/difuzoriai\/difuzorius-drekintuvas-oro-aromatizatorius-spalva-balta-mediena-400-ml\/","og_locale":"lt_LT","og_type":"article","og_title":"Difuzorius-dr\u0117kintuvas-oro aromatizatorius (Spalva: balta mediena - 400 ml) | Puhdas+","og_description":"Eterini\u0173 aliej\u0173 difuzorius, dr\u0117kintuvas ir oro aromatizatorius 400 ml \u2014 baltos medienos apdaila. Ultragarsin\u0117 aromaterapijos priemon\u0117.","og_url":"https:\/\/puhdasplus.ee\/lt\/produktai\/difuzoriai\/difuzorius-drekintuvas-oro-aromatizatorius-spalva-balta-mediena-400-ml\/","og_site_name":"Puhdas+","article_publisher":"https:\/\/www.facebook.com\/puhdasplus","article_modified_time":"2026-03-25T16:18:43+00:00","og_image":[{"width":1600,"height":2200,"url":"https:\/\/puhdasplus.ee\/wp-content\/uploads\/2020\/07\/Ultrasonic_Aroma_Diffuuseri_400ml_AD12.webp","type":"image\/webp"}],"twitter_card":"summary_large_image","twitter_misc":{"Est. reading time":"1 minut\u0117"},"schema":{"@context":"https:\/\/schema.org","@graph":[{"@type":"WebPage","@id":"https:\/\/puhdasplus.ee\/lt\/produktai\/difuzoriai\/difuzorius-drekintuvas-oro-aromatizatorius-spalva-balta-mediena-400-ml\/","url":"https:\/\/puhdasplus.ee\/lt\/produktai\/difuzoriai\/difuzorius-drekintuvas-oro-aromatizatorius-spalva-balta-mediena-400-ml\/","name":"Difuzorius-dr\u0117kintuvas-oro aromatizatorius (Spalva: balta mediena - 400 ml) | Puhdas+","isPartOf":{"@id":"https:\/\/puhdasplus.ee\/lt\/#website"},"primaryImageOfPage":{"@id":"https:\/\/puhdasplus.ee\/lt\/produktai\/difuzoriai\/difuzorius-drekintuvas-oro-aromatizatorius-spalva-balta-mediena-400-ml\/#primaryimage"},"image":{"@id":"https:\/\/puhdasplus.ee\/lt\/produktai\/difuzoriai\/difuzorius-drekintuvas-oro-aromatizatorius-spalva-balta-mediena-400-ml\/#primaryimage"},"thumbnailUrl":"https:\/\/puhdasplus.ee\/wp-content\/uploads\/2020\/07\/Ultrasonic_Aroma_Diffuuseri_400ml_AD12.webp","datePublished":"2020-07-28T07:20:01+00:00","dateModified":"2026-03-25T16:18:43+00:00","description":"Eterini\u0173 aliej\u0173 difuzorius, dr\u0117kintuvas ir oro aromatizatorius 400 ml \u2014 baltos medienos apdaila. Ultragarsin\u0117 aromaterapijos priemon\u0117.","breadcrumb":{"@id":"https:\/\/puhdasplus.ee\/lt\/produktai\/difuzoriai\/difuzorius-drekintuvas-oro-aromatizatorius-spalva-balta-mediena-400-ml\/#breadcrumb"},"inLanguage":"lt-LT","potentialAction":[{"@type":"ReadAction","target":["https:\/\/puhdasplus.ee\/lt\/produktai\/difuzoriai\/difuzorius-drekintuvas-oro-aromatizatorius-spalva-balta-mediena-400-ml\/"]}]},{"@type":"ImageObject","inLanguage":"lt-LT","@id":"https:\/\/puhdasplus.ee\/lt\/produktai\/difuzoriai\/difuzorius-drekintuvas-oro-aromatizatorius-spalva-balta-mediena-400-ml\/#primaryimage","url":"https:\/\/puhdasplus.ee\/wp-content\/uploads\/2020\/07\/Ultrasonic_Aroma_Diffuuseri_400ml_AD12.webp","contentUrl":"https:\/\/puhdasplus.ee\/wp-content\/uploads\/2020\/07\/Ultrasonic_Aroma_Diffuuseri_400ml_AD12.webp","width":1600,"height":2200,"caption":"Puhdas+ Difuzorius-dr\u0117kintuvas-oro aromatizatorius (Spalva: balta mediena - 400 ml)"},{"@type":"BreadcrumbList","@id":"https:\/\/puhdasplus.ee\/lt\/produktai\/difuzoriai\/difuzorius-drekintuvas-oro-aromatizatorius-spalva-balta-mediena-400-ml\/#breadcrumb","itemListElement":[{"@type":"ListItem","position":1,"name":"Prad\u017eia","item":"https:\/\/puhdasplus.ee\/lt\/"},{"@type":"ListItem","position":2,"name":"Produktai","item":"https:\/\/puhdasplus.ee\/lt\/parduotuve\/"},{"@type":"ListItem","position":3,"name":"Difuzorius-dr\u0117kintuvas-oro aromatizatorius (Spalva: balta mediena &#8211; 400 ml)"}]},{"@type":"WebSite","@id":"https:\/\/puhdasplus.ee\/lt\/#website","url":"https:\/\/puhdasplus.ee\/lt\/","name":"Puhdas+","description":"Vitaminai, maisto papildai, nat\u016brali kosmetika, sveikata, sportas","publisher":{"@id":"https:\/\/puhdasplus.ee\/lt\/#organization"},"potentialAction":[{"@type":"SearchAction","target":{"@type":"EntryPoint","urlTemplate":"https:\/\/puhdasplus.ee\/lt\/?s={search_term_string}"},"query-input":{"@type":"PropertyValueSpecification","valueRequired":true,"valueName":"search_term_string"}}],"inLanguage":"lt-LT"},{"@type":"Organization","@id":"https:\/\/puhdasplus.ee\/lt\/#organization","name":"Puhdas+","alternateName":"Puhdasplus","url":"https:\/\/puhdasplus.ee\/lt\/","logo":{"@type":"ImageObject","inLanguage":"lt-LT","@id":"https:\/\/puhdasplus.ee\/lt\/#\/schema\/logo\/image\/","url":"https:\/\/puhdasplus.ee\/wp-content\/uploads\/2019\/10\/puhdas_logo-arvele.png","contentUrl":"https:\/\/puhdasplus.ee\/wp-content\/uploads\/2019\/10\/puhdas_logo-arvele.png","width":114,"height":94,"caption":"Puhdas+"},"image":{"@id":"https:\/\/puhdasplus.ee\/lt\/#\/schema\/logo\/image\/"},"sameAs":["https:\/\/www.facebook.com\/puhdasplus","https:\/\/www.instagram.com\/puhdasplus_ee\/"]}]}},"_yoast_wpseo_title":"Difuzorius-dr\u0117kintuvas-oro aromatizatorius (Spalva: balta mediena - 400 ml) | Puhdas+","_yoast_wpseo_metadesc":"Eterini\u0173 aliej\u0173 difuzorius, dr\u0117kintuvas ir oro aromatizatorius 400 ml \u2014 baltos medienos apdaila. Ultragarsin\u0117 aromaterapijos priemon\u0117.","_yoast_wpseo_focuskw":"","_links":{"self":[{"href":"https:\/\/puhdasplus.ee\/lt\/wp-json\/wp\/v2\/product\/35228","targetHints":{"allow":["GET"]}}],"collection":[{"href":"https:\/\/puhdasplus.ee\/lt\/wp-json\/wp\/v2\/product"}],"about":[{"href":"https:\/\/puhdasplus.ee\/lt\/wp-json\/wp\/v2\/types\/product"}],"replies":[{"embeddable":true,"href":"https:\/\/puhdasplus.ee\/lt\/wp-json\/wp\/v2\/comments?post=35228"}],"wp:featuredmedia":[{"embeddable":true,"href":"https:\/\/puhdasplus.ee\/lt\/wp-json\/wp\/v2\/media\/35230"}],"wp:attachment":[{"href":"https:\/\/puhdasplus.ee\/lt\/wp-json\/wp\/v2\/media?parent=35228"}],"wp:term":[{"taxonomy":"product_brand","embeddable":true,"href":"https:\/\/puhdasplus.ee\/lt\/wp-json\/wp\/v2\/product_brand?post=35228"},{"taxonomy":"product_cat","embeddable":true,"href":"https:\/\/puhdasplus.ee\/lt\/wp-json\/wp\/v2\/product_cat?post=35228"},{"taxonomy":"product_tag","embeddable":true,"href":"https:\/\/puhdasplus.ee\/lt\/wp-json\/wp\/v2\/product_tag?post=35228"}],"curies":[{"name":"wp","href":"https:\/\/api.w.org\/{rel}","templated":true}]}}