{"id":35161,"date":"2021-01-21T15:27:50","date_gmt":"2021-01-21T13:27:50","guid":{"rendered":"https:\/\/puhdasplus.ee\/tooted\/be-kategorijos\/auksciausios-kokybes-gyslocio-skaidulos-180-g\/"},"modified":"2026-04-07T20:05:24","modified_gmt":"2026-04-07T17:05:24","slug":"auksciausios-kokybes-gyslocio-skaidulos-180-g","status":"publish","type":"product","link":"https:\/\/puhdasplus.ee\/lt\/produktai\/virskinimas-ir-medziagu-apykaita\/auksciausios-kokybes-gyslocio-skaidulos-180-g\/","title":{"rendered":"Auk\u0161\u010diausios kokyb\u0117s gyslo\u010dio skaidulos 180 g"},"content":{"rendered":"<h2>Kas yra \u201ePuhdas+ Premium\u201c gyslo\u010dio skaidulos?<\/h2>\n<p>\u201ePuhdas+ Premium Psyllium Fiber\u201c yra 100 % nat\u016bralus vandenyje tirpus pluo\u0161tas, pagamintas i\u0161 Plantago ovata, arba indi\u0161kos arbat\u017eol\u0117s, s\u0117kl\u0173 luk\u0161t\u0173. Psyllium yra skaidulomis turtingas nat\u016bralus produktas, tradici\u0161kai naudojamas vir\u0161kinimui palaikyti ir \u017earnyno veiklai reguliuoti. Susiliet\u0119s su vandeniu, Psyllium virsta gelio pavidalo mase, kuri \u0161velniai juda vir\u0161kinamuoju traktu, pad\u0117dama reguliuoti vir\u0161kinim\u0105 ir skatindama normali\u0105 \u017earnyno veikl\u0105.  <\/p>\n<h2>Kod\u0117l gyslo\u010dio skaidulos yra naudingos?<\/h2>\n<h3>1. Palaiko vir\u0161kinim\u0105 ir reguliar\u0173 tu\u0161tinim\u0105si<\/h3>\n<p>Gyslo\u010dio skaidulos vir\u0161kinamajame trakte suri\u0161a vanden\u012f, brinksta ir sudaro tir\u0161t\u0105 gel\u012f, kuris padeda \u017earnyno turiniui jud\u0117ti toliau. Tai padeda nat\u016braliai ir nedirginan\u010diai i\u0161vengti viduri\u0173 u\u017ekiet\u0117jimo ir j\u012f palengvinti. Tuo pa\u010diu metu jos gali palengvinti per greit\u0105 tu\u0161tinim\u0105si (pvz., viduriavim\u0105), pad\u0117ti reguliuoti \u017earnyno veikl\u0105 ir pagerinti i\u0161mat\u0173 konsistencij\u0105.  <\/p>\n<h3>2. Skaidul\u0173 turtingas papildas kasdieniam naudojimui<\/h3>\n<p>\u0160iuolaikin\u0117je mityboje da\u017enai tr\u016bksta skaidul\u0173. Gyslo\u010dio s\u0117klose itin daug skaidul\u0173 \u2013 iki 95 % j\u0173 kiekio sudaro skaidulos, kuri\u0173 did\u017eioji dalis tirpsta vandenyje. Reguliarus skaidul\u0173 vartojimas palaiko vir\u0161kinimo sveikat\u0105, padeda ilgiau jaustis sotiems ir palaiko normali\u0105 med\u017eiag\u0173 apykait\u0105.  <\/p>\n<h3>3. Gali pad\u0117ti palaikyti normal\u0173 cukraus ir cholesterolio kiek\u012f kraujyje<\/h3>\n<p>Vanden\u012f brinkinan\u010dios ir l\u0117tai vir\u0161kinamos gyslo\u010dio skaidulos padeda sul\u0117tinti angliavandeni\u0173 \u012fsisavinim\u0105, o tai gali palaikyti cukraus kiekio kraujyje pusiausvyr\u0105. Jos taip pat jungiasi su tul\u017eies r\u016bg\u0161timis ir cholesteroliu vir\u0161kinamajame trakte, o tai, vartojant kartu su sveika mityba ir gyvenimo b\u016bdu, gali pad\u0117ti palaikyti normal\u0173 cholesterolio kiek\u012f. <\/p>\n<h3>4. Tinka \u012fvairioms dietoms ir jautriam vir\u0161kinimui<\/h3>\n<p>\u201ePuhdas+ Premium Psyllium Fiber\u201c yra grynas ir be pried\u0173. Produkte n\u0117ra glitimo, laktoz\u0117s, saldikli\u0173 ar konservant\u0173, tod\u0117l jis tinka vegetarams ir veganams. D\u0117l \u0161velnaus poveikio j\u012f taip pat gali naudoti \u017emon\u0117s, turintys jautr\u0173 vir\u0161kinim\u0105 ar netoleruojantys tam tikr\u0173 maisto produkt\u0173.  <\/p>\n<h3>5. Lengva naudoti kasdieniame gyvenime<\/h3>\n<p>Gyslo\u010dio skaidulos yra neutralaus skonio ir lengvai sumai\u0161omos su vandeniu, sultimis ar kokteiliais. Tai leid\u017eia patogiai vartoti kasdien \u2013 tiek pusry\u010diams, tiek kaip u\u017ekand\u012f. Sumai\u0161ius g\u0117rim\u0105, j\u012f reikia i\u0161gerti nedelsiant ir po to u\u017egerti stikline vandens, kad b\u016bt\u0173 u\u017etikrintas veiksmingumas ir vir\u0161kinamumas.  <\/p>\n<h2>Ingredientai<\/h2>\n<ul>\n<li>\n<p>Gyslo\u010dio s\u0117klos (95 %)<\/p>\n<\/li>\n<\/ul>\n<p>Produkte n\u0117ra laktoz\u0117s, mieli\u0173, glitimo, cukraus, kukur\u016bz\u0173, sojos ar saldikli\u0173. Tinka vegetarams ir veganams.<\/p>\n<h2>Maistin\u0117 vert\u0117<\/h2>\n<p>Rekomenduojama paros doz\u0117 (1\u20132 arbatiniai \u0161auk\u0161teliai) apima:<\/p>\n<ul>\n<li>\n<p>Gyslo\u010dio s\u0117klos: 2,5\u20135 g<\/p>\n<\/li>\n<li>\n<p>i\u0161 kuri\u0173 skaidul\u0173: 2,4\u20134,8 g<\/p>\n<\/li>\n<\/ul>\n<h2>Naudojimas<\/h2>\n<p>Suaugusiesiems: 1\u20132 arbatiniai \u0161auk\u0161teliai per dien\u0105. Sumai\u0161ykite su stikline vandens, sul\u010di\u0173 ar kito skys\u010dio ir nedelsdami i\u0161gerkite. I\u0161gerkite dar vien\u0105 stiklin\u0119 vandens. Nevir\u0161ykite rekomenduojamos paros doz\u0117s.<\/p>\n<h2>Svarbi informacija<\/h2>\n<ul>\n<li>\n<p>Maisto papildas nepakei\u010dia \u012fvairios ir subalansuotos mitybos ar sveiko gyvenimo b\u016bdo.<\/p>\n<\/li>\n<li>\n<p>Laikyti vaikams nepasiekiamoje vietoje.<\/p>\n<\/li>\n<li>\n<p>Laikyti sausoje ir v\u0117sioje vietoje, originalioje pakuot\u0117je.<\/p>\n<\/li>\n<\/ul>\n<h2>Pakuot\u0117s dydis<\/h2>\n<p>180 g<\/p>\n<p><strong>\u017di\u016br\u0117ti taip pat:<\/strong> <a href=\"https:\/\/puhdasplus.ee\/toote-kategooria\/seedimine-ja-ainevahetus\/\">Vir\u0161kinimas ir med\u017eiag\u0173 apykaita<\/a> | <a href=\"https:\/\/puhdasplus.ee\/toote-kategooria\/superfood\/\">Superfood<\/a><\/p>\n","protected":false},"excerpt":{"rendered":"<div class=\"e1546-5 x-text\">\n<p>\u201ePuhdas+ Premium Psyllium\u201c yra nat\u016bralus ir labai daug skaidul\u0173 turintis maisto papildas, padedantis palaikyti normali\u0105 vir\u0161kinimo funkcij\u0105 ir pusiausvyr\u0105. Tai vandenyje tirpi skaidula, gaunama i\u0161 indi\u0161kosios arbat\u017eol\u0117s (Plantago ovata) s\u0117kl\u0173 luk\u0161t\u0173. Psyllium pasi\u017eymi nepaprastu geb\u0117jimu skystyje i\u0161brinkti iki kelis kartus didesnio t\u016brio, sudarydama mink\u0161t\u0105, gelio pavidalo mas\u0119, kuri \u0161velniai juda vir\u0161kinamuoju traktu. \u0160is gelis padeda reguliuoti \u017earnyno jud\u0117jim\u0105, tod\u0117l gyslotis naudingas tiek viduri\u0173 u\u017ekiet\u0117jimui, tiek nereguliariam tu\u0161tinimuisi.   <\/p>\n<p>Gyslo\u010dio s\u0117klos puikiai tinka \u017emon\u0117ms, kuri\u0173 kasdien\u0117je mityboje ma\u017eai skaidul\u0173 \u2013 nesvarbu, ar tai b\u016bt\u0173 \u012ftemptas gyvenimo b\u016bdas, grie\u017eta dieta, ar vir\u0161kinimo problemos. Gyslo\u010dio s\u0117kl\u0173 vartojimas skaidul\u0173 pavidalu padeda skatinti reguliar\u0173 ir patog\u0173 tu\u0161tinim\u0105si, kartu palaikydamas mikrobiomo pusiausvyr\u0105 ir bendr\u0105 vir\u0161kinimo sistemos gerov\u0119. Jos taip pat gali pad\u0117ti sukurti sotumo jausm\u0105, suma\u017einti u\u017ekand\u017eiavim\u0105 ir palaikyti subalansuot\u0105 mityb\u0105.  <\/p>\n<p>Be teigiamo poveikio \u017earnyno sveikatai, gyslo\u010dio skaidulos gali pad\u0117ti sul\u0117tinti angliavandeni\u0173 \u012fsisavinim\u0105, o tai savo ruo\u017etu padeda palaikyti stabilesn\u012f cukraus kiek\u012f kraujyje \u2013 ypa\u010d naudinga tiems, kurie nori i\u0161vengti cukraus kiekio kraujyje \u0161uoli\u0173 arba palaikyti med\u017eiag\u0173 apykait\u0105. Taip pat nustatyta, kad gyslotis palaiko normal\u0173 cholesterolio kiek\u012f, vir\u0161kinamajame trakte suri\u0161damas cholesterol\u012f ir tul\u017eies r\u016bg\u0161tis ir pad\u0117damas j\u0173 i\u0161siskyrimui. <\/p>\n<p>Psyllium tinka kasdieniam vartojimui visiems, norintiems pagerinti vir\u0161kinim\u0105, padidinti skaidul\u0173 suvartojim\u0105 arba ie\u0161kantiems nat\u016bralaus ir gerai toleruojamo b\u016bdo palaikyti \u017earnyn\u0105. Produktas yra be glitimo, laktoz\u0117s ir pried\u0173, tod\u0117l puikiai tinka veganams ir alergi\u0161kiems \u017emon\u0117ms. D\u0117l neutralaus skonio j\u012f lengva \u012fmai\u0161yti \u012f vanden\u012f, sultis ar kokteilius \u2013 jis nekei\u010dia maisto skonio, ta\u010diau stipriai palaiko organizmo kasdien\u0119 pusiausvyr\u0105.  <\/p>\n<p>Jei ken\u010diate nuo viduri\u0173 u\u017ekiet\u0117jimo, nereguliaraus tu\u0161tinimosi, laikot\u0117s ma\u017eai skaidul\u0173 turin\u010dios dietos arba tiesiog norite \u0161velnios, bet veiksmingos vir\u0161kinimo palaikymo, \u201ePuhdas+ Premium Psyllium Fiber\u201c yra prakti\u0161kas, saugus ir nat\u016bralus sprendimas.<\/p>\n<\/div>\n","protected":false},"featured_media":35164,"comment_status":"closed","ping_status":"closed","template":"","meta":{"_acf_changed":false,"googlesitekit_rrm_CAow3eq7DA:productID":""},"product_brand":[],"product_cat":[3318],"product_tag":[8346,8350,3131,8378,2967,3858],"class_list":{"0":"post-35161","1":"product","2":"type-product","3":"status-publish","4":"has-post-thumbnail","6":"product_cat-virskinimas-ir-medziagu-apykaita","7":"product_tag-be-gliuteno-lt","8":"product_tag-be-laktozs-lt","9":"product_tag-maisto-papildas","10":"product_tag-natralus-lt","11":"product_tag-veganas","12":"product_tag-virskinimas","14":"first","15":"instock","16":"taxable","17":"shipping-taxable","18":"purchasable","19":"product-type-simple"},"acf":[],"yoast_head":"<!-- This site is optimized with the Yoast SEO plugin v27.3 - https:\/\/yoast.com\/product\/yoast-seo-wordpress\/ -->\n<title>Auk\u0161\u010diausios kokyb\u0117s gyslo\u010dio skaidulos 180 g | Puhdas+<\/title>\n<meta name=\"description\" content=\"Auk\u0161\u010diausios kokyb\u0117s gyslo\u010dio skaidulos 180 g \u2013 nat\u016bralios skaidulos, padedan\u010dios vir\u0161kinti ir gerinan\u010dios kepini\u0173 be glitimo kokyb\u0119. Tinka veganams, be pried\u0173.\" \/>\n<meta name=\"robots\" content=\"index, follow, max-snippet:-1, max-image-preview:large, max-video-preview:-1\" \/>\n<link rel=\"canonical\" href=\"https:\/\/puhdasplus.ee\/lt\/produktai\/virskinimas-ir-medziagu-apykaita\/auksciausios-kokybes-gyslocio-skaidulos-180-g\/\" \/>\n<meta property=\"og:locale\" content=\"lt_LT\" \/>\n<meta property=\"og:type\" content=\"article\" \/>\n<meta property=\"og:title\" content=\"Auk\u0161\u010diausios kokyb\u0117s gyslo\u010dio skaidulos 180 g | Puhdas+\" \/>\n<meta property=\"og:description\" content=\"Auk\u0161\u010diausios kokyb\u0117s gyslo\u010dio skaidulos 180 g \u2013 nat\u016bralios skaidulos, padedan\u010dios vir\u0161kinti ir gerinan\u010dios kepini\u0173 be glitimo kokyb\u0119. Tinka veganams, be pried\u0173.\" \/>\n<meta property=\"og:url\" content=\"https:\/\/puhdasplus.ee\/lt\/produktai\/virskinimas-ir-medziagu-apykaita\/auksciausios-kokybes-gyslocio-skaidulos-180-g\/\" \/>\n<meta property=\"og:site_name\" content=\"Puhdas+\" \/>\n<meta property=\"article:publisher\" content=\"https:\/\/www.facebook.com\/puhdasplus\" \/>\n<meta property=\"article:modified_time\" content=\"2026-04-07T17:05:24+00:00\" \/>\n<meta property=\"og:image\" content=\"https:\/\/puhdasplus.ee\/wp-content\/uploads\/2025\/03\/53.jpg\" \/>\n\t<meta property=\"og:image:width\" content=\"1862\" \/>\n\t<meta property=\"og:image:height\" content=\"2560\" \/>\n\t<meta property=\"og:image:type\" content=\"image\/jpeg\" \/>\n<meta name=\"twitter:card\" content=\"summary_large_image\" \/>\n<meta name=\"twitter:label1\" content=\"Est. reading time\" \/>\n\t<meta name=\"twitter:data1\" content=\"2 minut\u0117\" \/>\n<script type=\"application\/ld+json\" class=\"yoast-schema-graph\">{\"@context\":\"https:\\\/\\\/schema.org\",\"@graph\":[{\"@type\":\"WebPage\",\"@id\":\"https:\\\/\\\/puhdasplus.ee\\\/lt\\\/produktai\\\/virskinimas-ir-medziagu-apykaita\\\/auksciausios-kokybes-gyslocio-skaidulos-180-g\\\/\",\"url\":\"https:\\\/\\\/puhdasplus.ee\\\/lt\\\/produktai\\\/virskinimas-ir-medziagu-apykaita\\\/auksciausios-kokybes-gyslocio-skaidulos-180-g\\\/\",\"name\":\"Auk\u0161\u010diausios kokyb\u0117s gyslo\u010dio skaidulos 180 g | Puhdas+\",\"isPartOf\":{\"@id\":\"https:\\\/\\\/puhdasplus.ee\\\/lt\\\/#website\"},\"primaryImageOfPage\":{\"@id\":\"https:\\\/\\\/puhdasplus.ee\\\/lt\\\/produktai\\\/virskinimas-ir-medziagu-apykaita\\\/auksciausios-kokybes-gyslocio-skaidulos-180-g\\\/#primaryimage\"},\"image\":{\"@id\":\"https:\\\/\\\/puhdasplus.ee\\\/lt\\\/produktai\\\/virskinimas-ir-medziagu-apykaita\\\/auksciausios-kokybes-gyslocio-skaidulos-180-g\\\/#primaryimage\"},\"thumbnailUrl\":\"https:\\\/\\\/puhdasplus.ee\\\/wp-content\\\/uploads\\\/2025\\\/03\\\/53.jpg\",\"datePublished\":\"2021-01-21T13:27:50+00:00\",\"dateModified\":\"2026-04-07T17:05:24+00:00\",\"description\":\"Auk\u0161\u010diausios kokyb\u0117s gyslo\u010dio skaidulos 180 g \u2013 nat\u016bralios skaidulos, padedan\u010dios vir\u0161kinti ir gerinan\u010dios kepini\u0173 be glitimo kokyb\u0119. Tinka veganams, be pried\u0173.\",\"breadcrumb\":{\"@id\":\"https:\\\/\\\/puhdasplus.ee\\\/lt\\\/produktai\\\/virskinimas-ir-medziagu-apykaita\\\/auksciausios-kokybes-gyslocio-skaidulos-180-g\\\/#breadcrumb\"},\"inLanguage\":\"lt-LT\",\"potentialAction\":[{\"@type\":\"ReadAction\",\"target\":[\"https:\\\/\\\/puhdasplus.ee\\\/lt\\\/produktai\\\/virskinimas-ir-medziagu-apykaita\\\/auksciausios-kokybes-gyslocio-skaidulos-180-g\\\/\"]}]},{\"@type\":\"ImageObject\",\"inLanguage\":\"lt-LT\",\"@id\":\"https:\\\/\\\/puhdasplus.ee\\\/lt\\\/produktai\\\/virskinimas-ir-medziagu-apykaita\\\/auksciausios-kokybes-gyslocio-skaidulos-180-g\\\/#primaryimage\",\"url\":\"https:\\\/\\\/puhdasplus.ee\\\/wp-content\\\/uploads\\\/2025\\\/03\\\/53.jpg\",\"contentUrl\":\"https:\\\/\\\/puhdasplus.ee\\\/wp-content\\\/uploads\\\/2025\\\/03\\\/53.jpg\",\"width\":1862,\"height\":2560,\"caption\":\"Auk\u0161\u010diausios kokyb\u0117s gyslo\u010dio skaidulos 180 g\"},{\"@type\":\"BreadcrumbList\",\"@id\":\"https:\\\/\\\/puhdasplus.ee\\\/lt\\\/produktai\\\/virskinimas-ir-medziagu-apykaita\\\/auksciausios-kokybes-gyslocio-skaidulos-180-g\\\/#breadcrumb\",\"itemListElement\":[{\"@type\":\"ListItem\",\"position\":1,\"name\":\"Prad\u017eia\",\"item\":\"https:\\\/\\\/puhdasplus.ee\\\/lt\\\/\"},{\"@type\":\"ListItem\",\"position\":2,\"name\":\"Produktai\",\"item\":\"https:\\\/\\\/puhdasplus.ee\\\/lt\\\/parduotuve\\\/\"},{\"@type\":\"ListItem\",\"position\":3,\"name\":\"Auk\u0161\u010diausios kokyb\u0117s gyslo\u010dio skaidulos 180 g\"}]},{\"@type\":\"WebSite\",\"@id\":\"https:\\\/\\\/puhdasplus.ee\\\/lt\\\/#website\",\"url\":\"https:\\\/\\\/puhdasplus.ee\\\/lt\\\/\",\"name\":\"Puhdas+\",\"description\":\"Vitaminai, maisto papildai, nat\u016brali kosmetika, sveikata, sportas\",\"publisher\":{\"@id\":\"https:\\\/\\\/puhdasplus.ee\\\/lt\\\/#organization\"},\"potentialAction\":[{\"@type\":\"SearchAction\",\"target\":{\"@type\":\"EntryPoint\",\"urlTemplate\":\"https:\\\/\\\/puhdasplus.ee\\\/lt\\\/?s={search_term_string}\"},\"query-input\":{\"@type\":\"PropertyValueSpecification\",\"valueRequired\":true,\"valueName\":\"search_term_string\"}}],\"inLanguage\":\"lt-LT\"},{\"@type\":\"Organization\",\"@id\":\"https:\\\/\\\/puhdasplus.ee\\\/lt\\\/#organization\",\"name\":\"Puhdas+\",\"alternateName\":\"Puhdasplus\",\"url\":\"https:\\\/\\\/puhdasplus.ee\\\/lt\\\/\",\"logo\":{\"@type\":\"ImageObject\",\"inLanguage\":\"lt-LT\",\"@id\":\"https:\\\/\\\/puhdasplus.ee\\\/lt\\\/#\\\/schema\\\/logo\\\/image\\\/\",\"url\":\"https:\\\/\\\/puhdasplus.ee\\\/wp-content\\\/uploads\\\/2019\\\/10\\\/puhdas_logo-arvele.png\",\"contentUrl\":\"https:\\\/\\\/puhdasplus.ee\\\/wp-content\\\/uploads\\\/2019\\\/10\\\/puhdas_logo-arvele.png\",\"width\":114,\"height\":94,\"caption\":\"Puhdas+\"},\"image\":{\"@id\":\"https:\\\/\\\/puhdasplus.ee\\\/lt\\\/#\\\/schema\\\/logo\\\/image\\\/\"},\"sameAs\":[\"https:\\\/\\\/www.facebook.com\\\/puhdasplus\",\"https:\\\/\\\/www.instagram.com\\\/puhdasplus_ee\\\/\"]}]}<\/script>\n<!-- \/ Yoast SEO plugin. -->","yoast_head_json":{"title":"Auk\u0161\u010diausios kokyb\u0117s gyslo\u010dio skaidulos 180 g | Puhdas+","description":"Auk\u0161\u010diausios kokyb\u0117s gyslo\u010dio skaidulos 180 g \u2013 nat\u016bralios skaidulos, padedan\u010dios vir\u0161kinti ir gerinan\u010dios kepini\u0173 be glitimo kokyb\u0119. Tinka veganams, be pried\u0173.","robots":{"index":"index","follow":"follow","max-snippet":"max-snippet:-1","max-image-preview":"max-image-preview:large","max-video-preview":"max-video-preview:-1"},"canonical":"https:\/\/puhdasplus.ee\/lt\/produktai\/virskinimas-ir-medziagu-apykaita\/auksciausios-kokybes-gyslocio-skaidulos-180-g\/","og_locale":"lt_LT","og_type":"article","og_title":"Auk\u0161\u010diausios kokyb\u0117s gyslo\u010dio skaidulos 180 g | Puhdas+","og_description":"Auk\u0161\u010diausios kokyb\u0117s gyslo\u010dio skaidulos 180 g \u2013 nat\u016bralios skaidulos, padedan\u010dios vir\u0161kinti ir gerinan\u010dios kepini\u0173 be glitimo kokyb\u0119. Tinka veganams, be pried\u0173.","og_url":"https:\/\/puhdasplus.ee\/lt\/produktai\/virskinimas-ir-medziagu-apykaita\/auksciausios-kokybes-gyslocio-skaidulos-180-g\/","og_site_name":"Puhdas+","article_publisher":"https:\/\/www.facebook.com\/puhdasplus","article_modified_time":"2026-04-07T17:05:24+00:00","og_image":[{"width":1862,"height":2560,"url":"https:\/\/puhdasplus.ee\/wp-content\/uploads\/2025\/03\/53.jpg","type":"image\/jpeg"}],"twitter_card":"summary_large_image","twitter_misc":{"Est. reading time":"2 minut\u0117"},"schema":{"@context":"https:\/\/schema.org","@graph":[{"@type":"WebPage","@id":"https:\/\/puhdasplus.ee\/lt\/produktai\/virskinimas-ir-medziagu-apykaita\/auksciausios-kokybes-gyslocio-skaidulos-180-g\/","url":"https:\/\/puhdasplus.ee\/lt\/produktai\/virskinimas-ir-medziagu-apykaita\/auksciausios-kokybes-gyslocio-skaidulos-180-g\/","name":"Auk\u0161\u010diausios kokyb\u0117s gyslo\u010dio skaidulos 180 g | Puhdas+","isPartOf":{"@id":"https:\/\/puhdasplus.ee\/lt\/#website"},"primaryImageOfPage":{"@id":"https:\/\/puhdasplus.ee\/lt\/produktai\/virskinimas-ir-medziagu-apykaita\/auksciausios-kokybes-gyslocio-skaidulos-180-g\/#primaryimage"},"image":{"@id":"https:\/\/puhdasplus.ee\/lt\/produktai\/virskinimas-ir-medziagu-apykaita\/auksciausios-kokybes-gyslocio-skaidulos-180-g\/#primaryimage"},"thumbnailUrl":"https:\/\/puhdasplus.ee\/wp-content\/uploads\/2025\/03\/53.jpg","datePublished":"2021-01-21T13:27:50+00:00","dateModified":"2026-04-07T17:05:24+00:00","description":"Auk\u0161\u010diausios kokyb\u0117s gyslo\u010dio skaidulos 180 g \u2013 nat\u016bralios skaidulos, padedan\u010dios vir\u0161kinti ir gerinan\u010dios kepini\u0173 be glitimo kokyb\u0119. Tinka veganams, be pried\u0173.","breadcrumb":{"@id":"https:\/\/puhdasplus.ee\/lt\/produktai\/virskinimas-ir-medziagu-apykaita\/auksciausios-kokybes-gyslocio-skaidulos-180-g\/#breadcrumb"},"inLanguage":"lt-LT","potentialAction":[{"@type":"ReadAction","target":["https:\/\/puhdasplus.ee\/lt\/produktai\/virskinimas-ir-medziagu-apykaita\/auksciausios-kokybes-gyslocio-skaidulos-180-g\/"]}]},{"@type":"ImageObject","inLanguage":"lt-LT","@id":"https:\/\/puhdasplus.ee\/lt\/produktai\/virskinimas-ir-medziagu-apykaita\/auksciausios-kokybes-gyslocio-skaidulos-180-g\/#primaryimage","url":"https:\/\/puhdasplus.ee\/wp-content\/uploads\/2025\/03\/53.jpg","contentUrl":"https:\/\/puhdasplus.ee\/wp-content\/uploads\/2025\/03\/53.jpg","width":1862,"height":2560,"caption":"Auk\u0161\u010diausios kokyb\u0117s gyslo\u010dio skaidulos 180 g"},{"@type":"BreadcrumbList","@id":"https:\/\/puhdasplus.ee\/lt\/produktai\/virskinimas-ir-medziagu-apykaita\/auksciausios-kokybes-gyslocio-skaidulos-180-g\/#breadcrumb","itemListElement":[{"@type":"ListItem","position":1,"name":"Prad\u017eia","item":"https:\/\/puhdasplus.ee\/lt\/"},{"@type":"ListItem","position":2,"name":"Produktai","item":"https:\/\/puhdasplus.ee\/lt\/parduotuve\/"},{"@type":"ListItem","position":3,"name":"Auk\u0161\u010diausios kokyb\u0117s gyslo\u010dio skaidulos 180 g"}]},{"@type":"WebSite","@id":"https:\/\/puhdasplus.ee\/lt\/#website","url":"https:\/\/puhdasplus.ee\/lt\/","name":"Puhdas+","description":"Vitaminai, maisto papildai, nat\u016brali kosmetika, sveikata, sportas","publisher":{"@id":"https:\/\/puhdasplus.ee\/lt\/#organization"},"potentialAction":[{"@type":"SearchAction","target":{"@type":"EntryPoint","urlTemplate":"https:\/\/puhdasplus.ee\/lt\/?s={search_term_string}"},"query-input":{"@type":"PropertyValueSpecification","valueRequired":true,"valueName":"search_term_string"}}],"inLanguage":"lt-LT"},{"@type":"Organization","@id":"https:\/\/puhdasplus.ee\/lt\/#organization","name":"Puhdas+","alternateName":"Puhdasplus","url":"https:\/\/puhdasplus.ee\/lt\/","logo":{"@type":"ImageObject","inLanguage":"lt-LT","@id":"https:\/\/puhdasplus.ee\/lt\/#\/schema\/logo\/image\/","url":"https:\/\/puhdasplus.ee\/wp-content\/uploads\/2019\/10\/puhdas_logo-arvele.png","contentUrl":"https:\/\/puhdasplus.ee\/wp-content\/uploads\/2019\/10\/puhdas_logo-arvele.png","width":114,"height":94,"caption":"Puhdas+"},"image":{"@id":"https:\/\/puhdasplus.ee\/lt\/#\/schema\/logo\/image\/"},"sameAs":["https:\/\/www.facebook.com\/puhdasplus","https:\/\/www.instagram.com\/puhdasplus_ee\/"]}]}},"_yoast_wpseo_title":"Auk\u0161\u010diausios kokyb\u0117s gyslo\u010dio skaidulos 180 g | Puhdas+","_yoast_wpseo_metadesc":"Auk\u0161\u010diausios kokyb\u0117s gyslo\u010dio skaidulos 180 g \u2013 nat\u016bralios skaidulos, padedan\u010dios vir\u0161kinti ir gerinan\u010dios kepini\u0173 be glitimo kokyb\u0119. Tinka veganams, be pried\u0173.","_yoast_wpseo_focuskw":"Auk\u0161\u010diausios kokyb\u0117s gyslo\u010dio pluo\u0161tas","_links":{"self":[{"href":"https:\/\/puhdasplus.ee\/lt\/wp-json\/wp\/v2\/product\/35161","targetHints":{"allow":["GET"]}}],"collection":[{"href":"https:\/\/puhdasplus.ee\/lt\/wp-json\/wp\/v2\/product"}],"about":[{"href":"https:\/\/puhdasplus.ee\/lt\/wp-json\/wp\/v2\/types\/product"}],"replies":[{"embeddable":true,"href":"https:\/\/puhdasplus.ee\/lt\/wp-json\/wp\/v2\/comments?post=35161"}],"wp:featuredmedia":[{"embeddable":true,"href":"https:\/\/puhdasplus.ee\/lt\/wp-json\/wp\/v2\/media\/35164"}],"wp:attachment":[{"href":"https:\/\/puhdasplus.ee\/lt\/wp-json\/wp\/v2\/media?parent=35161"}],"wp:term":[{"taxonomy":"product_brand","embeddable":true,"href":"https:\/\/puhdasplus.ee\/lt\/wp-json\/wp\/v2\/product_brand?post=35161"},{"taxonomy":"product_cat","embeddable":true,"href":"https:\/\/puhdasplus.ee\/lt\/wp-json\/wp\/v2\/product_cat?post=35161"},{"taxonomy":"product_tag","embeddable":true,"href":"https:\/\/puhdasplus.ee\/lt\/wp-json\/wp\/v2\/product_tag?post=35161"}],"curies":[{"name":"wp","href":"https:\/\/api.w.org\/{rel}","templated":true}]}}