{"id":35110,"date":"2021-04-10T13:17:56","date_gmt":"2021-04-10T10:17:56","guid":{"rendered":"https:\/\/puhdasplus.ee\/tooted\/be-kategorijos\/auksciausios-kokybes-omega-3\/"},"modified":"2026-04-07T19:56:23","modified_gmt":"2026-04-07T16:56:23","slug":"auksciausios-kokybes-omega-3","status":"publish","type":"product","link":"https:\/\/puhdasplus.ee\/lt\/produktai\/sirdies-sveikata\/omega-3-lt\/auksciausios-kokybes-omega-3\/","title":{"rendered":"Auk\u0161\u010diausios kokyb\u0117s omega-3"},"content":{"rendered":"<p><b>\u201ePuhdas+ Premium Omega-3\u201c<\/b> yra auk\u0161tos kokyb\u0117s \u017euv\u0173 tauk\u0173 kapsul\u0117s, kuriose yra lengvai \u012fsisavinam\u0173 <b>EPA ir DHA riebal\u0173 r\u016bg\u0161\u010di\u0173 mi\u0161inio nat\u016bralios triglicerid\u0173 formos.<\/b> DHA padeda palaikyti normal\u0173 <b>reg\u0117jim\u0105 ir smegen\u0173 funkcij\u0105<\/b> , o kartu su EPA palaiko <b>normali\u0105 \u0161irdies funkcij\u0105.<\/b> <\/p>\n<p>DHA ir EPA nauda sveikatai yra moksli\u0161kai \u012frodyta. DHA padeda palaikyti normali\u0105 smegen\u0173 funkcij\u0105 ir reg\u0117jim\u0105, o kartu su EPA ji taip pat palaiko normali\u0105 \u0161irdies funkcij\u0105. Teigiamas poveikis pasiekiamas, kai kasdien suvartojama bent 250 mg DHA ir EPA.  <\/p>\n<h2>Kod\u0117l omega-3 riebal\u0173 r\u016bg\u0161tys yra naudingos?<\/h2>\n<p>Omega-3 riebal\u0173 r\u016bg\u0161tys \u2013 pirmiausia <strong>EPA (eikozapentaeno r\u016bg\u0161tis)<\/strong> ir <strong>DHA (dokozaheksaeno r\u016bg\u0161tis)<\/strong> \u2013 yra nepakei\u010diamieji riebalai, kuri\u0173 organizmas negali pasigaminti pats ir turi b\u016bti gaunamas su maistu arba papildais. \u0160ios riebal\u0173 r\u016bg\u0161tys yra b\u016btinos <b>l\u0105steli\u0173 strukt\u016brai<\/b> ir atlieka svarb\u0173 vaidmen\u012f <b>normaliai \u0161irdies, smegen\u0173 ir reg\u0117jimo funkcijai<\/b> . <\/p>\n<ul>\n<li>\n<p><strong>\u0160ird\u017eiai<\/strong> : EPA ir DHA padeda palaikyti normali\u0105 \u0161irdies funkcij\u0105.<\/p>\n<\/li>\n<li>\n<p><strong>Smegenims<\/strong> : DHR padeda palaikyti normali\u0105 smegen\u0173 funkcij\u0105, skatina susikaupim\u0105 ir atminties procesus.<\/p>\n<\/li>\n<li>\n<p><strong>Reg\u0117jimui<\/strong> : DHR padeda palaikyti normal\u0173 reg\u0117jim\u0105, ypa\u010d senstant.<\/p>\n<\/li>\n<\/ul>\n<h2>Kuo ypatingas \u201ePuhdas+ Premium Omega-3\u201c?<\/h2>\n<ul>\n<li>\n<p><strong>\u017duv\u0173 taukai gaunami i\u0161 grynos gamtos \u2013  <\/strong>\u201ePuhdas+ Premium Omega-3\u201c gaminamas i\u0161 saugi\u0173 laukini\u0173 an\u010diuvi\u0173, sugaut\u0173 neu\u017eter\u0161tuose Ramiojo vandenyno piet\u0173 vandenyse. \u017duv\u0173 taukai prie\u0161 patekdami \u012f kapsul\u0119 yra labai kruop\u0161\u010diai i\u0161valomi. Tod\u0117l \u017euv\u0173 taukuose n\u0117ra sunki\u0173j\u0173 metal\u0173 ar kit\u0173 toksin\u0173. \u201ePuhdas+\u201c \u017euv\u0173 tauk\u0173 Totox skai\u010dius paprastai yra ma\u017eesnis nei 5, o tai rei\u0161kia, kad jie yra labai ne\u017eymiai oksiduoti. Kiekviena \u017euv\u0173 tauk\u0173 partija yra 100 % atsekama.      <\/p>\n<\/li>\n<li>\n<p><strong>Kruop\u0161\u010diai i\u0161valyta sud\u0117tis<\/strong> <br \/> Kiekviena \u017euv\u0173 tauk\u0173 partija yra kruop\u0161\u010diai i\u0161valoma, tod\u0117l aliejuje neb\u0117ra <strong>sunki\u0173j\u0173 metal\u0173 ir kit\u0173 ter\u0161al\u0173<\/strong> . Produktas turi labai ma\u017e\u0105 Totox vert\u0119 (ma\u017eesn\u0119 nei 5), o tai rodo minimali\u0105 oksidacij\u0105 ir maksimal\u0173 \u0161vie\u017eum\u0105.<\/p>\n<\/li>\n<li>\n<p><strong>Sertifikuota tvari gamyba<\/strong> <br \/> Produktas yra gav\u0119s <strong>\u201eFriend of the Sea\u201c<\/strong> sertifikat\u0105, o tai rei\u0161kia, kad \u017evejyba yra draugi\u0161ka aplinkai, atsekama ir nekenkia nykstan\u010dioms \u017euv\u0173 r\u016b\u0161ims.<\/p>\n<\/li>\n<\/ul>\n<h2>Kam tinka Omega-3 papildas?<\/h2>\n<ul>\n<li>\n<p>Tiems, kurie vartoja ma\u017eai riebios \u017euvies arba augalin\u0117s kilm\u0117s omega-3 \u0161altinius<\/p>\n<\/li>\n<li>\n<p>Biuro darbuotojams ir studentams \u2013 didelis kr\u016bvis smegenims ir akims<\/p>\n<\/li>\n<li>\n<p>Senjorams \u2013 norintiems palaikyti \u0161irdies ir smegen\u0173 veikl\u0105<\/p>\n<\/li>\n<li>\n<p>Sveikatos ir fizinio aktyvumo besir\u016bpinantiems \u017emon\u0117ms \u2013 tiems, kuriems reikia didesni\u0173 mitybos poreiki\u0173<\/p>\n<\/li>\n<li>\n<p>N\u0117\u0161\u010diosioms ir \u017eindan\u010dioms moterims \u2013 <b>DHR prisideda prie vaisiaus ir k\u016bdikio smegen\u0173 vystymosi<\/b> (prireikus pasitarkite su sveikatos prie\u017ei\u016bros specialistu).<\/p>\n<\/li>\n<\/ul>\n<h2>Sud\u0117tis ir dozavimas<\/h2>\n<ul>\n<li>\n<p><strong>Sud\u0117tis:<\/strong> \u017euv\u0173 taukai (triglicerid\u0173 forma), kapsul\u0117s apvalkalas (\u017eelatina), glicerolis, nat\u016bralus vitaminas E (d-alfa-tokoferolis)<\/p>\n<\/li>\n<li>\n<p><strong>Rekomenduojama paros doz\u0117 suaugusiesiems:<\/strong> 1\u20132 kapsul\u0117s per dien\u0105, u\u017egeriant vandeniu.<\/p>\n<h2>Maistini\u0173 med\u017eiag\u0173 kiekis<\/h2>\n<p><b>1 kapsul\u0117je yra:<\/b><\/p>\n<p>\u2013 Omega-3 riebal\u0173 r\u016bg\u0161tys: 680 mg, \u012fskaitant EPA 360 mg, DHA 240 mg<\/p>\n<p>\u2013 Vitaminas E: 5 mg (42 % RMV*)<\/p>\n<\/li>\n<li> <b>2 kapsul\u0117se yra:<\/b>\n<p>\u2013 Omega-3 riebal\u0173 r\u016bg\u0161tys: 1360 mg, \u012fskaitant EPA 720 mg, DHA 480 mg<\/p>\n<p>\u2013 Vitaminas E: 10 mg (83 % RMV*)<\/p>\n<p><strong>RMV \u2013 referencin\u0117 paros norma suaugusiam \u017emogui.<\/strong><\/li>\n<\/ul>\n<p>Maisto papildas nepakei\u010dia \u012fvairios mitybos ar sveiko gyvenimo b\u016bdo. Laikyti vaikams nepasiekiamoje vietoje.  <b>Netinka \u017emon\u0117ms, turintiems kraujo kre\u0161\u0117jimo sutrikim\u0173.<\/b><\/p>\n<p><strong>\u017dr. taip pat:<\/strong> <a href=\"https:\/\/puhdasplus.ee\/toote-kategooria\/omega-3\/\">Omega-3<\/a> | <a href=\"https:\/\/puhdasplus.ee\/toote-kategooria\/sudame-tervis\/\">S\u00fcdame tervis<\/a> | <a href=\"https:\/\/puhdasplus.ee\/toote-kategooria\/immuunsusteem\/\">Immuuns\u00fcsteem<\/a><\/p>\n","protected":false},"excerpt":{"rendered":"<p><b>\u201ePuhdas+ Premium Omega-3\u201c<\/b> yra <b>grynas<\/b> \u017euv\u0173 tauk\u0173 papildas, kurio sud\u0117tyje yra EPA ir DHA riebal\u0173 r\u016bg\u0161\u010di\u0173 nat\u016bralios <b>triglicerid\u0173 formos<\/b> . \u0160ios nepakei\u010diamos riebal\u0173 r\u016bg\u0161tys <b>padeda palaikyti normali\u0105 \u0161irdies veikl\u0105<\/b> , <b>smegen\u0173 ir reg\u0117jimo funkcijas<\/b> bei papildo kasdien\u0119 mityb\u0105, ypa\u010d jei su maistu negaunate pakankamai omega-3 riebal\u0173 r\u016bg\u0161\u010di\u0173. <\/p>\n<p>\u017duv\u0173 taukai gaunami i\u0161 <b>laukini\u0173<\/b> <b>an\u010diuvi\u0173,<\/b> sugaut\u0173 \u0161variuose <b>Piet\u0173 Ramiojo vandenyno<\/b> vandenyse, ir yra kruop\u0161\u010diai i\u0161valomi, siekiant pa\u0161alinti sunkiuosius metalus ir kitus ter\u0161alus. Produktas yra sertifikuotas <b>\u201eFriend of the Sea\u201c<\/b> \u017eenklu, patvirtinan\u010diu tvari\u0105 ir aplinkai nekenksming\u0105 gamyb\u0105. <\/p>\n<p><b>\u201ePuhdas+ Premium Omega-3\u201c tinka kasdieniam vartojimui<\/b> visiems, norintiems <b>nat\u016bralios paramos savo \u0161irdies, reg\u0117jimo ir smegen\u0173 funkcijoms<\/b> .<\/p>\n","protected":false},"featured_media":30259,"comment_status":"closed","ping_status":"closed","template":"","meta":{"_acf_changed":false,"googlesitekit_rrm_CAow3eq7DA:productID":""},"product_brand":[],"product_cat":[3413,3412],"product_tag":[8291,3023,3131,8378,8284,3959,3706,8382,8288],"class_list":{"0":"post-35110","1":"product","2":"type-product","3":"status-publish","4":"has-post-thumbnail","6":"product_cat-omega-3-lt","7":"product_cat-sirdies-sveikata","8":"product_tag-fish-oil-lt","9":"product_tag-imunitetas","10":"product_tag-maisto-papildas","11":"product_tag-natralus-lt","12":"product_tag-omega-lt","13":"product_tag-omega-3-lt","14":"product_tag-sirdies-sveikata","15":"product_tag-smegen-sveikata-lt","16":"product_tag-uv-taukai-lt","18":"first","19":"outofstock","20":"featured","21":"taxable","22":"shipping-taxable","23":"purchasable","24":"product-type-variable","25":"has-default-attributes"},"acf":[],"yoast_head":"<!-- This site is optimized with the Yoast SEO plugin v27.3 - https:\/\/yoast.com\/product\/yoast-seo-wordpress\/ -->\n<title>Auk\u0161\u010diausios kokyb\u0117s omega-3 | Puhdas+<\/title>\n<meta name=\"description\" content=\"Auk\u0161\u010diausios kokyb\u0117s Omega-3 \u2013 gryni ir veiksmingi \u017euv\u0173 taukai kapsul\u0117se, palaikantys \u0161irdies, smegen\u0173 ir reg\u0117jimo sveikat\u0105. Sud\u0117tyje yra didel\u0117 EPA ir DHA riebal\u0173 r\u016bg\u0161\u010di\u0173 koncentracija.\" \/>\n<meta name=\"robots\" content=\"index, follow, max-snippet:-1, max-image-preview:large, max-video-preview:-1\" \/>\n<link rel=\"canonical\" href=\"https:\/\/puhdasplus.ee\/lt\/produktai\/sirdies-sveikata\/omega-3-lt\/auksciausios-kokybes-omega-3\/\" \/>\n<meta property=\"og:locale\" content=\"lt_LT\" \/>\n<meta property=\"og:type\" content=\"article\" \/>\n<meta property=\"og:title\" content=\"Auk\u0161\u010diausios kokyb\u0117s omega-3 | Puhdas+\" \/>\n<meta property=\"og:description\" content=\"Auk\u0161\u010diausios kokyb\u0117s Omega-3 \u2013 gryni ir veiksmingi \u017euv\u0173 taukai kapsul\u0117se, palaikantys \u0161irdies, smegen\u0173 ir reg\u0117jimo sveikat\u0105. Sud\u0117tyje yra didel\u0117 EPA ir DHA riebal\u0173 r\u016bg\u0161\u010di\u0173 koncentracija.\" \/>\n<meta property=\"og:url\" content=\"https:\/\/puhdasplus.ee\/lt\/produktai\/sirdies-sveikata\/omega-3-lt\/auksciausios-kokybes-omega-3\/\" \/>\n<meta property=\"og:site_name\" content=\"Puhdas+\" \/>\n<meta property=\"article:publisher\" content=\"https:\/\/www.facebook.com\/puhdasplus\" \/>\n<meta property=\"article:modified_time\" content=\"2026-04-07T16:56:23+00:00\" \/>\n<meta property=\"og:image\" content=\"https:\/\/puhdasplus.ee\/wp-content\/uploads\/2021\/04\/2-scaled.jpg\" \/>\n\t<meta property=\"og:image:width\" content=\"1862\" \/>\n\t<meta property=\"og:image:height\" content=\"2560\" \/>\n\t<meta property=\"og:image:type\" content=\"image\/jpeg\" \/>\n<meta name=\"twitter:card\" content=\"summary_large_image\" \/>\n<meta name=\"twitter:label1\" content=\"Est. reading time\" \/>\n\t<meta name=\"twitter:data1\" content=\"3 minut\u0117\" \/>\n<script type=\"application\/ld+json\" class=\"yoast-schema-graph\">{\"@context\":\"https:\\\/\\\/schema.org\",\"@graph\":[{\"@type\":\"WebPage\",\"@id\":\"https:\\\/\\\/puhdasplus.ee\\\/lt\\\/produktai\\\/sirdies-sveikata\\\/omega-3-lt\\\/auksciausios-kokybes-omega-3\\\/\",\"url\":\"https:\\\/\\\/puhdasplus.ee\\\/lt\\\/produktai\\\/sirdies-sveikata\\\/omega-3-lt\\\/auksciausios-kokybes-omega-3\\\/\",\"name\":\"Auk\u0161\u010diausios kokyb\u0117s omega-3 | Puhdas+\",\"isPartOf\":{\"@id\":\"https:\\\/\\\/puhdasplus.ee\\\/lt\\\/#website\"},\"primaryImageOfPage\":{\"@id\":\"https:\\\/\\\/puhdasplus.ee\\\/lt\\\/produktai\\\/sirdies-sveikata\\\/omega-3-lt\\\/auksciausios-kokybes-omega-3\\\/#primaryimage\"},\"image\":{\"@id\":\"https:\\\/\\\/puhdasplus.ee\\\/lt\\\/produktai\\\/sirdies-sveikata\\\/omega-3-lt\\\/auksciausios-kokybes-omega-3\\\/#primaryimage\"},\"thumbnailUrl\":\"https:\\\/\\\/puhdasplus.ee\\\/wp-content\\\/uploads\\\/2021\\\/04\\\/2-scaled.jpg\",\"datePublished\":\"2021-04-10T10:17:56+00:00\",\"dateModified\":\"2026-04-07T16:56:23+00:00\",\"description\":\"Auk\u0161\u010diausios kokyb\u0117s Omega-3 \u2013 gryni ir veiksmingi \u017euv\u0173 taukai kapsul\u0117se, palaikantys \u0161irdies, smegen\u0173 ir reg\u0117jimo sveikat\u0105. Sud\u0117tyje yra didel\u0117 EPA ir DHA riebal\u0173 r\u016bg\u0161\u010di\u0173 koncentracija.\",\"breadcrumb\":{\"@id\":\"https:\\\/\\\/puhdasplus.ee\\\/lt\\\/produktai\\\/sirdies-sveikata\\\/omega-3-lt\\\/auksciausios-kokybes-omega-3\\\/#breadcrumb\"},\"inLanguage\":\"lt-LT\",\"potentialAction\":[{\"@type\":\"ReadAction\",\"target\":[\"https:\\\/\\\/puhdasplus.ee\\\/lt\\\/produktai\\\/sirdies-sveikata\\\/omega-3-lt\\\/auksciausios-kokybes-omega-3\\\/\"]}]},{\"@type\":\"ImageObject\",\"inLanguage\":\"lt-LT\",\"@id\":\"https:\\\/\\\/puhdasplus.ee\\\/lt\\\/produktai\\\/sirdies-sveikata\\\/omega-3-lt\\\/auksciausios-kokybes-omega-3\\\/#primaryimage\",\"url\":\"https:\\\/\\\/puhdasplus.ee\\\/wp-content\\\/uploads\\\/2021\\\/04\\\/2-scaled.jpg\",\"contentUrl\":\"https:\\\/\\\/puhdasplus.ee\\\/wp-content\\\/uploads\\\/2021\\\/04\\\/2-scaled.jpg\",\"width\":1862,\"height\":2560,\"caption\":\"Auk\u0161\u010diausios kokyb\u0117s omega-3\"},{\"@type\":\"BreadcrumbList\",\"@id\":\"https:\\\/\\\/puhdasplus.ee\\\/lt\\\/produktai\\\/sirdies-sveikata\\\/omega-3-lt\\\/auksciausios-kokybes-omega-3\\\/#breadcrumb\",\"itemListElement\":[{\"@type\":\"ListItem\",\"position\":1,\"name\":\"Prad\u017eia\",\"item\":\"https:\\\/\\\/puhdasplus.ee\\\/lt\\\/\"},{\"@type\":\"ListItem\",\"position\":2,\"name\":\"Produktai\",\"item\":\"https:\\\/\\\/puhdasplus.ee\\\/lt\\\/parduotuve\\\/\"},{\"@type\":\"ListItem\",\"position\":3,\"name\":\"Auk\u0161\u010diausios kokyb\u0117s omega-3\"}]},{\"@type\":\"WebSite\",\"@id\":\"https:\\\/\\\/puhdasplus.ee\\\/lt\\\/#website\",\"url\":\"https:\\\/\\\/puhdasplus.ee\\\/lt\\\/\",\"name\":\"Puhdas+\",\"description\":\"Vitaminai, maisto papildai, nat\u016brali kosmetika, sveikata, sportas\",\"publisher\":{\"@id\":\"https:\\\/\\\/puhdasplus.ee\\\/lt\\\/#organization\"},\"potentialAction\":[{\"@type\":\"SearchAction\",\"target\":{\"@type\":\"EntryPoint\",\"urlTemplate\":\"https:\\\/\\\/puhdasplus.ee\\\/lt\\\/?s={search_term_string}\"},\"query-input\":{\"@type\":\"PropertyValueSpecification\",\"valueRequired\":true,\"valueName\":\"search_term_string\"}}],\"inLanguage\":\"lt-LT\"},{\"@type\":\"Organization\",\"@id\":\"https:\\\/\\\/puhdasplus.ee\\\/lt\\\/#organization\",\"name\":\"Puhdas+\",\"alternateName\":\"Puhdasplus\",\"url\":\"https:\\\/\\\/puhdasplus.ee\\\/lt\\\/\",\"logo\":{\"@type\":\"ImageObject\",\"inLanguage\":\"lt-LT\",\"@id\":\"https:\\\/\\\/puhdasplus.ee\\\/lt\\\/#\\\/schema\\\/logo\\\/image\\\/\",\"url\":\"https:\\\/\\\/puhdasplus.ee\\\/wp-content\\\/uploads\\\/2019\\\/10\\\/puhdas_logo-arvele.png\",\"contentUrl\":\"https:\\\/\\\/puhdasplus.ee\\\/wp-content\\\/uploads\\\/2019\\\/10\\\/puhdas_logo-arvele.png\",\"width\":114,\"height\":94,\"caption\":\"Puhdas+\"},\"image\":{\"@id\":\"https:\\\/\\\/puhdasplus.ee\\\/lt\\\/#\\\/schema\\\/logo\\\/image\\\/\"},\"sameAs\":[\"https:\\\/\\\/www.facebook.com\\\/puhdasplus\",\"https:\\\/\\\/www.instagram.com\\\/puhdasplus_ee\\\/\"]}]}<\/script>\n<!-- \/ Yoast SEO plugin. -->","yoast_head_json":{"title":"Auk\u0161\u010diausios kokyb\u0117s omega-3 | Puhdas+","description":"Auk\u0161\u010diausios kokyb\u0117s Omega-3 \u2013 gryni ir veiksmingi \u017euv\u0173 taukai kapsul\u0117se, palaikantys \u0161irdies, smegen\u0173 ir reg\u0117jimo sveikat\u0105. Sud\u0117tyje yra didel\u0117 EPA ir DHA riebal\u0173 r\u016bg\u0161\u010di\u0173 koncentracija.","robots":{"index":"index","follow":"follow","max-snippet":"max-snippet:-1","max-image-preview":"max-image-preview:large","max-video-preview":"max-video-preview:-1"},"canonical":"https:\/\/puhdasplus.ee\/lt\/produktai\/sirdies-sveikata\/omega-3-lt\/auksciausios-kokybes-omega-3\/","og_locale":"lt_LT","og_type":"article","og_title":"Auk\u0161\u010diausios kokyb\u0117s omega-3 | Puhdas+","og_description":"Auk\u0161\u010diausios kokyb\u0117s Omega-3 \u2013 gryni ir veiksmingi \u017euv\u0173 taukai kapsul\u0117se, palaikantys \u0161irdies, smegen\u0173 ir reg\u0117jimo sveikat\u0105. Sud\u0117tyje yra didel\u0117 EPA ir DHA riebal\u0173 r\u016bg\u0161\u010di\u0173 koncentracija.","og_url":"https:\/\/puhdasplus.ee\/lt\/produktai\/sirdies-sveikata\/omega-3-lt\/auksciausios-kokybes-omega-3\/","og_site_name":"Puhdas+","article_publisher":"https:\/\/www.facebook.com\/puhdasplus","article_modified_time":"2026-04-07T16:56:23+00:00","og_image":[{"width":1862,"height":2560,"url":"https:\/\/puhdasplus.ee\/wp-content\/uploads\/2021\/04\/2-scaled.jpg","type":"image\/jpeg"}],"twitter_card":"summary_large_image","twitter_misc":{"Est. reading time":"3 minut\u0117"},"schema":{"@context":"https:\/\/schema.org","@graph":[{"@type":"WebPage","@id":"https:\/\/puhdasplus.ee\/lt\/produktai\/sirdies-sveikata\/omega-3-lt\/auksciausios-kokybes-omega-3\/","url":"https:\/\/puhdasplus.ee\/lt\/produktai\/sirdies-sveikata\/omega-3-lt\/auksciausios-kokybes-omega-3\/","name":"Auk\u0161\u010diausios kokyb\u0117s omega-3 | Puhdas+","isPartOf":{"@id":"https:\/\/puhdasplus.ee\/lt\/#website"},"primaryImageOfPage":{"@id":"https:\/\/puhdasplus.ee\/lt\/produktai\/sirdies-sveikata\/omega-3-lt\/auksciausios-kokybes-omega-3\/#primaryimage"},"image":{"@id":"https:\/\/puhdasplus.ee\/lt\/produktai\/sirdies-sveikata\/omega-3-lt\/auksciausios-kokybes-omega-3\/#primaryimage"},"thumbnailUrl":"https:\/\/puhdasplus.ee\/wp-content\/uploads\/2021\/04\/2-scaled.jpg","datePublished":"2021-04-10T10:17:56+00:00","dateModified":"2026-04-07T16:56:23+00:00","description":"Auk\u0161\u010diausios kokyb\u0117s Omega-3 \u2013 gryni ir veiksmingi \u017euv\u0173 taukai kapsul\u0117se, palaikantys \u0161irdies, smegen\u0173 ir reg\u0117jimo sveikat\u0105. Sud\u0117tyje yra didel\u0117 EPA ir DHA riebal\u0173 r\u016bg\u0161\u010di\u0173 koncentracija.","breadcrumb":{"@id":"https:\/\/puhdasplus.ee\/lt\/produktai\/sirdies-sveikata\/omega-3-lt\/auksciausios-kokybes-omega-3\/#breadcrumb"},"inLanguage":"lt-LT","potentialAction":[{"@type":"ReadAction","target":["https:\/\/puhdasplus.ee\/lt\/produktai\/sirdies-sveikata\/omega-3-lt\/auksciausios-kokybes-omega-3\/"]}]},{"@type":"ImageObject","inLanguage":"lt-LT","@id":"https:\/\/puhdasplus.ee\/lt\/produktai\/sirdies-sveikata\/omega-3-lt\/auksciausios-kokybes-omega-3\/#primaryimage","url":"https:\/\/puhdasplus.ee\/wp-content\/uploads\/2021\/04\/2-scaled.jpg","contentUrl":"https:\/\/puhdasplus.ee\/wp-content\/uploads\/2021\/04\/2-scaled.jpg","width":1862,"height":2560,"caption":"Auk\u0161\u010diausios kokyb\u0117s omega-3"},{"@type":"BreadcrumbList","@id":"https:\/\/puhdasplus.ee\/lt\/produktai\/sirdies-sveikata\/omega-3-lt\/auksciausios-kokybes-omega-3\/#breadcrumb","itemListElement":[{"@type":"ListItem","position":1,"name":"Prad\u017eia","item":"https:\/\/puhdasplus.ee\/lt\/"},{"@type":"ListItem","position":2,"name":"Produktai","item":"https:\/\/puhdasplus.ee\/lt\/parduotuve\/"},{"@type":"ListItem","position":3,"name":"Auk\u0161\u010diausios kokyb\u0117s omega-3"}]},{"@type":"WebSite","@id":"https:\/\/puhdasplus.ee\/lt\/#website","url":"https:\/\/puhdasplus.ee\/lt\/","name":"Puhdas+","description":"Vitaminai, maisto papildai, nat\u016brali kosmetika, sveikata, sportas","publisher":{"@id":"https:\/\/puhdasplus.ee\/lt\/#organization"},"potentialAction":[{"@type":"SearchAction","target":{"@type":"EntryPoint","urlTemplate":"https:\/\/puhdasplus.ee\/lt\/?s={search_term_string}"},"query-input":{"@type":"PropertyValueSpecification","valueRequired":true,"valueName":"search_term_string"}}],"inLanguage":"lt-LT"},{"@type":"Organization","@id":"https:\/\/puhdasplus.ee\/lt\/#organization","name":"Puhdas+","alternateName":"Puhdasplus","url":"https:\/\/puhdasplus.ee\/lt\/","logo":{"@type":"ImageObject","inLanguage":"lt-LT","@id":"https:\/\/puhdasplus.ee\/lt\/#\/schema\/logo\/image\/","url":"https:\/\/puhdasplus.ee\/wp-content\/uploads\/2019\/10\/puhdas_logo-arvele.png","contentUrl":"https:\/\/puhdasplus.ee\/wp-content\/uploads\/2019\/10\/puhdas_logo-arvele.png","width":114,"height":94,"caption":"Puhdas+"},"image":{"@id":"https:\/\/puhdasplus.ee\/lt\/#\/schema\/logo\/image\/"},"sameAs":["https:\/\/www.facebook.com\/puhdasplus","https:\/\/www.instagram.com\/puhdasplus_ee\/"]}]}},"_yoast_wpseo_title":"Auk\u0161\u010diausios kokyb\u0117s omega-3 | Puhdas+","_yoast_wpseo_metadesc":"Auk\u0161\u010diausios kokyb\u0117s Omega-3 \u2013 gryni ir veiksmingi \u017euv\u0173 taukai kapsul\u0117se, palaikantys \u0161irdies, smegen\u0173 ir reg\u0117jimo sveikat\u0105. Sud\u0117tyje yra didel\u0117 EPA ir DHA riebal\u0173 r\u016bg\u0161\u010di\u0173 koncentracija.","_yoast_wpseo_focuskw":"omega-3","_links":{"self":[{"href":"https:\/\/puhdasplus.ee\/lt\/wp-json\/wp\/v2\/product\/35110","targetHints":{"allow":["GET"]}}],"collection":[{"href":"https:\/\/puhdasplus.ee\/lt\/wp-json\/wp\/v2\/product"}],"about":[{"href":"https:\/\/puhdasplus.ee\/lt\/wp-json\/wp\/v2\/types\/product"}],"replies":[{"embeddable":true,"href":"https:\/\/puhdasplus.ee\/lt\/wp-json\/wp\/v2\/comments?post=35110"}],"wp:featuredmedia":[{"embeddable":true,"href":"https:\/\/puhdasplus.ee\/lt\/wp-json\/wp\/v2\/media\/30259"}],"wp:attachment":[{"href":"https:\/\/puhdasplus.ee\/lt\/wp-json\/wp\/v2\/media?parent=35110"}],"wp:term":[{"taxonomy":"product_brand","embeddable":true,"href":"https:\/\/puhdasplus.ee\/lt\/wp-json\/wp\/v2\/product_brand?post=35110"},{"taxonomy":"product_cat","embeddable":true,"href":"https:\/\/puhdasplus.ee\/lt\/wp-json\/wp\/v2\/product_cat?post=35110"},{"taxonomy":"product_tag","embeddable":true,"href":"https:\/\/puhdasplus.ee\/lt\/wp-json\/wp\/v2\/product_tag?post=35110"}],"curies":[{"name":"wp","href":"https:\/\/api.w.org\/{rel}","templated":true}]}}