{"id":35091,"date":"2021-10-12T17:44:54","date_gmt":"2021-10-12T14:44:54","guid":{"rendered":"https:\/\/puhdasplus.ee\/tooted\/be-kategorijos\/asvaganda-bioperine\/"},"modified":"2026-04-07T19:56:09","modified_gmt":"2026-04-07T16:56:09","slug":"asvaganda-bioperine","status":"publish","type":"product","link":"https:\/\/puhdasplus.ee\/lt\/produktai\/stresas-ir-miegas\/asvaganda-bioperine\/","title":{"rendered":"A\u0161vaganda + Bioperine\u00ae"},"content":{"rendered":"<h2>Kas yra \u201ePuhdas+ Potents Ashwagandha\u201c su \u201eBioperine\u00ae\u201c?<\/h2>\n<p><strong>\u201ePuhdas+ Strong Ashwagandha\u201c su \u201eBioperine\u00ae\u201c<\/strong> yra auk\u0161tos kokyb\u0117s Suomijoje pagamintas papildas, palaikantis k\u016bno ir proto pusiausvyr\u0105. Jame yra patentuoto <strong>\u201eSensoril\u00ae\u201c a\u0161vagandos ekstrakto<\/strong> , kuris padeda organizmui geriau susidoroti su stresu, nuovargiu ir \u012ftampa. <\/p>\n<p>A\u0161vaganda yra \u017einoma kaip adaptogenas \u2013 nat\u016brali med\u017eiaga, padedanti organizmui prisitaikyti prie protinio ir fizinio streso. \u201eSensoril\u00ae\u201c ekstraktas yra standartizuotas iki 10 % vitanolid\u0173, tod\u0117l ma\u017eesn\u0117 doz\u0117 u\u017etikrina stipresn\u012f ir pastovesn\u012f poveik\u012f. <\/p>\n<h2>Kuo naudinga a\u0161vaganda?<\/h2>\n<p>Ashwagandha (Withania somnifera) yra \u017einoma kaip <strong>adaptogeninis augalas<\/strong>, palaikantis bendr\u0105 organizmo savijaut\u0105.<br \/>\nSensoril\u00ae ekstrakte yra didel\u0117 vitanolid\u0173 \u2013 nat\u016brali\u0173 jungini\u0173, susijusi\u0173 su \u0161i\u0173 funkcij\u0173 palaikymu, koncentracija:<\/p>\n<ul>\n<li>Padeda <strong>palaikyti k\u016bno gyvybingum\u0105<\/strong> ir tonus\u0105<\/li>\n<li>Palaiko <strong>atsipalaidavim\u0105 ir psichin\u0119 pusiausvyr\u0105<\/strong><\/li>\n<li>Padeda <strong>palaikyti fizin\u0119 ir psichin\u0119 sveikat\u0105 stresin\u0117se situacijose<\/strong><\/li>\n<\/ul>\n<p>Bioperine\u00ae, arba juod\u0173j\u0173 pipir\u0173 ekstraktas, padeda <strong>padidinti maistini\u0173 med\u017eiag\u0173 \u012fsisavinim\u0105<\/strong> , palaikydamas veikli\u0173j\u0173 med\u017eiag\u0173 veiksmingum\u0105.<\/p>\n<h2>A\u0161vagandos sudedamosios dalys<\/h2>\n<ul>\n<li>Sensoril\u00ae a\u0161vagandos ekstraktas (Withania somnifera)<\/li>\n<li>Bioperine\u00ae (Piper nigrum) juod\u0173j\u0173 pipir\u0173 ekstraktas<\/li>\n<li>U\u017epildas: mikrokristalin\u0117 celiulioz\u0117<\/li>\n<li>Augalinis kapsul\u0117s apvalkalas: hidroksipropilmetilceliulioz\u0117, gelano derva<\/li>\n<\/ul>\n<p>Produkte n\u0117ra glitimo, laktoz\u0117s, mieli\u0173, cukraus, saldikli\u0173, dirbtini\u0173 da\u017eikli\u0173 ir konservant\u0173.<\/p>\n<h3>Maistin\u0117 vert\u0117<\/h3>\n<p>Maistin\u0117 vert\u0117 (1\u20132 kapsul\u0117s): ashwagandha ekstraktas Sensoril\u00ae 125\u2013250 mg, juod\u0173j\u0173 pipir\u0173 ekstraktas BioPerine\u00ae 5\u201310 mg.<\/p>\n<h3>Maistin\u0117 vert\u0117 (1\u20132 kapsul\u0117s)<\/h3>\n<div class=\"_tableContainer_16hzy_1\">\n<div class=\"_tableWrapper_16hzy_14 group flex w-fit flex-col-reverse\">\n<table class=\"w-fit min-w-(--thread-content-width)\">\n<thead>\n<tr>\n<th>Veiklioji med\u017eiaga<\/th>\n<th>1 kapsul\u0117<\/th>\n<th>2 kapsul\u0117s<\/th>\n<\/tr>\n<\/thead>\n<tbody>\n<tr>\n<td>Sensoril\u00ae a\u0161vagandos ekstraktas<\/td>\n<td>125 mg<\/td>\n<td>250 mg<\/td>\n<\/tr>\n<tr>\n<td>&#8211; i\u0161 kuri\u0173 vitanolid\u0173<\/td>\n<td>12,5 mg<\/td>\n<td>25 mg<\/td>\n<\/tr>\n<tr>\n<td>Bioperine\u00ae juod\u0173j\u0173 pipir\u0173 ekstraktas<\/td>\n<td>5 mg<\/td>\n<td>10 mg<\/td>\n<\/tr>\n<\/tbody>\n<\/table>\n<h2>A\u0161vagandos vartojimas<\/h2>\n<p><strong>Dozavimas:<\/strong> 1\u20132 kapsul\u0117s per dien\u0105, u\u017egeriant vandeniu.<\/p>\n<ul>\n<li>Rekomenduojamos paros doz\u0117s vir\u0161yti negalima.<\/li>\n<li>Maisto papildas n\u0117ra naudojamas kaip \u012fvairios mitybos pakaitalas.<\/li>\n<li>Laikyti vaikams nepasiekiamoje vietoje. Maisto papildas nepakei\u010dia \u012fvairios ir subalansuotos mitybos ar sveiko gyvenimo b\u016bdo.<\/li>\n<li>N\u0117\u0161tumo ir \u017eindymo laikotarpiu pasitarkite su gydytoju.<\/li>\n<\/ul>\n<\/div>\n<\/div>\n<p><strong>Taip pat \u017ei\u016br\u0117kite:<\/strong> <a href=\"https:\/\/puhdasplus.ee\/toote-kategooria\/stress-uni\/\">Stresas ir miegas<\/a> | <a href=\"https:\/\/puhdasplus.ee\/toote-kategooria\/magneesium\/\">Magnis<\/a><\/p>\n","protected":false},"excerpt":{"rendered":"<p><strong>\u201ePuhdas+Strong Ashwagandha\u201c su \u201eBioperine\u00ae\u201c<\/strong> sukurta siekiant palaikyti organizmo atsparum\u0105 psichiniam ir fiziniam stresui. \u201eSensoril\u00ae\u201c a\u0161vaganda yra standartizuotas ekstraktas, gaunamas i\u0161 augalo \u0161akn\u0173 ir lap\u0173, jame yra didel\u0117 vitanolid\u0173 \u2013 nat\u016brali\u0173 jungini\u0173, susijusi\u0173 su bendro gyvybingumo ir pusiausvyros palaikymu organizme, koncentracija. A\u0161vaganda laikoma adaptogenu, padedan\u010diu organizmui prisitaikyti prie stresini\u0173 situacij\u0173 ir palaikan\u010diu psichin\u0119 bei fizin\u0119 savijaut\u0105.  <\/p>\n<p>Prid\u0117tas Bioperine\u00ae (juod\u0173j\u0173 pipir\u0173 ekstraktas) padeda padidinti veikli\u0173j\u0173 med\u017eiag\u0173 \u012fsisavinim\u0105, u\u017etikrinant geresn\u012f veiksmingum\u0105 net ir vartojant ma\u017eesn\u0119 doz\u0119. D\u0117l to produktas ypa\u010d tinka tiems, kurie nori veiksmingos, bet nat\u016bralios pagalbos stresui valdyti ir energijos lygiui palaikyti. <\/p>\n<p>Produktas tinka kasdieniam naudojimui ir yra pagamintas Suomijoje laikantis auk\u0161t\u0173 kokyb\u0117s standart\u0173. Jame n\u0117ra dirbtini\u0173 pried\u0173, alergen\u0173 ar gyv\u016bnin\u0117s kilm\u0117s ingredient\u0173, tod\u0117l tinka veganams. <\/p>\n","protected":false},"featured_media":32311,"comment_status":"closed","ping_status":"closed","template":"","meta":{"_acf_changed":false,"googlesitekit_rrm_CAow3eq7DA:productID":""},"product_brand":[],"product_cat":[3013],"product_tag":[8343,8346,3131,7898,8378,3539,8374,2967],"class_list":{"0":"post-35091","1":"product","2":"type-product","3":"status-publish","4":"has-post-thumbnail","6":"product_cat-stresas-ir-miegas","7":"product_tag-ashwagandha-kapsuls-lt","8":"product_tag-be-gliuteno-lt","9":"product_tag-maisto-papildas","10":"product_tag-miegas-ir-atsipalaidavimas","11":"product_tag-natralus-lt","12":"product_tag-nuotaika","13":"product_tag-suomijos-kokyb-lt","14":"product_tag-veganas","16":"first","17":"instock","18":"taxable","19":"shipping-taxable","20":"purchasable","21":"product-type-variable","22":"has-default-attributes"},"acf":[],"yoast_head":"<!-- This site is optimized with the Yoast SEO plugin v27.3 - https:\/\/yoast.com\/product\/yoast-seo-wordpress\/ -->\n<title>Ashwagandha + Bioperine\u00ae 60 kapsuli\u0173 | Puhdas+<\/title>\n<meta name=\"description\" content=\"Ashwagandha KSM-66\u00ae \u0161akn\u0173 ekstraktas su Bioperine\u00ae juod\u0173j\u0173 pipir\u0173 ekstraktu geresniam \u012fsisavinimui. Tradicinis adaptogeninis augalas. 60 kapsuli\u0173.\" \/>\n<meta name=\"robots\" content=\"index, follow, max-snippet:-1, max-image-preview:large, max-video-preview:-1\" \/>\n<link rel=\"canonical\" href=\"https:\/\/puhdasplus.ee\/lt\/produktai\/stresas-ir-miegas\/asvaganda-bioperine\/\" \/>\n<meta property=\"og:locale\" content=\"lt_LT\" \/>\n<meta property=\"og:type\" content=\"article\" \/>\n<meta property=\"og:title\" content=\"Ashwagandha + Bioperine\u00ae 60 kapsuli\u0173 | Puhdas+\" \/>\n<meta property=\"og:description\" content=\"Ashwagandha KSM-66\u00ae \u0161akn\u0173 ekstraktas su Bioperine\u00ae juod\u0173j\u0173 pipir\u0173 ekstraktu geresniam \u012fsisavinimui. Tradicinis adaptogeninis augalas. 60 kapsuli\u0173.\" \/>\n<meta property=\"og:url\" content=\"https:\/\/puhdasplus.ee\/lt\/produktai\/stresas-ir-miegas\/asvaganda-bioperine\/\" \/>\n<meta property=\"og:site_name\" content=\"Puhdas+\" \/>\n<meta property=\"article:publisher\" content=\"https:\/\/www.facebook.com\/puhdasplus\" \/>\n<meta property=\"article:modified_time\" content=\"2026-04-07T16:56:09+00:00\" \/>\n<meta property=\"og:image\" content=\"https:\/\/puhdasplus.ee\/wp-content\/uploads\/2025\/03\/58.jpg\" \/>\n\t<meta property=\"og:image:width\" content=\"1862\" \/>\n\t<meta property=\"og:image:height\" content=\"2560\" \/>\n\t<meta property=\"og:image:type\" content=\"image\/jpeg\" \/>\n<meta name=\"twitter:card\" content=\"summary_large_image\" \/>\n<meta name=\"twitter:label1\" content=\"Est. reading time\" \/>\n\t<meta name=\"twitter:data1\" content=\"1 minut\u0117\" \/>\n<script type=\"application\/ld+json\" class=\"yoast-schema-graph\">{\"@context\":\"https:\\\/\\\/schema.org\",\"@graph\":[{\"@type\":\"WebPage\",\"@id\":\"https:\\\/\\\/puhdasplus.ee\\\/lt\\\/produktai\\\/stresas-ir-miegas\\\/asvaganda-bioperine\\\/\",\"url\":\"https:\\\/\\\/puhdasplus.ee\\\/lt\\\/produktai\\\/stresas-ir-miegas\\\/asvaganda-bioperine\\\/\",\"name\":\"Ashwagandha + Bioperine\u00ae 60 kapsuli\u0173 | Puhdas+\",\"isPartOf\":{\"@id\":\"https:\\\/\\\/puhdasplus.ee\\\/lt\\\/#website\"},\"primaryImageOfPage\":{\"@id\":\"https:\\\/\\\/puhdasplus.ee\\\/lt\\\/produktai\\\/stresas-ir-miegas\\\/asvaganda-bioperine\\\/#primaryimage\"},\"image\":{\"@id\":\"https:\\\/\\\/puhdasplus.ee\\\/lt\\\/produktai\\\/stresas-ir-miegas\\\/asvaganda-bioperine\\\/#primaryimage\"},\"thumbnailUrl\":\"https:\\\/\\\/puhdasplus.ee\\\/wp-content\\\/uploads\\\/2025\\\/03\\\/58.jpg\",\"datePublished\":\"2021-10-12T14:44:54+00:00\",\"dateModified\":\"2026-04-07T16:56:09+00:00\",\"description\":\"Ashwagandha KSM-66\u00ae \u0161akn\u0173 ekstraktas su Bioperine\u00ae juod\u0173j\u0173 pipir\u0173 ekstraktu geresniam \u012fsisavinimui. Tradicinis adaptogeninis augalas. 60 kapsuli\u0173.\",\"breadcrumb\":{\"@id\":\"https:\\\/\\\/puhdasplus.ee\\\/lt\\\/produktai\\\/stresas-ir-miegas\\\/asvaganda-bioperine\\\/#breadcrumb\"},\"inLanguage\":\"lt-LT\",\"potentialAction\":[{\"@type\":\"ReadAction\",\"target\":[\"https:\\\/\\\/puhdasplus.ee\\\/lt\\\/produktai\\\/stresas-ir-miegas\\\/asvaganda-bioperine\\\/\"]}]},{\"@type\":\"ImageObject\",\"inLanguage\":\"lt-LT\",\"@id\":\"https:\\\/\\\/puhdasplus.ee\\\/lt\\\/produktai\\\/stresas-ir-miegas\\\/asvaganda-bioperine\\\/#primaryimage\",\"url\":\"https:\\\/\\\/puhdasplus.ee\\\/wp-content\\\/uploads\\\/2025\\\/03\\\/58.jpg\",\"contentUrl\":\"https:\\\/\\\/puhdasplus.ee\\\/wp-content\\\/uploads\\\/2025\\\/03\\\/58.jpg\",\"width\":1862,\"height\":2560,\"caption\":\"A\u0161vaganda + Bioperine\u00ae\"},{\"@type\":\"BreadcrumbList\",\"@id\":\"https:\\\/\\\/puhdasplus.ee\\\/lt\\\/produktai\\\/stresas-ir-miegas\\\/asvaganda-bioperine\\\/#breadcrumb\",\"itemListElement\":[{\"@type\":\"ListItem\",\"position\":1,\"name\":\"Prad\u017eia\",\"item\":\"https:\\\/\\\/puhdasplus.ee\\\/lt\\\/\"},{\"@type\":\"ListItem\",\"position\":2,\"name\":\"Produktai\",\"item\":\"https:\\\/\\\/puhdasplus.ee\\\/lt\\\/parduotuve\\\/\"},{\"@type\":\"ListItem\",\"position\":3,\"name\":\"A\u0161vaganda + Bioperine\u00ae\"}]},{\"@type\":\"WebSite\",\"@id\":\"https:\\\/\\\/puhdasplus.ee\\\/lt\\\/#website\",\"url\":\"https:\\\/\\\/puhdasplus.ee\\\/lt\\\/\",\"name\":\"Puhdas+\",\"description\":\"Vitaminai, maisto papildai, nat\u016brali kosmetika, sveikata, sportas\",\"publisher\":{\"@id\":\"https:\\\/\\\/puhdasplus.ee\\\/lt\\\/#organization\"},\"potentialAction\":[{\"@type\":\"SearchAction\",\"target\":{\"@type\":\"EntryPoint\",\"urlTemplate\":\"https:\\\/\\\/puhdasplus.ee\\\/lt\\\/?s={search_term_string}\"},\"query-input\":{\"@type\":\"PropertyValueSpecification\",\"valueRequired\":true,\"valueName\":\"search_term_string\"}}],\"inLanguage\":\"lt-LT\"},{\"@type\":\"Organization\",\"@id\":\"https:\\\/\\\/puhdasplus.ee\\\/lt\\\/#organization\",\"name\":\"Puhdas+\",\"alternateName\":\"Puhdasplus\",\"url\":\"https:\\\/\\\/puhdasplus.ee\\\/lt\\\/\",\"logo\":{\"@type\":\"ImageObject\",\"inLanguage\":\"lt-LT\",\"@id\":\"https:\\\/\\\/puhdasplus.ee\\\/lt\\\/#\\\/schema\\\/logo\\\/image\\\/\",\"url\":\"https:\\\/\\\/puhdasplus.ee\\\/wp-content\\\/uploads\\\/2019\\\/10\\\/puhdas_logo-arvele.png\",\"contentUrl\":\"https:\\\/\\\/puhdasplus.ee\\\/wp-content\\\/uploads\\\/2019\\\/10\\\/puhdas_logo-arvele.png\",\"width\":114,\"height\":94,\"caption\":\"Puhdas+\"},\"image\":{\"@id\":\"https:\\\/\\\/puhdasplus.ee\\\/lt\\\/#\\\/schema\\\/logo\\\/image\\\/\"},\"sameAs\":[\"https:\\\/\\\/www.facebook.com\\\/puhdasplus\",\"https:\\\/\\\/www.instagram.com\\\/puhdasplus_ee\\\/\"]}]}<\/script>\n<!-- \/ Yoast SEO plugin. -->","yoast_head_json":{"title":"Ashwagandha + Bioperine\u00ae 60 kapsuli\u0173 | Puhdas+","description":"Ashwagandha KSM-66\u00ae \u0161akn\u0173 ekstraktas su Bioperine\u00ae juod\u0173j\u0173 pipir\u0173 ekstraktu geresniam \u012fsisavinimui. Tradicinis adaptogeninis augalas. 60 kapsuli\u0173.","robots":{"index":"index","follow":"follow","max-snippet":"max-snippet:-1","max-image-preview":"max-image-preview:large","max-video-preview":"max-video-preview:-1"},"canonical":"https:\/\/puhdasplus.ee\/lt\/produktai\/stresas-ir-miegas\/asvaganda-bioperine\/","og_locale":"lt_LT","og_type":"article","og_title":"Ashwagandha + Bioperine\u00ae 60 kapsuli\u0173 | Puhdas+","og_description":"Ashwagandha KSM-66\u00ae \u0161akn\u0173 ekstraktas su Bioperine\u00ae juod\u0173j\u0173 pipir\u0173 ekstraktu geresniam \u012fsisavinimui. Tradicinis adaptogeninis augalas. 60 kapsuli\u0173.","og_url":"https:\/\/puhdasplus.ee\/lt\/produktai\/stresas-ir-miegas\/asvaganda-bioperine\/","og_site_name":"Puhdas+","article_publisher":"https:\/\/www.facebook.com\/puhdasplus","article_modified_time":"2026-04-07T16:56:09+00:00","og_image":[{"width":1862,"height":2560,"url":"https:\/\/puhdasplus.ee\/wp-content\/uploads\/2025\/03\/58.jpg","type":"image\/jpeg"}],"twitter_card":"summary_large_image","twitter_misc":{"Est. reading time":"1 minut\u0117"},"schema":{"@context":"https:\/\/schema.org","@graph":[{"@type":"WebPage","@id":"https:\/\/puhdasplus.ee\/lt\/produktai\/stresas-ir-miegas\/asvaganda-bioperine\/","url":"https:\/\/puhdasplus.ee\/lt\/produktai\/stresas-ir-miegas\/asvaganda-bioperine\/","name":"Ashwagandha + Bioperine\u00ae 60 kapsuli\u0173 | Puhdas+","isPartOf":{"@id":"https:\/\/puhdasplus.ee\/lt\/#website"},"primaryImageOfPage":{"@id":"https:\/\/puhdasplus.ee\/lt\/produktai\/stresas-ir-miegas\/asvaganda-bioperine\/#primaryimage"},"image":{"@id":"https:\/\/puhdasplus.ee\/lt\/produktai\/stresas-ir-miegas\/asvaganda-bioperine\/#primaryimage"},"thumbnailUrl":"https:\/\/puhdasplus.ee\/wp-content\/uploads\/2025\/03\/58.jpg","datePublished":"2021-10-12T14:44:54+00:00","dateModified":"2026-04-07T16:56:09+00:00","description":"Ashwagandha KSM-66\u00ae \u0161akn\u0173 ekstraktas su Bioperine\u00ae juod\u0173j\u0173 pipir\u0173 ekstraktu geresniam \u012fsisavinimui. Tradicinis adaptogeninis augalas. 60 kapsuli\u0173.","breadcrumb":{"@id":"https:\/\/puhdasplus.ee\/lt\/produktai\/stresas-ir-miegas\/asvaganda-bioperine\/#breadcrumb"},"inLanguage":"lt-LT","potentialAction":[{"@type":"ReadAction","target":["https:\/\/puhdasplus.ee\/lt\/produktai\/stresas-ir-miegas\/asvaganda-bioperine\/"]}]},{"@type":"ImageObject","inLanguage":"lt-LT","@id":"https:\/\/puhdasplus.ee\/lt\/produktai\/stresas-ir-miegas\/asvaganda-bioperine\/#primaryimage","url":"https:\/\/puhdasplus.ee\/wp-content\/uploads\/2025\/03\/58.jpg","contentUrl":"https:\/\/puhdasplus.ee\/wp-content\/uploads\/2025\/03\/58.jpg","width":1862,"height":2560,"caption":"A\u0161vaganda + Bioperine\u00ae"},{"@type":"BreadcrumbList","@id":"https:\/\/puhdasplus.ee\/lt\/produktai\/stresas-ir-miegas\/asvaganda-bioperine\/#breadcrumb","itemListElement":[{"@type":"ListItem","position":1,"name":"Prad\u017eia","item":"https:\/\/puhdasplus.ee\/lt\/"},{"@type":"ListItem","position":2,"name":"Produktai","item":"https:\/\/puhdasplus.ee\/lt\/parduotuve\/"},{"@type":"ListItem","position":3,"name":"A\u0161vaganda + Bioperine\u00ae"}]},{"@type":"WebSite","@id":"https:\/\/puhdasplus.ee\/lt\/#website","url":"https:\/\/puhdasplus.ee\/lt\/","name":"Puhdas+","description":"Vitaminai, maisto papildai, nat\u016brali kosmetika, sveikata, sportas","publisher":{"@id":"https:\/\/puhdasplus.ee\/lt\/#organization"},"potentialAction":[{"@type":"SearchAction","target":{"@type":"EntryPoint","urlTemplate":"https:\/\/puhdasplus.ee\/lt\/?s={search_term_string}"},"query-input":{"@type":"PropertyValueSpecification","valueRequired":true,"valueName":"search_term_string"}}],"inLanguage":"lt-LT"},{"@type":"Organization","@id":"https:\/\/puhdasplus.ee\/lt\/#organization","name":"Puhdas+","alternateName":"Puhdasplus","url":"https:\/\/puhdasplus.ee\/lt\/","logo":{"@type":"ImageObject","inLanguage":"lt-LT","@id":"https:\/\/puhdasplus.ee\/lt\/#\/schema\/logo\/image\/","url":"https:\/\/puhdasplus.ee\/wp-content\/uploads\/2019\/10\/puhdas_logo-arvele.png","contentUrl":"https:\/\/puhdasplus.ee\/wp-content\/uploads\/2019\/10\/puhdas_logo-arvele.png","width":114,"height":94,"caption":"Puhdas+"},"image":{"@id":"https:\/\/puhdasplus.ee\/lt\/#\/schema\/logo\/image\/"},"sameAs":["https:\/\/www.facebook.com\/puhdasplus","https:\/\/www.instagram.com\/puhdasplus_ee\/"]}]}},"_yoast_wpseo_title":"Ashwagandha + Bioperine\u00ae 60 kapsuli\u0173 | Puhdas+","_yoast_wpseo_metadesc":"Ashwagandha KSM-66\u00ae \u0161akn\u0173 ekstraktas su Bioperine\u00ae juod\u0173j\u0173 pipir\u0173 ekstraktu geresniam \u012fsisavinimui. Tradicinis adaptogeninis augalas. 60 kapsuli\u0173.","_yoast_wpseo_focuskw":"ashwagandha maisto papildas","_links":{"self":[{"href":"https:\/\/puhdasplus.ee\/lt\/wp-json\/wp\/v2\/product\/35091","targetHints":{"allow":["GET"]}}],"collection":[{"href":"https:\/\/puhdasplus.ee\/lt\/wp-json\/wp\/v2\/product"}],"about":[{"href":"https:\/\/puhdasplus.ee\/lt\/wp-json\/wp\/v2\/types\/product"}],"replies":[{"embeddable":true,"href":"https:\/\/puhdasplus.ee\/lt\/wp-json\/wp\/v2\/comments?post=35091"}],"wp:featuredmedia":[{"embeddable":true,"href":"https:\/\/puhdasplus.ee\/lt\/wp-json\/wp\/v2\/media\/32311"}],"wp:attachment":[{"href":"https:\/\/puhdasplus.ee\/lt\/wp-json\/wp\/v2\/media?parent=35091"}],"wp:term":[{"taxonomy":"product_brand","embeddable":true,"href":"https:\/\/puhdasplus.ee\/lt\/wp-json\/wp\/v2\/product_brand?post=35091"},{"taxonomy":"product_cat","embeddable":true,"href":"https:\/\/puhdasplus.ee\/lt\/wp-json\/wp\/v2\/product_cat?post=35091"},{"taxonomy":"product_tag","embeddable":true,"href":"https:\/\/puhdasplus.ee\/lt\/wp-json\/wp\/v2\/product_tag?post=35091"}],"curies":[{"name":"wp","href":"https:\/\/api.w.org\/{rel}","templated":true}]}}