{"id":34865,"date":"2022-01-17T14:38:26","date_gmt":"2022-01-17T12:38:26","guid":{"rendered":"https:\/\/puhdasplus.ee\/tooted\/be-kategorijos\/avizu-skaidulos-200-g\/"},"modified":"2026-04-07T20:05:23","modified_gmt":"2026-04-07T17:05:23","slug":"avizu-skaidulos-200-g","status":"publish","type":"product","link":"https:\/\/puhdasplus.ee\/lt\/produktai\/virskinimas-ir-medziagu-apykaita\/avizu-skaidulos-200-g\/","title":{"rendered":"Avi\u017e\u0173 skaidulos 200 g"},"content":{"rendered":"<h2>Kas yra \u201ePuhdas+\u201c avi\u017e\u0173 skaidulos?<\/h2>\n<p>\u201ePuhdas+\u201c avi\u017e\u0173 skaidulos yra 100 % nat\u016bralios, be glitimo skaidulos, pagamintos i\u0161 avi\u017e\u0173. Jos tinka kasdieniam vartojimui tiems, kurie nori padidinti skaidul\u0173 suvartojim\u0105 \u0161velniai ir lengvai toleruojamu b\u016bdu. Produktas pirmiausia skirtas \u017emon\u0117ms, turintiems jautri\u0105 vir\u0161kinimo sistem\u0105, taip pat puikiai tinka tiems, kurie laikosi dietos be glitimo.  <\/p>\n<h2>\u201ePuhdas+\u201c avi\u017e\u0173 skaidulos \u2013 naudingos savyb\u0117s<\/h2>\n<h3>1. \u0160velniai palaiko vir\u0161kinim\u0105<\/h3>\n<p>Avi\u017e\u0173 skaidulos yra idealus pasirinkimas \u017emon\u0117ms su jautria vir\u0161kinimo sistema, nes jos per daug nei\u0161brinksta skystyje ir nesukelia spaudimo ar dirginimo \u017earnyno sienel\u0117ms. Tai rei\u0161kia, kad vir\u0161kinimas vyksta skland\u017eiai ir be diskomforto. Skirtingai nuo gyslo\u010dio ar kit\u0173 maistini\u0173 skaidul\u0173, avi\u017e\u0173 skaidulos yra \u0161velnios, tod\u0117l tinka tiems, kurie paprastai patiria problem\u0173 su skaidulomis, pavyzd\u017eiui, pilvo p\u016btim\u0105 ar duj\u0173 kaupim\u0105si.  <\/p>\n<h3>2. Prisideda prie reguliaraus tu\u0161tinimosi<\/h3>\n<p>Reguliarus avi\u017e\u0173 skaidul\u0173 vartojimas gali pad\u0117ti palaikyti reguliar\u0173 tu\u0161tinim\u0105si ir j\u012f palaikyti. Tai ypa\u010d naudinga \u017emon\u0117ms, kurie ken\u010dia nuo l\u0117to vir\u0161kinimo ar lengvo viduri\u0173 u\u017ekiet\u0117jimo. Skaidulos padidina \u017earnyno turinio apimt\u012f ir padeda jam jud\u0117ti vir\u0161kinamuoju traktu, o tai padeda nat\u016braliai subalansuoti vir\u0161kinim\u0105.  <\/p>\n<h3>3. Nat\u016bralus skaidul\u0173 \u0161altinis kasdieniam naudojimui<\/h3>\n<p>Avi\u017e\u0173 skaidulos neturi glitimo ir pried\u0173, tod\u0117l yra patikimas skaidul\u0173 \u0161altinis, papildantis j\u016bs\u0173 kasdien\u0119 mityb\u0105. \u0160iandienin\u0117je mityboje da\u017enai yra per ma\u017eai skaidul\u0173, tod\u0117l tokio paprasto, neutralaus skonio papildo vartojimas yra labai prakti\u0161kas b\u016bdas padidinti kasdien\u012f skaidul\u0173 suvartojim\u0105. <\/p>\n<h3>4. Nesukelia pilvo p\u016btimo ar diskomforto<\/h3>\n<p>D\u0117l \u0161velnios sud\u0117ties ir to, kad per daug nei\u0161brinksta, \u201ePuhdas+ Oat Fiber\u201c taip pat tinka \u017emon\u0117ms, kurie jautr\u016bs vir\u0161kinimo poky\u010diams. D\u0117l \u0161velnios sud\u0117ties jis taip pat tinka \u017emon\u0117ms, turintiems jautr\u0173 vir\u0161kinim\u0105 \u2013 dauguma vartotoj\u0173 j\u012f toleruoja gerai. <\/p>\n<h3>5. Tinka \u012fvairioms dietoms ir gyvenimo b\u016bdams<\/h3>\n<p>\u201ePuhdas+ Oat Fiber\u201c avi\u017e\u0173 skaidulos yra be glitimo, be laktoz\u0117s, mieli\u0173, cukraus, druskos, kukur\u016bz\u0173, sojos ar saldikli\u0173. Tai rei\u0161kia, kad jos tinka naudoti \u012fvairiose dietose, \u012fskaitant veganus, alergi\u0161kus \u017emones ir \u017emones, besilaikan\u010dius FODMAP arba be glitimo dietos. <\/p>\n<h2>Ingredientai<\/h2>\n<ul>\n<li>\n<p>100 % avi\u017e\u0173 skaidul\u0173 (be glitimo)<\/p>\n<\/li>\n<\/ul>\n<h2>Naudojimas<\/h2>\n<ul>\n<li>\n<p>Rekomenduojama paros doz\u0117: 1\u20132 valgomieji \u0161auk\u0161tai<\/p>\n<\/li>\n<li>\n<p>\u012emai\u0161ykite \u012f vanden\u012f, sultis ar kokteil\u012f<\/p>\n<\/li>\n<li>\n<p>\u017dmon\u0117ms, turintiems jautr\u0173 vir\u0161kinim\u0105, patariama prad\u0117ti nuo ma\u017eesnio kiekio (pvz., 0,5 valgomojo \u0161auk\u0161to per dien\u0105).<\/p>\n<\/li>\n<li>\n<p>Visada i\u0161gerkite stiklin\u0119 vandens<\/p>\n<\/li>\n<li>\n<p>Nevir\u0161ykite rekomenduojamos paros normos.<\/p>\n<\/li>\n<\/ul>\n<h2>Maistin\u0117 vert\u0117 (1\u20132 valgomieji \u0161auk\u0161tai)<\/h2>\n<ul>\n<li>\n<p>Skaidulos: 3,3\u20136,6 g<\/p>\n<\/li>\n<\/ul>\n<h2>Svarbi informacija<\/h2>\n<p>Maisto papildas nepakei\u010dia \u012fvairios ir subalansuotos mitybos ar sveiko gyvenimo b\u016bdo.<br \/> Laikyti vaikams nepasiekiamoje vietoje.<br \/> Laikyti sausoje ir v\u0117sioje vietoje, originalioje pakuot\u0117je.<\/p>\n<p><strong>\u017di\u016br\u0117ti taip pat:<\/strong> <a href=\"https:\/\/puhdasplus.ee\/toote-kategooria\/seedimine-ja-ainevahetus\/\">Vir\u0161kinimas ir med\u017eiag\u0173 apykaita<\/a> | <a href=\"https:\/\/puhdasplus.ee\/toote-kategooria\/superfood\/\">Superfood<\/a><\/p>\n","protected":false},"excerpt":{"rendered":"<p><b>\u201ePuhdas+\u201c avi\u017e\u0173 skaidulos<\/b> yra nat\u016bralios ir ypa\u010d \u0161velnios skaidulos, sukurtos atsi\u017evelgiant \u012f jautri\u0105 vir\u0161kinim\u0105 turin\u010di\u0173 \u017emoni\u0173 poreikius. Tai 100 % be glitimo avi\u017e\u0173 skaidulos, kurios pernelyg nei\u0161brinksta vir\u0161kinamajame trakte ir \u0161velniai juda \u017earnynu, nesukeldamos dirginimo ar diskomforto. D\u0117l to \u0161is produktas tinka tiems, kurie anks\u010diau vartodami \u012fprastas skaidulas patyr\u0117 pilvo p\u016btim\u0105, skrand\u017eio spazmus ar kitas vir\u0161kinimo problemas.  <\/p>\n<p>Avi\u017e\u0173 skaidulos nat\u016braliai palaiko vir\u0161kinim\u0105 \u2013 padeda i\u0161laikyti nat\u016bral\u0173 \u017earnyno ritm\u0105, skatina reguliar\u0173 tu\u0161tinim\u0105si ir palaiko sotumo jausm\u0105. Tai gali b\u016bti naudinga sveikesnei mitybai ar svorio kontrolei. Kadangi produkte n\u0117ra glitimo, laktoz\u0117s, cukraus, druskos ar kit\u0173 pried\u0173, jis taip pat idealiai tinka \u017emon\u0117ms, turintiems jautri\u0105 mityb\u0105, \u012fskaitant veganus ir tuos, kurie laikosi FODMAP dietos.  <\/p>\n<p><b>\u201ePuhdas+ Oat Fiber\u201c<\/b> \u2013 tai prakti\u0161kas ir paprastas b\u016bdas padidinti kasdien\u012f skaidul\u0173 suvartojim\u0105 \u2013 \u012fb\u0117rus jo \u012f vanden\u012f, sultis ar kokteilius, gausite naudos nepakeisdami maisto skonio ar tekst\u016bros. Tai puikus pasirinkimas, jei norite nat\u016braliai, organizmui draugi\u0161kai ir \u0161variai palaikyti vir\u0161kinim\u0105. <\/p>\n","protected":false},"featured_media":34869,"comment_status":"closed","ping_status":"closed","template":"","meta":{"_acf_changed":false,"googlesitekit_rrm_CAow3eq7DA:productID":""},"product_brand":[],"product_cat":[3318],"product_tag":[8346,8350,3023,3131,8378,4883,2967,3858],"class_list":{"0":"post-34865","1":"product","2":"type-product","3":"status-publish","4":"has-post-thumbnail","6":"product_cat-virskinimas-ir-medziagu-apykaita","7":"product_tag-be-gliuteno-lt","8":"product_tag-be-laktozs-lt","9":"product_tag-imunitetas","10":"product_tag-maisto-papildas","11":"product_tag-natralus-lt","12":"product_tag-probiotikai","13":"product_tag-veganas","14":"product_tag-virskinimas","16":"first","17":"instock","18":"taxable","19":"shipping-taxable","20":"purchasable","21":"product-type-simple"},"acf":[],"yoast_head":"<!-- This site is optimized with the Yoast SEO plugin v27.3 - https:\/\/yoast.com\/product\/yoast-seo-wordpress\/ -->\n<title>Avi\u017e\u0173 skaidulos 200 g | Puhdas+<\/title>\n<meta name=\"description\" content=\"Avi\u017e\u0173 skaidulos 200 g \u2013 begliutenis skaidul\u0173 papildas \u017emon\u0117ms su jautriu skrand\u017eiu. Nebrinksta skystyje, be pried\u0173 ir lengvai vir\u0161kinamas.\" \/>\n<meta name=\"robots\" content=\"index, follow, max-snippet:-1, max-image-preview:large, max-video-preview:-1\" \/>\n<link rel=\"canonical\" href=\"https:\/\/puhdasplus.ee\/lt\/produktai\/virskinimas-ir-medziagu-apykaita\/avizu-skaidulos-200-g\/\" \/>\n<meta property=\"og:locale\" content=\"lt_LT\" \/>\n<meta property=\"og:type\" content=\"article\" \/>\n<meta property=\"og:title\" content=\"Avi\u017e\u0173 skaidulos 200 g | Puhdas+\" \/>\n<meta property=\"og:description\" content=\"Avi\u017e\u0173 skaidulos 200 g \u2013 begliutenis skaidul\u0173 papildas \u017emon\u0117ms su jautriu skrand\u017eiu. Nebrinksta skystyje, be pried\u0173 ir lengvai vir\u0161kinamas.\" \/>\n<meta property=\"og:url\" content=\"https:\/\/puhdasplus.ee\/lt\/produktai\/virskinimas-ir-medziagu-apykaita\/avizu-skaidulos-200-g\/\" \/>\n<meta property=\"og:site_name\" content=\"Puhdas+\" \/>\n<meta property=\"article:publisher\" content=\"https:\/\/www.facebook.com\/puhdasplus\" \/>\n<meta property=\"article:modified_time\" content=\"2026-04-07T17:05:23+00:00\" \/>\n<meta property=\"og:image\" content=\"https:\/\/puhdasplus.ee\/wp-content\/uploads\/2025\/03\/73.jpg\" \/>\n\t<meta property=\"og:image:width\" content=\"1862\" \/>\n\t<meta property=\"og:image:height\" content=\"2560\" \/>\n\t<meta property=\"og:image:type\" content=\"image\/jpeg\" \/>\n<meta name=\"twitter:card\" content=\"summary_large_image\" \/>\n<meta name=\"twitter:label1\" content=\"Est. reading time\" \/>\n\t<meta name=\"twitter:data1\" content=\"2 minut\u0117\" \/>\n<script type=\"application\/ld+json\" class=\"yoast-schema-graph\">{\"@context\":\"https:\\\/\\\/schema.org\",\"@graph\":[{\"@type\":\"WebPage\",\"@id\":\"https:\\\/\\\/puhdasplus.ee\\\/lt\\\/produktai\\\/virskinimas-ir-medziagu-apykaita\\\/avizu-skaidulos-200-g\\\/\",\"url\":\"https:\\\/\\\/puhdasplus.ee\\\/lt\\\/produktai\\\/virskinimas-ir-medziagu-apykaita\\\/avizu-skaidulos-200-g\\\/\",\"name\":\"Avi\u017e\u0173 skaidulos 200 g | Puhdas+\",\"isPartOf\":{\"@id\":\"https:\\\/\\\/puhdasplus.ee\\\/lt\\\/#website\"},\"primaryImageOfPage\":{\"@id\":\"https:\\\/\\\/puhdasplus.ee\\\/lt\\\/produktai\\\/virskinimas-ir-medziagu-apykaita\\\/avizu-skaidulos-200-g\\\/#primaryimage\"},\"image\":{\"@id\":\"https:\\\/\\\/puhdasplus.ee\\\/lt\\\/produktai\\\/virskinimas-ir-medziagu-apykaita\\\/avizu-skaidulos-200-g\\\/#primaryimage\"},\"thumbnailUrl\":\"https:\\\/\\\/puhdasplus.ee\\\/wp-content\\\/uploads\\\/2025\\\/03\\\/73.jpg\",\"datePublished\":\"2022-01-17T12:38:26+00:00\",\"dateModified\":\"2026-04-07T17:05:23+00:00\",\"description\":\"Avi\u017e\u0173 skaidulos 200 g \u2013 begliutenis skaidul\u0173 papildas \u017emon\u0117ms su jautriu skrand\u017eiu. Nebrinksta skystyje, be pried\u0173 ir lengvai vir\u0161kinamas.\",\"breadcrumb\":{\"@id\":\"https:\\\/\\\/puhdasplus.ee\\\/lt\\\/produktai\\\/virskinimas-ir-medziagu-apykaita\\\/avizu-skaidulos-200-g\\\/#breadcrumb\"},\"inLanguage\":\"lt-LT\",\"potentialAction\":[{\"@type\":\"ReadAction\",\"target\":[\"https:\\\/\\\/puhdasplus.ee\\\/lt\\\/produktai\\\/virskinimas-ir-medziagu-apykaita\\\/avizu-skaidulos-200-g\\\/\"]}]},{\"@type\":\"ImageObject\",\"inLanguage\":\"lt-LT\",\"@id\":\"https:\\\/\\\/puhdasplus.ee\\\/lt\\\/produktai\\\/virskinimas-ir-medziagu-apykaita\\\/avizu-skaidulos-200-g\\\/#primaryimage\",\"url\":\"https:\\\/\\\/puhdasplus.ee\\\/wp-content\\\/uploads\\\/2025\\\/03\\\/73.jpg\",\"contentUrl\":\"https:\\\/\\\/puhdasplus.ee\\\/wp-content\\\/uploads\\\/2025\\\/03\\\/73.jpg\",\"width\":1862,\"height\":2560,\"caption\":\"Avi\u017e\u0173 skaidulos 200 g\"},{\"@type\":\"BreadcrumbList\",\"@id\":\"https:\\\/\\\/puhdasplus.ee\\\/lt\\\/produktai\\\/virskinimas-ir-medziagu-apykaita\\\/avizu-skaidulos-200-g\\\/#breadcrumb\",\"itemListElement\":[{\"@type\":\"ListItem\",\"position\":1,\"name\":\"Prad\u017eia\",\"item\":\"https:\\\/\\\/puhdasplus.ee\\\/lt\\\/\"},{\"@type\":\"ListItem\",\"position\":2,\"name\":\"Produktai\",\"item\":\"https:\\\/\\\/puhdasplus.ee\\\/lt\\\/parduotuve\\\/\"},{\"@type\":\"ListItem\",\"position\":3,\"name\":\"Avi\u017e\u0173 skaidulos 200 g\"}]},{\"@type\":\"WebSite\",\"@id\":\"https:\\\/\\\/puhdasplus.ee\\\/lt\\\/#website\",\"url\":\"https:\\\/\\\/puhdasplus.ee\\\/lt\\\/\",\"name\":\"Puhdas+\",\"description\":\"Vitaminai, maisto papildai, nat\u016brali kosmetika, sveikata, sportas\",\"publisher\":{\"@id\":\"https:\\\/\\\/puhdasplus.ee\\\/lt\\\/#organization\"},\"potentialAction\":[{\"@type\":\"SearchAction\",\"target\":{\"@type\":\"EntryPoint\",\"urlTemplate\":\"https:\\\/\\\/puhdasplus.ee\\\/lt\\\/?s={search_term_string}\"},\"query-input\":{\"@type\":\"PropertyValueSpecification\",\"valueRequired\":true,\"valueName\":\"search_term_string\"}}],\"inLanguage\":\"lt-LT\"},{\"@type\":\"Organization\",\"@id\":\"https:\\\/\\\/puhdasplus.ee\\\/lt\\\/#organization\",\"name\":\"Puhdas+\",\"alternateName\":\"Puhdasplus\",\"url\":\"https:\\\/\\\/puhdasplus.ee\\\/lt\\\/\",\"logo\":{\"@type\":\"ImageObject\",\"inLanguage\":\"lt-LT\",\"@id\":\"https:\\\/\\\/puhdasplus.ee\\\/lt\\\/#\\\/schema\\\/logo\\\/image\\\/\",\"url\":\"https:\\\/\\\/puhdasplus.ee\\\/wp-content\\\/uploads\\\/2019\\\/10\\\/puhdas_logo-arvele.png\",\"contentUrl\":\"https:\\\/\\\/puhdasplus.ee\\\/wp-content\\\/uploads\\\/2019\\\/10\\\/puhdas_logo-arvele.png\",\"width\":114,\"height\":94,\"caption\":\"Puhdas+\"},\"image\":{\"@id\":\"https:\\\/\\\/puhdasplus.ee\\\/lt\\\/#\\\/schema\\\/logo\\\/image\\\/\"},\"sameAs\":[\"https:\\\/\\\/www.facebook.com\\\/puhdasplus\",\"https:\\\/\\\/www.instagram.com\\\/puhdasplus_ee\\\/\"]}]}<\/script>\n<!-- \/ Yoast SEO plugin. -->","yoast_head_json":{"title":"Avi\u017e\u0173 skaidulos 200 g | Puhdas+","description":"Avi\u017e\u0173 skaidulos 200 g \u2013 begliutenis skaidul\u0173 papildas \u017emon\u0117ms su jautriu skrand\u017eiu. Nebrinksta skystyje, be pried\u0173 ir lengvai vir\u0161kinamas.","robots":{"index":"index","follow":"follow","max-snippet":"max-snippet:-1","max-image-preview":"max-image-preview:large","max-video-preview":"max-video-preview:-1"},"canonical":"https:\/\/puhdasplus.ee\/lt\/produktai\/virskinimas-ir-medziagu-apykaita\/avizu-skaidulos-200-g\/","og_locale":"lt_LT","og_type":"article","og_title":"Avi\u017e\u0173 skaidulos 200 g | Puhdas+","og_description":"Avi\u017e\u0173 skaidulos 200 g \u2013 begliutenis skaidul\u0173 papildas \u017emon\u0117ms su jautriu skrand\u017eiu. Nebrinksta skystyje, be pried\u0173 ir lengvai vir\u0161kinamas.","og_url":"https:\/\/puhdasplus.ee\/lt\/produktai\/virskinimas-ir-medziagu-apykaita\/avizu-skaidulos-200-g\/","og_site_name":"Puhdas+","article_publisher":"https:\/\/www.facebook.com\/puhdasplus","article_modified_time":"2026-04-07T17:05:23+00:00","og_image":[{"width":1862,"height":2560,"url":"https:\/\/puhdasplus.ee\/wp-content\/uploads\/2025\/03\/73.jpg","type":"image\/jpeg"}],"twitter_card":"summary_large_image","twitter_misc":{"Est. reading time":"2 minut\u0117"},"schema":{"@context":"https:\/\/schema.org","@graph":[{"@type":"WebPage","@id":"https:\/\/puhdasplus.ee\/lt\/produktai\/virskinimas-ir-medziagu-apykaita\/avizu-skaidulos-200-g\/","url":"https:\/\/puhdasplus.ee\/lt\/produktai\/virskinimas-ir-medziagu-apykaita\/avizu-skaidulos-200-g\/","name":"Avi\u017e\u0173 skaidulos 200 g | Puhdas+","isPartOf":{"@id":"https:\/\/puhdasplus.ee\/lt\/#website"},"primaryImageOfPage":{"@id":"https:\/\/puhdasplus.ee\/lt\/produktai\/virskinimas-ir-medziagu-apykaita\/avizu-skaidulos-200-g\/#primaryimage"},"image":{"@id":"https:\/\/puhdasplus.ee\/lt\/produktai\/virskinimas-ir-medziagu-apykaita\/avizu-skaidulos-200-g\/#primaryimage"},"thumbnailUrl":"https:\/\/puhdasplus.ee\/wp-content\/uploads\/2025\/03\/73.jpg","datePublished":"2022-01-17T12:38:26+00:00","dateModified":"2026-04-07T17:05:23+00:00","description":"Avi\u017e\u0173 skaidulos 200 g \u2013 begliutenis skaidul\u0173 papildas \u017emon\u0117ms su jautriu skrand\u017eiu. Nebrinksta skystyje, be pried\u0173 ir lengvai vir\u0161kinamas.","breadcrumb":{"@id":"https:\/\/puhdasplus.ee\/lt\/produktai\/virskinimas-ir-medziagu-apykaita\/avizu-skaidulos-200-g\/#breadcrumb"},"inLanguage":"lt-LT","potentialAction":[{"@type":"ReadAction","target":["https:\/\/puhdasplus.ee\/lt\/produktai\/virskinimas-ir-medziagu-apykaita\/avizu-skaidulos-200-g\/"]}]},{"@type":"ImageObject","inLanguage":"lt-LT","@id":"https:\/\/puhdasplus.ee\/lt\/produktai\/virskinimas-ir-medziagu-apykaita\/avizu-skaidulos-200-g\/#primaryimage","url":"https:\/\/puhdasplus.ee\/wp-content\/uploads\/2025\/03\/73.jpg","contentUrl":"https:\/\/puhdasplus.ee\/wp-content\/uploads\/2025\/03\/73.jpg","width":1862,"height":2560,"caption":"Avi\u017e\u0173 skaidulos 200 g"},{"@type":"BreadcrumbList","@id":"https:\/\/puhdasplus.ee\/lt\/produktai\/virskinimas-ir-medziagu-apykaita\/avizu-skaidulos-200-g\/#breadcrumb","itemListElement":[{"@type":"ListItem","position":1,"name":"Prad\u017eia","item":"https:\/\/puhdasplus.ee\/lt\/"},{"@type":"ListItem","position":2,"name":"Produktai","item":"https:\/\/puhdasplus.ee\/lt\/parduotuve\/"},{"@type":"ListItem","position":3,"name":"Avi\u017e\u0173 skaidulos 200 g"}]},{"@type":"WebSite","@id":"https:\/\/puhdasplus.ee\/lt\/#website","url":"https:\/\/puhdasplus.ee\/lt\/","name":"Puhdas+","description":"Vitaminai, maisto papildai, nat\u016brali kosmetika, sveikata, sportas","publisher":{"@id":"https:\/\/puhdasplus.ee\/lt\/#organization"},"potentialAction":[{"@type":"SearchAction","target":{"@type":"EntryPoint","urlTemplate":"https:\/\/puhdasplus.ee\/lt\/?s={search_term_string}"},"query-input":{"@type":"PropertyValueSpecification","valueRequired":true,"valueName":"search_term_string"}}],"inLanguage":"lt-LT"},{"@type":"Organization","@id":"https:\/\/puhdasplus.ee\/lt\/#organization","name":"Puhdas+","alternateName":"Puhdasplus","url":"https:\/\/puhdasplus.ee\/lt\/","logo":{"@type":"ImageObject","inLanguage":"lt-LT","@id":"https:\/\/puhdasplus.ee\/lt\/#\/schema\/logo\/image\/","url":"https:\/\/puhdasplus.ee\/wp-content\/uploads\/2019\/10\/puhdas_logo-arvele.png","contentUrl":"https:\/\/puhdasplus.ee\/wp-content\/uploads\/2019\/10\/puhdas_logo-arvele.png","width":114,"height":94,"caption":"Puhdas+"},"image":{"@id":"https:\/\/puhdasplus.ee\/lt\/#\/schema\/logo\/image\/"},"sameAs":["https:\/\/www.facebook.com\/puhdasplus","https:\/\/www.instagram.com\/puhdasplus_ee\/"]}]}},"_yoast_wpseo_title":"Avi\u017e\u0173 skaidulos 200 g | Puhdas+","_yoast_wpseo_metadesc":"Avi\u017e\u0173 skaidulos 200 g \u2013 begliutenis skaidul\u0173 papildas \u017emon\u0117ms su jautriu skrand\u017eiu. Nebrinksta skystyje, be pried\u0173 ir lengvai vir\u0161kinamas.","_yoast_wpseo_focuskw":"","_links":{"self":[{"href":"https:\/\/puhdasplus.ee\/lt\/wp-json\/wp\/v2\/product\/34865","targetHints":{"allow":["GET"]}}],"collection":[{"href":"https:\/\/puhdasplus.ee\/lt\/wp-json\/wp\/v2\/product"}],"about":[{"href":"https:\/\/puhdasplus.ee\/lt\/wp-json\/wp\/v2\/types\/product"}],"replies":[{"embeddable":true,"href":"https:\/\/puhdasplus.ee\/lt\/wp-json\/wp\/v2\/comments?post=34865"}],"wp:featuredmedia":[{"embeddable":true,"href":"https:\/\/puhdasplus.ee\/lt\/wp-json\/wp\/v2\/media\/34869"}],"wp:attachment":[{"href":"https:\/\/puhdasplus.ee\/lt\/wp-json\/wp\/v2\/media?parent=34865"}],"wp:term":[{"taxonomy":"product_brand","embeddable":true,"href":"https:\/\/puhdasplus.ee\/lt\/wp-json\/wp\/v2\/product_brand?post=34865"},{"taxonomy":"product_cat","embeddable":true,"href":"https:\/\/puhdasplus.ee\/lt\/wp-json\/wp\/v2\/product_cat?post=34865"},{"taxonomy":"product_tag","embeddable":true,"href":"https:\/\/puhdasplus.ee\/lt\/wp-json\/wp\/v2\/product_tag?post=34865"}],"curies":[{"name":"wp","href":"https:\/\/api.w.org\/{rel}","templated":true}]}}