{"id":34852,"date":"2022-01-16T00:06:15","date_gmt":"2022-01-15T22:06:15","guid":{"rendered":"https:\/\/puhdasplus.ee\/tooted\/be-kategorijos\/maistiniu-mieliu-dribsniai-inaktyvuota-mieliu-forma-150-g\/"},"modified":"2026-04-07T20:05:21","modified_gmt":"2026-04-07T17:05:21","slug":"maistiniu-mieliu-dribsniai-inaktyvuota-mieliu-forma-150-g","status":"publish","type":"product","link":"https:\/\/puhdasplus.ee\/lt\/produktai\/supermaistas\/maistiniu-mieliu-dribsniai-inaktyvuota-mieliu-forma-150-g\/","title":{"rendered":"Maistini\u0173 mieli\u0173 dribsniai (inaktyvuota mieli\u0173 forma) 150 g"},"content":{"rendered":"<h2>Kas yra \u201ePuhdas+\u201c maistingi mieli\u0173 dribsniai?<\/h2>\n<p>\u201ePuhdas+ Nutritional Mie\u017ei\u0173 dribsniai\u201c \u2013 tai supermaisto papildas, pagamintas i\u0161 100 % nat\u016braliai u\u017eaugint\u0173, inaktyvuot\u0173 mieli\u0173 (Saccharomyces cerevisiae), kurios d\u0117l didelio B grup\u0117s vitamin\u0173 ir baltym\u0173 kiekio yra ypa\u010d populiarios tarp vegetar\u0173 ir vegan\u0173. \u0160ie dribsniai, pasi\u017eymintys subtiliu rie\u0161ut\u0173 ir s\u016brio skoniu, yra pla\u010diai naudojami kasdien\u0117je mityboje \u2013 jais galima berti ant salot\u0173, sriub\u0173, makaron\u0173 patiekal\u0173 arba naudoti pada\u017eams ir augaliniams patiekalams gardinti. <\/p>\n<p>Grynas, bekvapis maistas be laktoz\u0117s, glitimo, prid\u0117tinio cukraus ar dirbtini\u0173 ingredient\u0173, \u201ePuhdas+ Nutritional Mie\u017ei\u0173 dribsniai\u201c yra puikus papildas visiems, ie\u0161kantiems nat\u016bralaus ir maistingo b\u016bdo padidinti vitamin\u0173, baltym\u0173 ir skaidul\u0173 kiek\u012f. <\/p>\n<h2>Kod\u0117l \u201ePuhdas+\u201c maistingi mieli\u0173 dribsniai yra naudingi?<\/h2>\n<p><strong>\u201ePuhdas+\u201c maistingi mieli\u0173 dribsniai<\/strong> yra puikus papildas, praturtinantis j\u016bs\u0173 kasdien\u0119 mityb\u0105, apr\u016bpinantis organizm\u0105 keliomis b\u016btinomis maistin\u0117mis med\u017eiagomis, ypa\u010d tiems, kuri\u0173 mityba yra augalin\u0117 arba kurioje ma\u017eai gyv\u016bnin\u0117s kilm\u0117s produkt\u0173. \u0160tai pagrindin\u0117s prie\u017eastys, kod\u0117l \u0161ie dribsniai yra vertinga subalansuotos mitybos dalis: <\/p>\n<h4>Turtingas baltym\u0173 \u0161altinis<\/h4>\n<p>Maistin\u0117se miel\u0117se yra beveik 50 % baltym\u0173, tod\u0117l tai puikus augalin\u0117s kilm\u0117s baltym\u0173 papildas. Baltymai yra b\u016btini raumen\u0173 masei palaikyti ir auginti, imuninei sistemai stiprinti ir audiniams atsinaujinti. Tai ypa\u010d naudinga veganams ir vegetarams, kuriems gali tr\u016bkti baltym\u0173.  <\/p>\n<h4>Puikus B grup\u0117s vitamin\u0173 \u0161altinis<\/h4>\n<p>Maistin\u0117se miel\u0117se nat\u016braliai gausu B grup\u0117s vitamin\u0173 \u2013 ypa\u010d tiamino (B1), riboflavino (B2), niacino (B3), folio r\u016bg\u0161ties ir vitamino B6. B grup\u0117s vitaminai palaiko nerv\u0173 sistem\u0105, energijos gamyb\u0105, med\u017eiag\u0173 apykait\u0105 ir psichologin\u012f funkcionavim\u0105. Folio r\u016bg\u0161tis ypa\u010d svarbi n\u0117\u0161tumo ir spartaus augimo laikotarpiais.  <\/p>\n<h4>Augalin\u0117 ir be glitimo alternatyva<\/h4>\n<p>Dribsniai yra be laktoz\u0117s, glitimo, druskos ir cukraus. Juos gali vartoti \u017emon\u0117s, besilaikantys dietos be glitimo arba alergi\u0161kiems \u017emon\u0117ms, taip pat veganai ir vegetarai. D\u0117l nat\u016bralaus s\u016brio skonio maistin\u0117s miel\u0117s taip pat tinka tiems, kurie ie\u0161ko pieno produkt\u0173 neturin\u010dios s\u016brio alternatyvos.  <\/p>\n<h4>Palaiko energijos lyg\u012f ir nerv\u0173 sistem\u0105<\/h4>\n<p>Maistin\u0117se miel\u0117se esantys B grup\u0117s vitaminai yra \u017einomi d\u0117l savo vaidmens energijos gamyboje. Jie padeda maist\u0105 paversti energija, kuri\u0105 gali gauti organizmas, o tai gali suma\u017einti nuovarg\u012f ir i\u0161sekim\u0105, palaikyti susikaupim\u0105 ir budrum\u0105. <\/p>\n<h4>Universalus naudojimas<\/h4>\n<p>Maistinius mieli\u0173 dribsnius lengva \u012ftraukti \u012f savo kasdien\u0119 mityb\u0105 \u2013 pabarstykite jais salotas, \u012fmai\u0161ykite \u012f pada\u017eus, naudokite kaip dar\u017eovi\u0173 \u201eparmezano\u201c pakaital\u0105 arba \u012fd\u0117kite \u012f kokteilius ir sriubas. Jie taip pat tinka praturtinti vaik\u0173 patiekalus, nes yra \u0161velnaus ir malonaus skonio. <\/p>\n<h2>Ingredientai<\/h2>\n<ul>\n<li>\n<p>100 % inaktyvuot\u0173 mieli\u0173 (Saccharomyces cerevisiae)<\/p>\n<\/li>\n<\/ul>\n<p>Sud\u0117tyje n\u0117ra laktoz\u0117s, glitimo, prid\u0117tinio cukraus, druskos, krakmolo, kukur\u016bz\u0173, sojos ar saldikli\u0173. Tinka veganams ir vegetarams. <\/p>\n<h2>Maistin\u0117 vert\u0117 100 g<\/h2>\n<ul>\n<li>\n<p>Energin\u0117 vert\u0117: 1428 kJ \/ 341 kcal<\/p>\n<\/li>\n<li>\n<p>Riebalai: 4,2 g<\/p>\n<ul>\n<li>\n<p>i\u0161 kuri\u0173 so\u010di\u0173j\u0173 riebal\u0173 r\u016bg\u0161\u010di\u0173: 0,6 g<\/p>\n<\/li>\n<\/ul>\n<\/li>\n<li>\n<p>Angliavandeniai: 40,2 g<\/p>\n<ul>\n<li>\n<p>i\u0161 kuri\u0173 cukr\u0173: 15,6 g<\/p>\n<\/li>\n<\/ul>\n<\/li>\n<li>\n<p>Skaidulos: 21,7 g<\/p>\n<\/li>\n<li>\n<p>Baltymai: 46,4 g<\/p>\n<\/li>\n<li>\n<p>Druska: 0,091 g<\/p>\n<\/li>\n<\/ul>\n<h2>Vitaminai:<\/h2>\n<ul>\n<li>\n<p>Tiaminas (B1): 3 mg (272 % RMV*)<\/p>\n<\/li>\n<li>\n<p>Riboflavinas (B2): 6 mg (429 % NRV*)<\/p>\n<\/li>\n<li>\n<p>Niacino ekvivalentas (vitaminas B3): 37 mg (231 % RMV*)<\/p>\n<\/li>\n<li>\n<p>Pantoteno r\u016bg\u0161tis (B5): 10 mg (167 % RMV*)<\/p>\n<\/li>\n<li>\n<p>Vitaminas B6: 3 mg (214 % RMV*)<\/p>\n<\/li>\n<li>\n<p>Biotinas: 30 \u00b5g (60 % RMV*)<\/p>\n<\/li>\n<li>\n<p>Folio r\u016bg\u0161tis: 1425 \u00b5g (713 % RMV*) <br \/> *RMV \u2013 referencin\u0117s paros normos procentin\u0117 dalis.<\/p>\n<\/li>\n<\/ul>\n<p><strong>Vitaminas B1<\/strong> (tiaminas) padeda palaikyti normali\u0105 energijos apykait\u0105, nerv\u0173 sistemos veikl\u0105, psichik\u0105 ir \u0161irdies veikl\u0105.<\/p>\n<p><strong>Vitaminas B2<\/strong> (riboflavinas) padeda palaikyti normali\u0105 energijos apykait\u0105, nerv\u0173 sistemos veikl\u0105, gleivini\u0173 ir odos b\u016bkl\u0119, raudon\u0173j\u0173 kraujo k\u016bneli\u0173 b\u016bkl\u0119 ir gele\u017eies apykait\u0105. Vitaminas B2 padeda palaikyti normal\u0173 reg\u0117jim\u0105, apsaugoti l\u0105steles nuo oksidacin\u0117s pa\u017eaidos ir ma\u017einti pavarg\u012f bei i\u0161sekim\u0105. <\/p>\n<p><strong>Niacinas<\/strong> (vitaminas B3) padeda palaikyti normali\u0105 energijos apykait\u0105, nerv\u0173 sistemos veikl\u0105, psichik\u0105, gleivini\u0173 ir odos b\u016bkl\u0119. Niacinas padeda ma\u017einti pavarg\u012f ir i\u0161sekim\u0105. <\/p>\n<p><strong>Pantoteno r\u016bg\u0161tis<\/strong> (vitaminas B5) padeda palaikyti normali\u0105 energijos apykait\u0105, protin\u0119 veikl\u0105, steroidini\u0173 hormon\u0173, vitamino D ir kai kuri\u0173 neuromediatori\u0173 sintez\u0119 bei kraujotak\u0105. Pantoteno r\u016bg\u0161tis padeda ma\u017einti pavarg\u012f ir i\u0161sekim\u0105. <\/p>\n<p><strong>Vitaminas B6<\/strong> padeda ma\u017einti pavarg\u012f ir i\u0161sekim\u0105. Jis padeda palaikyti normali\u0105 nerv\u0173 sistemos veikl\u0105, protin\u0119 funkcij\u0105, imunin\u0117s sistemos funkcij\u0105, raudon\u0173j\u0173 kraujo k\u016bneli\u0173 susidarym\u0105, energijos apykait\u0105, cisteino sintez\u0119, homocisteino apykait\u0105 bei baltym\u0173 ir glikogeno apykait\u0105. Vitaminas B6 padeda reguliuoti hormon\u0173 veikl\u0105.  <\/p>\n<p><strong>Biotinas<\/strong> padeda palaikyti normali\u0105 energijos apykait\u0105, nerv\u0173 sistemos funkcij\u0105, makroelement\u0173 apytak\u0105, psichik\u0105, plauk\u0173, odos ir gleivini\u0173 b\u016bkl\u0119.<\/p>\n<p><strong>Folio r\u016bg\u0161tis<\/strong> palaiko motinos audini\u0173 augim\u0105 n\u0117\u0161tumo metu. Ji taip pat padeda palaikyti normali\u0105 kraujotak\u0105, aminor\u016bg\u0161\u010di\u0173 sintez\u0119, homocisteino metabolizm\u0105, psichin\u0119 ir imunin\u0119 funkcijas. Folatas atlieka svarb\u0173 vaidmen\u012f l\u0105steli\u0173 dalijimosi procese ir padeda ma\u017einti pavarg\u012f bei i\u0161sekim\u0105.  <\/p>\n<h2>Naudojimo rekomendacijos<\/h2>\n<p>Maistini\u0173 mieli\u0173 dribsniai tinka:<\/p>\n<ul>\n<li>\n<p>Salotoms, sriuboms, makaron\u0173 patiekalams arba kaip sumu\u0161tini\u0173 u\u017epilas<\/p>\n<\/li>\n<li>\n<p>Kaip pada\u017e\u0173 ir dar\u017eovi\u0173 u\u017etep\u0117li\u0173 ingredientas<\/p>\n<\/li>\n<li>\n<p>Skirta d\u0117ti \u012f kokteilius arba pusry\u010di\u0173 dribsnius<\/p>\n<\/li>\n<\/ul>\n<p><strong>Rekomenduojama paros norma:<\/strong> 1\u20135 valgomieji \u0161auk\u0161tai (apie 5\u201325 g).<br \/> Nevir\u0161ykite rekomenduojamos paros normos.<\/p>\n<div class=\"description-inner\">\n<div class=\"js-toggle-slide-block js-show-content\">\n<div class=\"js-container show-text\">\n<div class=\"html-block \">\n<div>\n<h2>Sand\u0117liavimas<\/h2>\n<p>Laikyti sausoje ir v\u0117sioje vietoje, toliau nuo tiesiogini\u0173 saul\u0117s spinduli\u0173. Atidarius sandariai u\u017edarykite. <\/p>\n<h2>Pakuot\u0117s dydis<\/h2>\n<p>150 g<\/p>\n<\/div>\n<\/div>\n<\/div>\n<\/div>\n<\/div>\n<p><strong>\u017di\u016br\u0117ti taip pat:<\/strong> <a href=\"https:\/\/puhdasplus.ee\/toote-kategooria\/superfood\/\">Superfood<\/a> | <a href=\"https:\/\/puhdasplus.ee\/toote-kategooria\/seedimine-ja-ainevahetus\/\">Vir\u0161kinimas ir med\u017eiag\u0173 apykaita<\/a><\/p>\n","protected":false},"excerpt":{"rendered":"<p>\u201ePuhdas+\u201c maistingi mieli\u0173 dribsniai yra maistingas ir nat\u016bralus produktas, puikiai tinkantis visiems, norintiems \u012f savo mityb\u0105 \u012ftraukti k\u0105 nors sveiko, skanaus ir organizmui palankaus. Tai inaktyvuotos miel\u0117s \u2013 tai rei\u0161kia, kad jos nefermentuojasi, bet yra saugus ir lengvai vir\u0161kinamas papildas. Dribsniai yra s\u016brio, rie\u0161ut\u0173 skonio ir puikiai tinka makaronams, salotoms, sriuboms ar net pusry\u010diams.  <\/p>\n<p>Kuo \u0161is produktas ypatingas? Pirma, tai labai geras <strong>B grup\u0117s vitamin\u0173 \u0161altinis<\/strong> \u2013 ypa\u010d svarbus tiems, kurie nevalgo gyv\u016bnin\u0117s kilm\u0117s produkt\u0173, pavyzd\u017eiui, veganams ar vegetarams. B grup\u0117s vitaminai padeda palaikyti energijos lyg\u012f, stiprina nerv\u0173 sistem\u0105 ir ma\u017eina nuovarg\u012f.  <\/p>\n<p>Antra, \u0161iuose dribsniuose yra <strong>daug augalini\u0173 baltym\u0173 ir skaidul\u0173<\/strong> , kurios padeda jaustis sotiems, palaiko raumenis ir \u017earnyno veikl\u0105. Baltymai svarb\u016bs bet kokio am\u017eiaus \u017emon\u0117ms \u2013 augantiems vaikams, aktyviems suaugusiesiems ir senyvo am\u017eiaus \u017emon\u0117ms. <\/p>\n<p>Produkte n\u0117ra glitimo, laktoz\u0117s, prid\u0117tinio cukraus ar konservant\u0173, tod\u0117l jis tinka daugeliui diet\u0173 ir \u017emon\u0117ms su jautria vir\u0161kinimo sistema.<\/p>\n","protected":false},"featured_media":34855,"comment_status":"closed","ping_status":"closed","template":"","meta":{"_acf_changed":false,"googlesitekit_rrm_CAow3eq7DA:productID":""},"product_brand":[],"product_cat":[3019],"product_tag":[5882,8346,8350,3131,8378,3026,2967,8370],"class_list":{"0":"post-34852","1":"product","2":"type-product","3":"status-publish","4":"has-post-thumbnail","6":"product_cat-supermaistas","7":"product_tag-b-grupes-vitaminai","8":"product_tag-be-gliuteno-lt","9":"product_tag-be-laktozs-lt","10":"product_tag-maisto-papildas","11":"product_tag-natralus-lt","12":"product_tag-supermaistas","13":"product_tag-veganas","14":"product_tag-vitaminai-lt","16":"first","17":"instock","18":"taxable","19":"shipping-taxable","20":"purchasable","21":"product-type-simple"},"acf":[],"yoast_head":"<!-- This site is optimized with the Yoast SEO plugin v27.3 - https:\/\/yoast.com\/product\/yoast-seo-wordpress\/ -->\n<title>Maistini\u0173 mieli\u0173 dribsniai (inaktyvuota mieli\u0173 forma) 150 g | Puhdas+<\/title>\n<meta name=\"description\" content=\"\u201ePuhdas+\u201c maistingi mieli\u0173 dribsniai 150 g \u2013 nat\u016bralus maisto papildas, kuriame gausu baltym\u0173 ir B grup\u0117s vitamin\u0173. Vegani\u0161kas, be glitimo, tinka vegetarams.\" \/>\n<meta name=\"robots\" content=\"index, follow, max-snippet:-1, max-image-preview:large, max-video-preview:-1\" \/>\n<link rel=\"canonical\" href=\"https:\/\/puhdasplus.ee\/lt\/produktai\/supermaistas\/maistiniu-mieliu-dribsniai-inaktyvuota-mieliu-forma-150-g\/\" \/>\n<meta property=\"og:locale\" content=\"lt_LT\" \/>\n<meta property=\"og:type\" content=\"article\" \/>\n<meta property=\"og:title\" content=\"Maistini\u0173 mieli\u0173 dribsniai (inaktyvuota mieli\u0173 forma) 150 g | Puhdas+\" \/>\n<meta property=\"og:description\" content=\"\u201ePuhdas+\u201c maistingi mieli\u0173 dribsniai 150 g \u2013 nat\u016bralus maisto papildas, kuriame gausu baltym\u0173 ir B grup\u0117s vitamin\u0173. Vegani\u0161kas, be glitimo, tinka vegetarams.\" \/>\n<meta property=\"og:url\" content=\"https:\/\/puhdasplus.ee\/lt\/produktai\/supermaistas\/maistiniu-mieliu-dribsniai-inaktyvuota-mieliu-forma-150-g\/\" \/>\n<meta property=\"og:site_name\" content=\"Puhdas+\" \/>\n<meta property=\"article:publisher\" content=\"https:\/\/www.facebook.com\/puhdasplus\" \/>\n<meta property=\"article:modified_time\" content=\"2026-04-07T17:05:21+00:00\" \/>\n<meta property=\"og:image\" content=\"https:\/\/puhdasplus.ee\/wp-content\/uploads\/2022\/01\/Untitled-design-45-copy-4.jpg\" \/>\n\t<meta property=\"og:image:width\" content=\"1862\" \/>\n\t<meta property=\"og:image:height\" content=\"2560\" \/>\n\t<meta property=\"og:image:type\" content=\"image\/jpeg\" \/>\n<meta name=\"twitter:card\" content=\"summary_large_image\" \/>\n<meta name=\"twitter:label1\" content=\"Est. reading time\" \/>\n\t<meta name=\"twitter:data1\" content=\"4 minut\u0117\" \/>\n<script type=\"application\/ld+json\" class=\"yoast-schema-graph\">{\"@context\":\"https:\\\/\\\/schema.org\",\"@graph\":[{\"@type\":\"WebPage\",\"@id\":\"https:\\\/\\\/puhdasplus.ee\\\/lt\\\/produktai\\\/supermaistas\\\/maistiniu-mieliu-dribsniai-inaktyvuota-mieliu-forma-150-g\\\/\",\"url\":\"https:\\\/\\\/puhdasplus.ee\\\/lt\\\/produktai\\\/supermaistas\\\/maistiniu-mieliu-dribsniai-inaktyvuota-mieliu-forma-150-g\\\/\",\"name\":\"Maistini\u0173 mieli\u0173 dribsniai (inaktyvuota mieli\u0173 forma) 150 g | Puhdas+\",\"isPartOf\":{\"@id\":\"https:\\\/\\\/puhdasplus.ee\\\/lt\\\/#website\"},\"primaryImageOfPage\":{\"@id\":\"https:\\\/\\\/puhdasplus.ee\\\/lt\\\/produktai\\\/supermaistas\\\/maistiniu-mieliu-dribsniai-inaktyvuota-mieliu-forma-150-g\\\/#primaryimage\"},\"image\":{\"@id\":\"https:\\\/\\\/puhdasplus.ee\\\/lt\\\/produktai\\\/supermaistas\\\/maistiniu-mieliu-dribsniai-inaktyvuota-mieliu-forma-150-g\\\/#primaryimage\"},\"thumbnailUrl\":\"https:\\\/\\\/puhdasplus.ee\\\/wp-content\\\/uploads\\\/2022\\\/01\\\/Untitled-design-45-copy-4.jpg\",\"datePublished\":\"2022-01-15T22:06:15+00:00\",\"dateModified\":\"2026-04-07T17:05:21+00:00\",\"description\":\"\u201ePuhdas+\u201c maistingi mieli\u0173 dribsniai 150 g \u2013 nat\u016bralus maisto papildas, kuriame gausu baltym\u0173 ir B grup\u0117s vitamin\u0173. Vegani\u0161kas, be glitimo, tinka vegetarams.\",\"breadcrumb\":{\"@id\":\"https:\\\/\\\/puhdasplus.ee\\\/lt\\\/produktai\\\/supermaistas\\\/maistiniu-mieliu-dribsniai-inaktyvuota-mieliu-forma-150-g\\\/#breadcrumb\"},\"inLanguage\":\"lt-LT\",\"potentialAction\":[{\"@type\":\"ReadAction\",\"target\":[\"https:\\\/\\\/puhdasplus.ee\\\/lt\\\/produktai\\\/supermaistas\\\/maistiniu-mieliu-dribsniai-inaktyvuota-mieliu-forma-150-g\\\/\"]}]},{\"@type\":\"ImageObject\",\"inLanguage\":\"lt-LT\",\"@id\":\"https:\\\/\\\/puhdasplus.ee\\\/lt\\\/produktai\\\/supermaistas\\\/maistiniu-mieliu-dribsniai-inaktyvuota-mieliu-forma-150-g\\\/#primaryimage\",\"url\":\"https:\\\/\\\/puhdasplus.ee\\\/wp-content\\\/uploads\\\/2022\\\/01\\\/Untitled-design-45-copy-4.jpg\",\"contentUrl\":\"https:\\\/\\\/puhdasplus.ee\\\/wp-content\\\/uploads\\\/2022\\\/01\\\/Untitled-design-45-copy-4.jpg\",\"width\":1862,\"height\":2560,\"caption\":\"Maistini\u0173 mieli\u0173 dribsniai (inaktyvuot\u0173 mieli\u0173 forma) 150 g\"},{\"@type\":\"BreadcrumbList\",\"@id\":\"https:\\\/\\\/puhdasplus.ee\\\/lt\\\/produktai\\\/supermaistas\\\/maistiniu-mieliu-dribsniai-inaktyvuota-mieliu-forma-150-g\\\/#breadcrumb\",\"itemListElement\":[{\"@type\":\"ListItem\",\"position\":1,\"name\":\"Prad\u017eia\",\"item\":\"https:\\\/\\\/puhdasplus.ee\\\/lt\\\/\"},{\"@type\":\"ListItem\",\"position\":2,\"name\":\"Produktai\",\"item\":\"https:\\\/\\\/puhdasplus.ee\\\/lt\\\/parduotuve\\\/\"},{\"@type\":\"ListItem\",\"position\":3,\"name\":\"Maistini\u0173 mieli\u0173 dribsniai (inaktyvuota mieli\u0173 forma) 150 g\"}]},{\"@type\":\"WebSite\",\"@id\":\"https:\\\/\\\/puhdasplus.ee\\\/lt\\\/#website\",\"url\":\"https:\\\/\\\/puhdasplus.ee\\\/lt\\\/\",\"name\":\"Puhdas+\",\"description\":\"Vitaminai, maisto papildai, nat\u016brali kosmetika, sveikata, sportas\",\"publisher\":{\"@id\":\"https:\\\/\\\/puhdasplus.ee\\\/lt\\\/#organization\"},\"potentialAction\":[{\"@type\":\"SearchAction\",\"target\":{\"@type\":\"EntryPoint\",\"urlTemplate\":\"https:\\\/\\\/puhdasplus.ee\\\/lt\\\/?s={search_term_string}\"},\"query-input\":{\"@type\":\"PropertyValueSpecification\",\"valueRequired\":true,\"valueName\":\"search_term_string\"}}],\"inLanguage\":\"lt-LT\"},{\"@type\":\"Organization\",\"@id\":\"https:\\\/\\\/puhdasplus.ee\\\/lt\\\/#organization\",\"name\":\"Puhdas+\",\"alternateName\":\"Puhdasplus\",\"url\":\"https:\\\/\\\/puhdasplus.ee\\\/lt\\\/\",\"logo\":{\"@type\":\"ImageObject\",\"inLanguage\":\"lt-LT\",\"@id\":\"https:\\\/\\\/puhdasplus.ee\\\/lt\\\/#\\\/schema\\\/logo\\\/image\\\/\",\"url\":\"https:\\\/\\\/puhdasplus.ee\\\/wp-content\\\/uploads\\\/2019\\\/10\\\/puhdas_logo-arvele.png\",\"contentUrl\":\"https:\\\/\\\/puhdasplus.ee\\\/wp-content\\\/uploads\\\/2019\\\/10\\\/puhdas_logo-arvele.png\",\"width\":114,\"height\":94,\"caption\":\"Puhdas+\"},\"image\":{\"@id\":\"https:\\\/\\\/puhdasplus.ee\\\/lt\\\/#\\\/schema\\\/logo\\\/image\\\/\"},\"sameAs\":[\"https:\\\/\\\/www.facebook.com\\\/puhdasplus\",\"https:\\\/\\\/www.instagram.com\\\/puhdasplus_ee\\\/\"]}]}<\/script>\n<!-- \/ Yoast SEO plugin. -->","yoast_head_json":{"title":"Maistini\u0173 mieli\u0173 dribsniai (inaktyvuota mieli\u0173 forma) 150 g | Puhdas+","description":"\u201ePuhdas+\u201c maistingi mieli\u0173 dribsniai 150 g \u2013 nat\u016bralus maisto papildas, kuriame gausu baltym\u0173 ir B grup\u0117s vitamin\u0173. Vegani\u0161kas, be glitimo, tinka vegetarams.","robots":{"index":"index","follow":"follow","max-snippet":"max-snippet:-1","max-image-preview":"max-image-preview:large","max-video-preview":"max-video-preview:-1"},"canonical":"https:\/\/puhdasplus.ee\/lt\/produktai\/supermaistas\/maistiniu-mieliu-dribsniai-inaktyvuota-mieliu-forma-150-g\/","og_locale":"lt_LT","og_type":"article","og_title":"Maistini\u0173 mieli\u0173 dribsniai (inaktyvuota mieli\u0173 forma) 150 g | Puhdas+","og_description":"\u201ePuhdas+\u201c maistingi mieli\u0173 dribsniai 150 g \u2013 nat\u016bralus maisto papildas, kuriame gausu baltym\u0173 ir B grup\u0117s vitamin\u0173. Vegani\u0161kas, be glitimo, tinka vegetarams.","og_url":"https:\/\/puhdasplus.ee\/lt\/produktai\/supermaistas\/maistiniu-mieliu-dribsniai-inaktyvuota-mieliu-forma-150-g\/","og_site_name":"Puhdas+","article_publisher":"https:\/\/www.facebook.com\/puhdasplus","article_modified_time":"2026-04-07T17:05:21+00:00","og_image":[{"width":1862,"height":2560,"url":"https:\/\/puhdasplus.ee\/wp-content\/uploads\/2022\/01\/Untitled-design-45-copy-4.jpg","type":"image\/jpeg"}],"twitter_card":"summary_large_image","twitter_misc":{"Est. reading time":"4 minut\u0117"},"schema":{"@context":"https:\/\/schema.org","@graph":[{"@type":"WebPage","@id":"https:\/\/puhdasplus.ee\/lt\/produktai\/supermaistas\/maistiniu-mieliu-dribsniai-inaktyvuota-mieliu-forma-150-g\/","url":"https:\/\/puhdasplus.ee\/lt\/produktai\/supermaistas\/maistiniu-mieliu-dribsniai-inaktyvuota-mieliu-forma-150-g\/","name":"Maistini\u0173 mieli\u0173 dribsniai (inaktyvuota mieli\u0173 forma) 150 g | Puhdas+","isPartOf":{"@id":"https:\/\/puhdasplus.ee\/lt\/#website"},"primaryImageOfPage":{"@id":"https:\/\/puhdasplus.ee\/lt\/produktai\/supermaistas\/maistiniu-mieliu-dribsniai-inaktyvuota-mieliu-forma-150-g\/#primaryimage"},"image":{"@id":"https:\/\/puhdasplus.ee\/lt\/produktai\/supermaistas\/maistiniu-mieliu-dribsniai-inaktyvuota-mieliu-forma-150-g\/#primaryimage"},"thumbnailUrl":"https:\/\/puhdasplus.ee\/wp-content\/uploads\/2022\/01\/Untitled-design-45-copy-4.jpg","datePublished":"2022-01-15T22:06:15+00:00","dateModified":"2026-04-07T17:05:21+00:00","description":"\u201ePuhdas+\u201c maistingi mieli\u0173 dribsniai 150 g \u2013 nat\u016bralus maisto papildas, kuriame gausu baltym\u0173 ir B grup\u0117s vitamin\u0173. Vegani\u0161kas, be glitimo, tinka vegetarams.","breadcrumb":{"@id":"https:\/\/puhdasplus.ee\/lt\/produktai\/supermaistas\/maistiniu-mieliu-dribsniai-inaktyvuota-mieliu-forma-150-g\/#breadcrumb"},"inLanguage":"lt-LT","potentialAction":[{"@type":"ReadAction","target":["https:\/\/puhdasplus.ee\/lt\/produktai\/supermaistas\/maistiniu-mieliu-dribsniai-inaktyvuota-mieliu-forma-150-g\/"]}]},{"@type":"ImageObject","inLanguage":"lt-LT","@id":"https:\/\/puhdasplus.ee\/lt\/produktai\/supermaistas\/maistiniu-mieliu-dribsniai-inaktyvuota-mieliu-forma-150-g\/#primaryimage","url":"https:\/\/puhdasplus.ee\/wp-content\/uploads\/2022\/01\/Untitled-design-45-copy-4.jpg","contentUrl":"https:\/\/puhdasplus.ee\/wp-content\/uploads\/2022\/01\/Untitled-design-45-copy-4.jpg","width":1862,"height":2560,"caption":"Maistini\u0173 mieli\u0173 dribsniai (inaktyvuot\u0173 mieli\u0173 forma) 150 g"},{"@type":"BreadcrumbList","@id":"https:\/\/puhdasplus.ee\/lt\/produktai\/supermaistas\/maistiniu-mieliu-dribsniai-inaktyvuota-mieliu-forma-150-g\/#breadcrumb","itemListElement":[{"@type":"ListItem","position":1,"name":"Prad\u017eia","item":"https:\/\/puhdasplus.ee\/lt\/"},{"@type":"ListItem","position":2,"name":"Produktai","item":"https:\/\/puhdasplus.ee\/lt\/parduotuve\/"},{"@type":"ListItem","position":3,"name":"Maistini\u0173 mieli\u0173 dribsniai (inaktyvuota mieli\u0173 forma) 150 g"}]},{"@type":"WebSite","@id":"https:\/\/puhdasplus.ee\/lt\/#website","url":"https:\/\/puhdasplus.ee\/lt\/","name":"Puhdas+","description":"Vitaminai, maisto papildai, nat\u016brali kosmetika, sveikata, sportas","publisher":{"@id":"https:\/\/puhdasplus.ee\/lt\/#organization"},"potentialAction":[{"@type":"SearchAction","target":{"@type":"EntryPoint","urlTemplate":"https:\/\/puhdasplus.ee\/lt\/?s={search_term_string}"},"query-input":{"@type":"PropertyValueSpecification","valueRequired":true,"valueName":"search_term_string"}}],"inLanguage":"lt-LT"},{"@type":"Organization","@id":"https:\/\/puhdasplus.ee\/lt\/#organization","name":"Puhdas+","alternateName":"Puhdasplus","url":"https:\/\/puhdasplus.ee\/lt\/","logo":{"@type":"ImageObject","inLanguage":"lt-LT","@id":"https:\/\/puhdasplus.ee\/lt\/#\/schema\/logo\/image\/","url":"https:\/\/puhdasplus.ee\/wp-content\/uploads\/2019\/10\/puhdas_logo-arvele.png","contentUrl":"https:\/\/puhdasplus.ee\/wp-content\/uploads\/2019\/10\/puhdas_logo-arvele.png","width":114,"height":94,"caption":"Puhdas+"},"image":{"@id":"https:\/\/puhdasplus.ee\/lt\/#\/schema\/logo\/image\/"},"sameAs":["https:\/\/www.facebook.com\/puhdasplus","https:\/\/www.instagram.com\/puhdasplus_ee\/"]}]}},"_yoast_wpseo_title":"Maistini\u0173 mieli\u0173 dribsniai (inaktyvuota mieli\u0173 forma) 150 g | Puhdas+","_yoast_wpseo_metadesc":"\u201ePuhdas+\u201c maistingi mieli\u0173 dribsniai 150 g \u2013 nat\u016bralus maisto papildas, kuriame gausu baltym\u0173 ir B grup\u0117s vitamin\u0173. Vegani\u0161kas, be glitimo, tinka vegetarams.","_yoast_wpseo_focuskw":"","_links":{"self":[{"href":"https:\/\/puhdasplus.ee\/lt\/wp-json\/wp\/v2\/product\/34852","targetHints":{"allow":["GET"]}}],"collection":[{"href":"https:\/\/puhdasplus.ee\/lt\/wp-json\/wp\/v2\/product"}],"about":[{"href":"https:\/\/puhdasplus.ee\/lt\/wp-json\/wp\/v2\/types\/product"}],"replies":[{"embeddable":true,"href":"https:\/\/puhdasplus.ee\/lt\/wp-json\/wp\/v2\/comments?post=34852"}],"wp:featuredmedia":[{"embeddable":true,"href":"https:\/\/puhdasplus.ee\/lt\/wp-json\/wp\/v2\/media\/34855"}],"wp:attachment":[{"href":"https:\/\/puhdasplus.ee\/lt\/wp-json\/wp\/v2\/media?parent=34852"}],"wp:term":[{"taxonomy":"product_brand","embeddable":true,"href":"https:\/\/puhdasplus.ee\/lt\/wp-json\/wp\/v2\/product_brand?post=34852"},{"taxonomy":"product_cat","embeddable":true,"href":"https:\/\/puhdasplus.ee\/lt\/wp-json\/wp\/v2\/product_cat?post=34852"},{"taxonomy":"product_tag","embeddable":true,"href":"https:\/\/puhdasplus.ee\/lt\/wp-json\/wp\/v2\/product_tag?post=34852"}],"curies":[{"name":"wp","href":"https:\/\/api.w.org\/{rel}","templated":true}]}}