{"id":34783,"date":"2021-11-20T19:01:45","date_gmt":"2021-11-20T17:01:45","guid":{"rendered":"https:\/\/puhdasplus.ee\/tooted\/be-kategorijos\/glicino-milteliai-200-g\/"},"modified":"2026-04-07T20:09:28","modified_gmt":"2026-04-07T17:09:28","slug":"glicino-milteliai-200-g","status":"publish","type":"product","link":"https:\/\/puhdasplus.ee\/lt\/produktai\/stresas-ir-miegas\/glicino-milteliai-200-g\/","title":{"rendered":"Glicinas 200 g"},"content":{"rendered":"<h2>Kas yra \u201ePuhdas+ <b>Glycine\u201c ir kod\u0117l jis svarbus?<\/b><\/h2>\n<p><b>\u201ePuhdas+ Glycine\u201c<\/b> yra 100 % gryni ir auk\u0161tos kokyb\u0117s L-glicino milteliai \u2013 \u0161velnaus skonio, vandenyje tirpi aminor\u016bg\u0161tis, tinkama kasdieniam vartojimui. Glicinas yra viena i\u0161 papras\u010diausi\u0173, ta\u010diau nepakei\u010diam\u0173 organizmo aminor\u016bg\u0161\u010di\u0173, dalyvaujanti daugelyje nat\u016brali\u0173 organizmo proces\u0173, \u012fskaitant baltym\u0173, ferment\u0173 ir kolageno gamyb\u0105. <\/p>\n<p>Tai geras pasirinkimas visiems, norintiems palaikyti nat\u016bral\u0173 savo k\u016bno atsistatym\u0105 ir pusiausvyr\u0105, naudojant gryn\u0105 ir be pried\u0173 papild\u0105.<\/p>\n<h2>Kod\u0117l glicinas yra naudingas?<\/h2>\n<h3><b>Padeda k\u016bnui atsipalaiduoti<\/b><\/h3>\n<p>Glicinas dalyvauja organizmo raminimo ir atk\u016brimo procesuose, padeda subalansuoti nerv\u0173 sistem\u0105 ir palaikyti protin\u012f ai\u0161kum\u0105 po \u012ftemptos dienos. Jis puikiai tinka vartoti vakare arba kai norite palaikyti nat\u016bral\u0173 organizmo nusiraminimo proces\u0105. <\/p>\n<h3>Palaiko kolageno gamyb\u0105<\/h3>\n<p>Glicinas sudaro ma\u017edaug tre\u010ddal\u012f kolageno \u2013 baltymo, kuris padeda palaikyti odos, s\u0105nari\u0173, kremzli\u0173 ir jungiam\u0173j\u0173 audini\u0173 strukt\u016br\u0105. Senstant nat\u016brali kolageno gamyba ma\u017e\u0117ja, tod\u0117l glicino papildai gali pad\u0117ti palaikyti s\u0105nari\u0173 judrum\u0105 ir odos elastingum\u0105. <\/p>\n<h3><b>Grynai sukurta ir tinka visiems<\/b><\/h3>\n<p>Produktas yra visi\u0161kai be pried\u0173 \u2013 jame n\u0117ra laktoz\u0117s, glitimo, sojos, mieli\u0173, konservant\u0173 ar saldikli\u0173. Tinka veganams ir \u017emon\u0117ms su jautria vir\u0161kinimo sistema. <\/p>\n<h2>Kam <b>tinka \u201ePuhdas+ Glycine\u201c?<\/b><\/h2>\n<ul>\n<li>\n<p>Tiems, kurie nori palaikyti nat\u016bral\u0173 organizmo atsistatym\u0105 ir pusiausvyr\u0105<\/p>\n<\/li>\n<li>\n<p>Tiems, kurie r\u016bpinasi savo odos, s\u0105nari\u0173 ir jungiam\u0173j\u0173 audini\u0173 elastingumu<\/p>\n<\/li>\n<li>\n<p>Vartotojams, turintiems jautr\u0173 vir\u0161kinim\u0105, arba tiems, kurie renkasi produkt\u0105 be pried\u0173<\/p>\n<\/li>\n<li>\n<p>Veganams ir vegetarams<\/p>\n<\/li>\n<\/ul>\n<h2>Naudojimas<\/h2>\n<p><strong>Rekomenduojama paros norma:<\/strong> 0,5 arbatinio \u0161auk\u0161telio (apie 3 g) per dien\u0105.<br \/> Glicin\u0105 sumai\u0161ykite su vandeniu, sultimis arba kokteiliu. Rekomenduojama vartoti vakare arba pagal poreik\u012f. <\/p>\n<p>Maisto papildas nepakei\u010dia \u012fvairios ir subalansuotos mitybos ar sveiko gyvenimo b\u016bdo. Laikyti vaikams nepasiekiamoje vietoje.<\/p>\n<h2>Sud\u0117tis<\/h2>\n<ul>\n<li>\n<p>L-glicinas (100 %)<\/p>\n<\/li>\n<\/ul>\n<p><strong>Sud\u0117tyje n\u0117ra:<\/strong> laktoz\u0117s, glitimo, sojos, mieli\u0173, konservant\u0173 ar saldikli\u0173.<\/p>\n<p>Tinka veganams.<\/p>\n<h2>Maistin\u0117 vert\u0117<\/h2>\n<p><strong>1 porcijoje (3 g)<\/strong> yra:<\/p>\n<ul>\n<li>\n<p>L-glicinas: <strong>3000 mg<\/strong><\/p>\n<\/li>\n<\/ul>\n<p><strong>\u017di\u016br\u0117ti taip pat:<\/strong> <a href=\"https:\/\/puhdasplus.ee\/toote-kategooria\/aminohapped\/\">Aminor\u016bg\u0161tys<\/a> | <a href=\"https:\/\/puhdasplus.ee\/lt\/sport\/\">Sportas<\/a> | <a href=\"https:\/\/puhdasplus.ee\/toote-kategooria\/liigesed-lihased-ja-luud\/\">S\u0105nariai, raumenys ir kaulai<\/a><\/p>\n","protected":false},"excerpt":{"rendered":"<p><b>\u201ePuhdas+ Glycine\u201c 200 g \u2013 nat\u016brali ramyb\u0117 ir pusiausvyra milteli\u0173 pavidalu<\/b><\/p>\n<p>Glicinas yra nat\u016brali aminor\u016bg\u0161tis, padedanti organizmui nusiraminti vakare ir palaikanti vidin\u0119 pusiausvyr\u0105 skubant. \u201ePuhdas+ Glycine\u201c yra 100 % gryni ir neutralaus skonio milteliai, idealiai tinkantys vakaro poilsiui arba organizmo atsistatymui. Jie tinka veganams ir neturi dirbtini\u0173 pried\u0173, saldikli\u0173 ar alergen\u0173 \u2013 idealus pasirinkimas tiems, kurie vertina grynum\u0105, paprastum\u0105 ir artum\u0105 gamtai.  <\/p>\n","protected":false},"featured_media":34786,"comment_status":"closed","ping_status":"closed","template":"","meta":{"_acf_changed":false,"googlesitekit_rrm_CAow3eq7DA:productID":""},"product_brand":[],"product_cat":[3490,3016,3013],"product_tag":[8362,8350,3131,7898,8378,3285,3144,2967],"class_list":{"0":"post-34783","1":"product","2":"type-product","3":"status-publish","4":"has-post-thumbnail","6":"product_cat-aminorugstys","7":"product_cat-sportas","8":"product_cat-stresas-ir-miegas","9":"product_tag-amino-rgtys-lt","10":"product_tag-be-laktozs-lt","11":"product_tag-maisto-papildas","12":"product_tag-miegas-ir-atsipalaidavimas","13":"product_tag-natralus-lt","14":"product_tag-odos-sveikata","15":"product_tag-raumenys-ir-sanariai","16":"product_tag-veganas","18":"first","19":"onbackorder","20":"taxable","21":"shipping-taxable","22":"purchasable","23":"product-type-simple"},"acf":[],"yoast_head":"<!-- This site is optimized with the Yoast SEO plugin v27.3 - https:\/\/yoast.com\/product\/yoast-seo-wordpress\/ -->\n<title>Glicinas 200 g | Puhdas+<\/title>\n<meta name=\"description\" content=\"Gryni L-glicino milteliai geresniam miegui, raminan\u010diam poveikiui ir kolageno palaikymui. Be pried\u0173 ir tinka veganams. Palaiko nerv\u0173 sistemos ir s\u0105nari\u0173 sveikat\u0105.\" \/>\n<meta name=\"robots\" content=\"index, follow, max-snippet:-1, max-image-preview:large, max-video-preview:-1\" \/>\n<link rel=\"canonical\" href=\"https:\/\/puhdasplus.ee\/lt\/produktai\/stresas-ir-miegas\/glicino-milteliai-200-g\/\" \/>\n<meta property=\"og:locale\" content=\"lt_LT\" \/>\n<meta property=\"og:type\" content=\"article\" \/>\n<meta property=\"og:title\" content=\"Glicinas 200 g | Puhdas+\" \/>\n<meta property=\"og:description\" content=\"Gryni L-glicino milteliai geresniam miegui, raminan\u010diam poveikiui ir kolageno palaikymui. Be pried\u0173 ir tinka veganams. Palaiko nerv\u0173 sistemos ir s\u0105nari\u0173 sveikat\u0105.\" \/>\n<meta property=\"og:url\" content=\"https:\/\/puhdasplus.ee\/lt\/produktai\/stresas-ir-miegas\/glicino-milteliai-200-g\/\" \/>\n<meta property=\"og:site_name\" content=\"Puhdas+\" \/>\n<meta property=\"article:publisher\" content=\"https:\/\/www.facebook.com\/puhdasplus\" \/>\n<meta property=\"article:modified_time\" content=\"2026-04-07T17:09:28+00:00\" \/>\n<meta property=\"og:image\" content=\"https:\/\/puhdasplus.ee\/wp-content\/uploads\/2025\/03\/6-6.jpg\" \/>\n\t<meta property=\"og:image:width\" content=\"1862\" \/>\n\t<meta property=\"og:image:height\" content=\"2560\" \/>\n\t<meta property=\"og:image:type\" content=\"image\/jpeg\" \/>\n<meta name=\"twitter:card\" content=\"summary_large_image\" \/>\n<meta name=\"twitter:label1\" content=\"Est. reading time\" \/>\n\t<meta name=\"twitter:data1\" content=\"2 minut\u0117\" \/>\n<script type=\"application\/ld+json\" class=\"yoast-schema-graph\">{\"@context\":\"https:\\\/\\\/schema.org\",\"@graph\":[{\"@type\":\"WebPage\",\"@id\":\"https:\\\/\\\/puhdasplus.ee\\\/lt\\\/produktai\\\/stresas-ir-miegas\\\/glicino-milteliai-200-g\\\/\",\"url\":\"https:\\\/\\\/puhdasplus.ee\\\/lt\\\/produktai\\\/stresas-ir-miegas\\\/glicino-milteliai-200-g\\\/\",\"name\":\"Glicinas 200 g | Puhdas+\",\"isPartOf\":{\"@id\":\"https:\\\/\\\/puhdasplus.ee\\\/lt\\\/#website\"},\"primaryImageOfPage\":{\"@id\":\"https:\\\/\\\/puhdasplus.ee\\\/lt\\\/produktai\\\/stresas-ir-miegas\\\/glicino-milteliai-200-g\\\/#primaryimage\"},\"image\":{\"@id\":\"https:\\\/\\\/puhdasplus.ee\\\/lt\\\/produktai\\\/stresas-ir-miegas\\\/glicino-milteliai-200-g\\\/#primaryimage\"},\"thumbnailUrl\":\"https:\\\/\\\/puhdasplus.ee\\\/wp-content\\\/uploads\\\/2025\\\/03\\\/6-6.jpg\",\"datePublished\":\"2021-11-20T17:01:45+00:00\",\"dateModified\":\"2026-04-07T17:09:28+00:00\",\"description\":\"Gryni L-glicino milteliai geresniam miegui, raminan\u010diam poveikiui ir kolageno palaikymui. Be pried\u0173 ir tinka veganams. Palaiko nerv\u0173 sistemos ir s\u0105nari\u0173 sveikat\u0105.\",\"breadcrumb\":{\"@id\":\"https:\\\/\\\/puhdasplus.ee\\\/lt\\\/produktai\\\/stresas-ir-miegas\\\/glicino-milteliai-200-g\\\/#breadcrumb\"},\"inLanguage\":\"lt-LT\",\"potentialAction\":[{\"@type\":\"ReadAction\",\"target\":[\"https:\\\/\\\/puhdasplus.ee\\\/lt\\\/produktai\\\/stresas-ir-miegas\\\/glicino-milteliai-200-g\\\/\"]}]},{\"@type\":\"ImageObject\",\"inLanguage\":\"lt-LT\",\"@id\":\"https:\\\/\\\/puhdasplus.ee\\\/lt\\\/produktai\\\/stresas-ir-miegas\\\/glicino-milteliai-200-g\\\/#primaryimage\",\"url\":\"https:\\\/\\\/puhdasplus.ee\\\/wp-content\\\/uploads\\\/2025\\\/03\\\/6-6.jpg\",\"contentUrl\":\"https:\\\/\\\/puhdasplus.ee\\\/wp-content\\\/uploads\\\/2025\\\/03\\\/6-6.jpg\",\"width\":1862,\"height\":2560,\"caption\":\"Glicino milteliai 200 g\"},{\"@type\":\"BreadcrumbList\",\"@id\":\"https:\\\/\\\/puhdasplus.ee\\\/lt\\\/produktai\\\/stresas-ir-miegas\\\/glicino-milteliai-200-g\\\/#breadcrumb\",\"itemListElement\":[{\"@type\":\"ListItem\",\"position\":1,\"name\":\"Prad\u017eia\",\"item\":\"https:\\\/\\\/puhdasplus.ee\\\/lt\\\/\"},{\"@type\":\"ListItem\",\"position\":2,\"name\":\"Produktai\",\"item\":\"https:\\\/\\\/puhdasplus.ee\\\/lt\\\/parduotuve\\\/\"},{\"@type\":\"ListItem\",\"position\":3,\"name\":\"Glicinas 200 g\"}]},{\"@type\":\"WebSite\",\"@id\":\"https:\\\/\\\/puhdasplus.ee\\\/lt\\\/#website\",\"url\":\"https:\\\/\\\/puhdasplus.ee\\\/lt\\\/\",\"name\":\"Puhdas+\",\"description\":\"Vitaminai, maisto papildai, nat\u016brali kosmetika, sveikata, sportas\",\"publisher\":{\"@id\":\"https:\\\/\\\/puhdasplus.ee\\\/lt\\\/#organization\"},\"potentialAction\":[{\"@type\":\"SearchAction\",\"target\":{\"@type\":\"EntryPoint\",\"urlTemplate\":\"https:\\\/\\\/puhdasplus.ee\\\/lt\\\/?s={search_term_string}\"},\"query-input\":{\"@type\":\"PropertyValueSpecification\",\"valueRequired\":true,\"valueName\":\"search_term_string\"}}],\"inLanguage\":\"lt-LT\"},{\"@type\":\"Organization\",\"@id\":\"https:\\\/\\\/puhdasplus.ee\\\/lt\\\/#organization\",\"name\":\"Puhdas+\",\"alternateName\":\"Puhdasplus\",\"url\":\"https:\\\/\\\/puhdasplus.ee\\\/lt\\\/\",\"logo\":{\"@type\":\"ImageObject\",\"inLanguage\":\"lt-LT\",\"@id\":\"https:\\\/\\\/puhdasplus.ee\\\/lt\\\/#\\\/schema\\\/logo\\\/image\\\/\",\"url\":\"https:\\\/\\\/puhdasplus.ee\\\/wp-content\\\/uploads\\\/2019\\\/10\\\/puhdas_logo-arvele.png\",\"contentUrl\":\"https:\\\/\\\/puhdasplus.ee\\\/wp-content\\\/uploads\\\/2019\\\/10\\\/puhdas_logo-arvele.png\",\"width\":114,\"height\":94,\"caption\":\"Puhdas+\"},\"image\":{\"@id\":\"https:\\\/\\\/puhdasplus.ee\\\/lt\\\/#\\\/schema\\\/logo\\\/image\\\/\"},\"sameAs\":[\"https:\\\/\\\/www.facebook.com\\\/puhdasplus\",\"https:\\\/\\\/www.instagram.com\\\/puhdasplus_ee\\\/\"]}]}<\/script>\n<!-- \/ Yoast SEO plugin. -->","yoast_head_json":{"title":"Glicinas 200 g | Puhdas+","description":"Gryni L-glicino milteliai geresniam miegui, raminan\u010diam poveikiui ir kolageno palaikymui. Be pried\u0173 ir tinka veganams. Palaiko nerv\u0173 sistemos ir s\u0105nari\u0173 sveikat\u0105.","robots":{"index":"index","follow":"follow","max-snippet":"max-snippet:-1","max-image-preview":"max-image-preview:large","max-video-preview":"max-video-preview:-1"},"canonical":"https:\/\/puhdasplus.ee\/lt\/produktai\/stresas-ir-miegas\/glicino-milteliai-200-g\/","og_locale":"lt_LT","og_type":"article","og_title":"Glicinas 200 g | Puhdas+","og_description":"Gryni L-glicino milteliai geresniam miegui, raminan\u010diam poveikiui ir kolageno palaikymui. Be pried\u0173 ir tinka veganams. Palaiko nerv\u0173 sistemos ir s\u0105nari\u0173 sveikat\u0105.","og_url":"https:\/\/puhdasplus.ee\/lt\/produktai\/stresas-ir-miegas\/glicino-milteliai-200-g\/","og_site_name":"Puhdas+","article_publisher":"https:\/\/www.facebook.com\/puhdasplus","article_modified_time":"2026-04-07T17:09:28+00:00","og_image":[{"width":1862,"height":2560,"url":"https:\/\/puhdasplus.ee\/wp-content\/uploads\/2025\/03\/6-6.jpg","type":"image\/jpeg"}],"twitter_card":"summary_large_image","twitter_misc":{"Est. reading time":"2 minut\u0117"},"schema":{"@context":"https:\/\/schema.org","@graph":[{"@type":"WebPage","@id":"https:\/\/puhdasplus.ee\/lt\/produktai\/stresas-ir-miegas\/glicino-milteliai-200-g\/","url":"https:\/\/puhdasplus.ee\/lt\/produktai\/stresas-ir-miegas\/glicino-milteliai-200-g\/","name":"Glicinas 200 g | Puhdas+","isPartOf":{"@id":"https:\/\/puhdasplus.ee\/lt\/#website"},"primaryImageOfPage":{"@id":"https:\/\/puhdasplus.ee\/lt\/produktai\/stresas-ir-miegas\/glicino-milteliai-200-g\/#primaryimage"},"image":{"@id":"https:\/\/puhdasplus.ee\/lt\/produktai\/stresas-ir-miegas\/glicino-milteliai-200-g\/#primaryimage"},"thumbnailUrl":"https:\/\/puhdasplus.ee\/wp-content\/uploads\/2025\/03\/6-6.jpg","datePublished":"2021-11-20T17:01:45+00:00","dateModified":"2026-04-07T17:09:28+00:00","description":"Gryni L-glicino milteliai geresniam miegui, raminan\u010diam poveikiui ir kolageno palaikymui. Be pried\u0173 ir tinka veganams. Palaiko nerv\u0173 sistemos ir s\u0105nari\u0173 sveikat\u0105.","breadcrumb":{"@id":"https:\/\/puhdasplus.ee\/lt\/produktai\/stresas-ir-miegas\/glicino-milteliai-200-g\/#breadcrumb"},"inLanguage":"lt-LT","potentialAction":[{"@type":"ReadAction","target":["https:\/\/puhdasplus.ee\/lt\/produktai\/stresas-ir-miegas\/glicino-milteliai-200-g\/"]}]},{"@type":"ImageObject","inLanguage":"lt-LT","@id":"https:\/\/puhdasplus.ee\/lt\/produktai\/stresas-ir-miegas\/glicino-milteliai-200-g\/#primaryimage","url":"https:\/\/puhdasplus.ee\/wp-content\/uploads\/2025\/03\/6-6.jpg","contentUrl":"https:\/\/puhdasplus.ee\/wp-content\/uploads\/2025\/03\/6-6.jpg","width":1862,"height":2560,"caption":"Glicino milteliai 200 g"},{"@type":"BreadcrumbList","@id":"https:\/\/puhdasplus.ee\/lt\/produktai\/stresas-ir-miegas\/glicino-milteliai-200-g\/#breadcrumb","itemListElement":[{"@type":"ListItem","position":1,"name":"Prad\u017eia","item":"https:\/\/puhdasplus.ee\/lt\/"},{"@type":"ListItem","position":2,"name":"Produktai","item":"https:\/\/puhdasplus.ee\/lt\/parduotuve\/"},{"@type":"ListItem","position":3,"name":"Glicinas 200 g"}]},{"@type":"WebSite","@id":"https:\/\/puhdasplus.ee\/lt\/#website","url":"https:\/\/puhdasplus.ee\/lt\/","name":"Puhdas+","description":"Vitaminai, maisto papildai, nat\u016brali kosmetika, sveikata, sportas","publisher":{"@id":"https:\/\/puhdasplus.ee\/lt\/#organization"},"potentialAction":[{"@type":"SearchAction","target":{"@type":"EntryPoint","urlTemplate":"https:\/\/puhdasplus.ee\/lt\/?s={search_term_string}"},"query-input":{"@type":"PropertyValueSpecification","valueRequired":true,"valueName":"search_term_string"}}],"inLanguage":"lt-LT"},{"@type":"Organization","@id":"https:\/\/puhdasplus.ee\/lt\/#organization","name":"Puhdas+","alternateName":"Puhdasplus","url":"https:\/\/puhdasplus.ee\/lt\/","logo":{"@type":"ImageObject","inLanguage":"lt-LT","@id":"https:\/\/puhdasplus.ee\/lt\/#\/schema\/logo\/image\/","url":"https:\/\/puhdasplus.ee\/wp-content\/uploads\/2019\/10\/puhdas_logo-arvele.png","contentUrl":"https:\/\/puhdasplus.ee\/wp-content\/uploads\/2019\/10\/puhdas_logo-arvele.png","width":114,"height":94,"caption":"Puhdas+"},"image":{"@id":"https:\/\/puhdasplus.ee\/lt\/#\/schema\/logo\/image\/"},"sameAs":["https:\/\/www.facebook.com\/puhdasplus","https:\/\/www.instagram.com\/puhdasplus_ee\/"]}]}},"_yoast_wpseo_title":"Glicinas 200 g | Puhdas+","_yoast_wpseo_metadesc":"Gryni L-glicino milteliai geresniam miegui, raminan\u010diam poveikiui ir kolageno palaikymui. Be pried\u0173 ir tinka veganams. Palaiko nerv\u0173 sistemos ir s\u0105nari\u0173 sveikat\u0105.","_yoast_wpseo_focuskw":"","_links":{"self":[{"href":"https:\/\/puhdasplus.ee\/lt\/wp-json\/wp\/v2\/product\/34783","targetHints":{"allow":["GET"]}}],"collection":[{"href":"https:\/\/puhdasplus.ee\/lt\/wp-json\/wp\/v2\/product"}],"about":[{"href":"https:\/\/puhdasplus.ee\/lt\/wp-json\/wp\/v2\/types\/product"}],"replies":[{"embeddable":true,"href":"https:\/\/puhdasplus.ee\/lt\/wp-json\/wp\/v2\/comments?post=34783"}],"wp:featuredmedia":[{"embeddable":true,"href":"https:\/\/puhdasplus.ee\/lt\/wp-json\/wp\/v2\/media\/34786"}],"wp:attachment":[{"href":"https:\/\/puhdasplus.ee\/lt\/wp-json\/wp\/v2\/media?parent=34783"}],"wp:term":[{"taxonomy":"product_brand","embeddable":true,"href":"https:\/\/puhdasplus.ee\/lt\/wp-json\/wp\/v2\/product_brand?post=34783"},{"taxonomy":"product_cat","embeddable":true,"href":"https:\/\/puhdasplus.ee\/lt\/wp-json\/wp\/v2\/product_cat?post=34783"},{"taxonomy":"product_tag","embeddable":true,"href":"https:\/\/puhdasplus.ee\/lt\/wp-json\/wp\/v2\/product_tag?post=34783"}],"curies":[{"name":"wp","href":"https:\/\/api.w.org\/{rel}","templated":true}]}}