{"id":34688,"date":"2025-08-12T17:31:57","date_gmt":"2025-08-12T14:31:57","guid":{"rendered":"https:\/\/puhdasplus.ee\/tooted\/be-kategorijos\/elektrolitu-ir-vitaminu-vanduo-330-ml\/"},"modified":"2026-04-07T19:54:57","modified_gmt":"2026-04-07T16:54:57","slug":"elektrolitu-ir-vitaminu-vanduo-330-ml","status":"publish","type":"product","link":"https:\/\/puhdasplus.ee\/lt\/produktai\/gerimai\/vitamininis-vanduo\/elektrolitu-ir-vitaminu-vanduo-330-ml\/","title":{"rendered":"Elektrolit\u0173 ir vitamin\u0173 vanduo su magniu 330 ml"},"content":{"rendered":"<h2>\u201ePuhdas+ Electrolyte + Vitamin Water\u201c su magniu \u2013 pusiausvyra ir energija J\u016bs\u0173 dienai!<\/h2>\n<p>Nesvarbu, ar j\u016bs\u0173 k\u016bnui reikia i\u0161tverm\u0117s, atsigavimo ar hidratacijos, \u0161is gardus kriau\u0161i\u0173 skonio vitamin\u0173 vanduo suteiks kaip tik reikiam\u0173 statybini\u0173 med\u017eiag\u0173. Jame yra kruop\u0161\u010diai parinktas magnio, elektrolit\u0173 pusiausvyr\u0105 palaikan\u010di\u0173 drusk\u0173 ir vitamino C kiekis, kurie kartu padeda i\u0161likti \u017evaliems ir energingiems vis\u0105 dien\u0105. <\/p>\n<article class=\"text-token-text-primary w-full focus:outline-none scroll-mt-[calc(var(--header-height)+min(200px,max(70px,20svh)))]\" dir=\"auto\">\n<div class=\"text-base my-auto mx-auto pb-10 [--thread-content-margin:--spacing(4)] @[37rem]:[--thread-content-margin:--spacing(6)] @[72rem]:[--thread-content-margin:--spacing(16)] px-(--thread-content-margin)\">\n<div class=\"[--thread-content-max-width:32rem] @[34rem]:[--thread-content-max-width:40rem] @[64rem]:[--thread-content-max-width:48rem] mx-auto max-w-(--thread-content-max-width) flex-1 group\/turn-messages focus-visible:outline-hidden relative flex w-full min-w-0 flex-col agent-turn\">\n<div class=\"flex max-w-full flex-col grow\">\n<div class=\"min-h-8 text-message relative flex w-full flex-col items-end gap-2 text-start break-words whitespace-normal [.text-message+&amp;]:mt-5\" dir=\"auto\">\n<div class=\"flex w-full flex-col gap-1 empty:hidden first:pt-[3px]\">\n<div class=\"markdown prose dark:prose-invert w-full break-words light markdown-new-styling\">\n<p>\u0160is gaivinantis g\u0117rimas puikiai tinka, pavyzd\u017eiui, po treniruot\u0117s, kar\u0161tomis vasaros dienomis ar \u012ftemptos darbo dienos metu, kai organizmui reikia papildomos hidratacijos ir pagalbos atsistatymui. \u201ePuhdas+\u201c vitamin\u0173 vandenys yra ma\u017eai cukraus turintis suomi\u0161kas produktas, pagamintas be konservant\u0173 ir da\u017eikli\u0173. M\u0117gaukit\u0117s at\u0161aldytu.  <\/p>\n<p><strong>Sudedamosios dalys:<\/strong> vanduo, magnio citratas, natrio chloridas, natrio askorbatas, \u017ealiosios arbatos ekstraktas, obuoli\u0173 r\u016bg\u0161tis, cukrus, nat\u016bral\u016bs kvapikliai, anglies dioksidas.<\/p>\n<article class=\"text-token-text-primary w-full focus:outline-none scroll-mt-[calc(var(--header-height)+min(200px,max(70px,20svh)))]\" dir=\"auto\">\n<div class=\"text-base my-auto mx-auto pb-10 [--thread-content-margin:--spacing(4)] @[37rem]:[--thread-content-margin:--spacing(6)] @[72rem]:[--thread-content-margin:--spacing(16)] px-(--thread-content-margin)\">\n<div class=\"[--thread-content-max-width:32rem] @[34rem]:[--thread-content-max-width:40rem] @[64rem]:[--thread-content-max-width:48rem] mx-auto max-w-(--thread-content-max-width) flex-1 group\/turn-messages focus-visible:outline-hidden relative flex w-full min-w-0 flex-col agent-turn\">\n<div class=\"flex max-w-full flex-col grow\">\n<div class=\"min-h-8 text-message relative flex w-full flex-col items-end gap-2 text-start break-words whitespace-normal [.text-message+&amp;]:mt-5\" dir=\"auto\">\n<div class=\"flex w-full flex-col gap-1 empty:hidden first:pt-[3px]\">\n<div class=\"markdown prose dark:prose-invert w-full break-words light markdown-new-styling\">\n<p><strong>Maistin\u0117 vert\u0117 100 ml:<\/strong><br \/>\nEnergija: 42 kJ \/ 10 kcal<br \/>\nRiebalai: 0 g<br \/>\ni\u0161 kuri\u0173 so\u010di\u0173j\u0173 riebal\u0173 r\u016bg\u0161\u010di\u0173: 0 g<br \/>\nAngliavandeniai: 2,5 g<br \/>\ni\u0161 kuri\u0173 cukr\u0173: 2,5 g<br \/>\nBaltymai: 0 g<br \/>\nDruska: 0,09 g<br \/>\nMagnis: 17,3 mg (4,6 % RMV*)<br \/>\nVitaminas C: 27 mg (34 % RMV*)<br \/>\n*RMV \u2013 referencin\u0117 maistin\u0117 vert\u0117 suaugusiesiems<\/p>\n<p><strong>Vartojimas:<\/strong><br \/>\nM\u0117gaukit\u0117s at\u0161aldytu. Puikiai tinka po treniruot\u0117s, kar\u0161tomis dienomis arba greito gyvenimo tempo metu, kai reikia papildomos hidratacijos ir pagalbos atsistatymui.<\/p>\n<p><strong>Laikymas:<\/strong><br \/>\nLaikyti v\u0117sioje ir sausoje vietoje. Atidarius suvartoti per 24 valandas.<\/p>\n<\/div>\n<\/div>\n<\/div>\n<\/div>\n<\/div>\n<\/div>\n<\/article>\n<\/div>\n<\/div>\n<\/div>\n<\/div>\n<\/div>\n<\/div>\n<\/article>\n<p>Be laktoz\u0117s, glitimo ir sojos.<\/p>\n<h3>Naudojimas<\/h3>\n<p>Gerkite po 1 buteliuk\u0105 (330 ml) per dien\u0105.<\/p>\n<p><strong>Taip pat \u017ei\u016br\u0117kite:<\/strong> <a href=\"https:\/\/puhdasplus.ee\/toote-kategooria\/elektroluudid\/\">Elektrolitai<\/a> | <a href=\"https:\/\/puhdasplus.ee\/toote-kategooria\/joogid\/\">G\u0117rimai<\/a> | <a href=\"https:\/\/puhdasplus.ee\/lt\/sport\/\">Sportas<\/a><\/p>\n","protected":false},"excerpt":{"rendered":"<p>Gardus kriau\u0161i\u0173 skonio elektrolit\u0173 ir vitamin\u0173 vanduo! Magnis yra organizmui b\u016btinas mineralas, kuris palaiko normali\u0105 raumen\u0173 ir nerv\u0173 sistemos veikl\u0105. Jis padeda i\u0161vengti m\u0117\u0161lungio ir raumen\u0173 nuovargio, ypa\u010d gyvenant aktyv\u0173 gyvenimo b\u016bd\u0105. Tuo pa\u010diu metu magnis palaiko energijos apykait\u0105 ir padeda suma\u017einti nuovarg\u012f bei i\u0161sekim\u0105. Vitaminas C, savo ruo\u017etu, palaiko imunin\u0119 sistem\u0105 ir apsaugo organizm\u0105 nuo oksidacinio streso, skatindamas bendr\u0105 savijaut\u0105.    <\/p>\n","protected":false},"featured_media":34690,"comment_status":"closed","ping_status":"closed","template":"","meta":{"_acf_changed":false,"googlesitekit_rrm_CAow3eq7DA:productID":""},"product_brand":[],"product_cat":[3122,5426,3049,7648],"product_tag":[8350,7882,3127,3131,8366,8374,8370,3125],"class_list":{"0":"post-34688","1":"product","2":"type-product","3":"status-publish","4":"has-post-thumbnail","6":"product_cat-elektrolitai","7":"product_cat-gerimai","8":"product_cat-specialus-pasiulymai","9":"product_cat-vitamininis-vanduo","10":"product_tag-be-laktozs-lt","11":"product_tag-gerimai-tag","12":"product_tag-magnis","13":"product_tag-maisto-papildas","14":"product_tag-mineralai-lt","15":"product_tag-suomijos-kokyb-lt","16":"product_tag-vitaminai-lt","17":"product_tag-vitaminas-c-lt","19":"first","20":"instock","21":"sale","22":"featured","23":"taxable","24":"shipping-taxable","25":"purchasable","26":"product-type-variable","27":"has-default-attributes"},"acf":[],"yoast_head":"<!-- This site is optimized with the Yoast SEO plugin v27.3 - https:\/\/yoast.com\/product\/yoast-seo-wordpress\/ -->\n<title>Elektrolit\u0173 vitamininis vanduo su magniu 330 ml | Puhdas+<\/title>\n<meta name=\"description\" content=\"Gaivinantis elektrolit\u0173 vitamininis vanduo su magniu. Magnis padeda palaikyti normali\u0105 raumen\u0173 funkcij\u0105. Ma\u017eai kalorij\u0173. 330 ml.\" \/>\n<meta name=\"robots\" content=\"index, follow, max-snippet:-1, max-image-preview:large, max-video-preview:-1\" \/>\n<link rel=\"canonical\" href=\"https:\/\/puhdasplus.ee\/lt\/produktai\/gerimai\/vitamininis-vanduo\/elektrolitu-ir-vitaminu-vanduo-330-ml\/\" \/>\n<meta property=\"og:locale\" content=\"lt_LT\" \/>\n<meta property=\"og:type\" content=\"article\" \/>\n<meta property=\"og:title\" content=\"Elektrolit\u0173 vitamininis vanduo su magniu 330 ml | Puhdas+\" \/>\n<meta property=\"og:description\" content=\"Gaivinantis elektrolit\u0173 vitamininis vanduo su magniu. Magnis padeda palaikyti normali\u0105 raumen\u0173 funkcij\u0105. Ma\u017eai kalorij\u0173. 330 ml.\" \/>\n<meta property=\"og:url\" content=\"https:\/\/puhdasplus.ee\/lt\/produktai\/gerimai\/vitamininis-vanduo\/elektrolitu-ir-vitaminu-vanduo-330-ml\/\" \/>\n<meta property=\"og:site_name\" content=\"Puhdas+\" \/>\n<meta property=\"article:publisher\" content=\"https:\/\/www.facebook.com\/puhdasplus\" \/>\n<meta property=\"article:modified_time\" content=\"2026-04-07T16:54:57+00:00\" \/>\n<meta property=\"og:image\" content=\"https:\/\/puhdasplus.ee\/wp-content\/uploads\/2025\/08\/tooted-ilma-taustata-scaled.jpg\" \/>\n\t<meta property=\"og:image:width\" content=\"1862\" \/>\n\t<meta property=\"og:image:height\" content=\"2560\" \/>\n\t<meta property=\"og:image:type\" content=\"image\/jpeg\" \/>\n<meta name=\"twitter:card\" content=\"summary_large_image\" \/>\n<meta name=\"twitter:label1\" content=\"Est. reading time\" \/>\n\t<meta name=\"twitter:data1\" content=\"1 minut\u0117\" \/>\n<script type=\"application\/ld+json\" class=\"yoast-schema-graph\">{\"@context\":\"https:\\\/\\\/schema.org\",\"@graph\":[{\"@type\":\"WebPage\",\"@id\":\"https:\\\/\\\/puhdasplus.ee\\\/lt\\\/produktai\\\/gerimai\\\/vitamininis-vanduo\\\/elektrolitu-ir-vitaminu-vanduo-330-ml\\\/\",\"url\":\"https:\\\/\\\/puhdasplus.ee\\\/lt\\\/produktai\\\/gerimai\\\/vitamininis-vanduo\\\/elektrolitu-ir-vitaminu-vanduo-330-ml\\\/\",\"name\":\"Elektrolit\u0173 vitamininis vanduo su magniu 330 ml | Puhdas+\",\"isPartOf\":{\"@id\":\"https:\\\/\\\/puhdasplus.ee\\\/lt\\\/#website\"},\"primaryImageOfPage\":{\"@id\":\"https:\\\/\\\/puhdasplus.ee\\\/lt\\\/produktai\\\/gerimai\\\/vitamininis-vanduo\\\/elektrolitu-ir-vitaminu-vanduo-330-ml\\\/#primaryimage\"},\"image\":{\"@id\":\"https:\\\/\\\/puhdasplus.ee\\\/lt\\\/produktai\\\/gerimai\\\/vitamininis-vanduo\\\/elektrolitu-ir-vitaminu-vanduo-330-ml\\\/#primaryimage\"},\"thumbnailUrl\":\"https:\\\/\\\/puhdasplus.ee\\\/wp-content\\\/uploads\\\/2025\\\/08\\\/tooted-ilma-taustata-scaled.jpg\",\"datePublished\":\"2025-08-12T14:31:57+00:00\",\"dateModified\":\"2026-04-07T16:54:57+00:00\",\"description\":\"Gaivinantis elektrolit\u0173 vitamininis vanduo su magniu. Magnis padeda palaikyti normali\u0105 raumen\u0173 funkcij\u0105. Ma\u017eai kalorij\u0173. 330 ml.\",\"breadcrumb\":{\"@id\":\"https:\\\/\\\/puhdasplus.ee\\\/lt\\\/produktai\\\/gerimai\\\/vitamininis-vanduo\\\/elektrolitu-ir-vitaminu-vanduo-330-ml\\\/#breadcrumb\"},\"inLanguage\":\"lt-LT\",\"potentialAction\":[{\"@type\":\"ReadAction\",\"target\":[\"https:\\\/\\\/puhdasplus.ee\\\/lt\\\/produktai\\\/gerimai\\\/vitamininis-vanduo\\\/elektrolitu-ir-vitaminu-vanduo-330-ml\\\/\"]}]},{\"@type\":\"ImageObject\",\"inLanguage\":\"lt-LT\",\"@id\":\"https:\\\/\\\/puhdasplus.ee\\\/lt\\\/produktai\\\/gerimai\\\/vitamininis-vanduo\\\/elektrolitu-ir-vitaminu-vanduo-330-ml\\\/#primaryimage\",\"url\":\"https:\\\/\\\/puhdasplus.ee\\\/wp-content\\\/uploads\\\/2025\\\/08\\\/tooted-ilma-taustata-scaled.jpg\",\"contentUrl\":\"https:\\\/\\\/puhdasplus.ee\\\/wp-content\\\/uploads\\\/2025\\\/08\\\/tooted-ilma-taustata-scaled.jpg\",\"width\":1862,\"height\":2560,\"caption\":\"Elektrolit\u0173 ir vitamin\u0173 vanduo 330 ml\"},{\"@type\":\"BreadcrumbList\",\"@id\":\"https:\\\/\\\/puhdasplus.ee\\\/lt\\\/produktai\\\/gerimai\\\/vitamininis-vanduo\\\/elektrolitu-ir-vitaminu-vanduo-330-ml\\\/#breadcrumb\",\"itemListElement\":[{\"@type\":\"ListItem\",\"position\":1,\"name\":\"Prad\u017eia\",\"item\":\"https:\\\/\\\/puhdasplus.ee\\\/lt\\\/\"},{\"@type\":\"ListItem\",\"position\":2,\"name\":\"Produktai\",\"item\":\"https:\\\/\\\/puhdasplus.ee\\\/lt\\\/parduotuve\\\/\"},{\"@type\":\"ListItem\",\"position\":3,\"name\":\"Elektrolit\u0173 ir vitamin\u0173 vanduo su magniu 330 ml\"}]},{\"@type\":\"WebSite\",\"@id\":\"https:\\\/\\\/puhdasplus.ee\\\/lt\\\/#website\",\"url\":\"https:\\\/\\\/puhdasplus.ee\\\/lt\\\/\",\"name\":\"Puhdas+\",\"description\":\"Vitaminai, maisto papildai, nat\u016brali kosmetika, sveikata, sportas\",\"publisher\":{\"@id\":\"https:\\\/\\\/puhdasplus.ee\\\/lt\\\/#organization\"},\"potentialAction\":[{\"@type\":\"SearchAction\",\"target\":{\"@type\":\"EntryPoint\",\"urlTemplate\":\"https:\\\/\\\/puhdasplus.ee\\\/lt\\\/?s={search_term_string}\"},\"query-input\":{\"@type\":\"PropertyValueSpecification\",\"valueRequired\":true,\"valueName\":\"search_term_string\"}}],\"inLanguage\":\"lt-LT\"},{\"@type\":\"Organization\",\"@id\":\"https:\\\/\\\/puhdasplus.ee\\\/lt\\\/#organization\",\"name\":\"Puhdas+\",\"alternateName\":\"Puhdasplus\",\"url\":\"https:\\\/\\\/puhdasplus.ee\\\/lt\\\/\",\"logo\":{\"@type\":\"ImageObject\",\"inLanguage\":\"lt-LT\",\"@id\":\"https:\\\/\\\/puhdasplus.ee\\\/lt\\\/#\\\/schema\\\/logo\\\/image\\\/\",\"url\":\"https:\\\/\\\/puhdasplus.ee\\\/wp-content\\\/uploads\\\/2019\\\/10\\\/puhdas_logo-arvele.png\",\"contentUrl\":\"https:\\\/\\\/puhdasplus.ee\\\/wp-content\\\/uploads\\\/2019\\\/10\\\/puhdas_logo-arvele.png\",\"width\":114,\"height\":94,\"caption\":\"Puhdas+\"},\"image\":{\"@id\":\"https:\\\/\\\/puhdasplus.ee\\\/lt\\\/#\\\/schema\\\/logo\\\/image\\\/\"},\"sameAs\":[\"https:\\\/\\\/www.facebook.com\\\/puhdasplus\",\"https:\\\/\\\/www.instagram.com\\\/puhdasplus_ee\\\/\"]}]}<\/script>\n<!-- \/ Yoast SEO plugin. -->","yoast_head_json":{"title":"Elektrolit\u0173 vitamininis vanduo su magniu 330 ml | Puhdas+","description":"Gaivinantis elektrolit\u0173 vitamininis vanduo su magniu. Magnis padeda palaikyti normali\u0105 raumen\u0173 funkcij\u0105. Ma\u017eai kalorij\u0173. 330 ml.","robots":{"index":"index","follow":"follow","max-snippet":"max-snippet:-1","max-image-preview":"max-image-preview:large","max-video-preview":"max-video-preview:-1"},"canonical":"https:\/\/puhdasplus.ee\/lt\/produktai\/gerimai\/vitamininis-vanduo\/elektrolitu-ir-vitaminu-vanduo-330-ml\/","og_locale":"lt_LT","og_type":"article","og_title":"Elektrolit\u0173 vitamininis vanduo su magniu 330 ml | Puhdas+","og_description":"Gaivinantis elektrolit\u0173 vitamininis vanduo su magniu. Magnis padeda palaikyti normali\u0105 raumen\u0173 funkcij\u0105. Ma\u017eai kalorij\u0173. 330 ml.","og_url":"https:\/\/puhdasplus.ee\/lt\/produktai\/gerimai\/vitamininis-vanduo\/elektrolitu-ir-vitaminu-vanduo-330-ml\/","og_site_name":"Puhdas+","article_publisher":"https:\/\/www.facebook.com\/puhdasplus","article_modified_time":"2026-04-07T16:54:57+00:00","og_image":[{"width":1862,"height":2560,"url":"https:\/\/puhdasplus.ee\/wp-content\/uploads\/2025\/08\/tooted-ilma-taustata-scaled.jpg","type":"image\/jpeg"}],"twitter_card":"summary_large_image","twitter_misc":{"Est. reading time":"1 minut\u0117"},"schema":{"@context":"https:\/\/schema.org","@graph":[{"@type":"WebPage","@id":"https:\/\/puhdasplus.ee\/lt\/produktai\/gerimai\/vitamininis-vanduo\/elektrolitu-ir-vitaminu-vanduo-330-ml\/","url":"https:\/\/puhdasplus.ee\/lt\/produktai\/gerimai\/vitamininis-vanduo\/elektrolitu-ir-vitaminu-vanduo-330-ml\/","name":"Elektrolit\u0173 vitamininis vanduo su magniu 330 ml | Puhdas+","isPartOf":{"@id":"https:\/\/puhdasplus.ee\/lt\/#website"},"primaryImageOfPage":{"@id":"https:\/\/puhdasplus.ee\/lt\/produktai\/gerimai\/vitamininis-vanduo\/elektrolitu-ir-vitaminu-vanduo-330-ml\/#primaryimage"},"image":{"@id":"https:\/\/puhdasplus.ee\/lt\/produktai\/gerimai\/vitamininis-vanduo\/elektrolitu-ir-vitaminu-vanduo-330-ml\/#primaryimage"},"thumbnailUrl":"https:\/\/puhdasplus.ee\/wp-content\/uploads\/2025\/08\/tooted-ilma-taustata-scaled.jpg","datePublished":"2025-08-12T14:31:57+00:00","dateModified":"2026-04-07T16:54:57+00:00","description":"Gaivinantis elektrolit\u0173 vitamininis vanduo su magniu. Magnis padeda palaikyti normali\u0105 raumen\u0173 funkcij\u0105. Ma\u017eai kalorij\u0173. 330 ml.","breadcrumb":{"@id":"https:\/\/puhdasplus.ee\/lt\/produktai\/gerimai\/vitamininis-vanduo\/elektrolitu-ir-vitaminu-vanduo-330-ml\/#breadcrumb"},"inLanguage":"lt-LT","potentialAction":[{"@type":"ReadAction","target":["https:\/\/puhdasplus.ee\/lt\/produktai\/gerimai\/vitamininis-vanduo\/elektrolitu-ir-vitaminu-vanduo-330-ml\/"]}]},{"@type":"ImageObject","inLanguage":"lt-LT","@id":"https:\/\/puhdasplus.ee\/lt\/produktai\/gerimai\/vitamininis-vanduo\/elektrolitu-ir-vitaminu-vanduo-330-ml\/#primaryimage","url":"https:\/\/puhdasplus.ee\/wp-content\/uploads\/2025\/08\/tooted-ilma-taustata-scaled.jpg","contentUrl":"https:\/\/puhdasplus.ee\/wp-content\/uploads\/2025\/08\/tooted-ilma-taustata-scaled.jpg","width":1862,"height":2560,"caption":"Elektrolit\u0173 ir vitamin\u0173 vanduo 330 ml"},{"@type":"BreadcrumbList","@id":"https:\/\/puhdasplus.ee\/lt\/produktai\/gerimai\/vitamininis-vanduo\/elektrolitu-ir-vitaminu-vanduo-330-ml\/#breadcrumb","itemListElement":[{"@type":"ListItem","position":1,"name":"Prad\u017eia","item":"https:\/\/puhdasplus.ee\/lt\/"},{"@type":"ListItem","position":2,"name":"Produktai","item":"https:\/\/puhdasplus.ee\/lt\/parduotuve\/"},{"@type":"ListItem","position":3,"name":"Elektrolit\u0173 ir vitamin\u0173 vanduo su magniu 330 ml"}]},{"@type":"WebSite","@id":"https:\/\/puhdasplus.ee\/lt\/#website","url":"https:\/\/puhdasplus.ee\/lt\/","name":"Puhdas+","description":"Vitaminai, maisto papildai, nat\u016brali kosmetika, sveikata, sportas","publisher":{"@id":"https:\/\/puhdasplus.ee\/lt\/#organization"},"potentialAction":[{"@type":"SearchAction","target":{"@type":"EntryPoint","urlTemplate":"https:\/\/puhdasplus.ee\/lt\/?s={search_term_string}"},"query-input":{"@type":"PropertyValueSpecification","valueRequired":true,"valueName":"search_term_string"}}],"inLanguage":"lt-LT"},{"@type":"Organization","@id":"https:\/\/puhdasplus.ee\/lt\/#organization","name":"Puhdas+","alternateName":"Puhdasplus","url":"https:\/\/puhdasplus.ee\/lt\/","logo":{"@type":"ImageObject","inLanguage":"lt-LT","@id":"https:\/\/puhdasplus.ee\/lt\/#\/schema\/logo\/image\/","url":"https:\/\/puhdasplus.ee\/wp-content\/uploads\/2019\/10\/puhdas_logo-arvele.png","contentUrl":"https:\/\/puhdasplus.ee\/wp-content\/uploads\/2019\/10\/puhdas_logo-arvele.png","width":114,"height":94,"caption":"Puhdas+"},"image":{"@id":"https:\/\/puhdasplus.ee\/lt\/#\/schema\/logo\/image\/"},"sameAs":["https:\/\/www.facebook.com\/puhdasplus","https:\/\/www.instagram.com\/puhdasplus_ee\/"]}]}},"_yoast_wpseo_title":"Elektrolit\u0173 vitamininis vanduo su magniu 330 ml | Puhdas+","_yoast_wpseo_metadesc":"Gaivinantis elektrolit\u0173 vitamininis vanduo su magniu. Magnis padeda palaikyti normali\u0105 raumen\u0173 funkcij\u0105. Ma\u017eai kalorij\u0173. 330 ml.","_yoast_wpseo_focuskw":"elektrolit\u0173 vitamininis vanduo","_links":{"self":[{"href":"https:\/\/puhdasplus.ee\/lt\/wp-json\/wp\/v2\/product\/34688","targetHints":{"allow":["GET"]}}],"collection":[{"href":"https:\/\/puhdasplus.ee\/lt\/wp-json\/wp\/v2\/product"}],"about":[{"href":"https:\/\/puhdasplus.ee\/lt\/wp-json\/wp\/v2\/types\/product"}],"replies":[{"embeddable":true,"href":"https:\/\/puhdasplus.ee\/lt\/wp-json\/wp\/v2\/comments?post=34688"}],"wp:featuredmedia":[{"embeddable":true,"href":"https:\/\/puhdasplus.ee\/lt\/wp-json\/wp\/v2\/media\/34690"}],"wp:attachment":[{"href":"https:\/\/puhdasplus.ee\/lt\/wp-json\/wp\/v2\/media?parent=34688"}],"wp:term":[{"taxonomy":"product_brand","embeddable":true,"href":"https:\/\/puhdasplus.ee\/lt\/wp-json\/wp\/v2\/product_brand?post=34688"},{"taxonomy":"product_cat","embeddable":true,"href":"https:\/\/puhdasplus.ee\/lt\/wp-json\/wp\/v2\/product_cat?post=34688"},{"taxonomy":"product_tag","embeddable":true,"href":"https:\/\/puhdasplus.ee\/lt\/wp-json\/wp\/v2\/product_tag?post=34688"}],"curies":[{"name":"wp","href":"https:\/\/api.w.org\/{rel}","templated":true}]}}