{"id":34665,"date":"2025-05-21T15:51:27","date_gmt":"2025-05-21T12:51:27","guid":{"rendered":"https:\/\/puhdasplus.ee\/tooted\/be-kategorijos\/nuo-zilu-plauku-60-kapsuliu\/"},"modified":"2026-04-07T20:12:27","modified_gmt":"2026-04-07T17:12:27","slug":"nuo-zilu-plauku-60-kapsuliu","status":"publish","type":"product","link":"https:\/\/puhdasplus.ee\/lt\/produktai\/oda-plaukai-nagai\/nuo-zilu-plauku-60-kapsuliu\/","title":{"rendered":"Nat\u016bralios plauk\u0173 spalvos palaikymas 60 kapsuli\u0173"},"content":{"rendered":"<h2>Nat\u016bralios plauk\u0173 spalvos palaikymas<\/h2>\n<p>Puhdas+ Anti Gray Hair kapsul\u0117s turi moksli\u0161kai pagr\u012fstus ingredientus \u2014 var\u012f, biotin\u0105, cink\u0105, silic\u012f, B12, foliat\u0105 ir L-cistein\u0105 \u2014 kurie palaiko nat\u016brali\u0105 plauk\u0173 pigmentacij\u0105 ir sveikat\u0105 i\u0161 vidaus.<\/p>\n<h3>Kod\u0117l plaukai gali \u017eilti?<\/h3>\n<p>Plauk\u0173 spalvos pigmentas priklauso nuo melanino gamybos plauk\u0173 folikuluose. Sen\u0117jimas, stresas, maistini\u0173 med\u017eiag\u0173 tr\u016bkumas ir genetika gali sukelti prie\u0161laikin\u012f \u017eilim\u0105. <strong>Varis prisideda prie normalios plauk\u0173 pigmentacijos<\/strong> \u2014 tai ES patvirtintas sveikatos teiginys.<\/p>\n<h3>K\u0105 tai turi?<\/h3>\n<ul>\n<li><strong>Var\u012f<\/strong> \u2014 prisideda prie normalios plauk\u0173 pigmentacijos (ES patvirtintas sveikatos teiginys)<\/li>\n<li><strong>Biotin\u0105<\/strong> \u2014 prisideda prie normali\u0173 plauk\u0173 palaikymo<\/li>\n<li><strong>Cink\u0105<\/strong> \u2014 prisideda prie normali\u0173 plauk\u0173 palaikymo<\/li>\n<li><strong>Silic\u012f<\/strong> (i\u0161 diatomito) \u2014 tradicinis jungiamojo audinio palaikymas<\/li>\n<li><strong>B12 vitamin\u0105 ir foliat\u0105<\/strong> \u2014 palaiko l\u0105steli\u0173 dalijim\u0105si<\/li>\n<li><strong>L-cistein\u0105<\/strong> \u2014 sieros turint\u012f amino r\u016bg\u0161t\u012f, keratino statybin\u0119 med\u017eiag\u0105<\/li>\n<\/ul>\n<h2>Kam tinka ir kaip vartoti?<\/h2>\n<h3>Kam skirtas \u0161is produktas?<\/h3>\n<ul>\n<li>Jei norite palaikyti <strong>normali\u0105 plauk\u0173 pigmentacij\u0105<\/strong><\/li>\n<li>Tiek <strong>vyrams, tiek moterims<\/strong> bet kokio am\u017eiaus<\/li>\n<li>Jei norite <strong>specifinio palaikymo<\/strong> plauk\u0173 spalvai i\u0161 vidaus<\/li>\n<\/ul>\n<p>Gryna sud\u0117tis. Pagaminta Suomijoje. Bendram plauk\u0173 palaikymui \u017ei\u016br\u0117kite taip pat <a href=\"\/toode\/hair-booster-120-kapslit-toidulisand\/\">Hair Booster<\/a> ir <a href=\"\/toode\/beauty-biotiin-10-000-60-kapslit\/\">Beauty Biotin\u0105<\/a>.<\/p>\n<h3>Sud\u0117tis ir maistin\u0117 vert\u0117<\/h3>\n<p><strong>Sud\u0117tis:<\/strong> diatomitas (silic\u012f turintis nuos\u0117dinis uoliena), augalin\u0117 kapsul\u0117 (hidroksipropilmetilceliulioz\u0117, gelano guma), mikrokristalin\u0117 celiulioz\u0117, L-cisteino HCl, vario citratas, cinko bisglicin\u0101tas, D-biotinas, metilkobalaminas (B12), (6S)-5-metiltetrahidrofoliatas (Quatrefolic\u00ae).<\/p>\n<h4>Maistin\u0117 vert\u0117 vienoje kapsul\u0117je<\/h4>\n<table>\n<thead>\n<tr>\n<th>Maistin\u0117 med\u017eiaga<\/th>\n<th>Kiekis<\/th>\n<th>% NRV<\/th>\n<\/tr>\n<\/thead>\n<tbody>\n<tr>\n<td>Diatomitas (silicis)<\/td>\n<td>350 mg<\/td>\n<td>\u2014<\/td>\n<\/tr>\n<tr>\n<td>L-cisteinas<\/td>\n<td>100 mg<\/td>\n<td>\u2014<\/td>\n<\/tr>\n<tr>\n<td>Varis<\/td>\n<td>1 mg<\/td>\n<td>100%<\/td>\n<\/tr>\n<tr>\n<td>Cinkas<\/td>\n<td>10 mg<\/td>\n<td>100%<\/td>\n<\/tr>\n<tr>\n<td>Biotinas<\/td>\n<td>450 \u00b5g<\/td>\n<td>900%<\/td>\n<\/tr>\n<tr>\n<td>B12 vitaminas<\/td>\n<td>100 \u00b5g<\/td>\n<td>4000%<\/td>\n<\/tr>\n<tr>\n<td>Foliatas (Quatrefolic\u00ae)<\/td>\n<td>400 \u00b5g<\/td>\n<td>200%<\/td>\n<\/tr>\n<\/tbody>\n<\/table>\n<h3>Kaip vartoti?<\/h3>\n<p>Vartoti 1 kapsul\u0119 per dien\u0105. Rekomenduojamos doz\u0117s vir\u0161yti negalima. 60 kapsuli\u0173.<\/p>\n<h2>Da\u017eniausiai u\u017eduodami klausimai<\/h2>\n<h3>Ar tai atstatys jau pa\u017eilusius plaukus?<\/h3>\n<p>Produktas palaiko normali\u0105 plauk\u0173 pigmentacij\u0105. Rezultatai individual\u016bs ir priklauso nuo daugelio veiksni\u0173.<\/p>\n<h3>Ar tinka ir vyrams, ir moterims?<\/h3>\n<p>Taip, tinka visiems suaugusiems.<\/p>\n<h3>Ar galima vartoti kartu su kitais plauk\u0173 papildais?<\/h3>\n<p>Taip. Gerai derinasi su <a href=\"\/toode\/hair-booster-120-kapslit-toidulisand\/\">Hair Booster<\/a> ir <a href=\"\/toode\/beauty-biotiin-10-000-60-kapslit\/\">biotinu<\/a>.<\/p>\n<h3>Maistin\u0117 vert\u0117 vienoje kapsul\u0117je<\/h3>\n<table>\n<thead>\n<tr>\n<th>Maistin\u0117 med\u017eiaga<\/th>\n<th>Kiekis<\/th>\n<th>NRV*<\/th>\n<\/tr>\n<\/thead>\n<tbody>\n<tr>\n<td>Varis<\/td>\n<td>1 mg<\/td>\n<td>100%<\/td>\n<\/tr>\n<tr>\n<td>Cinkas<\/td>\n<td>5 mg<\/td>\n<td>50%<\/td>\n<\/tr>\n<tr>\n<td>Vitaminas B12<\/td>\n<td>100 \u00b5g<\/td>\n<td>4000%<\/td>\n<\/tr>\n<tr>\n<td>Folio r\u016bg\u0161tis<\/td>\n<td>200 \u00b5g<\/td>\n<td>100%<\/td>\n<\/tr>\n<tr>\n<td>L-cisteinas<\/td>\n<td>100 mg<\/td>\n<td>\u2014<\/td>\n<\/tr>\n<tr>\n<td>Asi\u016bklio ekstraktas<\/td>\n<td>50 mg<\/td>\n<td>\u2014<\/td>\n<\/tr>\n<tr>\n<td>Silicis<\/td>\n<td>3,5 mg<\/td>\n<td>\u2014<\/td>\n<\/tr>\n<tr>\n<td>Selenas<\/td>\n<td>55 \u00b5g<\/td>\n<td>100%<\/td>\n<\/tr>\n<tr>\n<td>Biotinas<\/td>\n<td>100 \u00b5g<\/td>\n<td>200%<\/td>\n<\/tr>\n<\/tbody>\n<\/table>\n<p>*NRV \u2014 paros referencin\u0117 vert\u0117 suaugusiesiems.<\/p>\n<h3>\u012esp\u0117jimai<\/h3>\n<p>Maisto papildas nepakei\u010dia subalansuotos ir \u012fvairios mitybos ar sveiko gyvenimo b\u016bdo. Laikyti vaikams nepasiekiamoje vietoje. Nenaudoti, jei esate alergi\u0161kas bet kuriai sudedamajai daliai.<\/p>\n<h3>Laikymas<\/h3>\n<p>Laikyti sausoje, v\u0117sioje vietoje, apsaugotoje nuo tiesiogini\u0173 saul\u0117s spinduli\u0173.<\/p>\n<p><strong>\u017di\u016br\u0117ti taip pat:<\/strong> <a href=\"https:\/\/puhdasplus.ee\/toote-kategooria\/mehele\/\">Mehele<\/a> | <a href=\"https:\/\/puhdasplus.ee\/toote-kategooria\/nahk-juuksed-kuuned\/\">Oda, plaukai, nagai<\/a> | <a href=\"https:\/\/puhdasplus.ee\/lt\/sport\/\">Sportas<\/a><\/p>\n","protected":false},"excerpt":{"rendered":"<p>Plauk\u0173 sveikata ir i\u0161vaizda vaidina svarb\u0173 vaidmen\u012f m\u016bs\u0173 savijautos ir pasitik\u0117jimo savimi. Jei pastebite pirmuosius \u017eilus plaukus ar norite palaikyti nat\u016brali\u0105 plauk\u0173 pigmentacij\u0105, verta atkreipti d\u0117mes\u012f \u012f tai, kas vyksta organizmo viduje \u2014 ten, kur prasideda ir plauk\u0173 sen\u0117jimo procesas.<\/p>\n<p><strong>Puhdas+ Anti Gray Hair<\/strong> sukurtas tiems, kurie nori palaikyti nat\u016brali\u0105 plauk\u0173 pigmentacij\u0105 ir i\u0161laikyti juos stiprius ir gyvybingus. Tai auk\u0161tos kokyb\u0117s maisto papildas, pagamintas Suomijoje, jungiantis <strong>var\u012f, biotin\u0105, cink\u0105, vitamin\u0105 B12, folio r\u016bg\u0161t\u012f, L-cistein\u0105, silic\u012f ir asi\u016bklio ekstrakt\u0105<\/strong> \u2014 visos \u0161ios med\u017eiagos vaidina svarb\u0173 vaidmen\u012f plauk\u0173 sveikatos ir spalvos i\u0161laikyme.<\/p>\n<p>Varis padeda organizmui gaminti melanin\u0105 \u2014 pigment\u0105, suteikiant\u012f plaukams nat\u016brali\u0105 spalv\u0105. Biotinas ir cinkas padeda i\u0161laikyti plaukus stiprius ir palaiko j\u0173 normali\u0105 b\u016bkl\u0119. L-cisteinas palaiko keratino \u2014 pagrindinio plauk\u0173 strukt\u016bros komponento \u2014 gamyb\u0105. Vitaminas B12 ir folio r\u016bg\u0161tis skatina l\u0105steli\u0173 atsinaujinim\u0105, kuris svarbus normaliam galvos odos ir plauk\u0173 folikul\u0173 funkcionavimui. Silicis ir asi\u016bklio ekstraktas suteikia plaukams papildomo stiprumo ir elastingumo.<\/p>\n<p>Tai n\u0117ra greito poveikio produktas ar i\u0161orin\u0117s problemos u\u017edengimas \u2014 tai ilgalaik\u0117 ir s\u0105moninga parama i\u0161 vidaus, padedanti <strong>i\u0161laikyti plaukus sveikus ir gyvybingus.<\/strong><\/p>\n<p>Jei norite i\u0161 tikr\u0173j\u0173 palaikyti savo plaukus, prad\u0117kite i\u0161 vidaus \u2014 nat\u016braliai, grynai ir efektyviai. Puhdas+ Anti Gray Hair yra paprastas \u017eingsnis link sveikesni\u0173 ir spindin\u010di\u0173 plauk\u0173.<\/p>\n","protected":false},"featured_media":34667,"comment_status":"closed","ping_status":"closed","template":"","meta":{"_acf_changed":false,"googlesitekit_rrm_CAow3eq7DA:productID":""},"product_brand":[],"product_cat":[5551,3282,5603],"product_tag":[3284,4048,3131,8366,8378,2562,8331,8374,8370],"class_list":{"0":"post-34665","1":"product","2":"type-product","3":"status-publish","4":"has-post-thumbnail","6":"product_cat-moterims","7":"product_cat-oda-plaukai-nagai","8":"product_cat-vyrui","9":"product_tag-biotinas","10":"product_tag-cinkas","11":"product_tag-maisto-papildas","12":"product_tag-mineralai-lt","13":"product_tag-natralus-lt","14":"product_tag-plauku-prieziura","15":"product_tag-plauk-slinkimas-lt","16":"product_tag-suomijos-kokyb-lt","17":"product_tag-vitaminai-lt","19":"first","20":"instock","21":"taxable","22":"shipping-taxable","23":"purchasable","24":"product-type-simple"},"acf":[],"yoast_head":"<!-- This site is optimized with the Yoast SEO plugin v27.4 - https:\/\/yoast.com\/product\/yoast-seo-wordpress\/ -->\n<title>Nat\u016bralios plauk\u0173 spalvos palaikymas 60 kapsuli\u0173 | Puhdas+<\/title>\n<meta name=\"description\" content=\"\u201ePuhdas+ Anti Gray Hair\u201c yra veiksmingas maisto papildas, padedantis sul\u0117tinti \u017eil\u0173 plauk\u0173 vystym\u0105si ir palaikantis nat\u016brali\u0105 plauk\u0173 spalv\u0105.\" \/>\n<meta name=\"robots\" content=\"index, follow, max-snippet:-1, max-image-preview:large, max-video-preview:-1\" \/>\n<link rel=\"canonical\" href=\"https:\/\/puhdasplus.ee\/lt\/produktai\/oda-plaukai-nagai\/nuo-zilu-plauku-60-kapsuliu\/\" \/>\n<meta property=\"og:locale\" content=\"lt_LT\" \/>\n<meta property=\"og:type\" content=\"article\" \/>\n<meta property=\"og:title\" content=\"Nat\u016bralios plauk\u0173 spalvos palaikymas 60 kapsuli\u0173 | Puhdas+\" \/>\n<meta property=\"og:description\" content=\"\u201ePuhdas+ Anti Gray Hair\u201c yra veiksmingas maisto papildas, padedantis sul\u0117tinti \u017eil\u0173 plauk\u0173 vystym\u0105si ir palaikantis nat\u016brali\u0105 plauk\u0173 spalv\u0105.\" \/>\n<meta property=\"og:url\" content=\"https:\/\/puhdasplus.ee\/lt\/produktai\/oda-plaukai-nagai\/nuo-zilu-plauku-60-kapsuliu\/\" \/>\n<meta property=\"og:site_name\" content=\"Puhdas+\" \/>\n<meta property=\"article:publisher\" content=\"https:\/\/www.facebook.com\/puhdasplus\" \/>\n<meta property=\"article:modified_time\" content=\"2026-04-07T17:12:27+00:00\" \/>\n<meta property=\"og:image\" content=\"https:\/\/puhdasplus.ee\/wp-content\/uploads\/2025\/05\/44ewa-scaled.jpg\" \/>\n\t<meta property=\"og:image:width\" content=\"1862\" \/>\n\t<meta property=\"og:image:height\" content=\"2560\" \/>\n\t<meta property=\"og:image:type\" content=\"image\/jpeg\" \/>\n<meta name=\"twitter:card\" content=\"summary_large_image\" \/>\n<meta name=\"twitter:label1\" content=\"Est. reading time\" \/>\n\t<meta name=\"twitter:data1\" content=\"2 minut\u0117\" \/>\n<script type=\"application\/ld+json\" class=\"yoast-schema-graph\">{\"@context\":\"https:\\\/\\\/schema.org\",\"@graph\":[{\"@type\":\"WebPage\",\"@id\":\"https:\\\/\\\/puhdasplus.ee\\\/lt\\\/produktai\\\/oda-plaukai-nagai\\\/nuo-zilu-plauku-60-kapsuliu\\\/\",\"url\":\"https:\\\/\\\/puhdasplus.ee\\\/lt\\\/produktai\\\/oda-plaukai-nagai\\\/nuo-zilu-plauku-60-kapsuliu\\\/\",\"name\":\"Nat\u016bralios plauk\u0173 spalvos palaikymas 60 kapsuli\u0173 | Puhdas+\",\"isPartOf\":{\"@id\":\"https:\\\/\\\/puhdasplus.ee\\\/lt\\\/#website\"},\"primaryImageOfPage\":{\"@id\":\"https:\\\/\\\/puhdasplus.ee\\\/lt\\\/produktai\\\/oda-plaukai-nagai\\\/nuo-zilu-plauku-60-kapsuliu\\\/#primaryimage\"},\"image\":{\"@id\":\"https:\\\/\\\/puhdasplus.ee\\\/lt\\\/produktai\\\/oda-plaukai-nagai\\\/nuo-zilu-plauku-60-kapsuliu\\\/#primaryimage\"},\"thumbnailUrl\":\"https:\\\/\\\/puhdasplus.ee\\\/wp-content\\\/uploads\\\/2025\\\/05\\\/44ewa-scaled.jpg\",\"datePublished\":\"2025-05-21T12:51:27+00:00\",\"dateModified\":\"2026-04-07T17:12:27+00:00\",\"description\":\"\u201ePuhdas+ Anti Gray Hair\u201c yra veiksmingas maisto papildas, padedantis sul\u0117tinti \u017eil\u0173 plauk\u0173 vystym\u0105si ir palaikantis nat\u016brali\u0105 plauk\u0173 spalv\u0105.\",\"breadcrumb\":{\"@id\":\"https:\\\/\\\/puhdasplus.ee\\\/lt\\\/produktai\\\/oda-plaukai-nagai\\\/nuo-zilu-plauku-60-kapsuliu\\\/#breadcrumb\"},\"inLanguage\":\"lt-LT\",\"potentialAction\":[{\"@type\":\"ReadAction\",\"target\":[\"https:\\\/\\\/puhdasplus.ee\\\/lt\\\/produktai\\\/oda-plaukai-nagai\\\/nuo-zilu-plauku-60-kapsuliu\\\/\"]}]},{\"@type\":\"ImageObject\",\"inLanguage\":\"lt-LT\",\"@id\":\"https:\\\/\\\/puhdasplus.ee\\\/lt\\\/produktai\\\/oda-plaukai-nagai\\\/nuo-zilu-plauku-60-kapsuliu\\\/#primaryimage\",\"url\":\"https:\\\/\\\/puhdasplus.ee\\\/wp-content\\\/uploads\\\/2025\\\/05\\\/44ewa-scaled.jpg\",\"contentUrl\":\"https:\\\/\\\/puhdasplus.ee\\\/wp-content\\\/uploads\\\/2025\\\/05\\\/44ewa-scaled.jpg\",\"width\":1862,\"height\":2560,\"caption\":\"Prie\u0161 \u017eilus plaukus\"},{\"@type\":\"BreadcrumbList\",\"@id\":\"https:\\\/\\\/puhdasplus.ee\\\/lt\\\/produktai\\\/oda-plaukai-nagai\\\/nuo-zilu-plauku-60-kapsuliu\\\/#breadcrumb\",\"itemListElement\":[{\"@type\":\"ListItem\",\"position\":1,\"name\":\"Prad\u017eia\",\"item\":\"https:\\\/\\\/puhdasplus.ee\\\/lt\\\/\"},{\"@type\":\"ListItem\",\"position\":2,\"name\":\"Produktai\",\"item\":\"https:\\\/\\\/puhdasplus.ee\\\/lt\\\/parduotuve\\\/\"},{\"@type\":\"ListItem\",\"position\":3,\"name\":\"Nat\u016bralios plauk\u0173 spalvos palaikymas 60 kapsuli\u0173\"}]},{\"@type\":\"WebSite\",\"@id\":\"https:\\\/\\\/puhdasplus.ee\\\/lt\\\/#website\",\"url\":\"https:\\\/\\\/puhdasplus.ee\\\/lt\\\/\",\"name\":\"Puhdas+\",\"description\":\"Vitaminai, maisto papildai, nat\u016brali kosmetika, sveikata, sportas\",\"publisher\":{\"@id\":\"https:\\\/\\\/puhdasplus.ee\\\/lt\\\/#organization\"},\"potentialAction\":[{\"@type\":\"SearchAction\",\"target\":{\"@type\":\"EntryPoint\",\"urlTemplate\":\"https:\\\/\\\/puhdasplus.ee\\\/lt\\\/?s={search_term_string}\"},\"query-input\":{\"@type\":\"PropertyValueSpecification\",\"valueRequired\":true,\"valueName\":\"search_term_string\"}}],\"inLanguage\":\"lt-LT\"},{\"@type\":\"Organization\",\"@id\":\"https:\\\/\\\/puhdasplus.ee\\\/lt\\\/#organization\",\"name\":\"Puhdas+\",\"alternateName\":\"Puhdasplus\",\"url\":\"https:\\\/\\\/puhdasplus.ee\\\/lt\\\/\",\"logo\":{\"@type\":\"ImageObject\",\"inLanguage\":\"lt-LT\",\"@id\":\"https:\\\/\\\/puhdasplus.ee\\\/lt\\\/#\\\/schema\\\/logo\\\/image\\\/\",\"url\":\"https:\\\/\\\/puhdasplus.ee\\\/wp-content\\\/uploads\\\/2019\\\/10\\\/puhdas_logo-arvele.png\",\"contentUrl\":\"https:\\\/\\\/puhdasplus.ee\\\/wp-content\\\/uploads\\\/2019\\\/10\\\/puhdas_logo-arvele.png\",\"width\":114,\"height\":94,\"caption\":\"Puhdas+\"},\"image\":{\"@id\":\"https:\\\/\\\/puhdasplus.ee\\\/lt\\\/#\\\/schema\\\/logo\\\/image\\\/\"},\"sameAs\":[\"https:\\\/\\\/www.facebook.com\\\/puhdasplus\",\"https:\\\/\\\/www.instagram.com\\\/puhdasplus_ee\\\/\"]}]}<\/script>\n<!-- \/ Yoast SEO plugin. -->","yoast_head_json":{"title":"Nat\u016bralios plauk\u0173 spalvos palaikymas 60 kapsuli\u0173 | Puhdas+","description":"\u201ePuhdas+ Anti Gray Hair\u201c yra veiksmingas maisto papildas, padedantis sul\u0117tinti \u017eil\u0173 plauk\u0173 vystym\u0105si ir palaikantis nat\u016brali\u0105 plauk\u0173 spalv\u0105.","robots":{"index":"index","follow":"follow","max-snippet":"max-snippet:-1","max-image-preview":"max-image-preview:large","max-video-preview":"max-video-preview:-1"},"canonical":"https:\/\/puhdasplus.ee\/lt\/produktai\/oda-plaukai-nagai\/nuo-zilu-plauku-60-kapsuliu\/","og_locale":"lt_LT","og_type":"article","og_title":"Nat\u016bralios plauk\u0173 spalvos palaikymas 60 kapsuli\u0173 | Puhdas+","og_description":"\u201ePuhdas+ Anti Gray Hair\u201c yra veiksmingas maisto papildas, padedantis sul\u0117tinti \u017eil\u0173 plauk\u0173 vystym\u0105si ir palaikantis nat\u016brali\u0105 plauk\u0173 spalv\u0105.","og_url":"https:\/\/puhdasplus.ee\/lt\/produktai\/oda-plaukai-nagai\/nuo-zilu-plauku-60-kapsuliu\/","og_site_name":"Puhdas+","article_publisher":"https:\/\/www.facebook.com\/puhdasplus","article_modified_time":"2026-04-07T17:12:27+00:00","og_image":[{"width":1862,"height":2560,"url":"https:\/\/puhdasplus.ee\/wp-content\/uploads\/2025\/05\/44ewa-scaled.jpg","type":"image\/jpeg"}],"twitter_card":"summary_large_image","twitter_misc":{"Est. reading time":"2 minut\u0117"},"schema":{"@context":"https:\/\/schema.org","@graph":[{"@type":"WebPage","@id":"https:\/\/puhdasplus.ee\/lt\/produktai\/oda-plaukai-nagai\/nuo-zilu-plauku-60-kapsuliu\/","url":"https:\/\/puhdasplus.ee\/lt\/produktai\/oda-plaukai-nagai\/nuo-zilu-plauku-60-kapsuliu\/","name":"Nat\u016bralios plauk\u0173 spalvos palaikymas 60 kapsuli\u0173 | Puhdas+","isPartOf":{"@id":"https:\/\/puhdasplus.ee\/lt\/#website"},"primaryImageOfPage":{"@id":"https:\/\/puhdasplus.ee\/lt\/produktai\/oda-plaukai-nagai\/nuo-zilu-plauku-60-kapsuliu\/#primaryimage"},"image":{"@id":"https:\/\/puhdasplus.ee\/lt\/produktai\/oda-plaukai-nagai\/nuo-zilu-plauku-60-kapsuliu\/#primaryimage"},"thumbnailUrl":"https:\/\/puhdasplus.ee\/wp-content\/uploads\/2025\/05\/44ewa-scaled.jpg","datePublished":"2025-05-21T12:51:27+00:00","dateModified":"2026-04-07T17:12:27+00:00","description":"\u201ePuhdas+ Anti Gray Hair\u201c yra veiksmingas maisto papildas, padedantis sul\u0117tinti \u017eil\u0173 plauk\u0173 vystym\u0105si ir palaikantis nat\u016brali\u0105 plauk\u0173 spalv\u0105.","breadcrumb":{"@id":"https:\/\/puhdasplus.ee\/lt\/produktai\/oda-plaukai-nagai\/nuo-zilu-plauku-60-kapsuliu\/#breadcrumb"},"inLanguage":"lt-LT","potentialAction":[{"@type":"ReadAction","target":["https:\/\/puhdasplus.ee\/lt\/produktai\/oda-plaukai-nagai\/nuo-zilu-plauku-60-kapsuliu\/"]}]},{"@type":"ImageObject","inLanguage":"lt-LT","@id":"https:\/\/puhdasplus.ee\/lt\/produktai\/oda-plaukai-nagai\/nuo-zilu-plauku-60-kapsuliu\/#primaryimage","url":"https:\/\/puhdasplus.ee\/wp-content\/uploads\/2025\/05\/44ewa-scaled.jpg","contentUrl":"https:\/\/puhdasplus.ee\/wp-content\/uploads\/2025\/05\/44ewa-scaled.jpg","width":1862,"height":2560,"caption":"Prie\u0161 \u017eilus plaukus"},{"@type":"BreadcrumbList","@id":"https:\/\/puhdasplus.ee\/lt\/produktai\/oda-plaukai-nagai\/nuo-zilu-plauku-60-kapsuliu\/#breadcrumb","itemListElement":[{"@type":"ListItem","position":1,"name":"Prad\u017eia","item":"https:\/\/puhdasplus.ee\/lt\/"},{"@type":"ListItem","position":2,"name":"Produktai","item":"https:\/\/puhdasplus.ee\/lt\/parduotuve\/"},{"@type":"ListItem","position":3,"name":"Nat\u016bralios plauk\u0173 spalvos palaikymas 60 kapsuli\u0173"}]},{"@type":"WebSite","@id":"https:\/\/puhdasplus.ee\/lt\/#website","url":"https:\/\/puhdasplus.ee\/lt\/","name":"Puhdas+","description":"Vitaminai, maisto papildai, nat\u016brali kosmetika, sveikata, sportas","publisher":{"@id":"https:\/\/puhdasplus.ee\/lt\/#organization"},"potentialAction":[{"@type":"SearchAction","target":{"@type":"EntryPoint","urlTemplate":"https:\/\/puhdasplus.ee\/lt\/?s={search_term_string}"},"query-input":{"@type":"PropertyValueSpecification","valueRequired":true,"valueName":"search_term_string"}}],"inLanguage":"lt-LT"},{"@type":"Organization","@id":"https:\/\/puhdasplus.ee\/lt\/#organization","name":"Puhdas+","alternateName":"Puhdasplus","url":"https:\/\/puhdasplus.ee\/lt\/","logo":{"@type":"ImageObject","inLanguage":"lt-LT","@id":"https:\/\/puhdasplus.ee\/lt\/#\/schema\/logo\/image\/","url":"https:\/\/puhdasplus.ee\/wp-content\/uploads\/2019\/10\/puhdas_logo-arvele.png","contentUrl":"https:\/\/puhdasplus.ee\/wp-content\/uploads\/2019\/10\/puhdas_logo-arvele.png","width":114,"height":94,"caption":"Puhdas+"},"image":{"@id":"https:\/\/puhdasplus.ee\/lt\/#\/schema\/logo\/image\/"},"sameAs":["https:\/\/www.facebook.com\/puhdasplus","https:\/\/www.instagram.com\/puhdasplus_ee\/"]}]}},"_yoast_wpseo_title":"Nat\u016bralios plauk\u0173 spalvos palaikymas 60 kapsuli\u0173 | Puhdas+","_yoast_wpseo_metadesc":"\u201ePuhdas+ Anti Gray Hair\u201c yra veiksmingas maisto papildas, padedantis sul\u0117tinti \u017eil\u0173 plauk\u0173 vystym\u0105si ir palaikantis nat\u016brali\u0105 plauk\u0173 spalv\u0105.","_yoast_wpseo_focuskw":"papildas nuo \u017eil\u0173 plauk\u0173","_links":{"self":[{"href":"https:\/\/puhdasplus.ee\/lt\/wp-json\/wp\/v2\/product\/34665","targetHints":{"allow":["GET"]}}],"collection":[{"href":"https:\/\/puhdasplus.ee\/lt\/wp-json\/wp\/v2\/product"}],"about":[{"href":"https:\/\/puhdasplus.ee\/lt\/wp-json\/wp\/v2\/types\/product"}],"replies":[{"embeddable":true,"href":"https:\/\/puhdasplus.ee\/lt\/wp-json\/wp\/v2\/comments?post=34665"}],"wp:featuredmedia":[{"embeddable":true,"href":"https:\/\/puhdasplus.ee\/lt\/wp-json\/wp\/v2\/media\/34667"}],"wp:attachment":[{"href":"https:\/\/puhdasplus.ee\/lt\/wp-json\/wp\/v2\/media?parent=34665"}],"wp:term":[{"taxonomy":"product_brand","embeddable":true,"href":"https:\/\/puhdasplus.ee\/lt\/wp-json\/wp\/v2\/product_brand?post=34665"},{"taxonomy":"product_cat","embeddable":true,"href":"https:\/\/puhdasplus.ee\/lt\/wp-json\/wp\/v2\/product_cat?post=34665"},{"taxonomy":"product_tag","embeddable":true,"href":"https:\/\/puhdasplus.ee\/lt\/wp-json\/wp\/v2\/product_tag?post=34665"}],"curies":[{"name":"wp","href":"https:\/\/api.w.org\/{rel}","templated":true}]}}