{"id":34620,"date":"2025-02-15T14:08:33","date_gmt":"2025-02-15T12:08:33","guid":{"rendered":"https:\/\/puhdasplus.ee\/tooted\/be-kategorijos\/kolageno-ir-saltalankiu-120-kapsuliu\/"},"modified":"2026-05-10T08:01:28","modified_gmt":"2026-05-10T05:01:28","slug":"kolageno-ir-saltalankiu-120-kapsuliu","status":"publish","type":"product","link":"https:\/\/puhdasplus.ee\/lt\/produktai\/oda-plaukai-nagai\/kolagenas\/kolageno-ir-saltalankiu-120-kapsuliu\/","title":{"rendered":"Kolagenas ir \u0161altalankis 120 kapsuli\u0173"},"content":{"rendered":"<h2>Kod\u0117l kolagenas su \u0161altalankiu?<\/h2>\n<h3>Gro\u017eis ir savijauta i\u0161 vidaus<\/h3>\n<p>Kolagenas yra svarbiausias organizmo strukt\u016brinis baltymas \u2014 ypa\u010d svarbus odai, plaukams ir nagams. \u0160altalankio aliejus turtingas riebal\u0173 r\u016bg\u0161\u010di\u0173 ir antioksidant\u0173. \u0160is derinys sukurtas odos ir gro\u017eio palaikymui <strong>i\u0161 vidaus<\/strong>.<\/p>\n<h3>K\u0105 \u0161is derinys turi?<\/h3>\n<ul>\n<li><strong>Hidrolizuot\u0105 kolagen\u0105<\/strong> \u2014 lengvai \u012fsisavinam\u0105 kolageno form\u0105<\/li>\n<li><strong>\u0160altalankio aliej\u0173<\/strong> \u2014 nat\u016braliai turting\u0105 riebal\u0173 r\u016bg\u0161\u010di\u0173 ir vitamin\u0173<\/li>\n<li><strong>Vitamin\u0105 C<\/strong> \u2014 prisideda prie normalaus kolageno susidarymo<\/li>\n<\/ul>\n<h2>Kam tinka ir kaip vartoti?<\/h2>\n<h3>Kam skirtas \u0161is produktas?<\/h3>\n<ul>\n<li>Jei norite palaikyti <strong>odos, plauk\u0173 ir nag\u0173<\/strong> sveikat\u0105<\/li>\n<li>Jei teikiate pirmenyb\u0119 <strong>kapsul\u0117ms, o ne milteliams<\/strong><\/li>\n<li>Jei norite kolageno su <strong>papildomomis maistin\u0117mis med\u017eiagomis<\/strong> (\u0161altalankis + vitaminas C)<\/li>\n<\/ul>\n<p>Be gliuteno ir laktoz\u0117s. Pagaminta Suomijoje. Jei teikiate pirmenyb\u0119 milteliams \u017ei\u016br\u0117kite <a href=\"\/toode\/kollageeni-pulber-250-g\/\">\u017euv\u0173 kolageno miltelius<\/a>. Taip pat \u017ei\u016br\u0117kite <a href=\"\/toode\/beauty-kollageen-ja-biotiin-120-kapslit\/\">Beauty Kolagenas + Biotinas<\/a> kapsules.<\/p>\n<h3>Sud\u0117tis ir maistin\u0117 vert\u0117<\/h3>\n<p><strong>Sud\u0117tis:<\/strong> hidrolizuotas kolagenas, \u0161altalankio aliejus, L-askorbo r\u016bg\u0161tis (vitaminas C), kapsul\u0117s apvalkalas (\u017eelatina, glicerolis).<\/p>\n<h4>Maistin\u0117 vert\u0117 dviejose kapsul\u0117se (paros doz\u0117)<\/h4>\n<table>\n<thead>\n<tr>\n<th>Maistin\u0117 med\u017eiaga<\/th>\n<th>Kiekis<\/th>\n<\/tr>\n<\/thead>\n<tbody>\n<tr>\n<td>Hidrolizuotas kolagenas<\/td>\n<td>600 mg<\/td>\n<\/tr>\n<tr>\n<td>\u0160altalankio aliejus<\/td>\n<td>100 mg<\/td>\n<\/tr>\n<tr>\n<td>Vitaminas C<\/td>\n<td>40 mg (50% NRV)<\/td>\n<\/tr>\n<\/tbody>\n<\/table>\n<h3>Kaip vartoti?<\/h3>\n<p>Vartoti 2 kapsules per dien\u0105. Rekomenduojamos paros doz\u0117s vir\u0161yti negalima. Maisto papildas nepakei\u010dia \u012fvairios ir subalansuotos mitybos. Laikyti vaikams nepasiekiamoje vietoje. Pakuot\u0117je 120 kapsuli\u0173.<\/p>\n<h2>Da\u017eniausiai u\u017eduodami klausimai<\/h2>\n<h3>Ar tinka veganams?<\/h3>\n<p>Ne \u2014 produkte yra kolageno ir \u017eelatinos kapsul\u0117. Kolagenas yra gyv\u016bnin\u0117s kilm\u0117s baltymas.<\/p>\n<h3>Kod\u0117l vitaminas C kartu su kolagenu?<\/h3>\n<p>Vitaminas C prisideda prie normalaus kolageno susidarymo organizme \u2014 jie vienas kit\u0105 papildo.<\/p>\n<h3>Kuo tai skiriasi nuo Beauty Kolageno?<\/h3>\n<p>\u0160is produktas turi \u0161altalankio aliej\u0173, <a href=\"\/toode\/beauty-kollageen-ja-biotiin-120-kapslit\/\">Beauty Kolagenas + Biotinas<\/a> turi biotin\u0105 ir hialurono r\u016bg\u0161t\u012f. Abu palaiko odos sveikat\u0105, bet su skirtingais ingredientais.<\/p>\n<p><strong>\u017di\u016br\u0117ti taip pat:<\/strong> <a href=\"https:\/\/puhdasplus.ee\/toote-kategooria\/kollageen\/\">Kolagenas<\/a> | <a href=\"https:\/\/puhdasplus.ee\/toote-kategooria\/liigesed-lihased-ja-luud\/\">S\u0105nariai, raumenys ir kaulai<\/a><\/p>\n","protected":false},"excerpt":{"rendered":"<h3><strong>KOLAGENAS &amp; \u0160ALTALANKIS \u2013 GRO\u017dIS, ENERGIJA IR PUOSEL\u0116JAMA GEROV\u0116 VIENOJE KAPSUL\u0116JE!<\/strong><\/h3>\n<p>Palaikykite nat\u016brali\u0105 savo odos, plauk\u0173, nag\u0173 ir s\u0105nari\u0173 b\u016bkl\u0119 su greitai \u012fsisavinamu hidrolizuotu kolagenu. \u0160altalankio uog\u0173 milteliai suteikia organizmui nat\u016bralaus vitamino C, prisidedan\u010dio prie kolageno formavimosi ir palaikan\u010dio imunin\u0119 sistem\u0105. \u0160i galinga kombinacija sukurta jums, norintiems jaustis gyvybingais, i\u0161laikyti spindes\u012f ir judrum\u0105 \u2014 bet kuriame am\u017eiuje!<\/p>\n","protected":false},"featured_media":34627,"comment_status":"closed","ping_status":"closed","template":"","meta":{"_acf_changed":false,"googlesitekit_rrm_CAow3eq7DA:productID":""},"product_brand":[],"product_cat":[4066,3049],"product_tag":[8754,8996,3023,3463,8307,3131,8378,8874,8900,9224,8882,3144,9206,8860,8870,8817,8878,8370,3125,8890],"class_list":{"0":"post-34620","1":"product","2":"type-product","3":"status-publish","4":"has-post-thumbnail","6":"product_cat-kolagenas","7":"product_cat-specialus-pasiulymai","8":"product_tag-gripas","9":"product_tag-hidrolizuotas-kolagenas-lt","10":"product_tag-imunitetas","11":"product_tag-kolagenas","12":"product_tag-kolageno-kapsules","13":"product_tag-maisto-papildas","14":"product_tag-naturalus","15":"product_tag-odos-problemos-lt","16":"product_tag-persalimas-lt","17":"product_tag-persalimo-sezonas-lt","18":"product_tag-plauku-slinkimas-lt","19":"product_tag-raumenys-sanariai","20":"product_tag-saltalankis-lt","21":"product_tag-sanariu-skausmas-lt","22":"product_tag-sausa-oda-lt","23":"product_tag-sloga-lt","24":"product_tag-trapus-nagai-lt","25":"product_tag-vitaminai","26":"product_tag-vitaminas-c","27":"product_tag-ziemos-vitaminai-lt","29":"first","30":"instock","31":"sale","32":"taxable","33":"shipping-taxable","34":"purchasable","35":"product-type-simple"},"acf":[],"yoast_head":"<!-- This site is optimized with the Yoast SEO plugin v27.5 - https:\/\/yoast.com\/product\/yoast-seo-wordpress\/ -->\n<title>Kolagenas ir \u0161altalankis 120 kapsuli\u0173 | Puhdas+<\/title>\n<meta name=\"description\" content=\"Nat\u016bralus kolageno ir \u0161altalanki\u0173 papildas palaiko odos elastingum\u0105, stiprina plaukus ir nagus, gerina s\u0105nari\u0173 judrum\u0105.\" \/>\n<meta name=\"robots\" content=\"index, follow, max-snippet:-1, max-image-preview:large, max-video-preview:-1\" \/>\n<link rel=\"canonical\" href=\"https:\/\/puhdasplus.ee\/lt\/produktai\/oda-plaukai-nagai\/kolagenas\/kolageno-ir-saltalankiu-120-kapsuliu\/\" \/>\n<meta property=\"og:locale\" content=\"lt_LT\" \/>\n<meta property=\"og:type\" content=\"article\" \/>\n<meta property=\"og:title\" content=\"Kolagenas ir \u0161altalankis 120 kapsuli\u0173 | Puhdas+\" \/>\n<meta property=\"og:description\" content=\"Nat\u016bralus kolageno ir \u0161altalanki\u0173 papildas palaiko odos elastingum\u0105, stiprina plaukus ir nagus, gerina s\u0105nari\u0173 judrum\u0105.\" \/>\n<meta property=\"og:url\" content=\"https:\/\/puhdasplus.ee\/lt\/produktai\/oda-plaukai-nagai\/kolagenas\/kolageno-ir-saltalankiu-120-kapsuliu\/\" \/>\n<meta property=\"og:site_name\" content=\"Puhdas+\" \/>\n<meta property=\"article:publisher\" content=\"https:\/\/www.facebook.com\/puhdasplus\" \/>\n<meta property=\"article:modified_time\" content=\"2026-05-10T05:01:28+00:00\" \/>\n<meta property=\"og:image\" content=\"https:\/\/puhdasplus.ee\/wp-content\/uploads\/2025\/03\/194.jpg\" \/>\n\t<meta property=\"og:image:width\" content=\"1862\" \/>\n\t<meta property=\"og:image:height\" content=\"2560\" \/>\n\t<meta property=\"og:image:type\" content=\"image\/jpeg\" \/>\n<meta name=\"twitter:card\" content=\"summary_large_image\" \/>\n<meta name=\"twitter:label1\" content=\"Est. reading time\" \/>\n\t<meta name=\"twitter:data1\" content=\"1 minut\u0117\" \/>\n<script type=\"application\/ld+json\" class=\"yoast-schema-graph\">{\"@context\":\"https:\\\/\\\/schema.org\",\"@graph\":[{\"@type\":\"WebPage\",\"@id\":\"https:\\\/\\\/puhdasplus.ee\\\/lt\\\/produktai\\\/oda-plaukai-nagai\\\/kolagenas\\\/kolageno-ir-saltalankiu-120-kapsuliu\\\/\",\"url\":\"https:\\\/\\\/puhdasplus.ee\\\/lt\\\/produktai\\\/oda-plaukai-nagai\\\/kolagenas\\\/kolageno-ir-saltalankiu-120-kapsuliu\\\/\",\"name\":\"Kolagenas ir \u0161altalankis 120 kapsuli\u0173 | Puhdas+\",\"isPartOf\":{\"@id\":\"https:\\\/\\\/puhdasplus.ee\\\/lt\\\/#website\"},\"primaryImageOfPage\":{\"@id\":\"https:\\\/\\\/puhdasplus.ee\\\/lt\\\/produktai\\\/oda-plaukai-nagai\\\/kolagenas\\\/kolageno-ir-saltalankiu-120-kapsuliu\\\/#primaryimage\"},\"image\":{\"@id\":\"https:\\\/\\\/puhdasplus.ee\\\/lt\\\/produktai\\\/oda-plaukai-nagai\\\/kolagenas\\\/kolageno-ir-saltalankiu-120-kapsuliu\\\/#primaryimage\"},\"thumbnailUrl\":\"https:\\\/\\\/puhdasplus.ee\\\/wp-content\\\/uploads\\\/2025\\\/03\\\/194.jpg\",\"datePublished\":\"2025-02-15T12:08:33+00:00\",\"dateModified\":\"2026-05-10T05:01:28+00:00\",\"description\":\"Nat\u016bralus kolageno ir \u0161altalanki\u0173 papildas palaiko odos elastingum\u0105, stiprina plaukus ir nagus, gerina s\u0105nari\u0173 judrum\u0105.\",\"breadcrumb\":{\"@id\":\"https:\\\/\\\/puhdasplus.ee\\\/lt\\\/produktai\\\/oda-plaukai-nagai\\\/kolagenas\\\/kolageno-ir-saltalankiu-120-kapsuliu\\\/#breadcrumb\"},\"inLanguage\":\"lt-LT\",\"potentialAction\":[{\"@type\":\"ReadAction\",\"target\":[\"https:\\\/\\\/puhdasplus.ee\\\/lt\\\/produktai\\\/oda-plaukai-nagai\\\/kolagenas\\\/kolageno-ir-saltalankiu-120-kapsuliu\\\/\"]}]},{\"@type\":\"ImageObject\",\"inLanguage\":\"lt-LT\",\"@id\":\"https:\\\/\\\/puhdasplus.ee\\\/lt\\\/produktai\\\/oda-plaukai-nagai\\\/kolagenas\\\/kolageno-ir-saltalankiu-120-kapsuliu\\\/#primaryimage\",\"url\":\"https:\\\/\\\/puhdasplus.ee\\\/wp-content\\\/uploads\\\/2025\\\/03\\\/194.jpg\",\"contentUrl\":\"https:\\\/\\\/puhdasplus.ee\\\/wp-content\\\/uploads\\\/2025\\\/03\\\/194.jpg\",\"width\":1862,\"height\":2560,\"caption\":\"Kolagenas ir \u0161altalankis\"},{\"@type\":\"BreadcrumbList\",\"@id\":\"https:\\\/\\\/puhdasplus.ee\\\/lt\\\/produktai\\\/oda-plaukai-nagai\\\/kolagenas\\\/kolageno-ir-saltalankiu-120-kapsuliu\\\/#breadcrumb\",\"itemListElement\":[{\"@type\":\"ListItem\",\"position\":1,\"name\":\"Prad\u017eia\",\"item\":\"https:\\\/\\\/puhdasplus.ee\\\/lt\\\/\"},{\"@type\":\"ListItem\",\"position\":2,\"name\":\"Produktai\",\"item\":\"https:\\\/\\\/puhdasplus.ee\\\/lt\\\/parduotuve\\\/\"},{\"@type\":\"ListItem\",\"position\":3,\"name\":\"Kolagenas ir \u0161altalankis 120 kapsuli\u0173\"}]},{\"@type\":\"WebSite\",\"@id\":\"https:\\\/\\\/puhdasplus.ee\\\/lt\\\/#website\",\"url\":\"https:\\\/\\\/puhdasplus.ee\\\/lt\\\/\",\"name\":\"Puhdas+\",\"description\":\"Vitaminai, maisto papildai, nat\u016brali kosmetika, sveikata, sportas\",\"publisher\":{\"@id\":\"https:\\\/\\\/puhdasplus.ee\\\/lt\\\/#organization\"},\"potentialAction\":[{\"@type\":\"SearchAction\",\"target\":{\"@type\":\"EntryPoint\",\"urlTemplate\":\"https:\\\/\\\/puhdasplus.ee\\\/lt\\\/?s={search_term_string}\"},\"query-input\":{\"@type\":\"PropertyValueSpecification\",\"valueRequired\":true,\"valueName\":\"search_term_string\"}}],\"inLanguage\":\"lt-LT\"},{\"@type\":\"Organization\",\"@id\":\"https:\\\/\\\/puhdasplus.ee\\\/lt\\\/#organization\",\"name\":\"Puhdas+\",\"alternateName\":\"Puhdasplus\",\"url\":\"https:\\\/\\\/puhdasplus.ee\\\/lt\\\/\",\"logo\":{\"@type\":\"ImageObject\",\"inLanguage\":\"lt-LT\",\"@id\":\"https:\\\/\\\/puhdasplus.ee\\\/lt\\\/#\\\/schema\\\/logo\\\/image\\\/\",\"url\":\"https:\\\/\\\/puhdasplus.ee\\\/wp-content\\\/uploads\\\/2019\\\/10\\\/puhdas_logo-arvele.png\",\"contentUrl\":\"https:\\\/\\\/puhdasplus.ee\\\/wp-content\\\/uploads\\\/2019\\\/10\\\/puhdas_logo-arvele.png\",\"width\":114,\"height\":94,\"caption\":\"Puhdas+\"},\"image\":{\"@id\":\"https:\\\/\\\/puhdasplus.ee\\\/lt\\\/#\\\/schema\\\/logo\\\/image\\\/\"},\"sameAs\":[\"https:\\\/\\\/www.facebook.com\\\/puhdasplus\",\"https:\\\/\\\/www.instagram.com\\\/puhdasplus_ee\\\/\"]}]}<\/script>\n<!-- \/ Yoast SEO plugin. -->","yoast_head_json":{"title":"Kolagenas ir \u0161altalankis 120 kapsuli\u0173 | Puhdas+","description":"Nat\u016bralus kolageno ir \u0161altalanki\u0173 papildas palaiko odos elastingum\u0105, stiprina plaukus ir nagus, gerina s\u0105nari\u0173 judrum\u0105.","robots":{"index":"index","follow":"follow","max-snippet":"max-snippet:-1","max-image-preview":"max-image-preview:large","max-video-preview":"max-video-preview:-1"},"canonical":"https:\/\/puhdasplus.ee\/lt\/produktai\/oda-plaukai-nagai\/kolagenas\/kolageno-ir-saltalankiu-120-kapsuliu\/","og_locale":"lt_LT","og_type":"article","og_title":"Kolagenas ir \u0161altalankis 120 kapsuli\u0173 | Puhdas+","og_description":"Nat\u016bralus kolageno ir \u0161altalanki\u0173 papildas palaiko odos elastingum\u0105, stiprina plaukus ir nagus, gerina s\u0105nari\u0173 judrum\u0105.","og_url":"https:\/\/puhdasplus.ee\/lt\/produktai\/oda-plaukai-nagai\/kolagenas\/kolageno-ir-saltalankiu-120-kapsuliu\/","og_site_name":"Puhdas+","article_publisher":"https:\/\/www.facebook.com\/puhdasplus","article_modified_time":"2026-05-10T05:01:28+00:00","og_image":[{"width":1862,"height":2560,"url":"https:\/\/puhdasplus.ee\/wp-content\/uploads\/2025\/03\/194.jpg","type":"image\/jpeg"}],"twitter_card":"summary_large_image","twitter_misc":{"Est. reading time":"1 minut\u0117"},"schema":{"@context":"https:\/\/schema.org","@graph":[{"@type":"WebPage","@id":"https:\/\/puhdasplus.ee\/lt\/produktai\/oda-plaukai-nagai\/kolagenas\/kolageno-ir-saltalankiu-120-kapsuliu\/","url":"https:\/\/puhdasplus.ee\/lt\/produktai\/oda-plaukai-nagai\/kolagenas\/kolageno-ir-saltalankiu-120-kapsuliu\/","name":"Kolagenas ir \u0161altalankis 120 kapsuli\u0173 | Puhdas+","isPartOf":{"@id":"https:\/\/puhdasplus.ee\/lt\/#website"},"primaryImageOfPage":{"@id":"https:\/\/puhdasplus.ee\/lt\/produktai\/oda-plaukai-nagai\/kolagenas\/kolageno-ir-saltalankiu-120-kapsuliu\/#primaryimage"},"image":{"@id":"https:\/\/puhdasplus.ee\/lt\/produktai\/oda-plaukai-nagai\/kolagenas\/kolageno-ir-saltalankiu-120-kapsuliu\/#primaryimage"},"thumbnailUrl":"https:\/\/puhdasplus.ee\/wp-content\/uploads\/2025\/03\/194.jpg","datePublished":"2025-02-15T12:08:33+00:00","dateModified":"2026-05-10T05:01:28+00:00","description":"Nat\u016bralus kolageno ir \u0161altalanki\u0173 papildas palaiko odos elastingum\u0105, stiprina plaukus ir nagus, gerina s\u0105nari\u0173 judrum\u0105.","breadcrumb":{"@id":"https:\/\/puhdasplus.ee\/lt\/produktai\/oda-plaukai-nagai\/kolagenas\/kolageno-ir-saltalankiu-120-kapsuliu\/#breadcrumb"},"inLanguage":"lt-LT","potentialAction":[{"@type":"ReadAction","target":["https:\/\/puhdasplus.ee\/lt\/produktai\/oda-plaukai-nagai\/kolagenas\/kolageno-ir-saltalankiu-120-kapsuliu\/"]}]},{"@type":"ImageObject","inLanguage":"lt-LT","@id":"https:\/\/puhdasplus.ee\/lt\/produktai\/oda-plaukai-nagai\/kolagenas\/kolageno-ir-saltalankiu-120-kapsuliu\/#primaryimage","url":"https:\/\/puhdasplus.ee\/wp-content\/uploads\/2025\/03\/194.jpg","contentUrl":"https:\/\/puhdasplus.ee\/wp-content\/uploads\/2025\/03\/194.jpg","width":1862,"height":2560,"caption":"Kolagenas ir \u0161altalankis"},{"@type":"BreadcrumbList","@id":"https:\/\/puhdasplus.ee\/lt\/produktai\/oda-plaukai-nagai\/kolagenas\/kolageno-ir-saltalankiu-120-kapsuliu\/#breadcrumb","itemListElement":[{"@type":"ListItem","position":1,"name":"Prad\u017eia","item":"https:\/\/puhdasplus.ee\/lt\/"},{"@type":"ListItem","position":2,"name":"Produktai","item":"https:\/\/puhdasplus.ee\/lt\/parduotuve\/"},{"@type":"ListItem","position":3,"name":"Kolagenas ir \u0161altalankis 120 kapsuli\u0173"}]},{"@type":"WebSite","@id":"https:\/\/puhdasplus.ee\/lt\/#website","url":"https:\/\/puhdasplus.ee\/lt\/","name":"Puhdas+","description":"Vitaminai, maisto papildai, nat\u016brali kosmetika, sveikata, sportas","publisher":{"@id":"https:\/\/puhdasplus.ee\/lt\/#organization"},"potentialAction":[{"@type":"SearchAction","target":{"@type":"EntryPoint","urlTemplate":"https:\/\/puhdasplus.ee\/lt\/?s={search_term_string}"},"query-input":{"@type":"PropertyValueSpecification","valueRequired":true,"valueName":"search_term_string"}}],"inLanguage":"lt-LT"},{"@type":"Organization","@id":"https:\/\/puhdasplus.ee\/lt\/#organization","name":"Puhdas+","alternateName":"Puhdasplus","url":"https:\/\/puhdasplus.ee\/lt\/","logo":{"@type":"ImageObject","inLanguage":"lt-LT","@id":"https:\/\/puhdasplus.ee\/lt\/#\/schema\/logo\/image\/","url":"https:\/\/puhdasplus.ee\/wp-content\/uploads\/2019\/10\/puhdas_logo-arvele.png","contentUrl":"https:\/\/puhdasplus.ee\/wp-content\/uploads\/2019\/10\/puhdas_logo-arvele.png","width":114,"height":94,"caption":"Puhdas+"},"image":{"@id":"https:\/\/puhdasplus.ee\/lt\/#\/schema\/logo\/image\/"},"sameAs":["https:\/\/www.facebook.com\/puhdasplus","https:\/\/www.instagram.com\/puhdasplus_ee\/"]}]}},"_yoast_wpseo_title":"Kolagenas ir \u0161altalankis 120 kapsuli\u0173 | Puhdas+","_yoast_wpseo_metadesc":"Nat\u016bralus kolageno ir \u0161altalanki\u0173 papildas palaiko odos elastingum\u0105, stiprina plaukus ir nagus, gerina s\u0105nari\u0173 judrum\u0105.","_yoast_wpseo_focuskw":"","_links":{"self":[{"href":"https:\/\/puhdasplus.ee\/lt\/wp-json\/wp\/v2\/product\/34620","targetHints":{"allow":["GET"]}}],"collection":[{"href":"https:\/\/puhdasplus.ee\/lt\/wp-json\/wp\/v2\/product"}],"about":[{"href":"https:\/\/puhdasplus.ee\/lt\/wp-json\/wp\/v2\/types\/product"}],"replies":[{"embeddable":true,"href":"https:\/\/puhdasplus.ee\/lt\/wp-json\/wp\/v2\/comments?post=34620"}],"wp:featuredmedia":[{"embeddable":true,"href":"https:\/\/puhdasplus.ee\/lt\/wp-json\/wp\/v2\/media\/34627"}],"wp:attachment":[{"href":"https:\/\/puhdasplus.ee\/lt\/wp-json\/wp\/v2\/media?parent=34620"}],"wp:term":[{"taxonomy":"product_brand","embeddable":true,"href":"https:\/\/puhdasplus.ee\/lt\/wp-json\/wp\/v2\/product_brand?post=34620"},{"taxonomy":"product_cat","embeddable":true,"href":"https:\/\/puhdasplus.ee\/lt\/wp-json\/wp\/v2\/product_cat?post=34620"},{"taxonomy":"product_tag","embeddable":true,"href":"https:\/\/puhdasplus.ee\/lt\/wp-json\/wp\/v2\/product_tag?post=34620"}],"curies":[{"name":"wp","href":"https:\/\/api.w.org\/{rel}","templated":true}]}}