{"id":34611,"date":"2025-02-14T18:59:06","date_gmt":"2025-02-14T16:59:06","guid":{"rendered":"https:\/\/puhdasplus.ee\/tooted\/be-kategorijos\/obuoliu-ir-laimo-kombucia-330-ml\/"},"modified":"2026-04-07T19:54:41","modified_gmt":"2026-04-07T16:54:41","slug":"obuoliu-ir-laimo-kombucia-330-ml","status":"publish","type":"product","link":"https:\/\/puhdasplus.ee\/lt\/produktai\/gerimai\/kombuca\/obuoliu-ir-laimo-kombucia-330-ml\/","title":{"rendered":"Obuoli\u0173 ir laimo kombu\u010dia 330 ml"},"content":{"rendered":"<h2>Kas yra \u201ePuhdas+ Organic\u201c kombu\u010dia \u2013 obuoli\u0173 ir laimo skonio?<\/h2>\n<p><strong>\u201ePuhdas+ Organic Kombucha\u201c \u2013 obuoli\u0173 ir laimo skonio \u2013<\/strong> tai nat\u016braliai fermentuotas juodosios arbatos g\u0117rimas, pagamintas i\u0161 ekologi\u0161k\u0173 ingredient\u0173 ir praturtintas gyvomis pieno r\u016bg\u0161ties bakterijomis. Tai gaivinantis ir \u0161iek tiek r\u016bg\u0161tokas putojantis g\u0117rimas su tikr\u0173 ekologi\u0161k\u0173 obuoli\u0173 ir laimo skoniu. Kiekviename indelyje yra 5 milijardai gyv\u0173 bakterij\u0173, o g\u0117rimas rank\u0173 darbo, pagamintas Suomijoje. \u0160ioje kombu\u010dioje n\u0117ra dirbtini\u0173 konservant\u0173, saldikli\u0173 ar kit\u0173 nereikaling\u0173 pried\u0173.   <\/p>\n<h2>Kod\u0117l tai naudinga?<\/h2>\n<p><strong>Kombu\u010dia<\/strong> yra tradicinis fermentuotas g\u0117rimas, gaminamas fermentuojant juodosios arbatos ir cukraus tirpal\u0105, pasitelkiant kombu\u010dios kult\u016br\u0105. Fermentacijos proceso metu susidaro nat\u016bralios r\u016bg\u0161tys ir kiti junginiai, kurie suteikia g\u0117rimui b\u016bding\u0105 skon\u012f ir padaro j\u012f lengvai vir\u0161kinam\u0105. <\/p>\n<p>Produkte esan\u010dios <strong>pieno r\u016bg\u0161ties bakterijos (Lactobacillus paracasei ir Bacillus coagulans)<\/strong> yra nat\u016bralios \u017emogaus mikrobiomos dalis ir gali palaikyti bakterij\u0173 pusiausvyr\u0105 \u017earnyne. Kiekviename indelyje yra 5 milijardai gyv\u0173 bakterij\u0173. <\/p>\n<p>Be to, tai <strong>ekologi\u0161kas produktas<\/strong> , o tai rei\u0161kia, kad visi ingredientai yra i\u0161 kontroliuojam\u0173 ekologini\u0173 \u016bki\u0173 \u2013 tai u\u017etikrina grynum\u0105 ir artum\u0105 gamtai. G\u0117rimas tinka vir\u0161kinimui skatinti ir yra gaivinanti alternatyva limonadams bei dirbtinai saldintiems g\u0117rimams. <\/p>\n<ul>\n<li><strong>Pieno r\u016bg\u0161ties bakterijos<\/strong>: padeda palaikyti \u017earnyno mikrobiomos pusiausvyr\u0105.<\/li>\n<li><strong>Fermentuotas g\u0117rimas<\/strong>: tradicinis gamybos b\u016bdas, i\u0161ry\u0161kinantis nat\u016bral\u0173 skon\u012f.<\/li>\n<li><strong>Ekologi\u0161kos sudedamosios dalys<\/strong>: sud\u0117tyje yra tik i\u0161 ekologini\u0173 \u016bki\u0173 gaut\u0173 ingredient\u0173.<\/li>\n<li><strong>Be konservant\u0173<\/strong>: gaminyje n\u0117ra dirbtini\u0173 pried\u0173.<\/li>\n<\/ul>\n<h2>Ingredientai<\/h2>\n<p>Vanduo, burok\u0117li\u0173 cukrus*, juodoji arbata*, kombu\u010dios kult\u016bros*, obuoli\u0173 sultys*, laimo sultys*, pieno r\u016bg\u0161ties bakterijos (Lactobacillus paracasei, Bacillus coagulans), anglies dioksidas.<\/p>\n<p>(*ekologi\u0161kas)<\/p>\n<p>Visi pa\u017eym\u0117ti ingredientai yra i\u0161 ekologini\u0173 \u016bki\u0173, u\u017etikrinan\u010di\u0173 auk\u0161t\u0105 produkto kokyb\u0119 ir grynum\u0105. Produktas neturi dirbtini\u0173 pried\u0173 ar konservant\u0173, tinka veganams.<\/p>\n<h2>Maistin\u0117 informacija (100 g):<\/h2>\n<ul>\n<li>Energin\u0117 vert\u0117: 25 kcal \/ 104 kJ<\/li>\n<li>Riebalai: 0 g<\/li>\n<li>Angliavandeniai: 6,1 g\n<ul>\n<li>i\u0161 kuri\u0173 cukr\u0173: 5,6 g<\/li>\n<\/ul>\n<\/li>\n<li>Baltymai: 0 g<\/li>\n<li>Druska: 0 g<\/li>\n<\/ul>\n<p><strong>Alkoholio kiekis:<\/strong>&lt; 0,5%<\/p>\n<p><strong>Pakuot\u0117:<\/strong> 12 buteliuk\u0173 po 330 ml<\/p>\n<h2>Naudojimas<\/h2>\n<p>Geriausia valgyti \u0161alt\u0105. Prie\u0161 atidarant nekratykite. Laikyti v\u0117sioje, sausoje vietoje.<\/p>\n<p><strong>Taip pat \u017ei\u016br\u0117kite:<\/strong> <a href=\"https:\/\/puhdasplus.ee\/toote-kategooria\/joogid\/\">G\u0117rimai<\/a> | <a href=\"https:\/\/puhdasplus.ee\/toote-kategooria\/kombucha\/\">Kombu\u010dia<\/a> | <a href=\"https:\/\/puhdasplus.ee\/toote-kategooria\/superfood\/\">Supermaistas<\/a><\/p>\n","protected":false},"excerpt":{"rendered":"<p><strong>\u201ePuhdas+\u201c ekologi\u0161ka kombu\u010da \u2013 obuoli\u0173 ir laim\u0173 skonio<\/strong> yra rank\u0173 darbo, nat\u016braliai fermentuotas juodosios arbatos g\u0117rimas, apjungiantis tradicin\u0119 kombu\u010dos gamybos meistri\u0161kum\u0105, grynus ekologi\u0161kus ingredientus ir probiotin\u0119 param\u0105 \u0161iuolaikiniam \u017emogui. Tai ne tik gaivus g\u0117rimas, bet ir s\u0105moningam gyvenimo b\u016bdui tinkamas maisto papildas, kurio kiekvienoje skardin\u0117je yra 5 milijardai gyv\u0173j\u0173 pieno r\u016bg\u0161ties bakterij\u0173. <\/p>\n<p>\u0160i kombu\u010dia gaminama fermentuojant juod\u0105j\u0105 arbat\u0105 ir ekologi\u0161k\u0105 cukr\u0173 su specialia kombu\u010dios kult\u016bra. Fermentacijos proceso metu susidaro nat\u016bralios r\u016bg\u0161tys, fermentai ir kiti naudingi junginiai, kurie suteikia g\u0117rimui \u0161iek tiek r\u016bg\u0161t\u0173 skon\u012f ir palengvina vir\u0161kinim\u0105. Skonis subalansuotas \u0161vie\u017ei\u0173 obuoli\u0173 ir r\u016bg\u0161tel\u0117s laimo mi\u0161iniu \u2013 nei per saldus, nei per acto skonio.  <\/p>\n<p>Be fermentacijos produkt\u0173, g\u0117rime taip pat yra dvi i\u0161tirtos pieno r\u016bg\u0161ties bakterij\u0173 paderm\u0117s: <em>Lactobacillus paracasei<\/em> ir <em>Bacillus coagulans<\/em> . \u0160ios bakterijos yra nat\u016bralios \u017emogaus \u017earnyno mikrofloros dalis ir gali palaikyti vir\u0161kinamojo trakto mikrobiomo pusiausvyr\u0105, ypa\u010d situacijose, kai ji gali b\u016bti sutrikusi (pvz., stresas, nesveika mityba ar antibiotik\u0173 kursai). <\/p>\n<p>Produkte naudojamas vanduo, juodoji arbata, cukrus, obuoli\u0173 sultys ir laimo sultys yra i\u0161 ekologini\u0173 \u016bki\u0173. Kombu\u010dioje n\u0117ra dirbtini\u0173 saldikli\u0173, da\u017eikli\u0173, konservant\u0173 ar pried\u0173. Ji tinka veganams ir tiems, kurie nori vengti rafinuot\u0173 produkt\u0173 arba ie\u0161ko sveikos ir funkcionalios alternatyvos gaiviesiems g\u0117rimams.  <\/p>\n<p>\u0160i kombu\u010dia, kurios sud\u0117tyje yra gyv\u0173j\u0173 bakterij\u0173 kult\u016br\u0173, \u0161velnios formul\u0117s ir nat\u016bralaus skonio, yra puikus priedas kasdienei savijautai palaikyti \u2013 nesvarbu, ar tai susij\u0119 su vir\u0161kinimu, bendra pusiausvyra, ar tiesiog maloniu skonio poj\u016b\u010diu. Geriausia m\u0117gautis at\u0161aldyta! <\/p>\n","protected":false},"featured_media":34617,"comment_status":"closed","ping_status":"closed","template":"","meta":{"_acf_changed":false,"googlesitekit_rrm_CAow3eq7DA:productID":""},"product_brand":[],"product_cat":[5426,5427,3049],"product_tag":[3563,7882,8425,3131,8378,4883,8374,2967],"class_list":{"0":"post-34611","1":"product","2":"type-product","3":"status-publish","4":"has-post-thumbnail","6":"product_cat-gerimai","7":"product_cat-kombuca","8":"product_cat-specialus-pasiulymai","9":"product_tag-ekologiskas-lt","10":"product_tag-gerimai-tag","11":"product_tag-kombucia","12":"product_tag-maisto-papildas","13":"product_tag-natralus-lt","14":"product_tag-probiotikai","15":"product_tag-suomijos-kokyb-lt","16":"product_tag-veganas","18":"first","19":"instock","20":"sale","21":"taxable","22":"shipping-taxable","23":"purchasable","24":"product-type-variable","25":"has-default-attributes"},"acf":[],"yoast_head":"<!-- This site is optimized with the Yoast SEO plugin v27.3 - https:\/\/yoast.com\/product\/yoast-seo-wordpress\/ -->\n<title>Obuoli\u0173 ir \u017eali\u0173j\u0173 citrin\u0173 kombu\u010dia 330 ml | Puhdas+<\/title>\n<meta name=\"description\" content=\"Ekologi\u0161ka obuoli\u0173 ir \u017eali\u0173j\u0173 citrin\u0173 kombu\u010dia \u2013 fermentuotas arbatos g\u0117rimas su gyvosiomis kult\u016bromis. Gaivus ir vaisinio skonio g\u0117rimas. Ma\u017eai cukraus. 330 ml.\" \/>\n<meta name=\"robots\" content=\"index, follow, max-snippet:-1, max-image-preview:large, max-video-preview:-1\" \/>\n<link rel=\"canonical\" href=\"https:\/\/puhdasplus.ee\/lt\/produktai\/gerimai\/kombuca\/obuoliu-ir-laimo-kombucia-330-ml\/\" \/>\n<meta property=\"og:locale\" content=\"lt_LT\" \/>\n<meta property=\"og:type\" content=\"article\" \/>\n<meta property=\"og:title\" content=\"Obuoli\u0173 ir \u017eali\u0173j\u0173 citrin\u0173 kombu\u010dia 330 ml | Puhdas+\" \/>\n<meta property=\"og:description\" content=\"Ekologi\u0161ka obuoli\u0173 ir \u017eali\u0173j\u0173 citrin\u0173 kombu\u010dia \u2013 fermentuotas arbatos g\u0117rimas su gyvosiomis kult\u016bromis. Gaivus ir vaisinio skonio g\u0117rimas. Ma\u017eai cukraus. 330 ml.\" \/>\n<meta property=\"og:url\" content=\"https:\/\/puhdasplus.ee\/lt\/produktai\/gerimai\/kombuca\/obuoliu-ir-laimo-kombucia-330-ml\/\" \/>\n<meta property=\"og:site_name\" content=\"Puhdas+\" \/>\n<meta property=\"article:publisher\" content=\"https:\/\/www.facebook.com\/puhdasplus\" \/>\n<meta property=\"article:modified_time\" content=\"2026-04-07T16:54:41+00:00\" \/>\n<meta property=\"og:image\" content=\"https:\/\/puhdasplus.ee\/wp-content\/uploads\/2025\/03\/198.jpg\" \/>\n\t<meta property=\"og:image:width\" content=\"1862\" \/>\n\t<meta property=\"og:image:height\" content=\"2560\" \/>\n\t<meta property=\"og:image:type\" content=\"image\/jpeg\" \/>\n<meta name=\"twitter:card\" content=\"summary_large_image\" \/>\n<meta name=\"twitter:label1\" content=\"Est. reading time\" \/>\n\t<meta name=\"twitter:data1\" content=\"2 minut\u0117\" \/>\n<script type=\"application\/ld+json\" class=\"yoast-schema-graph\">{\"@context\":\"https:\\\/\\\/schema.org\",\"@graph\":[{\"@type\":\"WebPage\",\"@id\":\"https:\\\/\\\/puhdasplus.ee\\\/lt\\\/produktai\\\/gerimai\\\/kombuca\\\/obuoliu-ir-laimo-kombucia-330-ml\\\/\",\"url\":\"https:\\\/\\\/puhdasplus.ee\\\/lt\\\/produktai\\\/gerimai\\\/kombuca\\\/obuoliu-ir-laimo-kombucia-330-ml\\\/\",\"name\":\"Obuoli\u0173 ir \u017eali\u0173j\u0173 citrin\u0173 kombu\u010dia 330 ml | Puhdas+\",\"isPartOf\":{\"@id\":\"https:\\\/\\\/puhdasplus.ee\\\/lt\\\/#website\"},\"primaryImageOfPage\":{\"@id\":\"https:\\\/\\\/puhdasplus.ee\\\/lt\\\/produktai\\\/gerimai\\\/kombuca\\\/obuoliu-ir-laimo-kombucia-330-ml\\\/#primaryimage\"},\"image\":{\"@id\":\"https:\\\/\\\/puhdasplus.ee\\\/lt\\\/produktai\\\/gerimai\\\/kombuca\\\/obuoliu-ir-laimo-kombucia-330-ml\\\/#primaryimage\"},\"thumbnailUrl\":\"https:\\\/\\\/puhdasplus.ee\\\/wp-content\\\/uploads\\\/2025\\\/03\\\/198.jpg\",\"datePublished\":\"2025-02-14T16:59:06+00:00\",\"dateModified\":\"2026-04-07T16:54:41+00:00\",\"description\":\"Ekologi\u0161ka obuoli\u0173 ir \u017eali\u0173j\u0173 citrin\u0173 kombu\u010dia \u2013 fermentuotas arbatos g\u0117rimas su gyvosiomis kult\u016bromis. Gaivus ir vaisinio skonio g\u0117rimas. Ma\u017eai cukraus. 330 ml.\",\"breadcrumb\":{\"@id\":\"https:\\\/\\\/puhdasplus.ee\\\/lt\\\/produktai\\\/gerimai\\\/kombuca\\\/obuoliu-ir-laimo-kombucia-330-ml\\\/#breadcrumb\"},\"inLanguage\":\"lt-LT\",\"potentialAction\":[{\"@type\":\"ReadAction\",\"target\":[\"https:\\\/\\\/puhdasplus.ee\\\/lt\\\/produktai\\\/gerimai\\\/kombuca\\\/obuoliu-ir-laimo-kombucia-330-ml\\\/\"]}]},{\"@type\":\"ImageObject\",\"inLanguage\":\"lt-LT\",\"@id\":\"https:\\\/\\\/puhdasplus.ee\\\/lt\\\/produktai\\\/gerimai\\\/kombuca\\\/obuoliu-ir-laimo-kombucia-330-ml\\\/#primaryimage\",\"url\":\"https:\\\/\\\/puhdasplus.ee\\\/wp-content\\\/uploads\\\/2025\\\/03\\\/198.jpg\",\"contentUrl\":\"https:\\\/\\\/puhdasplus.ee\\\/wp-content\\\/uploads\\\/2025\\\/03\\\/198.jpg\",\"width\":1862,\"height\":2560,\"caption\":\"obuoli\u0173 kombu\u010dia\"},{\"@type\":\"BreadcrumbList\",\"@id\":\"https:\\\/\\\/puhdasplus.ee\\\/lt\\\/produktai\\\/gerimai\\\/kombuca\\\/obuoliu-ir-laimo-kombucia-330-ml\\\/#breadcrumb\",\"itemListElement\":[{\"@type\":\"ListItem\",\"position\":1,\"name\":\"Prad\u017eia\",\"item\":\"https:\\\/\\\/puhdasplus.ee\\\/lt\\\/\"},{\"@type\":\"ListItem\",\"position\":2,\"name\":\"Produktai\",\"item\":\"https:\\\/\\\/puhdasplus.ee\\\/lt\\\/parduotuve\\\/\"},{\"@type\":\"ListItem\",\"position\":3,\"name\":\"Obuoli\u0173 ir laimo kombu\u010dia 330 ml\"}]},{\"@type\":\"WebSite\",\"@id\":\"https:\\\/\\\/puhdasplus.ee\\\/lt\\\/#website\",\"url\":\"https:\\\/\\\/puhdasplus.ee\\\/lt\\\/\",\"name\":\"Puhdas+\",\"description\":\"Vitaminai, maisto papildai, nat\u016brali kosmetika, sveikata, sportas\",\"publisher\":{\"@id\":\"https:\\\/\\\/puhdasplus.ee\\\/lt\\\/#organization\"},\"potentialAction\":[{\"@type\":\"SearchAction\",\"target\":{\"@type\":\"EntryPoint\",\"urlTemplate\":\"https:\\\/\\\/puhdasplus.ee\\\/lt\\\/?s={search_term_string}\"},\"query-input\":{\"@type\":\"PropertyValueSpecification\",\"valueRequired\":true,\"valueName\":\"search_term_string\"}}],\"inLanguage\":\"lt-LT\"},{\"@type\":\"Organization\",\"@id\":\"https:\\\/\\\/puhdasplus.ee\\\/lt\\\/#organization\",\"name\":\"Puhdas+\",\"alternateName\":\"Puhdasplus\",\"url\":\"https:\\\/\\\/puhdasplus.ee\\\/lt\\\/\",\"logo\":{\"@type\":\"ImageObject\",\"inLanguage\":\"lt-LT\",\"@id\":\"https:\\\/\\\/puhdasplus.ee\\\/lt\\\/#\\\/schema\\\/logo\\\/image\\\/\",\"url\":\"https:\\\/\\\/puhdasplus.ee\\\/wp-content\\\/uploads\\\/2019\\\/10\\\/puhdas_logo-arvele.png\",\"contentUrl\":\"https:\\\/\\\/puhdasplus.ee\\\/wp-content\\\/uploads\\\/2019\\\/10\\\/puhdas_logo-arvele.png\",\"width\":114,\"height\":94,\"caption\":\"Puhdas+\"},\"image\":{\"@id\":\"https:\\\/\\\/puhdasplus.ee\\\/lt\\\/#\\\/schema\\\/logo\\\/image\\\/\"},\"sameAs\":[\"https:\\\/\\\/www.facebook.com\\\/puhdasplus\",\"https:\\\/\\\/www.instagram.com\\\/puhdasplus_ee\\\/\"]}]}<\/script>\n<!-- \/ Yoast SEO plugin. -->","yoast_head_json":{"title":"Obuoli\u0173 ir \u017eali\u0173j\u0173 citrin\u0173 kombu\u010dia 330 ml | Puhdas+","description":"Ekologi\u0161ka obuoli\u0173 ir \u017eali\u0173j\u0173 citrin\u0173 kombu\u010dia \u2013 fermentuotas arbatos g\u0117rimas su gyvosiomis kult\u016bromis. Gaivus ir vaisinio skonio g\u0117rimas. Ma\u017eai cukraus. 330 ml.","robots":{"index":"index","follow":"follow","max-snippet":"max-snippet:-1","max-image-preview":"max-image-preview:large","max-video-preview":"max-video-preview:-1"},"canonical":"https:\/\/puhdasplus.ee\/lt\/produktai\/gerimai\/kombuca\/obuoliu-ir-laimo-kombucia-330-ml\/","og_locale":"lt_LT","og_type":"article","og_title":"Obuoli\u0173 ir \u017eali\u0173j\u0173 citrin\u0173 kombu\u010dia 330 ml | Puhdas+","og_description":"Ekologi\u0161ka obuoli\u0173 ir \u017eali\u0173j\u0173 citrin\u0173 kombu\u010dia \u2013 fermentuotas arbatos g\u0117rimas su gyvosiomis kult\u016bromis. Gaivus ir vaisinio skonio g\u0117rimas. Ma\u017eai cukraus. 330 ml.","og_url":"https:\/\/puhdasplus.ee\/lt\/produktai\/gerimai\/kombuca\/obuoliu-ir-laimo-kombucia-330-ml\/","og_site_name":"Puhdas+","article_publisher":"https:\/\/www.facebook.com\/puhdasplus","article_modified_time":"2026-04-07T16:54:41+00:00","og_image":[{"width":1862,"height":2560,"url":"https:\/\/puhdasplus.ee\/wp-content\/uploads\/2025\/03\/198.jpg","type":"image\/jpeg"}],"twitter_card":"summary_large_image","twitter_misc":{"Est. reading time":"2 minut\u0117"},"schema":{"@context":"https:\/\/schema.org","@graph":[{"@type":"WebPage","@id":"https:\/\/puhdasplus.ee\/lt\/produktai\/gerimai\/kombuca\/obuoliu-ir-laimo-kombucia-330-ml\/","url":"https:\/\/puhdasplus.ee\/lt\/produktai\/gerimai\/kombuca\/obuoliu-ir-laimo-kombucia-330-ml\/","name":"Obuoli\u0173 ir \u017eali\u0173j\u0173 citrin\u0173 kombu\u010dia 330 ml | Puhdas+","isPartOf":{"@id":"https:\/\/puhdasplus.ee\/lt\/#website"},"primaryImageOfPage":{"@id":"https:\/\/puhdasplus.ee\/lt\/produktai\/gerimai\/kombuca\/obuoliu-ir-laimo-kombucia-330-ml\/#primaryimage"},"image":{"@id":"https:\/\/puhdasplus.ee\/lt\/produktai\/gerimai\/kombuca\/obuoliu-ir-laimo-kombucia-330-ml\/#primaryimage"},"thumbnailUrl":"https:\/\/puhdasplus.ee\/wp-content\/uploads\/2025\/03\/198.jpg","datePublished":"2025-02-14T16:59:06+00:00","dateModified":"2026-04-07T16:54:41+00:00","description":"Ekologi\u0161ka obuoli\u0173 ir \u017eali\u0173j\u0173 citrin\u0173 kombu\u010dia \u2013 fermentuotas arbatos g\u0117rimas su gyvosiomis kult\u016bromis. Gaivus ir vaisinio skonio g\u0117rimas. Ma\u017eai cukraus. 330 ml.","breadcrumb":{"@id":"https:\/\/puhdasplus.ee\/lt\/produktai\/gerimai\/kombuca\/obuoliu-ir-laimo-kombucia-330-ml\/#breadcrumb"},"inLanguage":"lt-LT","potentialAction":[{"@type":"ReadAction","target":["https:\/\/puhdasplus.ee\/lt\/produktai\/gerimai\/kombuca\/obuoliu-ir-laimo-kombucia-330-ml\/"]}]},{"@type":"ImageObject","inLanguage":"lt-LT","@id":"https:\/\/puhdasplus.ee\/lt\/produktai\/gerimai\/kombuca\/obuoliu-ir-laimo-kombucia-330-ml\/#primaryimage","url":"https:\/\/puhdasplus.ee\/wp-content\/uploads\/2025\/03\/198.jpg","contentUrl":"https:\/\/puhdasplus.ee\/wp-content\/uploads\/2025\/03\/198.jpg","width":1862,"height":2560,"caption":"obuoli\u0173 kombu\u010dia"},{"@type":"BreadcrumbList","@id":"https:\/\/puhdasplus.ee\/lt\/produktai\/gerimai\/kombuca\/obuoliu-ir-laimo-kombucia-330-ml\/#breadcrumb","itemListElement":[{"@type":"ListItem","position":1,"name":"Prad\u017eia","item":"https:\/\/puhdasplus.ee\/lt\/"},{"@type":"ListItem","position":2,"name":"Produktai","item":"https:\/\/puhdasplus.ee\/lt\/parduotuve\/"},{"@type":"ListItem","position":3,"name":"Obuoli\u0173 ir laimo kombu\u010dia 330 ml"}]},{"@type":"WebSite","@id":"https:\/\/puhdasplus.ee\/lt\/#website","url":"https:\/\/puhdasplus.ee\/lt\/","name":"Puhdas+","description":"Vitaminai, maisto papildai, nat\u016brali kosmetika, sveikata, sportas","publisher":{"@id":"https:\/\/puhdasplus.ee\/lt\/#organization"},"potentialAction":[{"@type":"SearchAction","target":{"@type":"EntryPoint","urlTemplate":"https:\/\/puhdasplus.ee\/lt\/?s={search_term_string}"},"query-input":{"@type":"PropertyValueSpecification","valueRequired":true,"valueName":"search_term_string"}}],"inLanguage":"lt-LT"},{"@type":"Organization","@id":"https:\/\/puhdasplus.ee\/lt\/#organization","name":"Puhdas+","alternateName":"Puhdasplus","url":"https:\/\/puhdasplus.ee\/lt\/","logo":{"@type":"ImageObject","inLanguage":"lt-LT","@id":"https:\/\/puhdasplus.ee\/lt\/#\/schema\/logo\/image\/","url":"https:\/\/puhdasplus.ee\/wp-content\/uploads\/2019\/10\/puhdas_logo-arvele.png","contentUrl":"https:\/\/puhdasplus.ee\/wp-content\/uploads\/2019\/10\/puhdas_logo-arvele.png","width":114,"height":94,"caption":"Puhdas+"},"image":{"@id":"https:\/\/puhdasplus.ee\/lt\/#\/schema\/logo\/image\/"},"sameAs":["https:\/\/www.facebook.com\/puhdasplus","https:\/\/www.instagram.com\/puhdasplus_ee\/"]}]}},"_yoast_wpseo_title":"Obuoli\u0173 ir \u017eali\u0173j\u0173 citrin\u0173 kombu\u010dia 330 ml | Puhdas+","_yoast_wpseo_metadesc":"Ekologi\u0161ka obuoli\u0173 ir \u017eali\u0173j\u0173 citrin\u0173 kombu\u010dia \u2013 fermentuotas arbatos g\u0117rimas su gyvosiomis kult\u016bromis. Gaivus ir vaisinio skonio g\u0117rimas. Ma\u017eai cukraus. 330 ml.","_yoast_wpseo_focuskw":"kombu\u010dia obuolys \u017ealioji citrina","_links":{"self":[{"href":"https:\/\/puhdasplus.ee\/lt\/wp-json\/wp\/v2\/product\/34611","targetHints":{"allow":["GET"]}}],"collection":[{"href":"https:\/\/puhdasplus.ee\/lt\/wp-json\/wp\/v2\/product"}],"about":[{"href":"https:\/\/puhdasplus.ee\/lt\/wp-json\/wp\/v2\/types\/product"}],"replies":[{"embeddable":true,"href":"https:\/\/puhdasplus.ee\/lt\/wp-json\/wp\/v2\/comments?post=34611"}],"wp:featuredmedia":[{"embeddable":true,"href":"https:\/\/puhdasplus.ee\/lt\/wp-json\/wp\/v2\/media\/34617"}],"wp:attachment":[{"href":"https:\/\/puhdasplus.ee\/lt\/wp-json\/wp\/v2\/media?parent=34611"}],"wp:term":[{"taxonomy":"product_brand","embeddable":true,"href":"https:\/\/puhdasplus.ee\/lt\/wp-json\/wp\/v2\/product_brand?post=34611"},{"taxonomy":"product_cat","embeddable":true,"href":"https:\/\/puhdasplus.ee\/lt\/wp-json\/wp\/v2\/product_cat?post=34611"},{"taxonomy":"product_tag","embeddable":true,"href":"https:\/\/puhdasplus.ee\/lt\/wp-json\/wp\/v2\/product_tag?post=34611"}],"curies":[{"name":"wp","href":"https:\/\/api.w.org\/{rel}","templated":true}]}}