{"id":34589,"date":"2025-02-14T18:55:58","date_gmt":"2025-02-14T16:55:58","guid":{"rendered":"https:\/\/puhdasplus.ee\/tooted\/be-kategorijos\/imbierinis-kombucia-330ml\/"},"modified":"2026-04-07T19:54:27","modified_gmt":"2026-04-07T16:54:27","slug":"imbierinis-kombucia-330ml","status":"publish","type":"product","link":"https:\/\/puhdasplus.ee\/lt\/produktai\/gerimai\/kombuca\/imbierinis-kombucia-330ml\/","title":{"rendered":"Imbierinis kombu\u010dia 330ml"},"content":{"rendered":"<h2>Kas yra \u201ePuhdas+ Kombucha Ginger\u201c?<\/h2>\n<p>\u0160i autenti\u0161ka suomi\u0161ka rank\u0173 darbo ekologi\u0161ka kombu\u010dia gaminama m\u016bs\u0173 pa\u010di\u0173 alaus darykloje. Kiekviename butelyje yra 5 milijardai gyv\u0173 pieno r\u016bg\u0161ties bakterij\u0173. <\/p>\n<h2>Kod\u0117l tai naudinga?<\/h2>\n<h4>1. Palaiko vir\u0161kinim\u0105 ir \u017earnyno mikroflor\u0105<\/h4>\n<p>Kombu\u010dioje yra nat\u016brali\u0173 probiotik\u0173, kurie padeda palaikyti \u017earnyno mikrofloros pusiausvyr\u0105 ir normali\u0105 vir\u0161kinimo funkcij\u0105.<\/p>\n<h4>2. Nat\u016bralios imbiero savyb\u0117s<\/h4>\n<p>Imbieras yra \u017einomas d\u0117l savo vir\u0161kinim\u0105 gerinan\u010di\u0173 ir prie\u0161u\u017edegimini\u0173 savybi\u0173. Tai gali pad\u0117ti palengvinti vir\u0161kinimo sutrikimus ir palaikyti imunin\u0119 sistem\u0105.<\/p>\n<h4>3. Ma\u017eai cukraus ir nat\u016braliai gazuotas<\/h4>\n<p>Kombu\u010dia yra ma\u017eai cukraus turintis g\u0117rimas, nat\u016braliai gazuotas fermentacijos proceso metu, tod\u0117l tai gaivinanti alternatyva saldiems gaiviesiems g\u0117rimams.<\/p>\n<h4>4. Organinis ir be pried\u0173<\/h4>\n<p>\u201ePuhdas+ Kombucha Ginger\u201c pagamintas i\u0161 ekologi\u0161k\u0173 ingredient\u0173 ir neturi dirbtini\u0173 pried\u0173, da\u017eikli\u0173 ar konservant\u0173.<\/p>\n<h2>Ingredientai<\/h2>\n<p>Vanduo, burok\u0117li\u0173 cukrus*, juodoji arbata*, kombu\u010dios kult\u016bros*, imbiero sultys*, pieno r\u016bg\u0161ties bakterijos (Lactobacillus paracasei, Bacillus coagulans), anglies dioksidas.<\/p>\n<p>(*ekologi\u0161kas)<\/p>\n<h2><strong>Maistin\u0117 informacija (100 g):<\/strong><\/h2>\n<ul>\n<li>Energin\u0117 vert\u0117: 24 kcal \/ 99 kJ<\/li>\n<li>Riebalai: 0 g<\/li>\n<li>Angliavandeniai: 5,8 g\n<ul>\n<li>i\u0161 kuri\u0173 cukr\u0173: 5,3 g<\/li>\n<\/ul>\n<\/li>\n<li>Baltymai: 0 g<\/li>\n<li>Druska: 0 g<\/li>\n<\/ul>\n<p><strong>Alkoholio kiekis:<\/strong>&lt; 0,5%<br \/>\n<strong>Pakuot\u0117:<\/strong> 12 buteliuk\u0173 po 330 ml<\/p>\n<h2>Naudojimas<\/h2>\n<p>M\u0117gaukit\u0117s at\u0161aldytu. Puikiai tinka kaip gaivinantis g\u0117rimas dienos metu arba kaip lengvas vir\u0161kinim\u0105 gerinantis g\u0117rimas po valgio.<\/p>\n<h2>Sand\u0117liavimas<\/h2>\n<p>Laikyti v\u0117sioje, sausoje vietoje. Atidarius laikyti \u0161aldytuve ir suvartoti per 2 dienas.<\/p>\n<p><strong>Taip pat \u017ei\u016br\u0117kite:<\/strong> <a href=\"https:\/\/puhdasplus.ee\/toote-kategooria\/joogid\/\">G\u0117rimai<\/a> | <a href=\"https:\/\/puhdasplus.ee\/toote-kategooria\/kombucha\/\">Kombu\u010dia<\/a> | <a href=\"https:\/\/puhdasplus.ee\/toote-kategooria\/superfood\/\">Supermaistas<\/a><\/p>\n","protected":false},"excerpt":{"rendered":"<p>\u201ePuhdas+ Kombucha Ginger\u201c \u2013 tai rank\u0173 darbo, ekologi\u0161kas g\u0117rimas, kuriame derinamos senovin\u0117s fermentuotos arbatos tradicijos su nat\u016bralia imbiero galia. Tai ne tik gaivusis g\u0117rimas \u2013 tai gyvas, nat\u016braliai fermentuotas g\u0117rimas, kuriame yra nauding\u0173 pieno r\u016bg\u0161ties bakterij\u0173 ir kuris skirtas vir\u0161kinimui bei bendrai savijautai palaikyti. Kiekviename buteliuke yra milijardai gyv\u0173 bakterij\u0173 kult\u016br\u0173, kurios gali pad\u0117ti subalansuoti \u017earnyno mikroflor\u0105 ir taip teigiamai paveikti imunitet\u0105 bei med\u017eiag\u0173 apykait\u0105.  <\/p>\n<p>Kombu\u010dia gaminama i\u0161 juodosios arbatos, ekologi\u0161ko cukraus, kombu\u010dios kult\u016bros (SCOBY), ekologi\u0161k\u0173 imbiero sul\u010di\u0173 ir yra praturtinta naudingomis pieno r\u016bg\u0161ties bakterijomis, tokiomis kaip <em>Lactobacillus paracasei<\/em> ir <em>Bacillus coagulans<\/em> . \u0160iame g\u0117rime n\u0117ra dirbtini\u0173 saldikli\u0173, da\u017eikli\u0173 ar konservant\u0173 \u2013 visi ingredientai yra nat\u016bral\u016bs ir ekologi\u0161ki. Fermentacijos procesas suteikia kombu\u010diai b\u016bding\u0105 lengv\u0105 putojim\u0105 ir \u0161iek tiek r\u016bg\u0161t\u0173 skon\u012f, kur\u012f subalansuoja \u0161ildantis imbiero a\u0161trumas.  <\/p>\n<p>Pats imbieras yra \u017einomas d\u0117l savo vir\u0161kinim\u0105 gerinan\u010di\u0173, prie\u0161u\u017edegimini\u0173 ir imunitet\u0105 stiprinan\u010di\u0173 savybi\u0173. Kartu su nat\u016braliais kombu\u010dios probiotikais \u0161ie du ingredientai sudaro galing\u0105 tandem\u0105, puikiai tinkant\u012f kasdienei vir\u0161kinimo palaikymui, nuovargio mal\u0161inimui ir bendram gyvybingumui. Be to, \u0161is g\u0117rimas yra puiki nat\u016brali alternatyva saldiems gazuotiems g\u0117rimams \u2013 jame ma\u017eai cukraus ir jis yra \u0161varios sud\u0117ties.  <\/p>\n<p>\u201ePuhdas+ Kombucha Ginger\u201c idealiai tinka tiems, kurie vertina nat\u016bral\u0173 gyvenimo b\u016bd\u0105, nori nat\u016braliai palaikyti savo sveikat\u0105 ir nori ka\u017eko daugiau nei tik tro\u0161kul\u012f mal\u0161inan\u010dio g\u0117rimo. Tai gaivus pasirinkimas pietums, u\u017ekand\u017eiui ar kaip atgaiva po sunkaus valgio. <\/p>\n<p>&nbsp;<\/p>\n","protected":false},"featured_media":34591,"comment_status":"closed","ping_status":"closed","template":"","meta":{"_acf_changed":false,"googlesitekit_rrm_CAow3eq7DA:productID":""},"product_brand":[],"product_cat":[5426,5427,3049],"product_tag":[3563,7882,8425,8378,4883,8374,2967],"class_list":{"0":"post-34589","1":"product","2":"type-product","3":"status-publish","4":"has-post-thumbnail","6":"product_cat-gerimai","7":"product_cat-kombuca","8":"product_cat-specialus-pasiulymai","9":"product_tag-ekologiskas-lt","10":"product_tag-gerimai-tag","11":"product_tag-kombucia","12":"product_tag-natralus-lt","13":"product_tag-probiotikai","14":"product_tag-suomijos-kokyb-lt","15":"product_tag-veganas","17":"first","18":"instock","19":"sale","20":"taxable","21":"shipping-taxable","22":"purchasable","23":"product-type-variable","24":"has-default-attributes"},"acf":[],"yoast_head":"<!-- This site is optimized with the Yoast SEO plugin v27.4 - https:\/\/yoast.com\/product\/yoast-seo-wordpress\/ -->\n<title>Imbierin\u0117 kombu\u010dia 330 ml | Puhdas+<\/title>\n<meta name=\"description\" content=\"Ekologi\u0161ka imbierin\u0117 kombu\u010dia \u2013 fermentuotas arbatos g\u0117rimas su gyvosiomis kult\u016bromis. Gaivus imbiero skonio g\u0117rimas. Ma\u017eai cukraus. 330 ml.\" \/>\n<meta name=\"robots\" content=\"index, follow, max-snippet:-1, max-image-preview:large, max-video-preview:-1\" \/>\n<link rel=\"canonical\" href=\"https:\/\/puhdasplus.ee\/lt\/produktai\/gerimai\/kombuca\/imbierinis-kombucia-330ml\/\" \/>\n<meta property=\"og:locale\" content=\"lt_LT\" \/>\n<meta property=\"og:type\" content=\"article\" \/>\n<meta property=\"og:title\" content=\"Imbierin\u0117 kombu\u010dia 330 ml | Puhdas+\" \/>\n<meta property=\"og:description\" content=\"Ekologi\u0161ka imbierin\u0117 kombu\u010dia \u2013 fermentuotas arbatos g\u0117rimas su gyvosiomis kult\u016bromis. Gaivus imbiero skonio g\u0117rimas. Ma\u017eai cukraus. 330 ml.\" \/>\n<meta property=\"og:url\" content=\"https:\/\/puhdasplus.ee\/lt\/produktai\/gerimai\/kombuca\/imbierinis-kombucia-330ml\/\" \/>\n<meta property=\"og:site_name\" content=\"Puhdas+\" \/>\n<meta property=\"article:publisher\" content=\"https:\/\/www.facebook.com\/puhdasplus\" \/>\n<meta property=\"article:modified_time\" content=\"2026-04-07T16:54:27+00:00\" \/>\n<meta property=\"og:image\" content=\"https:\/\/puhdasplus.ee\/wp-content\/uploads\/2025\/03\/199.jpg\" \/>\n\t<meta property=\"og:image:width\" content=\"1862\" \/>\n\t<meta property=\"og:image:height\" content=\"2560\" \/>\n\t<meta property=\"og:image:type\" content=\"image\/jpeg\" \/>\n<meta name=\"twitter:card\" content=\"summary_large_image\" \/>\n<meta name=\"twitter:label1\" content=\"Est. reading time\" \/>\n\t<meta name=\"twitter:data1\" content=\"1 minut\u0117\" \/>\n<script type=\"application\/ld+json\" class=\"yoast-schema-graph\">{\"@context\":\"https:\\\/\\\/schema.org\",\"@graph\":[{\"@type\":\"WebPage\",\"@id\":\"https:\\\/\\\/puhdasplus.ee\\\/lt\\\/produktai\\\/gerimai\\\/kombuca\\\/imbierinis-kombucia-330ml\\\/\",\"url\":\"https:\\\/\\\/puhdasplus.ee\\\/lt\\\/produktai\\\/gerimai\\\/kombuca\\\/imbierinis-kombucia-330ml\\\/\",\"name\":\"Imbierin\u0117 kombu\u010dia 330 ml | Puhdas+\",\"isPartOf\":{\"@id\":\"https:\\\/\\\/puhdasplus.ee\\\/lt\\\/#website\"},\"primaryImageOfPage\":{\"@id\":\"https:\\\/\\\/puhdasplus.ee\\\/lt\\\/produktai\\\/gerimai\\\/kombuca\\\/imbierinis-kombucia-330ml\\\/#primaryimage\"},\"image\":{\"@id\":\"https:\\\/\\\/puhdasplus.ee\\\/lt\\\/produktai\\\/gerimai\\\/kombuca\\\/imbierinis-kombucia-330ml\\\/#primaryimage\"},\"thumbnailUrl\":\"https:\\\/\\\/puhdasplus.ee\\\/wp-content\\\/uploads\\\/2025\\\/03\\\/199.jpg\",\"datePublished\":\"2025-02-14T16:55:58+00:00\",\"dateModified\":\"2026-04-07T16:54:27+00:00\",\"description\":\"Ekologi\u0161ka imbierin\u0117 kombu\u010dia \u2013 fermentuotas arbatos g\u0117rimas su gyvosiomis kult\u016bromis. Gaivus imbiero skonio g\u0117rimas. Ma\u017eai cukraus. 330 ml.\",\"breadcrumb\":{\"@id\":\"https:\\\/\\\/puhdasplus.ee\\\/lt\\\/produktai\\\/gerimai\\\/kombuca\\\/imbierinis-kombucia-330ml\\\/#breadcrumb\"},\"inLanguage\":\"lt-LT\",\"potentialAction\":[{\"@type\":\"ReadAction\",\"target\":[\"https:\\\/\\\/puhdasplus.ee\\\/lt\\\/produktai\\\/gerimai\\\/kombuca\\\/imbierinis-kombucia-330ml\\\/\"]}]},{\"@type\":\"ImageObject\",\"inLanguage\":\"lt-LT\",\"@id\":\"https:\\\/\\\/puhdasplus.ee\\\/lt\\\/produktai\\\/gerimai\\\/kombuca\\\/imbierinis-kombucia-330ml\\\/#primaryimage\",\"url\":\"https:\\\/\\\/puhdasplus.ee\\\/wp-content\\\/uploads\\\/2025\\\/03\\\/199.jpg\",\"contentUrl\":\"https:\\\/\\\/puhdasplus.ee\\\/wp-content\\\/uploads\\\/2025\\\/03\\\/199.jpg\",\"width\":1862,\"height\":2560,\"caption\":\"imbiero kombu\u010dia\"},{\"@type\":\"BreadcrumbList\",\"@id\":\"https:\\\/\\\/puhdasplus.ee\\\/lt\\\/produktai\\\/gerimai\\\/kombuca\\\/imbierinis-kombucia-330ml\\\/#breadcrumb\",\"itemListElement\":[{\"@type\":\"ListItem\",\"position\":1,\"name\":\"Prad\u017eia\",\"item\":\"https:\\\/\\\/puhdasplus.ee\\\/lt\\\/\"},{\"@type\":\"ListItem\",\"position\":2,\"name\":\"Produktai\",\"item\":\"https:\\\/\\\/puhdasplus.ee\\\/lt\\\/parduotuve\\\/\"},{\"@type\":\"ListItem\",\"position\":3,\"name\":\"Imbierinis kombu\u010dia 330ml\"}]},{\"@type\":\"WebSite\",\"@id\":\"https:\\\/\\\/puhdasplus.ee\\\/lt\\\/#website\",\"url\":\"https:\\\/\\\/puhdasplus.ee\\\/lt\\\/\",\"name\":\"Puhdas+\",\"description\":\"Vitaminai, maisto papildai, nat\u016brali kosmetika, sveikata, sportas\",\"publisher\":{\"@id\":\"https:\\\/\\\/puhdasplus.ee\\\/lt\\\/#organization\"},\"potentialAction\":[{\"@type\":\"SearchAction\",\"target\":{\"@type\":\"EntryPoint\",\"urlTemplate\":\"https:\\\/\\\/puhdasplus.ee\\\/lt\\\/?s={search_term_string}\"},\"query-input\":{\"@type\":\"PropertyValueSpecification\",\"valueRequired\":true,\"valueName\":\"search_term_string\"}}],\"inLanguage\":\"lt-LT\"},{\"@type\":\"Organization\",\"@id\":\"https:\\\/\\\/puhdasplus.ee\\\/lt\\\/#organization\",\"name\":\"Puhdas+\",\"alternateName\":\"Puhdasplus\",\"url\":\"https:\\\/\\\/puhdasplus.ee\\\/lt\\\/\",\"logo\":{\"@type\":\"ImageObject\",\"inLanguage\":\"lt-LT\",\"@id\":\"https:\\\/\\\/puhdasplus.ee\\\/lt\\\/#\\\/schema\\\/logo\\\/image\\\/\",\"url\":\"https:\\\/\\\/puhdasplus.ee\\\/wp-content\\\/uploads\\\/2019\\\/10\\\/puhdas_logo-arvele.png\",\"contentUrl\":\"https:\\\/\\\/puhdasplus.ee\\\/wp-content\\\/uploads\\\/2019\\\/10\\\/puhdas_logo-arvele.png\",\"width\":114,\"height\":94,\"caption\":\"Puhdas+\"},\"image\":{\"@id\":\"https:\\\/\\\/puhdasplus.ee\\\/lt\\\/#\\\/schema\\\/logo\\\/image\\\/\"},\"sameAs\":[\"https:\\\/\\\/www.facebook.com\\\/puhdasplus\",\"https:\\\/\\\/www.instagram.com\\\/puhdasplus_ee\\\/\"]}]}<\/script>\n<!-- \/ Yoast SEO plugin. -->","yoast_head_json":{"title":"Imbierin\u0117 kombu\u010dia 330 ml | Puhdas+","description":"Ekologi\u0161ka imbierin\u0117 kombu\u010dia \u2013 fermentuotas arbatos g\u0117rimas su gyvosiomis kult\u016bromis. Gaivus imbiero skonio g\u0117rimas. Ma\u017eai cukraus. 330 ml.","robots":{"index":"index","follow":"follow","max-snippet":"max-snippet:-1","max-image-preview":"max-image-preview:large","max-video-preview":"max-video-preview:-1"},"canonical":"https:\/\/puhdasplus.ee\/lt\/produktai\/gerimai\/kombuca\/imbierinis-kombucia-330ml\/","og_locale":"lt_LT","og_type":"article","og_title":"Imbierin\u0117 kombu\u010dia 330 ml | Puhdas+","og_description":"Ekologi\u0161ka imbierin\u0117 kombu\u010dia \u2013 fermentuotas arbatos g\u0117rimas su gyvosiomis kult\u016bromis. Gaivus imbiero skonio g\u0117rimas. Ma\u017eai cukraus. 330 ml.","og_url":"https:\/\/puhdasplus.ee\/lt\/produktai\/gerimai\/kombuca\/imbierinis-kombucia-330ml\/","og_site_name":"Puhdas+","article_publisher":"https:\/\/www.facebook.com\/puhdasplus","article_modified_time":"2026-04-07T16:54:27+00:00","og_image":[{"width":1862,"height":2560,"url":"https:\/\/puhdasplus.ee\/wp-content\/uploads\/2025\/03\/199.jpg","type":"image\/jpeg"}],"twitter_card":"summary_large_image","twitter_misc":{"Est. reading time":"1 minut\u0117"},"schema":{"@context":"https:\/\/schema.org","@graph":[{"@type":"WebPage","@id":"https:\/\/puhdasplus.ee\/lt\/produktai\/gerimai\/kombuca\/imbierinis-kombucia-330ml\/","url":"https:\/\/puhdasplus.ee\/lt\/produktai\/gerimai\/kombuca\/imbierinis-kombucia-330ml\/","name":"Imbierin\u0117 kombu\u010dia 330 ml | Puhdas+","isPartOf":{"@id":"https:\/\/puhdasplus.ee\/lt\/#website"},"primaryImageOfPage":{"@id":"https:\/\/puhdasplus.ee\/lt\/produktai\/gerimai\/kombuca\/imbierinis-kombucia-330ml\/#primaryimage"},"image":{"@id":"https:\/\/puhdasplus.ee\/lt\/produktai\/gerimai\/kombuca\/imbierinis-kombucia-330ml\/#primaryimage"},"thumbnailUrl":"https:\/\/puhdasplus.ee\/wp-content\/uploads\/2025\/03\/199.jpg","datePublished":"2025-02-14T16:55:58+00:00","dateModified":"2026-04-07T16:54:27+00:00","description":"Ekologi\u0161ka imbierin\u0117 kombu\u010dia \u2013 fermentuotas arbatos g\u0117rimas su gyvosiomis kult\u016bromis. Gaivus imbiero skonio g\u0117rimas. Ma\u017eai cukraus. 330 ml.","breadcrumb":{"@id":"https:\/\/puhdasplus.ee\/lt\/produktai\/gerimai\/kombuca\/imbierinis-kombucia-330ml\/#breadcrumb"},"inLanguage":"lt-LT","potentialAction":[{"@type":"ReadAction","target":["https:\/\/puhdasplus.ee\/lt\/produktai\/gerimai\/kombuca\/imbierinis-kombucia-330ml\/"]}]},{"@type":"ImageObject","inLanguage":"lt-LT","@id":"https:\/\/puhdasplus.ee\/lt\/produktai\/gerimai\/kombuca\/imbierinis-kombucia-330ml\/#primaryimage","url":"https:\/\/puhdasplus.ee\/wp-content\/uploads\/2025\/03\/199.jpg","contentUrl":"https:\/\/puhdasplus.ee\/wp-content\/uploads\/2025\/03\/199.jpg","width":1862,"height":2560,"caption":"imbiero kombu\u010dia"},{"@type":"BreadcrumbList","@id":"https:\/\/puhdasplus.ee\/lt\/produktai\/gerimai\/kombuca\/imbierinis-kombucia-330ml\/#breadcrumb","itemListElement":[{"@type":"ListItem","position":1,"name":"Prad\u017eia","item":"https:\/\/puhdasplus.ee\/lt\/"},{"@type":"ListItem","position":2,"name":"Produktai","item":"https:\/\/puhdasplus.ee\/lt\/parduotuve\/"},{"@type":"ListItem","position":3,"name":"Imbierinis kombu\u010dia 330ml"}]},{"@type":"WebSite","@id":"https:\/\/puhdasplus.ee\/lt\/#website","url":"https:\/\/puhdasplus.ee\/lt\/","name":"Puhdas+","description":"Vitaminai, maisto papildai, nat\u016brali kosmetika, sveikata, sportas","publisher":{"@id":"https:\/\/puhdasplus.ee\/lt\/#organization"},"potentialAction":[{"@type":"SearchAction","target":{"@type":"EntryPoint","urlTemplate":"https:\/\/puhdasplus.ee\/lt\/?s={search_term_string}"},"query-input":{"@type":"PropertyValueSpecification","valueRequired":true,"valueName":"search_term_string"}}],"inLanguage":"lt-LT"},{"@type":"Organization","@id":"https:\/\/puhdasplus.ee\/lt\/#organization","name":"Puhdas+","alternateName":"Puhdasplus","url":"https:\/\/puhdasplus.ee\/lt\/","logo":{"@type":"ImageObject","inLanguage":"lt-LT","@id":"https:\/\/puhdasplus.ee\/lt\/#\/schema\/logo\/image\/","url":"https:\/\/puhdasplus.ee\/wp-content\/uploads\/2019\/10\/puhdas_logo-arvele.png","contentUrl":"https:\/\/puhdasplus.ee\/wp-content\/uploads\/2019\/10\/puhdas_logo-arvele.png","width":114,"height":94,"caption":"Puhdas+"},"image":{"@id":"https:\/\/puhdasplus.ee\/lt\/#\/schema\/logo\/image\/"},"sameAs":["https:\/\/www.facebook.com\/puhdasplus","https:\/\/www.instagram.com\/puhdasplus_ee\/"]}]}},"_yoast_wpseo_title":"Imbierin\u0117 kombu\u010dia 330 ml | Puhdas+","_yoast_wpseo_metadesc":"Ekologi\u0161ka imbierin\u0117 kombu\u010dia \u2013 fermentuotas arbatos g\u0117rimas su gyvosiomis kult\u016bromis. Gaivus imbiero skonio g\u0117rimas. Ma\u017eai cukraus. 330 ml.","_yoast_wpseo_focuskw":"kombu\u010dia imbieras","_links":{"self":[{"href":"https:\/\/puhdasplus.ee\/lt\/wp-json\/wp\/v2\/product\/34589","targetHints":{"allow":["GET"]}}],"collection":[{"href":"https:\/\/puhdasplus.ee\/lt\/wp-json\/wp\/v2\/product"}],"about":[{"href":"https:\/\/puhdasplus.ee\/lt\/wp-json\/wp\/v2\/types\/product"}],"replies":[{"embeddable":true,"href":"https:\/\/puhdasplus.ee\/lt\/wp-json\/wp\/v2\/comments?post=34589"}],"wp:featuredmedia":[{"embeddable":true,"href":"https:\/\/puhdasplus.ee\/lt\/wp-json\/wp\/v2\/media\/34591"}],"wp:attachment":[{"href":"https:\/\/puhdasplus.ee\/lt\/wp-json\/wp\/v2\/media?parent=34589"}],"wp:term":[{"taxonomy":"product_brand","embeddable":true,"href":"https:\/\/puhdasplus.ee\/lt\/wp-json\/wp\/v2\/product_brand?post=34589"},{"taxonomy":"product_cat","embeddable":true,"href":"https:\/\/puhdasplus.ee\/lt\/wp-json\/wp\/v2\/product_cat?post=34589"},{"taxonomy":"product_tag","embeddable":true,"href":"https:\/\/puhdasplus.ee\/lt\/wp-json\/wp\/v2\/product_tag?post=34589"}],"curies":[{"name":"wp","href":"https:\/\/api.w.org\/{rel}","templated":true}]}}