{"id":34580,"date":"2025-02-14T13:53:24","date_gmt":"2025-02-14T11:53:24","guid":{"rendered":"https:\/\/puhdasplus.ee\/tooted\/be-kategorijos\/naktinis-magnis-120-kapsuliu\/"},"modified":"2026-04-07T19:59:05","modified_gmt":"2026-04-07T16:59:05","slug":"naktinis-magnis-120-kapsuliu","status":"publish","type":"product","link":"https:\/\/puhdasplus.ee\/lt\/produktai\/mineralai\/magnis\/naktinis-magnis-120-kapsuliu\/","title":{"rendered":"Naktinis magnis 120 kapsuli\u0173"},"content":{"rendered":"<h2>Kod\u0117l naktinis magnis?<\/h2>\n<h3>Neram\u016bs miegas ir \u012ftempti raumenys?<\/h3>\n<p>Dienos pabaigoje raumenys \u012ftempti ir mintys nerimsta. Magnis prisideda prie <strong>normalios raumen\u0173 veiklos<\/strong> ir palaiko normali\u0105 <strong>psichologin\u0119 funkcij\u0105<\/strong> \u2014 tod\u0117l daugelis renkasi j\u012f vartoti vakare.<\/p>\n<h3>Kod\u0117l magnio bisglicin\u0101tas?<\/h3>\n<p>\u0160is produktas turi <strong>magnio bisglicinat\u0105<\/strong> \u2014 magnio form\u0105, kurioje mineralas sujungtas su amino r\u016bg\u0161timi glicinu. \u0160i forma gerai \u012fsisavinama ir <strong>nekaitina vir\u0161kinimo<\/strong>. Bisglicin\u0101tas ypa\u010d populiarus pasirinkimas vakariniam vartojimui.<\/p>\n<h3>K\u0105 magnis veikia organizme?<\/h3>\n<ul>\n<li>Prisideda prie <strong>normalios raumen\u0173 veiklos<\/strong> \u2014 \u012fskaitant atsipalaidavim\u0105<\/li>\n<li>Palaiko normali\u0105 <strong>psichologin\u0119 funkcij\u0105<\/strong><\/li>\n<li>Palaiko <strong>normali\u0105 nerv\u0173 sistemos veikl\u0105<\/strong><\/li>\n<li>Padeda <strong>ma\u017einti nuovarg\u012f ir silpnum\u0105<\/strong><\/li>\n<li>Prisideda prie normalios <strong>energijos apykaitos<\/strong><\/li>\n<\/ul>\n<h2>Kam tinka ir kaip vartoti?<\/h2>\n<h3>Kam skirtas \u0161is produktas?<\/h3>\n<ul>\n<li>Jei norite palaikyti naktin\u012f <strong>raumen\u0173 atsipalaidavim\u0105<\/strong><\/li>\n<li>Jei dienos pabaigoje jau\u010diat\u0117s <strong>\u012ftempti ir pavarg\u0119<\/strong><\/li>\n<li>Jei ie\u0161kote magnio formos, kuri <strong>nekaitina vir\u0161kinimo<\/strong><\/li>\n<li>Visiems, norintiems s\u0105moningai <strong>papildyti magnio atsargas<\/strong><\/li>\n<\/ul>\n<p>Neturi laktoz\u0117s, gliuteno, mieli\u0173, sojos ar dirbtini\u0173 pried\u0173. Tinka veganams. Pagaminta Suomijoje. Jei teikiate pirmenyb\u0119 milteliams \u017ei\u016br\u0117kite <a href=\"\/toode\/magneesiumglutsinaat-200-g\/\">magnio bisglicin\u0101to miltelius<\/a>. Universalesnei sud\u0117\u010diai \u017ei\u016br\u0117kite <a href=\"\/toode\/quattro-magneesium\/\">Quattro Magn\u012f<\/a>.<\/p>\n<h3>Sud\u0117tis ir maistin\u0117 vert\u0117<\/h3>\n<p><strong>Sud\u0117tis:<\/strong> magnio bisglicin\u0101tas, kapsul\u0117s apvalkalas (hidroksipropilmetilceliulioz\u0117), u\u017epildas (mikrokristalin\u0117 celiulioz\u0117).<\/p>\n<h4>Maistin\u0117 vert\u0117 dviejose kapsul\u0117se (paros doz\u0117)<\/h4>\n<table>\n<thead>\n<tr>\n<th>Maistin\u0117 med\u017eiaga<\/th>\n<th>Kiekis<\/th>\n<th>% paros normos<\/th>\n<\/tr>\n<\/thead>\n<tbody>\n<tr>\n<td>Magnis<\/td>\n<td>300 mg<\/td>\n<td>80%<\/td>\n<\/tr>\n<\/tbody>\n<\/table>\n<h3>Kaip vartoti?<\/h3>\n<p>Vartoti 2 kapsules vakare prie\u0161 mieg\u0105 su vandeniu. Rekomenduojamos paros doz\u0117s vir\u0161yti negalima. Maisto papildas nepakei\u010dia \u012fvairios ir subalansuotos mitybos ar sveikos gyvensenos. Laikyti vaikams nepasiekiamoje vietoje. Pakuot\u0117je 120 kapsuli\u0173.<\/p>\n<h2>Da\u017eniausiai u\u017eduodami klausimai<\/h2>\n<h3>Kuo skiriasi Naktinis magnis nuo Quattro magnio?<\/h3>\n<p>Naktinis magnis turi tik magnio bisglicinat\u0105 \u2014 ypa\u010d \u0161velnus vir\u0161kinimui ir populiarus pasirinkimas vakariniam vartojimui. <a href=\"\/toode\/quattro-magneesium\/\">Quattro magnis<\/a> turi keturias skirtingas formas ir tinka universalesniam kasdieniam vartojimui.<\/p>\n<h3>Ar magnis padeda geriau miegoti?<\/h3>\n<p>Magnis prisideda prie normalios raumen\u0173 veiklos ir palaiko normali\u0105 psichologin\u0119 funkcij\u0105, kas gali pad\u0117ti vakare atsipalaiduoti.<\/p>\n<h3>Ar galima vartoti kartu su kitais papildais?<\/h3>\n<p>Taip. Gerai derinasi su <a href=\"\/toode\/d3-vitamiin-50-%c2%b5g\/\">vitaminu D<\/a> ir <a href=\"\/toode\/ashwagandha-bioperine\/\">a\u0161vaganda<\/a>.<\/p>\n<p><strong>\u017di\u016br\u0117ti taip pat:<\/strong> <a href=\"https:\/\/puhdasplus.ee\/toote-kategooria\/magneesium\/\">Magnis<\/a> | <a href=\"https:\/\/puhdasplus.ee\/toote-kategooria\/stress-uni\/\">Stress ja Uni<\/a><\/p>\n","protected":false},"excerpt":{"rendered":"<p><strong>Puhdas+ Naktinis Magnis<\/strong> yra auk\u0161tos kokyb\u0117s magnio papildas, turintis gerai \u012fsisavinam\u0105 magnio bisglicinat\u0105 \u2014 magnio form\u0105, kurioje mineralas sujungtas su amino r\u016bg\u0161timi glicinu. \u0160i kombinacija u\u017etikrina organizmui draugi\u0161k\u0105 \u012fsisavinim\u0105 ir tinka kasdieniam naudojimui.<\/p>\n<p>Magnis padeda suma\u017einti nuovarg\u012f ir i\u0161sekim\u0105, palaiko normali\u0105 raumen\u0173 ir nerv\u0173 sistemos veikl\u0105 bei prisideda prie normalios energijos apykaitos. D\u0117ka bisglicinate formos, produktas puikiai tinka tiems, kurie renkasi \u0161veln\u0173 ir efektyv\u0173 magnio \u0161altin\u012f.<\/p>\n<p>Produkto sud\u0117tis 100% gryna \u2014 neturi dirbtini\u0173 pried\u0173, gliuteno, laktoz\u0117s ar saldikli\u0173 \u2014 taip pat tinka veganams. Paprastas ir patikimas b\u016bdas palaikyti organizmo mineral\u0173 pusiausvyr\u0105.<\/p>\n","protected":false},"featured_media":34582,"comment_status":"closed","ping_status":"closed","template":"","meta":{"_acf_changed":false,"googlesitekit_rrm_CAow3eq7DA:productID":""},"product_brand":[],"product_cat":[3265],"product_tag":[8350,3127,3131,7898,8366,2967],"class_list":{"0":"post-34580","1":"product","2":"type-product","3":"status-publish","4":"has-post-thumbnail","6":"product_cat-magnis","7":"product_tag-be-laktozs-lt","8":"product_tag-magnis","9":"product_tag-maisto-papildas","10":"product_tag-miegas-ir-atsipalaidavimas","11":"product_tag-mineralai-lt","12":"product_tag-veganas","14":"first","15":"instock","16":"taxable","17":"shipping-taxable","18":"purchasable","19":"product-type-simple"},"acf":[],"yoast_head":"<!-- This site is optimized with the Yoast SEO plugin v27.3 - https:\/\/yoast.com\/product\/yoast-seo-wordpress\/ -->\n<title>Naktinis magnis 120 kapsuli\u0173 | Puhdas+<\/title>\n<meta name=\"description\" content=\"Naktinis magnis (120 kapsuli\u0173) \u2013 lengvai \u012fsisavinamas magnio glicinatas raumen\u0173 ir nerv\u0173 sistemos palaikymui. Vegani\u0161kas, be pried\u0173 ir tinka skrand\u017eiui. U\u017esisakykite dabar!\" \/>\n<meta name=\"robots\" content=\"index, follow, max-snippet:-1, max-image-preview:large, max-video-preview:-1\" \/>\n<link rel=\"canonical\" href=\"https:\/\/puhdasplus.ee\/lt\/produktai\/mineralai\/magnis\/naktinis-magnis-120-kapsuliu\/\" \/>\n<meta property=\"og:locale\" content=\"lt_LT\" \/>\n<meta property=\"og:type\" content=\"article\" \/>\n<meta property=\"og:title\" content=\"Naktinis magnis 120 kapsuli\u0173 | Puhdas+\" \/>\n<meta property=\"og:description\" content=\"Naktinis magnis (120 kapsuli\u0173) \u2013 lengvai \u012fsisavinamas magnio glicinatas raumen\u0173 ir nerv\u0173 sistemos palaikymui. Vegani\u0161kas, be pried\u0173 ir tinka skrand\u017eiui. U\u017esisakykite dabar!\" \/>\n<meta property=\"og:url\" content=\"https:\/\/puhdasplus.ee\/lt\/produktai\/mineralai\/magnis\/naktinis-magnis-120-kapsuliu\/\" \/>\n<meta property=\"og:site_name\" content=\"Puhdas+\" \/>\n<meta property=\"article:publisher\" content=\"https:\/\/www.facebook.com\/puhdasplus\" \/>\n<meta property=\"article:modified_time\" content=\"2026-04-07T16:59:05+00:00\" \/>\n<meta property=\"og:image\" content=\"https:\/\/puhdasplus.ee\/wp-content\/uploads\/2025\/03\/195.jpg\" \/>\n\t<meta property=\"og:image:width\" content=\"1862\" \/>\n\t<meta property=\"og:image:height\" content=\"2560\" \/>\n\t<meta property=\"og:image:type\" content=\"image\/jpeg\" \/>\n<meta name=\"twitter:card\" content=\"summary_large_image\" \/>\n<meta name=\"twitter:label1\" content=\"Est. reading time\" \/>\n\t<meta name=\"twitter:data1\" content=\"2 minut\u0117\" \/>\n<script type=\"application\/ld+json\" class=\"yoast-schema-graph\">{\"@context\":\"https:\\\/\\\/schema.org\",\"@graph\":[{\"@type\":\"WebPage\",\"@id\":\"https:\\\/\\\/puhdasplus.ee\\\/lt\\\/produktai\\\/mineralai\\\/magnis\\\/naktinis-magnis-120-kapsuliu\\\/\",\"url\":\"https:\\\/\\\/puhdasplus.ee\\\/lt\\\/produktai\\\/mineralai\\\/magnis\\\/naktinis-magnis-120-kapsuliu\\\/\",\"name\":\"Naktinis magnis 120 kapsuli\u0173 | Puhdas+\",\"isPartOf\":{\"@id\":\"https:\\\/\\\/puhdasplus.ee\\\/lt\\\/#website\"},\"primaryImageOfPage\":{\"@id\":\"https:\\\/\\\/puhdasplus.ee\\\/lt\\\/produktai\\\/mineralai\\\/magnis\\\/naktinis-magnis-120-kapsuliu\\\/#primaryimage\"},\"image\":{\"@id\":\"https:\\\/\\\/puhdasplus.ee\\\/lt\\\/produktai\\\/mineralai\\\/magnis\\\/naktinis-magnis-120-kapsuliu\\\/#primaryimage\"},\"thumbnailUrl\":\"https:\\\/\\\/puhdasplus.ee\\\/wp-content\\\/uploads\\\/2025\\\/03\\\/195.jpg\",\"datePublished\":\"2025-02-14T11:53:24+00:00\",\"dateModified\":\"2026-04-07T16:59:05+00:00\",\"description\":\"Naktinis magnis (120 kapsuli\u0173) \u2013 lengvai \u012fsisavinamas magnio glicinatas raumen\u0173 ir nerv\u0173 sistemos palaikymui. Vegani\u0161kas, be pried\u0173 ir tinka skrand\u017eiui. U\u017esisakykite dabar!\",\"breadcrumb\":{\"@id\":\"https:\\\/\\\/puhdasplus.ee\\\/lt\\\/produktai\\\/mineralai\\\/magnis\\\/naktinis-magnis-120-kapsuliu\\\/#breadcrumb\"},\"inLanguage\":\"lt-LT\",\"potentialAction\":[{\"@type\":\"ReadAction\",\"target\":[\"https:\\\/\\\/puhdasplus.ee\\\/lt\\\/produktai\\\/mineralai\\\/magnis\\\/naktinis-magnis-120-kapsuliu\\\/\"]}]},{\"@type\":\"ImageObject\",\"inLanguage\":\"lt-LT\",\"@id\":\"https:\\\/\\\/puhdasplus.ee\\\/lt\\\/produktai\\\/mineralai\\\/magnis\\\/naktinis-magnis-120-kapsuliu\\\/#primaryimage\",\"url\":\"https:\\\/\\\/puhdasplus.ee\\\/wp-content\\\/uploads\\\/2025\\\/03\\\/195.jpg\",\"contentUrl\":\"https:\\\/\\\/puhdasplus.ee\\\/wp-content\\\/uploads\\\/2025\\\/03\\\/195.jpg\",\"width\":1862,\"height\":2560,\"caption\":\"g\u0117li\u0173 magnis\"},{\"@type\":\"BreadcrumbList\",\"@id\":\"https:\\\/\\\/puhdasplus.ee\\\/lt\\\/produktai\\\/mineralai\\\/magnis\\\/naktinis-magnis-120-kapsuliu\\\/#breadcrumb\",\"itemListElement\":[{\"@type\":\"ListItem\",\"position\":1,\"name\":\"Prad\u017eia\",\"item\":\"https:\\\/\\\/puhdasplus.ee\\\/lt\\\/\"},{\"@type\":\"ListItem\",\"position\":2,\"name\":\"Produktai\",\"item\":\"https:\\\/\\\/puhdasplus.ee\\\/lt\\\/parduotuve\\\/\"},{\"@type\":\"ListItem\",\"position\":3,\"name\":\"Naktinis magnis 120 kapsuli\u0173\"}]},{\"@type\":\"WebSite\",\"@id\":\"https:\\\/\\\/puhdasplus.ee\\\/lt\\\/#website\",\"url\":\"https:\\\/\\\/puhdasplus.ee\\\/lt\\\/\",\"name\":\"Puhdas+\",\"description\":\"Vitaminai, maisto papildai, nat\u016brali kosmetika, sveikata, sportas\",\"publisher\":{\"@id\":\"https:\\\/\\\/puhdasplus.ee\\\/lt\\\/#organization\"},\"potentialAction\":[{\"@type\":\"SearchAction\",\"target\":{\"@type\":\"EntryPoint\",\"urlTemplate\":\"https:\\\/\\\/puhdasplus.ee\\\/lt\\\/?s={search_term_string}\"},\"query-input\":{\"@type\":\"PropertyValueSpecification\",\"valueRequired\":true,\"valueName\":\"search_term_string\"}}],\"inLanguage\":\"lt-LT\"},{\"@type\":\"Organization\",\"@id\":\"https:\\\/\\\/puhdasplus.ee\\\/lt\\\/#organization\",\"name\":\"Puhdas+\",\"alternateName\":\"Puhdasplus\",\"url\":\"https:\\\/\\\/puhdasplus.ee\\\/lt\\\/\",\"logo\":{\"@type\":\"ImageObject\",\"inLanguage\":\"lt-LT\",\"@id\":\"https:\\\/\\\/puhdasplus.ee\\\/lt\\\/#\\\/schema\\\/logo\\\/image\\\/\",\"url\":\"https:\\\/\\\/puhdasplus.ee\\\/wp-content\\\/uploads\\\/2019\\\/10\\\/puhdas_logo-arvele.png\",\"contentUrl\":\"https:\\\/\\\/puhdasplus.ee\\\/wp-content\\\/uploads\\\/2019\\\/10\\\/puhdas_logo-arvele.png\",\"width\":114,\"height\":94,\"caption\":\"Puhdas+\"},\"image\":{\"@id\":\"https:\\\/\\\/puhdasplus.ee\\\/lt\\\/#\\\/schema\\\/logo\\\/image\\\/\"},\"sameAs\":[\"https:\\\/\\\/www.facebook.com\\\/puhdasplus\",\"https:\\\/\\\/www.instagram.com\\\/puhdasplus_ee\\\/\"]}]}<\/script>\n<!-- \/ Yoast SEO plugin. -->","yoast_head_json":{"title":"Naktinis magnis 120 kapsuli\u0173 | Puhdas+","description":"Naktinis magnis (120 kapsuli\u0173) \u2013 lengvai \u012fsisavinamas magnio glicinatas raumen\u0173 ir nerv\u0173 sistemos palaikymui. Vegani\u0161kas, be pried\u0173 ir tinka skrand\u017eiui. U\u017esisakykite dabar!","robots":{"index":"index","follow":"follow","max-snippet":"max-snippet:-1","max-image-preview":"max-image-preview:large","max-video-preview":"max-video-preview:-1"},"canonical":"https:\/\/puhdasplus.ee\/lt\/produktai\/mineralai\/magnis\/naktinis-magnis-120-kapsuliu\/","og_locale":"lt_LT","og_type":"article","og_title":"Naktinis magnis 120 kapsuli\u0173 | Puhdas+","og_description":"Naktinis magnis (120 kapsuli\u0173) \u2013 lengvai \u012fsisavinamas magnio glicinatas raumen\u0173 ir nerv\u0173 sistemos palaikymui. Vegani\u0161kas, be pried\u0173 ir tinka skrand\u017eiui. U\u017esisakykite dabar!","og_url":"https:\/\/puhdasplus.ee\/lt\/produktai\/mineralai\/magnis\/naktinis-magnis-120-kapsuliu\/","og_site_name":"Puhdas+","article_publisher":"https:\/\/www.facebook.com\/puhdasplus","article_modified_time":"2026-04-07T16:59:05+00:00","og_image":[{"width":1862,"height":2560,"url":"https:\/\/puhdasplus.ee\/wp-content\/uploads\/2025\/03\/195.jpg","type":"image\/jpeg"}],"twitter_card":"summary_large_image","twitter_misc":{"Est. reading time":"2 minut\u0117"},"schema":{"@context":"https:\/\/schema.org","@graph":[{"@type":"WebPage","@id":"https:\/\/puhdasplus.ee\/lt\/produktai\/mineralai\/magnis\/naktinis-magnis-120-kapsuliu\/","url":"https:\/\/puhdasplus.ee\/lt\/produktai\/mineralai\/magnis\/naktinis-magnis-120-kapsuliu\/","name":"Naktinis magnis 120 kapsuli\u0173 | Puhdas+","isPartOf":{"@id":"https:\/\/puhdasplus.ee\/lt\/#website"},"primaryImageOfPage":{"@id":"https:\/\/puhdasplus.ee\/lt\/produktai\/mineralai\/magnis\/naktinis-magnis-120-kapsuliu\/#primaryimage"},"image":{"@id":"https:\/\/puhdasplus.ee\/lt\/produktai\/mineralai\/magnis\/naktinis-magnis-120-kapsuliu\/#primaryimage"},"thumbnailUrl":"https:\/\/puhdasplus.ee\/wp-content\/uploads\/2025\/03\/195.jpg","datePublished":"2025-02-14T11:53:24+00:00","dateModified":"2026-04-07T16:59:05+00:00","description":"Naktinis magnis (120 kapsuli\u0173) \u2013 lengvai \u012fsisavinamas magnio glicinatas raumen\u0173 ir nerv\u0173 sistemos palaikymui. Vegani\u0161kas, be pried\u0173 ir tinka skrand\u017eiui. U\u017esisakykite dabar!","breadcrumb":{"@id":"https:\/\/puhdasplus.ee\/lt\/produktai\/mineralai\/magnis\/naktinis-magnis-120-kapsuliu\/#breadcrumb"},"inLanguage":"lt-LT","potentialAction":[{"@type":"ReadAction","target":["https:\/\/puhdasplus.ee\/lt\/produktai\/mineralai\/magnis\/naktinis-magnis-120-kapsuliu\/"]}]},{"@type":"ImageObject","inLanguage":"lt-LT","@id":"https:\/\/puhdasplus.ee\/lt\/produktai\/mineralai\/magnis\/naktinis-magnis-120-kapsuliu\/#primaryimage","url":"https:\/\/puhdasplus.ee\/wp-content\/uploads\/2025\/03\/195.jpg","contentUrl":"https:\/\/puhdasplus.ee\/wp-content\/uploads\/2025\/03\/195.jpg","width":1862,"height":2560,"caption":"g\u0117li\u0173 magnis"},{"@type":"BreadcrumbList","@id":"https:\/\/puhdasplus.ee\/lt\/produktai\/mineralai\/magnis\/naktinis-magnis-120-kapsuliu\/#breadcrumb","itemListElement":[{"@type":"ListItem","position":1,"name":"Prad\u017eia","item":"https:\/\/puhdasplus.ee\/lt\/"},{"@type":"ListItem","position":2,"name":"Produktai","item":"https:\/\/puhdasplus.ee\/lt\/parduotuve\/"},{"@type":"ListItem","position":3,"name":"Naktinis magnis 120 kapsuli\u0173"}]},{"@type":"WebSite","@id":"https:\/\/puhdasplus.ee\/lt\/#website","url":"https:\/\/puhdasplus.ee\/lt\/","name":"Puhdas+","description":"Vitaminai, maisto papildai, nat\u016brali kosmetika, sveikata, sportas","publisher":{"@id":"https:\/\/puhdasplus.ee\/lt\/#organization"},"potentialAction":[{"@type":"SearchAction","target":{"@type":"EntryPoint","urlTemplate":"https:\/\/puhdasplus.ee\/lt\/?s={search_term_string}"},"query-input":{"@type":"PropertyValueSpecification","valueRequired":true,"valueName":"search_term_string"}}],"inLanguage":"lt-LT"},{"@type":"Organization","@id":"https:\/\/puhdasplus.ee\/lt\/#organization","name":"Puhdas+","alternateName":"Puhdasplus","url":"https:\/\/puhdasplus.ee\/lt\/","logo":{"@type":"ImageObject","inLanguage":"lt-LT","@id":"https:\/\/puhdasplus.ee\/lt\/#\/schema\/logo\/image\/","url":"https:\/\/puhdasplus.ee\/wp-content\/uploads\/2019\/10\/puhdas_logo-arvele.png","contentUrl":"https:\/\/puhdasplus.ee\/wp-content\/uploads\/2019\/10\/puhdas_logo-arvele.png","width":114,"height":94,"caption":"Puhdas+"},"image":{"@id":"https:\/\/puhdasplus.ee\/lt\/#\/schema\/logo\/image\/"},"sameAs":["https:\/\/www.facebook.com\/puhdasplus","https:\/\/www.instagram.com\/puhdasplus_ee\/"]}]}},"_yoast_wpseo_title":"Naktinis magnis 120 kapsuli\u0173 | Puhdas+","_yoast_wpseo_metadesc":"Naktinis magnis (120 kapsuli\u0173) \u2013 lengvai \u012fsisavinamas magnio glicinatas raumen\u0173 ir nerv\u0173 sistemos palaikymui. Vegani\u0161kas, be pried\u0173 ir tinka skrand\u017eiui. U\u017esisakykite dabar!","_yoast_wpseo_focuskw":"","_links":{"self":[{"href":"https:\/\/puhdasplus.ee\/lt\/wp-json\/wp\/v2\/product\/34580","targetHints":{"allow":["GET"]}}],"collection":[{"href":"https:\/\/puhdasplus.ee\/lt\/wp-json\/wp\/v2\/product"}],"about":[{"href":"https:\/\/puhdasplus.ee\/lt\/wp-json\/wp\/v2\/types\/product"}],"replies":[{"embeddable":true,"href":"https:\/\/puhdasplus.ee\/lt\/wp-json\/wp\/v2\/comments?post=34580"}],"wp:featuredmedia":[{"embeddable":true,"href":"https:\/\/puhdasplus.ee\/lt\/wp-json\/wp\/v2\/media\/34582"}],"wp:attachment":[{"href":"https:\/\/puhdasplus.ee\/lt\/wp-json\/wp\/v2\/media?parent=34580"}],"wp:term":[{"taxonomy":"product_brand","embeddable":true,"href":"https:\/\/puhdasplus.ee\/lt\/wp-json\/wp\/v2\/product_brand?post=34580"},{"taxonomy":"product_cat","embeddable":true,"href":"https:\/\/puhdasplus.ee\/lt\/wp-json\/wp\/v2\/product_cat?post=34580"},{"taxonomy":"product_tag","embeddable":true,"href":"https:\/\/puhdasplus.ee\/lt\/wp-json\/wp\/v2\/product_tag?post=34580"}],"curies":[{"name":"wp","href":"https:\/\/api.w.org\/{rel}","templated":true}]}}