{"id":34571,"date":"2025-02-14T18:55:16","date_gmt":"2025-02-14T16:55:16","guid":{"rendered":"https:\/\/puhdasplus.ee\/tooted\/be-kategorijos\/laukiniu-melyniu-kombucia-330-ml\/"},"modified":"2026-04-07T19:54:20","modified_gmt":"2026-04-07T16:54:20","slug":"laukiniu-melyniu-kombucia-330-ml","status":"publish","type":"product","link":"https:\/\/puhdasplus.ee\/lt\/produktai\/gerimai\/kombuca\/laukiniu-melyniu-kombucia-330-ml\/","title":{"rendered":"Laukini\u0173 m\u0117lyni\u0173 kombu\u010dia 330 ml"},"content":{"rendered":"<h2>Kas yra \u201ePuhdas+\u201c laukini\u0173 m\u0117lyni\u0173 kombu\u010dia?<\/h2>\n<p><strong>\u0160i autenti\u0161ka, Suomijoje rankomis pagaminta ekologi\u0161ka kombu\u010dia yra i\u0161virta m\u016bs\u0173 pa\u010di\u0173 darykloje.<\/strong><br \/>\nG\u0117rimo kiekviename buteliuke yra <strong>5 milijardai gyv\u0173j\u0173 pieno r\u016bg\u0161ties bakterij\u0173<\/strong>.<\/p>\n<p>Kombu\u010dia yra nat\u016braliai gazuota \u2013 burbuliukai susidaro nat\u016bralaus fermentacijos proceso metu, o ne dirbtinai \u012fpilto anglies dioksido. Lengvas g\u0117rimo r\u016bg\u0161tumas ir uog\u0173 gaivumas paver\u010dia j\u012f maloniu u\u017ekand\u017eiu, vir\u0161kinim\u0105 gerinan\u010dia priemone po valgio arba sveika alternatyva \u012fprastiems gaiviesiems g\u0117rimams. <\/p>\n<h2>Kod\u0117l \u201ePuhdas+ Wild Blueberry kombucha\u201c naudinga?<\/h2>\n<p><strong>Palaiko \u017earnyno mikrobiom\u0105<\/strong><br \/>\nSud\u0117tyje yra gyv\u0173j\u0173 pieno r\u016bg\u0161ties bakterij\u0173 \u2013 <em>Lactobacillus paracasei<\/em> ir <em>Bacillus coagulans<\/em> \u2013, kurios palaiko vir\u0161kinamojo trakto mikrofloros pusiausvyr\u0105 ir gali teigiamai veikti vir\u0161kinim\u0105 bei imunitet\u0105.<\/p>\n<p><strong>Nat\u016brali m\u0117lyni\u0173 galia<\/strong><br \/>\nMi\u0161ko m\u0117lyn\u0117s gars\u0117ja dideliu antioksidant\u0173 kiekiu. \u0160ie nat\u016bral\u016bs junginiai padeda apsaugoti organizmo l\u0105steles nuo oksidacinio streso ir palaiko bendr\u0105 atsparum\u0105 bei savijaut\u0105.<\/p>\n<p><strong>100 % ekologi\u0161ka ir \u0161vari sud\u0117tis<\/strong><br \/>\nVisos sudedamosios dalys yra i\u0161 ekologini\u0173 \u016bki\u0173. G\u0117rimuose n\u0117ra dirbtini\u0173 saldikli\u0173, da\u017eikli\u0173 ar konservant\u0173. Taip pat tinka s\u0105moningam vartotojui, vertinan\u010diam \u0161var\u0105 ir ekologi\u0161kum\u0105.<\/p>\n<p><strong>Ma\u017eai cukraus ir gaivu<\/strong><br \/>\nLengvai r\u016bg\u0161toka, nat\u016braliai gazuota ir turinti ma\u017eai cukraus \u2013 idealus pasirinkimas tiems, kurie nori ko nors skanaus, bet nesaldaus.<\/p>\n<h3>Ingredientai<\/h3>\n<p><strong>Sudedamosios dalys:<\/strong><br \/>\nvanduo, burok\u0117li\u0173 cukrus*, juodoji arbata*, kombu\u010dios kult\u016bra*, m\u0117lyni\u0173 sultys*, pieno r\u016bg\u0161ties bakterijos (Lactobacillus paracasei, Bacillus coagulans), anglies dioksidas.<\/p>\n<p>(*ekologi\u0161kas)<\/p>\n<h3>Maistin\u0117 informacija (100 g):<\/h3>\n<ul>\n<li>Energin\u0117 vert\u0117: 23 kcal \/ 95 kJ<\/li>\n<li>Riebalai: 0 g<\/li>\n<li>Angliavandeniai: 5,6 g\n<ul>\n<li>i\u0161 kuri\u0173 cukr\u0173: 5,2 g<\/li>\n<\/ul>\n<\/li>\n<li>Baltymai: 0 g<\/li>\n<li>Druska: 0 g<\/li>\n<\/ul>\n<p><strong>Alkoholio kiekis:<\/strong>&lt; 0,5%<\/p>\n<p><strong>Pakuot\u0117:<\/strong> 12 buteliuk\u0173 po 330 ml<\/p>\n<h2>Naudojimas ir saugojimas<\/h2>\n<p>M\u0117gaukit\u0117s at\u0161aldytu. Idealiai tinka lengvam u\u017ekand\u017eiui, vir\u0161kinimui palaikyti po valgio arba tiesiog atsigaivinti.<br \/>\nAtidarius laikyti \u0161aldytuve ir suvartoti per 2 dienas. <\/p>\n<p><strong>Taip pat \u017ei\u016br\u0117kite:<\/strong> <a href=\"https:\/\/puhdasplus.ee\/toote-kategooria\/joogid\/\">G\u0117rimai<\/a> | <a href=\"https:\/\/puhdasplus.ee\/toote-kategooria\/kombucha\/\">Kombu\u010dia<\/a> | <a href=\"https:\/\/puhdasplus.ee\/toote-kategooria\/superfood\/\">Supermaistas<\/a><\/p>\n","protected":false},"excerpt":{"rendered":"<p>\u201ePuhdas+ Wild Blueberry Kombucha\u201c \u2013 tai auk\u0161tos kokyb\u0117s, ekologi\u0161kai u\u017eauginta fermentuota arbata, kurioje derinamas tradicin\u0117s kombu\u010dios privalumas ir tikr\u0173 laukini\u0173 m\u0117lyni\u0173 gaivumas. Tai nat\u016braliai fermentuotas g\u0117rimas, pagamintas i\u0161 juodosios arbatos, ekologi\u0161ko cukraus ir gyvosios kult\u016bros (SCOBY), kuri suteikia lengv\u0105 r\u016bg\u0161tum\u0105, nat\u016brali\u0105 gazuot\u0105 sud\u0117t\u012f ir bioaktyvi\u0105 sud\u0117t\u012f. <\/p>\n<p>Kiekviename buteliuke yra gyv\u0173 pieno r\u016bg\u0161ties bakterij\u0173 \u2013 <em>Lactobacillus paracasei<\/em> ir <em>Bacillus coagulans<\/em> \u2013 kurios palaiko subalansuot\u0105 \u017earnyno mikrobiom\u0105. Reguliarus probiotini\u0173 bakterij\u0173 vartojimas gali prisid\u0117ti prie normalios vir\u0161kinimo funkcijos, pagerinti maistini\u0173 med\u017eiag\u0173 \u012fsisavinim\u0105 ir bendr\u0105 savijaut\u0105. Kombu\u010dia taip pat \u017einoma d\u0117l savo \u0161velni\u0173 vir\u0161kinim\u0105 gerinan\u010di\u0173 savybi\u0173, tod\u0117l puikiai tinka vartoti po valgio.  <\/p>\n<p>Papildoma g\u0117rimo vert\u0117 \u2013 ekologi\u0161kos m\u0117lyni\u0173 sultys, kurios suteikia kombu\u010diai nat\u016brali\u0105 spalv\u0105, malon\u0173 uog\u0173 skon\u012f ir papildo antioksidacin\u012f poveik\u012f. Laukin\u0117s m\u0117lyn\u0117s nat\u016braliai gausios antocianin\u0173 \u2013 bioaktyvi\u0173j\u0173 jungini\u0173, kurie padeda apsaugoti organizmo l\u0105steles nuo oksidacinio streso ir palaiko normali\u0105 aki\u0173, odos ir kraujagysli\u0173 funkcij\u0105. <\/p>\n","protected":false},"featured_media":34574,"comment_status":"closed","ping_status":"closed","template":"","meta":{"_acf_changed":false,"googlesitekit_rrm_CAow3eq7DA:productID":""},"product_brand":[],"product_cat":[5426,5427,3049],"product_tag":[3563,7882,8425,8378,4883,8374,2967],"class_list":{"0":"post-34571","1":"product","2":"type-product","3":"status-publish","4":"has-post-thumbnail","6":"product_cat-gerimai","7":"product_cat-kombuca","8":"product_cat-specialus-pasiulymai","9":"product_tag-ekologiskas-lt","10":"product_tag-gerimai-tag","11":"product_tag-kombucia","12":"product_tag-natralus-lt","13":"product_tag-probiotikai","14":"product_tag-suomijos-kokyb-lt","15":"product_tag-veganas","17":"first","18":"instock","19":"sale","20":"taxable","21":"shipping-taxable","22":"purchasable","23":"product-type-variable","24":"has-default-attributes"},"acf":[],"yoast_head":"<!-- This site is optimized with the Yoast SEO plugin v27.3 - https:\/\/yoast.com\/product\/yoast-seo-wordpress\/ -->\n<title>Mi\u0161ko m\u0117lyni\u0173 kombu\u010dia 330 ml | Puhdas+<\/title>\n<meta name=\"description\" content=\"Ekologi\u0161ka mi\u0161ko m\u0117lyni\u0173 kombu\u010dia \u2013 fermentuotas arbatos g\u0117rimas su gyvosiomis kult\u016bromis. Nat\u016bralus, ma\u017eai cukraus, i\u0161pilstytas neapdorotas. 330 ml.\" \/>\n<meta name=\"robots\" content=\"index, follow, max-snippet:-1, max-image-preview:large, max-video-preview:-1\" \/>\n<link rel=\"canonical\" href=\"https:\/\/puhdasplus.ee\/lt\/produktai\/gerimai\/kombuca\/laukiniu-melyniu-kombucia-330-ml\/\" \/>\n<meta property=\"og:locale\" content=\"lt_LT\" \/>\n<meta property=\"og:type\" content=\"article\" \/>\n<meta property=\"og:title\" content=\"Mi\u0161ko m\u0117lyni\u0173 kombu\u010dia 330 ml | Puhdas+\" \/>\n<meta property=\"og:description\" content=\"Ekologi\u0161ka mi\u0161ko m\u0117lyni\u0173 kombu\u010dia \u2013 fermentuotas arbatos g\u0117rimas su gyvosiomis kult\u016bromis. Nat\u016bralus, ma\u017eai cukraus, i\u0161pilstytas neapdorotas. 330 ml.\" \/>\n<meta property=\"og:url\" content=\"https:\/\/puhdasplus.ee\/lt\/produktai\/gerimai\/kombuca\/laukiniu-melyniu-kombucia-330-ml\/\" \/>\n<meta property=\"og:site_name\" content=\"Puhdas+\" \/>\n<meta property=\"article:publisher\" content=\"https:\/\/www.facebook.com\/puhdasplus\" \/>\n<meta property=\"article:modified_time\" content=\"2026-04-07T16:54:20+00:00\" \/>\n<meta property=\"og:image\" content=\"https:\/\/puhdasplus.ee\/wp-content\/uploads\/2025\/03\/201.jpg\" \/>\n\t<meta property=\"og:image:width\" content=\"1862\" \/>\n\t<meta property=\"og:image:height\" content=\"2560\" \/>\n\t<meta property=\"og:image:type\" content=\"image\/jpeg\" \/>\n<meta name=\"twitter:card\" content=\"summary_large_image\" \/>\n<meta name=\"twitter:label1\" content=\"Est. reading time\" \/>\n\t<meta name=\"twitter:data1\" content=\"2 minut\u0117\" \/>\n<script type=\"application\/ld+json\" class=\"yoast-schema-graph\">{\"@context\":\"https:\\\/\\\/schema.org\",\"@graph\":[{\"@type\":\"WebPage\",\"@id\":\"https:\\\/\\\/puhdasplus.ee\\\/lt\\\/produktai\\\/gerimai\\\/kombuca\\\/laukiniu-melyniu-kombucia-330-ml\\\/\",\"url\":\"https:\\\/\\\/puhdasplus.ee\\\/lt\\\/produktai\\\/gerimai\\\/kombuca\\\/laukiniu-melyniu-kombucia-330-ml\\\/\",\"name\":\"Mi\u0161ko m\u0117lyni\u0173 kombu\u010dia 330 ml | Puhdas+\",\"isPartOf\":{\"@id\":\"https:\\\/\\\/puhdasplus.ee\\\/lt\\\/#website\"},\"primaryImageOfPage\":{\"@id\":\"https:\\\/\\\/puhdasplus.ee\\\/lt\\\/produktai\\\/gerimai\\\/kombuca\\\/laukiniu-melyniu-kombucia-330-ml\\\/#primaryimage\"},\"image\":{\"@id\":\"https:\\\/\\\/puhdasplus.ee\\\/lt\\\/produktai\\\/gerimai\\\/kombuca\\\/laukiniu-melyniu-kombucia-330-ml\\\/#primaryimage\"},\"thumbnailUrl\":\"https:\\\/\\\/puhdasplus.ee\\\/wp-content\\\/uploads\\\/2025\\\/03\\\/201.jpg\",\"datePublished\":\"2025-02-14T16:55:16+00:00\",\"dateModified\":\"2026-04-07T16:54:20+00:00\",\"description\":\"Ekologi\u0161ka mi\u0161ko m\u0117lyni\u0173 kombu\u010dia \u2013 fermentuotas arbatos g\u0117rimas su gyvosiomis kult\u016bromis. Nat\u016bralus, ma\u017eai cukraus, i\u0161pilstytas neapdorotas. 330 ml.\",\"breadcrumb\":{\"@id\":\"https:\\\/\\\/puhdasplus.ee\\\/lt\\\/produktai\\\/gerimai\\\/kombuca\\\/laukiniu-melyniu-kombucia-330-ml\\\/#breadcrumb\"},\"inLanguage\":\"lt-LT\",\"potentialAction\":[{\"@type\":\"ReadAction\",\"target\":[\"https:\\\/\\\/puhdasplus.ee\\\/lt\\\/produktai\\\/gerimai\\\/kombuca\\\/laukiniu-melyniu-kombucia-330-ml\\\/\"]}]},{\"@type\":\"ImageObject\",\"inLanguage\":\"lt-LT\",\"@id\":\"https:\\\/\\\/puhdasplus.ee\\\/lt\\\/produktai\\\/gerimai\\\/kombuca\\\/laukiniu-melyniu-kombucia-330-ml\\\/#primaryimage\",\"url\":\"https:\\\/\\\/puhdasplus.ee\\\/wp-content\\\/uploads\\\/2025\\\/03\\\/201.jpg\",\"contentUrl\":\"https:\\\/\\\/puhdasplus.ee\\\/wp-content\\\/uploads\\\/2025\\\/03\\\/201.jpg\",\"width\":1862,\"height\":2560,\"caption\":\"m\u0117lyni\u0173 kombu\u010dia\"},{\"@type\":\"BreadcrumbList\",\"@id\":\"https:\\\/\\\/puhdasplus.ee\\\/lt\\\/produktai\\\/gerimai\\\/kombuca\\\/laukiniu-melyniu-kombucia-330-ml\\\/#breadcrumb\",\"itemListElement\":[{\"@type\":\"ListItem\",\"position\":1,\"name\":\"Prad\u017eia\",\"item\":\"https:\\\/\\\/puhdasplus.ee\\\/lt\\\/\"},{\"@type\":\"ListItem\",\"position\":2,\"name\":\"Produktai\",\"item\":\"https:\\\/\\\/puhdasplus.ee\\\/lt\\\/parduotuve\\\/\"},{\"@type\":\"ListItem\",\"position\":3,\"name\":\"Laukini\u0173 m\u0117lyni\u0173 kombu\u010dia 330 ml\"}]},{\"@type\":\"WebSite\",\"@id\":\"https:\\\/\\\/puhdasplus.ee\\\/lt\\\/#website\",\"url\":\"https:\\\/\\\/puhdasplus.ee\\\/lt\\\/\",\"name\":\"Puhdas+\",\"description\":\"Vitaminai, maisto papildai, nat\u016brali kosmetika, sveikata, sportas\",\"publisher\":{\"@id\":\"https:\\\/\\\/puhdasplus.ee\\\/lt\\\/#organization\"},\"potentialAction\":[{\"@type\":\"SearchAction\",\"target\":{\"@type\":\"EntryPoint\",\"urlTemplate\":\"https:\\\/\\\/puhdasplus.ee\\\/lt\\\/?s={search_term_string}\"},\"query-input\":{\"@type\":\"PropertyValueSpecification\",\"valueRequired\":true,\"valueName\":\"search_term_string\"}}],\"inLanguage\":\"lt-LT\"},{\"@type\":\"Organization\",\"@id\":\"https:\\\/\\\/puhdasplus.ee\\\/lt\\\/#organization\",\"name\":\"Puhdas+\",\"alternateName\":\"Puhdasplus\",\"url\":\"https:\\\/\\\/puhdasplus.ee\\\/lt\\\/\",\"logo\":{\"@type\":\"ImageObject\",\"inLanguage\":\"lt-LT\",\"@id\":\"https:\\\/\\\/puhdasplus.ee\\\/lt\\\/#\\\/schema\\\/logo\\\/image\\\/\",\"url\":\"https:\\\/\\\/puhdasplus.ee\\\/wp-content\\\/uploads\\\/2019\\\/10\\\/puhdas_logo-arvele.png\",\"contentUrl\":\"https:\\\/\\\/puhdasplus.ee\\\/wp-content\\\/uploads\\\/2019\\\/10\\\/puhdas_logo-arvele.png\",\"width\":114,\"height\":94,\"caption\":\"Puhdas+\"},\"image\":{\"@id\":\"https:\\\/\\\/puhdasplus.ee\\\/lt\\\/#\\\/schema\\\/logo\\\/image\\\/\"},\"sameAs\":[\"https:\\\/\\\/www.facebook.com\\\/puhdasplus\",\"https:\\\/\\\/www.instagram.com\\\/puhdasplus_ee\\\/\"]}]}<\/script>\n<!-- \/ Yoast SEO plugin. -->","yoast_head_json":{"title":"Mi\u0161ko m\u0117lyni\u0173 kombu\u010dia 330 ml | Puhdas+","description":"Ekologi\u0161ka mi\u0161ko m\u0117lyni\u0173 kombu\u010dia \u2013 fermentuotas arbatos g\u0117rimas su gyvosiomis kult\u016bromis. Nat\u016bralus, ma\u017eai cukraus, i\u0161pilstytas neapdorotas. 330 ml.","robots":{"index":"index","follow":"follow","max-snippet":"max-snippet:-1","max-image-preview":"max-image-preview:large","max-video-preview":"max-video-preview:-1"},"canonical":"https:\/\/puhdasplus.ee\/lt\/produktai\/gerimai\/kombuca\/laukiniu-melyniu-kombucia-330-ml\/","og_locale":"lt_LT","og_type":"article","og_title":"Mi\u0161ko m\u0117lyni\u0173 kombu\u010dia 330 ml | Puhdas+","og_description":"Ekologi\u0161ka mi\u0161ko m\u0117lyni\u0173 kombu\u010dia \u2013 fermentuotas arbatos g\u0117rimas su gyvosiomis kult\u016bromis. Nat\u016bralus, ma\u017eai cukraus, i\u0161pilstytas neapdorotas. 330 ml.","og_url":"https:\/\/puhdasplus.ee\/lt\/produktai\/gerimai\/kombuca\/laukiniu-melyniu-kombucia-330-ml\/","og_site_name":"Puhdas+","article_publisher":"https:\/\/www.facebook.com\/puhdasplus","article_modified_time":"2026-04-07T16:54:20+00:00","og_image":[{"width":1862,"height":2560,"url":"https:\/\/puhdasplus.ee\/wp-content\/uploads\/2025\/03\/201.jpg","type":"image\/jpeg"}],"twitter_card":"summary_large_image","twitter_misc":{"Est. reading time":"2 minut\u0117"},"schema":{"@context":"https:\/\/schema.org","@graph":[{"@type":"WebPage","@id":"https:\/\/puhdasplus.ee\/lt\/produktai\/gerimai\/kombuca\/laukiniu-melyniu-kombucia-330-ml\/","url":"https:\/\/puhdasplus.ee\/lt\/produktai\/gerimai\/kombuca\/laukiniu-melyniu-kombucia-330-ml\/","name":"Mi\u0161ko m\u0117lyni\u0173 kombu\u010dia 330 ml | Puhdas+","isPartOf":{"@id":"https:\/\/puhdasplus.ee\/lt\/#website"},"primaryImageOfPage":{"@id":"https:\/\/puhdasplus.ee\/lt\/produktai\/gerimai\/kombuca\/laukiniu-melyniu-kombucia-330-ml\/#primaryimage"},"image":{"@id":"https:\/\/puhdasplus.ee\/lt\/produktai\/gerimai\/kombuca\/laukiniu-melyniu-kombucia-330-ml\/#primaryimage"},"thumbnailUrl":"https:\/\/puhdasplus.ee\/wp-content\/uploads\/2025\/03\/201.jpg","datePublished":"2025-02-14T16:55:16+00:00","dateModified":"2026-04-07T16:54:20+00:00","description":"Ekologi\u0161ka mi\u0161ko m\u0117lyni\u0173 kombu\u010dia \u2013 fermentuotas arbatos g\u0117rimas su gyvosiomis kult\u016bromis. Nat\u016bralus, ma\u017eai cukraus, i\u0161pilstytas neapdorotas. 330 ml.","breadcrumb":{"@id":"https:\/\/puhdasplus.ee\/lt\/produktai\/gerimai\/kombuca\/laukiniu-melyniu-kombucia-330-ml\/#breadcrumb"},"inLanguage":"lt-LT","potentialAction":[{"@type":"ReadAction","target":["https:\/\/puhdasplus.ee\/lt\/produktai\/gerimai\/kombuca\/laukiniu-melyniu-kombucia-330-ml\/"]}]},{"@type":"ImageObject","inLanguage":"lt-LT","@id":"https:\/\/puhdasplus.ee\/lt\/produktai\/gerimai\/kombuca\/laukiniu-melyniu-kombucia-330-ml\/#primaryimage","url":"https:\/\/puhdasplus.ee\/wp-content\/uploads\/2025\/03\/201.jpg","contentUrl":"https:\/\/puhdasplus.ee\/wp-content\/uploads\/2025\/03\/201.jpg","width":1862,"height":2560,"caption":"m\u0117lyni\u0173 kombu\u010dia"},{"@type":"BreadcrumbList","@id":"https:\/\/puhdasplus.ee\/lt\/produktai\/gerimai\/kombuca\/laukiniu-melyniu-kombucia-330-ml\/#breadcrumb","itemListElement":[{"@type":"ListItem","position":1,"name":"Prad\u017eia","item":"https:\/\/puhdasplus.ee\/lt\/"},{"@type":"ListItem","position":2,"name":"Produktai","item":"https:\/\/puhdasplus.ee\/lt\/parduotuve\/"},{"@type":"ListItem","position":3,"name":"Laukini\u0173 m\u0117lyni\u0173 kombu\u010dia 330 ml"}]},{"@type":"WebSite","@id":"https:\/\/puhdasplus.ee\/lt\/#website","url":"https:\/\/puhdasplus.ee\/lt\/","name":"Puhdas+","description":"Vitaminai, maisto papildai, nat\u016brali kosmetika, sveikata, sportas","publisher":{"@id":"https:\/\/puhdasplus.ee\/lt\/#organization"},"potentialAction":[{"@type":"SearchAction","target":{"@type":"EntryPoint","urlTemplate":"https:\/\/puhdasplus.ee\/lt\/?s={search_term_string}"},"query-input":{"@type":"PropertyValueSpecification","valueRequired":true,"valueName":"search_term_string"}}],"inLanguage":"lt-LT"},{"@type":"Organization","@id":"https:\/\/puhdasplus.ee\/lt\/#organization","name":"Puhdas+","alternateName":"Puhdasplus","url":"https:\/\/puhdasplus.ee\/lt\/","logo":{"@type":"ImageObject","inLanguage":"lt-LT","@id":"https:\/\/puhdasplus.ee\/lt\/#\/schema\/logo\/image\/","url":"https:\/\/puhdasplus.ee\/wp-content\/uploads\/2019\/10\/puhdas_logo-arvele.png","contentUrl":"https:\/\/puhdasplus.ee\/wp-content\/uploads\/2019\/10\/puhdas_logo-arvele.png","width":114,"height":94,"caption":"Puhdas+"},"image":{"@id":"https:\/\/puhdasplus.ee\/lt\/#\/schema\/logo\/image\/"},"sameAs":["https:\/\/www.facebook.com\/puhdasplus","https:\/\/www.instagram.com\/puhdasplus_ee\/"]}]}},"_yoast_wpseo_title":"Mi\u0161ko m\u0117lyni\u0173 kombu\u010dia 330 ml | Puhdas+","_yoast_wpseo_metadesc":"Ekologi\u0161ka mi\u0161ko m\u0117lyni\u0173 kombu\u010dia \u2013 fermentuotas arbatos g\u0117rimas su gyvosiomis kult\u016bromis. Nat\u016bralus, ma\u017eai cukraus, i\u0161pilstytas neapdorotas. 330 ml.","_yoast_wpseo_focuskw":"mi\u0161ko m\u0117lyni\u0173 kombu\u010dia","_links":{"self":[{"href":"https:\/\/puhdasplus.ee\/lt\/wp-json\/wp\/v2\/product\/34571","targetHints":{"allow":["GET"]}}],"collection":[{"href":"https:\/\/puhdasplus.ee\/lt\/wp-json\/wp\/v2\/product"}],"about":[{"href":"https:\/\/puhdasplus.ee\/lt\/wp-json\/wp\/v2\/types\/product"}],"replies":[{"embeddable":true,"href":"https:\/\/puhdasplus.ee\/lt\/wp-json\/wp\/v2\/comments?post=34571"}],"wp:featuredmedia":[{"embeddable":true,"href":"https:\/\/puhdasplus.ee\/lt\/wp-json\/wp\/v2\/media\/34574"}],"wp:attachment":[{"href":"https:\/\/puhdasplus.ee\/lt\/wp-json\/wp\/v2\/media?parent=34571"}],"wp:term":[{"taxonomy":"product_brand","embeddable":true,"href":"https:\/\/puhdasplus.ee\/lt\/wp-json\/wp\/v2\/product_brand?post=34571"},{"taxonomy":"product_cat","embeddable":true,"href":"https:\/\/puhdasplus.ee\/lt\/wp-json\/wp\/v2\/product_cat?post=34571"},{"taxonomy":"product_tag","embeddable":true,"href":"https:\/\/puhdasplus.ee\/lt\/wp-json\/wp\/v2\/product_tag?post=34571"}],"curies":[{"name":"wp","href":"https:\/\/api.w.org\/{rel}","templated":true}]}}