{"id":34564,"date":"2025-02-14T10:21:29","date_gmt":"2025-02-14T08:21:29","guid":{"rendered":"https:\/\/puhdasplus.ee\/tooted\/be-kategorijos\/super-cesnakas\/"},"modified":"2026-04-07T16:06:30","modified_gmt":"2026-04-07T13:06:30","slug":"super-cesnakas","status":"publish","type":"product","link":"https:\/\/puhdasplus.ee\/lt\/produktai\/imunine-sistema\/super-cesnakas\/","title":{"rendered":"Super \u010desnakai"},"content":{"rendered":"<h2>Kas yra Puhdas+ Super \u010cesnakai + Cinkas?<\/h2>\n<p><strong>Puhdas+ Super \u010cesnakai + Cinkas<\/strong> yra nat\u016bralaus kilm\u0117s maisto papildas, kuris jungia \u0161aldymo b\u016bdu d\u017eiovintus \u010desnak\u0173 miltelius, koncentruot\u0105 \u010desnak\u0173 ekstrakt\u0105 ir cink\u0105. \u010cesnakai tradiciniu b\u016bdu buvo populiari m\u016bs\u0173 maisto dalis ir j\u0173 vartojimas siejamas su ilga kult\u016bros istorija. Bekvap\u0117 kapsula leid\u017eia \u010desnakus ir cink\u0105 patogiai \u012ftraukti \u012f kasdien\u0119 mityb\u0105 \u2013 be \u010desnakams b\u016bdingo stipraus kvapo.<\/p>\n<h2>Kod\u0117l Puhdas+ Super \u010cesnakai + Cinkas yra naudingas?<\/h2>\n<p>\u010cesnakai \u0161imtme\u010dius buvo vertinami dar\u017eov\u0117s ir prieskoniai, kurie buvo naudojami kasdieniniame maiste. Super \u010cesnakai + Cinkas sud\u0117tyje yra \u0161aldymo b\u016bdu d\u017eiovint\u0173 \u010desnak\u0173 milteli\u0173 ir koncentruoto \u010desnak\u0173 ekstrakto, si\u016blan\u010di\u0173 paprast\u0105 b\u016bd\u0105 vartoti \u010desnakus be b\u016bdingo kvapo.<\/p>\n<p>Produkte esantis <strong>cinkas<\/strong> yra neatskiriamasas mineralas, kuris:<\/p>\n<ul>\n<li>\n<p>padeda palaikyti normal\u0173 imunitetosistemos veikim\u0105<\/p>\n<\/li>\n<li>\n<p>padeda apsaugoti l\u0105steles nuo oksidacinio streso<\/p>\n<\/li>\n<li>\n<p>padeda palaikyti normal\u0173 odos, plauk\u0173 ir nag\u0173 b\u016bkl\u0119<\/p>\n<\/li>\n<\/ul>\n<h2>\u010cesnakai \u2013 nat\u016bralus pasirinkimas<\/h2>\n<p>\u010cesnakai \u0161imtme\u010dius buvo vertinami augalai ir sveikos mitybos dalis. J\u0173 nat\u016bral\u016bs junginiai, \u012fskaitant aliicin\u0105, suteikia \u010desnakams b\u016bding\u0105 skon\u012f ir kvap\u0105 bei tradici\u0161kai buvo siejami su kasdieniu gerumu ir subalansuota mityba.<\/p>\n<p>Skirtingai nuo \u0161vie\u017ei\u0173 \u010desnak\u0173, Puhdas+ Super \u010cesnakai yra bekvapiai \u2013 tai rei\u0161kia, kad galite \u010desnakus patogiai vartoti kapsuli\u0173 pavidalu, be nemalonaus poskonio ar kvapo.<\/p>\n<h2>Cinkas \u2013 imuniteto sistemos raktinis mineralas<\/h2>\n<p>Cinkas yra svarbus mineralas, kurio organizmui reikia normaliam imuniteto sistemos veikimui, \u017eaizd\u0173 gijimui, l\u0105steli\u0173 atsinaujinimui ir net skonio bei uosl\u0117s i\u0161saugojimui. Cinko tr\u016bkumas gali pasireik\u0161ti da\u017enais per\u0161alimais, pavargumu, sausa oda ar trapiais nagais.<\/p>\n<p>\u0160io maisto papildo cinkas:<\/p>\n<ul>\n<li>\n<p>padeda palaikyti <strong>normal\u0173 imuniteto sistemos veikim\u0105<\/strong><\/p>\n<\/li>\n<li>\n<p>padeda apsaugoti l\u0105steles nuo <strong>oksidacinio streso<\/strong><\/p>\n<\/li>\n<li>\n<p>palaiko odos, nag\u0173 ir plauk\u0173 sveikat\u0105<\/p>\n<\/li>\n<\/ul>\n<h2>Kam tai tinka?<\/h2>\n<p>Produktas tinka suaugusiesiems, kurie:<\/p>\n<ul>\n<li>\n<p>nori stiprinti savo imunitet\u0105<\/p>\n<\/li>\n<li>\n<p>nori \u010desnak\u0173 nauding\u0173 savybi\u0173 be stipraus kvapo<\/p>\n<\/li>\n<li>\n<p>vertina produktus be pried\u0173 ir su \u0161varia sud\u0117timi<\/p>\n<\/li>\n<\/ul>\n<h2>Kada der\u0117t\u0173 tai naudoti?<\/h2>\n<p><strong>Puhdas+ Super \u010cesnakai + Cinkas<\/strong> gerai tinka kasdieniam vartojimui, bet ypa\u010d rekomenduojama:<\/p>\n<ul>\n<li>\n<p><strong>per\u0161alimo ir virus\u0173 laikotarpiais<\/strong> \u2013 kai reikia stipresn\u0117s imuniteto paramos<\/p>\n<\/li>\n<li>\n<p><strong>streso kupinais laikais<\/strong> \u2013 kai k\u016bnas yra pa\u017eeid\u017eiamesnis<\/p>\n<\/li>\n<li>\n<p><strong>bendram gyvybingumui ir gerovei stiprinti<\/strong> \u2013 nat\u016brali papildoma parama kasdieniam gyvenimui<\/p>\n<\/li>\n<\/ul>\n<h2>Sudedamosios dalys<\/h2>\n<p>Saul\u0117gr\u0105\u017e\u0173 aliejus, Kapsul\u0117s apvalkalas (\u017eelatina, gyvulin\u0117s kilm\u0117s), Dr\u0117klio i\u0161saugotojas (glicerolis), \u0160aldymo b\u016bdu d\u017eiovinti \u010desnak\u0173 milteliai, Rozmarin\u0173 aliejus, Bi\u010di\u0173 va\u0161kas, Grynas vanduo, \u010cesnak\u0173 ekstraktas, Cinko oksidas.<\/p>\n<p><strong>Neturi<\/strong> glitimo, laktoz\u0117s, mieli\u0173, cukraus, druskos, krakmolo, soj\u0173 ar dirbtini\u0173 saldikli\u0173.<\/p>\n<h2>Veikli\u0173j\u0173 med\u017eiag\u0173 kiekis 1 kapsul\u0117je:<\/h2>\n<ul>\n<li>\n<p>\u0160aldymo b\u016bdu d\u017eiovinti \u010desnakai \u2013 100 mg<\/p>\n<\/li>\n<li>\n<p>\u010cesnak\u0173 ekstraktas \u2013 20 mg<\/p>\n<\/li>\n<li>\n<p>Cinkas \u2013 4 mg (40% paros referencinio kiekio \/ NRV)<\/p>\n<\/li>\n<\/ul>\n<h2>Vartojimo instrukcija<\/h2>\n<p><strong>Dozavimas:<\/strong><br \/>1 kapsul\u0117 per dien\u0105 su maistu ar vandeniu.<\/p>\n<p><strong>Pastaba:<\/strong><br \/>Rekomenduojamos paros doz\u0117s vir\u0161yti negalima. Maisto papildas nepakei\u010dia \u012fvairios ir subalansuotos mitybos bei sveiko gyvenimo b\u016bdo.<\/p>\n<h2>\u012esp\u0117jimai ir saugojimas<\/h2>\n<ul>\n<li>\n<p>Laikyti vaikams nepasiekiamoje vietoje<\/p>\n<\/li>\n<li>\n<p>Saugoti sausoje vietoje kambario temperat\u016broje, atokiau nuo tiesiogini\u0173 saul\u0117s spinduli\u0173<\/p>\n<\/li>\n<\/ul>\n<p><strong>\u017di\u016br\u0117kite taip pat:<\/strong> <a href=\"https:\/\/puhdasplus.ee\/toote-kategooria\/immuunsusteem\/\">Imuniteto sistema<\/a> | <a href=\"https:\/\/puhdasplus.ee\/toote-kategooria\/sudame-tervis\/\">\u0160irdies sveikata<\/a> | <a href=\"https:\/\/puhdasplus.ee\/toote-kategooria\/d-vitamiin\/\">D vitaminas<\/a><\/p>\n","protected":false},"excerpt":{"rendered":"<p><strong>Puhdas+ Super \u010cesnakai + Cinkas<\/strong> sukurtas \u017emon\u0117ms, kurie teikia pirmenyb\u0119 nat\u016braliam ir \u0161varos sud\u0117ties maisto papildui \u2013 be perteklini\u0173 pried\u0173 ir be \u010desnakams b\u016bdingo stipraus kvapo. Produktas sud\u0117tyje turi \u0161aldymo b\u016bdu d\u017eiovint\u0173 \u010desnak\u0173 milteli\u0173 ir \u010desnak\u0173 ekstrakt\u0173, kurie si\u016blo patog\u0173 b\u016bd\u0105 vartoti \u010desnakus kasdien\u0117je mityboje.<\/p>\n<p>Siekiant papildyti produkto poveik\u012f, \u012f j\u012f prid\u0117tas cinkas \u2013 mineralas, kuris padeda palaikyti normal\u0173 imuniteto sistemos veikim\u0105, apsaugo l\u0105steles nuo oksidacinio streso bei padeda palaikyti normali\u0105 odos, plauk\u0173 ir nag\u0173 b\u016bkl\u0119. Tai daro produkt\u0105 tinkam\u0105 tiems, kurie nori palaikyti savo organizmo kasdien\u0119 gerov\u0119 ir mitybos \u012fvairov\u0119.<\/p>\n<p>Skirtingai nuo daugelio \u010desnak\u0173 maisto papild\u0173, <strong>Puhdas+ Super \u010cesnakai + Cinkas<\/strong> nepalieka nemalonaus skonio ar kvapo. \u0160vari sud\u0117tis gerai tinka tiems, kurie nori vengti dirbtini\u0173 kvap\u0173 ir skoni\u0173 med\u017eiag\u0173, taip pat laktoz\u0117s, glitimo, mieli\u0173 ar soj\u0173.<\/p>\n<p>\u0160is maisto papildas tinka kasdieniam vartojimui i\u0161tisus metus \u2013 pavyzd\u017eiui, laikotarpiais, kai mityba gali b\u016bti vienpusi\u0161kesn\u0117 ar gyvenimo tempas greitesnis. Bekvap\u0117s kapsul\u0117s si\u016blo paprast\u0105 ir malon\u0173 b\u016bd\u0105 \u012ftraukti \u012f savo kasdien\u0119 rutin\u0105 \u010desnakus ir cink\u0105, kad palaikytum\u0117te organizmo pusiausvyr\u0105 ir gerov\u0119.<\/p>\n","protected":false},"featured_media":34568,"comment_status":"closed","ping_status":"closed","template":"","meta":{"_acf_changed":false,"googlesitekit_rrm_CAow3eq7DA:productID":""},"product_brand":[],"product_cat":[3048,3412,3049],"product_tag":[4764,8346,4048,3023,3131,8366,8378,2936,3706],"class_list":{"0":"post-34564","1":"product","2":"type-product","3":"status-publish","4":"has-post-thumbnail","6":"product_cat-imunine-sistema","7":"product_cat-sirdies-sveikata","8":"product_cat-specialus-pasiulymai","9":"product_tag-antioksidantas-lt","10":"product_tag-be-gliuteno-lt","11":"product_tag-cinkas","12":"product_tag-imunitetas","13":"product_tag-maisto-papildas","14":"product_tag-mineralai-lt","15":"product_tag-natralus-lt","16":"product_tag-priesuzdegiminis","17":"product_tag-sirdies-sveikata","19":"first","20":"instock","21":"sale","22":"taxable","23":"shipping-taxable","24":"purchasable","25":"product-type-variable","26":"has-default-attributes"},"acf":[],"yoast_head":"<!-- This site is optimized with the Yoast SEO plugin v27.3 - https:\/\/yoast.com\/product\/yoast-seo-wordpress\/ -->\n<title>Super \u010desnakai + cinkas 120 kapsuli\u0173 | Puhdas+<\/title>\n<meta name=\"description\" content=\"Koncentruotas \u010desnak\u0173 ekstraktas su cinku. Cinkas padeda palaikyti normal\u0173 imuniteto sistemos veikim\u0105. Nat\u016bralaus kilm\u0117s, bekvapis. 120 kapsuli\u0173.\" \/>\n<meta name=\"robots\" content=\"index, follow, max-snippet:-1, max-image-preview:large, max-video-preview:-1\" \/>\n<link rel=\"canonical\" href=\"https:\/\/puhdasplus.ee\/lt\/produktai\/imunine-sistema\/super-cesnakas\/\" \/>\n<meta property=\"og:locale\" content=\"lt_LT\" \/>\n<meta property=\"og:type\" content=\"article\" \/>\n<meta property=\"og:title\" content=\"Super \u010desnakai + cinkas 120 kapsuli\u0173 | Puhdas+\" \/>\n<meta property=\"og:description\" content=\"Koncentruotas \u010desnak\u0173 ekstraktas su cinku. Cinkas padeda palaikyti normal\u0173 imuniteto sistemos veikim\u0105. Nat\u016bralaus kilm\u0117s, bekvapis. 120 kapsuli\u0173.\" \/>\n<meta property=\"og:url\" content=\"https:\/\/puhdasplus.ee\/lt\/produktai\/imunine-sistema\/super-cesnakas\/\" \/>\n<meta property=\"og:site_name\" content=\"Puhdas+\" \/>\n<meta property=\"article:publisher\" content=\"https:\/\/www.facebook.com\/puhdasplus\" \/>\n<meta property=\"article:modified_time\" content=\"2026-04-07T13:06:30+00:00\" \/>\n<meta property=\"og:image\" content=\"https:\/\/puhdasplus.ee\/wp-content\/uploads\/2025\/03\/196.jpg\" \/>\n\t<meta property=\"og:image:width\" content=\"1862\" \/>\n\t<meta property=\"og:image:height\" content=\"2560\" \/>\n\t<meta property=\"og:image:type\" content=\"image\/jpeg\" \/>\n<meta name=\"twitter:card\" content=\"summary_large_image\" \/>\n<meta name=\"twitter:label1\" content=\"Est. reading time\" \/>\n\t<meta name=\"twitter:data1\" content=\"2 minut\u0117\" \/>\n<script type=\"application\/ld+json\" class=\"yoast-schema-graph\">{\"@context\":\"https:\\\/\\\/schema.org\",\"@graph\":[{\"@type\":\"WebPage\",\"@id\":\"https:\\\/\\\/puhdasplus.ee\\\/lt\\\/produktai\\\/imunine-sistema\\\/super-cesnakas\\\/\",\"url\":\"https:\\\/\\\/puhdasplus.ee\\\/lt\\\/produktai\\\/imunine-sistema\\\/super-cesnakas\\\/\",\"name\":\"Super \u010desnakai + cinkas 120 kapsuli\u0173 | Puhdas+\",\"isPartOf\":{\"@id\":\"https:\\\/\\\/puhdasplus.ee\\\/lt\\\/#website\"},\"primaryImageOfPage\":{\"@id\":\"https:\\\/\\\/puhdasplus.ee\\\/lt\\\/produktai\\\/imunine-sistema\\\/super-cesnakas\\\/#primaryimage\"},\"image\":{\"@id\":\"https:\\\/\\\/puhdasplus.ee\\\/lt\\\/produktai\\\/imunine-sistema\\\/super-cesnakas\\\/#primaryimage\"},\"thumbnailUrl\":\"https:\\\/\\\/puhdasplus.ee\\\/wp-content\\\/uploads\\\/2025\\\/03\\\/196.jpg\",\"datePublished\":\"2025-02-14T08:21:29+00:00\",\"dateModified\":\"2026-04-07T13:06:30+00:00\",\"description\":\"Koncentruotas \u010desnak\u0173 ekstraktas su cinku. Cinkas padeda palaikyti normal\u0173 imuniteto sistemos veikim\u0105. Nat\u016bralaus kilm\u0117s, bekvapis. 120 kapsuli\u0173.\",\"breadcrumb\":{\"@id\":\"https:\\\/\\\/puhdasplus.ee\\\/lt\\\/produktai\\\/imunine-sistema\\\/super-cesnakas\\\/#breadcrumb\"},\"inLanguage\":\"lt-LT\",\"potentialAction\":[{\"@type\":\"ReadAction\",\"target\":[\"https:\\\/\\\/puhdasplus.ee\\\/lt\\\/produktai\\\/imunine-sistema\\\/super-cesnakas\\\/\"]}]},{\"@type\":\"ImageObject\",\"inLanguage\":\"lt-LT\",\"@id\":\"https:\\\/\\\/puhdasplus.ee\\\/lt\\\/produktai\\\/imunine-sistema\\\/super-cesnakas\\\/#primaryimage\",\"url\":\"https:\\\/\\\/puhdasplus.ee\\\/wp-content\\\/uploads\\\/2025\\\/03\\\/196.jpg\",\"contentUrl\":\"https:\\\/\\\/puhdasplus.ee\\\/wp-content\\\/uploads\\\/2025\\\/03\\\/196.jpg\",\"width\":1862,\"height\":2560,\"caption\":\"\u010desnakas\"},{\"@type\":\"BreadcrumbList\",\"@id\":\"https:\\\/\\\/puhdasplus.ee\\\/lt\\\/produktai\\\/imunine-sistema\\\/super-cesnakas\\\/#breadcrumb\",\"itemListElement\":[{\"@type\":\"ListItem\",\"position\":1,\"name\":\"Prad\u017eia\",\"item\":\"https:\\\/\\\/puhdasplus.ee\\\/lt\\\/\"},{\"@type\":\"ListItem\",\"position\":2,\"name\":\"Produktai\",\"item\":\"https:\\\/\\\/puhdasplus.ee\\\/lt\\\/parduotuve\\\/\"},{\"@type\":\"ListItem\",\"position\":3,\"name\":\"Super \u010desnakai\"}]},{\"@type\":\"WebSite\",\"@id\":\"https:\\\/\\\/puhdasplus.ee\\\/lt\\\/#website\",\"url\":\"https:\\\/\\\/puhdasplus.ee\\\/lt\\\/\",\"name\":\"Puhdas+\",\"description\":\"Vitaminai, maisto papildai, nat\u016brali kosmetika, sveikata, sportas\",\"publisher\":{\"@id\":\"https:\\\/\\\/puhdasplus.ee\\\/lt\\\/#organization\"},\"potentialAction\":[{\"@type\":\"SearchAction\",\"target\":{\"@type\":\"EntryPoint\",\"urlTemplate\":\"https:\\\/\\\/puhdasplus.ee\\\/lt\\\/?s={search_term_string}\"},\"query-input\":{\"@type\":\"PropertyValueSpecification\",\"valueRequired\":true,\"valueName\":\"search_term_string\"}}],\"inLanguage\":\"lt-LT\"},{\"@type\":\"Organization\",\"@id\":\"https:\\\/\\\/puhdasplus.ee\\\/lt\\\/#organization\",\"name\":\"Puhdas+\",\"alternateName\":\"Puhdasplus\",\"url\":\"https:\\\/\\\/puhdasplus.ee\\\/lt\\\/\",\"logo\":{\"@type\":\"ImageObject\",\"inLanguage\":\"lt-LT\",\"@id\":\"https:\\\/\\\/puhdasplus.ee\\\/lt\\\/#\\\/schema\\\/logo\\\/image\\\/\",\"url\":\"https:\\\/\\\/puhdasplus.ee\\\/wp-content\\\/uploads\\\/2019\\\/10\\\/puhdas_logo-arvele.png\",\"contentUrl\":\"https:\\\/\\\/puhdasplus.ee\\\/wp-content\\\/uploads\\\/2019\\\/10\\\/puhdas_logo-arvele.png\",\"width\":114,\"height\":94,\"caption\":\"Puhdas+\"},\"image\":{\"@id\":\"https:\\\/\\\/puhdasplus.ee\\\/lt\\\/#\\\/schema\\\/logo\\\/image\\\/\"},\"sameAs\":[\"https:\\\/\\\/www.facebook.com\\\/puhdasplus\",\"https:\\\/\\\/www.instagram.com\\\/puhdasplus_ee\\\/\"]}]}<\/script>\n<!-- \/ Yoast SEO plugin. -->","yoast_head_json":{"title":"Super \u010desnakai + cinkas 120 kapsuli\u0173 | Puhdas+","description":"Koncentruotas \u010desnak\u0173 ekstraktas su cinku. Cinkas padeda palaikyti normal\u0173 imuniteto sistemos veikim\u0105. Nat\u016bralaus kilm\u0117s, bekvapis. 120 kapsuli\u0173.","robots":{"index":"index","follow":"follow","max-snippet":"max-snippet:-1","max-image-preview":"max-image-preview:large","max-video-preview":"max-video-preview:-1"},"canonical":"https:\/\/puhdasplus.ee\/lt\/produktai\/imunine-sistema\/super-cesnakas\/","og_locale":"lt_LT","og_type":"article","og_title":"Super \u010desnakai + cinkas 120 kapsuli\u0173 | Puhdas+","og_description":"Koncentruotas \u010desnak\u0173 ekstraktas su cinku. Cinkas padeda palaikyti normal\u0173 imuniteto sistemos veikim\u0105. Nat\u016bralaus kilm\u0117s, bekvapis. 120 kapsuli\u0173.","og_url":"https:\/\/puhdasplus.ee\/lt\/produktai\/imunine-sistema\/super-cesnakas\/","og_site_name":"Puhdas+","article_publisher":"https:\/\/www.facebook.com\/puhdasplus","article_modified_time":"2026-04-07T13:06:30+00:00","og_image":[{"width":1862,"height":2560,"url":"https:\/\/puhdasplus.ee\/wp-content\/uploads\/2025\/03\/196.jpg","type":"image\/jpeg"}],"twitter_card":"summary_large_image","twitter_misc":{"Est. reading time":"2 minut\u0117"},"schema":{"@context":"https:\/\/schema.org","@graph":[{"@type":"WebPage","@id":"https:\/\/puhdasplus.ee\/lt\/produktai\/imunine-sistema\/super-cesnakas\/","url":"https:\/\/puhdasplus.ee\/lt\/produktai\/imunine-sistema\/super-cesnakas\/","name":"Super \u010desnakai + cinkas 120 kapsuli\u0173 | Puhdas+","isPartOf":{"@id":"https:\/\/puhdasplus.ee\/lt\/#website"},"primaryImageOfPage":{"@id":"https:\/\/puhdasplus.ee\/lt\/produktai\/imunine-sistema\/super-cesnakas\/#primaryimage"},"image":{"@id":"https:\/\/puhdasplus.ee\/lt\/produktai\/imunine-sistema\/super-cesnakas\/#primaryimage"},"thumbnailUrl":"https:\/\/puhdasplus.ee\/wp-content\/uploads\/2025\/03\/196.jpg","datePublished":"2025-02-14T08:21:29+00:00","dateModified":"2026-04-07T13:06:30+00:00","description":"Koncentruotas \u010desnak\u0173 ekstraktas su cinku. Cinkas padeda palaikyti normal\u0173 imuniteto sistemos veikim\u0105. Nat\u016bralaus kilm\u0117s, bekvapis. 120 kapsuli\u0173.","breadcrumb":{"@id":"https:\/\/puhdasplus.ee\/lt\/produktai\/imunine-sistema\/super-cesnakas\/#breadcrumb"},"inLanguage":"lt-LT","potentialAction":[{"@type":"ReadAction","target":["https:\/\/puhdasplus.ee\/lt\/produktai\/imunine-sistema\/super-cesnakas\/"]}]},{"@type":"ImageObject","inLanguage":"lt-LT","@id":"https:\/\/puhdasplus.ee\/lt\/produktai\/imunine-sistema\/super-cesnakas\/#primaryimage","url":"https:\/\/puhdasplus.ee\/wp-content\/uploads\/2025\/03\/196.jpg","contentUrl":"https:\/\/puhdasplus.ee\/wp-content\/uploads\/2025\/03\/196.jpg","width":1862,"height":2560,"caption":"\u010desnakas"},{"@type":"BreadcrumbList","@id":"https:\/\/puhdasplus.ee\/lt\/produktai\/imunine-sistema\/super-cesnakas\/#breadcrumb","itemListElement":[{"@type":"ListItem","position":1,"name":"Prad\u017eia","item":"https:\/\/puhdasplus.ee\/lt\/"},{"@type":"ListItem","position":2,"name":"Produktai","item":"https:\/\/puhdasplus.ee\/lt\/parduotuve\/"},{"@type":"ListItem","position":3,"name":"Super \u010desnakai"}]},{"@type":"WebSite","@id":"https:\/\/puhdasplus.ee\/lt\/#website","url":"https:\/\/puhdasplus.ee\/lt\/","name":"Puhdas+","description":"Vitaminai, maisto papildai, nat\u016brali kosmetika, sveikata, sportas","publisher":{"@id":"https:\/\/puhdasplus.ee\/lt\/#organization"},"potentialAction":[{"@type":"SearchAction","target":{"@type":"EntryPoint","urlTemplate":"https:\/\/puhdasplus.ee\/lt\/?s={search_term_string}"},"query-input":{"@type":"PropertyValueSpecification","valueRequired":true,"valueName":"search_term_string"}}],"inLanguage":"lt-LT"},{"@type":"Organization","@id":"https:\/\/puhdasplus.ee\/lt\/#organization","name":"Puhdas+","alternateName":"Puhdasplus","url":"https:\/\/puhdasplus.ee\/lt\/","logo":{"@type":"ImageObject","inLanguage":"lt-LT","@id":"https:\/\/puhdasplus.ee\/lt\/#\/schema\/logo\/image\/","url":"https:\/\/puhdasplus.ee\/wp-content\/uploads\/2019\/10\/puhdas_logo-arvele.png","contentUrl":"https:\/\/puhdasplus.ee\/wp-content\/uploads\/2019\/10\/puhdas_logo-arvele.png","width":114,"height":94,"caption":"Puhdas+"},"image":{"@id":"https:\/\/puhdasplus.ee\/lt\/#\/schema\/logo\/image\/"},"sameAs":["https:\/\/www.facebook.com\/puhdasplus","https:\/\/www.instagram.com\/puhdasplus_ee\/"]}]}},"_yoast_wpseo_title":"Super \u010desnakai + cinkas 120 kapsuli\u0173 | Puhdas+","_yoast_wpseo_metadesc":"Koncentruotas \u010desnak\u0173 ekstraktas su cinku. Cinkas padeda palaikyti normal\u0173 imuniteto sistemos veikim\u0105. Nat\u016bralaus kilm\u0117s, bekvapis. 120 kapsuli\u0173.","_yoast_wpseo_focuskw":"\u010desnak\u0173 maisto papildas","_links":{"self":[{"href":"https:\/\/puhdasplus.ee\/lt\/wp-json\/wp\/v2\/product\/34564","targetHints":{"allow":["GET"]}}],"collection":[{"href":"https:\/\/puhdasplus.ee\/lt\/wp-json\/wp\/v2\/product"}],"about":[{"href":"https:\/\/puhdasplus.ee\/lt\/wp-json\/wp\/v2\/types\/product"}],"replies":[{"embeddable":true,"href":"https:\/\/puhdasplus.ee\/lt\/wp-json\/wp\/v2\/comments?post=34564"}],"wp:featuredmedia":[{"embeddable":true,"href":"https:\/\/puhdasplus.ee\/lt\/wp-json\/wp\/v2\/media\/34568"}],"wp:attachment":[{"href":"https:\/\/puhdasplus.ee\/lt\/wp-json\/wp\/v2\/media?parent=34564"}],"wp:term":[{"taxonomy":"product_brand","embeddable":true,"href":"https:\/\/puhdasplus.ee\/lt\/wp-json\/wp\/v2\/product_brand?post=34564"},{"taxonomy":"product_cat","embeddable":true,"href":"https:\/\/puhdasplus.ee\/lt\/wp-json\/wp\/v2\/product_cat?post=34564"},{"taxonomy":"product_tag","embeddable":true,"href":"https:\/\/puhdasplus.ee\/lt\/wp-json\/wp\/v2\/product_tag?post=34564"}],"curies":[{"name":"wp","href":"https:\/\/api.w.org\/{rel}","templated":true}]}}