{"id":34549,"date":"2025-02-02T16:03:19","date_gmt":"2025-02-02T14:03:19","guid":{"rendered":"https:\/\/puhdasplus.ee\/tooted\/be-kategorijos\/l-karnitino-milteliai-100-g\/"},"modified":"2026-04-07T20:09:28","modified_gmt":"2026-04-07T17:09:28","slug":"l-karnitino-milteliai-100-g","status":"publish","type":"product","link":"https:\/\/puhdasplus.ee\/lt\/produktai\/virskinimas-ir-medziagu-apykaita\/l-karnitino-milteliai-100-g\/","title":{"rendered":"L-karnitino milteliai 100g"},"content":{"rendered":"<h2>Kas yra L-karnitinas?<\/h2>\n<h3>Riebal\u0173 r\u016bg\u0161\u010di\u0173 transportas l\u0105steli\u0173 lygmeniu<\/h3>\n<p>L-karnitinas yra amino r\u016bg\u0161ties darinys, atliekantis svarb\u0173 vaidmen\u012f <strong>riebal\u0173 r\u016bg\u0161\u010di\u0173 transporte \u012f mitochondrijas<\/strong>, kur jos naudojamos energijos gamybai. Organizmas pats gamina L-karntin\u0105, ta\u010diau intensyvios fizin\u0117s veiklos metu poreikis gali padid\u0117ti. Puhdas+ L-karnitinas yra 100% gryni milteliai be pried\u0173.<\/p>\n<h3>Kam L-karnitinas gali b\u016bti naudingas?<\/h3>\n<ul>\n<li><strong>Sportininkams<\/strong> ir aktyviems \u017emon\u0117ms<\/li>\n<li>Tiems, kurie u\u017esiima <strong>i\u0161tverm\u0117s treniruot\u0117mis<\/strong><\/li>\n<li>Visiems, norintiems palaikyti <strong>energijos apykait\u0105<\/strong><\/li>\n<\/ul>\n<h2>Kam tinka ir kaip vartoti?<\/h2>\n<h3>Kam skirtas \u0161is produktas?<\/h3>\n<ul>\n<li><strong>Sportininkams<\/strong> \u2014 palaiko energijos apykait\u0105 treniruo\u010di\u0173 metu<\/li>\n<li><strong>Aktyviems \u017emon\u0117ms<\/strong>, norintiems gryno L-karnitino<\/li>\n<li>Jei teikiate pirmenyb\u0119 <strong>milteliams, o ne kapsul\u0117ms<\/strong><\/li>\n<\/ul>\n<p>Gryna sud\u0117tis, be pried\u0173. Tinka veganams. Pagaminta Suomijoje.<\/p>\n<h3>Sud\u0117tis<\/h3>\n<p><strong>Sud\u0117tis:<\/strong> L-karnitino tartratas.<\/p>\n<h4>Maistin\u0117 vert\u0117 vienoje porcijoje<\/h4>\n<table>\n<thead>\n<tr>\n<th>Maistin\u0117 med\u017eiaga<\/th>\n<th>Kiekis<\/th>\n<\/tr>\n<\/thead>\n<tbody>\n<tr>\n<td>L-karnitinas<\/td>\n<td>1000 mg<\/td>\n<\/tr>\n<\/tbody>\n<\/table>\n<h3>Kaip vartoti?<\/h3>\n<p>Sumai\u0161ykite 1 matavimo \u0161auk\u0161tel\u012f (1 g) \u012f g\u0117rim\u0105. Vartoti 1\u20132 kartus per dien\u0105. 100 g pakuot\u0117.<\/p>\n<h2>Da\u017eniausiai u\u017eduodami klausimai<\/h2>\n<h3>Kada geriausias laikas vartoti L-karntin\u0105?<\/h3>\n<p>Daugelis renkasi j\u012f vartoti prie\u0161 treniruot\u0119, ta\u010diau galima vartoti ir bet kuriuo kitu metu.<\/p>\n<h3>Ar gerai tirpsta?<\/h3>\n<p>Taip, beskonis milteliai, lengvai tirpstantys vandenyje ar sultyse.<\/p>\n<h3>Ar tinka veganams?<\/h3>\n<p>Taip. Sintetinis L-karnitinas, negautas i\u0161 gyv\u016bnini\u0173 \u0161altini\u0173.<\/p>\n<p><strong>\u017di\u016br\u0117ti taip pat:<\/strong> <a href=\"https:\/\/puhdasplus.ee\/toote-kategooria\/aminohapped\/\">Aminor\u016bg\u0161tys<\/a> | <a href=\"https:\/\/puhdasplus.ee\/toote-kategooria\/seedimine-ja-ainevahetus\/\">Vir\u0161kinimas ir med\u017eiag\u0173 apykaita<\/a> | <a href=\"https:\/\/puhdasplus.ee\/lt\/sport\/\">Sportas<\/a><\/p>\n","protected":false},"excerpt":{"rendered":"<p><strong>Puhdas+ L-karnitino milteliai 100 g yra nat\u016bralus ir grynas maisto papildas, palaikantis energijos apykait\u0105 ir padedantis i\u0161laikyti kasdien\u012f gyvybingum\u0105.<\/strong> L-karnitinas yra amino r\u016bg\u0161tis, kuri\u0105 organizmas naudoja riebal\u0173 r\u016bg\u0161\u010di\u0173 apykaitoje, tod\u0117l jis ypa\u010d populiarus tarp aktyvi\u0173 \u017emoni\u0173 ir sportuojan\u010di\u0173.<\/p>\n<p>Milteliai taip pat tinka nuovargio ir \u012ftemptu laikotarpi\u0173 metu, teikdami papildom\u0105 param\u0105 nat\u016braliems organizmo procesams. D\u0117ka neutralaus skonio juos lengva sumai\u0161yti su vandeniu, sultimis ar kokteiliu. Produktas yra 100% grynas, neturi gliuteno, laktoz\u0117s ar dirbtini\u0173 pried\u0173 ir puikiai tinka veganams.<\/p>\n","protected":false},"featured_media":34552,"comment_status":"closed","ping_status":"closed","template":"","meta":{"_acf_changed":false,"googlesitekit_rrm_CAow3eq7DA:productID":""},"product_brand":[],"product_cat":[3490,3318],"product_tag":[8362,8346,8350,3025,3131,7890,8378,7894,8339,2967],"class_list":{"0":"post-34549","1":"product","2":"type-product","3":"status-publish","4":"has-post-thumbnail","6":"product_cat-aminorugstys","7":"product_cat-virskinimas-ir-medziagu-apykaita","8":"product_tag-amino-rgtys-lt","9":"product_tag-be-gliuteno-lt","10":"product_tag-be-laktozs-lt","11":"product_tag-energija","12":"product_tag-maisto-papildas","13":"product_tag-milteliai","14":"product_tag-natralus-lt","15":"product_tag-sportine-mityba","16":"product_tag-sportiniai-papildai-lt","17":"product_tag-veganas","19":"first","20":"instock","21":"taxable","22":"shipping-taxable","23":"purchasable","24":"product-type-simple"},"acf":[],"yoast_head":"<!-- This site is optimized with the Yoast SEO plugin v27.3 - https:\/\/yoast.com\/product\/yoast-seo-wordpress\/ -->\n<title>L-karnitino milteliai 100g | Puhdas+<\/title>\n<meta name=\"description\" content=\"L-karnitino milteliai 100 g yra grynas maisto papildas, palaikantis riebal\u0173 apykait\u0105 ir energijos lyg\u012f. Be pried\u0173, tinka veganams ir vegetarams.\" \/>\n<meta name=\"robots\" content=\"index, follow, max-snippet:-1, max-image-preview:large, max-video-preview:-1\" \/>\n<link rel=\"canonical\" href=\"https:\/\/puhdasplus.ee\/lt\/produktai\/virskinimas-ir-medziagu-apykaita\/l-karnitino-milteliai-100-g\/\" \/>\n<meta property=\"og:locale\" content=\"lt_LT\" \/>\n<meta property=\"og:type\" content=\"article\" \/>\n<meta property=\"og:title\" content=\"L-karnitino milteliai 100g | Puhdas+\" \/>\n<meta property=\"og:description\" content=\"L-karnitino milteliai 100 g yra grynas maisto papildas, palaikantis riebal\u0173 apykait\u0105 ir energijos lyg\u012f. Be pried\u0173, tinka veganams ir vegetarams.\" \/>\n<meta property=\"og:url\" content=\"https:\/\/puhdasplus.ee\/lt\/produktai\/virskinimas-ir-medziagu-apykaita\/l-karnitino-milteliai-100-g\/\" \/>\n<meta property=\"og:site_name\" content=\"Puhdas+\" \/>\n<meta property=\"article:publisher\" content=\"https:\/\/www.facebook.com\/puhdasplus\" \/>\n<meta property=\"article:modified_time\" content=\"2026-04-07T17:09:28+00:00\" \/>\n<meta property=\"og:image\" content=\"https:\/\/puhdasplus.ee\/wp-content\/uploads\/2025\/03\/179.jpg\" \/>\n\t<meta property=\"og:image:width\" content=\"1862\" \/>\n\t<meta property=\"og:image:height\" content=\"2560\" \/>\n\t<meta property=\"og:image:type\" content=\"image\/jpeg\" \/>\n<meta name=\"twitter:card\" content=\"summary_large_image\" \/>\n<meta name=\"twitter:label1\" content=\"Est. reading time\" \/>\n\t<meta name=\"twitter:data1\" content=\"1 minut\u0117\" \/>\n<script type=\"application\/ld+json\" class=\"yoast-schema-graph\">{\"@context\":\"https:\\\/\\\/schema.org\",\"@graph\":[{\"@type\":\"WebPage\",\"@id\":\"https:\\\/\\\/puhdasplus.ee\\\/lt\\\/produktai\\\/virskinimas-ir-medziagu-apykaita\\\/l-karnitino-milteliai-100-g\\\/\",\"url\":\"https:\\\/\\\/puhdasplus.ee\\\/lt\\\/produktai\\\/virskinimas-ir-medziagu-apykaita\\\/l-karnitino-milteliai-100-g\\\/\",\"name\":\"L-karnitino milteliai 100g | Puhdas+\",\"isPartOf\":{\"@id\":\"https:\\\/\\\/puhdasplus.ee\\\/lt\\\/#website\"},\"primaryImageOfPage\":{\"@id\":\"https:\\\/\\\/puhdasplus.ee\\\/lt\\\/produktai\\\/virskinimas-ir-medziagu-apykaita\\\/l-karnitino-milteliai-100-g\\\/#primaryimage\"},\"image\":{\"@id\":\"https:\\\/\\\/puhdasplus.ee\\\/lt\\\/produktai\\\/virskinimas-ir-medziagu-apykaita\\\/l-karnitino-milteliai-100-g\\\/#primaryimage\"},\"thumbnailUrl\":\"https:\\\/\\\/puhdasplus.ee\\\/wp-content\\\/uploads\\\/2025\\\/03\\\/179.jpg\",\"datePublished\":\"2025-02-02T14:03:19+00:00\",\"dateModified\":\"2026-04-07T17:09:28+00:00\",\"description\":\"L-karnitino milteliai 100 g yra grynas maisto papildas, palaikantis riebal\u0173 apykait\u0105 ir energijos lyg\u012f. Be pried\u0173, tinka veganams ir vegetarams.\",\"breadcrumb\":{\"@id\":\"https:\\\/\\\/puhdasplus.ee\\\/lt\\\/produktai\\\/virskinimas-ir-medziagu-apykaita\\\/l-karnitino-milteliai-100-g\\\/#breadcrumb\"},\"inLanguage\":\"lt-LT\",\"potentialAction\":[{\"@type\":\"ReadAction\",\"target\":[\"https:\\\/\\\/puhdasplus.ee\\\/lt\\\/produktai\\\/virskinimas-ir-medziagu-apykaita\\\/l-karnitino-milteliai-100-g\\\/\"]}]},{\"@type\":\"ImageObject\",\"inLanguage\":\"lt-LT\",\"@id\":\"https:\\\/\\\/puhdasplus.ee\\\/lt\\\/produktai\\\/virskinimas-ir-medziagu-apykaita\\\/l-karnitino-milteliai-100-g\\\/#primaryimage\",\"url\":\"https:\\\/\\\/puhdasplus.ee\\\/wp-content\\\/uploads\\\/2025\\\/03\\\/179.jpg\",\"contentUrl\":\"https:\\\/\\\/puhdasplus.ee\\\/wp-content\\\/uploads\\\/2025\\\/03\\\/179.jpg\",\"width\":1862,\"height\":2560,\"caption\":\"L-karnitino milteliai\"},{\"@type\":\"BreadcrumbList\",\"@id\":\"https:\\\/\\\/puhdasplus.ee\\\/lt\\\/produktai\\\/virskinimas-ir-medziagu-apykaita\\\/l-karnitino-milteliai-100-g\\\/#breadcrumb\",\"itemListElement\":[{\"@type\":\"ListItem\",\"position\":1,\"name\":\"Prad\u017eia\",\"item\":\"https:\\\/\\\/puhdasplus.ee\\\/lt\\\/\"},{\"@type\":\"ListItem\",\"position\":2,\"name\":\"Produktai\",\"item\":\"https:\\\/\\\/puhdasplus.ee\\\/lt\\\/parduotuve\\\/\"},{\"@type\":\"ListItem\",\"position\":3,\"name\":\"L-karnitino milteliai 100g\"}]},{\"@type\":\"WebSite\",\"@id\":\"https:\\\/\\\/puhdasplus.ee\\\/lt\\\/#website\",\"url\":\"https:\\\/\\\/puhdasplus.ee\\\/lt\\\/\",\"name\":\"Puhdas+\",\"description\":\"Vitaminai, maisto papildai, nat\u016brali kosmetika, sveikata, sportas\",\"publisher\":{\"@id\":\"https:\\\/\\\/puhdasplus.ee\\\/lt\\\/#organization\"},\"potentialAction\":[{\"@type\":\"SearchAction\",\"target\":{\"@type\":\"EntryPoint\",\"urlTemplate\":\"https:\\\/\\\/puhdasplus.ee\\\/lt\\\/?s={search_term_string}\"},\"query-input\":{\"@type\":\"PropertyValueSpecification\",\"valueRequired\":true,\"valueName\":\"search_term_string\"}}],\"inLanguage\":\"lt-LT\"},{\"@type\":\"Organization\",\"@id\":\"https:\\\/\\\/puhdasplus.ee\\\/lt\\\/#organization\",\"name\":\"Puhdas+\",\"alternateName\":\"Puhdasplus\",\"url\":\"https:\\\/\\\/puhdasplus.ee\\\/lt\\\/\",\"logo\":{\"@type\":\"ImageObject\",\"inLanguage\":\"lt-LT\",\"@id\":\"https:\\\/\\\/puhdasplus.ee\\\/lt\\\/#\\\/schema\\\/logo\\\/image\\\/\",\"url\":\"https:\\\/\\\/puhdasplus.ee\\\/wp-content\\\/uploads\\\/2019\\\/10\\\/puhdas_logo-arvele.png\",\"contentUrl\":\"https:\\\/\\\/puhdasplus.ee\\\/wp-content\\\/uploads\\\/2019\\\/10\\\/puhdas_logo-arvele.png\",\"width\":114,\"height\":94,\"caption\":\"Puhdas+\"},\"image\":{\"@id\":\"https:\\\/\\\/puhdasplus.ee\\\/lt\\\/#\\\/schema\\\/logo\\\/image\\\/\"},\"sameAs\":[\"https:\\\/\\\/www.facebook.com\\\/puhdasplus\",\"https:\\\/\\\/www.instagram.com\\\/puhdasplus_ee\\\/\"]}]}<\/script>\n<!-- \/ Yoast SEO plugin. -->","yoast_head_json":{"title":"L-karnitino milteliai 100g | Puhdas+","description":"L-karnitino milteliai 100 g yra grynas maisto papildas, palaikantis riebal\u0173 apykait\u0105 ir energijos lyg\u012f. Be pried\u0173, tinka veganams ir vegetarams.","robots":{"index":"index","follow":"follow","max-snippet":"max-snippet:-1","max-image-preview":"max-image-preview:large","max-video-preview":"max-video-preview:-1"},"canonical":"https:\/\/puhdasplus.ee\/lt\/produktai\/virskinimas-ir-medziagu-apykaita\/l-karnitino-milteliai-100-g\/","og_locale":"lt_LT","og_type":"article","og_title":"L-karnitino milteliai 100g | Puhdas+","og_description":"L-karnitino milteliai 100 g yra grynas maisto papildas, palaikantis riebal\u0173 apykait\u0105 ir energijos lyg\u012f. Be pried\u0173, tinka veganams ir vegetarams.","og_url":"https:\/\/puhdasplus.ee\/lt\/produktai\/virskinimas-ir-medziagu-apykaita\/l-karnitino-milteliai-100-g\/","og_site_name":"Puhdas+","article_publisher":"https:\/\/www.facebook.com\/puhdasplus","article_modified_time":"2026-04-07T17:09:28+00:00","og_image":[{"width":1862,"height":2560,"url":"https:\/\/puhdasplus.ee\/wp-content\/uploads\/2025\/03\/179.jpg","type":"image\/jpeg"}],"twitter_card":"summary_large_image","twitter_misc":{"Est. reading time":"1 minut\u0117"},"schema":{"@context":"https:\/\/schema.org","@graph":[{"@type":"WebPage","@id":"https:\/\/puhdasplus.ee\/lt\/produktai\/virskinimas-ir-medziagu-apykaita\/l-karnitino-milteliai-100-g\/","url":"https:\/\/puhdasplus.ee\/lt\/produktai\/virskinimas-ir-medziagu-apykaita\/l-karnitino-milteliai-100-g\/","name":"L-karnitino milteliai 100g | Puhdas+","isPartOf":{"@id":"https:\/\/puhdasplus.ee\/lt\/#website"},"primaryImageOfPage":{"@id":"https:\/\/puhdasplus.ee\/lt\/produktai\/virskinimas-ir-medziagu-apykaita\/l-karnitino-milteliai-100-g\/#primaryimage"},"image":{"@id":"https:\/\/puhdasplus.ee\/lt\/produktai\/virskinimas-ir-medziagu-apykaita\/l-karnitino-milteliai-100-g\/#primaryimage"},"thumbnailUrl":"https:\/\/puhdasplus.ee\/wp-content\/uploads\/2025\/03\/179.jpg","datePublished":"2025-02-02T14:03:19+00:00","dateModified":"2026-04-07T17:09:28+00:00","description":"L-karnitino milteliai 100 g yra grynas maisto papildas, palaikantis riebal\u0173 apykait\u0105 ir energijos lyg\u012f. Be pried\u0173, tinka veganams ir vegetarams.","breadcrumb":{"@id":"https:\/\/puhdasplus.ee\/lt\/produktai\/virskinimas-ir-medziagu-apykaita\/l-karnitino-milteliai-100-g\/#breadcrumb"},"inLanguage":"lt-LT","potentialAction":[{"@type":"ReadAction","target":["https:\/\/puhdasplus.ee\/lt\/produktai\/virskinimas-ir-medziagu-apykaita\/l-karnitino-milteliai-100-g\/"]}]},{"@type":"ImageObject","inLanguage":"lt-LT","@id":"https:\/\/puhdasplus.ee\/lt\/produktai\/virskinimas-ir-medziagu-apykaita\/l-karnitino-milteliai-100-g\/#primaryimage","url":"https:\/\/puhdasplus.ee\/wp-content\/uploads\/2025\/03\/179.jpg","contentUrl":"https:\/\/puhdasplus.ee\/wp-content\/uploads\/2025\/03\/179.jpg","width":1862,"height":2560,"caption":"L-karnitino milteliai"},{"@type":"BreadcrumbList","@id":"https:\/\/puhdasplus.ee\/lt\/produktai\/virskinimas-ir-medziagu-apykaita\/l-karnitino-milteliai-100-g\/#breadcrumb","itemListElement":[{"@type":"ListItem","position":1,"name":"Prad\u017eia","item":"https:\/\/puhdasplus.ee\/lt\/"},{"@type":"ListItem","position":2,"name":"Produktai","item":"https:\/\/puhdasplus.ee\/lt\/parduotuve\/"},{"@type":"ListItem","position":3,"name":"L-karnitino milteliai 100g"}]},{"@type":"WebSite","@id":"https:\/\/puhdasplus.ee\/lt\/#website","url":"https:\/\/puhdasplus.ee\/lt\/","name":"Puhdas+","description":"Vitaminai, maisto papildai, nat\u016brali kosmetika, sveikata, sportas","publisher":{"@id":"https:\/\/puhdasplus.ee\/lt\/#organization"},"potentialAction":[{"@type":"SearchAction","target":{"@type":"EntryPoint","urlTemplate":"https:\/\/puhdasplus.ee\/lt\/?s={search_term_string}"},"query-input":{"@type":"PropertyValueSpecification","valueRequired":true,"valueName":"search_term_string"}}],"inLanguage":"lt-LT"},{"@type":"Organization","@id":"https:\/\/puhdasplus.ee\/lt\/#organization","name":"Puhdas+","alternateName":"Puhdasplus","url":"https:\/\/puhdasplus.ee\/lt\/","logo":{"@type":"ImageObject","inLanguage":"lt-LT","@id":"https:\/\/puhdasplus.ee\/lt\/#\/schema\/logo\/image\/","url":"https:\/\/puhdasplus.ee\/wp-content\/uploads\/2019\/10\/puhdas_logo-arvele.png","contentUrl":"https:\/\/puhdasplus.ee\/wp-content\/uploads\/2019\/10\/puhdas_logo-arvele.png","width":114,"height":94,"caption":"Puhdas+"},"image":{"@id":"https:\/\/puhdasplus.ee\/lt\/#\/schema\/logo\/image\/"},"sameAs":["https:\/\/www.facebook.com\/puhdasplus","https:\/\/www.instagram.com\/puhdasplus_ee\/"]}]}},"_yoast_wpseo_title":"L-karnitino milteliai 100g | Puhdas+","_yoast_wpseo_metadesc":"L-karnitino milteliai 100 g yra grynas maisto papildas, palaikantis riebal\u0173 apykait\u0105 ir energijos lyg\u012f. Be pried\u0173, tinka veganams ir vegetarams.","_yoast_wpseo_focuskw":"","_links":{"self":[{"href":"https:\/\/puhdasplus.ee\/lt\/wp-json\/wp\/v2\/product\/34549","targetHints":{"allow":["GET"]}}],"collection":[{"href":"https:\/\/puhdasplus.ee\/lt\/wp-json\/wp\/v2\/product"}],"about":[{"href":"https:\/\/puhdasplus.ee\/lt\/wp-json\/wp\/v2\/types\/product"}],"replies":[{"embeddable":true,"href":"https:\/\/puhdasplus.ee\/lt\/wp-json\/wp\/v2\/comments?post=34549"}],"wp:featuredmedia":[{"embeddable":true,"href":"https:\/\/puhdasplus.ee\/lt\/wp-json\/wp\/v2\/media\/34552"}],"wp:attachment":[{"href":"https:\/\/puhdasplus.ee\/lt\/wp-json\/wp\/v2\/media?parent=34549"}],"wp:term":[{"taxonomy":"product_brand","embeddable":true,"href":"https:\/\/puhdasplus.ee\/lt\/wp-json\/wp\/v2\/product_brand?post=34549"},{"taxonomy":"product_cat","embeddable":true,"href":"https:\/\/puhdasplus.ee\/lt\/wp-json\/wp\/v2\/product_cat?post=34549"},{"taxonomy":"product_tag","embeddable":true,"href":"https:\/\/puhdasplus.ee\/lt\/wp-json\/wp\/v2\/product_tag?post=34549"}],"curies":[{"name":"wp","href":"https:\/\/api.w.org\/{rel}","templated":true}]}}