{"id":34535,"date":"2025-02-02T15:24:33","date_gmt":"2025-02-02T13:24:33","guid":{"rendered":"https:\/\/puhdasplus.ee\/tooted\/be-kategorijos\/gliukozaminas\/"},"modified":"2026-04-07T09:10:55","modified_gmt":"2026-04-07T06:10:55","slug":"gliukozaminas","status":"publish","type":"product","link":"https:\/\/puhdasplus.ee\/lt\/produktai\/sportas\/gliukozaminas\/","title":{"rendered":"Gliukozaminas"},"content":{"rendered":"<h2>Kas yra gliukozaminas ir kam jis naudingas?<\/h2>\n<p>Puhdas+ Gliukozaminas yra 100% augalinio kilm\u0117s gliukozamino sulfato turintis maisto papildas, pagamintas be dirbtini\u0173 pried\u0173. Gliukozaminas yra nat\u016bralus junginys, randamas organizme, \u012fskaitant s\u0105nari\u0173 kremzles ir jungiam\u0105j\u012f audin\u012f. Su am\u017eiumi ir gyvenimo b\u016bdu susij\u0119 poky\u010diai gali paveikti organizmo gliukozamino atsargas, tod\u0117l \u0161is junginys yra populiarus maisto papildas kasdien\u0117s mitybos dalyje.<\/p>\n<p>Gliukozamin\u0105 turin\u010dius maisto papildus da\u017enai vartoja aktyvaus gyvenimo b\u016bdo \u017emon\u0117s. Maisto papildas puikiai tinka tiems, kurie s\u0105moningai nori papildyti savo meniu med\u017eiaga, priklausan\u010dia prie nat\u016brali\u0173 k\u016bno strukt\u016br\u0173 sud\u0117ties.<\/p>\n<h2>Kam tinka Puhdas+ Gliukozaminas?<\/h2>\n<ul>\n<li>\u017dmon\u0117ms, kurie vertina s\u0105moning\u0105 mityb\u0105 ir nori prid\u0117ti gliukozamin\u0105 prie savo kasdienio meniu<\/li>\n<li>Fizi\u0161kai aktyviems \u017emon\u0117ms<\/li>\n<li>Vegetarams ir veganams \u2013 produktas yra 100% augalinis<\/li>\n<\/ul>\n<ul>\n<li>Tiems, kurie teikia pirmenyb\u0119 \u0161varios sud\u0117ties maisto papildams be dirbtini\u0173 pried\u0173<\/li>\n<\/ul>\n<h2>Sudedamosios dalys<\/h2>\n<ul>\n<li><strong>Gliukozamino sulfatas<\/strong> (augalin\u0117s kilm\u0117s)<\/li>\n<li><strong>U\u017epildas:<\/strong> Ry\u017ei\u0173 miltai<\/li>\n<li><strong>Kapsul\u0117s kevalas:<\/strong> Hidroksipropilmetilceliulioz\u0117 (augalin\u0117)<\/li>\n<\/ul>\n<p><strong>Neturi:<\/strong><br \/>\nPieno produkt\u0173, laktoz\u0117s, glitimo, soj\u0173, mieli\u0173, prid\u0117t\u0173 cukr\u0173 ar saldikli\u0173, konservant\u0173, da\u017eikli\u0173 ar dirbtini\u0173 skoni\u0173<\/p>\n<h2>Maistingumo vert\u0117 (paros doz\u0117 \u2013 2 kapsul\u0117s):<\/h2>\n<div class=\"group pointer-events-none relative flex justify-center *:pointer-events-auto\">\n<div class=\"tableContainer horzScrollShadows relative\">\n<p>Gliukozamino sulfatas 1000 mg, i\u0161 kuri\u0173 gliukozaminas 600 mg.<\/p>\n<h2>Vartojimas<\/h2>\n<p>Rekomenduojama paros doz\u0117: 2 kapsul\u0117s per dien\u0105 su vandeniu.<br \/>\nNevir\u0161yti paros doz\u0117s.<\/p>\n<h2>\u012esp\u0117jimai ir laikymo s\u0105lygos<\/h2>\n<ul>\n<li>Maisto papildas neformuoja \u012fvairios ir subalansuotos mitybos bei sveiko gyvenimo b\u016bdo.<\/li>\n<li>Laikyti nepasiekiamoje vaikams vietoje.<\/li>\n<li>Laikyti sausoje ir v\u0117sioje vietoje.<\/li>\n<\/ul>\n<\/div>\n<\/div>\n<p><strong>Taip pat \u017ei\u016br\u0117kite:<\/strong> <a href=\"https:\/\/puhdasplus.ee\/toote-kategooria\/liigesed-lihased-ja-luud\/\">S\u0105nariai, raumenys ir kaulai<\/a> | <a href=\"https:\/\/puhdasplus.ee\/lt\/sport\/\">Sportas<\/a> | <a href=\"https:\/\/puhdasplus.ee\/toote-kategooria\/mineraalained\/\">Mineralin\u0117s med\u017eiagos<\/a><\/p>\n","protected":false},"excerpt":{"rendered":"<p>Puhdas+ Gliukozaminas yra kokybi\u0161kas augalin\u0117s kilm\u0117s maisto papildas, kuriame yra gliukozamino sulfato \u2013 nat\u016bralios med\u017eiagos, randamos \u017emogaus organizme s\u0105nari\u0173 kremzl\u0117se ir jungiamajame audinyje. Gliukozamino lygis organizme gali ma\u017e\u0117ti d\u0117l am\u017eiaus, aktyvaus gyvenimo b\u016bdo ar fizinio kr\u016bvio, tod\u0117l gali atsirasti poreikis \u0161\u012f jungin\u012f vartoti kaip papild\u0105.<\/p>\n<p>\u0160is maisto papildas sukurtas kasdien\u0117s mitybos papildymui \u017emon\u0117ms, kurie nori <b>i\u0161laikyti aktyv\u0173 gyvenimo b\u016bd\u0105 ir r\u016bpintis savo jud\u0117jimo komfortu<\/b>.<\/p>\n<p>Puhdas+ Gliukozaminas pagamintas \u0161varios sud\u0117ties principu \u2013 <b>be konservant\u0173, glitimo, laktoz\u0117s, soj\u0173, mieli\u0173 ir dirbtini\u0173 pried\u0173.<\/b><\/p>\n<p>Puhdas+ Gliukozaminas:<\/p>\n<ul>\n<li>Turi <strong>gliukozamino sulfato 1000 mg<\/strong> dviejose kapsul\u0117se per dien\u0105<\/li>\n<li>Yra <strong>visi\u0161kai augalinis<\/strong> \u2013 tinka veganams ir vegetarams<\/li>\n<li><strong>Neturi<\/strong> konservant\u0173, laktoz\u0117s, glitimo, soj\u0173, mieli\u0173 ar dirbtini\u0173 pried\u0173. Tinka veganams.<\/li>\n<li>Pagamintas <strong>\u0161varios sud\u0117ties principu<\/strong>, be nereikaling\u0173 pried\u0173<\/li>\n<\/ul>\n<h4><\/h4>\n","protected":false},"featured_media":32442,"comment_status":"closed","ping_status":"closed","template":"","meta":{"_acf_changed":false,"googlesitekit_rrm_CAow3eq7DA:productID":""},"product_brand":[],"product_cat":[3461,3049,3016],"product_tag":[8362,3131,8378,3144,2967],"class_list":{"0":"post-34535","1":"product","2":"type-product","3":"status-publish","4":"has-post-thumbnail","6":"product_cat-sanariai-raumenys-ir-kaulai","7":"product_cat-specialus-pasiulymai","8":"product_cat-sportas","9":"product_tag-amino-rgtys-lt","10":"product_tag-maisto-papildas","11":"product_tag-natralus-lt","12":"product_tag-raumenys-ir-sanariai","13":"product_tag-veganas","15":"first","16":"instock","17":"sale","18":"taxable","19":"shipping-taxable","20":"purchasable","21":"product-type-variable","22":"has-default-attributes"},"acf":[],"yoast_head":"<!-- This site is optimized with the Yoast SEO plugin v27.3 - https:\/\/yoast.com\/product\/yoast-seo-wordpress\/ -->\n<title>Gliukozaminas 60 kapsuli\u0173 | Puhdas+<\/title>\n<meta name=\"description\" content=\"Gliukozaminas 1500 mg \u2014 nat\u016bralus sudedamoji dalis, randama kremzl\u0117s audinyje. \u0160vari sud\u0117tis, tinka veganams. Suomijos kokyb\u0117. 60 kapsuli\u0173.\" \/>\n<meta name=\"robots\" content=\"index, follow, max-snippet:-1, max-image-preview:large, max-video-preview:-1\" \/>\n<link rel=\"canonical\" href=\"https:\/\/puhdasplus.ee\/lt\/produktai\/sportas\/gliukozaminas\/\" \/>\n<meta property=\"og:locale\" content=\"lt_LT\" \/>\n<meta property=\"og:type\" content=\"article\" \/>\n<meta property=\"og:title\" content=\"Gliukozaminas 60 kapsuli\u0173 | Puhdas+\" \/>\n<meta property=\"og:description\" content=\"Gliukozaminas 1500 mg \u2014 nat\u016bralus sudedamoji dalis, randama kremzl\u0117s audinyje. \u0160vari sud\u0117tis, tinka veganams. Suomijos kokyb\u0117. 60 kapsuli\u0173.\" \/>\n<meta property=\"og:url\" content=\"https:\/\/puhdasplus.ee\/lt\/produktai\/sportas\/gliukozaminas\/\" \/>\n<meta property=\"og:site_name\" content=\"Puhdas+\" \/>\n<meta property=\"article:publisher\" content=\"https:\/\/www.facebook.com\/puhdasplus\" \/>\n<meta property=\"article:modified_time\" content=\"2026-04-07T06:10:55+00:00\" \/>\n<meta property=\"og:image\" content=\"https:\/\/puhdasplus.ee\/wp-content\/uploads\/2025\/03\/190.jpg\" \/>\n\t<meta property=\"og:image:width\" content=\"1862\" \/>\n\t<meta property=\"og:image:height\" content=\"2560\" \/>\n\t<meta property=\"og:image:type\" content=\"image\/jpeg\" \/>\n<meta name=\"twitter:card\" content=\"summary_large_image\" \/>\n<meta name=\"twitter:label1\" content=\"Est. reading time\" \/>\n\t<meta name=\"twitter:data1\" content=\"1 minut\u0117\" \/>\n<script type=\"application\/ld+json\" class=\"yoast-schema-graph\">{\"@context\":\"https:\\\/\\\/schema.org\",\"@graph\":[{\"@type\":\"WebPage\",\"@id\":\"https:\\\/\\\/puhdasplus.ee\\\/lt\\\/produktai\\\/sportas\\\/gliukozaminas\\\/\",\"url\":\"https:\\\/\\\/puhdasplus.ee\\\/lt\\\/produktai\\\/sportas\\\/gliukozaminas\\\/\",\"name\":\"Gliukozaminas 60 kapsuli\u0173 | Puhdas+\",\"isPartOf\":{\"@id\":\"https:\\\/\\\/puhdasplus.ee\\\/lt\\\/#website\"},\"primaryImageOfPage\":{\"@id\":\"https:\\\/\\\/puhdasplus.ee\\\/lt\\\/produktai\\\/sportas\\\/gliukozaminas\\\/#primaryimage\"},\"image\":{\"@id\":\"https:\\\/\\\/puhdasplus.ee\\\/lt\\\/produktai\\\/sportas\\\/gliukozaminas\\\/#primaryimage\"},\"thumbnailUrl\":\"https:\\\/\\\/puhdasplus.ee\\\/wp-content\\\/uploads\\\/2025\\\/03\\\/190.jpg\",\"datePublished\":\"2025-02-02T13:24:33+00:00\",\"dateModified\":\"2026-04-07T06:10:55+00:00\",\"description\":\"Gliukozaminas 1500 mg \u2014 nat\u016bralus sudedamoji dalis, randama kremzl\u0117s audinyje. \u0160vari sud\u0117tis, tinka veganams. Suomijos kokyb\u0117. 60 kapsuli\u0173.\",\"breadcrumb\":{\"@id\":\"https:\\\/\\\/puhdasplus.ee\\\/lt\\\/produktai\\\/sportas\\\/gliukozaminas\\\/#breadcrumb\"},\"inLanguage\":\"lt-LT\",\"potentialAction\":[{\"@type\":\"ReadAction\",\"target\":[\"https:\\\/\\\/puhdasplus.ee\\\/lt\\\/produktai\\\/sportas\\\/gliukozaminas\\\/\"]}]},{\"@type\":\"ImageObject\",\"inLanguage\":\"lt-LT\",\"@id\":\"https:\\\/\\\/puhdasplus.ee\\\/lt\\\/produktai\\\/sportas\\\/gliukozaminas\\\/#primaryimage\",\"url\":\"https:\\\/\\\/puhdasplus.ee\\\/wp-content\\\/uploads\\\/2025\\\/03\\\/190.jpg\",\"contentUrl\":\"https:\\\/\\\/puhdasplus.ee\\\/wp-content\\\/uploads\\\/2025\\\/03\\\/190.jpg\",\"width\":1862,\"height\":2560,\"caption\":\"gliukozaminas\"},{\"@type\":\"BreadcrumbList\",\"@id\":\"https:\\\/\\\/puhdasplus.ee\\\/lt\\\/produktai\\\/sportas\\\/gliukozaminas\\\/#breadcrumb\",\"itemListElement\":[{\"@type\":\"ListItem\",\"position\":1,\"name\":\"Prad\u017eia\",\"item\":\"https:\\\/\\\/puhdasplus.ee\\\/lt\\\/\"},{\"@type\":\"ListItem\",\"position\":2,\"name\":\"Produktai\",\"item\":\"https:\\\/\\\/puhdasplus.ee\\\/lt\\\/parduotuve\\\/\"},{\"@type\":\"ListItem\",\"position\":3,\"name\":\"Gliukozaminas\"}]},{\"@type\":\"WebSite\",\"@id\":\"https:\\\/\\\/puhdasplus.ee\\\/lt\\\/#website\",\"url\":\"https:\\\/\\\/puhdasplus.ee\\\/lt\\\/\",\"name\":\"Puhdas+\",\"description\":\"Vitaminai, maisto papildai, nat\u016brali kosmetika, sveikata, sportas\",\"publisher\":{\"@id\":\"https:\\\/\\\/puhdasplus.ee\\\/lt\\\/#organization\"},\"potentialAction\":[{\"@type\":\"SearchAction\",\"target\":{\"@type\":\"EntryPoint\",\"urlTemplate\":\"https:\\\/\\\/puhdasplus.ee\\\/lt\\\/?s={search_term_string}\"},\"query-input\":{\"@type\":\"PropertyValueSpecification\",\"valueRequired\":true,\"valueName\":\"search_term_string\"}}],\"inLanguage\":\"lt-LT\"},{\"@type\":\"Organization\",\"@id\":\"https:\\\/\\\/puhdasplus.ee\\\/lt\\\/#organization\",\"name\":\"Puhdas+\",\"alternateName\":\"Puhdasplus\",\"url\":\"https:\\\/\\\/puhdasplus.ee\\\/lt\\\/\",\"logo\":{\"@type\":\"ImageObject\",\"inLanguage\":\"lt-LT\",\"@id\":\"https:\\\/\\\/puhdasplus.ee\\\/lt\\\/#\\\/schema\\\/logo\\\/image\\\/\",\"url\":\"https:\\\/\\\/puhdasplus.ee\\\/wp-content\\\/uploads\\\/2019\\\/10\\\/puhdas_logo-arvele.png\",\"contentUrl\":\"https:\\\/\\\/puhdasplus.ee\\\/wp-content\\\/uploads\\\/2019\\\/10\\\/puhdas_logo-arvele.png\",\"width\":114,\"height\":94,\"caption\":\"Puhdas+\"},\"image\":{\"@id\":\"https:\\\/\\\/puhdasplus.ee\\\/lt\\\/#\\\/schema\\\/logo\\\/image\\\/\"},\"sameAs\":[\"https:\\\/\\\/www.facebook.com\\\/puhdasplus\",\"https:\\\/\\\/www.instagram.com\\\/puhdasplus_ee\\\/\"]}]}<\/script>\n<!-- \/ Yoast SEO plugin. -->","yoast_head_json":{"title":"Gliukozaminas 60 kapsuli\u0173 | Puhdas+","description":"Gliukozaminas 1500 mg \u2014 nat\u016bralus sudedamoji dalis, randama kremzl\u0117s audinyje. \u0160vari sud\u0117tis, tinka veganams. Suomijos kokyb\u0117. 60 kapsuli\u0173.","robots":{"index":"index","follow":"follow","max-snippet":"max-snippet:-1","max-image-preview":"max-image-preview:large","max-video-preview":"max-video-preview:-1"},"canonical":"https:\/\/puhdasplus.ee\/lt\/produktai\/sportas\/gliukozaminas\/","og_locale":"lt_LT","og_type":"article","og_title":"Gliukozaminas 60 kapsuli\u0173 | Puhdas+","og_description":"Gliukozaminas 1500 mg \u2014 nat\u016bralus sudedamoji dalis, randama kremzl\u0117s audinyje. \u0160vari sud\u0117tis, tinka veganams. Suomijos kokyb\u0117. 60 kapsuli\u0173.","og_url":"https:\/\/puhdasplus.ee\/lt\/produktai\/sportas\/gliukozaminas\/","og_site_name":"Puhdas+","article_publisher":"https:\/\/www.facebook.com\/puhdasplus","article_modified_time":"2026-04-07T06:10:55+00:00","og_image":[{"width":1862,"height":2560,"url":"https:\/\/puhdasplus.ee\/wp-content\/uploads\/2025\/03\/190.jpg","type":"image\/jpeg"}],"twitter_card":"summary_large_image","twitter_misc":{"Est. reading time":"1 minut\u0117"},"schema":{"@context":"https:\/\/schema.org","@graph":[{"@type":"WebPage","@id":"https:\/\/puhdasplus.ee\/lt\/produktai\/sportas\/gliukozaminas\/","url":"https:\/\/puhdasplus.ee\/lt\/produktai\/sportas\/gliukozaminas\/","name":"Gliukozaminas 60 kapsuli\u0173 | Puhdas+","isPartOf":{"@id":"https:\/\/puhdasplus.ee\/lt\/#website"},"primaryImageOfPage":{"@id":"https:\/\/puhdasplus.ee\/lt\/produktai\/sportas\/gliukozaminas\/#primaryimage"},"image":{"@id":"https:\/\/puhdasplus.ee\/lt\/produktai\/sportas\/gliukozaminas\/#primaryimage"},"thumbnailUrl":"https:\/\/puhdasplus.ee\/wp-content\/uploads\/2025\/03\/190.jpg","datePublished":"2025-02-02T13:24:33+00:00","dateModified":"2026-04-07T06:10:55+00:00","description":"Gliukozaminas 1500 mg \u2014 nat\u016bralus sudedamoji dalis, randama kremzl\u0117s audinyje. \u0160vari sud\u0117tis, tinka veganams. Suomijos kokyb\u0117. 60 kapsuli\u0173.","breadcrumb":{"@id":"https:\/\/puhdasplus.ee\/lt\/produktai\/sportas\/gliukozaminas\/#breadcrumb"},"inLanguage":"lt-LT","potentialAction":[{"@type":"ReadAction","target":["https:\/\/puhdasplus.ee\/lt\/produktai\/sportas\/gliukozaminas\/"]}]},{"@type":"ImageObject","inLanguage":"lt-LT","@id":"https:\/\/puhdasplus.ee\/lt\/produktai\/sportas\/gliukozaminas\/#primaryimage","url":"https:\/\/puhdasplus.ee\/wp-content\/uploads\/2025\/03\/190.jpg","contentUrl":"https:\/\/puhdasplus.ee\/wp-content\/uploads\/2025\/03\/190.jpg","width":1862,"height":2560,"caption":"gliukozaminas"},{"@type":"BreadcrumbList","@id":"https:\/\/puhdasplus.ee\/lt\/produktai\/sportas\/gliukozaminas\/#breadcrumb","itemListElement":[{"@type":"ListItem","position":1,"name":"Prad\u017eia","item":"https:\/\/puhdasplus.ee\/lt\/"},{"@type":"ListItem","position":2,"name":"Produktai","item":"https:\/\/puhdasplus.ee\/lt\/parduotuve\/"},{"@type":"ListItem","position":3,"name":"Gliukozaminas"}]},{"@type":"WebSite","@id":"https:\/\/puhdasplus.ee\/lt\/#website","url":"https:\/\/puhdasplus.ee\/lt\/","name":"Puhdas+","description":"Vitaminai, maisto papildai, nat\u016brali kosmetika, sveikata, sportas","publisher":{"@id":"https:\/\/puhdasplus.ee\/lt\/#organization"},"potentialAction":[{"@type":"SearchAction","target":{"@type":"EntryPoint","urlTemplate":"https:\/\/puhdasplus.ee\/lt\/?s={search_term_string}"},"query-input":{"@type":"PropertyValueSpecification","valueRequired":true,"valueName":"search_term_string"}}],"inLanguage":"lt-LT"},{"@type":"Organization","@id":"https:\/\/puhdasplus.ee\/lt\/#organization","name":"Puhdas+","alternateName":"Puhdasplus","url":"https:\/\/puhdasplus.ee\/lt\/","logo":{"@type":"ImageObject","inLanguage":"lt-LT","@id":"https:\/\/puhdasplus.ee\/lt\/#\/schema\/logo\/image\/","url":"https:\/\/puhdasplus.ee\/wp-content\/uploads\/2019\/10\/puhdas_logo-arvele.png","contentUrl":"https:\/\/puhdasplus.ee\/wp-content\/uploads\/2019\/10\/puhdas_logo-arvele.png","width":114,"height":94,"caption":"Puhdas+"},"image":{"@id":"https:\/\/puhdasplus.ee\/lt\/#\/schema\/logo\/image\/"},"sameAs":["https:\/\/www.facebook.com\/puhdasplus","https:\/\/www.instagram.com\/puhdasplus_ee\/"]}]}},"_yoast_wpseo_title":"Gliukozaminas 60 kapsuli\u0173 | Puhdas+","_yoast_wpseo_metadesc":"Gliukozaminas 1500 mg \u2014 nat\u016bralus sudedamoji dalis, randama kremzl\u0117s audinyje. \u0160vari sud\u0117tis, tinka veganams. Suomijos kokyb\u0117. 60 kapsuli\u0173.","_yoast_wpseo_focuskw":"gliukozaminas maisto papildas","_links":{"self":[{"href":"https:\/\/puhdasplus.ee\/lt\/wp-json\/wp\/v2\/product\/34535","targetHints":{"allow":["GET"]}}],"collection":[{"href":"https:\/\/puhdasplus.ee\/lt\/wp-json\/wp\/v2\/product"}],"about":[{"href":"https:\/\/puhdasplus.ee\/lt\/wp-json\/wp\/v2\/types\/product"}],"replies":[{"embeddable":true,"href":"https:\/\/puhdasplus.ee\/lt\/wp-json\/wp\/v2\/comments?post=34535"}],"wp:featuredmedia":[{"embeddable":true,"href":"https:\/\/puhdasplus.ee\/lt\/wp-json\/wp\/v2\/media\/32442"}],"wp:attachment":[{"href":"https:\/\/puhdasplus.ee\/lt\/wp-json\/wp\/v2\/media?parent=34535"}],"wp:term":[{"taxonomy":"product_brand","embeddable":true,"href":"https:\/\/puhdasplus.ee\/lt\/wp-json\/wp\/v2\/product_brand?post=34535"},{"taxonomy":"product_cat","embeddable":true,"href":"https:\/\/puhdasplus.ee\/lt\/wp-json\/wp\/v2\/product_cat?post=34535"},{"taxonomy":"product_tag","embeddable":true,"href":"https:\/\/puhdasplus.ee\/lt\/wp-json\/wp\/v2\/product_tag?post=34535"}],"curies":[{"name":"wp","href":"https:\/\/api.w.org\/{rel}","templated":true}]}}