{"id":34062,"date":"2022-03-03T12:26:06","date_gmt":"2022-03-03T10:26:06","guid":{"rendered":"https:\/\/puhdasplus.ee\/tooted\/be-kategorijos\/kalcio-citratas-200-mg-120-g\/"},"modified":"2026-04-07T20:03:56","modified_gmt":"2026-04-07T17:03:56","slug":"kalcio-citratas-200-mg-120-g","status":"publish","type":"product","link":"https:\/\/puhdasplus.ee\/lt\/produktai\/mineralai\/kalcio-citratas-200-mg-120-g\/","title":{"rendered":"Kalcio citratas 200 mg 120 g"},"content":{"rendered":"<h2>Kas yra \u201ePuhdas+\u201c kalcio citratas 200 mg ir kod\u0117l jis b\u016btinas?<\/h2>\n<p><strong>\u201ePuhdas+ Calcium Citrate 200 mg\u201c<\/strong> yra auk\u0161tos kokyb\u0117s maisto papildas, kurio sud\u0117tyje yra lengvai \u012fsisavinamo kalcio citrato \u2013 mineralo, kur\u012f organizmas lengvai pasisavina. Kalcis yra vienas svarbiausi\u0173 mineral\u0173 m\u016bs\u0173 organizme, atliekantis pagrindin\u012f vaidmen\u012f palaikant stiprius kaulus ir dantis, normali\u0105 raumen\u0173 funkcij\u0105, nerv\u0173 sistemos veikl\u0105 ir energijos apykait\u0105. <\/p>\n<p>Kalcio poreikis did\u0117ja su am\u017eiumi, aktyviu gyvenimo b\u016bdu arba ma\u017eai kalcio turin\u010dia mityba. Nepakankamas kalcio vartojimas laikui b\u0117gant gali lemti kaul\u0173 ret\u0117jim\u0105 ir silpn\u0117jim\u0105, o tai padidina l\u016b\u017ei\u0173 rizik\u0105. Kalcio tr\u016bkumas taip pat gali sukelti raumen\u0173 m\u0117\u0161lung\u012f ir nerv\u0173 sistemos sutrikimus.  <\/p>\n<p><strong>\u201ePuhdas+\u201c kalcio citratas<\/strong> suteikia gryn\u0105 ir nat\u016brali\u0105 organizmo param\u0105 be dirbtini\u0173 pried\u0173. \u0160is produktas puikiai tinka visiems, norintiems sustiprinti kaulus, palaikyti normali\u0105 raumen\u0173 ir nerv\u0173 sistemos funkcij\u0105 bei u\u017etikrinti, kad j\u0173 organizmas kasdien gaut\u0173 reikiam\u0105 kalcio kiek\u012f. <\/p>\n<h2>Palaiko kaul\u0173 ir dant\u0173 sveikat\u0105<\/h2>\n<p>Kalcis yra b\u016btinas mineralas, padedantis palaikyti normali\u0105 kaul\u0173 ir dant\u0173 b\u016bkl\u0119. \u201ePuhdas+ Calcium Citrate 200 mg\u201c sud\u0117tyje yra labai gerai \u012fsisavinamo kalcio citrato, kuris palaiko kaul\u0173 stiprum\u0105 ir dant\u0173 sveikat\u0105.<\/p>\n<h2>Prisideda prie normalios raumen\u0173 funkcijos<\/h2>\n<p>Kalcis atlieka svarb\u0173 vaidmen\u012f raumen\u0173 susitraukime ir atsipalaidavime. Pakankamas kalcio suvartojimas prisideda prie normalios raumen\u0173 funkcijos ir gali suma\u017einti raumen\u0173 m\u0117\u0161lung\u012f.<\/p>\n<h2>Palaiko nerv\u0173 sistem\u0105 ir energijos apykait\u0105<\/h2>\n<p>Kalcis dalyvauja nervini\u0173 impuls\u0173 perdavime ir prisideda prie normalios nerv\u0173 sistemos veiklos. Jis taip pat palaiko normali\u0105 energijos apykait\u0105, pad\u0117damas organizmui gaminti energij\u0105, reikaling\u0105 kasdienei veiklai.<\/p>\n<h2>100 % nat\u016bralus ir tinka veganams<\/h2>\n<p>\u201ePuhdas+ Calcium Citrate 200 mg\u201c pagamintas be dirbtini\u0173 pried\u0173, konservant\u0173, da\u017eikli\u0173 ar saldikli\u0173. Produkte n\u0117ra laktoz\u0117s, glitimo, mieli\u0173, cukraus, druskos, krakmolo, kukur\u016bz\u0173 ar soj\u0173, tod\u0117l tinka veganams.<\/p>\n<h2>Ingredientai<\/h2>\n<ul>\n<li>\n<p><strong>Kalcio citratas<\/strong><\/p>\n<\/li>\n<\/ul>\n<p>Sud\u0117tyje n\u0117ra laktoz\u0117s, mieli\u0173, glitimo, cukraus, druskos, krakmolo, kukur\u016bz\u0173, sojos ar saldikli\u0173.<\/p>\n<h2>Maistin\u0117 vert\u0117 (1\u20133 kau\u0161eliai \/ 1 ml)<\/h2>\n<ul>\n<li>\n<p><strong>Kalcis<\/strong> : 200\u2013600 mg (25\u201375 % rekomenduojamos paros normos)<\/p>\n<\/li>\n<\/ul>\n<h2>Naudojimas<\/h2>\n<p>Suaugusiesiems: 1\u20133 kau\u0161eliai (1 ml) per dien\u0105. Miltelius sumai\u0161ykite su vandeniu, sultimis arba kokteiliu. <\/p>\n<p><strong>Pastaba:<\/strong> Nevir\u0161ykite rekomenduojamos paros doz\u0117s. Maisto papildas nepakei\u010dia \u012fvairios ir subalansuotos mitybos ar sveiko gyvenimo b\u016bdo. Laikyti vaikams nepasiekiamoje vietoje.<\/p>\n<p><strong>\u017di\u016br\u0117ti taip pat:<\/strong> <a href=\"https:\/\/puhdasplus.ee\/toote-kategooria\/liigesed-lihased-ja-luud\/\">S\u0105nariai, raumenys ir kaulai<\/a> | <a href=\"https:\/\/puhdasplus.ee\/toote-kategooria\/mineraalained\/\">Mineraalained<\/a> | <a href=\"https:\/\/puhdasplus.ee\/toote-kategooria\/superfood\/\">Superfood<\/a><\/p>\n","protected":false},"excerpt":{"rendered":"<p><strong>\u201ePuhdas+\u201c kalcio citratas 200 mg<\/strong> yra auk\u0161tos kokyb\u0117s maisto papildas, apr\u016bpinantis organizm\u0105 lengvai pasisavinamu kalciu. Kalcis yra b\u016btinas mineralas, padedantis palaikyti stiprius ir sveikus kaulus bei dantis, prisidedantis prie normalios raumen\u0173 funkcijos, nerv\u0173 sistemos ir energijos apykaitos. <\/p>\n<p>Su am\u017eiumi, stresiniais laikotarpiais arba d\u0117l nesubalansuotos mitybos organizme gali suma\u017e\u0117ti kalcio kiekis, d\u0117l to gali susilpn\u0117ti kaulai, atsirasti raumen\u0173 m\u0117\u0161lungis ir bendras nuovargis. \u201ePuhdas+\u201c kalcio citratas padeda i\u0161vengti \u0161i\u0173 problem\u0173, suteikdamas reikiam\u0105 gerai absorbuojamo kalcio paros norm\u0105. <\/p>\n<p>Produktas yra visi\u0161kai nat\u016bralus, be dirbtini\u0173 pried\u0173, da\u017eikli\u0173 ar saldikli\u0173, tod\u0117l idealiai tinka veganams, taip pat tiems, kurie nori i\u0161vengti laktoz\u0117s, glitimo, sojos ir kit\u0173 \u012fprast\u0173 alergen\u0173.<\/p>\n<p><strong>\u201ePuhdas+\u201c kalcio citratas 200 mg<\/strong> yra idealus pasirinkimas visiems, norintiems sustiprinti kaulus, palaikyti normali\u0105 raumen\u0173 funkcij\u0105 ir nat\u016braliu b\u016bdu i\u0161laikyti k\u016bno pusiausvyr\u0105.<\/p>\n","protected":false},"featured_media":34066,"comment_status":"closed","ping_status":"closed","template":"","meta":{"_acf_changed":false,"googlesitekit_rrm_CAow3eq7DA:productID":""},"product_brand":[],"product_cat":[3120,3461,3318],"product_tag":[8350,4784,3131,7890,8366,8378,3144,2967],"class_list":{"0":"post-34062","1":"product","2":"type-product","3":"status-publish","4":"has-post-thumbnail","6":"product_cat-mineralai","7":"product_cat-sanariai-raumenys-ir-kaulai","8":"product_cat-virskinimas-ir-medziagu-apykaita","9":"product_tag-be-laktozs-lt","10":"product_tag-kaulu-sveikata","11":"product_tag-maisto-papildas","12":"product_tag-milteliai","13":"product_tag-mineralai-lt","14":"product_tag-natralus-lt","15":"product_tag-raumenys-ir-sanariai","16":"product_tag-veganas","18":"first","19":"instock","20":"taxable","21":"shipping-taxable","22":"purchasable","23":"product-type-simple"},"acf":[],"yoast_head":"<!-- This site is optimized with the Yoast SEO plugin v27.3 - https:\/\/yoast.com\/product\/yoast-seo-wordpress\/ -->\n<title>Kalcio citratas 200 mg 120 g | Puhdas+<\/title>\n<meta name=\"description\" content=\"Kalcio citrato milteliai 200 mg greitai absorbuojami, stiprina kaulus, raumenis ir nerv\u0173 sistem\u0105. Lengva mai\u0161yti su vandeniu, sultimis ar kokteiliu.\" \/>\n<meta name=\"robots\" content=\"index, follow, max-snippet:-1, max-image-preview:large, max-video-preview:-1\" \/>\n<link rel=\"canonical\" href=\"https:\/\/puhdasplus.ee\/lt\/produktai\/mineralai\/kalcio-citratas-200-mg-120-g\/\" \/>\n<meta property=\"og:locale\" content=\"lt_LT\" \/>\n<meta property=\"og:type\" content=\"article\" \/>\n<meta property=\"og:title\" content=\"Kalcio citratas 200 mg 120 g | Puhdas+\" \/>\n<meta property=\"og:description\" content=\"Kalcio citrato milteliai 200 mg greitai absorbuojami, stiprina kaulus, raumenis ir nerv\u0173 sistem\u0105. Lengva mai\u0161yti su vandeniu, sultimis ar kokteiliu.\" \/>\n<meta property=\"og:url\" content=\"https:\/\/puhdasplus.ee\/lt\/produktai\/mineralai\/kalcio-citratas-200-mg-120-g\/\" \/>\n<meta property=\"og:site_name\" content=\"Puhdas+\" \/>\n<meta property=\"article:publisher\" content=\"https:\/\/www.facebook.com\/puhdasplus\" \/>\n<meta property=\"article:modified_time\" content=\"2026-04-07T17:03:56+00:00\" \/>\n<meta property=\"og:image\" content=\"https:\/\/puhdasplus.ee\/wp-content\/uploads\/2025\/03\/85.jpg\" \/>\n\t<meta property=\"og:image:width\" content=\"1862\" \/>\n\t<meta property=\"og:image:height\" content=\"2560\" \/>\n\t<meta property=\"og:image:type\" content=\"image\/jpeg\" \/>\n<meta name=\"twitter:card\" content=\"summary_large_image\" \/>\n<meta name=\"twitter:label1\" content=\"Est. reading time\" \/>\n\t<meta name=\"twitter:data1\" content=\"2 minut\u0117\" \/>\n<script type=\"application\/ld+json\" class=\"yoast-schema-graph\">{\"@context\":\"https:\\\/\\\/schema.org\",\"@graph\":[{\"@type\":\"WebPage\",\"@id\":\"https:\\\/\\\/puhdasplus.ee\\\/lt\\\/produktai\\\/mineralai\\\/kalcio-citratas-200-mg-120-g\\\/\",\"url\":\"https:\\\/\\\/puhdasplus.ee\\\/lt\\\/produktai\\\/mineralai\\\/kalcio-citratas-200-mg-120-g\\\/\",\"name\":\"Kalcio citratas 200 mg 120 g | Puhdas+\",\"isPartOf\":{\"@id\":\"https:\\\/\\\/puhdasplus.ee\\\/lt\\\/#website\"},\"primaryImageOfPage\":{\"@id\":\"https:\\\/\\\/puhdasplus.ee\\\/lt\\\/produktai\\\/mineralai\\\/kalcio-citratas-200-mg-120-g\\\/#primaryimage\"},\"image\":{\"@id\":\"https:\\\/\\\/puhdasplus.ee\\\/lt\\\/produktai\\\/mineralai\\\/kalcio-citratas-200-mg-120-g\\\/#primaryimage\"},\"thumbnailUrl\":\"https:\\\/\\\/puhdasplus.ee\\\/wp-content\\\/uploads\\\/2025\\\/03\\\/85.jpg\",\"datePublished\":\"2022-03-03T10:26:06+00:00\",\"dateModified\":\"2026-04-07T17:03:56+00:00\",\"description\":\"Kalcio citrato milteliai 200 mg greitai absorbuojami, stiprina kaulus, raumenis ir nerv\u0173 sistem\u0105. Lengva mai\u0161yti su vandeniu, sultimis ar kokteiliu.\",\"breadcrumb\":{\"@id\":\"https:\\\/\\\/puhdasplus.ee\\\/lt\\\/produktai\\\/mineralai\\\/kalcio-citratas-200-mg-120-g\\\/#breadcrumb\"},\"inLanguage\":\"lt-LT\",\"potentialAction\":[{\"@type\":\"ReadAction\",\"target\":[\"https:\\\/\\\/puhdasplus.ee\\\/lt\\\/produktai\\\/mineralai\\\/kalcio-citratas-200-mg-120-g\\\/\"]}]},{\"@type\":\"ImageObject\",\"inLanguage\":\"lt-LT\",\"@id\":\"https:\\\/\\\/puhdasplus.ee\\\/lt\\\/produktai\\\/mineralai\\\/kalcio-citratas-200-mg-120-g\\\/#primaryimage\",\"url\":\"https:\\\/\\\/puhdasplus.ee\\\/wp-content\\\/uploads\\\/2025\\\/03\\\/85.jpg\",\"contentUrl\":\"https:\\\/\\\/puhdasplus.ee\\\/wp-content\\\/uploads\\\/2025\\\/03\\\/85.jpg\",\"width\":1862,\"height\":2560,\"caption\":\"Kalcio citrato milteliai 200 mg 120 g\"},{\"@type\":\"BreadcrumbList\",\"@id\":\"https:\\\/\\\/puhdasplus.ee\\\/lt\\\/produktai\\\/mineralai\\\/kalcio-citratas-200-mg-120-g\\\/#breadcrumb\",\"itemListElement\":[{\"@type\":\"ListItem\",\"position\":1,\"name\":\"Prad\u017eia\",\"item\":\"https:\\\/\\\/puhdasplus.ee\\\/lt\\\/\"},{\"@type\":\"ListItem\",\"position\":2,\"name\":\"Produktai\",\"item\":\"https:\\\/\\\/puhdasplus.ee\\\/lt\\\/parduotuve\\\/\"},{\"@type\":\"ListItem\",\"position\":3,\"name\":\"Kalcio citratas 200 mg 120 g\"}]},{\"@type\":\"WebSite\",\"@id\":\"https:\\\/\\\/puhdasplus.ee\\\/lt\\\/#website\",\"url\":\"https:\\\/\\\/puhdasplus.ee\\\/lt\\\/\",\"name\":\"Puhdas+\",\"description\":\"Vitaminai, maisto papildai, nat\u016brali kosmetika, sveikata, sportas\",\"publisher\":{\"@id\":\"https:\\\/\\\/puhdasplus.ee\\\/lt\\\/#organization\"},\"potentialAction\":[{\"@type\":\"SearchAction\",\"target\":{\"@type\":\"EntryPoint\",\"urlTemplate\":\"https:\\\/\\\/puhdasplus.ee\\\/lt\\\/?s={search_term_string}\"},\"query-input\":{\"@type\":\"PropertyValueSpecification\",\"valueRequired\":true,\"valueName\":\"search_term_string\"}}],\"inLanguage\":\"lt-LT\"},{\"@type\":\"Organization\",\"@id\":\"https:\\\/\\\/puhdasplus.ee\\\/lt\\\/#organization\",\"name\":\"Puhdas+\",\"alternateName\":\"Puhdasplus\",\"url\":\"https:\\\/\\\/puhdasplus.ee\\\/lt\\\/\",\"logo\":{\"@type\":\"ImageObject\",\"inLanguage\":\"lt-LT\",\"@id\":\"https:\\\/\\\/puhdasplus.ee\\\/lt\\\/#\\\/schema\\\/logo\\\/image\\\/\",\"url\":\"https:\\\/\\\/puhdasplus.ee\\\/wp-content\\\/uploads\\\/2019\\\/10\\\/puhdas_logo-arvele.png\",\"contentUrl\":\"https:\\\/\\\/puhdasplus.ee\\\/wp-content\\\/uploads\\\/2019\\\/10\\\/puhdas_logo-arvele.png\",\"width\":114,\"height\":94,\"caption\":\"Puhdas+\"},\"image\":{\"@id\":\"https:\\\/\\\/puhdasplus.ee\\\/lt\\\/#\\\/schema\\\/logo\\\/image\\\/\"},\"sameAs\":[\"https:\\\/\\\/www.facebook.com\\\/puhdasplus\",\"https:\\\/\\\/www.instagram.com\\\/puhdasplus_ee\\\/\"]}]}<\/script>\n<!-- \/ Yoast SEO plugin. -->","yoast_head_json":{"title":"Kalcio citratas 200 mg 120 g | Puhdas+","description":"Kalcio citrato milteliai 200 mg greitai absorbuojami, stiprina kaulus, raumenis ir nerv\u0173 sistem\u0105. Lengva mai\u0161yti su vandeniu, sultimis ar kokteiliu.","robots":{"index":"index","follow":"follow","max-snippet":"max-snippet:-1","max-image-preview":"max-image-preview:large","max-video-preview":"max-video-preview:-1"},"canonical":"https:\/\/puhdasplus.ee\/lt\/produktai\/mineralai\/kalcio-citratas-200-mg-120-g\/","og_locale":"lt_LT","og_type":"article","og_title":"Kalcio citratas 200 mg 120 g | Puhdas+","og_description":"Kalcio citrato milteliai 200 mg greitai absorbuojami, stiprina kaulus, raumenis ir nerv\u0173 sistem\u0105. Lengva mai\u0161yti su vandeniu, sultimis ar kokteiliu.","og_url":"https:\/\/puhdasplus.ee\/lt\/produktai\/mineralai\/kalcio-citratas-200-mg-120-g\/","og_site_name":"Puhdas+","article_publisher":"https:\/\/www.facebook.com\/puhdasplus","article_modified_time":"2026-04-07T17:03:56+00:00","og_image":[{"width":1862,"height":2560,"url":"https:\/\/puhdasplus.ee\/wp-content\/uploads\/2025\/03\/85.jpg","type":"image\/jpeg"}],"twitter_card":"summary_large_image","twitter_misc":{"Est. reading time":"2 minut\u0117"},"schema":{"@context":"https:\/\/schema.org","@graph":[{"@type":"WebPage","@id":"https:\/\/puhdasplus.ee\/lt\/produktai\/mineralai\/kalcio-citratas-200-mg-120-g\/","url":"https:\/\/puhdasplus.ee\/lt\/produktai\/mineralai\/kalcio-citratas-200-mg-120-g\/","name":"Kalcio citratas 200 mg 120 g | Puhdas+","isPartOf":{"@id":"https:\/\/puhdasplus.ee\/lt\/#website"},"primaryImageOfPage":{"@id":"https:\/\/puhdasplus.ee\/lt\/produktai\/mineralai\/kalcio-citratas-200-mg-120-g\/#primaryimage"},"image":{"@id":"https:\/\/puhdasplus.ee\/lt\/produktai\/mineralai\/kalcio-citratas-200-mg-120-g\/#primaryimage"},"thumbnailUrl":"https:\/\/puhdasplus.ee\/wp-content\/uploads\/2025\/03\/85.jpg","datePublished":"2022-03-03T10:26:06+00:00","dateModified":"2026-04-07T17:03:56+00:00","description":"Kalcio citrato milteliai 200 mg greitai absorbuojami, stiprina kaulus, raumenis ir nerv\u0173 sistem\u0105. Lengva mai\u0161yti su vandeniu, sultimis ar kokteiliu.","breadcrumb":{"@id":"https:\/\/puhdasplus.ee\/lt\/produktai\/mineralai\/kalcio-citratas-200-mg-120-g\/#breadcrumb"},"inLanguage":"lt-LT","potentialAction":[{"@type":"ReadAction","target":["https:\/\/puhdasplus.ee\/lt\/produktai\/mineralai\/kalcio-citratas-200-mg-120-g\/"]}]},{"@type":"ImageObject","inLanguage":"lt-LT","@id":"https:\/\/puhdasplus.ee\/lt\/produktai\/mineralai\/kalcio-citratas-200-mg-120-g\/#primaryimage","url":"https:\/\/puhdasplus.ee\/wp-content\/uploads\/2025\/03\/85.jpg","contentUrl":"https:\/\/puhdasplus.ee\/wp-content\/uploads\/2025\/03\/85.jpg","width":1862,"height":2560,"caption":"Kalcio citrato milteliai 200 mg 120 g"},{"@type":"BreadcrumbList","@id":"https:\/\/puhdasplus.ee\/lt\/produktai\/mineralai\/kalcio-citratas-200-mg-120-g\/#breadcrumb","itemListElement":[{"@type":"ListItem","position":1,"name":"Prad\u017eia","item":"https:\/\/puhdasplus.ee\/lt\/"},{"@type":"ListItem","position":2,"name":"Produktai","item":"https:\/\/puhdasplus.ee\/lt\/parduotuve\/"},{"@type":"ListItem","position":3,"name":"Kalcio citratas 200 mg 120 g"}]},{"@type":"WebSite","@id":"https:\/\/puhdasplus.ee\/lt\/#website","url":"https:\/\/puhdasplus.ee\/lt\/","name":"Puhdas+","description":"Vitaminai, maisto papildai, nat\u016brali kosmetika, sveikata, sportas","publisher":{"@id":"https:\/\/puhdasplus.ee\/lt\/#organization"},"potentialAction":[{"@type":"SearchAction","target":{"@type":"EntryPoint","urlTemplate":"https:\/\/puhdasplus.ee\/lt\/?s={search_term_string}"},"query-input":{"@type":"PropertyValueSpecification","valueRequired":true,"valueName":"search_term_string"}}],"inLanguage":"lt-LT"},{"@type":"Organization","@id":"https:\/\/puhdasplus.ee\/lt\/#organization","name":"Puhdas+","alternateName":"Puhdasplus","url":"https:\/\/puhdasplus.ee\/lt\/","logo":{"@type":"ImageObject","inLanguage":"lt-LT","@id":"https:\/\/puhdasplus.ee\/lt\/#\/schema\/logo\/image\/","url":"https:\/\/puhdasplus.ee\/wp-content\/uploads\/2019\/10\/puhdas_logo-arvele.png","contentUrl":"https:\/\/puhdasplus.ee\/wp-content\/uploads\/2019\/10\/puhdas_logo-arvele.png","width":114,"height":94,"caption":"Puhdas+"},"image":{"@id":"https:\/\/puhdasplus.ee\/lt\/#\/schema\/logo\/image\/"},"sameAs":["https:\/\/www.facebook.com\/puhdasplus","https:\/\/www.instagram.com\/puhdasplus_ee\/"]}]}},"_yoast_wpseo_title":"Kalcio citratas 200 mg 120 g | Puhdas+","_yoast_wpseo_metadesc":"Kalcio citrato milteliai 200 mg greitai absorbuojami, stiprina kaulus, raumenis ir nerv\u0173 sistem\u0105. Lengva mai\u0161yti su vandeniu, sultimis ar kokteiliu.","_yoast_wpseo_focuskw":"","_links":{"self":[{"href":"https:\/\/puhdasplus.ee\/lt\/wp-json\/wp\/v2\/product\/34062","targetHints":{"allow":["GET"]}}],"collection":[{"href":"https:\/\/puhdasplus.ee\/lt\/wp-json\/wp\/v2\/product"}],"about":[{"href":"https:\/\/puhdasplus.ee\/lt\/wp-json\/wp\/v2\/types\/product"}],"replies":[{"embeddable":true,"href":"https:\/\/puhdasplus.ee\/lt\/wp-json\/wp\/v2\/comments?post=34062"}],"wp:featuredmedia":[{"embeddable":true,"href":"https:\/\/puhdasplus.ee\/lt\/wp-json\/wp\/v2\/media\/34066"}],"wp:attachment":[{"href":"https:\/\/puhdasplus.ee\/lt\/wp-json\/wp\/v2\/media?parent=34062"}],"wp:term":[{"taxonomy":"product_brand","embeddable":true,"href":"https:\/\/puhdasplus.ee\/lt\/wp-json\/wp\/v2\/product_brand?post=34062"},{"taxonomy":"product_cat","embeddable":true,"href":"https:\/\/puhdasplus.ee\/lt\/wp-json\/wp\/v2\/product_cat?post=34062"},{"taxonomy":"product_tag","embeddable":true,"href":"https:\/\/puhdasplus.ee\/lt\/wp-json\/wp\/v2\/product_tag?post=34062"}],"curies":[{"name":"wp","href":"https:\/\/api.w.org\/{rel}","templated":true}]}}