{"id":33952,"date":"2022-11-14T20:58:43","date_gmt":"2022-11-14T18:58:43","guid":{"rendered":"https:\/\/puhdasplus.ee\/tooted\/be-kategorijos\/vitaminas-d3-50-%c2%b5g\/"},"modified":"2026-04-28T22:00:49","modified_gmt":"2026-04-28T19:00:49","slug":"vitaminas-d3-50-%c2%b5g","status":"publish","type":"product","link":"https:\/\/puhdasplus.ee\/lt\/produktai\/vitaminai\/vitaminas-d\/vitaminas-d3-50-%c2%b5g\/","title":{"rendered":"Vitaminas D3 50 \u00b5g"},"content":{"rendered":"<h2>Kas yra \u201ePuhdas+\u201c vitaminas D3 50 \u00b5g?<\/h2>\n<p>\u201ePuhdas+\u201c vitamino D3 50 \u00b5g maisto papildas, kurio sud\u0117tyje yra auk\u0161tos kokyb\u0117s vitamino D3 (cholekalciferolio) \u0161alto spaudimo ypa\u010d tyrame alyvuogi\u0173 aliejuje. \u0160is derinys u\u017etikrina geresn\u012f vitamino \u012fsisavinim\u0105 organizme. Ma\u017ea mink\u0161ta kapsul\u0117 lengvai nuryjama.<\/p>\n<h2>Produkto savyb\u0117s ir privalumai<\/h2>\n<ul>\n<li>\n<p><strong>Imunin\u0117s sistemos palaikymas:<\/strong> vitaminas D3 padeda palaikyti normali\u0105 imunin\u0117s sistemos funkcij\u0105, stiprindamas nat\u016brali\u0105 organizmo apsaug\u0105.<\/p>\n<\/li>\n<li>\n<p><strong>Kaul\u0173 ir dant\u0173 sveikata:<\/strong> padeda palaikyti normali\u0105 kaul\u0173 ir dant\u0173 b\u016bkl\u0119 bei skatina normali\u0105 kalcio absorbcij\u0105.<\/p>\n<\/li>\n<li>\n<p><strong>Pagerintas \u012fsisavinimas:<\/strong> riebaluose tirpus vitaminas D3 yra i\u0161tirpintas auk\u0161tos kokyb\u0117s alyvuogi\u0173 aliejuje, tod\u0117l organizme pager\u0117ja jo \u012fsisavinimas.<\/p>\n<\/li>\n<li>\n<p><strong>Gryni ingredientai:<\/strong> Be konservant\u0173, da\u017eikli\u0173 ar dirbtini\u0173 kvapi\u0173j\u0173 med\u017eiag\u0173. Tinka \u017emon\u0117ms, ie\u0161kantiems maisto papild\u0173 be pried\u0173.<\/p>\n<\/li>\n<\/ul>\n<h2>Naudotojo vadovas<\/h2>\n<p>Gerti po 1 kapsul\u0119 per dien\u0105, u\u017egeriant vandeniu. Rekomenduojamos paros doz\u0117s vir\u0161yti negalima. Maisto papildas nepakei\u010dia \u012fvairios ir subalansuotos mitybos ar sveiko gyvenimo b\u016bdo. Laikyti vaikams nepasiekiamoje vietoje.<\/p>\n<h2>Ingredientai<\/h2>\n<ul>\n<li>\n<p>\u0160alto spaudimo ypa\u010d tyras alyvuogi\u0173 aliejus<\/p>\n<\/li>\n<li>\n<p>Kapsul\u0117s apvalkalas: \u017eelatina (i\u0161 galvij\u0173), dr\u0117gm\u0119 i\u0161laikanti med\u017eiaga (glicerolis)<\/p>\n<\/li>\n<li>\n<p>Veiklioji med\u017eiaga: cholekalciferolis (vitaminas D3)<\/p>\n<\/li>\n<\/ul>\n<p>Sud\u0117tyje n\u0117ra laktoz\u0117s, mieli\u0173 ar glitimo. Sud\u0117tyje n\u0117ra cukraus, druskos, sojos ar saldikli\u0173. Tinka \u017emon\u0117ms, ie\u0161kantiems gryn\u0173 ir be pried\u0173 maisto papild\u0173.<\/p>\n<h2>Mitybos informacija<\/h2>\n<ul>\n<li>\n<p><strong>Dozavimas:<\/strong> 1 kapsul\u0117 per dien\u0105<\/p>\n<\/li>\n<li>\n<p><strong>Vitamino D3 kiekis:<\/strong> 50 \u00b5g (1000 % referencin\u0117s paros normos)<\/p>\n<\/li>\n<\/ul>\n<h2>Pakuot\u0117s dyd\u017eiai<\/h2>\n<ul>\n<li>\n<p>60 kapsuli\u0173<\/p>\n<\/li>\n<li>\n<p>120 kapsuli\u0173<\/p>\n<\/li>\n<\/ul>\n<h2>Savyb\u0117s<\/h2>\n<ul>\n<li>\n<p><strong>Veiklioji med\u017eiaga:<\/strong> vitaminas D3 (cholekalciferolis) 50 \u00b5g (1000 % referencin\u0117s paros normos)<\/p>\n<\/li>\n<li>\n<p><strong>Pagrindas:<\/strong> \u0161alto spaudimo ypa\u010d tyras alyvuogi\u0173 aliejus<\/p>\n<\/li>\n<li>\n<p><strong>Kapsul\u0117s sud\u0117tis:<\/strong> \u017eelatina (i\u0161 galvij\u0173), dr\u0117gm\u0119 i\u0161laikanti med\u017eiaga (glicerolis)<\/p>\n<\/li>\n<li>\n<p><strong>Dienos doz\u0117:<\/strong> 1 kapsul\u0117 per dien\u0105<\/p>\n<\/li>\n<li>\n<p><strong>Dienos doz\u0117:<\/strong> 50 \u00b5g vitamino D3<\/p>\n<\/li>\n<li>\n<p><strong>Paros doz\u0117s referencin\u0117 vert\u0117:<\/strong> 1000 %<\/p>\n<\/li>\n<li>\n<p><strong>Kilm\u0117s \u0161alis:<\/strong> Suomija<\/p>\n<\/li>\n<\/ul>\n<p><strong>\u017dr. taip pat:<\/strong> <a href=\"https:\/\/puhdasplus.ee\/toote-kategooria\/d-vitamiin\/\">D-vitamiin<\/a> | <a href=\"https:\/\/puhdasplus.ee\/toote-kategooria\/liigesed-lihased-ja-luud\/\">S\u0105nariai, raumenys ir kaulai<\/a><\/p>\n","protected":false},"excerpt":{"rendered":"<p><strong>\u201ePuhdas+ Vitamin D3 50 \u00b5g\u201c<\/strong> yra auk\u0161tos kokyb\u0117s maisto papildas, kurio sud\u0117tyje yra b\u016btino vitamino D3, i\u0161tirpinto \u0161alto spaudimo ypa\u010d tyrame alyvuogi\u0173 aliejuje. Vitaminas D3, dar vadinamas \u201esaul\u0117s vitaminu\u201c, yra b\u016btinas imuninei sistemai stiprinti, kaul\u0173 ir dant\u0173 sveikatai palaikyti bei normaliai raumen\u0173 funkcijai. \u0160iaur\u0117s \u0161alyse ir Estijoje, kur \u017eiemos m\u0117nesiais tr\u016bksta saul\u0117s \u0161viesos, organizmo nat\u016brali vitamino D3 gamyba gali b\u016bti nepakankama. Tod\u0117l vitaminas D3, vartojamas kaip maisto papildas, yra paprastas ir veiksmingas b\u016bdas palaikyti reikiam\u0105 jo kiek\u012f.   <\/p>\n<p>Alyvuogi\u0173 aliejaus naudojimas kaip ne\u0161iklio pagerina riebaluose tirpaus vitamino D3 absorbcij\u0105 organizme, taip u\u017etikrinant maksimali\u0105 naud\u0105. Ma\u017eos ir lengvai nuryjamos kapsul\u0117s idealiai tinka kasdieniam vartojimui. Produktas pagamintas Suomijoje laikantis auk\u0161\u010diausi\u0173 kokyb\u0117s standart\u0173 ir jame n\u0117ra nereikaling\u0173 pried\u0173, laktoz\u0117s, glitimo, mieli\u0173 ar saldikli\u0173.  <\/p>\n<p><strong>\u201ePuhdas+ Vitamin D3 50 \u00b5g\u201c<\/strong> yra puikus pasirinkimas visiems, norintiems i\u0161vengti vitamino D tr\u016bkumo, sustiprinti imunitet\u0105, pagerinti kaul\u0173 tvirtum\u0105 ir palaikyti bendr\u0105 savijaut\u0105 bei gyvybingum\u0105.<\/p>\n","protected":false},"featured_media":32475,"comment_status":"closed","ping_status":"closed","template":"","meta":{"_acf_changed":false,"googlesitekit_rrm_CAow3eq7DA:productID":""},"product_brand":[],"product_cat":[4532],"product_tag":[8350,8315,3023,8565,4784,3131,8374,8370,4534,8890],"class_list":{"0":"post-33952","1":"product","2":"type-product","3":"status-publish","4":"has-post-thumbnail","6":"product_cat-vitaminas-d","7":"product_tag-be-laktozes","8":"product_tag-d3-vitaminas","9":"product_tag-imunitetas","10":"product_tag-kalcis","11":"product_tag-kaulu-sveikata","12":"product_tag-maisto-papildas","13":"product_tag-suomijos-kokyb-lt","14":"product_tag-vitaminai","15":"product_tag-vitaminas-d","16":"product_tag-ziemos-vitaminai-lt","18":"first","19":"instock","20":"taxable","21":"shipping-taxable","22":"purchasable","23":"product-type-variable","24":"has-default-attributes"},"acf":[],"yoast_head":"<!-- This site is optimized with the Yoast SEO plugin v27.5 - https:\/\/yoast.com\/product\/yoast-seo-wordpress\/ -->\n<title>Vitaminas D3 50 \u00b5g | Puhdas+<\/title>\n<meta name=\"description\" content=\"Vitaminas D3 50 \u00b5g \u2013 veiksminga vitamino D kapsul\u0117, palaikanti imunitet\u0105, kaulus ir raumenis, kurios sud\u0117tyje yra ypa\u010d tyro alyvuogi\u0173 aliejaus, kad b\u016bt\u0173 geriau \u012fsisavinamas.\" \/>\n<meta name=\"robots\" content=\"index, follow, max-snippet:-1, max-image-preview:large, max-video-preview:-1\" \/>\n<link rel=\"canonical\" href=\"https:\/\/puhdasplus.ee\/lt\/produktai\/vitaminai\/vitaminas-d\/vitaminas-d3-50-%c2%b5g\/\" \/>\n<meta property=\"og:locale\" content=\"lt_LT\" \/>\n<meta property=\"og:type\" content=\"article\" \/>\n<meta property=\"og:title\" content=\"Vitaminas D3 50 \u00b5g | Puhdas+\" \/>\n<meta property=\"og:description\" content=\"Vitaminas D3 50 \u00b5g \u2013 veiksminga vitamino D kapsul\u0117, palaikanti imunitet\u0105, kaulus ir raumenis, kurios sud\u0117tyje yra ypa\u010d tyro alyvuogi\u0173 aliejaus, kad b\u016bt\u0173 geriau \u012fsisavinamas.\" \/>\n<meta property=\"og:url\" content=\"https:\/\/puhdasplus.ee\/lt\/produktai\/vitaminai\/vitaminas-d\/vitaminas-d3-50-%c2%b5g\/\" \/>\n<meta property=\"og:site_name\" content=\"Puhdas+\" \/>\n<meta property=\"article:publisher\" content=\"https:\/\/www.facebook.com\/puhdasplus\" \/>\n<meta property=\"article:modified_time\" content=\"2026-04-28T19:00:49+00:00\" \/>\n<meta property=\"og:image\" content=\"https:\/\/puhdasplus.ee\/wp-content\/uploads\/2022\/11\/tooted-ilma-taustata-scaled.png\" \/>\n\t<meta property=\"og:image:width\" content=\"1862\" \/>\n\t<meta property=\"og:image:height\" content=\"2560\" \/>\n\t<meta property=\"og:image:type\" content=\"image\/png\" \/>\n<meta name=\"twitter:card\" content=\"summary_large_image\" \/>\n<meta name=\"twitter:label1\" content=\"Est. reading time\" \/>\n\t<meta name=\"twitter:data1\" content=\"1 minut\u0117\" \/>\n<script type=\"application\/ld+json\" class=\"yoast-schema-graph\">{\"@context\":\"https:\\\/\\\/schema.org\",\"@graph\":[{\"@type\":\"WebPage\",\"@id\":\"https:\\\/\\\/puhdasplus.ee\\\/lt\\\/produktai\\\/vitaminai\\\/vitaminas-d\\\/vitaminas-d3-50-%c2%b5g\\\/\",\"url\":\"https:\\\/\\\/puhdasplus.ee\\\/lt\\\/produktai\\\/vitaminai\\\/vitaminas-d\\\/vitaminas-d3-50-%c2%b5g\\\/\",\"name\":\"Vitaminas D3 50 \u00b5g | Puhdas+\",\"isPartOf\":{\"@id\":\"https:\\\/\\\/puhdasplus.ee\\\/lt\\\/#website\"},\"primaryImageOfPage\":{\"@id\":\"https:\\\/\\\/puhdasplus.ee\\\/lt\\\/produktai\\\/vitaminai\\\/vitaminas-d\\\/vitaminas-d3-50-%c2%b5g\\\/#primaryimage\"},\"image\":{\"@id\":\"https:\\\/\\\/puhdasplus.ee\\\/lt\\\/produktai\\\/vitaminai\\\/vitaminas-d\\\/vitaminas-d3-50-%c2%b5g\\\/#primaryimage\"},\"thumbnailUrl\":\"https:\\\/\\\/puhdasplus.ee\\\/wp-content\\\/uploads\\\/2022\\\/11\\\/tooted-ilma-taustata-scaled.png\",\"datePublished\":\"2022-11-14T18:58:43+00:00\",\"dateModified\":\"2026-04-28T19:00:49+00:00\",\"description\":\"Vitaminas D3 50 \u00b5g \u2013 veiksminga vitamino D kapsul\u0117, palaikanti imunitet\u0105, kaulus ir raumenis, kurios sud\u0117tyje yra ypa\u010d tyro alyvuogi\u0173 aliejaus, kad b\u016bt\u0173 geriau \u012fsisavinamas.\",\"breadcrumb\":{\"@id\":\"https:\\\/\\\/puhdasplus.ee\\\/lt\\\/produktai\\\/vitaminai\\\/vitaminas-d\\\/vitaminas-d3-50-%c2%b5g\\\/#breadcrumb\"},\"inLanguage\":\"lt-LT\",\"potentialAction\":[{\"@type\":\"ReadAction\",\"target\":[\"https:\\\/\\\/puhdasplus.ee\\\/lt\\\/produktai\\\/vitaminai\\\/vitaminas-d\\\/vitaminas-d3-50-%c2%b5g\\\/\"]}]},{\"@type\":\"ImageObject\",\"inLanguage\":\"lt-LT\",\"@id\":\"https:\\\/\\\/puhdasplus.ee\\\/lt\\\/produktai\\\/vitaminai\\\/vitaminas-d\\\/vitaminas-d3-50-%c2%b5g\\\/#primaryimage\",\"url\":\"https:\\\/\\\/puhdasplus.ee\\\/wp-content\\\/uploads\\\/2022\\\/11\\\/tooted-ilma-taustata-scaled.png\",\"contentUrl\":\"https:\\\/\\\/puhdasplus.ee\\\/wp-content\\\/uploads\\\/2022\\\/11\\\/tooted-ilma-taustata-scaled.png\",\"width\":1862,\"height\":2560,\"caption\":\"Vitaminas D3 50 \u00b5g\"},{\"@type\":\"BreadcrumbList\",\"@id\":\"https:\\\/\\\/puhdasplus.ee\\\/lt\\\/produktai\\\/vitaminai\\\/vitaminas-d\\\/vitaminas-d3-50-%c2%b5g\\\/#breadcrumb\",\"itemListElement\":[{\"@type\":\"ListItem\",\"position\":1,\"name\":\"Prad\u017eia\",\"item\":\"https:\\\/\\\/puhdasplus.ee\\\/lt\\\/\"},{\"@type\":\"ListItem\",\"position\":2,\"name\":\"Produktai\",\"item\":\"https:\\\/\\\/puhdasplus.ee\\\/lt\\\/parduotuve\\\/\"},{\"@type\":\"ListItem\",\"position\":3,\"name\":\"Vitaminas D3 50 \u00b5g\"}]},{\"@type\":\"WebSite\",\"@id\":\"https:\\\/\\\/puhdasplus.ee\\\/lt\\\/#website\",\"url\":\"https:\\\/\\\/puhdasplus.ee\\\/lt\\\/\",\"name\":\"Puhdas+\",\"description\":\"Vitaminai, maisto papildai, nat\u016brali kosmetika, sveikata, sportas\",\"publisher\":{\"@id\":\"https:\\\/\\\/puhdasplus.ee\\\/lt\\\/#organization\"},\"potentialAction\":[{\"@type\":\"SearchAction\",\"target\":{\"@type\":\"EntryPoint\",\"urlTemplate\":\"https:\\\/\\\/puhdasplus.ee\\\/lt\\\/?s={search_term_string}\"},\"query-input\":{\"@type\":\"PropertyValueSpecification\",\"valueRequired\":true,\"valueName\":\"search_term_string\"}}],\"inLanguage\":\"lt-LT\"},{\"@type\":\"Organization\",\"@id\":\"https:\\\/\\\/puhdasplus.ee\\\/lt\\\/#organization\",\"name\":\"Puhdas+\",\"alternateName\":\"Puhdasplus\",\"url\":\"https:\\\/\\\/puhdasplus.ee\\\/lt\\\/\",\"logo\":{\"@type\":\"ImageObject\",\"inLanguage\":\"lt-LT\",\"@id\":\"https:\\\/\\\/puhdasplus.ee\\\/lt\\\/#\\\/schema\\\/logo\\\/image\\\/\",\"url\":\"https:\\\/\\\/puhdasplus.ee\\\/wp-content\\\/uploads\\\/2019\\\/10\\\/puhdas_logo-arvele.png\",\"contentUrl\":\"https:\\\/\\\/puhdasplus.ee\\\/wp-content\\\/uploads\\\/2019\\\/10\\\/puhdas_logo-arvele.png\",\"width\":114,\"height\":94,\"caption\":\"Puhdas+\"},\"image\":{\"@id\":\"https:\\\/\\\/puhdasplus.ee\\\/lt\\\/#\\\/schema\\\/logo\\\/image\\\/\"},\"sameAs\":[\"https:\\\/\\\/www.facebook.com\\\/puhdasplus\",\"https:\\\/\\\/www.instagram.com\\\/puhdasplus_ee\\\/\"]}]}<\/script>\n<!-- \/ Yoast SEO plugin. -->","yoast_head_json":{"title":"Vitaminas D3 50 \u00b5g | Puhdas+","description":"Vitaminas D3 50 \u00b5g \u2013 veiksminga vitamino D kapsul\u0117, palaikanti imunitet\u0105, kaulus ir raumenis, kurios sud\u0117tyje yra ypa\u010d tyro alyvuogi\u0173 aliejaus, kad b\u016bt\u0173 geriau \u012fsisavinamas.","robots":{"index":"index","follow":"follow","max-snippet":"max-snippet:-1","max-image-preview":"max-image-preview:large","max-video-preview":"max-video-preview:-1"},"canonical":"https:\/\/puhdasplus.ee\/lt\/produktai\/vitaminai\/vitaminas-d\/vitaminas-d3-50-%c2%b5g\/","og_locale":"lt_LT","og_type":"article","og_title":"Vitaminas D3 50 \u00b5g | Puhdas+","og_description":"Vitaminas D3 50 \u00b5g \u2013 veiksminga vitamino D kapsul\u0117, palaikanti imunitet\u0105, kaulus ir raumenis, kurios sud\u0117tyje yra ypa\u010d tyro alyvuogi\u0173 aliejaus, kad b\u016bt\u0173 geriau \u012fsisavinamas.","og_url":"https:\/\/puhdasplus.ee\/lt\/produktai\/vitaminai\/vitaminas-d\/vitaminas-d3-50-%c2%b5g\/","og_site_name":"Puhdas+","article_publisher":"https:\/\/www.facebook.com\/puhdasplus","article_modified_time":"2026-04-28T19:00:49+00:00","og_image":[{"width":1862,"height":2560,"url":"https:\/\/puhdasplus.ee\/wp-content\/uploads\/2022\/11\/tooted-ilma-taustata-scaled.png","type":"image\/png"}],"twitter_card":"summary_large_image","twitter_misc":{"Est. reading time":"1 minut\u0117"},"schema":{"@context":"https:\/\/schema.org","@graph":[{"@type":"WebPage","@id":"https:\/\/puhdasplus.ee\/lt\/produktai\/vitaminai\/vitaminas-d\/vitaminas-d3-50-%c2%b5g\/","url":"https:\/\/puhdasplus.ee\/lt\/produktai\/vitaminai\/vitaminas-d\/vitaminas-d3-50-%c2%b5g\/","name":"Vitaminas D3 50 \u00b5g | Puhdas+","isPartOf":{"@id":"https:\/\/puhdasplus.ee\/lt\/#website"},"primaryImageOfPage":{"@id":"https:\/\/puhdasplus.ee\/lt\/produktai\/vitaminai\/vitaminas-d\/vitaminas-d3-50-%c2%b5g\/#primaryimage"},"image":{"@id":"https:\/\/puhdasplus.ee\/lt\/produktai\/vitaminai\/vitaminas-d\/vitaminas-d3-50-%c2%b5g\/#primaryimage"},"thumbnailUrl":"https:\/\/puhdasplus.ee\/wp-content\/uploads\/2022\/11\/tooted-ilma-taustata-scaled.png","datePublished":"2022-11-14T18:58:43+00:00","dateModified":"2026-04-28T19:00:49+00:00","description":"Vitaminas D3 50 \u00b5g \u2013 veiksminga vitamino D kapsul\u0117, palaikanti imunitet\u0105, kaulus ir raumenis, kurios sud\u0117tyje yra ypa\u010d tyro alyvuogi\u0173 aliejaus, kad b\u016bt\u0173 geriau \u012fsisavinamas.","breadcrumb":{"@id":"https:\/\/puhdasplus.ee\/lt\/produktai\/vitaminai\/vitaminas-d\/vitaminas-d3-50-%c2%b5g\/#breadcrumb"},"inLanguage":"lt-LT","potentialAction":[{"@type":"ReadAction","target":["https:\/\/puhdasplus.ee\/lt\/produktai\/vitaminai\/vitaminas-d\/vitaminas-d3-50-%c2%b5g\/"]}]},{"@type":"ImageObject","inLanguage":"lt-LT","@id":"https:\/\/puhdasplus.ee\/lt\/produktai\/vitaminai\/vitaminas-d\/vitaminas-d3-50-%c2%b5g\/#primaryimage","url":"https:\/\/puhdasplus.ee\/wp-content\/uploads\/2022\/11\/tooted-ilma-taustata-scaled.png","contentUrl":"https:\/\/puhdasplus.ee\/wp-content\/uploads\/2022\/11\/tooted-ilma-taustata-scaled.png","width":1862,"height":2560,"caption":"Vitaminas D3 50 \u00b5g"},{"@type":"BreadcrumbList","@id":"https:\/\/puhdasplus.ee\/lt\/produktai\/vitaminai\/vitaminas-d\/vitaminas-d3-50-%c2%b5g\/#breadcrumb","itemListElement":[{"@type":"ListItem","position":1,"name":"Prad\u017eia","item":"https:\/\/puhdasplus.ee\/lt\/"},{"@type":"ListItem","position":2,"name":"Produktai","item":"https:\/\/puhdasplus.ee\/lt\/parduotuve\/"},{"@type":"ListItem","position":3,"name":"Vitaminas D3 50 \u00b5g"}]},{"@type":"WebSite","@id":"https:\/\/puhdasplus.ee\/lt\/#website","url":"https:\/\/puhdasplus.ee\/lt\/","name":"Puhdas+","description":"Vitaminai, maisto papildai, nat\u016brali kosmetika, sveikata, sportas","publisher":{"@id":"https:\/\/puhdasplus.ee\/lt\/#organization"},"potentialAction":[{"@type":"SearchAction","target":{"@type":"EntryPoint","urlTemplate":"https:\/\/puhdasplus.ee\/lt\/?s={search_term_string}"},"query-input":{"@type":"PropertyValueSpecification","valueRequired":true,"valueName":"search_term_string"}}],"inLanguage":"lt-LT"},{"@type":"Organization","@id":"https:\/\/puhdasplus.ee\/lt\/#organization","name":"Puhdas+","alternateName":"Puhdasplus","url":"https:\/\/puhdasplus.ee\/lt\/","logo":{"@type":"ImageObject","inLanguage":"lt-LT","@id":"https:\/\/puhdasplus.ee\/lt\/#\/schema\/logo\/image\/","url":"https:\/\/puhdasplus.ee\/wp-content\/uploads\/2019\/10\/puhdas_logo-arvele.png","contentUrl":"https:\/\/puhdasplus.ee\/wp-content\/uploads\/2019\/10\/puhdas_logo-arvele.png","width":114,"height":94,"caption":"Puhdas+"},"image":{"@id":"https:\/\/puhdasplus.ee\/lt\/#\/schema\/logo\/image\/"},"sameAs":["https:\/\/www.facebook.com\/puhdasplus","https:\/\/www.instagram.com\/puhdasplus_ee\/"]}]}},"_yoast_wpseo_title":"Vitaminas D3 50 \u00b5g | Puhdas+","_yoast_wpseo_metadesc":"Vitaminas D3 50 \u00b5g \u2013 veiksminga vitamino D kapsul\u0117, palaikanti imunitet\u0105, kaulus ir raumenis, kurios sud\u0117tyje yra ypa\u010d tyro alyvuogi\u0173 aliejaus, kad b\u016bt\u0173 geriau \u012fsisavinamas.","_yoast_wpseo_focuskw":"","_links":{"self":[{"href":"https:\/\/puhdasplus.ee\/lt\/wp-json\/wp\/v2\/product\/33952","targetHints":{"allow":["GET"]}}],"collection":[{"href":"https:\/\/puhdasplus.ee\/lt\/wp-json\/wp\/v2\/product"}],"about":[{"href":"https:\/\/puhdasplus.ee\/lt\/wp-json\/wp\/v2\/types\/product"}],"replies":[{"embeddable":true,"href":"https:\/\/puhdasplus.ee\/lt\/wp-json\/wp\/v2\/comments?post=33952"}],"wp:featuredmedia":[{"embeddable":true,"href":"https:\/\/puhdasplus.ee\/lt\/wp-json\/wp\/v2\/media\/32475"}],"wp:attachment":[{"href":"https:\/\/puhdasplus.ee\/lt\/wp-json\/wp\/v2\/media?parent=33952"}],"wp:term":[{"taxonomy":"product_brand","embeddable":true,"href":"https:\/\/puhdasplus.ee\/lt\/wp-json\/wp\/v2\/product_brand?post=33952"},{"taxonomy":"product_cat","embeddable":true,"href":"https:\/\/puhdasplus.ee\/lt\/wp-json\/wp\/v2\/product_cat?post=33952"},{"taxonomy":"product_tag","embeddable":true,"href":"https:\/\/puhdasplus.ee\/lt\/wp-json\/wp\/v2\/product_tag?post=33952"}],"curies":[{"name":"wp","href":"https:\/\/api.w.org\/{rel}","templated":true}]}}