{"id":33710,"date":"2023-05-19T08:20:17","date_gmt":"2023-05-19T05:20:17","guid":{"rendered":"https:\/\/puhdasplus.ee\/tooted\/be-kategorijos\/elektrolitu-milteliai-citrinu-skonio-120-g\/"},"modified":"2026-04-07T20:09:28","modified_gmt":"2026-04-07T17:09:28","slug":"elektrolitu-milteliai-citrinu-skonio-120-g","status":"publish","type":"product","link":"https:\/\/puhdasplus.ee\/lt\/produktai\/mineralai\/elektrolitu-milteliai-citrinu-skonio-120-g\/","title":{"rendered":"Elektrolit\u0173 milteliai citrin\u0173 skonio 120 g"},"content":{"rendered":"<h2>Kas yra \u201ePuhdas+\u201c citrin\u0173 skonio elektrolit\u0173 milteliai?<\/h2>\n<p><strong>Puhdas+ Elektrolit\u0173 milteliai citrin\u0173 skonio<\/strong> yra kokybi\u0161kas maisto papildas, kuriame yra svarbi\u0173 elektrolit\u0173: magnio, kalio, natrio, kalcio ir chloro. Be to, produkte yra glicino ir vitamino C. \u0160is derinys padeda palaikyti elektrolit\u0173 pusiausvyr\u0105 organizme, palaiko normali\u0105 raumen\u0173 funkcij\u0105 ir padeda ma\u017einti nuovarg\u012f bei i\u0161sekim\u0105.  \u200b<\/p>\n<h2>Kod\u0117l \u201ePuhdas+\u201c citrin\u0173 skonio elektrolit\u0173 milteliai yra naudingi?<\/h2>\n<p>\u017dmogaus k\u016bne kasdien vyksta sud\u0117tingi procesai, kuriems reikalingas subalansuotas mineral\u0173 ir skys\u010di\u0173 kiekis. Kai \u0161i pusiausvyra sutrinka, pavyzd\u017eiui, d\u0117l gausaus prakaitavimo, fizinio kr\u016bvio, kar\u0161to oro, dehidratacijos ar ligos, gali pasireik\u0161ti nuovargis, raumen\u0173 m\u0117\u0161lungis, galvos skausmai, sunku susikaupti ir bendras silpnumas. B\u016btent tokiomis situacijomis itin svarbu atkurti elektrolit\u0173 pusiausvyr\u0105.  <\/p>\n<p><strong>Puhdas+ Elektrolit\u0173 milteliai citrin\u0173 skonio<\/strong> yra ideali parama nat\u016braliai organizmo pusiausvyrai. Jame yra tiksliai parinkt\u0173 svarbi\u0173 elektrolit\u0173 kieki\u0173. <b>Kalis<\/b> padeda palaikyti normali\u0105 raumen\u0173 funkcij\u0105. <b>Magnis<\/b> padeda palaikyti elektrolit\u0173 pusiausvyr\u0105 ir padeda ma\u017einti nuovarg\u012f bei i\u0161sekim\u0105.  <\/p>\n<p>Be to, jame yra <strong>vitamino C<\/strong> , kuris palaiko imunin\u0119 sistem\u0105 ir padeda ma\u017einti nuovarg\u012f, ir <strong>glicino<\/strong> , kuris skatina geresn\u012f mineral\u0173 \u012fsisavinim\u0105 ir atlieka svarb\u0173 vaidmen\u012f nat\u016braliame organizmo atsinaujinimo procese.<\/p>\n<p>\u0160is produktas puikiai tinka tiems, kurie:<\/p>\n<ul>\n<li>\n<p>aktyviai sportuoja arba daug juda<\/p>\n<\/li>\n<li>\n<p>praleisti laik\u0105 kar\u0161tame klimate arba prakaituoti daugiau nei \u012fprastai<\/p>\n<\/li>\n<li>\n<p>jau\u010diat\u0117s pavarg\u0119 ir norite nat\u016braliu b\u016bdu atgauti energij\u0105<\/p>\n<\/li>\n<li>\n<p>norite i\u0161vengti arba suma\u017einti raumen\u0173 m\u0117\u0161lung\u012f ir su dehidratacija susijusius negalavimus<\/p>\n<\/li>\n<li>\n<p>atsigavimas po ligos ar dehidratacijos<\/p>\n<\/li>\n<\/ul>\n<p>Ypatinga jo vert\u0117 slypi ir <strong>gard\u017eiame citrin\u0173 skonyje<\/strong> bei \u0161varioje sud\u0117tyje \u2013 jame <strong>n\u0117ra glitimo, laktoz\u0117s, mieli\u0173 ir sojos<\/strong> , tod\u0117l tinka <strong>veganams<\/strong> . J\u012f lengva naudoti milteli\u0173 pavidalu: tiesiog sumai\u0161ykite su vandeniu ir greitai gausite gaiv\u0173, lengv\u0105 ir sveik\u0105 g\u0117rim\u0105. <\/p>\n<h2>Kam tai tinka?<\/h2>\n<p>Produktas tinka suaugusiesiems, norintiems:<\/p>\n<ul>\n<li>\n<p>Palaikyti elektrolit\u0173 pusiausvyr\u0105 organizme<\/p>\n<\/li>\n<li>\n<p>Suma\u017einti nuovarg\u012f ir i\u0161sekim\u0105<\/p>\n<\/li>\n<li>\n<p>Palaikyti normali\u0105 raumen\u0173 funkcij\u0105<\/p>\n<\/li>\n<li>\n<p>Norintys palaikyti <b>elektrolit\u0173 ir skys\u010di\u0173 pusiausvyr\u0105<\/b><\/p>\n<\/li>\n<\/ul>\n<h2>Ingredientai<\/h2>\n<p>Natrio chloridas, r\u016bg\u0161tingum\u0105 reguliuojanti med\u017eiaga (obuoli\u0173 r\u016bg\u0161tis), natrio bikarbonatas, glicinas, natrio askorbatas, kalio citratas, kalio chloridas, magnio malatas, citrin\u0173 aromatas, saldiklis (steviolio glikozidai).<\/p>\n<p>Sud\u0117tyje n\u0117ra pieno, laktoz\u0117s, mieli\u0173, glitimo ar sojos.Pagaminta Suomijoje. \u017daliavos n\u0117ra kilusios i\u0161 Suomijos. <\/p>\n<h2>Maistin\u0117 vert\u0117 (3 ml \/ 1 porcija)<\/h2>\n<ul>\n<li>\n<p>Magnis: 62 mg (17 % rekomenduojamos paros normos)<\/p>\n<\/li>\n<li>\n<p>Natris: 1390 mg<\/p>\n<\/li>\n<li>Kalcis: 126 mg (16% referencin\u0117s maistin\u0117s vert\u0117s)<\/li>\n<li>\n<p>Chloridas: 1700 mg (213 % rekomenduojamos paros normos)<\/p>\n<\/li>\n<li>\n<p>Glicinas: 1200 mg<\/p>\n<\/li>\n<li>\n<p>Vitaminas C: 528 mg (660 % rekomenduojamos paros normos)<\/p>\n<\/li>\n<\/ul>\n<h2>Naudotojo vadovas<\/h2>\n<p><strong>Rekomenduojama paros doz\u0117:<\/strong> 1 matavimo \u0161auk\u0161telis (3 ml) 3 kartus per dien\u0105.<\/p>\n<p><strong>Naudojimas:<\/strong> Sumai\u0161ykite miltelius su 5 dl vandens arba kito skys\u010dio.<\/p>\n<p><strong>Pastaba:<\/strong> Rekomenduojamos paros doz\u0117s vir\u0161yti negalima. Maisto papildas nepakei\u010dia \u012fvairios ir subalansuotos mitybos ar sveiko gyvenimo b\u016bdo.\u200b<\/p>\n<h2>\u012esp\u0117jimai ir laikymas<\/h2>\n<ul>\n<li>\n<p>Laikyti vaikams nepasiekiamoje vietoje.<\/p>\n<\/li>\n<li>\n<p>Laikyti sausoje, v\u0117sioje ir nuo \u0161viesos apsaugotoje vietoje.<\/p>\n<\/li>\n<li>\n<p>Nenaudokite, jei pakuot\u0117 pa\u017eeista.<\/p>\n<\/li>\n<\/ul>\n<p><strong>\u017di\u016br\u0117ti taip pat:<\/strong> <a href=\"https:\/\/puhdasplus.ee\/toote-kategooria\/elektroluudid\/\">Elektrol\u00fc\u00fcdid<\/a> | <a href=\"https:\/\/puhdasplus.ee\/toote-kategooria\/mineraalained\/\">Mineraalained<\/a> | <a href=\"https:\/\/puhdasplus.ee\/lt\/sport\/\">Sportas<\/a><\/p>\n","protected":false},"excerpt":{"rendered":"<p><strong>Puhdas+ Elektrolit\u0173 milteliai citrin\u0173 skonio<\/strong> yra gaivaus skonio milteliai, kurie palaiko nat\u016brali\u0105 organizmo pusiausvyr\u0105 ir padeda kasdien palaikyti gyvybingum\u0105. Produkte yra svarbi\u0173 elektrolit\u0173 \u2013 toki\u0173 kaip magnis, natris, kalis, kalcis ir chloras \u2013 kurie padeda palaikyti skys\u010di\u0173 pusiausvyr\u0105 organizme, palaikyti normali\u0105 raumen\u0173 ir nerv\u0173 sistemos funkcij\u0105 bei u\u017ekirsti keli\u0105 nuovargiui ir i\u0161sekimui. Be to, \u012f mi\u0161in\u012f prid\u0117ta vitamino C, kuris palaiko imunin\u0119 sistem\u0105 ir padeda kovoti su oksidaciniu stresu, ir glicino, kuris skatina mineral\u0173 \u012fsisavinim\u0105.  <\/p>\n<p>\u0160ie milteliai idealiai tinka aktyv\u0173 gyvenimo b\u016bd\u0105 gyvenantiems \u017emon\u0117ms, sportininkams, naudoti kar\u0161tomis dienomis arba situacijose, kai organizmas netenka daug skys\u010di\u0173 ir mineral\u0173 \u2013 pavyzd\u017eiui, ligos metu ar gausiai prakaituojant.<\/p>\n<p>Produktas yra <strong>be glitimo, laktoz\u0117s, mieli\u0173 ir sojos<\/strong> , sud\u0117tyje yra tik nat\u016bralus citrin\u0173 aromatas ir saldintas nat\u016bralia stevija. Milteliai gerai tirpsta vandenyje ir yra lengvai geriami \u2013 tinka tiek kasdieniam vartojimui, tiek atsigavimui po fizinio kr\u016bvio. <\/p>\n<p><strong>\u201ePuhdas+\u201c elektrolit\u0173 milteliai su citrin\u0173 skoniu<\/strong> yra patikimas, grynas ir veiksmingas pasirinkimas tiems, kurie nori nat\u016braliu b\u016bdu palaikyti savo organizmo skys\u010di\u0173 ir mineral\u0173 pusiausvyr\u0105.<\/p>\n","protected":false},"featured_media":33714,"comment_status":"closed","ping_status":"closed","template":"","meta":{"_acf_changed":false,"googlesitekit_rrm_CAow3eq7DA:productID":""},"product_brand":[],"product_cat":[3122,3120],"product_tag":[3127,3131,7890,8366,8378,7894,8374,2967,8370,3125],"class_list":{"0":"post-33710","1":"product","2":"type-product","3":"status-publish","4":"has-post-thumbnail","6":"product_cat-elektrolitai","7":"product_cat-mineralai","8":"product_tag-magnis","9":"product_tag-maisto-papildas","10":"product_tag-milteliai","11":"product_tag-mineralai-lt","12":"product_tag-natralus-lt","13":"product_tag-sportine-mityba","14":"product_tag-suomijos-kokyb-lt","15":"product_tag-veganas","16":"product_tag-vitaminai-lt","17":"product_tag-vitaminas-c-lt","19":"first","20":"onbackorder","21":"featured","22":"taxable","23":"shipping-taxable","24":"purchasable","25":"product-type-simple"},"acf":[],"yoast_head":"<!-- This site is optimized with the Yoast SEO plugin v27.3 - https:\/\/yoast.com\/product\/yoast-seo-wordpress\/ -->\n<title>Elektrolit\u0173 milteliai citrin\u0173 skonio 120 g | Puhdas+<\/title>\n<meta name=\"description\" content=\"Citrin\u0173 skonio elektrolit\u0173 milteliai 120 g, kuri\u0173 sud\u0117tyje yra b\u016btin\u0173 mineral\u0173 ir maistini\u0173 med\u017eiag\u0173, kurios padeda palaikyti elektrolit\u0173 pusiausvyr\u0105 ir normali\u0105 raumen\u0173 funkcij\u0105.\" \/>\n<meta name=\"robots\" content=\"index, follow, max-snippet:-1, max-image-preview:large, max-video-preview:-1\" \/>\n<link rel=\"canonical\" href=\"https:\/\/puhdasplus.ee\/lt\/produktai\/mineralai\/elektrolitu-milteliai-citrinu-skonio-120-g\/\" \/>\n<meta property=\"og:locale\" content=\"lt_LT\" \/>\n<meta property=\"og:type\" content=\"article\" \/>\n<meta property=\"og:title\" content=\"Elektrolit\u0173 milteliai citrin\u0173 skonio 120 g | Puhdas+\" \/>\n<meta property=\"og:description\" content=\"Citrin\u0173 skonio elektrolit\u0173 milteliai 120 g, kuri\u0173 sud\u0117tyje yra b\u016btin\u0173 mineral\u0173 ir maistini\u0173 med\u017eiag\u0173, kurios padeda palaikyti elektrolit\u0173 pusiausvyr\u0105 ir normali\u0105 raumen\u0173 funkcij\u0105.\" \/>\n<meta property=\"og:url\" content=\"https:\/\/puhdasplus.ee\/lt\/produktai\/mineralai\/elektrolitu-milteliai-citrinu-skonio-120-g\/\" \/>\n<meta property=\"og:site_name\" content=\"Puhdas+\" \/>\n<meta property=\"article:publisher\" content=\"https:\/\/www.facebook.com\/puhdasplus\" \/>\n<meta property=\"article:modified_time\" content=\"2026-04-07T17:09:28+00:00\" \/>\n<meta property=\"og:image\" content=\"https:\/\/puhdasplus.ee\/wp-content\/uploads\/2023\/05\/Untitled-design-45-copy-4.jpg\" \/>\n\t<meta property=\"og:image:width\" content=\"1862\" \/>\n\t<meta property=\"og:image:height\" content=\"2560\" \/>\n\t<meta property=\"og:image:type\" content=\"image\/jpeg\" \/>\n<meta name=\"twitter:card\" content=\"summary_large_image\" \/>\n<meta name=\"twitter:label1\" content=\"Est. reading time\" \/>\n\t<meta name=\"twitter:data1\" content=\"2 minut\u0117\" \/>\n<script type=\"application\/ld+json\" class=\"yoast-schema-graph\">{\"@context\":\"https:\\\/\\\/schema.org\",\"@graph\":[{\"@type\":\"WebPage\",\"@id\":\"https:\\\/\\\/puhdasplus.ee\\\/lt\\\/produktai\\\/mineralai\\\/elektrolitu-milteliai-citrinu-skonio-120-g\\\/\",\"url\":\"https:\\\/\\\/puhdasplus.ee\\\/lt\\\/produktai\\\/mineralai\\\/elektrolitu-milteliai-citrinu-skonio-120-g\\\/\",\"name\":\"Elektrolit\u0173 milteliai citrin\u0173 skonio 120 g | Puhdas+\",\"isPartOf\":{\"@id\":\"https:\\\/\\\/puhdasplus.ee\\\/lt\\\/#website\"},\"primaryImageOfPage\":{\"@id\":\"https:\\\/\\\/puhdasplus.ee\\\/lt\\\/produktai\\\/mineralai\\\/elektrolitu-milteliai-citrinu-skonio-120-g\\\/#primaryimage\"},\"image\":{\"@id\":\"https:\\\/\\\/puhdasplus.ee\\\/lt\\\/produktai\\\/mineralai\\\/elektrolitu-milteliai-citrinu-skonio-120-g\\\/#primaryimage\"},\"thumbnailUrl\":\"https:\\\/\\\/puhdasplus.ee\\\/wp-content\\\/uploads\\\/2023\\\/05\\\/Untitled-design-45-copy-4.jpg\",\"datePublished\":\"2023-05-19T05:20:17+00:00\",\"dateModified\":\"2026-04-07T17:09:28+00:00\",\"description\":\"Citrin\u0173 skonio elektrolit\u0173 milteliai 120 g, kuri\u0173 sud\u0117tyje yra b\u016btin\u0173 mineral\u0173 ir maistini\u0173 med\u017eiag\u0173, kurios padeda palaikyti elektrolit\u0173 pusiausvyr\u0105 ir normali\u0105 raumen\u0173 funkcij\u0105.\",\"breadcrumb\":{\"@id\":\"https:\\\/\\\/puhdasplus.ee\\\/lt\\\/produktai\\\/mineralai\\\/elektrolitu-milteliai-citrinu-skonio-120-g\\\/#breadcrumb\"},\"inLanguage\":\"lt-LT\",\"potentialAction\":[{\"@type\":\"ReadAction\",\"target\":[\"https:\\\/\\\/puhdasplus.ee\\\/lt\\\/produktai\\\/mineralai\\\/elektrolitu-milteliai-citrinu-skonio-120-g\\\/\"]}]},{\"@type\":\"ImageObject\",\"inLanguage\":\"lt-LT\",\"@id\":\"https:\\\/\\\/puhdasplus.ee\\\/lt\\\/produktai\\\/mineralai\\\/elektrolitu-milteliai-citrinu-skonio-120-g\\\/#primaryimage\",\"url\":\"https:\\\/\\\/puhdasplus.ee\\\/wp-content\\\/uploads\\\/2023\\\/05\\\/Untitled-design-45-copy-4.jpg\",\"contentUrl\":\"https:\\\/\\\/puhdasplus.ee\\\/wp-content\\\/uploads\\\/2023\\\/05\\\/Untitled-design-45-copy-4.jpg\",\"width\":1862,\"height\":2560,\"caption\":\"Elektrolit\u0173 milteliai, citrin\u0173 skonio\"},{\"@type\":\"BreadcrumbList\",\"@id\":\"https:\\\/\\\/puhdasplus.ee\\\/lt\\\/produktai\\\/mineralai\\\/elektrolitu-milteliai-citrinu-skonio-120-g\\\/#breadcrumb\",\"itemListElement\":[{\"@type\":\"ListItem\",\"position\":1,\"name\":\"Prad\u017eia\",\"item\":\"https:\\\/\\\/puhdasplus.ee\\\/lt\\\/\"},{\"@type\":\"ListItem\",\"position\":2,\"name\":\"Produktai\",\"item\":\"https:\\\/\\\/puhdasplus.ee\\\/lt\\\/parduotuve\\\/\"},{\"@type\":\"ListItem\",\"position\":3,\"name\":\"Elektrolit\u0173 milteliai citrin\u0173 skonio 120 g\"}]},{\"@type\":\"WebSite\",\"@id\":\"https:\\\/\\\/puhdasplus.ee\\\/lt\\\/#website\",\"url\":\"https:\\\/\\\/puhdasplus.ee\\\/lt\\\/\",\"name\":\"Puhdas+\",\"description\":\"Vitaminai, maisto papildai, nat\u016brali kosmetika, sveikata, sportas\",\"publisher\":{\"@id\":\"https:\\\/\\\/puhdasplus.ee\\\/lt\\\/#organization\"},\"potentialAction\":[{\"@type\":\"SearchAction\",\"target\":{\"@type\":\"EntryPoint\",\"urlTemplate\":\"https:\\\/\\\/puhdasplus.ee\\\/lt\\\/?s={search_term_string}\"},\"query-input\":{\"@type\":\"PropertyValueSpecification\",\"valueRequired\":true,\"valueName\":\"search_term_string\"}}],\"inLanguage\":\"lt-LT\"},{\"@type\":\"Organization\",\"@id\":\"https:\\\/\\\/puhdasplus.ee\\\/lt\\\/#organization\",\"name\":\"Puhdas+\",\"alternateName\":\"Puhdasplus\",\"url\":\"https:\\\/\\\/puhdasplus.ee\\\/lt\\\/\",\"logo\":{\"@type\":\"ImageObject\",\"inLanguage\":\"lt-LT\",\"@id\":\"https:\\\/\\\/puhdasplus.ee\\\/lt\\\/#\\\/schema\\\/logo\\\/image\\\/\",\"url\":\"https:\\\/\\\/puhdasplus.ee\\\/wp-content\\\/uploads\\\/2019\\\/10\\\/puhdas_logo-arvele.png\",\"contentUrl\":\"https:\\\/\\\/puhdasplus.ee\\\/wp-content\\\/uploads\\\/2019\\\/10\\\/puhdas_logo-arvele.png\",\"width\":114,\"height\":94,\"caption\":\"Puhdas+\"},\"image\":{\"@id\":\"https:\\\/\\\/puhdasplus.ee\\\/lt\\\/#\\\/schema\\\/logo\\\/image\\\/\"},\"sameAs\":[\"https:\\\/\\\/www.facebook.com\\\/puhdasplus\",\"https:\\\/\\\/www.instagram.com\\\/puhdasplus_ee\\\/\"]}]}<\/script>\n<!-- \/ Yoast SEO plugin. -->","yoast_head_json":{"title":"Elektrolit\u0173 milteliai citrin\u0173 skonio 120 g | Puhdas+","description":"Citrin\u0173 skonio elektrolit\u0173 milteliai 120 g, kuri\u0173 sud\u0117tyje yra b\u016btin\u0173 mineral\u0173 ir maistini\u0173 med\u017eiag\u0173, kurios padeda palaikyti elektrolit\u0173 pusiausvyr\u0105 ir normali\u0105 raumen\u0173 funkcij\u0105.","robots":{"index":"index","follow":"follow","max-snippet":"max-snippet:-1","max-image-preview":"max-image-preview:large","max-video-preview":"max-video-preview:-1"},"canonical":"https:\/\/puhdasplus.ee\/lt\/produktai\/mineralai\/elektrolitu-milteliai-citrinu-skonio-120-g\/","og_locale":"lt_LT","og_type":"article","og_title":"Elektrolit\u0173 milteliai citrin\u0173 skonio 120 g | Puhdas+","og_description":"Citrin\u0173 skonio elektrolit\u0173 milteliai 120 g, kuri\u0173 sud\u0117tyje yra b\u016btin\u0173 mineral\u0173 ir maistini\u0173 med\u017eiag\u0173, kurios padeda palaikyti elektrolit\u0173 pusiausvyr\u0105 ir normali\u0105 raumen\u0173 funkcij\u0105.","og_url":"https:\/\/puhdasplus.ee\/lt\/produktai\/mineralai\/elektrolitu-milteliai-citrinu-skonio-120-g\/","og_site_name":"Puhdas+","article_publisher":"https:\/\/www.facebook.com\/puhdasplus","article_modified_time":"2026-04-07T17:09:28+00:00","og_image":[{"width":1862,"height":2560,"url":"https:\/\/puhdasplus.ee\/wp-content\/uploads\/2023\/05\/Untitled-design-45-copy-4.jpg","type":"image\/jpeg"}],"twitter_card":"summary_large_image","twitter_misc":{"Est. reading time":"2 minut\u0117"},"schema":{"@context":"https:\/\/schema.org","@graph":[{"@type":"WebPage","@id":"https:\/\/puhdasplus.ee\/lt\/produktai\/mineralai\/elektrolitu-milteliai-citrinu-skonio-120-g\/","url":"https:\/\/puhdasplus.ee\/lt\/produktai\/mineralai\/elektrolitu-milteliai-citrinu-skonio-120-g\/","name":"Elektrolit\u0173 milteliai citrin\u0173 skonio 120 g | Puhdas+","isPartOf":{"@id":"https:\/\/puhdasplus.ee\/lt\/#website"},"primaryImageOfPage":{"@id":"https:\/\/puhdasplus.ee\/lt\/produktai\/mineralai\/elektrolitu-milteliai-citrinu-skonio-120-g\/#primaryimage"},"image":{"@id":"https:\/\/puhdasplus.ee\/lt\/produktai\/mineralai\/elektrolitu-milteliai-citrinu-skonio-120-g\/#primaryimage"},"thumbnailUrl":"https:\/\/puhdasplus.ee\/wp-content\/uploads\/2023\/05\/Untitled-design-45-copy-4.jpg","datePublished":"2023-05-19T05:20:17+00:00","dateModified":"2026-04-07T17:09:28+00:00","description":"Citrin\u0173 skonio elektrolit\u0173 milteliai 120 g, kuri\u0173 sud\u0117tyje yra b\u016btin\u0173 mineral\u0173 ir maistini\u0173 med\u017eiag\u0173, kurios padeda palaikyti elektrolit\u0173 pusiausvyr\u0105 ir normali\u0105 raumen\u0173 funkcij\u0105.","breadcrumb":{"@id":"https:\/\/puhdasplus.ee\/lt\/produktai\/mineralai\/elektrolitu-milteliai-citrinu-skonio-120-g\/#breadcrumb"},"inLanguage":"lt-LT","potentialAction":[{"@type":"ReadAction","target":["https:\/\/puhdasplus.ee\/lt\/produktai\/mineralai\/elektrolitu-milteliai-citrinu-skonio-120-g\/"]}]},{"@type":"ImageObject","inLanguage":"lt-LT","@id":"https:\/\/puhdasplus.ee\/lt\/produktai\/mineralai\/elektrolitu-milteliai-citrinu-skonio-120-g\/#primaryimage","url":"https:\/\/puhdasplus.ee\/wp-content\/uploads\/2023\/05\/Untitled-design-45-copy-4.jpg","contentUrl":"https:\/\/puhdasplus.ee\/wp-content\/uploads\/2023\/05\/Untitled-design-45-copy-4.jpg","width":1862,"height":2560,"caption":"Elektrolit\u0173 milteliai, citrin\u0173 skonio"},{"@type":"BreadcrumbList","@id":"https:\/\/puhdasplus.ee\/lt\/produktai\/mineralai\/elektrolitu-milteliai-citrinu-skonio-120-g\/#breadcrumb","itemListElement":[{"@type":"ListItem","position":1,"name":"Prad\u017eia","item":"https:\/\/puhdasplus.ee\/lt\/"},{"@type":"ListItem","position":2,"name":"Produktai","item":"https:\/\/puhdasplus.ee\/lt\/parduotuve\/"},{"@type":"ListItem","position":3,"name":"Elektrolit\u0173 milteliai citrin\u0173 skonio 120 g"}]},{"@type":"WebSite","@id":"https:\/\/puhdasplus.ee\/lt\/#website","url":"https:\/\/puhdasplus.ee\/lt\/","name":"Puhdas+","description":"Vitaminai, maisto papildai, nat\u016brali kosmetika, sveikata, sportas","publisher":{"@id":"https:\/\/puhdasplus.ee\/lt\/#organization"},"potentialAction":[{"@type":"SearchAction","target":{"@type":"EntryPoint","urlTemplate":"https:\/\/puhdasplus.ee\/lt\/?s={search_term_string}"},"query-input":{"@type":"PropertyValueSpecification","valueRequired":true,"valueName":"search_term_string"}}],"inLanguage":"lt-LT"},{"@type":"Organization","@id":"https:\/\/puhdasplus.ee\/lt\/#organization","name":"Puhdas+","alternateName":"Puhdasplus","url":"https:\/\/puhdasplus.ee\/lt\/","logo":{"@type":"ImageObject","inLanguage":"lt-LT","@id":"https:\/\/puhdasplus.ee\/lt\/#\/schema\/logo\/image\/","url":"https:\/\/puhdasplus.ee\/wp-content\/uploads\/2019\/10\/puhdas_logo-arvele.png","contentUrl":"https:\/\/puhdasplus.ee\/wp-content\/uploads\/2019\/10\/puhdas_logo-arvele.png","width":114,"height":94,"caption":"Puhdas+"},"image":{"@id":"https:\/\/puhdasplus.ee\/lt\/#\/schema\/logo\/image\/"},"sameAs":["https:\/\/www.facebook.com\/puhdasplus","https:\/\/www.instagram.com\/puhdasplus_ee\/"]}]}},"_yoast_wpseo_title":"Elektrolit\u0173 milteliai citrin\u0173 skonio 120 g | Puhdas+","_yoast_wpseo_metadesc":"Citrin\u0173 skonio elektrolit\u0173 milteliai 120 g, kuri\u0173 sud\u0117tyje yra b\u016btin\u0173 mineral\u0173 ir maistini\u0173 med\u017eiag\u0173, kurios padeda palaikyti elektrolit\u0173 pusiausvyr\u0105 ir normali\u0105 raumen\u0173 funkcij\u0105.","_yoast_wpseo_focuskw":"","_links":{"self":[{"href":"https:\/\/puhdasplus.ee\/lt\/wp-json\/wp\/v2\/product\/33710","targetHints":{"allow":["GET"]}}],"collection":[{"href":"https:\/\/puhdasplus.ee\/lt\/wp-json\/wp\/v2\/product"}],"about":[{"href":"https:\/\/puhdasplus.ee\/lt\/wp-json\/wp\/v2\/types\/product"}],"replies":[{"embeddable":true,"href":"https:\/\/puhdasplus.ee\/lt\/wp-json\/wp\/v2\/comments?post=33710"}],"wp:featuredmedia":[{"embeddable":true,"href":"https:\/\/puhdasplus.ee\/lt\/wp-json\/wp\/v2\/media\/33714"}],"wp:attachment":[{"href":"https:\/\/puhdasplus.ee\/lt\/wp-json\/wp\/v2\/media?parent=33710"}],"wp:term":[{"taxonomy":"product_brand","embeddable":true,"href":"https:\/\/puhdasplus.ee\/lt\/wp-json\/wp\/v2\/product_brand?post=33710"},{"taxonomy":"product_cat","embeddable":true,"href":"https:\/\/puhdasplus.ee\/lt\/wp-json\/wp\/v2\/product_cat?post=33710"},{"taxonomy":"product_tag","embeddable":true,"href":"https:\/\/puhdasplus.ee\/lt\/wp-json\/wp\/v2\/product_tag?post=33710"}],"curies":[{"name":"wp","href":"https:\/\/api.w.org\/{rel}","templated":true}]}}