{"id":33703,"date":"2023-05-25T22:05:03","date_gmt":"2023-05-25T19:05:03","guid":{"rendered":"https:\/\/puhdasplus.ee\/tooted\/be-kategorijos\/stiprios-bifido-pieno-rugsties-bakterijos-glutaminas-60-kapsuliu\/"},"modified":"2026-04-07T20:05:14","modified_gmt":"2026-04-07T17:05:14","slug":"stiprios-bifido-pieno-rugsties-bakterijos-glutaminas-60-kapsuliu","status":"publish","type":"product","link":"https:\/\/puhdasplus.ee\/lt\/produktai\/virskinimas-ir-medziagu-apykaita\/stiprios-bifido-pieno-rugsties-bakterijos-glutaminas-60-kapsuliu\/","title":{"rendered":"Stiprios Bifido pieno r\u016bg\u0161ties bakterijos + Glutaminas 60 kapsuli\u0173"},"content":{"rendered":"<h2>Kas yra \u201ePuhdas+Strong\u201c bifido pieno r\u016bg\u0161ties bakterijos + glutaminas?<\/h2>\n<p><strong>\u201ePuhdas+ Strong Bifido Lactic Acid Bacteria + Glutamine\u201c<\/strong> yra auk\u0161tos kokyb\u0117s maisto papildas, pagamintas Suomijoje, kuriame sujungta <strong>Bifidobacterium longum<\/strong> pieno r\u016bg\u0161ties bakterij\u0173 paderm\u0117 ir aminor\u016bg\u0161tis <strong>glutaminas<\/strong> . \u0160is derinys skirtas palaikyti normali\u0105 vir\u0161kinimo funkcij\u0105 ir bendr\u0105 savijaut\u0105.<\/p>\n<h2>Kod\u0117l \u201ePuhdas+ Strong Bifido\u201c pieno r\u016bg\u0161ties bakterijos + glutaminas yra naudingos?<\/h2>\n<ul>\n<li>\n<h4>Bifidobacterium longum \u2013 sveikos mikrobiomos dalis<\/h4>\n<p>Bifidobacterium longum yra viena i\u0161 labiausiai i\u0161tirt\u0173 ir gerai \u017einom\u0173 pieno r\u016bg\u0161ties bakterij\u0173 padermi\u0173, kuri yra nat\u016bralios \u017emogaus \u017earnyno floros dalis. Jos vartojimas maisto papildo pavidalu palaiko mikrobiomo \u012fvairov\u0119 kasdieniame gyvenime ir kei\u010diant mityb\u0105. <\/p>\n<\/li>\n<li>\n<h4>Glutaminas \u2013 \u017earnyno l\u0105steli\u0173 palaikymas<\/h4>\n<p>Glutaminas yra nat\u016braliai organizme esanti aminor\u016bg\u0161tis, kuri laikoma ypa\u010d svarbia \u017earnyno l\u0105stel\u0117ms. Ji veikia kaip kuras greitai besidalijantiems audiniams, \u012fskaitant plonosios \u017earnos gleivin\u0119. Kai organizmas patiria stres\u0105, pavyzd\u017eiui, atsigauna po ligos, intensyvaus fizinio kr\u016bvio ar maisto netoleravimo, glutamino poreikis gali padid\u0117ti.  <\/p>\n<p>Glutaminas yra b\u016btinas greitai besidalijantiems audiniams, \u012fskaitant plonosios \u017earnos gleivin\u0119. Jo vartojimas gali palaikyti normali\u0105 vir\u0161kinimo trakto funkcij\u0105. <\/li>\n<\/ul>\n<h2>Nat\u016bralus ir grynas pasirinkimas<\/h2>\n<p>Produktas ypa\u010d tinka \u017emon\u0117ms, turintiems jautr\u0173 vir\u0161kinim\u0105 \u2013 jame n\u0117ra laktoz\u0117s, glitimo, pieno, mieli\u0173, cukraus, saldikli\u0173 ar dirbtini\u0173 pried\u0173. Jis taip pat tinka veganams. <\/p>\n<p>\u0160is derinys puikiai tinka tiems, kurie:<\/p>\n<ul>\n<li>\n<p>Atsigavimas po ligos ar antibiotik\u0173 kurso<\/p>\n<\/li>\n<li>\n<p>Ie\u0161kote kasdien\u0117s paramos vir\u0161kinimui ir mikrobiomo pusiausvyrai?<\/p>\n<\/li>\n<li>\n<p>Norite palaikyti normali\u0105 \u017earnyno gleivin\u0117s funkcij\u0105?<\/p>\n<\/li>\n<li>\n<p>Pirmenyb\u0119 teikite gryniems ir be pried\u0173 papildams<\/p>\n<\/li>\n<\/ul>\n<h2>Ingredientai<\/h2>\n<ul>\n<li>\n<p>Glutaminas<\/p>\n<\/li>\n<li>\n<p>Bifidobacterium longum<\/p>\n<\/li>\n<li>\n<p>U\u017epildas: mikrokristalin\u0117 celiulioz\u0117<\/p>\n<\/li>\n<li>\n<p>Kapsul\u0117s apvalkalas: hidroksipropilmetilceliulioz\u0117, gelano derva<\/p>\n<\/li>\n<\/ul>\n<p>Be laktoz\u0117s, glitimo, pieno, mieli\u0173, cukraus, druskos, sojos ar dirbtini\u0173 saldikli\u0173. Tinka veganams. <\/p>\n<h2>Maistini\u0173 med\u017eiag\u0173 kiekis<\/h2>\n<div class=\"_tableContainer_16hzy_1\">\n<div class=\"_tableWrapper_16hzy_14 group flex w-fit flex-col-reverse\">\n<table class=\"w-fit min-w-(--thread-content-width)\">\n<thead>\n<tr>\n<th>1 kapsul\u0117<\/th>\n<th>2 kapsul\u0117s<\/th>\n<\/tr>\n<\/thead>\n<tbody>\n<tr>\n<td>Glutaminas: 250 mg<\/td>\n<td>500 mg<\/td>\n<\/tr>\n<tr>\n<td>Bifidobacterium longum: 5 milijardai gyv\u0173 bakterij\u0173<\/td>\n<td>10 milijard\u0173 gyv\u0173 bakterij\u0173<\/td>\n<\/tr>\n<\/tbody>\n<\/table>\n<\/div>\n<\/div>\n<h2>Naudojimas<\/h2>\n<p>Gerti po 1\u20132 kapsules per dien\u0105, u\u017egeriant vandeniu.<\/p>\n<ul>\n<li>\n<p>Rekomenduojamos paros doz\u0117s vir\u0161yti negalima.<\/p>\n<\/li>\n<li>\n<p>Maisto papildas nepakei\u010dia \u012fvairios ir subalansuotos mitybos ar sveiko gyvenimo b\u016bdo.<\/p>\n<\/li>\n<li>\n<p>Laikyti vaikams nepasiekiamoje vietoje.<\/p>\n<\/li>\n<\/ul>\n<p><strong>\u017di\u016br\u0117ti taip pat:<\/strong> <a href=\"https:\/\/puhdasplus.ee\/toote-kategooria\/seedimine-ja-ainevahetus\/\">Vir\u0161kinimas ir med\u017eiag\u0173 apykaita<\/a> | <a href=\"https:\/\/puhdasplus.ee\/toote-kategooria\/superfood\/\">Superfood<\/a><\/p>\n","protected":false},"excerpt":{"rendered":"<p>M\u016bs\u0173 vir\u0161kinimo sistema vaidina svarb\u0173 vaidmen\u012f formuojant bendr\u0105 savijaut\u0105 ir savijaut\u0105. Jei vir\u0161kinimas neveikia skland\u017eiai arba sutrikusi mikrobiomo pusiausvyra, tai gali paveikti energijos lyg\u012f, maistini\u0173 med\u017eiag\u0173 \u012fsisavinim\u0105 ir organizmo atsparum\u0105. <b>\u201ePure + Strong Bifido\u201c pieno r\u016bg\u0161ties bakterijos + glutaminas<\/b> yra skirtos palaikyti normali\u0105 vir\u0161kinamojo trakto veikl\u0105 ir kasdien\u0119 gerov\u0117s jausm\u0105. <\/p>\n<p>Pagrindiniai maisto papildo komponentai yra Bifidobacterium longum \u2013 viena i\u0161 pieno r\u016bg\u0161ties bakterij\u0173, esan\u010di\u0173 nat\u016bralioje \u017emogaus mikrobiome, \u2013 ir aminor\u016bg\u0161tis glutaminas, aktyviai dalyvaujanti organizmo med\u017eiag\u0173 apykaitoje ir palaikanti normali\u0105 vir\u0161kinamojo trakto gleivin\u0117s l\u0105steli\u0173 funkcij\u0105.<\/p>\n<p>Bifidobacterium longum padeda palaikyti mikrofloros \u012fvairov\u0119, kuri yra svarbi \u017earnyno funkcijai ir imunin\u0117s sistemos palaikymui. Glutaminas yra svarbus energijos \u0161altinis greitai atsinaujinantiems audiniams, \u012fskaitant plonosios \u017earnos gleivin\u0119, ypa\u010d aktyvaus gyvenimo b\u016bdo, mitybos poky\u010di\u0173 ar kit\u0173 streso veiksni\u0173 metu. <\/p>\n<p>Produktas tinka kasdieniam vartojimui, ypa\u010d tiems, kuri\u0173 vir\u0161kinimas jautrus, arba tiems, kurie nori palaikyti nat\u016brali\u0105 vir\u0161kinimo sistemos pusiausvyr\u0105. Gryna sud\u0117tis \u2013 be laktoz\u0117s, glitimo, cukraus, dirbtini\u0173 saldikli\u0173 ar konservant\u0173 \u2013 tinka veganams ir vartotojams, kuri\u0173 vir\u0161kinimas jautrus. <\/p>\n<p>\u0160is papildas tinka kasdieniam vartojimui, ypa\u010d tiems, kuri\u0173 vir\u0161kinimas jautrus, \u017earnynas apkrautas, arba tiems, kurie nori atkurti mikrobiomo pusiausvyr\u0105, pavyzd\u017eiui, po antibiotik\u0173 kurso. Produktas pasi\u017eymi \u0161varia sud\u0117timi: jame n\u0117ra laktoz\u0117s, glitimo, cukraus, dirbtini\u0173 saldikli\u0173 ar konservant\u0173, jis taip pat tinka veganams. <\/p>\n","protected":false},"featured_media":33709,"comment_status":"closed","ping_status":"closed","template":"","meta":{"_acf_changed":false,"googlesitekit_rrm_CAow3eq7DA:productID":""},"product_brand":[],"product_cat":[3318],"product_tag":[8350,3131,8323,8415,4883,8374,2967,3858],"class_list":{"0":"post-33703","1":"product","2":"type-product","3":"status-publish","4":"has-post-thumbnail","6":"product_cat-virskinimas-ir-medziagu-apykaita","7":"product_tag-be-laktozs-lt","8":"product_tag-maisto-papildas","9":"product_tag-pieno-rgties-bakterijos-lt","10":"product_tag-probiotikai-alt","11":"product_tag-probiotikai","12":"product_tag-suomijos-kokyb-lt","13":"product_tag-veganas","14":"product_tag-virskinimas","16":"first","17":"onbackorder","18":"taxable","19":"shipping-taxable","20":"purchasable","21":"product-type-simple"},"acf":[],"yoast_head":"<!-- This site is optimized with the Yoast SEO plugin v27.3 - https:\/\/yoast.com\/product\/yoast-seo-wordpress\/ -->\n<title>Stiprios Bifido pieno r\u016bg\u0161ties bakterijos + Glutaminas 60 kapsuli\u0173 | Puhdas+<\/title>\n<meta name=\"description\" content=\"Bifido pieno r\u016bg\u0161ties bakterijos ir glutaminas \u2013 veganams tinkamas papildas vir\u0161kinimo sveikatai palaikyti. Sud\u0117tyje yra 5 milijardai gyv\u0173 bakterij\u0173 ir L-glutamino.\" \/>\n<meta name=\"robots\" content=\"index, follow, max-snippet:-1, max-image-preview:large, max-video-preview:-1\" \/>\n<link rel=\"canonical\" href=\"https:\/\/puhdasplus.ee\/lt\/produktai\/virskinimas-ir-medziagu-apykaita\/stiprios-bifido-pieno-rugsties-bakterijos-glutaminas-60-kapsuliu\/\" \/>\n<meta property=\"og:locale\" content=\"lt_LT\" \/>\n<meta property=\"og:type\" content=\"article\" \/>\n<meta property=\"og:title\" content=\"Stiprios Bifido pieno r\u016bg\u0161ties bakterijos + Glutaminas 60 kapsuli\u0173 | Puhdas+\" \/>\n<meta property=\"og:description\" content=\"Bifido pieno r\u016bg\u0161ties bakterijos ir glutaminas \u2013 veganams tinkamas papildas vir\u0161kinimo sveikatai palaikyti. Sud\u0117tyje yra 5 milijardai gyv\u0173 bakterij\u0173 ir L-glutamino.\" \/>\n<meta property=\"og:url\" content=\"https:\/\/puhdasplus.ee\/lt\/produktai\/virskinimas-ir-medziagu-apykaita\/stiprios-bifido-pieno-rugsties-bakterijos-glutaminas-60-kapsuliu\/\" \/>\n<meta property=\"og:site_name\" content=\"Puhdas+\" \/>\n<meta property=\"article:publisher\" content=\"https:\/\/www.facebook.com\/puhdasplus\" \/>\n<meta property=\"article:modified_time\" content=\"2026-04-07T17:05:14+00:00\" \/>\n<meta property=\"og:image\" content=\"https:\/\/puhdasplus.ee\/wp-content\/uploads\/2023\/05\/Untitled-design-45-copy.jpg\" \/>\n\t<meta property=\"og:image:width\" content=\"1862\" \/>\n\t<meta property=\"og:image:height\" content=\"2560\" \/>\n\t<meta property=\"og:image:type\" content=\"image\/jpeg\" \/>\n<meta name=\"twitter:card\" content=\"summary_large_image\" \/>\n<meta name=\"twitter:label1\" content=\"Est. reading time\" \/>\n\t<meta name=\"twitter:data1\" content=\"2 minut\u0117\" \/>\n<script type=\"application\/ld+json\" class=\"yoast-schema-graph\">{\"@context\":\"https:\\\/\\\/schema.org\",\"@graph\":[{\"@type\":\"WebPage\",\"@id\":\"https:\\\/\\\/puhdasplus.ee\\\/lt\\\/produktai\\\/virskinimas-ir-medziagu-apykaita\\\/stiprios-bifido-pieno-rugsties-bakterijos-glutaminas-60-kapsuliu\\\/\",\"url\":\"https:\\\/\\\/puhdasplus.ee\\\/lt\\\/produktai\\\/virskinimas-ir-medziagu-apykaita\\\/stiprios-bifido-pieno-rugsties-bakterijos-glutaminas-60-kapsuliu\\\/\",\"name\":\"Stiprios Bifido pieno r\u016bg\u0161ties bakterijos + Glutaminas 60 kapsuli\u0173 | Puhdas+\",\"isPartOf\":{\"@id\":\"https:\\\/\\\/puhdasplus.ee\\\/lt\\\/#website\"},\"primaryImageOfPage\":{\"@id\":\"https:\\\/\\\/puhdasplus.ee\\\/lt\\\/produktai\\\/virskinimas-ir-medziagu-apykaita\\\/stiprios-bifido-pieno-rugsties-bakterijos-glutaminas-60-kapsuliu\\\/#primaryimage\"},\"image\":{\"@id\":\"https:\\\/\\\/puhdasplus.ee\\\/lt\\\/produktai\\\/virskinimas-ir-medziagu-apykaita\\\/stiprios-bifido-pieno-rugsties-bakterijos-glutaminas-60-kapsuliu\\\/#primaryimage\"},\"thumbnailUrl\":\"https:\\\/\\\/puhdasplus.ee\\\/wp-content\\\/uploads\\\/2023\\\/05\\\/Untitled-design-45-copy.jpg\",\"datePublished\":\"2023-05-25T19:05:03+00:00\",\"dateModified\":\"2026-04-07T17:05:14+00:00\",\"description\":\"Bifido pieno r\u016bg\u0161ties bakterijos ir glutaminas \u2013 veganams tinkamas papildas vir\u0161kinimo sveikatai palaikyti. Sud\u0117tyje yra 5 milijardai gyv\u0173 bakterij\u0173 ir L-glutamino.\",\"breadcrumb\":{\"@id\":\"https:\\\/\\\/puhdasplus.ee\\\/lt\\\/produktai\\\/virskinimas-ir-medziagu-apykaita\\\/stiprios-bifido-pieno-rugsties-bakterijos-glutaminas-60-kapsuliu\\\/#breadcrumb\"},\"inLanguage\":\"lt-LT\",\"potentialAction\":[{\"@type\":\"ReadAction\",\"target\":[\"https:\\\/\\\/puhdasplus.ee\\\/lt\\\/produktai\\\/virskinimas-ir-medziagu-apykaita\\\/stiprios-bifido-pieno-rugsties-bakterijos-glutaminas-60-kapsuliu\\\/\"]}]},{\"@type\":\"ImageObject\",\"inLanguage\":\"lt-LT\",\"@id\":\"https:\\\/\\\/puhdasplus.ee\\\/lt\\\/produktai\\\/virskinimas-ir-medziagu-apykaita\\\/stiprios-bifido-pieno-rugsties-bakterijos-glutaminas-60-kapsuliu\\\/#primaryimage\",\"url\":\"https:\\\/\\\/puhdasplus.ee\\\/wp-content\\\/uploads\\\/2023\\\/05\\\/Untitled-design-45-copy.jpg\",\"contentUrl\":\"https:\\\/\\\/puhdasplus.ee\\\/wp-content\\\/uploads\\\/2023\\\/05\\\/Untitled-design-45-copy.jpg\",\"width\":1862,\"height\":2560,\"caption\":\"Bifido Comp pieno r\u016bg\u0161ties bakterijos + L-glutaminas\"},{\"@type\":\"BreadcrumbList\",\"@id\":\"https:\\\/\\\/puhdasplus.ee\\\/lt\\\/produktai\\\/virskinimas-ir-medziagu-apykaita\\\/stiprios-bifido-pieno-rugsties-bakterijos-glutaminas-60-kapsuliu\\\/#breadcrumb\",\"itemListElement\":[{\"@type\":\"ListItem\",\"position\":1,\"name\":\"Prad\u017eia\",\"item\":\"https:\\\/\\\/puhdasplus.ee\\\/lt\\\/\"},{\"@type\":\"ListItem\",\"position\":2,\"name\":\"Produktai\",\"item\":\"https:\\\/\\\/puhdasplus.ee\\\/lt\\\/parduotuve\\\/\"},{\"@type\":\"ListItem\",\"position\":3,\"name\":\"Stiprios Bifido pieno r\u016bg\u0161ties bakterijos + Glutaminas 60 kapsuli\u0173\"}]},{\"@type\":\"WebSite\",\"@id\":\"https:\\\/\\\/puhdasplus.ee\\\/lt\\\/#website\",\"url\":\"https:\\\/\\\/puhdasplus.ee\\\/lt\\\/\",\"name\":\"Puhdas+\",\"description\":\"Vitaminai, maisto papildai, nat\u016brali kosmetika, sveikata, sportas\",\"publisher\":{\"@id\":\"https:\\\/\\\/puhdasplus.ee\\\/lt\\\/#organization\"},\"potentialAction\":[{\"@type\":\"SearchAction\",\"target\":{\"@type\":\"EntryPoint\",\"urlTemplate\":\"https:\\\/\\\/puhdasplus.ee\\\/lt\\\/?s={search_term_string}\"},\"query-input\":{\"@type\":\"PropertyValueSpecification\",\"valueRequired\":true,\"valueName\":\"search_term_string\"}}],\"inLanguage\":\"lt-LT\"},{\"@type\":\"Organization\",\"@id\":\"https:\\\/\\\/puhdasplus.ee\\\/lt\\\/#organization\",\"name\":\"Puhdas+\",\"alternateName\":\"Puhdasplus\",\"url\":\"https:\\\/\\\/puhdasplus.ee\\\/lt\\\/\",\"logo\":{\"@type\":\"ImageObject\",\"inLanguage\":\"lt-LT\",\"@id\":\"https:\\\/\\\/puhdasplus.ee\\\/lt\\\/#\\\/schema\\\/logo\\\/image\\\/\",\"url\":\"https:\\\/\\\/puhdasplus.ee\\\/wp-content\\\/uploads\\\/2019\\\/10\\\/puhdas_logo-arvele.png\",\"contentUrl\":\"https:\\\/\\\/puhdasplus.ee\\\/wp-content\\\/uploads\\\/2019\\\/10\\\/puhdas_logo-arvele.png\",\"width\":114,\"height\":94,\"caption\":\"Puhdas+\"},\"image\":{\"@id\":\"https:\\\/\\\/puhdasplus.ee\\\/lt\\\/#\\\/schema\\\/logo\\\/image\\\/\"},\"sameAs\":[\"https:\\\/\\\/www.facebook.com\\\/puhdasplus\",\"https:\\\/\\\/www.instagram.com\\\/puhdasplus_ee\\\/\"]}]}<\/script>\n<!-- \/ Yoast SEO plugin. -->","yoast_head_json":{"title":"Stiprios Bifido pieno r\u016bg\u0161ties bakterijos + Glutaminas 60 kapsuli\u0173 | Puhdas+","description":"Bifido pieno r\u016bg\u0161ties bakterijos ir glutaminas \u2013 veganams tinkamas papildas vir\u0161kinimo sveikatai palaikyti. Sud\u0117tyje yra 5 milijardai gyv\u0173 bakterij\u0173 ir L-glutamino.","robots":{"index":"index","follow":"follow","max-snippet":"max-snippet:-1","max-image-preview":"max-image-preview:large","max-video-preview":"max-video-preview:-1"},"canonical":"https:\/\/puhdasplus.ee\/lt\/produktai\/virskinimas-ir-medziagu-apykaita\/stiprios-bifido-pieno-rugsties-bakterijos-glutaminas-60-kapsuliu\/","og_locale":"lt_LT","og_type":"article","og_title":"Stiprios Bifido pieno r\u016bg\u0161ties bakterijos + Glutaminas 60 kapsuli\u0173 | Puhdas+","og_description":"Bifido pieno r\u016bg\u0161ties bakterijos ir glutaminas \u2013 veganams tinkamas papildas vir\u0161kinimo sveikatai palaikyti. Sud\u0117tyje yra 5 milijardai gyv\u0173 bakterij\u0173 ir L-glutamino.","og_url":"https:\/\/puhdasplus.ee\/lt\/produktai\/virskinimas-ir-medziagu-apykaita\/stiprios-bifido-pieno-rugsties-bakterijos-glutaminas-60-kapsuliu\/","og_site_name":"Puhdas+","article_publisher":"https:\/\/www.facebook.com\/puhdasplus","article_modified_time":"2026-04-07T17:05:14+00:00","og_image":[{"width":1862,"height":2560,"url":"https:\/\/puhdasplus.ee\/wp-content\/uploads\/2023\/05\/Untitled-design-45-copy.jpg","type":"image\/jpeg"}],"twitter_card":"summary_large_image","twitter_misc":{"Est. reading time":"2 minut\u0117"},"schema":{"@context":"https:\/\/schema.org","@graph":[{"@type":"WebPage","@id":"https:\/\/puhdasplus.ee\/lt\/produktai\/virskinimas-ir-medziagu-apykaita\/stiprios-bifido-pieno-rugsties-bakterijos-glutaminas-60-kapsuliu\/","url":"https:\/\/puhdasplus.ee\/lt\/produktai\/virskinimas-ir-medziagu-apykaita\/stiprios-bifido-pieno-rugsties-bakterijos-glutaminas-60-kapsuliu\/","name":"Stiprios Bifido pieno r\u016bg\u0161ties bakterijos + Glutaminas 60 kapsuli\u0173 | Puhdas+","isPartOf":{"@id":"https:\/\/puhdasplus.ee\/lt\/#website"},"primaryImageOfPage":{"@id":"https:\/\/puhdasplus.ee\/lt\/produktai\/virskinimas-ir-medziagu-apykaita\/stiprios-bifido-pieno-rugsties-bakterijos-glutaminas-60-kapsuliu\/#primaryimage"},"image":{"@id":"https:\/\/puhdasplus.ee\/lt\/produktai\/virskinimas-ir-medziagu-apykaita\/stiprios-bifido-pieno-rugsties-bakterijos-glutaminas-60-kapsuliu\/#primaryimage"},"thumbnailUrl":"https:\/\/puhdasplus.ee\/wp-content\/uploads\/2023\/05\/Untitled-design-45-copy.jpg","datePublished":"2023-05-25T19:05:03+00:00","dateModified":"2026-04-07T17:05:14+00:00","description":"Bifido pieno r\u016bg\u0161ties bakterijos ir glutaminas \u2013 veganams tinkamas papildas vir\u0161kinimo sveikatai palaikyti. Sud\u0117tyje yra 5 milijardai gyv\u0173 bakterij\u0173 ir L-glutamino.","breadcrumb":{"@id":"https:\/\/puhdasplus.ee\/lt\/produktai\/virskinimas-ir-medziagu-apykaita\/stiprios-bifido-pieno-rugsties-bakterijos-glutaminas-60-kapsuliu\/#breadcrumb"},"inLanguage":"lt-LT","potentialAction":[{"@type":"ReadAction","target":["https:\/\/puhdasplus.ee\/lt\/produktai\/virskinimas-ir-medziagu-apykaita\/stiprios-bifido-pieno-rugsties-bakterijos-glutaminas-60-kapsuliu\/"]}]},{"@type":"ImageObject","inLanguage":"lt-LT","@id":"https:\/\/puhdasplus.ee\/lt\/produktai\/virskinimas-ir-medziagu-apykaita\/stiprios-bifido-pieno-rugsties-bakterijos-glutaminas-60-kapsuliu\/#primaryimage","url":"https:\/\/puhdasplus.ee\/wp-content\/uploads\/2023\/05\/Untitled-design-45-copy.jpg","contentUrl":"https:\/\/puhdasplus.ee\/wp-content\/uploads\/2023\/05\/Untitled-design-45-copy.jpg","width":1862,"height":2560,"caption":"Bifido Comp pieno r\u016bg\u0161ties bakterijos + L-glutaminas"},{"@type":"BreadcrumbList","@id":"https:\/\/puhdasplus.ee\/lt\/produktai\/virskinimas-ir-medziagu-apykaita\/stiprios-bifido-pieno-rugsties-bakterijos-glutaminas-60-kapsuliu\/#breadcrumb","itemListElement":[{"@type":"ListItem","position":1,"name":"Prad\u017eia","item":"https:\/\/puhdasplus.ee\/lt\/"},{"@type":"ListItem","position":2,"name":"Produktai","item":"https:\/\/puhdasplus.ee\/lt\/parduotuve\/"},{"@type":"ListItem","position":3,"name":"Stiprios Bifido pieno r\u016bg\u0161ties bakterijos + Glutaminas 60 kapsuli\u0173"}]},{"@type":"WebSite","@id":"https:\/\/puhdasplus.ee\/lt\/#website","url":"https:\/\/puhdasplus.ee\/lt\/","name":"Puhdas+","description":"Vitaminai, maisto papildai, nat\u016brali kosmetika, sveikata, sportas","publisher":{"@id":"https:\/\/puhdasplus.ee\/lt\/#organization"},"potentialAction":[{"@type":"SearchAction","target":{"@type":"EntryPoint","urlTemplate":"https:\/\/puhdasplus.ee\/lt\/?s={search_term_string}"},"query-input":{"@type":"PropertyValueSpecification","valueRequired":true,"valueName":"search_term_string"}}],"inLanguage":"lt-LT"},{"@type":"Organization","@id":"https:\/\/puhdasplus.ee\/lt\/#organization","name":"Puhdas+","alternateName":"Puhdasplus","url":"https:\/\/puhdasplus.ee\/lt\/","logo":{"@type":"ImageObject","inLanguage":"lt-LT","@id":"https:\/\/puhdasplus.ee\/lt\/#\/schema\/logo\/image\/","url":"https:\/\/puhdasplus.ee\/wp-content\/uploads\/2019\/10\/puhdas_logo-arvele.png","contentUrl":"https:\/\/puhdasplus.ee\/wp-content\/uploads\/2019\/10\/puhdas_logo-arvele.png","width":114,"height":94,"caption":"Puhdas+"},"image":{"@id":"https:\/\/puhdasplus.ee\/lt\/#\/schema\/logo\/image\/"},"sameAs":["https:\/\/www.facebook.com\/puhdasplus","https:\/\/www.instagram.com\/puhdasplus_ee\/"]}]}},"_yoast_wpseo_title":"Stiprios Bifido pieno r\u016bg\u0161ties bakterijos + Glutaminas 60 kapsuli\u0173 | Puhdas+","_yoast_wpseo_metadesc":"Bifido pieno r\u016bg\u0161ties bakterijos ir glutaminas \u2013 veganams tinkamas papildas vir\u0161kinimo sveikatai palaikyti. Sud\u0117tyje yra 5 milijardai gyv\u0173 bakterij\u0173 ir L-glutamino.","_yoast_wpseo_focuskw":"","_links":{"self":[{"href":"https:\/\/puhdasplus.ee\/lt\/wp-json\/wp\/v2\/product\/33703","targetHints":{"allow":["GET"]}}],"collection":[{"href":"https:\/\/puhdasplus.ee\/lt\/wp-json\/wp\/v2\/product"}],"about":[{"href":"https:\/\/puhdasplus.ee\/lt\/wp-json\/wp\/v2\/types\/product"}],"replies":[{"embeddable":true,"href":"https:\/\/puhdasplus.ee\/lt\/wp-json\/wp\/v2\/comments?post=33703"}],"wp:featuredmedia":[{"embeddable":true,"href":"https:\/\/puhdasplus.ee\/lt\/wp-json\/wp\/v2\/media\/33709"}],"wp:attachment":[{"href":"https:\/\/puhdasplus.ee\/lt\/wp-json\/wp\/v2\/media?parent=33703"}],"wp:term":[{"taxonomy":"product_brand","embeddable":true,"href":"https:\/\/puhdasplus.ee\/lt\/wp-json\/wp\/v2\/product_brand?post=33703"},{"taxonomy":"product_cat","embeddable":true,"href":"https:\/\/puhdasplus.ee\/lt\/wp-json\/wp\/v2\/product_cat?post=33703"},{"taxonomy":"product_tag","embeddable":true,"href":"https:\/\/puhdasplus.ee\/lt\/wp-json\/wp\/v2\/product_tag?post=33703"}],"curies":[{"name":"wp","href":"https:\/\/api.w.org\/{rel}","templated":true}]}}