{"id":33622,"date":"2023-10-03T11:05:15","date_gmt":"2023-10-03T08:05:15","guid":{"rendered":"https:\/\/puhdasplus.ee\/tooted\/be-kategorijos\/ekologiskos-kanapiu-seklos-300g\/"},"modified":"2026-04-07T19:52:04","modified_gmt":"2026-04-07T16:52:04","slug":"ekologiskos-kanapiu-seklos-300g","status":"publish","type":"product","link":"https:\/\/puhdasplus.ee\/lt\/produktai\/sirdies-sveikata\/omega-3-lt\/ekologiskos-kanapiu-seklos-300g\/","title":{"rendered":"Ekologi\u0161kos kanapi\u0173 s\u0117klos 300g"},"content":{"rendered":"<h2>Kas yra kanapi\u0173 s\u0117klos?<\/h2>\n<p>\u201ePuhdas+ Premium\u201c kanapi\u0173 s\u0117klos yra 100 % ekologi\u0161kos, be glitimo ir tinkamos veganams. \u0160ios ma\u017eos, bet maistingos s\u0117klos puikiai papildys j\u016bs\u0173 kasdien\u0119 mityb\u0105, nes jose gausu skaidul\u0173, omega-3 ir omega-6 riebal\u0173 r\u016bg\u0161\u010di\u0173, baltym\u0173 ir mineral\u0173. \u200b<\/p>\n<p>\u201ePuhdas+ Premium\u201c kanapi\u0173 s\u0117klos palaiko kelias svarbias sveikatos sritis \u2013 \u0161ird\u012f, raumenis, vir\u0161kinim\u0105 ir bendr\u0105 savijaut\u0105.<\/p>\n<h2>Normaliai \u0161irdies ir smegen\u0173 funkcijai<\/h2>\n<p>Kanapi\u0173 s\u0117klose yra daug omega-3 ir omega-6 riebal\u0173 r\u016bg\u0161\u010di\u0173 idealiu santykiu (1:3), kurios padeda palaikyti normal\u0173 cholesterolio ir kraujosp\u016bd\u017eio lyg\u012f, palaiko \u0161irdies ir kraujagysli\u0173 bei smegen\u0173 veikl\u0105.<\/p>\n<h2>Raumenims ir energijos lygiui palaikyti<\/h2>\n<p>Tai visavertis augalin\u0117s kilm\u0117s baltym\u0173 \u0161altinis, turintis visas devynias nepakei\u010diamas aminor\u016bg\u0161tis. D\u0117l to \u0161ios s\u0117klos tinka fizi\u0161kai aktyviems \u017emon\u0117ms, sportininkams ir vegetarams. <\/p>\n<h2>Vir\u0161kinimui ir \u017earnyno gerovei<\/h2>\n<p>Kanapi\u0173 s\u0117klos yra puikus skaidul\u0173 \u0161altinis (31,5 g \/ 100 g), kurios padeda reguliuoti vir\u0161kinim\u0105, palaiko \u017earnyno veikl\u0105 ir suteikia sotumo jausm\u0105 \u2013 svarbu tiems, kurie nori palaikyti normal\u0173 svor\u012f arba subalansuoti cukraus kiek\u012f kraujyje.<\/p>\n<h2>Nat\u016brali kasdien\u0117 viso k\u016bno parama<\/h2>\n<p>Be riebal\u0173 ir baltym\u0173, kanapi\u0173 s\u0117klose taip pat yra svarbi\u0173 mineral\u0173 ir vitamin\u0173, toki\u0173 kaip gele\u017eis, magnis ir cinkas. Jos palaiko imunin\u0119 sistem\u0105, energijos apykait\u0105 ir bendr\u0105 gyvybingum\u0105. <\/p>\n<h2>Ingredientai<\/h2>\n<ul>\n<li>\n<p>100 % kanapi\u0173 s\u0117kl\u0173 i\u0161 ekologini\u0173 \u016bki\u0173<\/p>\n<\/li>\n<li>\n<p>Be laktoz\u0117s, mieli\u0173 ar glitimo<\/p>\n<\/li>\n<\/ul>\n<h2>Maistin\u0117 vert\u0117 (100 g)<\/h2>\n<ul>\n<li>\n<p>Energin\u0117 vert\u0117: 1938 kJ \/ 470 kcal<\/p>\n<\/li>\n<li>\n<p>Riebalai: 35,0 g<\/p>\n<ul>\n<li>\n<p>i\u0161 kuri\u0173 so\u010di\u0173j\u0173 riebal\u0173 r\u016bg\u0161\u010di\u0173: 3,1 g<\/p>\n<\/li>\n<li>\n<p>omega-3 riebal\u0173 r\u016bg\u0161tys: 7,5 g<\/p>\n<\/li>\n<li>\n<p>omega-6 riebal\u0173 r\u016bg\u0161tys: 19,5 g<\/p>\n<\/li>\n<\/ul>\n<\/li>\n<li>\n<p>Angliavandeniai: 1,27 g<\/p>\n<ul>\n<li>\n<p>i\u0161 kuri\u0173 cukr\u0173: 1,27 g<\/p>\n<\/li>\n<\/ul>\n<\/li>\n<li>\n<p>Skaidulos: 31,5 g<\/p>\n<\/li>\n<li>\n<p>Baltymai: 24,0 g<\/p>\n<\/li>\n<li>\n<p>Druska: 0 g<\/p>\n<\/li>\n<\/ul>\n<h2>Naudotojo vadovas<\/h2>\n<p>Tinka vartoti tiesiai i\u0161 pakuot\u0117s, naudoti gaminant maist\u0105, kokteiliuose ar jogurte, salotose, ko\u0161\u0117je ar kepiniuose.<\/p>\n<p><strong>\u017di\u016br\u0117ti taip pat:<\/strong> <a href=\"https:\/\/puhdasplus.ee\/toote-kategooria\/omega-3\/\">Omega-3<\/a> | <a href=\"https:\/\/puhdasplus.ee\/toote-kategooria\/sudame-tervis\/\">S\u00fcdame tervis<\/a> | <a href=\"https:\/\/puhdasplus.ee\/toote-kategooria\/immuunsusteem\/\">Immuuns\u00fcsteem<\/a><\/p>\n","protected":false},"excerpt":{"rendered":"<p>\u201ePuhdas+ Premium\u201c kanapi\u0173 s\u0117klos yra nat\u016braliai maistingas ir ekologi\u0161kas supermaistas, palaikantis \u0161irdies, smegen\u0173, raumen\u0173 ir vir\u0161kinimo veikl\u0105. \u0160iose ma\u017eose, bet veiksmingose \u200b\u200bs\u0117klose yra idealus omega-3 ir omega-6 riebal\u0173 r\u016bg\u0161\u010di\u0173 santykis, kurios prisideda prie cholesterolio kiekio pusiausvyros ir normalios \u0161irdies bei smegen\u0173 funkcijos. Kanapi\u0173 s\u0117klos taip pat yra puikus visaver\u010di\u0173 augalini\u0173 baltym\u0173 \u0161altinis, kuriame yra vis\u0173 nepakei\u010diam\u0173j\u0173 aminor\u016bg\u0161\u010di\u0173, tod\u0117l jos ypa\u010d tinka vegetarams ir sportininkams. Labai didelis skaidul\u0173 kiekis palaiko vir\u0161kinim\u0105 ir padeda palaikyti sotumo jausm\u0105, o tai taip pat naudinga kontroliuojant svor\u012f. D\u0117l \u0161velnaus rie\u0161ut\u0173 skonio kanapi\u0173 s\u0117klos idealiai tinka kokteiliams, salotoms, ko\u0161\u0117ms ar kepiniams. \u201ePuhdas+\u201c kanapi\u0173 s\u0117klos yra grynos, be glitimo, be pried\u0173 ir patogios naudoti kasdien.     <\/p>\n","protected":false},"featured_media":33624,"comment_status":"closed","ping_status":"closed","template":"","meta":{"_acf_changed":false,"googlesitekit_rrm_CAow3eq7DA:productID":""},"product_brand":[],"product_cat":[3413,3412,3049,3019],"product_tag":[8346,8350,3563,3131,8378,3959,3026,2967],"class_list":{"0":"post-33622","1":"product","2":"type-product","3":"status-publish","4":"has-post-thumbnail","6":"product_cat-omega-3-lt","7":"product_cat-sirdies-sveikata","8":"product_cat-specialus-pasiulymai","9":"product_cat-supermaistas","10":"product_tag-be-gliuteno-lt","11":"product_tag-be-laktozs-lt","12":"product_tag-ekologiskas-lt","13":"product_tag-maisto-papildas","14":"product_tag-natralus-lt","15":"product_tag-omega-3-lt","16":"product_tag-supermaistas","17":"product_tag-veganas","19":"first","20":"instock","21":"sale","22":"taxable","23":"shipping-taxable","24":"purchasable","25":"product-type-simple"},"acf":[],"yoast_head":"<!-- This site is optimized with the Yoast SEO plugin v27.3 - https:\/\/yoast.com\/product\/yoast-seo-wordpress\/ -->\n<title>Ekologi\u0161kos kanapi\u0173 s\u0117klos 300g | Puhdas+<\/title>\n<meta name=\"description\" content=\"Ekologi\u0161kos kanapi\u0173 s\u0117klos (300 g) yra maistingos ir universalios supermaisto s\u0117klos, kuriose gausu energijos, baltym\u0173 ir nauding\u0173j\u0173 riebal\u0173, toki\u0173 kaip omega-3.\" \/>\n<meta name=\"robots\" content=\"index, follow, max-snippet:-1, max-image-preview:large, max-video-preview:-1\" \/>\n<link rel=\"canonical\" href=\"https:\/\/puhdasplus.ee\/lt\/produktai\/sirdies-sveikata\/omega-3-lt\/ekologiskos-kanapiu-seklos-300g\/\" \/>\n<meta property=\"og:locale\" content=\"lt_LT\" \/>\n<meta property=\"og:type\" content=\"article\" \/>\n<meta property=\"og:title\" content=\"Ekologi\u0161kos kanapi\u0173 s\u0117klos 300g | Puhdas+\" \/>\n<meta property=\"og:description\" content=\"Ekologi\u0161kos kanapi\u0173 s\u0117klos (300 g) yra maistingos ir universalios supermaisto s\u0117klos, kuriose gausu energijos, baltym\u0173 ir nauding\u0173j\u0173 riebal\u0173, toki\u0173 kaip omega-3.\" \/>\n<meta property=\"og:url\" content=\"https:\/\/puhdasplus.ee\/lt\/produktai\/sirdies-sveikata\/omega-3-lt\/ekologiskos-kanapiu-seklos-300g\/\" \/>\n<meta property=\"og:site_name\" content=\"Puhdas+\" \/>\n<meta property=\"article:publisher\" content=\"https:\/\/www.facebook.com\/puhdasplus\" \/>\n<meta property=\"article:modified_time\" content=\"2026-04-07T16:52:04+00:00\" \/>\n<meta property=\"og:image\" content=\"https:\/\/puhdasplus.ee\/wp-content\/uploads\/2025\/03\/105.jpg\" \/>\n\t<meta property=\"og:image:width\" content=\"1862\" \/>\n\t<meta property=\"og:image:height\" content=\"2560\" \/>\n\t<meta property=\"og:image:type\" content=\"image\/jpeg\" \/>\n<meta name=\"twitter:card\" content=\"summary_large_image\" \/>\n<meta name=\"twitter:label1\" content=\"Est. reading time\" \/>\n\t<meta name=\"twitter:data1\" content=\"1 minut\u0117\" \/>\n<script type=\"application\/ld+json\" class=\"yoast-schema-graph\">{\"@context\":\"https:\\\/\\\/schema.org\",\"@graph\":[{\"@type\":\"WebPage\",\"@id\":\"https:\\\/\\\/puhdasplus.ee\\\/lt\\\/produktai\\\/sirdies-sveikata\\\/omega-3-lt\\\/ekologiskos-kanapiu-seklos-300g\\\/\",\"url\":\"https:\\\/\\\/puhdasplus.ee\\\/lt\\\/produktai\\\/sirdies-sveikata\\\/omega-3-lt\\\/ekologiskos-kanapiu-seklos-300g\\\/\",\"name\":\"Ekologi\u0161kos kanapi\u0173 s\u0117klos 300g | Puhdas+\",\"isPartOf\":{\"@id\":\"https:\\\/\\\/puhdasplus.ee\\\/lt\\\/#website\"},\"primaryImageOfPage\":{\"@id\":\"https:\\\/\\\/puhdasplus.ee\\\/lt\\\/produktai\\\/sirdies-sveikata\\\/omega-3-lt\\\/ekologiskos-kanapiu-seklos-300g\\\/#primaryimage\"},\"image\":{\"@id\":\"https:\\\/\\\/puhdasplus.ee\\\/lt\\\/produktai\\\/sirdies-sveikata\\\/omega-3-lt\\\/ekologiskos-kanapiu-seklos-300g\\\/#primaryimage\"},\"thumbnailUrl\":\"https:\\\/\\\/puhdasplus.ee\\\/wp-content\\\/uploads\\\/2025\\\/03\\\/105.jpg\",\"datePublished\":\"2023-10-03T08:05:15+00:00\",\"dateModified\":\"2026-04-07T16:52:04+00:00\",\"description\":\"Ekologi\u0161kos kanapi\u0173 s\u0117klos (300 g) yra maistingos ir universalios supermaisto s\u0117klos, kuriose gausu energijos, baltym\u0173 ir nauding\u0173j\u0173 riebal\u0173, toki\u0173 kaip omega-3.\",\"breadcrumb\":{\"@id\":\"https:\\\/\\\/puhdasplus.ee\\\/lt\\\/produktai\\\/sirdies-sveikata\\\/omega-3-lt\\\/ekologiskos-kanapiu-seklos-300g\\\/#breadcrumb\"},\"inLanguage\":\"lt-LT\",\"potentialAction\":[{\"@type\":\"ReadAction\",\"target\":[\"https:\\\/\\\/puhdasplus.ee\\\/lt\\\/produktai\\\/sirdies-sveikata\\\/omega-3-lt\\\/ekologiskos-kanapiu-seklos-300g\\\/\"]}]},{\"@type\":\"ImageObject\",\"inLanguage\":\"lt-LT\",\"@id\":\"https:\\\/\\\/puhdasplus.ee\\\/lt\\\/produktai\\\/sirdies-sveikata\\\/omega-3-lt\\\/ekologiskos-kanapiu-seklos-300g\\\/#primaryimage\",\"url\":\"https:\\\/\\\/puhdasplus.ee\\\/wp-content\\\/uploads\\\/2025\\\/03\\\/105.jpg\",\"contentUrl\":\"https:\\\/\\\/puhdasplus.ee\\\/wp-content\\\/uploads\\\/2025\\\/03\\\/105.jpg\",\"width\":1862,\"height\":2560,\"caption\":\"Ekologi\u0161kos kanapi\u0173 s\u0117klos\"},{\"@type\":\"BreadcrumbList\",\"@id\":\"https:\\\/\\\/puhdasplus.ee\\\/lt\\\/produktai\\\/sirdies-sveikata\\\/omega-3-lt\\\/ekologiskos-kanapiu-seklos-300g\\\/#breadcrumb\",\"itemListElement\":[{\"@type\":\"ListItem\",\"position\":1,\"name\":\"Prad\u017eia\",\"item\":\"https:\\\/\\\/puhdasplus.ee\\\/lt\\\/\"},{\"@type\":\"ListItem\",\"position\":2,\"name\":\"Produktai\",\"item\":\"https:\\\/\\\/puhdasplus.ee\\\/lt\\\/parduotuve\\\/\"},{\"@type\":\"ListItem\",\"position\":3,\"name\":\"Ekologi\u0161kos kanapi\u0173 s\u0117klos 300g\"}]},{\"@type\":\"WebSite\",\"@id\":\"https:\\\/\\\/puhdasplus.ee\\\/lt\\\/#website\",\"url\":\"https:\\\/\\\/puhdasplus.ee\\\/lt\\\/\",\"name\":\"Puhdas+\",\"description\":\"Vitaminai, maisto papildai, nat\u016brali kosmetika, sveikata, sportas\",\"publisher\":{\"@id\":\"https:\\\/\\\/puhdasplus.ee\\\/lt\\\/#organization\"},\"potentialAction\":[{\"@type\":\"SearchAction\",\"target\":{\"@type\":\"EntryPoint\",\"urlTemplate\":\"https:\\\/\\\/puhdasplus.ee\\\/lt\\\/?s={search_term_string}\"},\"query-input\":{\"@type\":\"PropertyValueSpecification\",\"valueRequired\":true,\"valueName\":\"search_term_string\"}}],\"inLanguage\":\"lt-LT\"},{\"@type\":\"Organization\",\"@id\":\"https:\\\/\\\/puhdasplus.ee\\\/lt\\\/#organization\",\"name\":\"Puhdas+\",\"alternateName\":\"Puhdasplus\",\"url\":\"https:\\\/\\\/puhdasplus.ee\\\/lt\\\/\",\"logo\":{\"@type\":\"ImageObject\",\"inLanguage\":\"lt-LT\",\"@id\":\"https:\\\/\\\/puhdasplus.ee\\\/lt\\\/#\\\/schema\\\/logo\\\/image\\\/\",\"url\":\"https:\\\/\\\/puhdasplus.ee\\\/wp-content\\\/uploads\\\/2019\\\/10\\\/puhdas_logo-arvele.png\",\"contentUrl\":\"https:\\\/\\\/puhdasplus.ee\\\/wp-content\\\/uploads\\\/2019\\\/10\\\/puhdas_logo-arvele.png\",\"width\":114,\"height\":94,\"caption\":\"Puhdas+\"},\"image\":{\"@id\":\"https:\\\/\\\/puhdasplus.ee\\\/lt\\\/#\\\/schema\\\/logo\\\/image\\\/\"},\"sameAs\":[\"https:\\\/\\\/www.facebook.com\\\/puhdasplus\",\"https:\\\/\\\/www.instagram.com\\\/puhdasplus_ee\\\/\"]}]}<\/script>\n<!-- \/ Yoast SEO plugin. -->","yoast_head_json":{"title":"Ekologi\u0161kos kanapi\u0173 s\u0117klos 300g | Puhdas+","description":"Ekologi\u0161kos kanapi\u0173 s\u0117klos (300 g) yra maistingos ir universalios supermaisto s\u0117klos, kuriose gausu energijos, baltym\u0173 ir nauding\u0173j\u0173 riebal\u0173, toki\u0173 kaip omega-3.","robots":{"index":"index","follow":"follow","max-snippet":"max-snippet:-1","max-image-preview":"max-image-preview:large","max-video-preview":"max-video-preview:-1"},"canonical":"https:\/\/puhdasplus.ee\/lt\/produktai\/sirdies-sveikata\/omega-3-lt\/ekologiskos-kanapiu-seklos-300g\/","og_locale":"lt_LT","og_type":"article","og_title":"Ekologi\u0161kos kanapi\u0173 s\u0117klos 300g | Puhdas+","og_description":"Ekologi\u0161kos kanapi\u0173 s\u0117klos (300 g) yra maistingos ir universalios supermaisto s\u0117klos, kuriose gausu energijos, baltym\u0173 ir nauding\u0173j\u0173 riebal\u0173, toki\u0173 kaip omega-3.","og_url":"https:\/\/puhdasplus.ee\/lt\/produktai\/sirdies-sveikata\/omega-3-lt\/ekologiskos-kanapiu-seklos-300g\/","og_site_name":"Puhdas+","article_publisher":"https:\/\/www.facebook.com\/puhdasplus","article_modified_time":"2026-04-07T16:52:04+00:00","og_image":[{"width":1862,"height":2560,"url":"https:\/\/puhdasplus.ee\/wp-content\/uploads\/2025\/03\/105.jpg","type":"image\/jpeg"}],"twitter_card":"summary_large_image","twitter_misc":{"Est. reading time":"1 minut\u0117"},"schema":{"@context":"https:\/\/schema.org","@graph":[{"@type":"WebPage","@id":"https:\/\/puhdasplus.ee\/lt\/produktai\/sirdies-sveikata\/omega-3-lt\/ekologiskos-kanapiu-seklos-300g\/","url":"https:\/\/puhdasplus.ee\/lt\/produktai\/sirdies-sveikata\/omega-3-lt\/ekologiskos-kanapiu-seklos-300g\/","name":"Ekologi\u0161kos kanapi\u0173 s\u0117klos 300g | Puhdas+","isPartOf":{"@id":"https:\/\/puhdasplus.ee\/lt\/#website"},"primaryImageOfPage":{"@id":"https:\/\/puhdasplus.ee\/lt\/produktai\/sirdies-sveikata\/omega-3-lt\/ekologiskos-kanapiu-seklos-300g\/#primaryimage"},"image":{"@id":"https:\/\/puhdasplus.ee\/lt\/produktai\/sirdies-sveikata\/omega-3-lt\/ekologiskos-kanapiu-seklos-300g\/#primaryimage"},"thumbnailUrl":"https:\/\/puhdasplus.ee\/wp-content\/uploads\/2025\/03\/105.jpg","datePublished":"2023-10-03T08:05:15+00:00","dateModified":"2026-04-07T16:52:04+00:00","description":"Ekologi\u0161kos kanapi\u0173 s\u0117klos (300 g) yra maistingos ir universalios supermaisto s\u0117klos, kuriose gausu energijos, baltym\u0173 ir nauding\u0173j\u0173 riebal\u0173, toki\u0173 kaip omega-3.","breadcrumb":{"@id":"https:\/\/puhdasplus.ee\/lt\/produktai\/sirdies-sveikata\/omega-3-lt\/ekologiskos-kanapiu-seklos-300g\/#breadcrumb"},"inLanguage":"lt-LT","potentialAction":[{"@type":"ReadAction","target":["https:\/\/puhdasplus.ee\/lt\/produktai\/sirdies-sveikata\/omega-3-lt\/ekologiskos-kanapiu-seklos-300g\/"]}]},{"@type":"ImageObject","inLanguage":"lt-LT","@id":"https:\/\/puhdasplus.ee\/lt\/produktai\/sirdies-sveikata\/omega-3-lt\/ekologiskos-kanapiu-seklos-300g\/#primaryimage","url":"https:\/\/puhdasplus.ee\/wp-content\/uploads\/2025\/03\/105.jpg","contentUrl":"https:\/\/puhdasplus.ee\/wp-content\/uploads\/2025\/03\/105.jpg","width":1862,"height":2560,"caption":"Ekologi\u0161kos kanapi\u0173 s\u0117klos"},{"@type":"BreadcrumbList","@id":"https:\/\/puhdasplus.ee\/lt\/produktai\/sirdies-sveikata\/omega-3-lt\/ekologiskos-kanapiu-seklos-300g\/#breadcrumb","itemListElement":[{"@type":"ListItem","position":1,"name":"Prad\u017eia","item":"https:\/\/puhdasplus.ee\/lt\/"},{"@type":"ListItem","position":2,"name":"Produktai","item":"https:\/\/puhdasplus.ee\/lt\/parduotuve\/"},{"@type":"ListItem","position":3,"name":"Ekologi\u0161kos kanapi\u0173 s\u0117klos 300g"}]},{"@type":"WebSite","@id":"https:\/\/puhdasplus.ee\/lt\/#website","url":"https:\/\/puhdasplus.ee\/lt\/","name":"Puhdas+","description":"Vitaminai, maisto papildai, nat\u016brali kosmetika, sveikata, sportas","publisher":{"@id":"https:\/\/puhdasplus.ee\/lt\/#organization"},"potentialAction":[{"@type":"SearchAction","target":{"@type":"EntryPoint","urlTemplate":"https:\/\/puhdasplus.ee\/lt\/?s={search_term_string}"},"query-input":{"@type":"PropertyValueSpecification","valueRequired":true,"valueName":"search_term_string"}}],"inLanguage":"lt-LT"},{"@type":"Organization","@id":"https:\/\/puhdasplus.ee\/lt\/#organization","name":"Puhdas+","alternateName":"Puhdasplus","url":"https:\/\/puhdasplus.ee\/lt\/","logo":{"@type":"ImageObject","inLanguage":"lt-LT","@id":"https:\/\/puhdasplus.ee\/lt\/#\/schema\/logo\/image\/","url":"https:\/\/puhdasplus.ee\/wp-content\/uploads\/2019\/10\/puhdas_logo-arvele.png","contentUrl":"https:\/\/puhdasplus.ee\/wp-content\/uploads\/2019\/10\/puhdas_logo-arvele.png","width":114,"height":94,"caption":"Puhdas+"},"image":{"@id":"https:\/\/puhdasplus.ee\/lt\/#\/schema\/logo\/image\/"},"sameAs":["https:\/\/www.facebook.com\/puhdasplus","https:\/\/www.instagram.com\/puhdasplus_ee\/"]}]}},"_yoast_wpseo_title":"Ekologi\u0161kos kanapi\u0173 s\u0117klos 300g | Puhdas+","_yoast_wpseo_metadesc":"Ekologi\u0161kos kanapi\u0173 s\u0117klos (300 g) yra maistingos ir universalios supermaisto s\u0117klos, kuriose gausu energijos, baltym\u0173 ir nauding\u0173j\u0173 riebal\u0173, toki\u0173 kaip omega-3.","_yoast_wpseo_focuskw":"","_links":{"self":[{"href":"https:\/\/puhdasplus.ee\/lt\/wp-json\/wp\/v2\/product\/33622","targetHints":{"allow":["GET"]}}],"collection":[{"href":"https:\/\/puhdasplus.ee\/lt\/wp-json\/wp\/v2\/product"}],"about":[{"href":"https:\/\/puhdasplus.ee\/lt\/wp-json\/wp\/v2\/types\/product"}],"replies":[{"embeddable":true,"href":"https:\/\/puhdasplus.ee\/lt\/wp-json\/wp\/v2\/comments?post=33622"}],"wp:featuredmedia":[{"embeddable":true,"href":"https:\/\/puhdasplus.ee\/lt\/wp-json\/wp\/v2\/media\/33624"}],"wp:attachment":[{"href":"https:\/\/puhdasplus.ee\/lt\/wp-json\/wp\/v2\/media?parent=33622"}],"wp:term":[{"taxonomy":"product_brand","embeddable":true,"href":"https:\/\/puhdasplus.ee\/lt\/wp-json\/wp\/v2\/product_brand?post=33622"},{"taxonomy":"product_cat","embeddable":true,"href":"https:\/\/puhdasplus.ee\/lt\/wp-json\/wp\/v2\/product_cat?post=33622"},{"taxonomy":"product_tag","embeddable":true,"href":"https:\/\/puhdasplus.ee\/lt\/wp-json\/wp\/v2\/product_tag?post=33622"}],"curies":[{"name":"wp","href":"https:\/\/api.w.org\/{rel}","templated":true}]}}