{"id":33566,"date":"2023-09-02T23:27:02","date_gmt":"2023-09-02T20:27:02","guid":{"rendered":"https:\/\/puhdasplus.ee\/tooted\/be-kategorijos\/grozio-kolageno-ir-biotino-plauku-kondicionierius-200-40-ml-20\/"},"modified":"2026-04-07T20:11:31","modified_gmt":"2026-04-07T17:11:31","slug":"grozio-kolageno-ir-biotino-plauku-kondicionierius-200-40-ml-20","status":"publish","type":"product","link":"https:\/\/puhdasplus.ee\/lt\/produktai\/kosmetika-lt\/grozio-kolageno-ir-biotino-plauku-kondicionierius-200-40-ml-20\/","title":{"rendered":"Gro\u017eio kolageno ir biotino plauk\u0173 kondicionierius 200 + 40 ml (+20 %)"},"content":{"rendered":"<p>\u201eBeauty Collagen &amp; Biotin\u201c kondicionierius \u2013 tai plaukus stiprinanti ir giliai maitinanti priemon\u0117, kuri suteikia jiems \u0161ilkinio mink\u0161tumo ir elastingumo. Kolagenas atkuria plauk\u0173 strukt\u016br\u0105 ir suteikia jiems elastingumo, o biotinas skatina sveik\u0105 augim\u0105 ir stiprina plauk\u0173 odeles. Kondicionierius dr\u0117kina ir kondicionuoja plaukus, tod\u0117l juos lengva \u0161ukuoti ir jie \u017evilga. Tinka kasdieniam naudojimui ir vis\u0173 tip\u0173 plaukams. Reklamin\u0117je pakuot\u0117je yra 200 ml + 40 ml (i\u0161 viso 240 ml), tai yra 20 % daugiau produkto.    <\/p>\n<h2>Savyb\u0117s<\/h2>\n<p><strong>Sudedamosios dalys:<\/strong><br \/> Vanduo, cetearilo alkoholis, behentrimonio chloridas, glicerinas, hidrolizuotas kolagenas, biotinas, pantenolis, alavijo (Aloe Barbadensis) lap\u0173 sultys, PEG-7 glicerilo kokoatas, citrin\u0173 r\u016bg\u0161tis, kvapiosios med\u017eiagos, fenoksietanolis, etilheksilglicerinas.<\/p>\n<p><strong>\u017di\u016br\u0117ti taip pat:<\/strong> <a href=\"https:\/\/puhdasplus.ee\/toote-kategooria\/looduskosmeetika\/\">Looduskosmeetika<\/a> | <a href=\"https:\/\/puhdasplus.ee\/toote-kategooria\/nahk-juuksed-kuuned\/\">Oda, plaukai, nagai<\/a> | <a href=\"https:\/\/puhdasplus.ee\/toote-kategooria\/kollageen\/\">Kolagenas<\/a><\/p>\n","protected":false},"excerpt":{"rendered":"<p><strong>GRO\u017dIO KOLAGENO IR BIOTINO PLAUK\u0172 KONDICIONIERIUS \u2013 \u017dVILGANTIEMS IR SVEIKIEMS PLAUKAMS!<\/strong><br \/>Maitinkite ir stiprinkite plaukus hidrolizuotu kolagenu ir biotinu. Dr\u0117kinamoji ir \u0161velni formul\u0117 atkuria plauk\u0173 gyvybingum\u0105, tod\u0117l jie tampa \u0161ilkiniai \u0161veln\u016bs ir \u017evilgantys. Tinka kasdieniam naudojimui vis\u0173 tip\u0173 plaukams.<\/p>\n","protected":false},"featured_media":357400,"comment_status":"closed","ping_status":"closed","template":"","meta":{"_acf_changed":false,"googlesitekit_rrm_CAow3eq7DA:productID":""},"product_brand":[],"product_cat":[2582,3282],"product_tag":[3284,3463,8354,7869,2562,8370],"class_list":{"0":"post-33566","1":"product","2":"type-product","3":"status-publish","4":"has-post-thumbnail","6":"product_cat-kosmetika-lt","7":"product_cat-oda-plaukai-nagai","8":"product_tag-biotinas","9":"product_tag-kolagenas","10":"product_tag-moterims-lt","11":"product_tag-naturali-kosmetika","12":"product_tag-plauku-prieziura","13":"product_tag-vitaminai-lt","15":"first","16":"onbackorder","17":"taxable","18":"shipping-taxable","19":"purchasable","20":"product-type-simple"},"acf":[],"yoast_head":"<!-- This site is optimized with the Yoast SEO plugin v27.3 - https:\/\/yoast.com\/product\/yoast-seo-wordpress\/ -->\n<title>Gro\u017eio kolageno ir biotino plauk\u0173 kondicionierius 200 + 40 ml (+20 %) | Puhdas+<\/title>\n<meta name=\"description\" content=\"Gro\u017eio kolageno ir biotino kondicionierius dr\u0117kina ir stiprina plaukus, tod\u0117l jie tampa \u0161ilkiniai mink\u0161ti ir elastingi. Sud\u0117tyje yra kolageno, biotino ir alavijo.\" \/>\n<meta name=\"robots\" content=\"index, follow, max-snippet:-1, max-image-preview:large, max-video-preview:-1\" \/>\n<link rel=\"canonical\" href=\"https:\/\/puhdasplus.ee\/lt\/produktai\/kosmetika-lt\/grozio-kolageno-ir-biotino-plauku-kondicionierius-200-40-ml-20\/\" \/>\n<meta property=\"og:locale\" content=\"lt_LT\" \/>\n<meta property=\"og:type\" content=\"article\" \/>\n<meta property=\"og:title\" content=\"Gro\u017eio kolageno ir biotino plauk\u0173 kondicionierius 200 + 40 ml (+20 %) | Puhdas+\" \/>\n<meta property=\"og:description\" content=\"Gro\u017eio kolageno ir biotino kondicionierius dr\u0117kina ir stiprina plaukus, tod\u0117l jie tampa \u0161ilkiniai mink\u0161ti ir elastingi. Sud\u0117tyje yra kolageno, biotino ir alavijo.\" \/>\n<meta property=\"og:url\" content=\"https:\/\/puhdasplus.ee\/lt\/produktai\/kosmetika-lt\/grozio-kolageno-ir-biotino-plauku-kondicionierius-200-40-ml-20\/\" \/>\n<meta property=\"og:site_name\" content=\"Puhdas+\" \/>\n<meta property=\"article:publisher\" content=\"https:\/\/www.facebook.com\/puhdasplus\" \/>\n<meta property=\"article:modified_time\" content=\"2026-04-07T17:11:31+00:00\" \/>\n<meta property=\"og:image\" content=\"https:\/\/puhdasplus.ee\/wp-content\/uploads\/2023\/09\/Beauty-Kollageen-Biotiin-juuksepalsam-scaled.jpg\" \/>\n\t<meta property=\"og:image:width\" content=\"1862\" \/>\n\t<meta property=\"og:image:height\" content=\"2560\" \/>\n\t<meta property=\"og:image:type\" content=\"image\/jpeg\" \/>\n<meta name=\"twitter:card\" content=\"summary_large_image\" \/>\n<meta name=\"twitter:label1\" content=\"Est. reading time\" \/>\n\t<meta name=\"twitter:data1\" content=\"1 minut\u0117\" \/>\n<script type=\"application\/ld+json\" class=\"yoast-schema-graph\">{\"@context\":\"https:\\\/\\\/schema.org\",\"@graph\":[{\"@type\":\"WebPage\",\"@id\":\"https:\\\/\\\/puhdasplus.ee\\\/lt\\\/produktai\\\/kosmetika-lt\\\/grozio-kolageno-ir-biotino-plauku-kondicionierius-200-40-ml-20\\\/\",\"url\":\"https:\\\/\\\/puhdasplus.ee\\\/lt\\\/produktai\\\/kosmetika-lt\\\/grozio-kolageno-ir-biotino-plauku-kondicionierius-200-40-ml-20\\\/\",\"name\":\"Gro\u017eio kolageno ir biotino plauk\u0173 kondicionierius 200 + 40 ml (+20 %) | Puhdas+\",\"isPartOf\":{\"@id\":\"https:\\\/\\\/puhdasplus.ee\\\/lt\\\/#website\"},\"primaryImageOfPage\":{\"@id\":\"https:\\\/\\\/puhdasplus.ee\\\/lt\\\/produktai\\\/kosmetika-lt\\\/grozio-kolageno-ir-biotino-plauku-kondicionierius-200-40-ml-20\\\/#primaryimage\"},\"image\":{\"@id\":\"https:\\\/\\\/puhdasplus.ee\\\/lt\\\/produktai\\\/kosmetika-lt\\\/grozio-kolageno-ir-biotino-plauku-kondicionierius-200-40-ml-20\\\/#primaryimage\"},\"thumbnailUrl\":\"https:\\\/\\\/puhdasplus.ee\\\/wp-content\\\/uploads\\\/2023\\\/09\\\/Beauty-Kollageen-Biotiin-juuksepalsam-scaled.jpg\",\"datePublished\":\"2023-09-02T20:27:02+00:00\",\"dateModified\":\"2026-04-07T17:11:31+00:00\",\"description\":\"Gro\u017eio kolageno ir biotino kondicionierius dr\u0117kina ir stiprina plaukus, tod\u0117l jie tampa \u0161ilkiniai mink\u0161ti ir elastingi. Sud\u0117tyje yra kolageno, biotino ir alavijo.\",\"breadcrumb\":{\"@id\":\"https:\\\/\\\/puhdasplus.ee\\\/lt\\\/produktai\\\/kosmetika-lt\\\/grozio-kolageno-ir-biotino-plauku-kondicionierius-200-40-ml-20\\\/#breadcrumb\"},\"inLanguage\":\"lt-LT\",\"potentialAction\":[{\"@type\":\"ReadAction\",\"target\":[\"https:\\\/\\\/puhdasplus.ee\\\/lt\\\/produktai\\\/kosmetika-lt\\\/grozio-kolageno-ir-biotino-plauku-kondicionierius-200-40-ml-20\\\/\"]}]},{\"@type\":\"ImageObject\",\"inLanguage\":\"lt-LT\",\"@id\":\"https:\\\/\\\/puhdasplus.ee\\\/lt\\\/produktai\\\/kosmetika-lt\\\/grozio-kolageno-ir-biotino-plauku-kondicionierius-200-40-ml-20\\\/#primaryimage\",\"url\":\"https:\\\/\\\/puhdasplus.ee\\\/wp-content\\\/uploads\\\/2023\\\/09\\\/Beauty-Kollageen-Biotiin-juuksepalsam-scaled.jpg\",\"contentUrl\":\"https:\\\/\\\/puhdasplus.ee\\\/wp-content\\\/uploads\\\/2023\\\/09\\\/Beauty-Kollageen-Biotiin-juuksepalsam-scaled.jpg\",\"width\":1862,\"height\":2560,\"caption\":\"\u201eBeauty\u201c kolageno ir biotino plauk\u0173 balzamas\"},{\"@type\":\"BreadcrumbList\",\"@id\":\"https:\\\/\\\/puhdasplus.ee\\\/lt\\\/produktai\\\/kosmetika-lt\\\/grozio-kolageno-ir-biotino-plauku-kondicionierius-200-40-ml-20\\\/#breadcrumb\",\"itemListElement\":[{\"@type\":\"ListItem\",\"position\":1,\"name\":\"Prad\u017eia\",\"item\":\"https:\\\/\\\/puhdasplus.ee\\\/lt\\\/\"},{\"@type\":\"ListItem\",\"position\":2,\"name\":\"Produktai\",\"item\":\"https:\\\/\\\/puhdasplus.ee\\\/lt\\\/parduotuve\\\/\"},{\"@type\":\"ListItem\",\"position\":3,\"name\":\"Gro\u017eio kolageno ir biotino plauk\u0173 kondicionierius 200 + 40 ml (+20 %)\"}]},{\"@type\":\"WebSite\",\"@id\":\"https:\\\/\\\/puhdasplus.ee\\\/lt\\\/#website\",\"url\":\"https:\\\/\\\/puhdasplus.ee\\\/lt\\\/\",\"name\":\"Puhdas+\",\"description\":\"Vitaminai, maisto papildai, nat\u016brali kosmetika, sveikata, sportas\",\"publisher\":{\"@id\":\"https:\\\/\\\/puhdasplus.ee\\\/lt\\\/#organization\"},\"potentialAction\":[{\"@type\":\"SearchAction\",\"target\":{\"@type\":\"EntryPoint\",\"urlTemplate\":\"https:\\\/\\\/puhdasplus.ee\\\/lt\\\/?s={search_term_string}\"},\"query-input\":{\"@type\":\"PropertyValueSpecification\",\"valueRequired\":true,\"valueName\":\"search_term_string\"}}],\"inLanguage\":\"lt-LT\"},{\"@type\":\"Organization\",\"@id\":\"https:\\\/\\\/puhdasplus.ee\\\/lt\\\/#organization\",\"name\":\"Puhdas+\",\"alternateName\":\"Puhdasplus\",\"url\":\"https:\\\/\\\/puhdasplus.ee\\\/lt\\\/\",\"logo\":{\"@type\":\"ImageObject\",\"inLanguage\":\"lt-LT\",\"@id\":\"https:\\\/\\\/puhdasplus.ee\\\/lt\\\/#\\\/schema\\\/logo\\\/image\\\/\",\"url\":\"https:\\\/\\\/puhdasplus.ee\\\/wp-content\\\/uploads\\\/2019\\\/10\\\/puhdas_logo-arvele.png\",\"contentUrl\":\"https:\\\/\\\/puhdasplus.ee\\\/wp-content\\\/uploads\\\/2019\\\/10\\\/puhdas_logo-arvele.png\",\"width\":114,\"height\":94,\"caption\":\"Puhdas+\"},\"image\":{\"@id\":\"https:\\\/\\\/puhdasplus.ee\\\/lt\\\/#\\\/schema\\\/logo\\\/image\\\/\"},\"sameAs\":[\"https:\\\/\\\/www.facebook.com\\\/puhdasplus\",\"https:\\\/\\\/www.instagram.com\\\/puhdasplus_ee\\\/\"]}]}<\/script>\n<!-- \/ Yoast SEO plugin. -->","yoast_head_json":{"title":"Gro\u017eio kolageno ir biotino plauk\u0173 kondicionierius 200 + 40 ml (+20 %) | Puhdas+","description":"Gro\u017eio kolageno ir biotino kondicionierius dr\u0117kina ir stiprina plaukus, tod\u0117l jie tampa \u0161ilkiniai mink\u0161ti ir elastingi. Sud\u0117tyje yra kolageno, biotino ir alavijo.","robots":{"index":"index","follow":"follow","max-snippet":"max-snippet:-1","max-image-preview":"max-image-preview:large","max-video-preview":"max-video-preview:-1"},"canonical":"https:\/\/puhdasplus.ee\/lt\/produktai\/kosmetika-lt\/grozio-kolageno-ir-biotino-plauku-kondicionierius-200-40-ml-20\/","og_locale":"lt_LT","og_type":"article","og_title":"Gro\u017eio kolageno ir biotino plauk\u0173 kondicionierius 200 + 40 ml (+20 %) | Puhdas+","og_description":"Gro\u017eio kolageno ir biotino kondicionierius dr\u0117kina ir stiprina plaukus, tod\u0117l jie tampa \u0161ilkiniai mink\u0161ti ir elastingi. Sud\u0117tyje yra kolageno, biotino ir alavijo.","og_url":"https:\/\/puhdasplus.ee\/lt\/produktai\/kosmetika-lt\/grozio-kolageno-ir-biotino-plauku-kondicionierius-200-40-ml-20\/","og_site_name":"Puhdas+","article_publisher":"https:\/\/www.facebook.com\/puhdasplus","article_modified_time":"2026-04-07T17:11:31+00:00","og_image":[{"width":1862,"height":2560,"url":"https:\/\/puhdasplus.ee\/wp-content\/uploads\/2023\/09\/Beauty-Kollageen-Biotiin-juuksepalsam-scaled.jpg","type":"image\/jpeg"}],"twitter_card":"summary_large_image","twitter_misc":{"Est. reading time":"1 minut\u0117"},"schema":{"@context":"https:\/\/schema.org","@graph":[{"@type":"WebPage","@id":"https:\/\/puhdasplus.ee\/lt\/produktai\/kosmetika-lt\/grozio-kolageno-ir-biotino-plauku-kondicionierius-200-40-ml-20\/","url":"https:\/\/puhdasplus.ee\/lt\/produktai\/kosmetika-lt\/grozio-kolageno-ir-biotino-plauku-kondicionierius-200-40-ml-20\/","name":"Gro\u017eio kolageno ir biotino plauk\u0173 kondicionierius 200 + 40 ml (+20 %) | Puhdas+","isPartOf":{"@id":"https:\/\/puhdasplus.ee\/lt\/#website"},"primaryImageOfPage":{"@id":"https:\/\/puhdasplus.ee\/lt\/produktai\/kosmetika-lt\/grozio-kolageno-ir-biotino-plauku-kondicionierius-200-40-ml-20\/#primaryimage"},"image":{"@id":"https:\/\/puhdasplus.ee\/lt\/produktai\/kosmetika-lt\/grozio-kolageno-ir-biotino-plauku-kondicionierius-200-40-ml-20\/#primaryimage"},"thumbnailUrl":"https:\/\/puhdasplus.ee\/wp-content\/uploads\/2023\/09\/Beauty-Kollageen-Biotiin-juuksepalsam-scaled.jpg","datePublished":"2023-09-02T20:27:02+00:00","dateModified":"2026-04-07T17:11:31+00:00","description":"Gro\u017eio kolageno ir biotino kondicionierius dr\u0117kina ir stiprina plaukus, tod\u0117l jie tampa \u0161ilkiniai mink\u0161ti ir elastingi. Sud\u0117tyje yra kolageno, biotino ir alavijo.","breadcrumb":{"@id":"https:\/\/puhdasplus.ee\/lt\/produktai\/kosmetika-lt\/grozio-kolageno-ir-biotino-plauku-kondicionierius-200-40-ml-20\/#breadcrumb"},"inLanguage":"lt-LT","potentialAction":[{"@type":"ReadAction","target":["https:\/\/puhdasplus.ee\/lt\/produktai\/kosmetika-lt\/grozio-kolageno-ir-biotino-plauku-kondicionierius-200-40-ml-20\/"]}]},{"@type":"ImageObject","inLanguage":"lt-LT","@id":"https:\/\/puhdasplus.ee\/lt\/produktai\/kosmetika-lt\/grozio-kolageno-ir-biotino-plauku-kondicionierius-200-40-ml-20\/#primaryimage","url":"https:\/\/puhdasplus.ee\/wp-content\/uploads\/2023\/09\/Beauty-Kollageen-Biotiin-juuksepalsam-scaled.jpg","contentUrl":"https:\/\/puhdasplus.ee\/wp-content\/uploads\/2023\/09\/Beauty-Kollageen-Biotiin-juuksepalsam-scaled.jpg","width":1862,"height":2560,"caption":"\u201eBeauty\u201c kolageno ir biotino plauk\u0173 balzamas"},{"@type":"BreadcrumbList","@id":"https:\/\/puhdasplus.ee\/lt\/produktai\/kosmetika-lt\/grozio-kolageno-ir-biotino-plauku-kondicionierius-200-40-ml-20\/#breadcrumb","itemListElement":[{"@type":"ListItem","position":1,"name":"Prad\u017eia","item":"https:\/\/puhdasplus.ee\/lt\/"},{"@type":"ListItem","position":2,"name":"Produktai","item":"https:\/\/puhdasplus.ee\/lt\/parduotuve\/"},{"@type":"ListItem","position":3,"name":"Gro\u017eio kolageno ir biotino plauk\u0173 kondicionierius 200 + 40 ml (+20 %)"}]},{"@type":"WebSite","@id":"https:\/\/puhdasplus.ee\/lt\/#website","url":"https:\/\/puhdasplus.ee\/lt\/","name":"Puhdas+","description":"Vitaminai, maisto papildai, nat\u016brali kosmetika, sveikata, sportas","publisher":{"@id":"https:\/\/puhdasplus.ee\/lt\/#organization"},"potentialAction":[{"@type":"SearchAction","target":{"@type":"EntryPoint","urlTemplate":"https:\/\/puhdasplus.ee\/lt\/?s={search_term_string}"},"query-input":{"@type":"PropertyValueSpecification","valueRequired":true,"valueName":"search_term_string"}}],"inLanguage":"lt-LT"},{"@type":"Organization","@id":"https:\/\/puhdasplus.ee\/lt\/#organization","name":"Puhdas+","alternateName":"Puhdasplus","url":"https:\/\/puhdasplus.ee\/lt\/","logo":{"@type":"ImageObject","inLanguage":"lt-LT","@id":"https:\/\/puhdasplus.ee\/lt\/#\/schema\/logo\/image\/","url":"https:\/\/puhdasplus.ee\/wp-content\/uploads\/2019\/10\/puhdas_logo-arvele.png","contentUrl":"https:\/\/puhdasplus.ee\/wp-content\/uploads\/2019\/10\/puhdas_logo-arvele.png","width":114,"height":94,"caption":"Puhdas+"},"image":{"@id":"https:\/\/puhdasplus.ee\/lt\/#\/schema\/logo\/image\/"},"sameAs":["https:\/\/www.facebook.com\/puhdasplus","https:\/\/www.instagram.com\/puhdasplus_ee\/"]}]}},"_yoast_wpseo_title":"Gro\u017eio kolageno ir biotino plauk\u0173 kondicionierius 200 + 40 ml (+20 %) | Puhdas+","_yoast_wpseo_metadesc":"Gro\u017eio kolageno ir biotino kondicionierius dr\u0117kina ir stiprina plaukus, tod\u0117l jie tampa \u0161ilkiniai mink\u0161ti ir elastingi. Sud\u0117tyje yra kolageno, biotino ir alavijo.","_yoast_wpseo_focuskw":"","_links":{"self":[{"href":"https:\/\/puhdasplus.ee\/lt\/wp-json\/wp\/v2\/product\/33566","targetHints":{"allow":["GET"]}}],"collection":[{"href":"https:\/\/puhdasplus.ee\/lt\/wp-json\/wp\/v2\/product"}],"about":[{"href":"https:\/\/puhdasplus.ee\/lt\/wp-json\/wp\/v2\/types\/product"}],"replies":[{"embeddable":true,"href":"https:\/\/puhdasplus.ee\/lt\/wp-json\/wp\/v2\/comments?post=33566"}],"wp:featuredmedia":[{"embeddable":true,"href":"https:\/\/puhdasplus.ee\/lt\/wp-json\/wp\/v2\/media\/357400"}],"wp:attachment":[{"href":"https:\/\/puhdasplus.ee\/lt\/wp-json\/wp\/v2\/media?parent=33566"}],"wp:term":[{"taxonomy":"product_brand","embeddable":true,"href":"https:\/\/puhdasplus.ee\/lt\/wp-json\/wp\/v2\/product_brand?post=33566"},{"taxonomy":"product_cat","embeddable":true,"href":"https:\/\/puhdasplus.ee\/lt\/wp-json\/wp\/v2\/product_cat?post=33566"},{"taxonomy":"product_tag","embeddable":true,"href":"https:\/\/puhdasplus.ee\/lt\/wp-json\/wp\/v2\/product_tag?post=33566"}],"curies":[{"name":"wp","href":"https:\/\/api.w.org\/{rel}","templated":true}]}}