{"id":33535,"date":"2023-09-02T23:19:57","date_gmt":"2023-09-02T20:19:57","guid":{"rendered":"https:\/\/puhdasplus.ee\/tooted\/be-kategorijos\/kolageno-ir-biotino-sampunas-200-ml\/"},"modified":"2026-04-07T20:11:21","modified_gmt":"2026-04-07T17:11:21","slug":"kolageno-ir-biotino-sampunas-200-ml","status":"publish","type":"product","link":"https:\/\/puhdasplus.ee\/lt\/produktai\/kosmetika-lt\/kolageno-ir-biotino-sampunas-200-ml\/","title":{"rendered":"Kolageno ir biotino \u0161amp\u016bnas 200 ml"},"content":{"rendered":"<h2>Kas yra \u201ePuhdas+\u201c kolageno ir biotino \u0161amp\u016bnas?<\/h2>\n<p><strong>\u201ePuhdas+\u201c kolageno ir biotino \u0161amp\u016bnas<\/strong> specialiai sukurtas plauk\u0173 stiprinimui ir gyvybingumui atkurti. Jame sujungti du svarb\u016bs ingredientai: kolagenas ir biotinas, kurie padeda pagerinti plauk\u0173 strukt\u016br\u0105, suteikia apimties ir palaiko plauk\u0173 sveikat\u0105. \u0160amp\u016bnas pagamintas Suomijoje, \u201eEcocert\u201c sertifikuotoje gamykloje, u\u017etikrinant auk\u0161t\u0105 kokyb\u0119 ir nat\u016bralius ingredientus.<\/p>\n<h2>Kod\u0117l verta naudoti \u201ePuhdas+\u201c kolageno ir biotino \u0161amp\u016bn\u0105?<\/h2>\n<p><strong>\u201ePuhdas+\u201c kolageno ir biotino \u0161amp\u016bnas<\/strong> yra specialiai sukurtas \u0161amp\u016bnas, kuriame derinami dviej\u0173 svarbi\u0173 veikli\u0173j\u0173 med\u017eiag\u0173 \u2013 kolageno ir biotino \u2013 privalumai, siekiant sustiprinti, atkurti ir atgaivinti plaukus kasdienio plovimo metu.<\/p>\n<h3>Kolagenas stiprina ir atkuria plaukus<\/h3>\n<p>Kolagenas yra nat\u016bralus baltymas, sudarantis didel\u0119 odos, plauk\u0173 ir nag\u0173 strukt\u016bros dal\u012f. \u0160amp\u016bne esantis hidrolizuotas kolagenas lengvai \u012fsigeria \u012f plauk\u0173 pavir\u0161i\u0173, pad\u0117damas sustiprinti plauk\u0173 skaidulas, pagerinti elastingum\u0105 ir suma\u017einti l\u016b\u017ein\u0117jim\u0105 bei galiuk\u0173 skilin\u0117jim\u0105. Tai padeda plaukams i\u0161likti stipresniems ir atsparesniems kasdienei \u017ealai \u2013 nesvarbu, ar tai d\u017eiovinimas d\u017eiovintuvu, \u0161ukavimas, ar oro s\u0105lygos.  <\/p>\n<h3>Biotinas skatina plauk\u0173 augim\u0105 ir \u0161akn\u0173 sveikat\u0105<\/h3>\n<p>Biotinas, arba vitaminas B7, yra gerai \u017einomas \u201egro\u017eio vitaminas\u201c, atliekantis svarb\u0173 vaidmen\u012f keratino, pagrindinio plaukus sudaran\u010dio baltymo, gamyboje. Biotinas gali palaikyti nat\u016bral\u0173 plauk\u0173 augim\u0105, pad\u0117ti i\u0161laikyti tank\u012f ir padaryti plaukus sveikesnius bei \u017evilgesnius. Reguliarus vartojimas gali pad\u0117ti suma\u017einti negyv\u0173, l\u016b\u017ein\u0117jan\u010di\u0173 plauk\u0173 problemas.  <\/p>\n<h3>Dr\u0117kinimas ir \u0161velnumas kiekvieno tipo plaukams<\/h3>\n<p>\u0160amp\u016bno mink\u0161tinamieji ir dr\u0117kinamieji ingredientai, tokie kaip glicerinas ir augalin\u0117s kilm\u0117s plovikliai (pvz., kokogliukozidas), \u0161velniai kondicionuoja plaukus ir veiksmingai juos valo. Jie padeda palaikyti plauk\u0173 dr\u0117gm\u0117s balans\u0105, tod\u0117l jie tampa glotnesni, mink\u0161tesni ir lengviau i\u0161\u0161ukuojami. <\/p>\n<h3>Nat\u016bral\u016bs ingredientai ir malonus aromatas<\/h3>\n<p>\u0160amp\u016bno sud\u0117tyje yra kar\u010di\u0173j\u0173 apelsin\u0173 \u017eied\u0173 vandens, kuris ne tik padeda nuraminti galvos od\u0105, bet ir suteikia priemonei lengv\u0105 bei gaiv\u0173 nat\u016bral\u0173 kvap\u0105. Tinka tiems, kurie nori \u0161varos ir malonaus poj\u016b\u010dio be stipri\u0173 kvapikli\u0173. <\/p>\n<h3>Vegani\u0161kas ir pagamintas Suomijoje<\/h3>\n<p>Produktas yra 100 % vegani\u0161kas ir pagamintas Suomijoje laikantis auk\u0161t\u0173 kokyb\u0117s standart\u0173. Jame n\u0117ra silikon\u0173 ar perteklinio sintetini\u0173 jungini\u0173 kiekio, tod\u0117l tinka ir jautriai galvos odai. <\/p>\n<h2>Naudojimas<\/h2>\n<p>U\u017etepkite \u0161amp\u016bno ant dr\u0117gn\u0173 plauk\u0173, \u0161velniai \u012fmasa\u017euokite galvos od\u0105 ir plaukus, kruop\u0161\u010diai nuplaukite \u0161iltu vandeniu. Jei reikia, pakartokite proced\u016br\u0105. Geriausiems rezultatams pasiekti naudokite kartu su \u201ePuhdas+\u201c kolageno ir biotino kondicionieriumi.<\/p>\n<h2>Ingredientai<\/h2>\n<p>Vanduo, natrio laurilsulfatas, glicerinas, kar\u010di\u0173j\u0173 apelsin\u0173 (Citrus Aurantium Amara) \u017eied\u0173 vanduo*, kokobetainas, kokogliukozidas, glicerilo oleatas, hidrolizuotas kolagenas, biotinas, citrin\u0173 r\u016bg\u0161tis, natrio chloridas, natrio benzoatas, kalio sorbatas, kvapiosios med\u017eiagos, citronelolis, limonenas, linalolis.<br \/>*Ingredientas i\u0161 ekologinio \u016bkininkavimo.<\/p>\n<h2>Ind\u0117liai<\/h2>\n<ul>\n<li>\n<p>Laikyti v\u0117sioje, sausoje vietoje, toliau nuo tiesiogini\u0173 saul\u0117s spinduli\u0173.<\/p>\n<\/li>\n<li>\n<p>Venkite patekimo \u012f akis. Patekus \u012f akis, nedelsiant gerai praplaukite vandeniu. <\/p>\n<\/li>\n<li>\n<p>Tik i\u0161oriniam naudojimui.<\/p>\n<\/li>\n<li>\n<p>Laikyti vaikams nepasiekiamoje vietoje.<\/p>\n<\/li>\n<\/ul>\n<p><strong>\u017di\u016br\u0117ti taip pat:<\/strong> <a href=\"https:\/\/puhdasplus.ee\/toote-kategooria\/looduskosmeetika\/\">Looduskosmeetika<\/a> | <a href=\"https:\/\/puhdasplus.ee\/toote-kategooria\/nahk-juuksed-kuuned\/\">Oda, plaukai, nagai<\/a> | <a href=\"https:\/\/puhdasplus.ee\/toote-kategooria\/kollageen\/\">Kolagenas<\/a><\/p>\n","protected":false},"excerpt":{"rendered":"<p><strong>\u201ePuhdas+\u201c kolageno ir biotino \u0161amp\u016bnas<\/strong> specialiai sukurtas tiems, kurie nori sustiprinti plaukus, pagerinti j\u0173 strukt\u016br\u0105 ir atkurti nat\u016bral\u0173 gyvybingum\u0105. \u0160amp\u016bno pagrind\u0105 sudaro du veiksmingi ir gerai i\u0161tirti ingredientai \u2013 <strong>kolagenas ir biotinas<\/strong> \u2013 kurie palaiko plauk\u0173 b\u016bkl\u0119 tiek i\u0161ori\u0161kai, tiek i\u0161 vidaus. <\/p>\n<p>Kolagenas yra nat\u016bralus baltymas, nat\u016braliai susidarantis organizme ir padedantis palaikyti audini\u0173, \u012fskaitant plauk\u0173 skaidulas, stiprum\u0105 bei elastingum\u0105. \u0160amp\u016bne esantis <strong>hidrolizuotas kolagenas<\/strong> lengvai \u012fsigeria \u012f plauk\u0173 pavir\u0161i\u0173, pad\u0117damas sustiprinti pa\u017eeistus plaukus, suma\u017einti l\u016b\u017ein\u0117jim\u0105 ir pagerinti bendr\u0105 j\u0173 atsparum\u0105. Rezultatas \u2013 glotnesni, stipresni, gyvybingesni plaukai, kurie atrodo sveikai.  <\/p>\n<p>Kitas svarbus ingredientas, <strong>biotinas (vitaminas B7)<\/strong> , yra \u017einomas kaip \u201eplauk\u0173 vitaminas\u201c \u2013 jis padeda palaikyti keratino, pagrindinio plauk\u0173 komponento, gamyb\u0105. Biotinas skatina plauk\u0173 augim\u0105, gali pad\u0117ti suma\u017einti plauk\u0173 slinkim\u0105 ir pagerinti plauk\u0173 \u0161akn\u0173 sveikat\u0105. Reguliarus naudojimas padeda plaukams tapti storesniems, gyvybingesniems ir vizualiai stipresniems.  <\/p>\n<p>Be \u0161i\u0173 veikli\u0173j\u0173 med\u017eiag\u0173, \u0161amp\u016bno sud\u0117tyje yra <strong>dr\u0117kinam\u0173j\u0173 komponent\u0173<\/strong> , toki\u0173 kaip glicerinas ir glicerilo oleatas, kurie padeda palaikyti nat\u016brali\u0105 plauk\u0173 dr\u0117gm\u0117s pusiausvyr\u0105, suteikia mink\u0161tumo ir blizgesio. Produkte taip pat yra <strong>kar\u010di\u0173j\u0173 apelsin\u0173 \u017eied\u0173 vandens<\/strong> , kuris ne tik suteikia lengv\u0105 nat\u016bral\u0173 kvap\u0105, bet ir ramina galvos od\u0105, tod\u0117l puikiai tinka jautriai ar lengvai sudirgstan\u010diai odai. <\/p>\n<p>\u0160amp\u016bnas tinka kasdieniam naudojimui ir skirtas vis\u0173 tip\u0173 plaukams. Jame n\u0117ra silikon\u0173 ar nereikaling\u0173 sintetini\u0173 ingredient\u0173, jis taip pat tinka veganams. Pagamintas Suomijoje, u\u017etikrinant grynum\u0105 ir kokyb\u0119, kurios tikisi \u201ePuhdas+\u201c prek\u0117s \u017eenklo gerb\u0117jai.  <\/p>\n<p><strong>\u201ePuhdas+\u201c kolageno ir biotino \u0161amp\u016bnas<\/strong> yra ne tik valiklis \u2013 tai visavert\u0117 plauk\u0173 prie\u017ei\u016bros priemon\u0117, kuri kasdien maitina, stiprina ir atgaivina plaukus.<\/p>\n","protected":false},"featured_media":357405,"comment_status":"closed","ping_status":"closed","template":"","meta":{"_acf_changed":false,"googlesitekit_rrm_CAow3eq7DA:productID":""},"product_brand":[],"product_cat":[2582,3282],"product_tag":[3284,3463,7869,8378,2562,8374,2967,8370],"class_list":{"0":"post-33535","1":"product","2":"type-product","3":"status-publish","4":"has-post-thumbnail","6":"product_cat-kosmetika-lt","7":"product_cat-oda-plaukai-nagai","8":"product_tag-biotinas","9":"product_tag-kolagenas","10":"product_tag-naturali-kosmetika","11":"product_tag-natralus-lt","12":"product_tag-plauku-prieziura","13":"product_tag-suomijos-kokyb-lt","14":"product_tag-veganas","15":"product_tag-vitaminai-lt","17":"first","18":"instock","19":"taxable","20":"shipping-taxable","21":"purchasable","22":"product-type-simple"},"acf":[],"yoast_head":"<!-- This site is optimized with the Yoast SEO plugin v27.3 - https:\/\/yoast.com\/product\/yoast-seo-wordpress\/ -->\n<title>Kolageno ir biotino \u0161amp\u016bnas 200 ml | Puhdas+<\/title>\n<meta name=\"description\" content=\"\u201ePuhdas+\u201c kolageno ir biotino \u0161amp\u016bnas 200 ml \u2013 stiprinamasis ir dr\u0117kinamasis \u0161amp\u016bnas, skatinantis plauk\u0173 augim\u0105, ma\u017einantis l\u016b\u017ein\u0117jim\u0105 ir suteikiantis plaukams gyvybingumo.\" \/>\n<meta name=\"robots\" content=\"index, follow, max-snippet:-1, max-image-preview:large, max-video-preview:-1\" \/>\n<link rel=\"canonical\" href=\"https:\/\/puhdasplus.ee\/lt\/produktai\/kosmetika-lt\/kolageno-ir-biotino-sampunas-200-ml\/\" \/>\n<meta property=\"og:locale\" content=\"lt_LT\" \/>\n<meta property=\"og:type\" content=\"article\" \/>\n<meta property=\"og:title\" content=\"Kolageno ir biotino \u0161amp\u016bnas 200 ml | Puhdas+\" \/>\n<meta property=\"og:description\" content=\"\u201ePuhdas+\u201c kolageno ir biotino \u0161amp\u016bnas 200 ml \u2013 stiprinamasis ir dr\u0117kinamasis \u0161amp\u016bnas, skatinantis plauk\u0173 augim\u0105, ma\u017einantis l\u016b\u017ein\u0117jim\u0105 ir suteikiantis plaukams gyvybingumo.\" \/>\n<meta property=\"og:url\" content=\"https:\/\/puhdasplus.ee\/lt\/produktai\/kosmetika-lt\/kolageno-ir-biotino-sampunas-200-ml\/\" \/>\n<meta property=\"og:site_name\" content=\"Puhdas+\" \/>\n<meta property=\"article:publisher\" content=\"https:\/\/www.facebook.com\/puhdasplus\" \/>\n<meta property=\"article:modified_time\" content=\"2026-04-07T17:11:21+00:00\" \/>\n<meta property=\"og:image\" content=\"https:\/\/puhdasplus.ee\/wp-content\/uploads\/2023\/09\/Kollageeni-Biotiini-sampoon-200-ml-PuhdasPlus-scaled.jpg\" \/>\n\t<meta property=\"og:image:width\" content=\"1862\" \/>\n\t<meta property=\"og:image:height\" content=\"2560\" \/>\n\t<meta property=\"og:image:type\" content=\"image\/jpeg\" \/>\n<meta name=\"twitter:card\" content=\"summary_large_image\" \/>\n<meta name=\"twitter:label1\" content=\"Est. reading time\" \/>\n\t<meta name=\"twitter:data1\" content=\"2 minut\u0117\" \/>\n<script type=\"application\/ld+json\" class=\"yoast-schema-graph\">{\"@context\":\"https:\\\/\\\/schema.org\",\"@graph\":[{\"@type\":\"WebPage\",\"@id\":\"https:\\\/\\\/puhdasplus.ee\\\/lt\\\/produktai\\\/kosmetika-lt\\\/kolageno-ir-biotino-sampunas-200-ml\\\/\",\"url\":\"https:\\\/\\\/puhdasplus.ee\\\/lt\\\/produktai\\\/kosmetika-lt\\\/kolageno-ir-biotino-sampunas-200-ml\\\/\",\"name\":\"Kolageno ir biotino \u0161amp\u016bnas 200 ml | Puhdas+\",\"isPartOf\":{\"@id\":\"https:\\\/\\\/puhdasplus.ee\\\/lt\\\/#website\"},\"primaryImageOfPage\":{\"@id\":\"https:\\\/\\\/puhdasplus.ee\\\/lt\\\/produktai\\\/kosmetika-lt\\\/kolageno-ir-biotino-sampunas-200-ml\\\/#primaryimage\"},\"image\":{\"@id\":\"https:\\\/\\\/puhdasplus.ee\\\/lt\\\/produktai\\\/kosmetika-lt\\\/kolageno-ir-biotino-sampunas-200-ml\\\/#primaryimage\"},\"thumbnailUrl\":\"https:\\\/\\\/puhdasplus.ee\\\/wp-content\\\/uploads\\\/2023\\\/09\\\/Kollageeni-Biotiini-sampoon-200-ml-PuhdasPlus-scaled.jpg\",\"datePublished\":\"2023-09-02T20:19:57+00:00\",\"dateModified\":\"2026-04-07T17:11:21+00:00\",\"description\":\"\u201ePuhdas+\u201c kolageno ir biotino \u0161amp\u016bnas 200 ml \u2013 stiprinamasis ir dr\u0117kinamasis \u0161amp\u016bnas, skatinantis plauk\u0173 augim\u0105, ma\u017einantis l\u016b\u017ein\u0117jim\u0105 ir suteikiantis plaukams gyvybingumo.\",\"breadcrumb\":{\"@id\":\"https:\\\/\\\/puhdasplus.ee\\\/lt\\\/produktai\\\/kosmetika-lt\\\/kolageno-ir-biotino-sampunas-200-ml\\\/#breadcrumb\"},\"inLanguage\":\"lt-LT\",\"potentialAction\":[{\"@type\":\"ReadAction\",\"target\":[\"https:\\\/\\\/puhdasplus.ee\\\/lt\\\/produktai\\\/kosmetika-lt\\\/kolageno-ir-biotino-sampunas-200-ml\\\/\"]}]},{\"@type\":\"ImageObject\",\"inLanguage\":\"lt-LT\",\"@id\":\"https:\\\/\\\/puhdasplus.ee\\\/lt\\\/produktai\\\/kosmetika-lt\\\/kolageno-ir-biotino-sampunas-200-ml\\\/#primaryimage\",\"url\":\"https:\\\/\\\/puhdasplus.ee\\\/wp-content\\\/uploads\\\/2023\\\/09\\\/Kollageeni-Biotiini-sampoon-200-ml-PuhdasPlus-scaled.jpg\",\"contentUrl\":\"https:\\\/\\\/puhdasplus.ee\\\/wp-content\\\/uploads\\\/2023\\\/09\\\/Kollageeni-Biotiini-sampoon-200-ml-PuhdasPlus-scaled.jpg\",\"width\":1862,\"height\":2560,\"caption\":\"Kolageno ir biotino \u0161amp\u016bnas 200 ml \u201ePuhdasPlus\u201c\"},{\"@type\":\"BreadcrumbList\",\"@id\":\"https:\\\/\\\/puhdasplus.ee\\\/lt\\\/produktai\\\/kosmetika-lt\\\/kolageno-ir-biotino-sampunas-200-ml\\\/#breadcrumb\",\"itemListElement\":[{\"@type\":\"ListItem\",\"position\":1,\"name\":\"Prad\u017eia\",\"item\":\"https:\\\/\\\/puhdasplus.ee\\\/lt\\\/\"},{\"@type\":\"ListItem\",\"position\":2,\"name\":\"Produktai\",\"item\":\"https:\\\/\\\/puhdasplus.ee\\\/lt\\\/parduotuve\\\/\"},{\"@type\":\"ListItem\",\"position\":3,\"name\":\"Kolageno ir biotino \u0161amp\u016bnas 200 ml\"}]},{\"@type\":\"WebSite\",\"@id\":\"https:\\\/\\\/puhdasplus.ee\\\/lt\\\/#website\",\"url\":\"https:\\\/\\\/puhdasplus.ee\\\/lt\\\/\",\"name\":\"Puhdas+\",\"description\":\"Vitaminai, maisto papildai, nat\u016brali kosmetika, sveikata, sportas\",\"publisher\":{\"@id\":\"https:\\\/\\\/puhdasplus.ee\\\/lt\\\/#organization\"},\"potentialAction\":[{\"@type\":\"SearchAction\",\"target\":{\"@type\":\"EntryPoint\",\"urlTemplate\":\"https:\\\/\\\/puhdasplus.ee\\\/lt\\\/?s={search_term_string}\"},\"query-input\":{\"@type\":\"PropertyValueSpecification\",\"valueRequired\":true,\"valueName\":\"search_term_string\"}}],\"inLanguage\":\"lt-LT\"},{\"@type\":\"Organization\",\"@id\":\"https:\\\/\\\/puhdasplus.ee\\\/lt\\\/#organization\",\"name\":\"Puhdas+\",\"alternateName\":\"Puhdasplus\",\"url\":\"https:\\\/\\\/puhdasplus.ee\\\/lt\\\/\",\"logo\":{\"@type\":\"ImageObject\",\"inLanguage\":\"lt-LT\",\"@id\":\"https:\\\/\\\/puhdasplus.ee\\\/lt\\\/#\\\/schema\\\/logo\\\/image\\\/\",\"url\":\"https:\\\/\\\/puhdasplus.ee\\\/wp-content\\\/uploads\\\/2019\\\/10\\\/puhdas_logo-arvele.png\",\"contentUrl\":\"https:\\\/\\\/puhdasplus.ee\\\/wp-content\\\/uploads\\\/2019\\\/10\\\/puhdas_logo-arvele.png\",\"width\":114,\"height\":94,\"caption\":\"Puhdas+\"},\"image\":{\"@id\":\"https:\\\/\\\/puhdasplus.ee\\\/lt\\\/#\\\/schema\\\/logo\\\/image\\\/\"},\"sameAs\":[\"https:\\\/\\\/www.facebook.com\\\/puhdasplus\",\"https:\\\/\\\/www.instagram.com\\\/puhdasplus_ee\\\/\"]}]}<\/script>\n<!-- \/ Yoast SEO plugin. -->","yoast_head_json":{"title":"Kolageno ir biotino \u0161amp\u016bnas 200 ml | Puhdas+","description":"\u201ePuhdas+\u201c kolageno ir biotino \u0161amp\u016bnas 200 ml \u2013 stiprinamasis ir dr\u0117kinamasis \u0161amp\u016bnas, skatinantis plauk\u0173 augim\u0105, ma\u017einantis l\u016b\u017ein\u0117jim\u0105 ir suteikiantis plaukams gyvybingumo.","robots":{"index":"index","follow":"follow","max-snippet":"max-snippet:-1","max-image-preview":"max-image-preview:large","max-video-preview":"max-video-preview:-1"},"canonical":"https:\/\/puhdasplus.ee\/lt\/produktai\/kosmetika-lt\/kolageno-ir-biotino-sampunas-200-ml\/","og_locale":"lt_LT","og_type":"article","og_title":"Kolageno ir biotino \u0161amp\u016bnas 200 ml | Puhdas+","og_description":"\u201ePuhdas+\u201c kolageno ir biotino \u0161amp\u016bnas 200 ml \u2013 stiprinamasis ir dr\u0117kinamasis \u0161amp\u016bnas, skatinantis plauk\u0173 augim\u0105, ma\u017einantis l\u016b\u017ein\u0117jim\u0105 ir suteikiantis plaukams gyvybingumo.","og_url":"https:\/\/puhdasplus.ee\/lt\/produktai\/kosmetika-lt\/kolageno-ir-biotino-sampunas-200-ml\/","og_site_name":"Puhdas+","article_publisher":"https:\/\/www.facebook.com\/puhdasplus","article_modified_time":"2026-04-07T17:11:21+00:00","og_image":[{"width":1862,"height":2560,"url":"https:\/\/puhdasplus.ee\/wp-content\/uploads\/2023\/09\/Kollageeni-Biotiini-sampoon-200-ml-PuhdasPlus-scaled.jpg","type":"image\/jpeg"}],"twitter_card":"summary_large_image","twitter_misc":{"Est. reading time":"2 minut\u0117"},"schema":{"@context":"https:\/\/schema.org","@graph":[{"@type":"WebPage","@id":"https:\/\/puhdasplus.ee\/lt\/produktai\/kosmetika-lt\/kolageno-ir-biotino-sampunas-200-ml\/","url":"https:\/\/puhdasplus.ee\/lt\/produktai\/kosmetika-lt\/kolageno-ir-biotino-sampunas-200-ml\/","name":"Kolageno ir biotino \u0161amp\u016bnas 200 ml | Puhdas+","isPartOf":{"@id":"https:\/\/puhdasplus.ee\/lt\/#website"},"primaryImageOfPage":{"@id":"https:\/\/puhdasplus.ee\/lt\/produktai\/kosmetika-lt\/kolageno-ir-biotino-sampunas-200-ml\/#primaryimage"},"image":{"@id":"https:\/\/puhdasplus.ee\/lt\/produktai\/kosmetika-lt\/kolageno-ir-biotino-sampunas-200-ml\/#primaryimage"},"thumbnailUrl":"https:\/\/puhdasplus.ee\/wp-content\/uploads\/2023\/09\/Kollageeni-Biotiini-sampoon-200-ml-PuhdasPlus-scaled.jpg","datePublished":"2023-09-02T20:19:57+00:00","dateModified":"2026-04-07T17:11:21+00:00","description":"\u201ePuhdas+\u201c kolageno ir biotino \u0161amp\u016bnas 200 ml \u2013 stiprinamasis ir dr\u0117kinamasis \u0161amp\u016bnas, skatinantis plauk\u0173 augim\u0105, ma\u017einantis l\u016b\u017ein\u0117jim\u0105 ir suteikiantis plaukams gyvybingumo.","breadcrumb":{"@id":"https:\/\/puhdasplus.ee\/lt\/produktai\/kosmetika-lt\/kolageno-ir-biotino-sampunas-200-ml\/#breadcrumb"},"inLanguage":"lt-LT","potentialAction":[{"@type":"ReadAction","target":["https:\/\/puhdasplus.ee\/lt\/produktai\/kosmetika-lt\/kolageno-ir-biotino-sampunas-200-ml\/"]}]},{"@type":"ImageObject","inLanguage":"lt-LT","@id":"https:\/\/puhdasplus.ee\/lt\/produktai\/kosmetika-lt\/kolageno-ir-biotino-sampunas-200-ml\/#primaryimage","url":"https:\/\/puhdasplus.ee\/wp-content\/uploads\/2023\/09\/Kollageeni-Biotiini-sampoon-200-ml-PuhdasPlus-scaled.jpg","contentUrl":"https:\/\/puhdasplus.ee\/wp-content\/uploads\/2023\/09\/Kollageeni-Biotiini-sampoon-200-ml-PuhdasPlus-scaled.jpg","width":1862,"height":2560,"caption":"Kolageno ir biotino \u0161amp\u016bnas 200 ml \u201ePuhdasPlus\u201c"},{"@type":"BreadcrumbList","@id":"https:\/\/puhdasplus.ee\/lt\/produktai\/kosmetika-lt\/kolageno-ir-biotino-sampunas-200-ml\/#breadcrumb","itemListElement":[{"@type":"ListItem","position":1,"name":"Prad\u017eia","item":"https:\/\/puhdasplus.ee\/lt\/"},{"@type":"ListItem","position":2,"name":"Produktai","item":"https:\/\/puhdasplus.ee\/lt\/parduotuve\/"},{"@type":"ListItem","position":3,"name":"Kolageno ir biotino \u0161amp\u016bnas 200 ml"}]},{"@type":"WebSite","@id":"https:\/\/puhdasplus.ee\/lt\/#website","url":"https:\/\/puhdasplus.ee\/lt\/","name":"Puhdas+","description":"Vitaminai, maisto papildai, nat\u016brali kosmetika, sveikata, sportas","publisher":{"@id":"https:\/\/puhdasplus.ee\/lt\/#organization"},"potentialAction":[{"@type":"SearchAction","target":{"@type":"EntryPoint","urlTemplate":"https:\/\/puhdasplus.ee\/lt\/?s={search_term_string}"},"query-input":{"@type":"PropertyValueSpecification","valueRequired":true,"valueName":"search_term_string"}}],"inLanguage":"lt-LT"},{"@type":"Organization","@id":"https:\/\/puhdasplus.ee\/lt\/#organization","name":"Puhdas+","alternateName":"Puhdasplus","url":"https:\/\/puhdasplus.ee\/lt\/","logo":{"@type":"ImageObject","inLanguage":"lt-LT","@id":"https:\/\/puhdasplus.ee\/lt\/#\/schema\/logo\/image\/","url":"https:\/\/puhdasplus.ee\/wp-content\/uploads\/2019\/10\/puhdas_logo-arvele.png","contentUrl":"https:\/\/puhdasplus.ee\/wp-content\/uploads\/2019\/10\/puhdas_logo-arvele.png","width":114,"height":94,"caption":"Puhdas+"},"image":{"@id":"https:\/\/puhdasplus.ee\/lt\/#\/schema\/logo\/image\/"},"sameAs":["https:\/\/www.facebook.com\/puhdasplus","https:\/\/www.instagram.com\/puhdasplus_ee\/"]}]}},"_yoast_wpseo_title":"Kolageno ir biotino \u0161amp\u016bnas 200 ml | Puhdas+","_yoast_wpseo_metadesc":"\u201ePuhdas+\u201c kolageno ir biotino \u0161amp\u016bnas 200 ml \u2013 stiprinamasis ir dr\u0117kinamasis \u0161amp\u016bnas, skatinantis plauk\u0173 augim\u0105, ma\u017einantis l\u016b\u017ein\u0117jim\u0105 ir suteikiantis plaukams gyvybingumo.","_yoast_wpseo_focuskw":"","_links":{"self":[{"href":"https:\/\/puhdasplus.ee\/lt\/wp-json\/wp\/v2\/product\/33535","targetHints":{"allow":["GET"]}}],"collection":[{"href":"https:\/\/puhdasplus.ee\/lt\/wp-json\/wp\/v2\/product"}],"about":[{"href":"https:\/\/puhdasplus.ee\/lt\/wp-json\/wp\/v2\/types\/product"}],"replies":[{"embeddable":true,"href":"https:\/\/puhdasplus.ee\/lt\/wp-json\/wp\/v2\/comments?post=33535"}],"wp:featuredmedia":[{"embeddable":true,"href":"https:\/\/puhdasplus.ee\/lt\/wp-json\/wp\/v2\/media\/357405"}],"wp:attachment":[{"href":"https:\/\/puhdasplus.ee\/lt\/wp-json\/wp\/v2\/media?parent=33535"}],"wp:term":[{"taxonomy":"product_brand","embeddable":true,"href":"https:\/\/puhdasplus.ee\/lt\/wp-json\/wp\/v2\/product_brand?post=33535"},{"taxonomy":"product_cat","embeddable":true,"href":"https:\/\/puhdasplus.ee\/lt\/wp-json\/wp\/v2\/product_cat?post=33535"},{"taxonomy":"product_tag","embeddable":true,"href":"https:\/\/puhdasplus.ee\/lt\/wp-json\/wp\/v2\/product_tag?post=33535"}],"curies":[{"name":"wp","href":"https:\/\/api.w.org\/{rel}","templated":true}]}}