{"id":33502,"date":"2024-02-05T12:24:57","date_gmt":"2024-02-05T10:24:57","guid":{"rendered":"https:\/\/puhdasplus.ee\/tooted\/be-kategorijos\/nadh-6-mg-50-kapsuliu\/"},"modified":"2026-04-07T20:11:16","modified_gmt":"2026-04-07T17:11:16","slug":"nadh-6-mg-50-kapsuliu","status":"publish","type":"product","link":"https:\/\/puhdasplus.ee\/lt\/produktai\/vitaminai\/vitaminas-b\/nadh-6-mg-50-kapsuliu\/","title":{"rendered":"NADH 6 mg 50 kapsuli\u0173"},"content":{"rendered":"<h2>Kas yra NADH ir kod\u0117l jis svarbus?<\/h2>\n<p>NADH, arba <strong>nikotinamido adenino dinukleotidas (H formoje),<\/strong> yra nat\u016braliai organizme susidarantis junginys, veikiantis <strong>kaip kofermentas<\/strong> \u2013 tai rei\u0161kia, kad jis padeda organizmo fermentams atlikti savo darb\u0105. Tiksliau sakant, NADH dalyvauja energijos gamybos procese l\u0105steli\u0173 lygmenyje ir yra vienas i\u0161 pagrindini\u0173 <strong>ATP, arba adenozino trifosfato<\/strong> , organizmo \u201eenergijos valiutos\u201c, gamybos komponent\u0173. <\/p>\n<p>ATP reikalingas kiekvienai k\u016bno l\u0105stelei, kad ji gal\u0117t\u0173 atlikti pagrindines savo funkcijas \u2013 nuo \u200b\u200braumen\u0173 ir smegen\u0173 veiklos palaikymo iki med\u017eiag\u0173 apykaitos ir ferment\u0173 palaikymo. Neturint pakankamai NADH, organizmo l\u0105stel\u0117s negamins ATP efektyviai, o tai gali paveikti bendr\u0105 organizmo energijos gamyb\u0105. Tod\u0117l NADH gali b\u016bti svarbus palaikant <b>bendr\u0105 energijos apykait\u0105<\/b> organizme.  <\/p>\n<p>Be energijos apykaitos, NADH dalyvauja daugelyje biochemini\u0173 proces\u0173 organizme, tod\u0117l \u0161is junginys taip pat buvo tiriamas psichin\u0117s ir fizin\u0117s gerov\u0117s palaikymo kontekste. <\/p>\n<h2>Kod\u0117l verta vartoti NADH kaip papild\u0105?<\/h2>\n<p>NADH yra nat\u016brali organizme esanti med\u017eiaga, taip pat gaunama su maistu. Tam tikrais gyvenimo etapais arba d\u0117l gyvenimo b\u016bdo veiksni\u0173 gali padid\u0117ti susidom\u0117jimas papildais, kuriuose yra \u0161io junginio kontroliuojamais ir \u017einomais kiekiais. \u201ePuhdas+ NADH 6 mg\u201c kapsul\u0117se yra standartizuotas NADH kiekis, jos gaminamos lengvai vartojama ir tinkama kasdieniam vartojimui forma.  <\/p>\n<p>Produktas ypa\u010d tinka tiems, kurie nori:<\/p>\n<ul>\n<li>\n<p>palaikyti j\u016bs\u0173 <b>kasdien\u0119 gyvybingum\u0105,<\/b><\/p>\n<\/li>\n<li>\n<p> <b>psichinis budrumas,<\/b><\/p>\n<\/li>\n<li>\n<p>\u012etraukite \u012f savo kasdienyb\u0119 papild\u0105 <strong>, kuris palaikyt\u0173 aktyv\u0173 gyvenimo b\u016bd\u0105<\/strong> .<\/p>\n<\/li>\n<\/ul>\n<p>Produktas yra <b>vegani\u0161kas<\/b> , <b>be dirbtini\u0173 pried\u0173 ar \u012fprast\u0173 alergen\u0173<\/b> , tod\u0117l tinka tiems, kurie laikosi specialios dietos arba renkasi \u0161varesn\u0119 sud\u0117t\u012f.<\/p>\n<h2>Kam tinka \u201ePuhdas+ NADH 6 mg\u201c?<\/h2>\n<p>\u0160is produktas tinka suaugusiesiems, norintiems palaikyti energijos lyg\u012f ir kognityvines funkcijas. Jis gali b\u016bti ypa\u010d naudingas tiems, kurie jau\u010diasi pavarg\u0119, kuriems reikia proto ai\u0161kumo arba nori palaikyti bendr\u0105 savijaut\u0105.<\/p>\n<h2>Kaip ir kada j\u012f naudoti?<\/h2>\n<p><strong>Vartojimo instrukcijos:<\/strong> Rekomenduojama doz\u0117 suaugusiesiems yra 2 kapsul\u0117s per dien\u0105. Kapsul\u0119 nurykite u\u017egerdami vandeniu ryte tu\u0161\u010diu skrand\u017eiu. Rekomenduojamos paros doz\u0117s vir\u0161yti negalima. Svarbu valgyti \u012fvairi\u0105 ir subalansuot\u0105 mityb\u0105 bei laikytis sveiko gyvenimo b\u016bdo. Laikyti vaikams nepasiekiamoje vietoje.<\/p>\n<h2>Kokie yra ingredientai ir maistin\u0117 vert\u0117?<\/h2>\n<p><strong>Sudedamosios dalys:<\/strong> u\u017epildas (ry\u017ei\u0173 krakmolas), kapsul\u0117 (stabilizatorius: hidroksipropilceliulioz\u0117), Panmol\u00ae NADH.<br \/>\n Be pieno, laktoz\u0117s, mieli\u0173 ar glitimo. Be cukraus, druskos, kukur\u016bz\u0173, sojos ar saldikli\u0173.  Tinka vegetarams.<\/p>\n<h2>Maistin\u0117 vert\u0117<\/h2>\n<p>Dienos doz\u0117je (2 kapsul\u0117se) yra: vitaminas B3 \u2013  <strong>6 mg (37,5 % RMV*)<\/strong><\/p>\n<p>*RMV \u2013 referencin\u0117 paros norma suaugusiajam<\/p>\n<p><strong>Gamintojas:<\/strong> New Organics Oy, Suomija<br \/><strong>Importuotojas:<\/strong> NordenBio O\u00dc, Narva mnt 7, 10117 Talinas, Estija<\/p>\n<p><p><strong>\u017di\u016br\u0117ti taip pat:<\/strong> <a href=\"https:\/\/puhdasplus.ee\/toote-kategooria\/b-vitamiin\/\">B-vitamiin<\/a> | <a href=\"https:\/\/puhdasplus.ee\/toote-kategooria\/nahk-juuksed-kuuned\/\">Oda, plaukai, nagai<\/a> | <a href=\"https:\/\/puhdasplus.ee\/toote-kategooria\/magneesium\/\">Magnis<\/a><\/p>\n","protected":false},"excerpt":{"rendered":"<p><strong>Puhdas+ NADH 6 mg<\/strong> yra maisto papildas, palaikantis nat\u016brali\u0105 organizmo energijos apykait\u0105 ir dalyvaujantis l\u0105steli\u0173 energijos apykaitos procesuose. NADH, arba nikotinamido adenino dinukleotidas, yra nat\u016braliai organizme randamas kofermentas, atliekantis svarb\u0173 vaidmen\u012f u\u017etikrinant l\u0105steli\u0173 energijos pusiausvyr\u0105. \u0160i med\u017eiaga dalyvauja ATP (pagrindin\u0117s l\u0105steli\u0173 energijos) gamyboje ir yra susijusi su daugeliu organizmo biochemini\u0173 proces\u0173.  <\/p>\n<p>NADH kiekis organizme gali suma\u017e\u0117ti d\u0117l am\u017eiaus, gyvenimo b\u016bdo ir streso, tod\u0117l jo vartojimas maisto papildo pavidalu gali pad\u0117ti palaikyti kasdien\u0119 fizin\u0119 ir psichin\u0119 gerov\u0119. \u201ePuhdas+ NADH\u201c yra puikus pasirinkimas tiems, kurie nori palaikyti savo kasdien\u012f gyvybingum\u0105 bei aktyv\u0173 gyvenimo b\u016bd\u0105, siekia stiprinti koncentracij\u0105 ar ie\u0161ko paramos esant greitam gyvenimo tempui. <\/p>\n<p>Produkte yra gryno ir stabilaus NADH, be dirbtini\u0173 pried\u0173, da\u017eikli\u0173 ar saldikli\u0173. Jis taip pat tinka veganams ir \u017emon\u0117ms su jautria vir\u0161kinimo sistema. <\/p>\n","protected":false},"featured_media":33504,"comment_status":"closed","ping_status":"closed","template":"","meta":{"_acf_changed":false,"googlesitekit_rrm_CAow3eq7DA:productID":""},"product_brand":[],"product_cat":[3282,3013,3174,3175],"product_tag":[5882,3025,3131,8378,2562,8382,8374,2967,8370],"class_list":{"0":"post-33502","1":"product","2":"type-product","3":"status-publish","4":"has-post-thumbnail","6":"product_cat-oda-plaukai-nagai","7":"product_cat-stresas-ir-miegas","8":"product_cat-vitaminai","9":"product_cat-vitaminas-b","10":"product_tag-b-grupes-vitaminai","11":"product_tag-energija","12":"product_tag-maisto-papildas","13":"product_tag-natralus-lt","14":"product_tag-plauku-prieziura","15":"product_tag-smegen-sveikata-lt","16":"product_tag-suomijos-kokyb-lt","17":"product_tag-veganas","18":"product_tag-vitaminai-lt","20":"first","21":"instock","22":"taxable","23":"shipping-taxable","24":"purchasable","25":"product-type-simple"},"acf":[],"yoast_head":"<!-- This site is optimized with the Yoast SEO plugin v27.3 - https:\/\/yoast.com\/product\/yoast-seo-wordpress\/ -->\n<title>NADH 6 mg 50 kapsuli\u0173 | Puhdas+<\/title>\n<meta name=\"description\" content=\"NADH 6 mg \u2014 50 kapsuli\u0173. Kofermentas NADH palaiko nat\u016brali\u0105 organizmo energijos gamyb\u0105. Maisto papildas gyvybingumui.\" \/>\n<meta name=\"robots\" content=\"index, follow, max-snippet:-1, max-image-preview:large, max-video-preview:-1\" \/>\n<link rel=\"canonical\" href=\"https:\/\/puhdasplus.ee\/lt\/produktai\/vitaminai\/vitaminas-b\/nadh-6-mg-50-kapsuliu\/\" \/>\n<meta property=\"og:locale\" content=\"lt_LT\" \/>\n<meta property=\"og:type\" content=\"article\" \/>\n<meta property=\"og:title\" content=\"NADH 6 mg 50 kapsuli\u0173 | Puhdas+\" \/>\n<meta property=\"og:description\" content=\"NADH 6 mg \u2014 50 kapsuli\u0173. Kofermentas NADH palaiko nat\u016brali\u0105 organizmo energijos gamyb\u0105. Maisto papildas gyvybingumui.\" \/>\n<meta property=\"og:url\" content=\"https:\/\/puhdasplus.ee\/lt\/produktai\/vitaminai\/vitaminas-b\/nadh-6-mg-50-kapsuliu\/\" \/>\n<meta property=\"og:site_name\" content=\"Puhdas+\" \/>\n<meta property=\"article:publisher\" content=\"https:\/\/www.facebook.com\/puhdasplus\" \/>\n<meta property=\"article:modified_time\" content=\"2026-04-07T17:11:16+00:00\" \/>\n<meta property=\"og:image\" content=\"https:\/\/puhdasplus.ee\/wp-content\/uploads\/2025\/03\/80.jpg\" \/>\n\t<meta property=\"og:image:width\" content=\"1862\" \/>\n\t<meta property=\"og:image:height\" content=\"2560\" \/>\n\t<meta property=\"og:image:type\" content=\"image\/jpeg\" \/>\n<meta name=\"twitter:card\" content=\"summary_large_image\" \/>\n<meta name=\"twitter:label1\" content=\"Est. reading time\" \/>\n\t<meta name=\"twitter:data1\" content=\"2 minut\u0117\" \/>\n<script type=\"application\/ld+json\" class=\"yoast-schema-graph\">{\"@context\":\"https:\\\/\\\/schema.org\",\"@graph\":[{\"@type\":\"WebPage\",\"@id\":\"https:\\\/\\\/puhdasplus.ee\\\/lt\\\/produktai\\\/vitaminai\\\/vitaminas-b\\\/nadh-6-mg-50-kapsuliu\\\/\",\"url\":\"https:\\\/\\\/puhdasplus.ee\\\/lt\\\/produktai\\\/vitaminai\\\/vitaminas-b\\\/nadh-6-mg-50-kapsuliu\\\/\",\"name\":\"NADH 6 mg 50 kapsuli\u0173 | Puhdas+\",\"isPartOf\":{\"@id\":\"https:\\\/\\\/puhdasplus.ee\\\/lt\\\/#website\"},\"primaryImageOfPage\":{\"@id\":\"https:\\\/\\\/puhdasplus.ee\\\/lt\\\/produktai\\\/vitaminai\\\/vitaminas-b\\\/nadh-6-mg-50-kapsuliu\\\/#primaryimage\"},\"image\":{\"@id\":\"https:\\\/\\\/puhdasplus.ee\\\/lt\\\/produktai\\\/vitaminai\\\/vitaminas-b\\\/nadh-6-mg-50-kapsuliu\\\/#primaryimage\"},\"thumbnailUrl\":\"https:\\\/\\\/puhdasplus.ee\\\/wp-content\\\/uploads\\\/2025\\\/03\\\/80.jpg\",\"datePublished\":\"2024-02-05T10:24:57+00:00\",\"dateModified\":\"2026-04-07T17:11:16+00:00\",\"description\":\"NADH 6 mg \u2014 50 kapsuli\u0173. Kofermentas NADH palaiko nat\u016brali\u0105 organizmo energijos gamyb\u0105. Maisto papildas gyvybingumui.\",\"breadcrumb\":{\"@id\":\"https:\\\/\\\/puhdasplus.ee\\\/lt\\\/produktai\\\/vitaminai\\\/vitaminas-b\\\/nadh-6-mg-50-kapsuliu\\\/#breadcrumb\"},\"inLanguage\":\"lt-LT\",\"potentialAction\":[{\"@type\":\"ReadAction\",\"target\":[\"https:\\\/\\\/puhdasplus.ee\\\/lt\\\/produktai\\\/vitaminai\\\/vitaminas-b\\\/nadh-6-mg-50-kapsuliu\\\/\"]}]},{\"@type\":\"ImageObject\",\"inLanguage\":\"lt-LT\",\"@id\":\"https:\\\/\\\/puhdasplus.ee\\\/lt\\\/produktai\\\/vitaminai\\\/vitaminas-b\\\/nadh-6-mg-50-kapsuliu\\\/#primaryimage\",\"url\":\"https:\\\/\\\/puhdasplus.ee\\\/wp-content\\\/uploads\\\/2025\\\/03\\\/80.jpg\",\"contentUrl\":\"https:\\\/\\\/puhdasplus.ee\\\/wp-content\\\/uploads\\\/2025\\\/03\\\/80.jpg\",\"width\":1862,\"height\":2560,\"caption\":\"NADH 6 mg\"},{\"@type\":\"BreadcrumbList\",\"@id\":\"https:\\\/\\\/puhdasplus.ee\\\/lt\\\/produktai\\\/vitaminai\\\/vitaminas-b\\\/nadh-6-mg-50-kapsuliu\\\/#breadcrumb\",\"itemListElement\":[{\"@type\":\"ListItem\",\"position\":1,\"name\":\"Prad\u017eia\",\"item\":\"https:\\\/\\\/puhdasplus.ee\\\/lt\\\/\"},{\"@type\":\"ListItem\",\"position\":2,\"name\":\"Produktai\",\"item\":\"https:\\\/\\\/puhdasplus.ee\\\/lt\\\/parduotuve\\\/\"},{\"@type\":\"ListItem\",\"position\":3,\"name\":\"NADH 6 mg 50 kapsuli\u0173\"}]},{\"@type\":\"WebSite\",\"@id\":\"https:\\\/\\\/puhdasplus.ee\\\/lt\\\/#website\",\"url\":\"https:\\\/\\\/puhdasplus.ee\\\/lt\\\/\",\"name\":\"Puhdas+\",\"description\":\"Vitaminai, maisto papildai, nat\u016brali kosmetika, sveikata, sportas\",\"publisher\":{\"@id\":\"https:\\\/\\\/puhdasplus.ee\\\/lt\\\/#organization\"},\"potentialAction\":[{\"@type\":\"SearchAction\",\"target\":{\"@type\":\"EntryPoint\",\"urlTemplate\":\"https:\\\/\\\/puhdasplus.ee\\\/lt\\\/?s={search_term_string}\"},\"query-input\":{\"@type\":\"PropertyValueSpecification\",\"valueRequired\":true,\"valueName\":\"search_term_string\"}}],\"inLanguage\":\"lt-LT\"},{\"@type\":\"Organization\",\"@id\":\"https:\\\/\\\/puhdasplus.ee\\\/lt\\\/#organization\",\"name\":\"Puhdas+\",\"alternateName\":\"Puhdasplus\",\"url\":\"https:\\\/\\\/puhdasplus.ee\\\/lt\\\/\",\"logo\":{\"@type\":\"ImageObject\",\"inLanguage\":\"lt-LT\",\"@id\":\"https:\\\/\\\/puhdasplus.ee\\\/lt\\\/#\\\/schema\\\/logo\\\/image\\\/\",\"url\":\"https:\\\/\\\/puhdasplus.ee\\\/wp-content\\\/uploads\\\/2019\\\/10\\\/puhdas_logo-arvele.png\",\"contentUrl\":\"https:\\\/\\\/puhdasplus.ee\\\/wp-content\\\/uploads\\\/2019\\\/10\\\/puhdas_logo-arvele.png\",\"width\":114,\"height\":94,\"caption\":\"Puhdas+\"},\"image\":{\"@id\":\"https:\\\/\\\/puhdasplus.ee\\\/lt\\\/#\\\/schema\\\/logo\\\/image\\\/\"},\"sameAs\":[\"https:\\\/\\\/www.facebook.com\\\/puhdasplus\",\"https:\\\/\\\/www.instagram.com\\\/puhdasplus_ee\\\/\"]}]}<\/script>\n<!-- \/ Yoast SEO plugin. -->","yoast_head_json":{"title":"NADH 6 mg 50 kapsuli\u0173 | Puhdas+","description":"NADH 6 mg \u2014 50 kapsuli\u0173. Kofermentas NADH palaiko nat\u016brali\u0105 organizmo energijos gamyb\u0105. Maisto papildas gyvybingumui.","robots":{"index":"index","follow":"follow","max-snippet":"max-snippet:-1","max-image-preview":"max-image-preview:large","max-video-preview":"max-video-preview:-1"},"canonical":"https:\/\/puhdasplus.ee\/lt\/produktai\/vitaminai\/vitaminas-b\/nadh-6-mg-50-kapsuliu\/","og_locale":"lt_LT","og_type":"article","og_title":"NADH 6 mg 50 kapsuli\u0173 | Puhdas+","og_description":"NADH 6 mg \u2014 50 kapsuli\u0173. Kofermentas NADH palaiko nat\u016brali\u0105 organizmo energijos gamyb\u0105. Maisto papildas gyvybingumui.","og_url":"https:\/\/puhdasplus.ee\/lt\/produktai\/vitaminai\/vitaminas-b\/nadh-6-mg-50-kapsuliu\/","og_site_name":"Puhdas+","article_publisher":"https:\/\/www.facebook.com\/puhdasplus","article_modified_time":"2026-04-07T17:11:16+00:00","og_image":[{"width":1862,"height":2560,"url":"https:\/\/puhdasplus.ee\/wp-content\/uploads\/2025\/03\/80.jpg","type":"image\/jpeg"}],"twitter_card":"summary_large_image","twitter_misc":{"Est. reading time":"2 minut\u0117"},"schema":{"@context":"https:\/\/schema.org","@graph":[{"@type":"WebPage","@id":"https:\/\/puhdasplus.ee\/lt\/produktai\/vitaminai\/vitaminas-b\/nadh-6-mg-50-kapsuliu\/","url":"https:\/\/puhdasplus.ee\/lt\/produktai\/vitaminai\/vitaminas-b\/nadh-6-mg-50-kapsuliu\/","name":"NADH 6 mg 50 kapsuli\u0173 | Puhdas+","isPartOf":{"@id":"https:\/\/puhdasplus.ee\/lt\/#website"},"primaryImageOfPage":{"@id":"https:\/\/puhdasplus.ee\/lt\/produktai\/vitaminai\/vitaminas-b\/nadh-6-mg-50-kapsuliu\/#primaryimage"},"image":{"@id":"https:\/\/puhdasplus.ee\/lt\/produktai\/vitaminai\/vitaminas-b\/nadh-6-mg-50-kapsuliu\/#primaryimage"},"thumbnailUrl":"https:\/\/puhdasplus.ee\/wp-content\/uploads\/2025\/03\/80.jpg","datePublished":"2024-02-05T10:24:57+00:00","dateModified":"2026-04-07T17:11:16+00:00","description":"NADH 6 mg \u2014 50 kapsuli\u0173. Kofermentas NADH palaiko nat\u016brali\u0105 organizmo energijos gamyb\u0105. Maisto papildas gyvybingumui.","breadcrumb":{"@id":"https:\/\/puhdasplus.ee\/lt\/produktai\/vitaminai\/vitaminas-b\/nadh-6-mg-50-kapsuliu\/#breadcrumb"},"inLanguage":"lt-LT","potentialAction":[{"@type":"ReadAction","target":["https:\/\/puhdasplus.ee\/lt\/produktai\/vitaminai\/vitaminas-b\/nadh-6-mg-50-kapsuliu\/"]}]},{"@type":"ImageObject","inLanguage":"lt-LT","@id":"https:\/\/puhdasplus.ee\/lt\/produktai\/vitaminai\/vitaminas-b\/nadh-6-mg-50-kapsuliu\/#primaryimage","url":"https:\/\/puhdasplus.ee\/wp-content\/uploads\/2025\/03\/80.jpg","contentUrl":"https:\/\/puhdasplus.ee\/wp-content\/uploads\/2025\/03\/80.jpg","width":1862,"height":2560,"caption":"NADH 6 mg"},{"@type":"BreadcrumbList","@id":"https:\/\/puhdasplus.ee\/lt\/produktai\/vitaminai\/vitaminas-b\/nadh-6-mg-50-kapsuliu\/#breadcrumb","itemListElement":[{"@type":"ListItem","position":1,"name":"Prad\u017eia","item":"https:\/\/puhdasplus.ee\/lt\/"},{"@type":"ListItem","position":2,"name":"Produktai","item":"https:\/\/puhdasplus.ee\/lt\/parduotuve\/"},{"@type":"ListItem","position":3,"name":"NADH 6 mg 50 kapsuli\u0173"}]},{"@type":"WebSite","@id":"https:\/\/puhdasplus.ee\/lt\/#website","url":"https:\/\/puhdasplus.ee\/lt\/","name":"Puhdas+","description":"Vitaminai, maisto papildai, nat\u016brali kosmetika, sveikata, sportas","publisher":{"@id":"https:\/\/puhdasplus.ee\/lt\/#organization"},"potentialAction":[{"@type":"SearchAction","target":{"@type":"EntryPoint","urlTemplate":"https:\/\/puhdasplus.ee\/lt\/?s={search_term_string}"},"query-input":{"@type":"PropertyValueSpecification","valueRequired":true,"valueName":"search_term_string"}}],"inLanguage":"lt-LT"},{"@type":"Organization","@id":"https:\/\/puhdasplus.ee\/lt\/#organization","name":"Puhdas+","alternateName":"Puhdasplus","url":"https:\/\/puhdasplus.ee\/lt\/","logo":{"@type":"ImageObject","inLanguage":"lt-LT","@id":"https:\/\/puhdasplus.ee\/lt\/#\/schema\/logo\/image\/","url":"https:\/\/puhdasplus.ee\/wp-content\/uploads\/2019\/10\/puhdas_logo-arvele.png","contentUrl":"https:\/\/puhdasplus.ee\/wp-content\/uploads\/2019\/10\/puhdas_logo-arvele.png","width":114,"height":94,"caption":"Puhdas+"},"image":{"@id":"https:\/\/puhdasplus.ee\/lt\/#\/schema\/logo\/image\/"},"sameAs":["https:\/\/www.facebook.com\/puhdasplus","https:\/\/www.instagram.com\/puhdasplus_ee\/"]}]}},"_yoast_wpseo_title":"NADH 6 mg 50 kapsuli\u0173 | Puhdas+","_yoast_wpseo_metadesc":"NADH 6 mg \u2014 50 kapsuli\u0173. Kofermentas NADH palaiko nat\u016brali\u0105 organizmo energijos gamyb\u0105. Maisto papildas gyvybingumui.","_yoast_wpseo_focuskw":"","_links":{"self":[{"href":"https:\/\/puhdasplus.ee\/lt\/wp-json\/wp\/v2\/product\/33502","targetHints":{"allow":["GET"]}}],"collection":[{"href":"https:\/\/puhdasplus.ee\/lt\/wp-json\/wp\/v2\/product"}],"about":[{"href":"https:\/\/puhdasplus.ee\/lt\/wp-json\/wp\/v2\/types\/product"}],"replies":[{"embeddable":true,"href":"https:\/\/puhdasplus.ee\/lt\/wp-json\/wp\/v2\/comments?post=33502"}],"wp:featuredmedia":[{"embeddable":true,"href":"https:\/\/puhdasplus.ee\/lt\/wp-json\/wp\/v2\/media\/33504"}],"wp:attachment":[{"href":"https:\/\/puhdasplus.ee\/lt\/wp-json\/wp\/v2\/media?parent=33502"}],"wp:term":[{"taxonomy":"product_brand","embeddable":true,"href":"https:\/\/puhdasplus.ee\/lt\/wp-json\/wp\/v2\/product_brand?post=33502"},{"taxonomy":"product_cat","embeddable":true,"href":"https:\/\/puhdasplus.ee\/lt\/wp-json\/wp\/v2\/product_cat?post=33502"},{"taxonomy":"product_tag","embeddable":true,"href":"https:\/\/puhdasplus.ee\/lt\/wp-json\/wp\/v2\/product_tag?post=33502"}],"curies":[{"name":"wp","href":"https:\/\/api.w.org\/{rel}","templated":true}]}}