{"id":33501,"date":"2024-01-27T19:36:42","date_gmt":"2024-01-27T17:36:42","guid":{"rendered":"https:\/\/puhdasplus.ee\/tooted\/be-kategorijos\/l-argininas-hcl-200-g\/"},"modified":"2026-04-07T20:09:26","modified_gmt":"2026-04-07T17:09:26","slug":"l-argininas-hcl-200-g","status":"publish","type":"product","link":"https:\/\/puhdasplus.ee\/lt\/produktai\/sportas\/l-argininas-hcl-200-g\/","title":{"rendered":"L-argininas (HCl) 200 g"},"content":{"rendered":"<h2><b>Kas yra \u201ePuhdas+\u201c L-argininas ir kod\u0117l jis b\u016btinas?<\/b><\/h2>\n<p><b>L-argininas<\/b> yra nat\u016braliai organizme esanti aminor\u016bg\u0161tis, kuri dalyvauja baltym\u0173 sintez\u0117je ir palaiko \u012fvairius vidinius organizmo procesus, \u012fskaitant kraujotak\u0105 ir raumen\u0173 audini\u0173 metabolizm\u0105. L-argininas veikia kaip azoto oksido, junginio, kuris prisideda prie normalios kraujagysli\u0173 funkcijos, pirmtakas. <\/p>\n<p>\u201ePuhdas+ L-Arginine\u201c sud\u0117tyje yra 100 % gryno <b>L-arginino HCl (hidrochlorido) pavidalu<\/b> , kuris labai gerai tirpsta vandenyje ir tinka vartoti kasdien.<\/p>\n<h2>L-argininas yra nepakei\u010diama aminor\u016bg\u0161tis, kuri\u0105 organizmas naudoja baltym\u0173 sintezei ir <b>yra nat\u016brali\u0173 organizmo med\u017eiag\u0173 apykaitos proces\u0173 dalis.<\/b><\/h2>\n<h2><b>Kod\u0117l vartoti L-arginin\u0105?<\/b><\/h2>\n<ul>\n<li>\n<p>Sud\u0117tyje yra grynos ir laisvos formos L-arginino hidrochlorido (HCl)<\/p>\n<\/li>\n<li>\n<p>Tinka aktyviems ir sportuojantiems \u017emon\u0117ms<\/p>\n<\/li>\n<li>\n<p>Lengva mai\u0161yti su vandeniu, sultimis ar kokteiliu<\/p>\n<\/li>\n<li>\n<p>Tinka vegetarams ir veganams<\/p>\n<\/li>\n<li>\n<p>Be dirbtini\u0173 pried\u0173, saldikli\u0173 ar alergen\u0173<\/p>\n<\/li>\n<\/ul>\n<h2><b>Kam tai tinka?<\/b><\/h2>\n<ul>\n<li>\n<p>Sportininkams ir \u017emon\u0117ms, vedantiems aktyv\u0173 gyvenimo b\u016bd\u0105<\/p>\n<\/li>\n<li>\n<p>Tiems, kurie nori palaikyti aminor\u016bg\u0161\u010di\u0173 pusiausvyr\u0105 savo mityboje<\/p>\n<\/li>\n<li>\n<p>Tiems, kurie ie\u0161ko maisto papildo be pried\u0173 ir neutralaus skonio<\/p>\n<\/li>\n<\/ul>\n<h2><strong>Sudedamosios dalys:<\/strong><br \/> 100 % L-arginino hidrochloridas (HCl)<\/h2>\n<p><strong>Naudojimas:<\/strong><br \/> Rekomenduojama doz\u0117 yra 1\u20132 arbatiniai \u0161auk\u0161teliai per dien\u0105, sumai\u0161ius su vandeniu ar kitu g\u0117rimu. Geriausia vartoti prie\u0161 treniruot\u0119 arba pagal poreik\u012f. <\/p>\n<p><strong>Maistin\u0117 vert\u0117:<\/strong> 1\u20132 arbatiniuose \u0161auk\u0161teliuose yra 3,5\u20137 g L-arginino.<\/p>\n<p><strong>Pakuot\u0117s dydis:<\/strong><br \/> 200 g milteli\u0173<\/p>\n<p>\u012esp\u0117jimas: \u0161is papildas nepakei\u010dia \u012fvairios ir subalansuotos mitybos ar sveiko gyvenimo b\u016bdo. Prie\u0161 vartojim\u0105 pasitarkite su gydytoju arba mitybos specialistu, ypa\u010d jei esate n\u0117\u0161\u010dia, \u017eindote k\u016bdik\u012f ar vartojate vaistus. <\/p>\n<p><strong>\u017di\u016br\u0117ti taip pat:<\/strong> <a href=\"https:\/\/puhdasplus.ee\/lt\/sport\/\">Sportas<\/a> | <a href=\"https:\/\/puhdasplus.ee\/toote-kategooria\/aminohapped\/\">Aminor\u016bg\u0161tys<\/a><\/p>\n","protected":false},"excerpt":{"rendered":"<p><b>\u201ePuhdas+ L-argininas 200 g\u201c \u2013 tai gryni ir auk\u0161tos kokyb\u0117s aminor\u016bg\u0161\u010di\u0173 milteliai, kurie palaiko aktyv\u0173 gyvenimo b\u016bd\u0105 ir nat\u016bralius organizmo procesus.<\/b>  L-argininas yra organizmui svarbi aminor\u016bg\u0161tis, dalyvaujanti baltym\u0173 sintez\u0117je ir \u012fvairiose med\u017eiag\u0173 apykaitos funkcijose. Milteliai ypa\u010d tinka sportuojantiems ir fizi\u0161kai aktyviems asmenims, norintiems papildyti savo kasdien\u0119 mityb\u0105 gryna ir veiksminga aminor\u016bg\u0161timi.<\/p>\n<p>D\u0117l neutralaus skonio produkt\u0105 lengva \u012fmai\u0161yti \u012f vanden\u012f, sultis ar kokteilius. Jame n\u0117ra dirbtini\u0173 pried\u0173, glitimo ar laktoz\u0117s \u2013 tinka ir jautri\u0105 vir\u0161kinim\u0105 turintiems vartotojams. <\/p>\n","protected":false},"featured_media":357390,"comment_status":"closed","ping_status":"closed","template":"","meta":{"_acf_changed":false,"googlesitekit_rrm_CAow3eq7DA:productID":""},"product_brand":[],"product_cat":[3016],"product_tag":[8362,8350,3131,7890,3144,3706,7894,2967],"class_list":{"0":"post-33501","1":"product","2":"type-product","3":"status-publish","4":"has-post-thumbnail","6":"product_cat-sportas","7":"product_tag-amino-rgtys-lt","8":"product_tag-be-laktozs-lt","9":"product_tag-maisto-papildas","10":"product_tag-milteliai","11":"product_tag-raumenys-ir-sanariai","12":"product_tag-sirdies-sveikata","13":"product_tag-sportine-mityba","14":"product_tag-veganas","16":"first","17":"instock","18":"taxable","19":"shipping-taxable","20":"purchasable","21":"product-type-simple"},"acf":[],"yoast_head":"<!-- This site is optimized with the Yoast SEO plugin v27.3 - https:\/\/yoast.com\/product\/yoast-seo-wordpress\/ -->\n<title>L-argininas (HCl) 200 g | Puhdas+<\/title>\n<meta name=\"description\" content=\"L-argininas (HCl) 200 g yra auk\u0161tos kokyb\u0117s aminor\u016bg\u0161tis, kuri palaiko kraujotak\u0105, raumen\u0173 atsistatym\u0105 ir sportinius rezultatus.\" \/>\n<meta name=\"robots\" content=\"index, follow, max-snippet:-1, max-image-preview:large, max-video-preview:-1\" \/>\n<link rel=\"canonical\" href=\"https:\/\/puhdasplus.ee\/lt\/produktai\/sportas\/l-argininas-hcl-200-g\/\" \/>\n<meta property=\"og:locale\" content=\"lt_LT\" \/>\n<meta property=\"og:type\" content=\"article\" \/>\n<meta property=\"og:title\" content=\"L-argininas (HCl) 200 g | Puhdas+\" \/>\n<meta property=\"og:description\" content=\"L-argininas (HCl) 200 g yra auk\u0161tos kokyb\u0117s aminor\u016bg\u0161tis, kuri palaiko kraujotak\u0105, raumen\u0173 atsistatym\u0105 ir sportinius rezultatus.\" \/>\n<meta property=\"og:url\" content=\"https:\/\/puhdasplus.ee\/lt\/produktai\/sportas\/l-argininas-hcl-200-g\/\" \/>\n<meta property=\"og:site_name\" content=\"Puhdas+\" \/>\n<meta property=\"article:publisher\" content=\"https:\/\/www.facebook.com\/puhdasplus\" \/>\n<meta property=\"article:modified_time\" content=\"2026-04-07T17:09:26+00:00\" \/>\n<meta property=\"og:image\" content=\"https:\/\/puhdasplus.ee\/wp-content\/uploads\/2024\/01\/100-vegan-L-arginiin-HCl-200-g-PuhdasPlus-scaled.jpg\" \/>\n\t<meta property=\"og:image:width\" content=\"1862\" \/>\n\t<meta property=\"og:image:height\" content=\"2560\" \/>\n\t<meta property=\"og:image:type\" content=\"image\/jpeg\" \/>\n<meta name=\"twitter:card\" content=\"summary_large_image\" \/>\n<meta name=\"twitter:label1\" content=\"Est. reading time\" \/>\n\t<meta name=\"twitter:data1\" content=\"1 minut\u0117\" \/>\n<script type=\"application\/ld+json\" class=\"yoast-schema-graph\">{\"@context\":\"https:\\\/\\\/schema.org\",\"@graph\":[{\"@type\":\"WebPage\",\"@id\":\"https:\\\/\\\/puhdasplus.ee\\\/lt\\\/produktai\\\/sportas\\\/l-argininas-hcl-200-g\\\/\",\"url\":\"https:\\\/\\\/puhdasplus.ee\\\/lt\\\/produktai\\\/sportas\\\/l-argininas-hcl-200-g\\\/\",\"name\":\"L-argininas (HCl) 200 g | Puhdas+\",\"isPartOf\":{\"@id\":\"https:\\\/\\\/puhdasplus.ee\\\/lt\\\/#website\"},\"primaryImageOfPage\":{\"@id\":\"https:\\\/\\\/puhdasplus.ee\\\/lt\\\/produktai\\\/sportas\\\/l-argininas-hcl-200-g\\\/#primaryimage\"},\"image\":{\"@id\":\"https:\\\/\\\/puhdasplus.ee\\\/lt\\\/produktai\\\/sportas\\\/l-argininas-hcl-200-g\\\/#primaryimage\"},\"thumbnailUrl\":\"https:\\\/\\\/puhdasplus.ee\\\/wp-content\\\/uploads\\\/2024\\\/01\\\/100-vegan-L-arginiin-HCl-200-g-PuhdasPlus-scaled.jpg\",\"datePublished\":\"2024-01-27T17:36:42+00:00\",\"dateModified\":\"2026-04-07T17:09:26+00:00\",\"description\":\"L-argininas (HCl) 200 g yra auk\u0161tos kokyb\u0117s aminor\u016bg\u0161tis, kuri palaiko kraujotak\u0105, raumen\u0173 atsistatym\u0105 ir sportinius rezultatus.\",\"breadcrumb\":{\"@id\":\"https:\\\/\\\/puhdasplus.ee\\\/lt\\\/produktai\\\/sportas\\\/l-argininas-hcl-200-g\\\/#breadcrumb\"},\"inLanguage\":\"lt-LT\",\"potentialAction\":[{\"@type\":\"ReadAction\",\"target\":[\"https:\\\/\\\/puhdasplus.ee\\\/lt\\\/produktai\\\/sportas\\\/l-argininas-hcl-200-g\\\/\"]}]},{\"@type\":\"ImageObject\",\"inLanguage\":\"lt-LT\",\"@id\":\"https:\\\/\\\/puhdasplus.ee\\\/lt\\\/produktai\\\/sportas\\\/l-argininas-hcl-200-g\\\/#primaryimage\",\"url\":\"https:\\\/\\\/puhdasplus.ee\\\/wp-content\\\/uploads\\\/2024\\\/01\\\/100-vegan-L-arginiin-HCl-200-g-PuhdasPlus-scaled.jpg\",\"contentUrl\":\"https:\\\/\\\/puhdasplus.ee\\\/wp-content\\\/uploads\\\/2024\\\/01\\\/100-vegan-L-arginiin-HCl-200-g-PuhdasPlus-scaled.jpg\",\"width\":1862,\"height\":2560,\"caption\":\"100% vegan L-arginiin (HCl) 200 g PuhdasPlus\"},{\"@type\":\"BreadcrumbList\",\"@id\":\"https:\\\/\\\/puhdasplus.ee\\\/lt\\\/produktai\\\/sportas\\\/l-argininas-hcl-200-g\\\/#breadcrumb\",\"itemListElement\":[{\"@type\":\"ListItem\",\"position\":1,\"name\":\"Prad\u017eia\",\"item\":\"https:\\\/\\\/puhdasplus.ee\\\/lt\\\/\"},{\"@type\":\"ListItem\",\"position\":2,\"name\":\"Produktai\",\"item\":\"https:\\\/\\\/puhdasplus.ee\\\/lt\\\/parduotuve\\\/\"},{\"@type\":\"ListItem\",\"position\":3,\"name\":\"L-argininas (HCl) 200 g\"}]},{\"@type\":\"WebSite\",\"@id\":\"https:\\\/\\\/puhdasplus.ee\\\/lt\\\/#website\",\"url\":\"https:\\\/\\\/puhdasplus.ee\\\/lt\\\/\",\"name\":\"Puhdas+\",\"description\":\"Vitaminai, maisto papildai, nat\u016brali kosmetika, sveikata, sportas\",\"publisher\":{\"@id\":\"https:\\\/\\\/puhdasplus.ee\\\/lt\\\/#organization\"},\"potentialAction\":[{\"@type\":\"SearchAction\",\"target\":{\"@type\":\"EntryPoint\",\"urlTemplate\":\"https:\\\/\\\/puhdasplus.ee\\\/lt\\\/?s={search_term_string}\"},\"query-input\":{\"@type\":\"PropertyValueSpecification\",\"valueRequired\":true,\"valueName\":\"search_term_string\"}}],\"inLanguage\":\"lt-LT\"},{\"@type\":\"Organization\",\"@id\":\"https:\\\/\\\/puhdasplus.ee\\\/lt\\\/#organization\",\"name\":\"Puhdas+\",\"alternateName\":\"Puhdasplus\",\"url\":\"https:\\\/\\\/puhdasplus.ee\\\/lt\\\/\",\"logo\":{\"@type\":\"ImageObject\",\"inLanguage\":\"lt-LT\",\"@id\":\"https:\\\/\\\/puhdasplus.ee\\\/lt\\\/#\\\/schema\\\/logo\\\/image\\\/\",\"url\":\"https:\\\/\\\/puhdasplus.ee\\\/wp-content\\\/uploads\\\/2019\\\/10\\\/puhdas_logo-arvele.png\",\"contentUrl\":\"https:\\\/\\\/puhdasplus.ee\\\/wp-content\\\/uploads\\\/2019\\\/10\\\/puhdas_logo-arvele.png\",\"width\":114,\"height\":94,\"caption\":\"Puhdas+\"},\"image\":{\"@id\":\"https:\\\/\\\/puhdasplus.ee\\\/lt\\\/#\\\/schema\\\/logo\\\/image\\\/\"},\"sameAs\":[\"https:\\\/\\\/www.facebook.com\\\/puhdasplus\",\"https:\\\/\\\/www.instagram.com\\\/puhdasplus_ee\\\/\"]}]}<\/script>\n<!-- \/ Yoast SEO plugin. -->","yoast_head_json":{"title":"L-argininas (HCl) 200 g | Puhdas+","description":"L-argininas (HCl) 200 g yra auk\u0161tos kokyb\u0117s aminor\u016bg\u0161tis, kuri palaiko kraujotak\u0105, raumen\u0173 atsistatym\u0105 ir sportinius rezultatus.","robots":{"index":"index","follow":"follow","max-snippet":"max-snippet:-1","max-image-preview":"max-image-preview:large","max-video-preview":"max-video-preview:-1"},"canonical":"https:\/\/puhdasplus.ee\/lt\/produktai\/sportas\/l-argininas-hcl-200-g\/","og_locale":"lt_LT","og_type":"article","og_title":"L-argininas (HCl) 200 g | Puhdas+","og_description":"L-argininas (HCl) 200 g yra auk\u0161tos kokyb\u0117s aminor\u016bg\u0161tis, kuri palaiko kraujotak\u0105, raumen\u0173 atsistatym\u0105 ir sportinius rezultatus.","og_url":"https:\/\/puhdasplus.ee\/lt\/produktai\/sportas\/l-argininas-hcl-200-g\/","og_site_name":"Puhdas+","article_publisher":"https:\/\/www.facebook.com\/puhdasplus","article_modified_time":"2026-04-07T17:09:26+00:00","og_image":[{"width":1862,"height":2560,"url":"https:\/\/puhdasplus.ee\/wp-content\/uploads\/2024\/01\/100-vegan-L-arginiin-HCl-200-g-PuhdasPlus-scaled.jpg","type":"image\/jpeg"}],"twitter_card":"summary_large_image","twitter_misc":{"Est. reading time":"1 minut\u0117"},"schema":{"@context":"https:\/\/schema.org","@graph":[{"@type":"WebPage","@id":"https:\/\/puhdasplus.ee\/lt\/produktai\/sportas\/l-argininas-hcl-200-g\/","url":"https:\/\/puhdasplus.ee\/lt\/produktai\/sportas\/l-argininas-hcl-200-g\/","name":"L-argininas (HCl) 200 g | Puhdas+","isPartOf":{"@id":"https:\/\/puhdasplus.ee\/lt\/#website"},"primaryImageOfPage":{"@id":"https:\/\/puhdasplus.ee\/lt\/produktai\/sportas\/l-argininas-hcl-200-g\/#primaryimage"},"image":{"@id":"https:\/\/puhdasplus.ee\/lt\/produktai\/sportas\/l-argininas-hcl-200-g\/#primaryimage"},"thumbnailUrl":"https:\/\/puhdasplus.ee\/wp-content\/uploads\/2024\/01\/100-vegan-L-arginiin-HCl-200-g-PuhdasPlus-scaled.jpg","datePublished":"2024-01-27T17:36:42+00:00","dateModified":"2026-04-07T17:09:26+00:00","description":"L-argininas (HCl) 200 g yra auk\u0161tos kokyb\u0117s aminor\u016bg\u0161tis, kuri palaiko kraujotak\u0105, raumen\u0173 atsistatym\u0105 ir sportinius rezultatus.","breadcrumb":{"@id":"https:\/\/puhdasplus.ee\/lt\/produktai\/sportas\/l-argininas-hcl-200-g\/#breadcrumb"},"inLanguage":"lt-LT","potentialAction":[{"@type":"ReadAction","target":["https:\/\/puhdasplus.ee\/lt\/produktai\/sportas\/l-argininas-hcl-200-g\/"]}]},{"@type":"ImageObject","inLanguage":"lt-LT","@id":"https:\/\/puhdasplus.ee\/lt\/produktai\/sportas\/l-argininas-hcl-200-g\/#primaryimage","url":"https:\/\/puhdasplus.ee\/wp-content\/uploads\/2024\/01\/100-vegan-L-arginiin-HCl-200-g-PuhdasPlus-scaled.jpg","contentUrl":"https:\/\/puhdasplus.ee\/wp-content\/uploads\/2024\/01\/100-vegan-L-arginiin-HCl-200-g-PuhdasPlus-scaled.jpg","width":1862,"height":2560,"caption":"100% vegan L-arginiin (HCl) 200 g PuhdasPlus"},{"@type":"BreadcrumbList","@id":"https:\/\/puhdasplus.ee\/lt\/produktai\/sportas\/l-argininas-hcl-200-g\/#breadcrumb","itemListElement":[{"@type":"ListItem","position":1,"name":"Prad\u017eia","item":"https:\/\/puhdasplus.ee\/lt\/"},{"@type":"ListItem","position":2,"name":"Produktai","item":"https:\/\/puhdasplus.ee\/lt\/parduotuve\/"},{"@type":"ListItem","position":3,"name":"L-argininas (HCl) 200 g"}]},{"@type":"WebSite","@id":"https:\/\/puhdasplus.ee\/lt\/#website","url":"https:\/\/puhdasplus.ee\/lt\/","name":"Puhdas+","description":"Vitaminai, maisto papildai, nat\u016brali kosmetika, sveikata, sportas","publisher":{"@id":"https:\/\/puhdasplus.ee\/lt\/#organization"},"potentialAction":[{"@type":"SearchAction","target":{"@type":"EntryPoint","urlTemplate":"https:\/\/puhdasplus.ee\/lt\/?s={search_term_string}"},"query-input":{"@type":"PropertyValueSpecification","valueRequired":true,"valueName":"search_term_string"}}],"inLanguage":"lt-LT"},{"@type":"Organization","@id":"https:\/\/puhdasplus.ee\/lt\/#organization","name":"Puhdas+","alternateName":"Puhdasplus","url":"https:\/\/puhdasplus.ee\/lt\/","logo":{"@type":"ImageObject","inLanguage":"lt-LT","@id":"https:\/\/puhdasplus.ee\/lt\/#\/schema\/logo\/image\/","url":"https:\/\/puhdasplus.ee\/wp-content\/uploads\/2019\/10\/puhdas_logo-arvele.png","contentUrl":"https:\/\/puhdasplus.ee\/wp-content\/uploads\/2019\/10\/puhdas_logo-arvele.png","width":114,"height":94,"caption":"Puhdas+"},"image":{"@id":"https:\/\/puhdasplus.ee\/lt\/#\/schema\/logo\/image\/"},"sameAs":["https:\/\/www.facebook.com\/puhdasplus","https:\/\/www.instagram.com\/puhdasplus_ee\/"]}]}},"_yoast_wpseo_title":"L-argininas (HCl) 200 g | Puhdas+","_yoast_wpseo_metadesc":"L-argininas (HCl) 200 g yra auk\u0161tos kokyb\u0117s aminor\u016bg\u0161tis, kuri palaiko kraujotak\u0105, raumen\u0173 atsistatym\u0105 ir sportinius rezultatus.","_yoast_wpseo_focuskw":"","_links":{"self":[{"href":"https:\/\/puhdasplus.ee\/lt\/wp-json\/wp\/v2\/product\/33501","targetHints":{"allow":["GET"]}}],"collection":[{"href":"https:\/\/puhdasplus.ee\/lt\/wp-json\/wp\/v2\/product"}],"about":[{"href":"https:\/\/puhdasplus.ee\/lt\/wp-json\/wp\/v2\/types\/product"}],"replies":[{"embeddable":true,"href":"https:\/\/puhdasplus.ee\/lt\/wp-json\/wp\/v2\/comments?post=33501"}],"wp:featuredmedia":[{"embeddable":true,"href":"https:\/\/puhdasplus.ee\/lt\/wp-json\/wp\/v2\/media\/357390"}],"wp:attachment":[{"href":"https:\/\/puhdasplus.ee\/lt\/wp-json\/wp\/v2\/media?parent=33501"}],"wp:term":[{"taxonomy":"product_brand","embeddable":true,"href":"https:\/\/puhdasplus.ee\/lt\/wp-json\/wp\/v2\/product_brand?post=33501"},{"taxonomy":"product_cat","embeddable":true,"href":"https:\/\/puhdasplus.ee\/lt\/wp-json\/wp\/v2\/product_cat?post=33501"},{"taxonomy":"product_tag","embeddable":true,"href":"https:\/\/puhdasplus.ee\/lt\/wp-json\/wp\/v2\/product_tag?post=33501"}],"curies":[{"name":"wp","href":"https:\/\/api.w.org\/{rel}","templated":true}]}}