{"id":33430,"date":"2025-01-16T18:15:35","date_gmt":"2025-01-16T16:15:35","guid":{"rendered":"https:\/\/puhdasplus.ee\/tooted\/be-kategorijos\/rozmarinu-eterinis-aliejus\/"},"modified":"2026-03-25T18:14:33","modified_gmt":"2026-03-25T16:14:33","slug":"rozmarinu-eterinis-aliejus","status":"publish","type":"product","link":"https:\/\/puhdasplus.ee\/lt\/produktai\/eteriniai-aliejai\/rozmarinu-eterinis-aliejus\/","title":{"rendered":"Rozmarin\u0173 eterinis aliejus"},"content":{"rendered":"<h2>Nat\u016brali parama protui ir k\u016bnui<\/h2>\n<p>Rozmarin\u0173 eterinis aliejus yra 100 % grynas nat\u016bralus aliejus, gaunamas i\u0161 rozmarin\u0173 augalo (Rosmarinus officinalis) lap\u0173. Jo gaivus, \u017eoleli\u0173 aromatas padeda pagerinti koncentracij\u0105, suma\u017einti stres\u0105 ir palaikyti plauk\u0173 bei odos sveikat\u0105. <\/p>\n<p>Rozmarin\u0173 eterinis aliejus i\u0161gaunamas i\u0161 kruop\u0161\u010diai atrinkt\u0173 rozmarin\u0173 lap\u0173, u\u017etikrinant auk\u0161t\u0105 kokyb\u0119 ir veiksmingum\u0105. Gaivus ir \u017eoleli\u0173 aromatas \u0161iame aliejuje padeda pagerinti susikaupim\u0105, suma\u017einti stres\u0105 ir sukurti maloni\u0105 atmosfer\u0105 namuose. Rozmarin\u0173 eterinis aliejus yra \u017einomas d\u0117l savo stimuliuojan\u010di\u0173 savybi\u0173, kurios padeda stimuliuoti kraujotak\u0105 ir palaiko imunin\u0119 sistem\u0105. Jis taip pat populiarus plauk\u0173 prie\u017ei\u016broje, skatina plauk\u0173 augim\u0105 ir gerina galvos odos sveikat\u0105. Aliej\u0173 galima naudoti aromatin\u0117se lempose, difuzoriuose, pirtyse arba praskiest\u0105 kaip masa\u017eo aliej\u0173.    <\/p>\n<p><strong>Pagrindiniai privalumai:<\/strong><\/p>\n<ul>\n<li><strong>Gerina koncentracij\u0105:<\/strong> stimuliuoja poj\u016b\u010dius ir padeda padidinti protin\u012f ai\u0161kum\u0105.<\/li>\n<li><strong>Streso ma\u017einimas:<\/strong> padeda suma\u017einti stres\u0105 ir nerim\u0105, skatindamas atsipalaidavim\u0105.<\/li>\n<li><strong>Plauk\u0173 ir galvos odos prie\u017ei\u016bra:<\/strong> Skatina plauk\u0173 augim\u0105, stiprina plaukus ir gerina galvos odos sveikat\u0105.<\/li>\n<li><strong>Kraujotakos stimuliavimas:<\/strong> Skatina kraujotak\u0105 ir padeda suma\u017einti raumen\u0173 \u012ftamp\u0105.<\/li>\n<li><strong>Universalus naudojimas:<\/strong> tinka aromaterapijai, masa\u017eui, pir\u010diai, plauk\u0173 ir odos prie\u017ei\u016brai.<\/li>\n<li><strong>100 % grynas ir nat\u016bralus:<\/strong> Be sintetini\u0173 pried\u0173 ar konservant\u0173.<\/li>\n<\/ul>\n<p><strong>Sud\u0117tis:<\/strong> vaistinio rozmarino lap\u0173 aliejus.<\/p>\n<h2>Naudojimo instrukcijos<\/h2>\n<ul>\n<li><strong>Aromaterapija:<\/strong> \u012ela\u0161inkite 3\u20137 la\u0161us eterinio aliejaus \u012f aromatin\u0119 lemp\u0105 arba difuzori\u0173, kad atgaivintum\u0117te kambario or\u0105 ir stimuliuotum\u0117te poj\u016b\u010dius.<\/li>\n<li><strong>Masa\u017eas:<\/strong> 1\u20132 la\u0161us eterinio aliejaus praskieskite 10 ml bazinio aliejaus (pvz., migdol\u0173 arba simondsij\u0173 aliejaus) ir \u012fmasa\u017euokite \u012f od\u0105, kad suma\u017eintum\u0117te raumen\u0173 \u012ftamp\u0105 ir pagerintum\u0117te kraujotak\u0105.<\/li>\n<li><strong>Pirtis:<\/strong> \u012ela\u0161inkite 1\u20133 la\u0161us eterinio aliejaus \u012f garin\u012f vanden\u012f, kad sukurtum\u0117te gaivinant\u012f ir gaivinant\u012f pirties potyr\u012f.<\/li>\n<li><strong>Plauk\u0173 prie\u017ei\u016bra:<\/strong> \u012ela\u0161inkite kelis la\u0161us eterinio aliejaus \u012f \u0161amp\u016bn\u0105 ar kondicionieri\u0173, kad paskatintum\u0117te plauk\u0173 augim\u0105 ir pagerintum\u0117te galvos odos sveikat\u0105.<\/li>\n<li><strong>Vonia:<\/strong> sumai\u0161ykite 3\u20135 la\u0161us eterinio aliejaus su medumi arba skystu muilu ir \u012fla\u0161inkite \u012f vonios vanden\u012f, kad vonia b\u016bt\u0173 atpalaiduojanti ir gaivinanti.<\/li>\n<\/ul>\n<p><strong>Saugos instrukcijos:<\/strong> Tik i\u0161oriniam naudojimui. Netepkite neskiesto aliejaus tiesiai ant odos. Venkite patekimo \u012f akis ir ant gleivini\u0173.   Laikyti vaikams nepasiekiamoje vietoje. N\u0117\u0161\u010dios moterys, maitinan\u010dios motinos, vaikai, pagyven\u0119 \u017emon\u0117s ir \u017emon\u0117s, sergantys l\u0117tin\u0117mis ligomis, prie\u0161 vartojim\u0105 tur\u0117t\u0173 pasitarti su sveikatos prie\u017ei\u016bros specialistu.<\/p>\n<p><strong>\u017dr. taip pat:<\/strong> <a href=\"https:\/\/puhdasplus.ee\/toote-kategooria\/eeterlikud-olid\/\">Eeterlikud \u00f5lid<\/a> | <a href=\"https:\/\/puhdasplus.ee\/toote-kategooria\/difuuserid\/\">Difuuserid<\/a><\/p>\n","protected":false},"excerpt":{"rendered":"<p>100 % gryno rozmarin\u0173 eterinio aliejaus, pasi\u017eymin\u010dio gaivinan\u010diu aromatu ir universaliu panaudojimu aromaterapijoje, masa\u017ee, plauk\u0173 ir odos prie\u017ei\u016broje.<\/p>\n","protected":false},"featured_media":33432,"comment_status":"closed","ping_status":"closed","template":"","meta":{"_acf_changed":false,"googlesitekit_rrm_CAow3eq7DA:productID":""},"product_brand":[],"product_cat":[2752],"product_tag":[3025,7878,2562],"class_list":{"0":"post-33430","1":"product","2":"type-product","3":"status-publish","4":"has-post-thumbnail","6":"product_cat-eteriniai-aliejai","7":"product_tag-energija","8":"product_tag-eterinis-aliejus","9":"product_tag-plauku-prieziura","11":"first","12":"onbackorder","13":"taxable","14":"shipping-taxable","15":"purchasable","16":"product-type-variable","17":"has-default-attributes"},"acf":[],"yoast_head":"<!-- This site is optimized with the Yoast SEO plugin v27.3 - https:\/\/yoast.com\/product\/yoast-seo-wordpress\/ -->\n<title>Rozmarin\u0173 eterinis aliejus | Puhdas+<\/title>\n<meta name=\"description\" content=\"Rozmarin\u0173 eterinis aliejus (10 ml) yra 100 % grynas nat\u016bralus aliejus, kur\u012f galima pla\u010diai naudoti aromaterapijoje, plauk\u0173 ir odos prie\u017ei\u016broje.\" \/>\n<meta name=\"robots\" content=\"index, follow, max-snippet:-1, max-image-preview:large, max-video-preview:-1\" \/>\n<link rel=\"canonical\" href=\"https:\/\/puhdasplus.ee\/lt\/produktai\/eteriniai-aliejai\/rozmarinu-eterinis-aliejus\/\" \/>\n<meta property=\"og:locale\" content=\"lt_LT\" \/>\n<meta property=\"og:type\" content=\"article\" \/>\n<meta property=\"og:title\" content=\"Rozmarin\u0173 eterinis aliejus | Puhdas+\" \/>\n<meta property=\"og:description\" content=\"Rozmarin\u0173 eterinis aliejus (10 ml) yra 100 % grynas nat\u016bralus aliejus, kur\u012f galima pla\u010diai naudoti aromaterapijoje, plauk\u0173 ir odos prie\u017ei\u016broje.\" \/>\n<meta property=\"og:url\" content=\"https:\/\/puhdasplus.ee\/lt\/produktai\/eteriniai-aliejai\/rozmarinu-eterinis-aliejus\/\" \/>\n<meta property=\"og:site_name\" content=\"Puhdas+\" \/>\n<meta property=\"article:publisher\" content=\"https:\/\/www.facebook.com\/puhdasplus\" \/>\n<meta property=\"article:modified_time\" content=\"2026-03-25T16:14:33+00:00\" \/>\n<meta property=\"og:image\" content=\"https:\/\/puhdasplus.ee\/wp-content\/uploads\/2025\/03\/86.jpg\" \/>\n\t<meta property=\"og:image:width\" content=\"1862\" \/>\n\t<meta property=\"og:image:height\" content=\"2560\" \/>\n\t<meta property=\"og:image:type\" content=\"image\/jpeg\" \/>\n<meta name=\"twitter:card\" content=\"summary_large_image\" \/>\n<meta name=\"twitter:label1\" content=\"Est. reading time\" \/>\n\t<meta name=\"twitter:data1\" content=\"2 minut\u0117\" \/>\n<script type=\"application\/ld+json\" class=\"yoast-schema-graph\">{\"@context\":\"https:\\\/\\\/schema.org\",\"@graph\":[{\"@type\":\"WebPage\",\"@id\":\"https:\\\/\\\/puhdasplus.ee\\\/lt\\\/produktai\\\/eteriniai-aliejai\\\/rozmarinu-eterinis-aliejus\\\/\",\"url\":\"https:\\\/\\\/puhdasplus.ee\\\/lt\\\/produktai\\\/eteriniai-aliejai\\\/rozmarinu-eterinis-aliejus\\\/\",\"name\":\"Rozmarin\u0173 eterinis aliejus | Puhdas+\",\"isPartOf\":{\"@id\":\"https:\\\/\\\/puhdasplus.ee\\\/lt\\\/#website\"},\"primaryImageOfPage\":{\"@id\":\"https:\\\/\\\/puhdasplus.ee\\\/lt\\\/produktai\\\/eteriniai-aliejai\\\/rozmarinu-eterinis-aliejus\\\/#primaryimage\"},\"image\":{\"@id\":\"https:\\\/\\\/puhdasplus.ee\\\/lt\\\/produktai\\\/eteriniai-aliejai\\\/rozmarinu-eterinis-aliejus\\\/#primaryimage\"},\"thumbnailUrl\":\"https:\\\/\\\/puhdasplus.ee\\\/wp-content\\\/uploads\\\/2025\\\/03\\\/86.jpg\",\"datePublished\":\"2025-01-16T16:15:35+00:00\",\"dateModified\":\"2026-03-25T16:14:33+00:00\",\"description\":\"Rozmarin\u0173 eterinis aliejus (10 ml) yra 100 % grynas nat\u016bralus aliejus, kur\u012f galima pla\u010diai naudoti aromaterapijoje, plauk\u0173 ir odos prie\u017ei\u016broje.\",\"breadcrumb\":{\"@id\":\"https:\\\/\\\/puhdasplus.ee\\\/lt\\\/produktai\\\/eteriniai-aliejai\\\/rozmarinu-eterinis-aliejus\\\/#breadcrumb\"},\"inLanguage\":\"lt-LT\",\"potentialAction\":[{\"@type\":\"ReadAction\",\"target\":[\"https:\\\/\\\/puhdasplus.ee\\\/lt\\\/produktai\\\/eteriniai-aliejai\\\/rozmarinu-eterinis-aliejus\\\/\"]}]},{\"@type\":\"ImageObject\",\"inLanguage\":\"lt-LT\",\"@id\":\"https:\\\/\\\/puhdasplus.ee\\\/lt\\\/produktai\\\/eteriniai-aliejai\\\/rozmarinu-eterinis-aliejus\\\/#primaryimage\",\"url\":\"https:\\\/\\\/puhdasplus.ee\\\/wp-content\\\/uploads\\\/2025\\\/03\\\/86.jpg\",\"contentUrl\":\"https:\\\/\\\/puhdasplus.ee\\\/wp-content\\\/uploads\\\/2025\\\/03\\\/86.jpg\",\"width\":1862,\"height\":2560,\"caption\":\"Rozmarin\u0173 eterinis aliejus\"},{\"@type\":\"BreadcrumbList\",\"@id\":\"https:\\\/\\\/puhdasplus.ee\\\/lt\\\/produktai\\\/eteriniai-aliejai\\\/rozmarinu-eterinis-aliejus\\\/#breadcrumb\",\"itemListElement\":[{\"@type\":\"ListItem\",\"position\":1,\"name\":\"Prad\u017eia\",\"item\":\"https:\\\/\\\/puhdasplus.ee\\\/lt\\\/\"},{\"@type\":\"ListItem\",\"position\":2,\"name\":\"Produktai\",\"item\":\"https:\\\/\\\/puhdasplus.ee\\\/lt\\\/parduotuve\\\/\"},{\"@type\":\"ListItem\",\"position\":3,\"name\":\"Rozmarin\u0173 eterinis aliejus\"}]},{\"@type\":\"WebSite\",\"@id\":\"https:\\\/\\\/puhdasplus.ee\\\/lt\\\/#website\",\"url\":\"https:\\\/\\\/puhdasplus.ee\\\/lt\\\/\",\"name\":\"Puhdas+\",\"description\":\"Vitaminai, maisto papildai, nat\u016brali kosmetika, sveikata, sportas\",\"publisher\":{\"@id\":\"https:\\\/\\\/puhdasplus.ee\\\/lt\\\/#organization\"},\"potentialAction\":[{\"@type\":\"SearchAction\",\"target\":{\"@type\":\"EntryPoint\",\"urlTemplate\":\"https:\\\/\\\/puhdasplus.ee\\\/lt\\\/?s={search_term_string}\"},\"query-input\":{\"@type\":\"PropertyValueSpecification\",\"valueRequired\":true,\"valueName\":\"search_term_string\"}}],\"inLanguage\":\"lt-LT\"},{\"@type\":\"Organization\",\"@id\":\"https:\\\/\\\/puhdasplus.ee\\\/lt\\\/#organization\",\"name\":\"Puhdas+\",\"alternateName\":\"Puhdasplus\",\"url\":\"https:\\\/\\\/puhdasplus.ee\\\/lt\\\/\",\"logo\":{\"@type\":\"ImageObject\",\"inLanguage\":\"lt-LT\",\"@id\":\"https:\\\/\\\/puhdasplus.ee\\\/lt\\\/#\\\/schema\\\/logo\\\/image\\\/\",\"url\":\"https:\\\/\\\/puhdasplus.ee\\\/wp-content\\\/uploads\\\/2019\\\/10\\\/puhdas_logo-arvele.png\",\"contentUrl\":\"https:\\\/\\\/puhdasplus.ee\\\/wp-content\\\/uploads\\\/2019\\\/10\\\/puhdas_logo-arvele.png\",\"width\":114,\"height\":94,\"caption\":\"Puhdas+\"},\"image\":{\"@id\":\"https:\\\/\\\/puhdasplus.ee\\\/lt\\\/#\\\/schema\\\/logo\\\/image\\\/\"},\"sameAs\":[\"https:\\\/\\\/www.facebook.com\\\/puhdasplus\",\"https:\\\/\\\/www.instagram.com\\\/puhdasplus_ee\\\/\"]}]}<\/script>\n<!-- \/ Yoast SEO plugin. -->","yoast_head_json":{"title":"Rozmarin\u0173 eterinis aliejus | Puhdas+","description":"Rozmarin\u0173 eterinis aliejus (10 ml) yra 100 % grynas nat\u016bralus aliejus, kur\u012f galima pla\u010diai naudoti aromaterapijoje, plauk\u0173 ir odos prie\u017ei\u016broje.","robots":{"index":"index","follow":"follow","max-snippet":"max-snippet:-1","max-image-preview":"max-image-preview:large","max-video-preview":"max-video-preview:-1"},"canonical":"https:\/\/puhdasplus.ee\/lt\/produktai\/eteriniai-aliejai\/rozmarinu-eterinis-aliejus\/","og_locale":"lt_LT","og_type":"article","og_title":"Rozmarin\u0173 eterinis aliejus | Puhdas+","og_description":"Rozmarin\u0173 eterinis aliejus (10 ml) yra 100 % grynas nat\u016bralus aliejus, kur\u012f galima pla\u010diai naudoti aromaterapijoje, plauk\u0173 ir odos prie\u017ei\u016broje.","og_url":"https:\/\/puhdasplus.ee\/lt\/produktai\/eteriniai-aliejai\/rozmarinu-eterinis-aliejus\/","og_site_name":"Puhdas+","article_publisher":"https:\/\/www.facebook.com\/puhdasplus","article_modified_time":"2026-03-25T16:14:33+00:00","og_image":[{"width":1862,"height":2560,"url":"https:\/\/puhdasplus.ee\/wp-content\/uploads\/2025\/03\/86.jpg","type":"image\/jpeg"}],"twitter_card":"summary_large_image","twitter_misc":{"Est. reading time":"2 minut\u0117"},"schema":{"@context":"https:\/\/schema.org","@graph":[{"@type":"WebPage","@id":"https:\/\/puhdasplus.ee\/lt\/produktai\/eteriniai-aliejai\/rozmarinu-eterinis-aliejus\/","url":"https:\/\/puhdasplus.ee\/lt\/produktai\/eteriniai-aliejai\/rozmarinu-eterinis-aliejus\/","name":"Rozmarin\u0173 eterinis aliejus | Puhdas+","isPartOf":{"@id":"https:\/\/puhdasplus.ee\/lt\/#website"},"primaryImageOfPage":{"@id":"https:\/\/puhdasplus.ee\/lt\/produktai\/eteriniai-aliejai\/rozmarinu-eterinis-aliejus\/#primaryimage"},"image":{"@id":"https:\/\/puhdasplus.ee\/lt\/produktai\/eteriniai-aliejai\/rozmarinu-eterinis-aliejus\/#primaryimage"},"thumbnailUrl":"https:\/\/puhdasplus.ee\/wp-content\/uploads\/2025\/03\/86.jpg","datePublished":"2025-01-16T16:15:35+00:00","dateModified":"2026-03-25T16:14:33+00:00","description":"Rozmarin\u0173 eterinis aliejus (10 ml) yra 100 % grynas nat\u016bralus aliejus, kur\u012f galima pla\u010diai naudoti aromaterapijoje, plauk\u0173 ir odos prie\u017ei\u016broje.","breadcrumb":{"@id":"https:\/\/puhdasplus.ee\/lt\/produktai\/eteriniai-aliejai\/rozmarinu-eterinis-aliejus\/#breadcrumb"},"inLanguage":"lt-LT","potentialAction":[{"@type":"ReadAction","target":["https:\/\/puhdasplus.ee\/lt\/produktai\/eteriniai-aliejai\/rozmarinu-eterinis-aliejus\/"]}]},{"@type":"ImageObject","inLanguage":"lt-LT","@id":"https:\/\/puhdasplus.ee\/lt\/produktai\/eteriniai-aliejai\/rozmarinu-eterinis-aliejus\/#primaryimage","url":"https:\/\/puhdasplus.ee\/wp-content\/uploads\/2025\/03\/86.jpg","contentUrl":"https:\/\/puhdasplus.ee\/wp-content\/uploads\/2025\/03\/86.jpg","width":1862,"height":2560,"caption":"Rozmarin\u0173 eterinis aliejus"},{"@type":"BreadcrumbList","@id":"https:\/\/puhdasplus.ee\/lt\/produktai\/eteriniai-aliejai\/rozmarinu-eterinis-aliejus\/#breadcrumb","itemListElement":[{"@type":"ListItem","position":1,"name":"Prad\u017eia","item":"https:\/\/puhdasplus.ee\/lt\/"},{"@type":"ListItem","position":2,"name":"Produktai","item":"https:\/\/puhdasplus.ee\/lt\/parduotuve\/"},{"@type":"ListItem","position":3,"name":"Rozmarin\u0173 eterinis aliejus"}]},{"@type":"WebSite","@id":"https:\/\/puhdasplus.ee\/lt\/#website","url":"https:\/\/puhdasplus.ee\/lt\/","name":"Puhdas+","description":"Vitaminai, maisto papildai, nat\u016brali kosmetika, sveikata, sportas","publisher":{"@id":"https:\/\/puhdasplus.ee\/lt\/#organization"},"potentialAction":[{"@type":"SearchAction","target":{"@type":"EntryPoint","urlTemplate":"https:\/\/puhdasplus.ee\/lt\/?s={search_term_string}"},"query-input":{"@type":"PropertyValueSpecification","valueRequired":true,"valueName":"search_term_string"}}],"inLanguage":"lt-LT"},{"@type":"Organization","@id":"https:\/\/puhdasplus.ee\/lt\/#organization","name":"Puhdas+","alternateName":"Puhdasplus","url":"https:\/\/puhdasplus.ee\/lt\/","logo":{"@type":"ImageObject","inLanguage":"lt-LT","@id":"https:\/\/puhdasplus.ee\/lt\/#\/schema\/logo\/image\/","url":"https:\/\/puhdasplus.ee\/wp-content\/uploads\/2019\/10\/puhdas_logo-arvele.png","contentUrl":"https:\/\/puhdasplus.ee\/wp-content\/uploads\/2019\/10\/puhdas_logo-arvele.png","width":114,"height":94,"caption":"Puhdas+"},"image":{"@id":"https:\/\/puhdasplus.ee\/lt\/#\/schema\/logo\/image\/"},"sameAs":["https:\/\/www.facebook.com\/puhdasplus","https:\/\/www.instagram.com\/puhdasplus_ee\/"]}]}},"_yoast_wpseo_title":"Rozmarin\u0173 eterinis aliejus | Puhdas+","_yoast_wpseo_metadesc":"Rozmarin\u0173 eterinis aliejus (10 ml) yra 100 % grynas nat\u016bralus aliejus, kur\u012f galima pla\u010diai naudoti aromaterapijoje, plauk\u0173 ir odos prie\u017ei\u016broje.","_yoast_wpseo_focuskw":"","_links":{"self":[{"href":"https:\/\/puhdasplus.ee\/lt\/wp-json\/wp\/v2\/product\/33430","targetHints":{"allow":["GET"]}}],"collection":[{"href":"https:\/\/puhdasplus.ee\/lt\/wp-json\/wp\/v2\/product"}],"about":[{"href":"https:\/\/puhdasplus.ee\/lt\/wp-json\/wp\/v2\/types\/product"}],"replies":[{"embeddable":true,"href":"https:\/\/puhdasplus.ee\/lt\/wp-json\/wp\/v2\/comments?post=33430"}],"wp:featuredmedia":[{"embeddable":true,"href":"https:\/\/puhdasplus.ee\/lt\/wp-json\/wp\/v2\/media\/33432"}],"wp:attachment":[{"href":"https:\/\/puhdasplus.ee\/lt\/wp-json\/wp\/v2\/media?parent=33430"}],"wp:term":[{"taxonomy":"product_brand","embeddable":true,"href":"https:\/\/puhdasplus.ee\/lt\/wp-json\/wp\/v2\/product_brand?post=33430"},{"taxonomy":"product_cat","embeddable":true,"href":"https:\/\/puhdasplus.ee\/lt\/wp-json\/wp\/v2\/product_cat?post=33430"},{"taxonomy":"product_tag","embeddable":true,"href":"https:\/\/puhdasplus.ee\/lt\/wp-json\/wp\/v2\/product_tag?post=33430"}],"curies":[{"name":"wp","href":"https:\/\/api.w.org\/{rel}","templated":true}]}}