{"id":33326,"date":"2025-01-16T16:09:38","date_gmt":"2025-01-16T14:09:38","guid":{"rendered":"https:\/\/puhdasplus.ee\/tooted\/be-kategorijos\/l-lizino-milteliai-200-g\/"},"modified":"2026-04-07T20:03:55","modified_gmt":"2026-04-07T17:03:55","slug":"l-lizino-milteliai-200-g","status":"publish","type":"product","link":"https:\/\/puhdasplus.ee\/lt\/produktai\/sportas\/l-lizino-milteliai-200-g\/","title":{"rendered":"L-lizino milteliai 200 g"},"content":{"rendered":"<h2>Kod\u0117l L-lizinas yra svarbus organizmui?<\/h2>\n<p>L-lizinas yra viena i\u0161 nepakei\u010diam\u0173j\u0173 aminor\u016bg\u0161\u010di\u0173, kuri\u0105 organizmas gauna su maistu. Aminor\u016bg\u0161tys yra <strong>baltym\u0173 statybin\u0117 med\u017eiaga<\/strong> ir j\u0173 randama daugelyje organizmo baltym\u0173. Maisto papildai su L-lizinu d<strong>a\u017enai naudojami kasdieniam aminor\u016bg\u0161\u010di\u0173 suvartojimui papildyti.<\/strong>  <\/p>\n<h2>Kam gali b\u016bti naudingas L-lizinas?<\/h2>\n<h3>Veganai ir vegetarai<\/h3>\n<p>Kai kurie augalin\u0117s kilm\u0117s baltymai (pavyzd\u017eiui, kvie\u010di\u0173 ar kukur\u016bz\u0173) gali tur\u0117ti ma\u017eiau lizino nei gyv\u016bnin\u0117s kilm\u0117s baltymai. Tod\u0117l L-lizinas da\u017enai naudojamas kaip maisto papildas kasdieniam aminor\u016bg\u0161\u010di\u0173 suvartojimui papildyti. <\/p>\n<h3>Fizi\u0161kai aktyv\u016bs \u017emon\u0117s<\/h3>\n<p>Sportininkams ir besitreniruojantiems asmenims aminor\u016bg\u0161\u010di\u0173 poreikis padid\u0117ja. L-lizinas naudojamas kaip maisto papildas kasdienei mitybai subalansuoti. <\/p>\n<h3>Kasdienei mitybai papildyti<\/h3>\n<p>Maisto papildai su L-lizinu naudojami siekiant papildyti mityb\u0105 viena i\u0161 nepakei\u010diam\u0173j\u0173 aminor\u016bg\u0161\u010di\u0173.<\/p>\n<h2>Ingredientai<\/h2>\n<ul>\n<li>\n<p><strong>L-lizino hidrochloridas<\/strong><\/p>\n<\/li>\n<\/ul>\n<p><strong>Be:<\/strong> laktoz\u0117s, glitimo, mieli\u0173, sojos, saldikli\u0173 ir dirbtini\u0173 pried\u0173.<br \/>\u2714 100 % tinka veganams.<\/p>\n<h2>Naudotojo vadovas<\/h2>\n<p>Rekomenduojama paros doz\u0117: <strong>1 arbatinis \u0161auk\u0161telis (apie 2,4 g)<\/strong>.<br \/>Miltelius sumai\u0161ykite su vandeniu, sultimis ar kitu skys\u010diu.<br \/>Nevir\u0161ykite rekomenduojamos paros doz\u0117s.<\/p>\n<p>Maisto papildas nepakei\u010dia \u012fvairios ir subalansuotos mitybos bei sveiko gyvenimo b\u016bdo.<br \/>Laikyti vaikams nepasiekiamoje vietoje.<br \/>Laikyti sausoje vietoje, kambario temperat\u016broje.<\/p>\n<h2>Kod\u0117l verta rinktis \u201ePuhdas+\u201c L-lizin\u0105?<\/h2>\n<ul>\n<li>\n<p><strong>100 % vegani\u0161ki ir gryni ingredientai<\/strong> \u2013 be konservant\u0173, da\u017eikli\u0173 ar nereikaling\u0173 u\u017epild\u0173<\/p>\n<\/li>\n<li>\n<p><strong>Milteli\u0173 pavidalo<\/strong> \u2013 leid\u017eia lanks\u010diai dozuoti ir greitai \u012fsisavinti<\/p>\n<\/li>\n<li>\n<p><strong>Tinka kasdieniam naudojimui<\/strong> \u2013 lengva mai\u0161yti su vandeniu, sultimis ar kokteiliu<\/p>\n<\/li>\n<\/ul>\n<p><strong>\u017di\u016br\u0117ti taip pat:<\/strong> <a href=\"https:\/\/puhdasplus.ee\/toote-kategooria\/immuunsusteem\/\">Immuuns\u00fcsteem<\/a> | <a href=\"https:\/\/puhdasplus.ee\/toote-kategooria\/liigesed-lihased-ja-luud\/\">S\u0105nariai, raumenys ir kaulai<\/a> | <a href=\"https:\/\/puhdasplus.ee\/toote-kategooria\/elektroluudid\/\">Elektrol\u00fc\u00fcdid<\/a><\/p>\n","protected":false},"excerpt":{"rendered":"<p><b>Puhdas+ L-lizinas<\/b> sud\u0117tyje yra L-lizino, kuris yra viena i\u0161 devyni\u0173 nepakei\u010diam\u0173j\u0173 aminor\u016bg\u0161\u010di\u0173. Nepakei\u010diam\u0173j\u0173 aminor\u016bg\u0161\u010di\u0173 organizmas pats pasigaminti negali, tod\u0117l j\u0173 turi gauti su maistu arba maisto papildais. <\/p>\n<p>Maisto papildai su L-lizinu da\u017enai naudojami kasdieniam aminor\u016bg\u0161\u010di\u0173 suvartojimui papildyti. \u201ePuhdas+ L-lysiini\u201c sud\u0117tyje yra tik L-lizinas, be joki\u0173 kit\u0173 ingredient\u0173. Gaminant produkt\u0105 nenaudojami konservantai, da\u017eikliai ar kvapiosios med\u017eiagos.  <\/p>\n<p>Milteli\u0173 forma leid\u017eia L-lizin\u0105 lengvai sumai\u0161yti su vandeniu, sultimis, jogurtu ar kokteiliu. Produktas yra 100 % tinka veganams ir puikiai tinka tiems, kurie teikia pirmenyb\u0119 grynos sud\u0117ties maisto papildams. <\/p>\n","protected":false},"featured_media":33329,"comment_status":"closed","ping_status":"closed","template":"","meta":{"_acf_changed":false,"googlesitekit_rrm_CAow3eq7DA:productID":""},"product_brand":[],"product_cat":[3048,3461,3016],"product_tag":[8362,3023,4784,3131,3144,2967],"class_list":{"0":"post-33326","1":"product","2":"type-product","3":"status-publish","4":"has-post-thumbnail","6":"product_cat-imunine-sistema","7":"product_cat-sanariai-raumenys-ir-kaulai","8":"product_cat-sportas","9":"product_tag-amino-rgtys-lt","10":"product_tag-imunitetas","11":"product_tag-kaulu-sveikata","12":"product_tag-maisto-papildas","13":"product_tag-raumenys-ir-sanariai","14":"product_tag-veganas","16":"first","17":"instock","18":"taxable","19":"shipping-taxable","20":"purchasable","21":"product-type-simple"},"acf":[],"yoast_head":"<!-- This site is optimized with the Yoast SEO plugin v27.3 - https:\/\/yoast.com\/product\/yoast-seo-wordpress\/ -->\n<title>L-lizino milteliai 200 g | Puhdas+<\/title>\n<meta name=\"description\" content=\"L-lizino milteliai 200 g yra gryna nepakei\u010diama aminor\u016bg\u0161tis, skatinanti raumen\u0173 augim\u0105, imunin\u0119 sistem\u0105 ir kalcio \u012fsisavinim\u0105. Tinka veganams.\" \/>\n<meta name=\"robots\" content=\"index, follow, max-snippet:-1, max-image-preview:large, max-video-preview:-1\" \/>\n<link rel=\"canonical\" href=\"https:\/\/puhdasplus.ee\/lt\/produktai\/sportas\/l-lizino-milteliai-200-g\/\" \/>\n<meta property=\"og:locale\" content=\"lt_LT\" \/>\n<meta property=\"og:type\" content=\"article\" \/>\n<meta property=\"og:title\" content=\"L-lizino milteliai 200 g | Puhdas+\" \/>\n<meta property=\"og:description\" content=\"L-lizino milteliai 200 g yra gryna nepakei\u010diama aminor\u016bg\u0161tis, skatinanti raumen\u0173 augim\u0105, imunin\u0119 sistem\u0105 ir kalcio \u012fsisavinim\u0105. Tinka veganams.\" \/>\n<meta property=\"og:url\" content=\"https:\/\/puhdasplus.ee\/lt\/produktai\/sportas\/l-lizino-milteliai-200-g\/\" \/>\n<meta property=\"og:site_name\" content=\"Puhdas+\" \/>\n<meta property=\"article:publisher\" content=\"https:\/\/www.facebook.com\/puhdasplus\" \/>\n<meta property=\"article:modified_time\" content=\"2026-04-07T17:03:55+00:00\" \/>\n<meta property=\"og:image\" content=\"https:\/\/puhdasplus.ee\/wp-content\/uploads\/2025\/03\/180.jpg\" \/>\n\t<meta property=\"og:image:width\" content=\"1862\" \/>\n\t<meta property=\"og:image:height\" content=\"2560\" \/>\n\t<meta property=\"og:image:type\" content=\"image\/jpeg\" \/>\n<meta name=\"twitter:card\" content=\"summary_large_image\" \/>\n<meta name=\"twitter:label1\" content=\"Est. reading time\" \/>\n\t<meta name=\"twitter:data1\" content=\"1 minut\u0117\" \/>\n<script type=\"application\/ld+json\" class=\"yoast-schema-graph\">{\"@context\":\"https:\\\/\\\/schema.org\",\"@graph\":[{\"@type\":\"WebPage\",\"@id\":\"https:\\\/\\\/puhdasplus.ee\\\/lt\\\/produktai\\\/sportas\\\/l-lizino-milteliai-200-g\\\/\",\"url\":\"https:\\\/\\\/puhdasplus.ee\\\/lt\\\/produktai\\\/sportas\\\/l-lizino-milteliai-200-g\\\/\",\"name\":\"L-lizino milteliai 200 g | Puhdas+\",\"isPartOf\":{\"@id\":\"https:\\\/\\\/puhdasplus.ee\\\/lt\\\/#website\"},\"primaryImageOfPage\":{\"@id\":\"https:\\\/\\\/puhdasplus.ee\\\/lt\\\/produktai\\\/sportas\\\/l-lizino-milteliai-200-g\\\/#primaryimage\"},\"image\":{\"@id\":\"https:\\\/\\\/puhdasplus.ee\\\/lt\\\/produktai\\\/sportas\\\/l-lizino-milteliai-200-g\\\/#primaryimage\"},\"thumbnailUrl\":\"https:\\\/\\\/puhdasplus.ee\\\/wp-content\\\/uploads\\\/2025\\\/03\\\/180.jpg\",\"datePublished\":\"2025-01-16T14:09:38+00:00\",\"dateModified\":\"2026-04-07T17:03:55+00:00\",\"description\":\"L-lizino milteliai 200 g yra gryna nepakei\u010diama aminor\u016bg\u0161tis, skatinanti raumen\u0173 augim\u0105, imunin\u0119 sistem\u0105 ir kalcio \u012fsisavinim\u0105. Tinka veganams.\",\"breadcrumb\":{\"@id\":\"https:\\\/\\\/puhdasplus.ee\\\/lt\\\/produktai\\\/sportas\\\/l-lizino-milteliai-200-g\\\/#breadcrumb\"},\"inLanguage\":\"lt-LT\",\"potentialAction\":[{\"@type\":\"ReadAction\",\"target\":[\"https:\\\/\\\/puhdasplus.ee\\\/lt\\\/produktai\\\/sportas\\\/l-lizino-milteliai-200-g\\\/\"]}]},{\"@type\":\"ImageObject\",\"inLanguage\":\"lt-LT\",\"@id\":\"https:\\\/\\\/puhdasplus.ee\\\/lt\\\/produktai\\\/sportas\\\/l-lizino-milteliai-200-g\\\/#primaryimage\",\"url\":\"https:\\\/\\\/puhdasplus.ee\\\/wp-content\\\/uploads\\\/2025\\\/03\\\/180.jpg\",\"contentUrl\":\"https:\\\/\\\/puhdasplus.ee\\\/wp-content\\\/uploads\\\/2025\\\/03\\\/180.jpg\",\"width\":1862,\"height\":2560,\"caption\":\"L-lizino milteliai 200 g\"},{\"@type\":\"BreadcrumbList\",\"@id\":\"https:\\\/\\\/puhdasplus.ee\\\/lt\\\/produktai\\\/sportas\\\/l-lizino-milteliai-200-g\\\/#breadcrumb\",\"itemListElement\":[{\"@type\":\"ListItem\",\"position\":1,\"name\":\"Prad\u017eia\",\"item\":\"https:\\\/\\\/puhdasplus.ee\\\/lt\\\/\"},{\"@type\":\"ListItem\",\"position\":2,\"name\":\"Produktai\",\"item\":\"https:\\\/\\\/puhdasplus.ee\\\/lt\\\/parduotuve\\\/\"},{\"@type\":\"ListItem\",\"position\":3,\"name\":\"L-lizino milteliai 200 g\"}]},{\"@type\":\"WebSite\",\"@id\":\"https:\\\/\\\/puhdasplus.ee\\\/lt\\\/#website\",\"url\":\"https:\\\/\\\/puhdasplus.ee\\\/lt\\\/\",\"name\":\"Puhdas+\",\"description\":\"Vitaminai, maisto papildai, nat\u016brali kosmetika, sveikata, sportas\",\"publisher\":{\"@id\":\"https:\\\/\\\/puhdasplus.ee\\\/lt\\\/#organization\"},\"potentialAction\":[{\"@type\":\"SearchAction\",\"target\":{\"@type\":\"EntryPoint\",\"urlTemplate\":\"https:\\\/\\\/puhdasplus.ee\\\/lt\\\/?s={search_term_string}\"},\"query-input\":{\"@type\":\"PropertyValueSpecification\",\"valueRequired\":true,\"valueName\":\"search_term_string\"}}],\"inLanguage\":\"lt-LT\"},{\"@type\":\"Organization\",\"@id\":\"https:\\\/\\\/puhdasplus.ee\\\/lt\\\/#organization\",\"name\":\"Puhdas+\",\"alternateName\":\"Puhdasplus\",\"url\":\"https:\\\/\\\/puhdasplus.ee\\\/lt\\\/\",\"logo\":{\"@type\":\"ImageObject\",\"inLanguage\":\"lt-LT\",\"@id\":\"https:\\\/\\\/puhdasplus.ee\\\/lt\\\/#\\\/schema\\\/logo\\\/image\\\/\",\"url\":\"https:\\\/\\\/puhdasplus.ee\\\/wp-content\\\/uploads\\\/2019\\\/10\\\/puhdas_logo-arvele.png\",\"contentUrl\":\"https:\\\/\\\/puhdasplus.ee\\\/wp-content\\\/uploads\\\/2019\\\/10\\\/puhdas_logo-arvele.png\",\"width\":114,\"height\":94,\"caption\":\"Puhdas+\"},\"image\":{\"@id\":\"https:\\\/\\\/puhdasplus.ee\\\/lt\\\/#\\\/schema\\\/logo\\\/image\\\/\"},\"sameAs\":[\"https:\\\/\\\/www.facebook.com\\\/puhdasplus\",\"https:\\\/\\\/www.instagram.com\\\/puhdasplus_ee\\\/\"]}]}<\/script>\n<!-- \/ Yoast SEO plugin. -->","yoast_head_json":{"title":"L-lizino milteliai 200 g | Puhdas+","description":"L-lizino milteliai 200 g yra gryna nepakei\u010diama aminor\u016bg\u0161tis, skatinanti raumen\u0173 augim\u0105, imunin\u0119 sistem\u0105 ir kalcio \u012fsisavinim\u0105. Tinka veganams.","robots":{"index":"index","follow":"follow","max-snippet":"max-snippet:-1","max-image-preview":"max-image-preview:large","max-video-preview":"max-video-preview:-1"},"canonical":"https:\/\/puhdasplus.ee\/lt\/produktai\/sportas\/l-lizino-milteliai-200-g\/","og_locale":"lt_LT","og_type":"article","og_title":"L-lizino milteliai 200 g | Puhdas+","og_description":"L-lizino milteliai 200 g yra gryna nepakei\u010diama aminor\u016bg\u0161tis, skatinanti raumen\u0173 augim\u0105, imunin\u0119 sistem\u0105 ir kalcio \u012fsisavinim\u0105. Tinka veganams.","og_url":"https:\/\/puhdasplus.ee\/lt\/produktai\/sportas\/l-lizino-milteliai-200-g\/","og_site_name":"Puhdas+","article_publisher":"https:\/\/www.facebook.com\/puhdasplus","article_modified_time":"2026-04-07T17:03:55+00:00","og_image":[{"width":1862,"height":2560,"url":"https:\/\/puhdasplus.ee\/wp-content\/uploads\/2025\/03\/180.jpg","type":"image\/jpeg"}],"twitter_card":"summary_large_image","twitter_misc":{"Est. reading time":"1 minut\u0117"},"schema":{"@context":"https:\/\/schema.org","@graph":[{"@type":"WebPage","@id":"https:\/\/puhdasplus.ee\/lt\/produktai\/sportas\/l-lizino-milteliai-200-g\/","url":"https:\/\/puhdasplus.ee\/lt\/produktai\/sportas\/l-lizino-milteliai-200-g\/","name":"L-lizino milteliai 200 g | Puhdas+","isPartOf":{"@id":"https:\/\/puhdasplus.ee\/lt\/#website"},"primaryImageOfPage":{"@id":"https:\/\/puhdasplus.ee\/lt\/produktai\/sportas\/l-lizino-milteliai-200-g\/#primaryimage"},"image":{"@id":"https:\/\/puhdasplus.ee\/lt\/produktai\/sportas\/l-lizino-milteliai-200-g\/#primaryimage"},"thumbnailUrl":"https:\/\/puhdasplus.ee\/wp-content\/uploads\/2025\/03\/180.jpg","datePublished":"2025-01-16T14:09:38+00:00","dateModified":"2026-04-07T17:03:55+00:00","description":"L-lizino milteliai 200 g yra gryna nepakei\u010diama aminor\u016bg\u0161tis, skatinanti raumen\u0173 augim\u0105, imunin\u0119 sistem\u0105 ir kalcio \u012fsisavinim\u0105. Tinka veganams.","breadcrumb":{"@id":"https:\/\/puhdasplus.ee\/lt\/produktai\/sportas\/l-lizino-milteliai-200-g\/#breadcrumb"},"inLanguage":"lt-LT","potentialAction":[{"@type":"ReadAction","target":["https:\/\/puhdasplus.ee\/lt\/produktai\/sportas\/l-lizino-milteliai-200-g\/"]}]},{"@type":"ImageObject","inLanguage":"lt-LT","@id":"https:\/\/puhdasplus.ee\/lt\/produktai\/sportas\/l-lizino-milteliai-200-g\/#primaryimage","url":"https:\/\/puhdasplus.ee\/wp-content\/uploads\/2025\/03\/180.jpg","contentUrl":"https:\/\/puhdasplus.ee\/wp-content\/uploads\/2025\/03\/180.jpg","width":1862,"height":2560,"caption":"L-lizino milteliai 200 g"},{"@type":"BreadcrumbList","@id":"https:\/\/puhdasplus.ee\/lt\/produktai\/sportas\/l-lizino-milteliai-200-g\/#breadcrumb","itemListElement":[{"@type":"ListItem","position":1,"name":"Prad\u017eia","item":"https:\/\/puhdasplus.ee\/lt\/"},{"@type":"ListItem","position":2,"name":"Produktai","item":"https:\/\/puhdasplus.ee\/lt\/parduotuve\/"},{"@type":"ListItem","position":3,"name":"L-lizino milteliai 200 g"}]},{"@type":"WebSite","@id":"https:\/\/puhdasplus.ee\/lt\/#website","url":"https:\/\/puhdasplus.ee\/lt\/","name":"Puhdas+","description":"Vitaminai, maisto papildai, nat\u016brali kosmetika, sveikata, sportas","publisher":{"@id":"https:\/\/puhdasplus.ee\/lt\/#organization"},"potentialAction":[{"@type":"SearchAction","target":{"@type":"EntryPoint","urlTemplate":"https:\/\/puhdasplus.ee\/lt\/?s={search_term_string}"},"query-input":{"@type":"PropertyValueSpecification","valueRequired":true,"valueName":"search_term_string"}}],"inLanguage":"lt-LT"},{"@type":"Organization","@id":"https:\/\/puhdasplus.ee\/lt\/#organization","name":"Puhdas+","alternateName":"Puhdasplus","url":"https:\/\/puhdasplus.ee\/lt\/","logo":{"@type":"ImageObject","inLanguage":"lt-LT","@id":"https:\/\/puhdasplus.ee\/lt\/#\/schema\/logo\/image\/","url":"https:\/\/puhdasplus.ee\/wp-content\/uploads\/2019\/10\/puhdas_logo-arvele.png","contentUrl":"https:\/\/puhdasplus.ee\/wp-content\/uploads\/2019\/10\/puhdas_logo-arvele.png","width":114,"height":94,"caption":"Puhdas+"},"image":{"@id":"https:\/\/puhdasplus.ee\/lt\/#\/schema\/logo\/image\/"},"sameAs":["https:\/\/www.facebook.com\/puhdasplus","https:\/\/www.instagram.com\/puhdasplus_ee\/"]}]}},"_yoast_wpseo_title":"L-lizino milteliai 200 g | Puhdas+","_yoast_wpseo_metadesc":"L-lizino milteliai 200 g yra gryna nepakei\u010diama aminor\u016bg\u0161tis, skatinanti raumen\u0173 augim\u0105, imunin\u0119 sistem\u0105 ir kalcio \u012fsisavinim\u0105. Tinka veganams.","_yoast_wpseo_focuskw":"","_links":{"self":[{"href":"https:\/\/puhdasplus.ee\/lt\/wp-json\/wp\/v2\/product\/33326","targetHints":{"allow":["GET"]}}],"collection":[{"href":"https:\/\/puhdasplus.ee\/lt\/wp-json\/wp\/v2\/product"}],"about":[{"href":"https:\/\/puhdasplus.ee\/lt\/wp-json\/wp\/v2\/types\/product"}],"replies":[{"embeddable":true,"href":"https:\/\/puhdasplus.ee\/lt\/wp-json\/wp\/v2\/comments?post=33326"}],"wp:featuredmedia":[{"embeddable":true,"href":"https:\/\/puhdasplus.ee\/lt\/wp-json\/wp\/v2\/media\/33329"}],"wp:attachment":[{"href":"https:\/\/puhdasplus.ee\/lt\/wp-json\/wp\/v2\/media?parent=33326"}],"wp:term":[{"taxonomy":"product_brand","embeddable":true,"href":"https:\/\/puhdasplus.ee\/lt\/wp-json\/wp\/v2\/product_brand?post=33326"},{"taxonomy":"product_cat","embeddable":true,"href":"https:\/\/puhdasplus.ee\/lt\/wp-json\/wp\/v2\/product_cat?post=33326"},{"taxonomy":"product_tag","embeddable":true,"href":"https:\/\/puhdasplus.ee\/lt\/wp-json\/wp\/v2\/product_tag?post=33326"}],"curies":[{"name":"wp","href":"https:\/\/api.w.org\/{rel}","templated":true}]}}