{"id":33316,"date":"2025-01-16T12:40:44","date_gmt":"2025-01-16T10:40:44","guid":{"rendered":"https:\/\/puhdasplus.ee\/tooted\/be-kategorijos\/auksciausios-kokybes-omega-3-180-mg-epa-120-mg-dha\/"},"modified":"2026-04-07T19:51:41","modified_gmt":"2026-04-07T16:51:41","slug":"auksciausios-kokybes-omega-3-180-mg-epa-120-mg-dha","status":"publish","type":"product","link":"https:\/\/puhdasplus.ee\/lt\/produktai\/sirdies-sveikata\/omega-3-lt\/auksciausios-kokybes-omega-3-180-mg-epa-120-mg-dha\/","title":{"rendered":"Auk\u0161\u010diausios kokyb\u0117s Omega-3 180 mg EPA + 120 mg DHA"},"content":{"rendered":"<h2>Kas yra \u201ePuhdas+ Premium Omega-3\u201c 180 mg EPA + 120 mg DHA?<\/h2>\n<p>\u201ePuhdas+ Premium Omega-3\u201c yra auk\u0161tos kokyb\u0117s \u017euv\u0173 tauk\u0173 pagrindu pagamintas maisto papildas, pagamintas Suomijoje, kuriame yra dvi svarbios omega-3 riebal\u0173 r\u016bg\u0161tys \u2013 EPA ir DHA \u2013 lengvai pasisavinam\u0173 nat\u016brali\u0173 triglicerid\u0173 pavidalu.<\/p>\n<p>Produktas skirtas kasdieniam vartojimui. DHA ir EPA palaiko \u0161irdies funkcij\u0105, o DHA padeda palaikyti normali\u0105 smegen\u0173 funkcij\u0105 ir reg\u0117jim\u0105. <\/p>\n<h2>Gryna kilm\u0117 ir auk\u0161ta kokyb\u0117<\/h2>\n<ul>\n<li>\n<p>Naudojami tik <strong>laukiniai an\u010diuviai,<\/strong> sugaunami i\u0161 ekologi\u0161kai \u0161varaus Ramiojo vandenyno piet\u0173 regiono.<\/p>\n<\/li>\n<li>\n<p>\u017duv\u0173 taukai kruop\u0161\u010diai <strong>i\u0161valomi nuo sunki\u0173j\u0173 metal\u0173 ir priemai\u0161\u0173<\/strong> .<\/p>\n<\/li>\n<li>\n<p>Pagamintas laikantis auk\u0161t\u0173 kokyb\u0117s standart\u0173, produktas yra sertifikuotas <strong>\u201eFriend of the Sea\u201c<\/strong> .<\/p>\n<\/li>\n<li>\n<p>Kiekviena partija yra <strong>100 % atsekama<\/strong> .<\/p>\n<\/li>\n<\/ul>\n<h2>EPA ir DHA \u2013 kod\u0117l jos svarbios?<\/h2>\n<ul>\n<li>\n<p><strong>EPA<\/strong> prisideda prie normalios \u0161irdies funkcijos.<\/p>\n<\/li>\n<li>\n<p><strong>DHA<\/strong> padeda palaikyti normali\u0105 smegen\u0173 funkcij\u0105 ir reg\u0117jim\u0105.<\/p>\n<\/li>\n<li>\n<p>EPA ir DHA kartu prisideda prie normalios \u0161irdies funkcijos<\/p>\n<\/li>\n<\/ul>\n<h2>Kam tinka \u201ePremium Omega-3 180 mg EPA + 120 mg DHA\u201c papildas?<\/h2>\n<ul>\n<li style=\"list-style-type: none\">\n<ul>\n<li>\n<p><strong>Dirbantiems ir besimokantiems \u017emon\u0117ms<\/strong> , kuriems reikalinga smegen\u0173 funkcijos ir atminties palaikymas<\/p>\n<\/li>\n<li>\n<p><strong>Vyresnio am\u017eiaus \u017emon\u0117ms<\/strong> , kuriems labiau reikia \u0161irdies ir reg\u0117jimo palaikymo<\/p>\n<\/li>\n<li>\n<p><strong>N\u0117\u0161\u010diosioms ir \u017eindyv\u0117ms<\/strong> (pasitarkite su gydytoju arba aku\u0161ere) \u2013 DHR skatina vaisiaus smegen\u0173 vystym\u0105si.<\/p>\n<\/li>\n<li>\n<p><strong>Tiems, kurie reguliariai nevalgo \u017euvies<\/strong> arba kuri\u0173 omega-3 suvartojimas yra suma\u017e\u0117j\u0119s.<\/p>\n<\/li>\n<\/ul>\n<\/li>\n<\/ul>\n<h2>Ingredientai<\/h2>\n<ul>\n<li>\n<p>\u017duv\u0173 tauk\u0173 koncentratas (trigliceridai \u2013 nat\u016brali forma)<\/p>\n<\/li>\n<li>\n<p>\u017delatina (gyvulin\u0117, galvij\u0173)<\/p>\n<\/li>\n<li>\n<p>Dr\u0117gm\u0119 i\u0161laikanti med\u017eiaga: glicerolis<\/p>\n<\/li>\n<li>\n<p>\u0160varus vanduo<\/p>\n<\/li>\n<\/ul>\n<p><strong>Sud\u0117tyje n\u0117ra<\/strong> laktoz\u0117s, mieli\u0173, glitimo, cukraus, druskos, sojos ar dirbtini\u0173 saldikli\u0173.<\/p>\n<h2>Maistin\u0117 vert\u0117 (dienos doz\u0117 \u2013 2 kapsul\u0117s)<\/h2>\n<ul>\n<li>\n<p>I\u0161 viso omega-3 riebal\u0173 r\u016bg\u0161\u010di\u0173: 350 mg<\/p>\n<ul>\n<li>\n<p><strong>EPA<\/strong> : 180 mg<\/p>\n<\/li>\n<li>\n<p><strong>DHR<\/strong> : 120 mg<\/p>\n<\/li>\n<\/ul>\n<\/li>\n<\/ul>\n<h2>Naudotojo vadovas<\/h2>\n<ul>\n<li>\n<p>Rekomenduojama paros doz\u0117: <strong>2 kapsul\u0117s per dien\u0105 valgio metu<\/strong><\/p>\n<\/li>\n<li>\n<p>Nurykite u\u017egerdami vandeniu, nekramtykite.<\/p>\n<\/li>\n<li>\n<p>Rekomenduojamos doz\u0117s vir\u0161yti negalima.<\/p>\n<\/li>\n<li>\n<p>Maisto papildas nepakei\u010dia subalansuotos ir \u012fvairios mitybos ar sveiko gyvenimo b\u016bdo.<\/p>\n<\/li>\n<\/ul>\n<h2>\u012esp\u0117jimai ir laikymas<\/h2>\n<ul>\n<li>\n<p>Laikyti <strong>sausoje vietoje, kambario temperat\u016broje<\/strong> ir toliau nuo saul\u0117s spinduli\u0173.<\/p>\n<\/li>\n<li>\n<p>Laikyti <strong>vaikams nepasiekiamoje vietoje<\/strong> .<\/p>\n<\/li>\n<li>\n<p>Jei vartojate krauj\u0105 skystinan\u010dius vaistus arba turite kraujo kre\u0161\u0117jimo sutrikim\u0173, pasitarkite su gydytoju.<\/p>\n<\/li>\n<\/ul>\n<h2>Pakuot\u0117s dyd\u017eiai<\/h2>\n<ul>\n<li>\n<p><strong>80 kapsuli\u0173<\/strong> \u2013 40 dien\u0173<\/p>\n<\/li>\n<li>\n<p><strong>160 kapsuli\u0173<\/strong> \u2013 80 dien\u0173<\/p>\n<\/li>\n<\/ul>\n<p><strong>\u017dr. taip pat:<\/strong> <a href=\"https:\/\/puhdasplus.ee\/toote-kategooria\/omega-3\/\">Omega-3<\/a> | <a href=\"https:\/\/puhdasplus.ee\/toote-kategooria\/sudame-tervis\/\">S\u00fcdame tervis<\/a> | <a href=\"https:\/\/puhdasplus.ee\/toote-kategooria\/immuunsusteem\/\">Immuuns\u00fcsteem<\/a><\/p>\n","protected":false},"excerpt":{"rendered":"<p><b>\u201ePuhdas+ Premium Omega-3\u201c yra auk\u0161tos kokyb\u0117s maisto papildas, kurio sud\u0117tyje yra lengvai pasisavinam\u0173 EPA ir DHA riebal\u0173 r\u016bg\u0161\u010di\u0173 \u2013 dviej\u0173 b\u016btin\u0173 omega-3 \u0161altini\u0173, kuri\u0173 organizmas negali pasigaminti pakankamu kiekiu. \u0160ios riebal\u0173 r\u016bg\u0161tys prisideda prie normalios \u0161irdies funkcijos, o DHA padeda palaikyti normali\u0105 smegen\u0173 funkcij\u0105 ir reg\u0117jim\u0105. <\/b><\/p>\n<p>Produktas puikiai tinka \u017emon\u0117ms, kurie:<\/p>\n<p>\u2013 vartoja ma\u017eai \u017euvies arba negauna pakankamai omega-3 riebal\u0173 r\u016bg\u0161\u010di\u0173 su maistu,<\/p>\n<p>\u2013 norite palaikyti normali\u0105 \u0161irdies funkcij\u0105,<\/p>\n<p>\u2013 reikia palaikyti smegen\u0173 funkcij\u0105 ir koncentracij\u0105 \u2013 DHA padeda palaikyti normali\u0105 smegen\u0173 funkcij\u0105,<\/p>\n<p>\u2013 r\u016bpintis savo aki\u0173 sveikata,<\/p>\n<p>\u2013 nori palaikyti k\u016bno pusiausvyr\u0105 ir bendr\u0105 savijaut\u0105.<\/p>\n<p>\u017duv\u0173 taukai gaunami i\u0161 atsakingai sugaut\u0173 an\u010diuvi\u0173 ir i\u0161valomi nuo sunki\u0173j\u0173 metal\u0173, u\u017etikrinant \u0161var\u0173 ir saug\u0173 galutin\u012f rezultat\u0105. D\u0117l nat\u016bralios triglicerid\u0173 formos riebal\u0173 r\u016bg\u0161tys lengvai pasisavinamos organizmo ir tinka vartoti kasdien. <\/p>\n","protected":false},"featured_media":32528,"comment_status":"closed","ping_status":"closed","template":"","meta":{"_acf_changed":false,"googlesitekit_rrm_CAow3eq7DA:productID":""},"product_brand":[],"product_cat":[3413,3412],"product_tag":[8350,8291,3023,3131,8378,8284,3959,8382,8374,8288],"class_list":{"0":"post-33316","1":"product","2":"type-product","3":"status-publish","4":"has-post-thumbnail","6":"product_cat-omega-3-lt","7":"product_cat-sirdies-sveikata","8":"product_tag-be-laktozs-lt","9":"product_tag-fish-oil-lt","10":"product_tag-imunitetas","11":"product_tag-maisto-papildas","12":"product_tag-natralus-lt","13":"product_tag-omega-lt","14":"product_tag-omega-3-lt","15":"product_tag-smegen-sveikata-lt","16":"product_tag-suomijos-kokyb-lt","17":"product_tag-uv-taukai-lt","19":"first","20":"outofstock","21":"taxable","22":"shipping-taxable","23":"purchasable","24":"product-type-variable","25":"has-default-attributes"},"acf":[],"yoast_head":"<!-- This site is optimized with the Yoast SEO plugin v27.3 - https:\/\/yoast.com\/product\/yoast-seo-wordpress\/ -->\n<title>Auk\u0161\u010diausios kokyb\u0117s Omega-3 180 mg EPA + 120 mg DHA | Puhdas+<\/title>\n<meta name=\"description\" content=\"Auk\u0161\u010diausios kokyb\u0117s Omega-3 180 mg EPA + 120 mg DHA \u2013 auk\u0161tos kokyb\u0117s \u017euv\u0173 taukai, skirti \u0161irdies ir smegen\u0173 sveikatai palaikyti. Sud\u0117tyje yra nat\u016brali\u0173 omega-3 riebal\u0173 r\u016bg\u0161\u010di\u0173.\" \/>\n<meta name=\"robots\" content=\"index, follow, max-snippet:-1, max-image-preview:large, max-video-preview:-1\" \/>\n<link rel=\"canonical\" href=\"https:\/\/puhdasplus.ee\/lt\/produktai\/sirdies-sveikata\/omega-3-lt\/auksciausios-kokybes-omega-3-180-mg-epa-120-mg-dha\/\" \/>\n<meta property=\"og:locale\" content=\"lt_LT\" \/>\n<meta property=\"og:type\" content=\"article\" \/>\n<meta property=\"og:title\" content=\"Auk\u0161\u010diausios kokyb\u0117s Omega-3 180 mg EPA + 120 mg DHA | Puhdas+\" \/>\n<meta property=\"og:description\" content=\"Auk\u0161\u010diausios kokyb\u0117s Omega-3 180 mg EPA + 120 mg DHA \u2013 auk\u0161tos kokyb\u0117s \u017euv\u0173 taukai, skirti \u0161irdies ir smegen\u0173 sveikatai palaikyti. Sud\u0117tyje yra nat\u016brali\u0173 omega-3 riebal\u0173 r\u016bg\u0161\u010di\u0173.\" \/>\n<meta property=\"og:url\" content=\"https:\/\/puhdasplus.ee\/lt\/produktai\/sirdies-sveikata\/omega-3-lt\/auksciausios-kokybes-omega-3-180-mg-epa-120-mg-dha\/\" \/>\n<meta property=\"og:site_name\" content=\"Puhdas+\" \/>\n<meta property=\"article:publisher\" content=\"https:\/\/www.facebook.com\/puhdasplus\" \/>\n<meta property=\"article:modified_time\" content=\"2026-04-07T16:51:41+00:00\" \/>\n<meta property=\"og:image\" content=\"https:\/\/puhdasplus.ee\/wp-content\/uploads\/2025\/03\/183.jpg\" \/>\n\t<meta property=\"og:image:width\" content=\"1862\" \/>\n\t<meta property=\"og:image:height\" content=\"2560\" \/>\n\t<meta property=\"og:image:type\" content=\"image\/jpeg\" \/>\n<meta name=\"twitter:card\" content=\"summary_large_image\" \/>\n<meta name=\"twitter:label1\" content=\"Est. reading time\" \/>\n\t<meta name=\"twitter:data1\" content=\"2 minut\u0117\" \/>\n<script type=\"application\/ld+json\" class=\"yoast-schema-graph\">{\"@context\":\"https:\\\/\\\/schema.org\",\"@graph\":[{\"@type\":\"WebPage\",\"@id\":\"https:\\\/\\\/puhdasplus.ee\\\/lt\\\/produktai\\\/sirdies-sveikata\\\/omega-3-lt\\\/auksciausios-kokybes-omega-3-180-mg-epa-120-mg-dha\\\/\",\"url\":\"https:\\\/\\\/puhdasplus.ee\\\/lt\\\/produktai\\\/sirdies-sveikata\\\/omega-3-lt\\\/auksciausios-kokybes-omega-3-180-mg-epa-120-mg-dha\\\/\",\"name\":\"Auk\u0161\u010diausios kokyb\u0117s Omega-3 180 mg EPA + 120 mg DHA | Puhdas+\",\"isPartOf\":{\"@id\":\"https:\\\/\\\/puhdasplus.ee\\\/lt\\\/#website\"},\"primaryImageOfPage\":{\"@id\":\"https:\\\/\\\/puhdasplus.ee\\\/lt\\\/produktai\\\/sirdies-sveikata\\\/omega-3-lt\\\/auksciausios-kokybes-omega-3-180-mg-epa-120-mg-dha\\\/#primaryimage\"},\"image\":{\"@id\":\"https:\\\/\\\/puhdasplus.ee\\\/lt\\\/produktai\\\/sirdies-sveikata\\\/omega-3-lt\\\/auksciausios-kokybes-omega-3-180-mg-epa-120-mg-dha\\\/#primaryimage\"},\"thumbnailUrl\":\"https:\\\/\\\/puhdasplus.ee\\\/wp-content\\\/uploads\\\/2025\\\/03\\\/183.jpg\",\"datePublished\":\"2025-01-16T10:40:44+00:00\",\"dateModified\":\"2026-04-07T16:51:41+00:00\",\"description\":\"Auk\u0161\u010diausios kokyb\u0117s Omega-3 180 mg EPA + 120 mg DHA \u2013 auk\u0161tos kokyb\u0117s \u017euv\u0173 taukai, skirti \u0161irdies ir smegen\u0173 sveikatai palaikyti. Sud\u0117tyje yra nat\u016brali\u0173 omega-3 riebal\u0173 r\u016bg\u0161\u010di\u0173.\",\"breadcrumb\":{\"@id\":\"https:\\\/\\\/puhdasplus.ee\\\/lt\\\/produktai\\\/sirdies-sveikata\\\/omega-3-lt\\\/auksciausios-kokybes-omega-3-180-mg-epa-120-mg-dha\\\/#breadcrumb\"},\"inLanguage\":\"lt-LT\",\"potentialAction\":[{\"@type\":\"ReadAction\",\"target\":[\"https:\\\/\\\/puhdasplus.ee\\\/lt\\\/produktai\\\/sirdies-sveikata\\\/omega-3-lt\\\/auksciausios-kokybes-omega-3-180-mg-epa-120-mg-dha\\\/\"]}]},{\"@type\":\"ImageObject\",\"inLanguage\":\"lt-LT\",\"@id\":\"https:\\\/\\\/puhdasplus.ee\\\/lt\\\/produktai\\\/sirdies-sveikata\\\/omega-3-lt\\\/auksciausios-kokybes-omega-3-180-mg-epa-120-mg-dha\\\/#primaryimage\",\"url\":\"https:\\\/\\\/puhdasplus.ee\\\/wp-content\\\/uploads\\\/2025\\\/03\\\/183.jpg\",\"contentUrl\":\"https:\\\/\\\/puhdasplus.ee\\\/wp-content\\\/uploads\\\/2025\\\/03\\\/183.jpg\",\"width\":1862,\"height\":2560,\"caption\":\"Auk\u0161\u010diausios kokyb\u0117s Omega-3 180 mg EPA + 120 mg DHA\"},{\"@type\":\"BreadcrumbList\",\"@id\":\"https:\\\/\\\/puhdasplus.ee\\\/lt\\\/produktai\\\/sirdies-sveikata\\\/omega-3-lt\\\/auksciausios-kokybes-omega-3-180-mg-epa-120-mg-dha\\\/#breadcrumb\",\"itemListElement\":[{\"@type\":\"ListItem\",\"position\":1,\"name\":\"Prad\u017eia\",\"item\":\"https:\\\/\\\/puhdasplus.ee\\\/lt\\\/\"},{\"@type\":\"ListItem\",\"position\":2,\"name\":\"Produktai\",\"item\":\"https:\\\/\\\/puhdasplus.ee\\\/lt\\\/parduotuve\\\/\"},{\"@type\":\"ListItem\",\"position\":3,\"name\":\"Auk\u0161\u010diausios kokyb\u0117s Omega-3 180 mg EPA + 120 mg DHA\"}]},{\"@type\":\"WebSite\",\"@id\":\"https:\\\/\\\/puhdasplus.ee\\\/lt\\\/#website\",\"url\":\"https:\\\/\\\/puhdasplus.ee\\\/lt\\\/\",\"name\":\"Puhdas+\",\"description\":\"Vitaminai, maisto papildai, nat\u016brali kosmetika, sveikata, sportas\",\"publisher\":{\"@id\":\"https:\\\/\\\/puhdasplus.ee\\\/lt\\\/#organization\"},\"potentialAction\":[{\"@type\":\"SearchAction\",\"target\":{\"@type\":\"EntryPoint\",\"urlTemplate\":\"https:\\\/\\\/puhdasplus.ee\\\/lt\\\/?s={search_term_string}\"},\"query-input\":{\"@type\":\"PropertyValueSpecification\",\"valueRequired\":true,\"valueName\":\"search_term_string\"}}],\"inLanguage\":\"lt-LT\"},{\"@type\":\"Organization\",\"@id\":\"https:\\\/\\\/puhdasplus.ee\\\/lt\\\/#organization\",\"name\":\"Puhdas+\",\"alternateName\":\"Puhdasplus\",\"url\":\"https:\\\/\\\/puhdasplus.ee\\\/lt\\\/\",\"logo\":{\"@type\":\"ImageObject\",\"inLanguage\":\"lt-LT\",\"@id\":\"https:\\\/\\\/puhdasplus.ee\\\/lt\\\/#\\\/schema\\\/logo\\\/image\\\/\",\"url\":\"https:\\\/\\\/puhdasplus.ee\\\/wp-content\\\/uploads\\\/2019\\\/10\\\/puhdas_logo-arvele.png\",\"contentUrl\":\"https:\\\/\\\/puhdasplus.ee\\\/wp-content\\\/uploads\\\/2019\\\/10\\\/puhdas_logo-arvele.png\",\"width\":114,\"height\":94,\"caption\":\"Puhdas+\"},\"image\":{\"@id\":\"https:\\\/\\\/puhdasplus.ee\\\/lt\\\/#\\\/schema\\\/logo\\\/image\\\/\"},\"sameAs\":[\"https:\\\/\\\/www.facebook.com\\\/puhdasplus\",\"https:\\\/\\\/www.instagram.com\\\/puhdasplus_ee\\\/\"]}]}<\/script>\n<!-- \/ Yoast SEO plugin. -->","yoast_head_json":{"title":"Auk\u0161\u010diausios kokyb\u0117s Omega-3 180 mg EPA + 120 mg DHA | Puhdas+","description":"Auk\u0161\u010diausios kokyb\u0117s Omega-3 180 mg EPA + 120 mg DHA \u2013 auk\u0161tos kokyb\u0117s \u017euv\u0173 taukai, skirti \u0161irdies ir smegen\u0173 sveikatai palaikyti. Sud\u0117tyje yra nat\u016brali\u0173 omega-3 riebal\u0173 r\u016bg\u0161\u010di\u0173.","robots":{"index":"index","follow":"follow","max-snippet":"max-snippet:-1","max-image-preview":"max-image-preview:large","max-video-preview":"max-video-preview:-1"},"canonical":"https:\/\/puhdasplus.ee\/lt\/produktai\/sirdies-sveikata\/omega-3-lt\/auksciausios-kokybes-omega-3-180-mg-epa-120-mg-dha\/","og_locale":"lt_LT","og_type":"article","og_title":"Auk\u0161\u010diausios kokyb\u0117s Omega-3 180 mg EPA + 120 mg DHA | Puhdas+","og_description":"Auk\u0161\u010diausios kokyb\u0117s Omega-3 180 mg EPA + 120 mg DHA \u2013 auk\u0161tos kokyb\u0117s \u017euv\u0173 taukai, skirti \u0161irdies ir smegen\u0173 sveikatai palaikyti. Sud\u0117tyje yra nat\u016brali\u0173 omega-3 riebal\u0173 r\u016bg\u0161\u010di\u0173.","og_url":"https:\/\/puhdasplus.ee\/lt\/produktai\/sirdies-sveikata\/omega-3-lt\/auksciausios-kokybes-omega-3-180-mg-epa-120-mg-dha\/","og_site_name":"Puhdas+","article_publisher":"https:\/\/www.facebook.com\/puhdasplus","article_modified_time":"2026-04-07T16:51:41+00:00","og_image":[{"width":1862,"height":2560,"url":"https:\/\/puhdasplus.ee\/wp-content\/uploads\/2025\/03\/183.jpg","type":"image\/jpeg"}],"twitter_card":"summary_large_image","twitter_misc":{"Est. reading time":"2 minut\u0117"},"schema":{"@context":"https:\/\/schema.org","@graph":[{"@type":"WebPage","@id":"https:\/\/puhdasplus.ee\/lt\/produktai\/sirdies-sveikata\/omega-3-lt\/auksciausios-kokybes-omega-3-180-mg-epa-120-mg-dha\/","url":"https:\/\/puhdasplus.ee\/lt\/produktai\/sirdies-sveikata\/omega-3-lt\/auksciausios-kokybes-omega-3-180-mg-epa-120-mg-dha\/","name":"Auk\u0161\u010diausios kokyb\u0117s Omega-3 180 mg EPA + 120 mg DHA | Puhdas+","isPartOf":{"@id":"https:\/\/puhdasplus.ee\/lt\/#website"},"primaryImageOfPage":{"@id":"https:\/\/puhdasplus.ee\/lt\/produktai\/sirdies-sveikata\/omega-3-lt\/auksciausios-kokybes-omega-3-180-mg-epa-120-mg-dha\/#primaryimage"},"image":{"@id":"https:\/\/puhdasplus.ee\/lt\/produktai\/sirdies-sveikata\/omega-3-lt\/auksciausios-kokybes-omega-3-180-mg-epa-120-mg-dha\/#primaryimage"},"thumbnailUrl":"https:\/\/puhdasplus.ee\/wp-content\/uploads\/2025\/03\/183.jpg","datePublished":"2025-01-16T10:40:44+00:00","dateModified":"2026-04-07T16:51:41+00:00","description":"Auk\u0161\u010diausios kokyb\u0117s Omega-3 180 mg EPA + 120 mg DHA \u2013 auk\u0161tos kokyb\u0117s \u017euv\u0173 taukai, skirti \u0161irdies ir smegen\u0173 sveikatai palaikyti. Sud\u0117tyje yra nat\u016brali\u0173 omega-3 riebal\u0173 r\u016bg\u0161\u010di\u0173.","breadcrumb":{"@id":"https:\/\/puhdasplus.ee\/lt\/produktai\/sirdies-sveikata\/omega-3-lt\/auksciausios-kokybes-omega-3-180-mg-epa-120-mg-dha\/#breadcrumb"},"inLanguage":"lt-LT","potentialAction":[{"@type":"ReadAction","target":["https:\/\/puhdasplus.ee\/lt\/produktai\/sirdies-sveikata\/omega-3-lt\/auksciausios-kokybes-omega-3-180-mg-epa-120-mg-dha\/"]}]},{"@type":"ImageObject","inLanguage":"lt-LT","@id":"https:\/\/puhdasplus.ee\/lt\/produktai\/sirdies-sveikata\/omega-3-lt\/auksciausios-kokybes-omega-3-180-mg-epa-120-mg-dha\/#primaryimage","url":"https:\/\/puhdasplus.ee\/wp-content\/uploads\/2025\/03\/183.jpg","contentUrl":"https:\/\/puhdasplus.ee\/wp-content\/uploads\/2025\/03\/183.jpg","width":1862,"height":2560,"caption":"Auk\u0161\u010diausios kokyb\u0117s Omega-3 180 mg EPA + 120 mg DHA"},{"@type":"BreadcrumbList","@id":"https:\/\/puhdasplus.ee\/lt\/produktai\/sirdies-sveikata\/omega-3-lt\/auksciausios-kokybes-omega-3-180-mg-epa-120-mg-dha\/#breadcrumb","itemListElement":[{"@type":"ListItem","position":1,"name":"Prad\u017eia","item":"https:\/\/puhdasplus.ee\/lt\/"},{"@type":"ListItem","position":2,"name":"Produktai","item":"https:\/\/puhdasplus.ee\/lt\/parduotuve\/"},{"@type":"ListItem","position":3,"name":"Auk\u0161\u010diausios kokyb\u0117s Omega-3 180 mg EPA + 120 mg DHA"}]},{"@type":"WebSite","@id":"https:\/\/puhdasplus.ee\/lt\/#website","url":"https:\/\/puhdasplus.ee\/lt\/","name":"Puhdas+","description":"Vitaminai, maisto papildai, nat\u016brali kosmetika, sveikata, sportas","publisher":{"@id":"https:\/\/puhdasplus.ee\/lt\/#organization"},"potentialAction":[{"@type":"SearchAction","target":{"@type":"EntryPoint","urlTemplate":"https:\/\/puhdasplus.ee\/lt\/?s={search_term_string}"},"query-input":{"@type":"PropertyValueSpecification","valueRequired":true,"valueName":"search_term_string"}}],"inLanguage":"lt-LT"},{"@type":"Organization","@id":"https:\/\/puhdasplus.ee\/lt\/#organization","name":"Puhdas+","alternateName":"Puhdasplus","url":"https:\/\/puhdasplus.ee\/lt\/","logo":{"@type":"ImageObject","inLanguage":"lt-LT","@id":"https:\/\/puhdasplus.ee\/lt\/#\/schema\/logo\/image\/","url":"https:\/\/puhdasplus.ee\/wp-content\/uploads\/2019\/10\/puhdas_logo-arvele.png","contentUrl":"https:\/\/puhdasplus.ee\/wp-content\/uploads\/2019\/10\/puhdas_logo-arvele.png","width":114,"height":94,"caption":"Puhdas+"},"image":{"@id":"https:\/\/puhdasplus.ee\/lt\/#\/schema\/logo\/image\/"},"sameAs":["https:\/\/www.facebook.com\/puhdasplus","https:\/\/www.instagram.com\/puhdasplus_ee\/"]}]}},"_yoast_wpseo_title":"Auk\u0161\u010diausios kokyb\u0117s Omega-3 180 mg EPA + 120 mg DHA | Puhdas+","_yoast_wpseo_metadesc":"Auk\u0161\u010diausios kokyb\u0117s Omega-3 180 mg EPA + 120 mg DHA \u2013 auk\u0161tos kokyb\u0117s \u017euv\u0173 taukai, skirti \u0161irdies ir smegen\u0173 sveikatai palaikyti. Sud\u0117tyje yra nat\u016brali\u0173 omega-3 riebal\u0173 r\u016bg\u0161\u010di\u0173.","_yoast_wpseo_focuskw":"Omega-3","_links":{"self":[{"href":"https:\/\/puhdasplus.ee\/lt\/wp-json\/wp\/v2\/product\/33316","targetHints":{"allow":["GET"]}}],"collection":[{"href":"https:\/\/puhdasplus.ee\/lt\/wp-json\/wp\/v2\/product"}],"about":[{"href":"https:\/\/puhdasplus.ee\/lt\/wp-json\/wp\/v2\/types\/product"}],"replies":[{"embeddable":true,"href":"https:\/\/puhdasplus.ee\/lt\/wp-json\/wp\/v2\/comments?post=33316"}],"wp:featuredmedia":[{"embeddable":true,"href":"https:\/\/puhdasplus.ee\/lt\/wp-json\/wp\/v2\/media\/32528"}],"wp:attachment":[{"href":"https:\/\/puhdasplus.ee\/lt\/wp-json\/wp\/v2\/media?parent=33316"}],"wp:term":[{"taxonomy":"product_brand","embeddable":true,"href":"https:\/\/puhdasplus.ee\/lt\/wp-json\/wp\/v2\/product_brand?post=33316"},{"taxonomy":"product_cat","embeddable":true,"href":"https:\/\/puhdasplus.ee\/lt\/wp-json\/wp\/v2\/product_cat?post=33316"},{"taxonomy":"product_tag","embeddable":true,"href":"https:\/\/puhdasplus.ee\/lt\/wp-json\/wp\/v2\/product_tag?post=33316"}],"curies":[{"name":"wp","href":"https:\/\/api.w.org\/{rel}","templated":true}]}}