{"id":33283,"date":"2024-07-15T15:18:58","date_gmt":"2024-07-15T12:18:58","guid":{"rendered":"https:\/\/puhdasplus.ee\/tooted\/be-kategorijos\/grozio-biotinas-5000-%c2%b5g-60-kapsuliu\/"},"modified":"2026-04-07T20:11:12","modified_gmt":"2026-04-07T17:11:12","slug":"grozio-biotinas-5000-%c2%b5g-60-kapsuliu","status":"publish","type":"product","link":"https:\/\/puhdasplus.ee\/lt\/produktai\/oda-plaukai-nagai\/grozio-biotinas-5000-%c2%b5g-60-kapsuliu\/","title":{"rendered":"Gro\u017eio biotinas 5000 \u00b5g 60 kapsuli\u0173"},"content":{"rendered":"<h2>Kas yra biotinas?<\/h2>\n<p>Biotinas, dar \u017einomas kaip vitaminas B7 arba vitaminas H, yra vandenyje tirpus B grup\u0117s vitaminas, atliekantis svarb\u0173 vaidmen\u012f <strong>organizmo med\u017eiag\u0173 apykaitoje, nerv\u0173 sistemos veikloje<\/strong> ir <strong>plauk\u0173 bei odos gerovei<\/strong> . Biotinas padeda organizmui panaudoti riebalus, baltymus ir angliavandenius bei palaiko l\u0105steli\u0173 energijos apykait\u0105. <\/p>\n<p>Kadangi biotinas tiesiogiai veikia keratino \u2013 pagrindinio plauk\u0173, odos ir nag\u0173 statybinio baltymo \u2013 gamyb\u0105, jis yra vienas svarbiausi\u0173 vitamin\u0173, jei norite <strong>sveik\u0173 plauk\u0173, stipri\u0173 nag\u0173 ir spindin\u010dios odos<\/strong> .<\/p>\n<h2>Kod\u0117l \u201ePuhdas+ Biotin 5000 \u00b5g\u201c yra naudingas?<\/h2>\n<h3>Prisideda prie normalios plauk\u0173 b\u016bkl\u0117s<\/h3>\n<p>Biotinas skatina keratino gamyb\u0105, taip prisid\u0117damas prie plauk\u0173 augimo, storio ir stiprumo. Tinka tiems, kurie nori palaikyti savo plauk\u0173 b\u016bkl\u0119 ar pagerinti j\u0173 i\u0161vaizd\u0105. <\/p>\n<h3>R\u016bpinasi oda ir gleivin\u0117mis<\/h3>\n<p>Biotinas padeda i\u0161laikyti od\u0105 sveik\u0105 ir sudr\u0117kint\u0105, taip pat palaiko normali\u0105 gleivini\u0173 b\u016bkl\u0119, pad\u0117damas i\u0161vengti sausumo ar sudirginimo.<\/p>\n<h3>Palaiko nerv\u0173 sistem\u0105<\/h3>\n<p>Vitaminas B7 padeda palaikyti normali\u0105 nerv\u0173 sistemos funkcij\u0105, o biotinas \u2013 normali\u0105 nerv\u0173 sistemos funkcij\u0105.<\/p>\n<h3>Tinka veganams ir \u017emon\u0117ms su jautria vir\u0161kinimo sistema<\/h3>\n<p>\u201ePuhdas+ Biotin 5000 \u00b5g\u201c yra 100 % grynas, be glitimo, laktoz\u0117s, cukraus, mieli\u0173, druskos, krakmolo, sojos ar dirbtini\u0173 saldikli\u0173. Jis taip pat idealiai tinka veganams. <\/p>\n<h2>Kam tinka \u0161is produktas?<\/h2>\n<ul>\n<li>\n<p>\u017dmon\u0117ms, turintiems problem\u0173 d\u0117l plauk\u0173 slinkimo ar plon\u0173 plauk\u0173<\/p>\n<\/li>\n<li>\n<p>Tiems, kurie nori sustiprinti nagus arba pagerinti odos b\u016bkl\u0119<\/p>\n<\/li>\n<li>\n<p>Visiems, norintiems palaikyti med\u017eiag\u0173 apykait\u0105 ir nerv\u0173 sistemos veikl\u0105<\/p>\n<\/li>\n<li>\n<p>Vegetarams ir veganams, kuri\u0173 biotino kiekis gali b\u016bti ribotas d\u0117l dietos<\/p>\n<\/li>\n<li>\n<p>Kasdieniam naudojimui kaip gro\u017eio ir sveikatingumo rutinos dalis<\/p>\n<\/li>\n<\/ul>\n<h2>Naudojimas<\/h2>\n<p><strong>Rekomenduojama paros doz\u0117:<\/strong> 1 kapsul\u0117 per dien\u0105, u\u017egeriant vandeniu.<\/p>\n<p>Nevir\u0161ykite paros doz\u0117s. Maisto papildas n\u0117ra \u012fvairios mitybos ar sveiko gyvenimo b\u016bdo pakaitalas. Laikyti vaikams nepasiekiamoje vietoje.  <\/p>\n<h2>Sudedamosios dalys ir maistin\u0117 vert\u0117<\/h2>\n<ul>\n<li>\n<p><strong>Sudedamosios dalys:<\/strong> mikrokristalin\u0117 celiulioz\u0117 (u\u017epildas), kapsul\u0117 (hidroksipropilmetilceliulioz\u0117), D-biotinas<\/p>\n<\/li>\n<li>\n<p><strong>1 kapsul\u0117je yra:<\/strong><\/p>\n<ul>\n<li>\n<p>Biotinas: 5000 \u00b5g (10 000 % RMV*)<\/p>\n<\/li>\n<\/ul>\n<\/li>\n<\/ul>\n<p>(*RMV \u2013 referencin\u0117 paros norma)<\/p>\n<p><strong>Gamintojas:<\/strong> New Organics Oy, Suomija<br \/><strong>Importuotojas:<\/strong> NordenBio O\u00dc, Narva mnt 7, 10117 Talinas, Estija<\/p>\n<p><strong>\u017di\u016br\u0117ti taip pat:<\/strong> <a href=\"https:\/\/puhdasplus.ee\/toote-kategooria\/biotiin\/\">Biotiin<\/a> | <a href=\"https:\/\/puhdasplus.ee\/toote-kategooria\/nahk-juuksed-kuuned\/\">Oda, plaukai, nagai<\/a> | <a href=\"https:\/\/puhdasplus.ee\/toote-kategooria\/looduskosmeetika\/\">Looduskosmeetika<\/a><\/p>\n","protected":false},"excerpt":{"rendered":"<blockquote><p><b>\u201ePuhdas+ Strong Biotin 5000 \u00b5g\u201c yra auk\u0161tos kokyb\u0117s maisto papildas, kuriame yra didel\u0117 doz\u0117 lengvai pasisavinamo biotino (vitamino B7). Biotinas padeda palaikyti normali\u0105 plauk\u0173, odos ir gleivini\u0173 b\u016bkl\u0119 bei palaiko normali\u0105 nerv\u0173 sistemos veikl\u0105. Produktas pagamintas Suomijoje, jame n\u0117ra laktoz\u0117s, glitimo, mieli\u0173, cukraus, druskos, sojos ar dirbtini\u0173 pried\u0173 ir tinka veganams.  <\/b><\/p><\/blockquote>\n","protected":false},"featured_media":33286,"comment_status":"closed","ping_status":"closed","template":"","meta":{"_acf_changed":false,"googlesitekit_rrm_CAow3eq7DA:productID":""},"product_brand":[],"product_cat":[3283,3282],"product_tag":[8350,3284,3131,8354,3285,2562,8331,8374,2967,8370],"class_list":{"0":"post-33283","1":"product","2":"type-product","3":"status-publish","4":"has-post-thumbnail","6":"product_cat-biotinas","7":"product_cat-oda-plaukai-nagai","8":"product_tag-be-laktozs-lt","9":"product_tag-biotinas","10":"product_tag-maisto-papildas","11":"product_tag-moterims-lt","12":"product_tag-odos-sveikata","13":"product_tag-plauku-prieziura","14":"product_tag-plauk-slinkimas-lt","15":"product_tag-suomijos-kokyb-lt","16":"product_tag-veganas","17":"product_tag-vitaminai-lt","19":"first","20":"instock","21":"taxable","22":"shipping-taxable","23":"purchasable","24":"product-type-simple"},"acf":[],"yoast_head":"<!-- This site is optimized with the Yoast SEO plugin v27.3 - https:\/\/yoast.com\/product\/yoast-seo-wordpress\/ -->\n<title>Gro\u017eio biotinas 5000 \u00b5g 60 kapsuli\u0173 | Puhdas+<\/title>\n<meta name=\"description\" content=\"\u201eBeauty Biotin 5000 \u00b5g\u201c \u2013 didelio stiprumo biotino papildas, skatinantis plauk\u0173 augim\u0105, nag\u0173 stiprum\u0105 ir odos sveikat\u0105. Tinka veganams!\" \/>\n<meta name=\"robots\" content=\"index, follow, max-snippet:-1, max-image-preview:large, max-video-preview:-1\" \/>\n<link rel=\"canonical\" href=\"https:\/\/puhdasplus.ee\/lt\/produktai\/oda-plaukai-nagai\/grozio-biotinas-5000-%c2%b5g-60-kapsuliu\/\" \/>\n<meta property=\"og:locale\" content=\"lt_LT\" \/>\n<meta property=\"og:type\" content=\"article\" \/>\n<meta property=\"og:title\" content=\"Gro\u017eio biotinas 5000 \u00b5g 60 kapsuli\u0173 | Puhdas+\" \/>\n<meta property=\"og:description\" content=\"\u201eBeauty Biotin 5000 \u00b5g\u201c \u2013 didelio stiprumo biotino papildas, skatinantis plauk\u0173 augim\u0105, nag\u0173 stiprum\u0105 ir odos sveikat\u0105. Tinka veganams!\" \/>\n<meta property=\"og:url\" content=\"https:\/\/puhdasplus.ee\/lt\/produktai\/oda-plaukai-nagai\/grozio-biotinas-5000-%c2%b5g-60-kapsuliu\/\" \/>\n<meta property=\"og:site_name\" content=\"Puhdas+\" \/>\n<meta property=\"article:publisher\" content=\"https:\/\/www.facebook.com\/puhdasplus\" \/>\n<meta property=\"article:modified_time\" content=\"2026-04-07T17:11:12+00:00\" \/>\n<meta property=\"og:image\" content=\"https:\/\/puhdasplus.ee\/wp-content\/uploads\/2025\/03\/106.jpg\" \/>\n\t<meta property=\"og:image:width\" content=\"1862\" \/>\n\t<meta property=\"og:image:height\" content=\"2560\" \/>\n\t<meta property=\"og:image:type\" content=\"image\/jpeg\" \/>\n<meta name=\"twitter:card\" content=\"summary_large_image\" \/>\n<meta name=\"twitter:label1\" content=\"Est. reading time\" \/>\n\t<meta name=\"twitter:data1\" content=\"2 minut\u0117\" \/>\n<script type=\"application\/ld+json\" class=\"yoast-schema-graph\">{\"@context\":\"https:\\\/\\\/schema.org\",\"@graph\":[{\"@type\":\"WebPage\",\"@id\":\"https:\\\/\\\/puhdasplus.ee\\\/lt\\\/produktai\\\/oda-plaukai-nagai\\\/grozio-biotinas-5000-%c2%b5g-60-kapsuliu\\\/\",\"url\":\"https:\\\/\\\/puhdasplus.ee\\\/lt\\\/produktai\\\/oda-plaukai-nagai\\\/grozio-biotinas-5000-%c2%b5g-60-kapsuliu\\\/\",\"name\":\"Gro\u017eio biotinas 5000 \u00b5g 60 kapsuli\u0173 | Puhdas+\",\"isPartOf\":{\"@id\":\"https:\\\/\\\/puhdasplus.ee\\\/lt\\\/#website\"},\"primaryImageOfPage\":{\"@id\":\"https:\\\/\\\/puhdasplus.ee\\\/lt\\\/produktai\\\/oda-plaukai-nagai\\\/grozio-biotinas-5000-%c2%b5g-60-kapsuliu\\\/#primaryimage\"},\"image\":{\"@id\":\"https:\\\/\\\/puhdasplus.ee\\\/lt\\\/produktai\\\/oda-plaukai-nagai\\\/grozio-biotinas-5000-%c2%b5g-60-kapsuliu\\\/#primaryimage\"},\"thumbnailUrl\":\"https:\\\/\\\/puhdasplus.ee\\\/wp-content\\\/uploads\\\/2025\\\/03\\\/106.jpg\",\"datePublished\":\"2024-07-15T12:18:58+00:00\",\"dateModified\":\"2026-04-07T17:11:12+00:00\",\"description\":\"\u201eBeauty Biotin 5000 \u00b5g\u201c \u2013 didelio stiprumo biotino papildas, skatinantis plauk\u0173 augim\u0105, nag\u0173 stiprum\u0105 ir odos sveikat\u0105. Tinka veganams!\",\"breadcrumb\":{\"@id\":\"https:\\\/\\\/puhdasplus.ee\\\/lt\\\/produktai\\\/oda-plaukai-nagai\\\/grozio-biotinas-5000-%c2%b5g-60-kapsuliu\\\/#breadcrumb\"},\"inLanguage\":\"lt-LT\",\"potentialAction\":[{\"@type\":\"ReadAction\",\"target\":[\"https:\\\/\\\/puhdasplus.ee\\\/lt\\\/produktai\\\/oda-plaukai-nagai\\\/grozio-biotinas-5000-%c2%b5g-60-kapsuliu\\\/\"]}]},{\"@type\":\"ImageObject\",\"inLanguage\":\"lt-LT\",\"@id\":\"https:\\\/\\\/puhdasplus.ee\\\/lt\\\/produktai\\\/oda-plaukai-nagai\\\/grozio-biotinas-5000-%c2%b5g-60-kapsuliu\\\/#primaryimage\",\"url\":\"https:\\\/\\\/puhdasplus.ee\\\/wp-content\\\/uploads\\\/2025\\\/03\\\/106.jpg\",\"contentUrl\":\"https:\\\/\\\/puhdasplus.ee\\\/wp-content\\\/uploads\\\/2025\\\/03\\\/106.jpg\",\"width\":1862,\"height\":2560,\"caption\":\"Gro\u017eio biotinas 5000 \u00b5g 60 vegetari\u0161k\u0173 kapsuli\u0173\"},{\"@type\":\"BreadcrumbList\",\"@id\":\"https:\\\/\\\/puhdasplus.ee\\\/lt\\\/produktai\\\/oda-plaukai-nagai\\\/grozio-biotinas-5000-%c2%b5g-60-kapsuliu\\\/#breadcrumb\",\"itemListElement\":[{\"@type\":\"ListItem\",\"position\":1,\"name\":\"Prad\u017eia\",\"item\":\"https:\\\/\\\/puhdasplus.ee\\\/lt\\\/\"},{\"@type\":\"ListItem\",\"position\":2,\"name\":\"Produktai\",\"item\":\"https:\\\/\\\/puhdasplus.ee\\\/lt\\\/parduotuve\\\/\"},{\"@type\":\"ListItem\",\"position\":3,\"name\":\"Gro\u017eio biotinas 5000 \u00b5g 60 kapsuli\u0173\"}]},{\"@type\":\"WebSite\",\"@id\":\"https:\\\/\\\/puhdasplus.ee\\\/lt\\\/#website\",\"url\":\"https:\\\/\\\/puhdasplus.ee\\\/lt\\\/\",\"name\":\"Puhdas+\",\"description\":\"Vitaminai, maisto papildai, nat\u016brali kosmetika, sveikata, sportas\",\"publisher\":{\"@id\":\"https:\\\/\\\/puhdasplus.ee\\\/lt\\\/#organization\"},\"potentialAction\":[{\"@type\":\"SearchAction\",\"target\":{\"@type\":\"EntryPoint\",\"urlTemplate\":\"https:\\\/\\\/puhdasplus.ee\\\/lt\\\/?s={search_term_string}\"},\"query-input\":{\"@type\":\"PropertyValueSpecification\",\"valueRequired\":true,\"valueName\":\"search_term_string\"}}],\"inLanguage\":\"lt-LT\"},{\"@type\":\"Organization\",\"@id\":\"https:\\\/\\\/puhdasplus.ee\\\/lt\\\/#organization\",\"name\":\"Puhdas+\",\"alternateName\":\"Puhdasplus\",\"url\":\"https:\\\/\\\/puhdasplus.ee\\\/lt\\\/\",\"logo\":{\"@type\":\"ImageObject\",\"inLanguage\":\"lt-LT\",\"@id\":\"https:\\\/\\\/puhdasplus.ee\\\/lt\\\/#\\\/schema\\\/logo\\\/image\\\/\",\"url\":\"https:\\\/\\\/puhdasplus.ee\\\/wp-content\\\/uploads\\\/2019\\\/10\\\/puhdas_logo-arvele.png\",\"contentUrl\":\"https:\\\/\\\/puhdasplus.ee\\\/wp-content\\\/uploads\\\/2019\\\/10\\\/puhdas_logo-arvele.png\",\"width\":114,\"height\":94,\"caption\":\"Puhdas+\"},\"image\":{\"@id\":\"https:\\\/\\\/puhdasplus.ee\\\/lt\\\/#\\\/schema\\\/logo\\\/image\\\/\"},\"sameAs\":[\"https:\\\/\\\/www.facebook.com\\\/puhdasplus\",\"https:\\\/\\\/www.instagram.com\\\/puhdasplus_ee\\\/\"]}]}<\/script>\n<!-- \/ Yoast SEO plugin. -->","yoast_head_json":{"title":"Gro\u017eio biotinas 5000 \u00b5g 60 kapsuli\u0173 | Puhdas+","description":"\u201eBeauty Biotin 5000 \u00b5g\u201c \u2013 didelio stiprumo biotino papildas, skatinantis plauk\u0173 augim\u0105, nag\u0173 stiprum\u0105 ir odos sveikat\u0105. Tinka veganams!","robots":{"index":"index","follow":"follow","max-snippet":"max-snippet:-1","max-image-preview":"max-image-preview:large","max-video-preview":"max-video-preview:-1"},"canonical":"https:\/\/puhdasplus.ee\/lt\/produktai\/oda-plaukai-nagai\/grozio-biotinas-5000-%c2%b5g-60-kapsuliu\/","og_locale":"lt_LT","og_type":"article","og_title":"Gro\u017eio biotinas 5000 \u00b5g 60 kapsuli\u0173 | Puhdas+","og_description":"\u201eBeauty Biotin 5000 \u00b5g\u201c \u2013 didelio stiprumo biotino papildas, skatinantis plauk\u0173 augim\u0105, nag\u0173 stiprum\u0105 ir odos sveikat\u0105. Tinka veganams!","og_url":"https:\/\/puhdasplus.ee\/lt\/produktai\/oda-plaukai-nagai\/grozio-biotinas-5000-%c2%b5g-60-kapsuliu\/","og_site_name":"Puhdas+","article_publisher":"https:\/\/www.facebook.com\/puhdasplus","article_modified_time":"2026-04-07T17:11:12+00:00","og_image":[{"width":1862,"height":2560,"url":"https:\/\/puhdasplus.ee\/wp-content\/uploads\/2025\/03\/106.jpg","type":"image\/jpeg"}],"twitter_card":"summary_large_image","twitter_misc":{"Est. reading time":"2 minut\u0117"},"schema":{"@context":"https:\/\/schema.org","@graph":[{"@type":"WebPage","@id":"https:\/\/puhdasplus.ee\/lt\/produktai\/oda-plaukai-nagai\/grozio-biotinas-5000-%c2%b5g-60-kapsuliu\/","url":"https:\/\/puhdasplus.ee\/lt\/produktai\/oda-plaukai-nagai\/grozio-biotinas-5000-%c2%b5g-60-kapsuliu\/","name":"Gro\u017eio biotinas 5000 \u00b5g 60 kapsuli\u0173 | Puhdas+","isPartOf":{"@id":"https:\/\/puhdasplus.ee\/lt\/#website"},"primaryImageOfPage":{"@id":"https:\/\/puhdasplus.ee\/lt\/produktai\/oda-plaukai-nagai\/grozio-biotinas-5000-%c2%b5g-60-kapsuliu\/#primaryimage"},"image":{"@id":"https:\/\/puhdasplus.ee\/lt\/produktai\/oda-plaukai-nagai\/grozio-biotinas-5000-%c2%b5g-60-kapsuliu\/#primaryimage"},"thumbnailUrl":"https:\/\/puhdasplus.ee\/wp-content\/uploads\/2025\/03\/106.jpg","datePublished":"2024-07-15T12:18:58+00:00","dateModified":"2026-04-07T17:11:12+00:00","description":"\u201eBeauty Biotin 5000 \u00b5g\u201c \u2013 didelio stiprumo biotino papildas, skatinantis plauk\u0173 augim\u0105, nag\u0173 stiprum\u0105 ir odos sveikat\u0105. Tinka veganams!","breadcrumb":{"@id":"https:\/\/puhdasplus.ee\/lt\/produktai\/oda-plaukai-nagai\/grozio-biotinas-5000-%c2%b5g-60-kapsuliu\/#breadcrumb"},"inLanguage":"lt-LT","potentialAction":[{"@type":"ReadAction","target":["https:\/\/puhdasplus.ee\/lt\/produktai\/oda-plaukai-nagai\/grozio-biotinas-5000-%c2%b5g-60-kapsuliu\/"]}]},{"@type":"ImageObject","inLanguage":"lt-LT","@id":"https:\/\/puhdasplus.ee\/lt\/produktai\/oda-plaukai-nagai\/grozio-biotinas-5000-%c2%b5g-60-kapsuliu\/#primaryimage","url":"https:\/\/puhdasplus.ee\/wp-content\/uploads\/2025\/03\/106.jpg","contentUrl":"https:\/\/puhdasplus.ee\/wp-content\/uploads\/2025\/03\/106.jpg","width":1862,"height":2560,"caption":"Gro\u017eio biotinas 5000 \u00b5g 60 vegetari\u0161k\u0173 kapsuli\u0173"},{"@type":"BreadcrumbList","@id":"https:\/\/puhdasplus.ee\/lt\/produktai\/oda-plaukai-nagai\/grozio-biotinas-5000-%c2%b5g-60-kapsuliu\/#breadcrumb","itemListElement":[{"@type":"ListItem","position":1,"name":"Prad\u017eia","item":"https:\/\/puhdasplus.ee\/lt\/"},{"@type":"ListItem","position":2,"name":"Produktai","item":"https:\/\/puhdasplus.ee\/lt\/parduotuve\/"},{"@type":"ListItem","position":3,"name":"Gro\u017eio biotinas 5000 \u00b5g 60 kapsuli\u0173"}]},{"@type":"WebSite","@id":"https:\/\/puhdasplus.ee\/lt\/#website","url":"https:\/\/puhdasplus.ee\/lt\/","name":"Puhdas+","description":"Vitaminai, maisto papildai, nat\u016brali kosmetika, sveikata, sportas","publisher":{"@id":"https:\/\/puhdasplus.ee\/lt\/#organization"},"potentialAction":[{"@type":"SearchAction","target":{"@type":"EntryPoint","urlTemplate":"https:\/\/puhdasplus.ee\/lt\/?s={search_term_string}"},"query-input":{"@type":"PropertyValueSpecification","valueRequired":true,"valueName":"search_term_string"}}],"inLanguage":"lt-LT"},{"@type":"Organization","@id":"https:\/\/puhdasplus.ee\/lt\/#organization","name":"Puhdas+","alternateName":"Puhdasplus","url":"https:\/\/puhdasplus.ee\/lt\/","logo":{"@type":"ImageObject","inLanguage":"lt-LT","@id":"https:\/\/puhdasplus.ee\/lt\/#\/schema\/logo\/image\/","url":"https:\/\/puhdasplus.ee\/wp-content\/uploads\/2019\/10\/puhdas_logo-arvele.png","contentUrl":"https:\/\/puhdasplus.ee\/wp-content\/uploads\/2019\/10\/puhdas_logo-arvele.png","width":114,"height":94,"caption":"Puhdas+"},"image":{"@id":"https:\/\/puhdasplus.ee\/lt\/#\/schema\/logo\/image\/"},"sameAs":["https:\/\/www.facebook.com\/puhdasplus","https:\/\/www.instagram.com\/puhdasplus_ee\/"]}]}},"_yoast_wpseo_title":"Gro\u017eio biotinas 5000 \u00b5g 60 kapsuli\u0173 | Puhdas+","_yoast_wpseo_metadesc":"\u201eBeauty Biotin 5000 \u00b5g\u201c \u2013 didelio stiprumo biotino papildas, skatinantis plauk\u0173 augim\u0105, nag\u0173 stiprum\u0105 ir odos sveikat\u0105. Tinka veganams!","_yoast_wpseo_focuskw":"","_links":{"self":[{"href":"https:\/\/puhdasplus.ee\/lt\/wp-json\/wp\/v2\/product\/33283","targetHints":{"allow":["GET"]}}],"collection":[{"href":"https:\/\/puhdasplus.ee\/lt\/wp-json\/wp\/v2\/product"}],"about":[{"href":"https:\/\/puhdasplus.ee\/lt\/wp-json\/wp\/v2\/types\/product"}],"replies":[{"embeddable":true,"href":"https:\/\/puhdasplus.ee\/lt\/wp-json\/wp\/v2\/comments?post=33283"}],"wp:featuredmedia":[{"embeddable":true,"href":"https:\/\/puhdasplus.ee\/lt\/wp-json\/wp\/v2\/media\/33286"}],"wp:attachment":[{"href":"https:\/\/puhdasplus.ee\/lt\/wp-json\/wp\/v2\/media?parent=33283"}],"wp:term":[{"taxonomy":"product_brand","embeddable":true,"href":"https:\/\/puhdasplus.ee\/lt\/wp-json\/wp\/v2\/product_brand?post=33283"},{"taxonomy":"product_cat","embeddable":true,"href":"https:\/\/puhdasplus.ee\/lt\/wp-json\/wp\/v2\/product_cat?post=33283"},{"taxonomy":"product_tag","embeddable":true,"href":"https:\/\/puhdasplus.ee\/lt\/wp-json\/wp\/v2\/product_tag?post=33283"}],"curies":[{"name":"wp","href":"https:\/\/api.w.org\/{rel}","templated":true}]}}