{"id":33263,"date":"2024-05-27T11:24:17","date_gmt":"2024-05-27T08:24:17","guid":{"rendered":"https:\/\/puhdasplus.ee\/tooted\/be-kategorijos\/elektrolitu-milteliai-mango-skonio-120-g\/"},"modified":"2026-04-07T20:03:54","modified_gmt":"2026-04-07T17:03:54","slug":"elektrolitu-milteliai-mango-skonio-120-g","status":"publish","type":"product","link":"https:\/\/puhdasplus.ee\/lt\/produktai\/sportas\/elektrolitu-milteliai-mango-skonio-120-g\/","title":{"rendered":"Elektrolit\u0173 milteliai, mango skonio, 120 g"},"content":{"rendered":"<h2>Kas yra \u201ePuhdas+\u201c elektrolit\u0173 milteliai?<\/h2>\n<p>\u201ePuhdas+\u201c elektrolit\u0173 milteliai yra auk\u0161tos kokyb\u0117s maisto papildas, skirtas palaikyti organizmo elektrolit\u0173 pusiausvyr\u0105. Jie ypa\u010d naudingi fizinio kr\u016bvio, kar\u0161to oro ar dehidratacijos metu. \u200b<\/p>\n<p>Gardus mango skonis daro \u0161iuos miltelius malonius ir lengvai susimai\u0161o su vandeniu, tod\u0117l g\u0117rimas yra gaivus.<\/p>\n<h2>Kod\u0117l elektrolitai yra svarb\u016bs?<\/h2>\n<p>Elektrolitai, tokie kaip natris, kalis, magnis ir kalcis, yra b\u016btini normaliam organizmo funkcionavimui. Jie: \u200b<\/p>\n<ul>\n<li>\n<p>Padeda palaikyti skys\u010di\u0173 pusiausvyr\u0105 organizme<\/p>\n<\/li>\n<li>\n<p>Palaiko normali\u0105 raumen\u0173 ir nerv\u0173 funkcij\u0105<\/p>\n<\/li>\n<li>\n<p>Prisid\u0117kite prie energijos apykaitos ir ma\u017einkite nuovarg\u012f<\/p>\n<\/li>\n<li>\n<p>Svarb\u016bs \u0161irdies funkcijai ir kraujosp\u016bd\u017eio reguliavimui<\/p>\n<\/li>\n<\/ul>\n<p>Elektrolit\u0173 kiekis gali suma\u017e\u0117ti fizinio kr\u016bvio, prakaitavimo ar ligos metu, tod\u0117l svarbu s\u0105moningai j\u012f papildyti.<\/p>\n<h2>Produkto sudedamosios dalys<\/h2>\n<p>\u201ePuhdas+\u201c elektrolit\u0173 milteli\u0173 sud\u0117tyje yra \u0161ios sudedamosios dalys: natrio chloridas, r\u016bg\u0161tingum\u0105 reguliuojanti med\u017eiaga (obuoli\u0173 r\u016bg\u0161tis), natrio bikarbonatas, L-glicinas, natrio askorbatas (vitamino C \u0161altinis), kalcio citratas, magnio malatas, kalio chloridas, nat\u016bralus mango aromatas, saldiklis: steviolio glikozidai i\u0161 stevijos .<\/p>\n<p>Produkte n\u0117ra laktoz\u0117s, mieli\u0173, glitimo ar sojos ir tinka veganams.<\/p>\n<h2>Maistin\u0117 vert\u0117 (dienos doz\u0117: 3 matavimo \u0161auk\u0161teliai arba 9 ml)<\/h2>\n<div class=\"group pointer-events-none relative flex justify-center *:pointer-events-auto\">\n<div class=\"tableContainer horzScrollShadows relative\">\n<table class=\"min-w-full\">\n<thead>\n<tr>\n<th>Veiklioji med\u017eiaga<\/th>\n<th>Kiekis<\/th>\n<th>Referencin\u0117s paros normos (RMV*) procentin\u0117 dalis<\/th>\n<\/tr>\n<\/thead>\n<tbody>\n<tr>\n<td class=\"max-w-[calc(var(--thread-content-max-width)*2\/3)]\">Magnis<\/td>\n<td class=\"max-w-[calc(var(--thread-content-max-width)*2\/3)]\">87 mg<\/td>\n<td class=\"max-w-[calc(var(--thread-content-max-width)*2\/3)]\">23%<\/td>\n<\/tr>\n<tr>\n<td class=\"max-w-[calc(var(--thread-content-max-width)*2\/3)]\">Natris<\/td>\n<td class=\"max-w-[calc(var(--thread-content-max-width)*2\/3)]\">1617 mg<\/td>\n<td class=\"max-w-[calc(var(--thread-content-max-width)*2\/3)]\">&#8211;<\/td>\n<\/tr>\n<tr>\n<td class=\"max-w-[calc(var(--thread-content-max-width)*2\/3)]\">Chloras<\/td>\n<td class=\"max-w-[calc(var(--thread-content-max-width)*2\/3)]\">1950 mg<\/td>\n<td class=\"max-w-[calc(var(--thread-content-max-width)*2\/3)]\">244%<\/td>\n<\/tr>\n<tr>\n<td class=\"max-w-[calc(var(--thread-content-max-width)*2\/3)]\">Glicinas<\/td>\n<td class=\"max-w-[calc(var(--thread-content-max-width)*2\/3)]\">1386 mg<\/td>\n<td class=\"max-w-[calc(var(--thread-content-max-width)*2\/3)]\">&#8211;<\/td>\n<\/tr>\n<tr>\n<td class=\"max-w-[calc(var(--thread-content-max-width)*2\/3)]\">Vitaminas C<\/td>\n<td class=\"max-w-[calc(var(--thread-content-max-width)*2\/3)]\">606 mg<\/td>\n<td class=\"max-w-[calc(var(--thread-content-max-width)*2\/3)]\">758%<\/td>\n<\/tr>\n<\/tbody>\n<\/table>\n<\/div>\n<\/div>\n<p>*RMV \u2013 referencin\u0117 paros norma<\/p>\n<h2>Naudojimas<\/h2>\n<p>Suaugusiesiems: 1 matavimo \u0161auk\u0161telis (3 ml) 3 kartus per dien\u0105. Miltelius sumai\u0161ykite su 5 dl vandens arba kito skys\u010dio. Nevir\u0161ykite rekomenduojamos paros doz\u0117s.<\/p>\n<h2>\u201ePuhdas+\u201c elektrolit\u0173 milteli\u0173 privalumai<\/h2>\n<ul>\n<li>\n<p>Be cukraus<\/p>\n<\/li>\n<li>\n<p>Be da\u017eikli\u0173<\/p>\n<\/li>\n<li>\n<p>100 % vegani\u0161kas<\/p>\n<\/li>\n<li>\n<p>Pagaminta Suomijoje<\/p>\n<\/li>\n<\/ul>\n<p>Produktas puikiai tinka sportininkams, aktyviems \u017emon\u0117ms ir visiems, norintiems nat\u016braliai ir efektyviai palaikyti savo organizmo elektrolit\u0173 pusiausvyr\u0105.<\/p>\n<p><strong>\u017di\u016br\u0117ti taip pat:<\/strong> <a href=\"https:\/\/puhdasplus.ee\/toote-kategooria\/elektroluudid\/\">Elektrol\u00fc\u00fcdid<\/a> | <a href=\"https:\/\/puhdasplus.ee\/toote-kategooria\/mineraalained\/\">Mineraalained<\/a> | <a href=\"https:\/\/puhdasplus.ee\/toote-kategooria\/liigesed-lihased-ja-luud\/\">S\u0105nariai, raumenys ir kaulai<\/a><\/p>\n","protected":false},"excerpt":{"rendered":"<p><strong>\u201ePuhdas+\u201c elektrolit\u0173 milteliai su mango skoniu (120 g)<\/strong> \u2013 puikus pasirinkimas aktyviems \u017emon\u0117ms, sportininkams ir visiems, norintiems palaikyti organizmo skys\u010di\u0173 ir mineral\u0173 pusiausvyr\u0105. \u0160ie gaiv\u016bs mango skonio milteliai turi b\u016btin\u0173 elektrolit\u0173, toki\u0173 kaip natris, kalis, magnis ir kalcis, kurie padeda palaikyti normali\u0105 raumen\u0173 ir nerv\u0173 funkcij\u0105 bei ma\u017eina nuovarg\u012f. <\/p>\n<p>Be to, produkte esantis glicinas ir vitaminas C padeda atsigauti ir imunin\u0117s sistemos veiklai. Produktas yra be cukraus, turi nat\u016brali\u0173 skoni\u0173 ir tinka veganams. \u201ePuhdas+\u201c milteliai yra paprastas ir veiksmingas b\u016bdas sustiprinti organizm\u0105 po fizinio kr\u016bvio, kar\u0161tu oru arba dehidratacijos atveju.  <\/p>\n","protected":false},"featured_media":33265,"comment_status":"closed","ping_status":"closed","template":"","meta":{"_acf_changed":false,"googlesitekit_rrm_CAow3eq7DA:productID":""},"product_brand":[],"product_cat":[3122,3120,3016],"product_tag":[8350,3127,3131,7890,8366,8378,7894,8374,2967,8370,3125],"class_list":{"0":"post-33263","1":"product","2":"type-product","3":"status-publish","4":"has-post-thumbnail","6":"product_cat-elektrolitai","7":"product_cat-mineralai","8":"product_cat-sportas","9":"product_tag-be-laktozs-lt","10":"product_tag-magnis","11":"product_tag-maisto-papildas","12":"product_tag-milteliai","13":"product_tag-mineralai-lt","14":"product_tag-natralus-lt","15":"product_tag-sportine-mityba","16":"product_tag-suomijos-kokyb-lt","17":"product_tag-veganas","18":"product_tag-vitaminai-lt","19":"product_tag-vitaminas-c-lt","21":"first","22":"instock","23":"taxable","24":"shipping-taxable","25":"purchasable","26":"product-type-simple"},"acf":[],"yoast_head":"<!-- This site is optimized with the Yoast SEO plugin v27.3 - https:\/\/yoast.com\/product\/yoast-seo-wordpress\/ -->\n<title>Elektrolit\u0173 milteliai, mango skonio, 120 g | Puhdas+<\/title>\n<meta name=\"description\" content=\"Mango skonio elektrolit\u0173 milteliai (120 g) sud\u0117tyje turi b\u016btin\u0173 mineral\u0173 ir maistini\u0173 med\u017eiag\u0173, kurios padeda palaikyti elektrolit\u0173 pusiausvyr\u0105 ir normali\u0105 raumen\u0173 funkcij\u0105.\" \/>\n<meta name=\"robots\" content=\"index, follow, max-snippet:-1, max-image-preview:large, max-video-preview:-1\" \/>\n<link rel=\"canonical\" href=\"https:\/\/puhdasplus.ee\/lt\/produktai\/sportas\/elektrolitu-milteliai-mango-skonio-120-g\/\" \/>\n<meta property=\"og:locale\" content=\"lt_LT\" \/>\n<meta property=\"og:type\" content=\"article\" \/>\n<meta property=\"og:title\" content=\"Elektrolit\u0173 milteliai, mango skonio, 120 g | Puhdas+\" \/>\n<meta property=\"og:description\" content=\"Mango skonio elektrolit\u0173 milteliai (120 g) sud\u0117tyje turi b\u016btin\u0173 mineral\u0173 ir maistini\u0173 med\u017eiag\u0173, kurios padeda palaikyti elektrolit\u0173 pusiausvyr\u0105 ir normali\u0105 raumen\u0173 funkcij\u0105.\" \/>\n<meta property=\"og:url\" content=\"https:\/\/puhdasplus.ee\/lt\/produktai\/sportas\/elektrolitu-milteliai-mango-skonio-120-g\/\" \/>\n<meta property=\"og:site_name\" content=\"Puhdas+\" \/>\n<meta property=\"article:publisher\" content=\"https:\/\/www.facebook.com\/puhdasplus\" \/>\n<meta property=\"article:modified_time\" content=\"2026-04-07T17:03:54+00:00\" \/>\n<meta property=\"og:image\" content=\"https:\/\/puhdasplus.ee\/wp-content\/uploads\/2025\/03\/100.jpg\" \/>\n\t<meta property=\"og:image:width\" content=\"1862\" \/>\n\t<meta property=\"og:image:height\" content=\"2560\" \/>\n\t<meta property=\"og:image:type\" content=\"image\/jpeg\" \/>\n<meta name=\"twitter:card\" content=\"summary_large_image\" \/>\n<meta name=\"twitter:label1\" content=\"Est. reading time\" \/>\n\t<meta name=\"twitter:data1\" content=\"1 minut\u0117\" \/>\n<script type=\"application\/ld+json\" class=\"yoast-schema-graph\">{\"@context\":\"https:\\\/\\\/schema.org\",\"@graph\":[{\"@type\":\"WebPage\",\"@id\":\"https:\\\/\\\/puhdasplus.ee\\\/lt\\\/produktai\\\/sportas\\\/elektrolitu-milteliai-mango-skonio-120-g\\\/\",\"url\":\"https:\\\/\\\/puhdasplus.ee\\\/lt\\\/produktai\\\/sportas\\\/elektrolitu-milteliai-mango-skonio-120-g\\\/\",\"name\":\"Elektrolit\u0173 milteliai, mango skonio, 120 g | Puhdas+\",\"isPartOf\":{\"@id\":\"https:\\\/\\\/puhdasplus.ee\\\/lt\\\/#website\"},\"primaryImageOfPage\":{\"@id\":\"https:\\\/\\\/puhdasplus.ee\\\/lt\\\/produktai\\\/sportas\\\/elektrolitu-milteliai-mango-skonio-120-g\\\/#primaryimage\"},\"image\":{\"@id\":\"https:\\\/\\\/puhdasplus.ee\\\/lt\\\/produktai\\\/sportas\\\/elektrolitu-milteliai-mango-skonio-120-g\\\/#primaryimage\"},\"thumbnailUrl\":\"https:\\\/\\\/puhdasplus.ee\\\/wp-content\\\/uploads\\\/2025\\\/03\\\/100.jpg\",\"datePublished\":\"2024-05-27T08:24:17+00:00\",\"dateModified\":\"2026-04-07T17:03:54+00:00\",\"description\":\"Mango skonio elektrolit\u0173 milteliai (120 g) sud\u0117tyje turi b\u016btin\u0173 mineral\u0173 ir maistini\u0173 med\u017eiag\u0173, kurios padeda palaikyti elektrolit\u0173 pusiausvyr\u0105 ir normali\u0105 raumen\u0173 funkcij\u0105.\",\"breadcrumb\":{\"@id\":\"https:\\\/\\\/puhdasplus.ee\\\/lt\\\/produktai\\\/sportas\\\/elektrolitu-milteliai-mango-skonio-120-g\\\/#breadcrumb\"},\"inLanguage\":\"lt-LT\",\"potentialAction\":[{\"@type\":\"ReadAction\",\"target\":[\"https:\\\/\\\/puhdasplus.ee\\\/lt\\\/produktai\\\/sportas\\\/elektrolitu-milteliai-mango-skonio-120-g\\\/\"]}]},{\"@type\":\"ImageObject\",\"inLanguage\":\"lt-LT\",\"@id\":\"https:\\\/\\\/puhdasplus.ee\\\/lt\\\/produktai\\\/sportas\\\/elektrolitu-milteliai-mango-skonio-120-g\\\/#primaryimage\",\"url\":\"https:\\\/\\\/puhdasplus.ee\\\/wp-content\\\/uploads\\\/2025\\\/03\\\/100.jpg\",\"contentUrl\":\"https:\\\/\\\/puhdasplus.ee\\\/wp-content\\\/uploads\\\/2025\\\/03\\\/100.jpg\",\"width\":1862,\"height\":2560,\"caption\":\"Elektrolit\u0173 milteliai, mango skonio\"},{\"@type\":\"BreadcrumbList\",\"@id\":\"https:\\\/\\\/puhdasplus.ee\\\/lt\\\/produktai\\\/sportas\\\/elektrolitu-milteliai-mango-skonio-120-g\\\/#breadcrumb\",\"itemListElement\":[{\"@type\":\"ListItem\",\"position\":1,\"name\":\"Prad\u017eia\",\"item\":\"https:\\\/\\\/puhdasplus.ee\\\/lt\\\/\"},{\"@type\":\"ListItem\",\"position\":2,\"name\":\"Produktai\",\"item\":\"https:\\\/\\\/puhdasplus.ee\\\/lt\\\/parduotuve\\\/\"},{\"@type\":\"ListItem\",\"position\":3,\"name\":\"Elektrolit\u0173 milteliai, mango skonio, 120 g\"}]},{\"@type\":\"WebSite\",\"@id\":\"https:\\\/\\\/puhdasplus.ee\\\/lt\\\/#website\",\"url\":\"https:\\\/\\\/puhdasplus.ee\\\/lt\\\/\",\"name\":\"Puhdas+\",\"description\":\"Vitaminai, maisto papildai, nat\u016brali kosmetika, sveikata, sportas\",\"publisher\":{\"@id\":\"https:\\\/\\\/puhdasplus.ee\\\/lt\\\/#organization\"},\"potentialAction\":[{\"@type\":\"SearchAction\",\"target\":{\"@type\":\"EntryPoint\",\"urlTemplate\":\"https:\\\/\\\/puhdasplus.ee\\\/lt\\\/?s={search_term_string}\"},\"query-input\":{\"@type\":\"PropertyValueSpecification\",\"valueRequired\":true,\"valueName\":\"search_term_string\"}}],\"inLanguage\":\"lt-LT\"},{\"@type\":\"Organization\",\"@id\":\"https:\\\/\\\/puhdasplus.ee\\\/lt\\\/#organization\",\"name\":\"Puhdas+\",\"alternateName\":\"Puhdasplus\",\"url\":\"https:\\\/\\\/puhdasplus.ee\\\/lt\\\/\",\"logo\":{\"@type\":\"ImageObject\",\"inLanguage\":\"lt-LT\",\"@id\":\"https:\\\/\\\/puhdasplus.ee\\\/lt\\\/#\\\/schema\\\/logo\\\/image\\\/\",\"url\":\"https:\\\/\\\/puhdasplus.ee\\\/wp-content\\\/uploads\\\/2019\\\/10\\\/puhdas_logo-arvele.png\",\"contentUrl\":\"https:\\\/\\\/puhdasplus.ee\\\/wp-content\\\/uploads\\\/2019\\\/10\\\/puhdas_logo-arvele.png\",\"width\":114,\"height\":94,\"caption\":\"Puhdas+\"},\"image\":{\"@id\":\"https:\\\/\\\/puhdasplus.ee\\\/lt\\\/#\\\/schema\\\/logo\\\/image\\\/\"},\"sameAs\":[\"https:\\\/\\\/www.facebook.com\\\/puhdasplus\",\"https:\\\/\\\/www.instagram.com\\\/puhdasplus_ee\\\/\"]}]}<\/script>\n<!-- \/ Yoast SEO plugin. -->","yoast_head_json":{"title":"Elektrolit\u0173 milteliai, mango skonio, 120 g | Puhdas+","description":"Mango skonio elektrolit\u0173 milteliai (120 g) sud\u0117tyje turi b\u016btin\u0173 mineral\u0173 ir maistini\u0173 med\u017eiag\u0173, kurios padeda palaikyti elektrolit\u0173 pusiausvyr\u0105 ir normali\u0105 raumen\u0173 funkcij\u0105.","robots":{"index":"index","follow":"follow","max-snippet":"max-snippet:-1","max-image-preview":"max-image-preview:large","max-video-preview":"max-video-preview:-1"},"canonical":"https:\/\/puhdasplus.ee\/lt\/produktai\/sportas\/elektrolitu-milteliai-mango-skonio-120-g\/","og_locale":"lt_LT","og_type":"article","og_title":"Elektrolit\u0173 milteliai, mango skonio, 120 g | Puhdas+","og_description":"Mango skonio elektrolit\u0173 milteliai (120 g) sud\u0117tyje turi b\u016btin\u0173 mineral\u0173 ir maistini\u0173 med\u017eiag\u0173, kurios padeda palaikyti elektrolit\u0173 pusiausvyr\u0105 ir normali\u0105 raumen\u0173 funkcij\u0105.","og_url":"https:\/\/puhdasplus.ee\/lt\/produktai\/sportas\/elektrolitu-milteliai-mango-skonio-120-g\/","og_site_name":"Puhdas+","article_publisher":"https:\/\/www.facebook.com\/puhdasplus","article_modified_time":"2026-04-07T17:03:54+00:00","og_image":[{"width":1862,"height":2560,"url":"https:\/\/puhdasplus.ee\/wp-content\/uploads\/2025\/03\/100.jpg","type":"image\/jpeg"}],"twitter_card":"summary_large_image","twitter_misc":{"Est. reading time":"1 minut\u0117"},"schema":{"@context":"https:\/\/schema.org","@graph":[{"@type":"WebPage","@id":"https:\/\/puhdasplus.ee\/lt\/produktai\/sportas\/elektrolitu-milteliai-mango-skonio-120-g\/","url":"https:\/\/puhdasplus.ee\/lt\/produktai\/sportas\/elektrolitu-milteliai-mango-skonio-120-g\/","name":"Elektrolit\u0173 milteliai, mango skonio, 120 g | Puhdas+","isPartOf":{"@id":"https:\/\/puhdasplus.ee\/lt\/#website"},"primaryImageOfPage":{"@id":"https:\/\/puhdasplus.ee\/lt\/produktai\/sportas\/elektrolitu-milteliai-mango-skonio-120-g\/#primaryimage"},"image":{"@id":"https:\/\/puhdasplus.ee\/lt\/produktai\/sportas\/elektrolitu-milteliai-mango-skonio-120-g\/#primaryimage"},"thumbnailUrl":"https:\/\/puhdasplus.ee\/wp-content\/uploads\/2025\/03\/100.jpg","datePublished":"2024-05-27T08:24:17+00:00","dateModified":"2026-04-07T17:03:54+00:00","description":"Mango skonio elektrolit\u0173 milteliai (120 g) sud\u0117tyje turi b\u016btin\u0173 mineral\u0173 ir maistini\u0173 med\u017eiag\u0173, kurios padeda palaikyti elektrolit\u0173 pusiausvyr\u0105 ir normali\u0105 raumen\u0173 funkcij\u0105.","breadcrumb":{"@id":"https:\/\/puhdasplus.ee\/lt\/produktai\/sportas\/elektrolitu-milteliai-mango-skonio-120-g\/#breadcrumb"},"inLanguage":"lt-LT","potentialAction":[{"@type":"ReadAction","target":["https:\/\/puhdasplus.ee\/lt\/produktai\/sportas\/elektrolitu-milteliai-mango-skonio-120-g\/"]}]},{"@type":"ImageObject","inLanguage":"lt-LT","@id":"https:\/\/puhdasplus.ee\/lt\/produktai\/sportas\/elektrolitu-milteliai-mango-skonio-120-g\/#primaryimage","url":"https:\/\/puhdasplus.ee\/wp-content\/uploads\/2025\/03\/100.jpg","contentUrl":"https:\/\/puhdasplus.ee\/wp-content\/uploads\/2025\/03\/100.jpg","width":1862,"height":2560,"caption":"Elektrolit\u0173 milteliai, mango skonio"},{"@type":"BreadcrumbList","@id":"https:\/\/puhdasplus.ee\/lt\/produktai\/sportas\/elektrolitu-milteliai-mango-skonio-120-g\/#breadcrumb","itemListElement":[{"@type":"ListItem","position":1,"name":"Prad\u017eia","item":"https:\/\/puhdasplus.ee\/lt\/"},{"@type":"ListItem","position":2,"name":"Produktai","item":"https:\/\/puhdasplus.ee\/lt\/parduotuve\/"},{"@type":"ListItem","position":3,"name":"Elektrolit\u0173 milteliai, mango skonio, 120 g"}]},{"@type":"WebSite","@id":"https:\/\/puhdasplus.ee\/lt\/#website","url":"https:\/\/puhdasplus.ee\/lt\/","name":"Puhdas+","description":"Vitaminai, maisto papildai, nat\u016brali kosmetika, sveikata, sportas","publisher":{"@id":"https:\/\/puhdasplus.ee\/lt\/#organization"},"potentialAction":[{"@type":"SearchAction","target":{"@type":"EntryPoint","urlTemplate":"https:\/\/puhdasplus.ee\/lt\/?s={search_term_string}"},"query-input":{"@type":"PropertyValueSpecification","valueRequired":true,"valueName":"search_term_string"}}],"inLanguage":"lt-LT"},{"@type":"Organization","@id":"https:\/\/puhdasplus.ee\/lt\/#organization","name":"Puhdas+","alternateName":"Puhdasplus","url":"https:\/\/puhdasplus.ee\/lt\/","logo":{"@type":"ImageObject","inLanguage":"lt-LT","@id":"https:\/\/puhdasplus.ee\/lt\/#\/schema\/logo\/image\/","url":"https:\/\/puhdasplus.ee\/wp-content\/uploads\/2019\/10\/puhdas_logo-arvele.png","contentUrl":"https:\/\/puhdasplus.ee\/wp-content\/uploads\/2019\/10\/puhdas_logo-arvele.png","width":114,"height":94,"caption":"Puhdas+"},"image":{"@id":"https:\/\/puhdasplus.ee\/lt\/#\/schema\/logo\/image\/"},"sameAs":["https:\/\/www.facebook.com\/puhdasplus","https:\/\/www.instagram.com\/puhdasplus_ee\/"]}]}},"_yoast_wpseo_title":"Elektrolit\u0173 milteliai, mango skonio, 120 g | Puhdas+","_yoast_wpseo_metadesc":"Mango skonio elektrolit\u0173 milteliai (120 g) sud\u0117tyje turi b\u016btin\u0173 mineral\u0173 ir maistini\u0173 med\u017eiag\u0173, kurios padeda palaikyti elektrolit\u0173 pusiausvyr\u0105 ir normali\u0105 raumen\u0173 funkcij\u0105.","_yoast_wpseo_focuskw":"elektrolitai","_links":{"self":[{"href":"https:\/\/puhdasplus.ee\/lt\/wp-json\/wp\/v2\/product\/33263","targetHints":{"allow":["GET"]}}],"collection":[{"href":"https:\/\/puhdasplus.ee\/lt\/wp-json\/wp\/v2\/product"}],"about":[{"href":"https:\/\/puhdasplus.ee\/lt\/wp-json\/wp\/v2\/types\/product"}],"replies":[{"embeddable":true,"href":"https:\/\/puhdasplus.ee\/lt\/wp-json\/wp\/v2\/comments?post=33263"}],"wp:featuredmedia":[{"embeddable":true,"href":"https:\/\/puhdasplus.ee\/lt\/wp-json\/wp\/v2\/media\/33265"}],"wp:attachment":[{"href":"https:\/\/puhdasplus.ee\/lt\/wp-json\/wp\/v2\/media?parent=33263"}],"wp:term":[{"taxonomy":"product_brand","embeddable":true,"href":"https:\/\/puhdasplus.ee\/lt\/wp-json\/wp\/v2\/product_brand?post=33263"},{"taxonomy":"product_cat","embeddable":true,"href":"https:\/\/puhdasplus.ee\/lt\/wp-json\/wp\/v2\/product_cat?post=33263"},{"taxonomy":"product_tag","embeddable":true,"href":"https:\/\/puhdasplus.ee\/lt\/wp-json\/wp\/v2\/product_tag?post=33263"}],"curies":[{"name":"wp","href":"https:\/\/api.w.org\/{rel}","templated":true}]}}